{"id":19782,"date":"2023-06-26T12:28:33","date_gmt":"2023-06-26T10:28:33","guid":{"rendered":"https:\/\/cuevadenerja.es\/?page_id=19782"},"modified":"2024-03-20T12:35:54","modified_gmt":"2024-03-20T11:35:54","slug":"polis-for-kakor","status":"publish","type":"page","link":"https:\/\/cuevadenerja.es\/sv\/polis-for-kakor\/","title":{"rendered":"Polis f\u00f6r kakor"},"content":{"rendered":"\t\t<div data-elementor-type=\"wp-page\" data-elementor-id=\"19782\" class=\"elementor elementor-19782 elementor-96\" data-elementor-post-type=\"page\">\n\t\t\t\t<div class=\"elementor-element elementor-element-e2c08b4 e-flex e-con-boxed e-con e-parent\" data-id=\"e2c08b4\" data-element_type=\"container\" data-e-type=\"container\" data-settings=\"{&quot;background_background&quot;:&quot;classic&quot;}\">\n\t\t\t\t\t<div class=\"e-con-inner\">\n\t\t\t\t<div class=\"elementor-element elementor-element-d4e1c7f elementor-widget elementor-widget-text-editor\" data-id=\"d4e1c7f\" data-element_type=\"widget\" data-e-type=\"widget\" data-widget_type=\"text-editor.default\">\n\t\t\t\t<div class=\"elementor-widget-container\">\n\t\t\t\t\t\t\t\t\t<p>Din <strong>onlinebiljett<\/strong> till b\u00e4sta pris och undvik k\u00f6er<\/p>\t\t\t\t\t\t\t\t<\/div>\n\t\t\t\t<\/div>\n\t\t\t\t<div class=\"elementor-element elementor-element-860d8d6 elementor-widget elementor-widget-button\" data-id=\"860d8d6\" data-element_type=\"widget\" data-e-type=\"widget\" data-widget_type=\"button.default\">\n\t\t\t\t<div class=\"elementor-widget-container\">\n\t\t\t\t\t\t\t\t\t<div class=\"elementor-button-wrapper\">\n\t\t\t\t\t<a class=\"elementor-button elementor-button-link elementor-size-sm\" href=\"https:\/\/entradas.cuevadenerja.es\/\" target=\"_blank\">\n\t\t\t\t\t\t<span class=\"elementor-button-content-wrapper\">\n\t\t\t\t\t\t<span class=\"elementor-button-icon\">\n\t\t\t\t<svg aria-hidden=\"true\" class=\"e-font-icon-svg e-fas-ticket-alt\" viewBox=\"0 0 576 512\" xmlns=\"http:\/\/www.w3.org\/2000\/svg\"><path d=\"M128 160h320v192H128V160zm400 96c0 26.51 21.49 48 48 48v96c0 26.51-21.49 48-48 48H48c-26.51 0-48-21.49-48-48v-96c26.51 0 48-21.49 48-48s-21.49-48-48-48v-96c0-26.51 21.49-48 48-48h480c26.51 0 48 21.49 48 48v96c-26.51 0-48 21.49-48 48zm-48-104c0-13.255-10.745-24-24-24H120c-13.255 0-24 10.745-24 24v208c0 13.255 10.745 24 24 24h336c13.255 0 24-10.745 24-24V152z\"><\/path><\/svg>\t\t\t<\/span>\n\t\t\t\t\t\t\t\t\t<span class=\"elementor-button-text\">K\u00f6p biljetter<\/span>\n\t\t\t\t\t<\/span>\n\t\t\t\t\t<\/a>\n\t\t\t\t<\/div>\n\t\t\t\t\t\t\t\t<\/div>\n\t\t\t\t<\/div>\n\t\t\t\t\t<\/div>\n\t\t\t\t<\/div>\n\t\t<div data-dce-background-overlay-image-url=\"https:\/\/cuevadenerja.es\/wp-content\/uploads\/2023\/07\/Aviso-legal.jpg\" class=\"elementor-element elementor-element-f3083b7 e-flex e-con-boxed e-con e-parent\" data-id=\"f3083b7\" data-element_type=\"container\" data-e-type=\"container\" data-settings=\"{&quot;background_background&quot;:&quot;classic&quot;}\">\n\t\t\t\t\t<div class=\"e-con-inner\">\n\t\t<div class=\"elementor-element elementor-element-ae44317 e-con-full e-flex e-con e-child\" data-id=\"ae44317\" data-element_type=\"container\" data-e-type=\"container\">\n\t\t\t\t<div class=\"elementor-element elementor-element-a86d07e elementor-widget elementor-widget-text-editor\" data-id=\"a86d07e\" data-element_type=\"widget\" data-e-type=\"widget\" data-widget_type=\"text-editor.default\">\n\t\t\t\t<div class=\"elementor-widget-container\">\n\t\t\t\t\t\t\t\t\t<div class=\"flex-1 overflow-hidden\"><div class=\"react-scroll-to-bottom--css-tpcxn-79elbk h-full\"><div class=\"react-scroll-to-bottom--css-tpcxn-1n7m0yu\"><div class=\"flex flex-col text-sm pb-9\"><div class=\"w-full text-token-text-primary\" data-testid=\"conversation-turn-9\"><div class=\"px-4 py-2 justify-center text-base md:gap-6 m-auto\"><div class=\"flex flex-1 text-base mx-auto gap-3 md:px-5 lg:px-1 xl:px-5 md:max-w-3xl lg:max-w-[40rem] xl:max-w-[48rem] group final-completion\"><div class=\"relative flex w-full flex-col agent-turn\"><div class=\"flex-col gap-1 md:gap-3\"><div class=\"flex flex-grow flex-col max-w-full\"><div class=\"min-h-[20px] text-message flex flex-col items-start gap-3 whitespace-pre-wrap break-words [.text-message+&amp;]:mt-5 overflow-x-auto\" data-message-author-role=\"assistant\" data-message-id=\"41600a26-5943-45b1-9379-c7b57eb6733d\"><div class=\"markdown prose w-full break-words dark:prose-invert light\"><p>Polis f\u00f6r kakor<\/p><\/div><\/div><\/div><\/div><\/div><\/div><\/div><\/div><\/div><\/div><\/div><\/div>\t\t\t\t\t\t\t\t<\/div>\n\t\t\t\t<\/div>\n\t\t\t\t<div class=\"elementor-element elementor-element-c1645f8 elementor-widget elementor-widget-heading\" data-id=\"c1645f8\" data-element_type=\"widget\" data-e-type=\"widget\" data-widget_type=\"heading.default\">\n\t\t\t\t<div class=\"elementor-widget-container\">\n\t\t\t\t\t<h1 class=\"elementor-heading-title elementor-size-default\">Cookiepolicy<\/h1>\t\t\t\t<\/div>\n\t\t\t\t<\/div>\n\t\t\t\t<div class=\"elementor-element elementor-element-5a5b1a6 elementor-widget elementor-widget-text-editor\" data-id=\"5a5b1a6\" data-element_type=\"widget\" data-e-type=\"widget\" data-widget_type=\"text-editor.default\">\n\t\t\t\t<div class=\"elementor-widget-container\">\n\t\t\t\t\t\t\t\t\t<div class=\"flex-1 overflow-hidden\"><div class=\"react-scroll-to-bottom--css-tpcxn-79elbk h-full\"><div class=\"react-scroll-to-bottom--css-tpcxn-1n7m0yu\"><div class=\"flex flex-col text-sm pb-9\"><div class=\"w-full text-token-text-primary\" data-testid=\"conversation-turn-11\"><div class=\"px-4 py-2 justify-center text-base md:gap-6 m-auto\"><div class=\"flex flex-1 text-base mx-auto gap-3 md:px-5 lg:px-1 xl:px-5 md:max-w-3xl lg:max-w-[40rem] xl:max-w-[48rem] group final-completion\"><div class=\"relative flex w-full flex-col agent-turn\"><div class=\"flex-col gap-1 md:gap-3\"><div class=\"flex flex-grow flex-col max-w-full\"><div class=\"min-h-[20px] text-message flex flex-col items-start gap-3 whitespace-pre-wrap break-words [.text-message+&amp;]:mt-5 overflow-x-auto\" data-message-author-role=\"assistant\" data-message-id=\"44742c56-3ac4-469c-935c-8b6023beb7d0\"><div class=\"markdown prose w-full break-words dark:prose-invert light\"><p>P\u00e5 Cueva de Nerja \u00e4r din integritet och f\u00f6rtroende av yttersta vikt. V\u00e5r juridiska information s\u00e4kerst\u00e4ller skyddet av dina personuppgifter och ansvarsfull anv\u00e4ndning av den information du tillhandah\u00e5ller oss. Vi \u00e4r \u00f6ppna n\u00e4r det g\u00e4ller juridiska aspekter och finns tillg\u00e4ngliga f\u00f6r att svara p\u00e5 eventuella fr\u00e5gor du kan ha.<\/p><\/div><\/div><\/div><\/div><\/div><\/div><\/div><\/div><\/div><\/div><\/div><\/div>\t\t\t\t\t\t\t\t<\/div>\n\t\t\t\t<\/div>\n\t\t\t\t<\/div>\n\t\t\t\t\t<\/div>\n\t\t\t\t<\/div>\n\t\t<div class=\"elementor-element elementor-element-d7eeafd e-flex e-con-boxed e-con e-parent\" data-id=\"d7eeafd\" data-element_type=\"container\" data-e-type=\"container\" data-settings=\"{&quot;background_background&quot;:&quot;classic&quot;}\">\n\t\t\t\t\t<div class=\"e-con-inner\">\n\t\t<div class=\"elementor-element elementor-element-797faf9 e-con-full e-flex e-con e-child\" data-id=\"797faf9\" data-element_type=\"container\" data-e-type=\"container\">\n\t\t\t\t<div class=\"elementor-element elementor-element-493b15c elementor-widget elementor-widget-text-editor\" data-id=\"493b15c\" data-element_type=\"widget\" data-e-type=\"widget\" data-widget_type=\"text-editor.default\">\n\t\t\t\t<div class=\"elementor-widget-container\">\n\t\t\t\t\t\t\t\t\tDenna webbplats \u00e4gs av <strong>FUNDACI\u00d3N P\u00daBLICA DE SERVICIOS CUEVA DE NERJA<\/strong> samlar inte in eller \u00f6verf\u00f6r data till tredje part utan ditt tidigare samtycke. Cookies som anv\u00e4nds p\u00e5 webbplatsen m\u00f6jligg\u00f6r f\u00f6r anv\u00e4ndaren att navigera p\u00e5 den och anv\u00e4nda de tj\u00e4nster som finns d\u00e4r.\n\nWebbplatsen kan ha l\u00e4nkar till andra webbplatser som inte \u00e4r relaterade till v\u00e5rt f\u00f6retag, d\u00e4r du fritt kan acceptera eller avvisa Sekretesspolicyn och Cookies p\u00e5 dessa webbsidor. Vanligtvis, om du surfar p\u00e5 internet, kan du acceptera eller avvisa tredjepartscookies i webbl\u00e4sarna. F\u00f6retaget ansvarar inte f\u00f6r inneh\u00e5llet eller sanningshalten i sekretesspolicyn som kan finnas hos de tredje parter som n\u00e4mns i denna cookiepolicy.\n\nNedan finner du mer detaljerad information om vad cookies \u00e4r, vilka typer av cookies denna webbplats anv\u00e4nder, hur du kan inaktivera cookies i din webbl\u00e4sare eller hur du specifikt kan inaktivera installationen av tredjepartscookies och vad som h\u00e4nder om du inaktiverar dem.\n\n<strong>1.- Vad \u00e4r cookies?<\/strong>\n\nCookies \u00e4r sm\u00e5 filer som vissa plattformar, som webbsidor, kan installera p\u00e5 din dator, smartphone, surfplatta eller ansluten TV n\u00e4r du tillg\u00e5r dem.\n\nDeras funktioner kan vara mycket varierade: de kan lagra dina surfpreferenser, samla in statistisk information, till\u00e5ta vissa tekniska funktioner, lagra och \u00e5terh\u00e4mta information om en anv\u00e4ndares surfvanor eller preferenser fr\u00e5n en anv\u00e4ndare eller dess utrustning till den grad att, beroende p\u00e5 informationen de inneh\u00e5ller och hur utrustningen anv\u00e4nds, de kan anv\u00e4ndas f\u00f6r att k\u00e4nna igen anv\u00e4ndaren. En cookie lagras p\u00e5 en dator f\u00f6r att anpassa och g\u00f6ra navigeringen s\u00e5 smidig som m\u00f6jligt f\u00f6r anv\u00e4ndaren. Cookies associeras endast med en anv\u00e4ndare och dennes dator och tillhandah\u00e5ller inte referenser som till\u00e5ter att personliga data fr\u00e5n anv\u00e4ndaren kan h\u00e4rledas. Anv\u00e4ndaren kan konfigurera sin webbl\u00e4sare f\u00f6r att notifiera eller avvisa installationen av cookies som skickas av webbplatsen.\n\n<strong>2.- Varf\u00f6r \u00e4r de viktiga?<\/strong>\n\nCookies \u00e4r anv\u00e4ndbara av flera sk\u00e4l. Fr\u00e5n ett tekniskt perspektiv till\u00e5ter de att webbsidor fungerar smidigare och anpassas till anv\u00e4ndarens preferenser, som till exempel att lagra spr\u00e5ket eller valutan i deras land. Dessutom hj\u00e4lper de de ansvariga f\u00f6r webbplatser att f\u00f6rb\u00e4ttra de tj\u00e4nster de erbjuder, tack vare den statistiska informationen som samlas in genom dem. Slutligen g\u00f6r de reklam vi visar effektivare.\n\n<strong>3.- Vilka typer av Cookies finns det?<\/strong>\n\nBeroende p\u00e5 hur l\u00e4nge cookies \u00e4r aktiva kan de vara:\n\n<strong>.- Sessionscookies<\/strong>: Designade f\u00f6r att samla in och lagra data medan anv\u00e4ndaren tillg\u00e5r en webbplats. De anv\u00e4nds vanligtvis f\u00f6r att lagra information som endast \u00e4r intressant f\u00f6r att tillhandah\u00e5lla tj\u00e4nsten som anv\u00e4ndaren beg\u00e4r vid ett enda tillf\u00e4lle (till exempel en lista \u00f6ver k\u00f6pta produkter).\n\n<strong>.- Best\u00e5ende cookies<\/strong>: Det \u00e4r en typ av cookies d\u00e4r datan fortfarande lagras i terminalen och kan n\u00e5s och behandlas under en period som definieras av cookieansvarig. De har ett utg\u00e5ngsdatum. De anv\u00e4nds till exempel i k\u00f6p- eller registreringsprocesser f\u00f6r att undvika att beh\u00f6va mata in v\u00e5ra data st\u00e4ndigt.\n\nBeroende p\u00e5 vilken enhet som hanterar utrustningen eller dom\u00e4nen fr\u00e5n vilken cookies skickas och behandlar de data som erh\u00e5lls, kan vi skilja p\u00e5:\n\n<strong>.- Egna cookies:<\/strong> De som skickas till anv\u00e4ndarens enhet och hanteras uteslutande av oss f\u00f6r den b\u00e4sta funktionen p\u00e5 webbplatsen. De \u00e4r cookies som genereras av den webbplats du bes\u00f6ker.\n\n<strong>.- Tredjepartscookies:<\/strong> De som skickas till anv\u00e4ndarens enhet fr\u00e5n en utrustning eller dom\u00e4n som inte hanteras av oss utan av en annan enhet som behandlar de data som erh\u00e5llits. De genereras av externa tj\u00e4nster eller leverant\u00f6rer som Facebook, Google, etc.\n\nBeroende p\u00e5 syftet kan de vara:\n\n.- <strong>Tekniska cookies<\/strong>: De som m\u00f6jligg\u00f6r f\u00f6r anv\u00e4ndaren att navigera genom en webbplats, plattform eller applikation och anv\u00e4ndningen av de olika alternativ eller tj\u00e4nster som finns d\u00e4r, inklusive de som utgivaren anv\u00e4nder f\u00f6r att till\u00e5ta hanteringen och driften av webbplatsen och aktivera dess funktioner och tj\u00e4nster. Ocks\u00e5, p\u00e5 grund av deras tekniska karakt\u00e4r, ing\u00e5r cookies som m\u00f6jligg\u00f6r effektivare hantering av reklamutrymmen som, som en ytterligare design- eller &#8221;layout&#8221;-service erbjuden till anv\u00e4ndaren, utgivaren har inkluderat p\u00e5 en webbplats, applikation eller plattform baserat p\u00e5 kriterier som redigerat inneh\u00e5ll, utan att samla in information fr\u00e5n anv\u00e4ndare f\u00f6r olika syften, s\u00e5som att anpassa det reklaminneh\u00e5llet eller annat inneh\u00e5ll.\n\n.- <strong>Preferens- eller anpassningscookies<\/strong>: de som till\u00e5ter att informationen kommer ih\u00e5g s\u00e5 att anv\u00e4ndaren kan komma \u00e5t tj\u00e4nsten med vissa funktioner som kan skilja deras upplevelse fr\u00e5n andra anv\u00e4ndares, s\u00e5som spr\u00e5k, antalet resultat att visa n\u00e4r anv\u00e4ndaren utf\u00f6r en s\u00f6kning, utseendet eller inneh\u00e5llet i tj\u00e4nsten beroende p\u00e5 vilken typ av webbl\u00e4sare genom vilken anv\u00e4ndaren kommer \u00e5t tj\u00e4nsten eller fr\u00e5n vilken region anv\u00e4ndaren kommer \u00e5t tj\u00e4nsten, etc.\n\n.- <strong>Analytiska eller m\u00e4tningscookies<\/strong>: de som l\u00e5ter den ansvariga f\u00f6r dem f\u00f6lja och analysera beteendet hos anv\u00e4ndarna p\u00e5 de webbplatser som de \u00e4r kopplade till, inklusive kvantifieringen av annonsernas inverkan. Informationen som samlas in genom s\u00e5dana cookies anv\u00e4nds i m\u00e4tningen av aktiviteten p\u00e5 webbplatserna, applikationen eller plattformen, f\u00f6r att inf\u00f6ra f\u00f6rb\u00e4ttringar baserat p\u00e5 analysen av anv\u00e4ndardata f\u00f6r tj\u00e4nsten.\n\n.- <strong>Beteendem\u00e4ssiga reklamcookies<\/strong>: de som lagrar information om anv\u00e4ndarnas beteenden som erh\u00e5llits genom kontinuerlig observation av deras surfvanor, vilket m\u00f6jligg\u00f6r utvecklingen av en specifik profil f\u00f6r att visa reklam baserad p\u00e5 den.\n\n<strong>4.- Vilka typer av cookies anv\u00e4nder vi?<\/strong>\n\nVi informerar dig om cookies som anv\u00e4nds p\u00e5 denna webbplats:\n\n<table>\n<tbody>\n<tr>\n<td width=\"121\"><strong>Namn<\/strong><\/td>\n<td width=\"85\"><strong>Typ<\/strong><\/td>\n<td width=\"76\"><strong>\u00c4gande<\/strong><\/td>\n<td width=\"76\"><strong>Varaktighet<\/strong><\/td>\n<td width=\"198\"><strong>Syfte<\/strong><\/td>\n<td width=\"170\"><strong>Mer information<\/strong><\/td>\n<\/tr>\n<tr>\n<td width=\"121\"><strong>_ga<\/strong><\/td>\n<td width=\"85\">Analytisk<\/td>\n<td width=\"76\">Google Analytics<\/td>\n<td width=\"76\">2 \u00e5r<\/td>\n<td width=\"198\">M\u00f6jligg\u00f6r kontrollfunktionen f\u00f6r unika bes\u00f6k. F\u00f6rsta g\u00e5ngen en anv\u00e4ndare g\u00e5r in p\u00e5 webbplatsen via en webbl\u00e4sare kommer denna cookie att installeras. N\u00e4r denna anv\u00e4ndare \u00e5terigen bes\u00f6ker webbplatsen med samma webbl\u00e4sare kommer cookien att anse att det \u00e4r samma anv\u00e4ndare. Endast i h\u00e4ndelse av att anv\u00e4ndaren byter webbl\u00e4sare, kommer han eller hon att anses vara en annan anv\u00e4ndare<\/td>\n<td width=\"170\"><a href=\"https:\/\/support.google.com\/analytics\/answer\/181881?hl=sv\" target=\"_blank\" rel=\"noopener\">https:\/\/support.google.com\/analytics\/answer\/181881?hl=sv<\/a><\/td>\n<\/tr>\n<tr>\n<td width=\"121\"><strong>_gat_gtag_UA_135747112_1<\/strong><\/td>\n<td width=\"85\">Analytisk<\/td>\n<td width=\"76\">Google Analytics<\/td>\n<td width=\"76\">10 minuter<\/td>\n<td width=\"198\">Anv\u00e4nds f\u00f6r att begr\u00e4nsa beg\u00e4ranhastigheten, begr\u00e4nsningen av datainsamling p\u00e5 h\u00f6gtrafikwebbplatser<\/td>\n<td width=\"170\"><a href=\"https:\/\/support.google.com\/analytics\/answer\/181881?hl=sv\" target=\"_blank\" rel=\"noopener\">https:\/\/support.google.com\/analytics\/answer\/181881?hl=sv<\/a><\/td>\n<\/tr>\n<tr>\n<td width=\"121\"><strong>_gd1603703140584<\/strong><\/td>\n<td width=\"85\">Analytisk<\/td>\n<td width=\"76\">Google Analytics<\/td>\n<td width=\"76\">1 dag<\/td>\n<td width=\"198\">Analytiska cookies<\/td>\n<td width=\"170\"><a href=\"https:\/\/support.google.com\/analytics\/answer\/181881?hl=sv\" target=\"_blank\" rel=\"noopener\">https:\/\/support.google.com\/analytics\/answer\/181881?hl=sv<\/a><\/td>\n<\/tr>\n<tr>\n<td width=\"121\"><strong>_gd1603703140586<\/strong><\/td>\n<td width=\"85\">Analytisk<\/td>\n<td width=\"76\">Google Analytics<\/td>\n<td width=\"76\">1 dag<\/td>\n<td width=\"198\">Analytiska cookies<\/td>\n<td width=\"170\"><a href=\"https:\/\/support.google.com\/analytics\/answer\/181881?hl=sv\" target=\"_blank\" rel=\"noopener\">https:\/\/support.google.com\/analytics\/answer\/181881?hl=sv<\/a><\/td>\n<\/tr>\n<tr>\n<td width=\"121\"><strong>_gat<\/strong><\/td>\n<td width=\"85\">Analytisk<\/td>\n<td width=\"76\">Google Analytics<\/td>\n<td width=\"76\">10 minuter<\/td>\n<td width=\"198\">Anv\u00e4nds f\u00f6r att begr\u00e4nsa beg\u00e4ranhastigheten, begr\u00e4nsningen av datainsamling p\u00e5 h\u00f6gtrafikwebbplatser<\/td>\n<td width=\"170\"><a href=\"https:\/\/support.google.com\/analytics\/answer\/181881?hl=sv\" target=\"_blank\" rel=\"noopener\">https:\/\/support.google.com\/analytics\/answer\/181881?hl=sv<\/a><\/td>\n<\/tr>\n<tr>\n<td width=\"121\"><strong>_gid<\/strong><\/td>\n<td width=\"85\">Analytisk<\/td>\n<td width=\"76\">Google Analytics<\/td>\n<td width=\"76\">24 timmar<\/td>\n<td width=\"198\">Anv\u00e4nds f\u00f6r att s\u00e4rskilja anv\u00e4ndare<\/td>\n<td width=\"170\"><a href=\"https:\/\/support.google.com\/analytics\/answer\/181881?hl=sv\" target=\"_blank\" rel=\"noopener\">https:\/\/support.google.com\/analytics\/answer\/181881?hl=sv<\/a><\/td>\n<\/tr>\n<tr>\n<td width=\"121\"><strong>_gcl_au<\/strong><\/td>\n<td width=\"85\">Anal\u00edtica<\/td>\n\n<td width=\"76\">Google Analytics<\/td>\n<td width=\"76\">3 meses<\/td>\n<td width=\"198\">Google Analytics configura esta cookie para recopilar informaci\u00f3n sobre clics en anuncios y almacenarla en una cookie de origen para que las conversiones puedan atribuirse fuera de la p\u00e1gina de destino<\/td>\n<td width=\"170\"><a href=\"https:\/\/support.google.com\/analytics\/answer\/181881?hl=sv\" target=\"_blank\" rel=\"noopener\">https:\/\/support.google.com\/analytics\/answer\/181881?hl=sv<\/a><\/td>\n<\/tr>\n<tr>\n<td width=\"121\"><strong>_gali<\/strong><\/td>\n<td width=\"85\">Anal\u00edtica<\/td>\n<td width=\"76\">Google Analytics<\/td>\n<td width=\"76\">1 dag<\/td>\n<td width=\"198\">Anv\u00e4nds av Google Analytics f\u00f6r att registrera vilka element p\u00e5 f\u00f6reg\u00e5ende sida anv\u00e4ndaren interagerade med f\u00f6r att n\u00e5 den aktuella sidan<\/td>\n<td width=\"170\"><a href=\"https:\/\/support.google.com\/analytics\/answer\/181881?hl=sv\" target=\"_blank\" rel=\"noopener\">https:\/\/support.google.com\/analytics\/answer\/181881?hl=sv<\/a><\/td>\n<\/tr>\n<\/tbody>\n<\/table>\n<table style=\"height: 339px;\" width=\"1177\">\n<tbody>\n<tr>\n<td width=\"121\"><strong>cookie_notice_accepted<\/strong><\/td>\n<td width=\"85\">Teknisk<\/td>\n<td width=\"76\">Egen<\/td>\n<td width=\"76\">1 m\u00e5nad<\/td>\n<td width=\"198\">Cookieinst\u00e4llningar<\/td>\n<td width=\"170\">Cookiepolicy<\/td>\n<\/tr>\n<tr>\n<td width=\"121\"><strong>_fbp<\/strong><\/td>\n<td width=\"85\">Reklam<\/td>\n<td width=\"76\">Facebook<\/td>\n<td width=\"76\">3 m\u00e5nader<\/td>\n<td width=\"198\">Den h\u00e4r cookien hj\u00e4lper till att leverera v\u00e5r reklam till personer som redan har bes\u00f6kt v\u00e5r webbplats n\u00e4r de \u00e4r p\u00e5 Facebook eller p\u00e5 en digital plattform som drivs av Facebook Advertising.<\/td>\n<td width=\"170\">https:\/\/www.facebook.com\/policies\/cookies\/<\/td>\n<\/tr>\n<\/tbody>\n<\/table>\n<strong>5.- Datatransfer till tredje land.<\/strong>\nDu kan informera dig om eventuella datatransfer till tredje land som utf\u00f6rs av de tredje parter som identifieras i denna cookiepolicy i deras motsvarande policyer. Se de l\u00e4nkar som tillhandah\u00e5lls i avsnittet &#8221;Mer information&#8221; i ovanst\u00e5ende tabell.\n\n<strong>6.- Hur kan jag st\u00e4lla in mina preferenser?<\/strong>\n\nDu kan till\u00e5ta, blockera eller radera cookies som har installerats p\u00e5 din enhet genom att konfigurera alternativen i din internetwebbl\u00e4sare.\n\nNedan erbjuder vi l\u00e4nkar d\u00e4r du hittar information om hur du kan aktivera dina inst\u00e4llningar i de fr\u00e4msta webbl\u00e4sarna:\n\n<strong>Explorer,<\/strong> <a href=\"https:\/\/support.microsoft.com\/sv-se\/help\/17442\/windows-internet-explorer-delete-manage-cookies\" target=\"_blank\" rel=\"noopener\">https:\/\/support.microsoft.com\/sv-se\/help\/17442\/windows-internet-explorer-delete-manage-cookies<\/a>\n\n<strong>Chrome,<\/strong> <a href=\"https:\/\/support.google.com\/chrome\/answer\/95647?hl=sv\" target=\"_blank\" rel=\"noopener\">https:\/\/support.google.com\/chrome\/answer\/95647?hl=sv<\/a>\n\n<strong>Safari,<\/strong> <a href=\"https:\/\/support.apple.com\/sv-se\/guide\/safari\/sfri11471\/mac\" target=\"_blank\" rel=\"noopener\">https:\/\/support.apple.com\/sv-se\/guide\/safari\/sfri11471\/mac<\/a>\n\n<strong>Firefox,<\/strong> <a href=\"https:\/\/support.mozilla.org\/sv\/kb\/aktivera-och-inaktivera-kakor-webbplatsers-inst\" target=\"_blank\" rel=\"noopener\">https:\/\/support.mozilla.org\/sv\/kb\/aktivera-och-inaktivera-kakor-webbplatsers-inst<\/a>\n\n<strong>Opera,<\/strong> <a href=\"https:\/\/help.opera.com\/en\/latest\/web-preferences\/#cookies\" target=\"_blank\" rel=\"noopener\">https:\/\/help.opera.com\/en\/latest\/web-preferences\/#cookies<\/a>\n\n<strong>7.- Ut\u00f6va dina r\u00e4ttigheter.<\/strong>\n\nDu kan konsultera i sekretesspolicyn som finns p\u00e5 denna webbplats vilka r\u00e4ttigheter du har och hur du kan ut\u00f6va dem.\t\t\t\t\t\t\t\t<\/div>\n\t\t\t\t<\/div>\n\t\t\t\t<\/div>\n\t\t\t\t\t<\/div>\n\t\t\t\t<\/div>\n\t\t\t\t<\/div>\n\t\t","protected":false},"excerpt":{"rendered":"<p>Din onlinebiljett till b\u00e4sta pris och undvik k\u00f6er K\u00f6p biljetter Polis f\u00f6r kakor Cookiepolicy P\u00e5 Cueva de Nerja \u00e4r din integritet och f\u00f6rtroende av yttersta vikt. V\u00e5r juridiska information s\u00e4kerst\u00e4ller skyddet av dina personuppgifter och ansvarsfull anv\u00e4ndning av den information du tillhandah\u00e5ller oss. Vi \u00e4r \u00f6ppna n\u00e4r det g\u00e4ller juridiska aspekter och finns tillg\u00e4ngliga f\u00f6r [&hellip;]<\/p>\n","protected":false},"author":1,"featured_media":0,"parent":0,"menu_order":0,"comment_status":"closed","ping_status":"closed","template":"","meta":{"inline_featured_image":false,"site-sidebar-layout":"no-sidebar","site-content-layout":"page-builder","ast-site-content-layout":"full-width-container","site-content-style":"unboxed","site-sidebar-style":"unboxed","ast-global-header-display":"","ast-banner-title-visibility":"","ast-main-header-display":"","ast-hfb-above-header-display":"","ast-hfb-below-header-display":"","ast-hfb-mobile-header-display":"","site-post-title":"disabled","ast-breadcrumbs-content":"","ast-featured-img":"disabled","footer-sml-layout":"","ast-disable-related-posts":"","theme-transparent-header-meta":"default","adv-header-id-meta":"","stick-header-meta":"default","header-above-stick-meta":"","header-main-stick-meta":"","header-below-stick-meta":"","astra-migrate-meta-layouts":"set","ast-page-background-enabled":"default","ast-page-background-meta":{"desktop":{"background-color":"var(--ast-global-color-4)","background-image":"","background-repeat":"repeat","background-position":"center center","background-size":"auto","background-attachment":"scroll","background-type":"","background-media":"","overlay-type":"","overlay-color":"","overlay-opacity":"","overlay-gradient":""},"tablet":{"background-color":"","background-image":"","background-repeat":"repeat","background-position":"center center","background-size":"auto","background-attachment":"scroll","background-type":"","background-media":"","overlay-type":"","overlay-color":"","overlay-opacity":"","overlay-gradient":""},"mobile":{"background-color":"","background-image":"","background-repeat":"repeat","background-position":"center center","background-size":"auto","background-attachment":"scroll","background-type":"","background-media":"","overlay-type":"","overlay-color":"","overlay-opacity":"","overlay-gradient":""}},"ast-content-background-meta":{"desktop":{"background-color":"var(--ast-global-color-5)","background-image":"","background-repeat":"repeat","background-position":"center center","background-size":"auto","background-attachment":"scroll","background-type":"","background-media":"","overlay-type":"","overlay-color":"","overlay-opacity":"","overlay-gradient":""},"tablet":{"background-color":"var(--ast-global-color-5)","background-image":"","background-repeat":"repeat","background-position":"center center","background-size":"auto","background-attachment":"scroll","background-type":"","background-media":"","overlay-type":"","overlay-color":"","overlay-opacity":"","overlay-gradient":""},"mobile":{"background-color":"var(--ast-global-color-5)","background-image":"","background-repeat":"repeat","background-position":"center center","background-size":"auto","background-attachment":"scroll","background-type":"","background-media":"","overlay-type":"","overlay-color":"","overlay-opacity":"","overlay-gradient":""}},"footnotes":""},"class_list":["post-19782","page","type-page","status-publish","hentry"],"_links":{"self":[{"href":"https:\/\/cuevadenerja.es\/sv\/wp-json\/wp\/v2\/pages\/19782","targetHints":{"allow":["GET"]}}],"collection":[{"href":"https:\/\/cuevadenerja.es\/sv\/wp-json\/wp\/v2\/pages"}],"about":[{"href":"https:\/\/cuevadenerja.es\/sv\/wp-json\/wp\/v2\/types\/page"}],"author":[{"embeddable":true,"href":"https:\/\/cuevadenerja.es\/sv\/wp-json\/wp\/v2\/users\/1"}],"replies":[{"embeddable":true,"href":"https:\/\/cuevadenerja.es\/sv\/wp-json\/wp\/v2\/comments?post=19782"}],"version-history":[{"count":0,"href":"https:\/\/cuevadenerja.es\/sv\/wp-json\/wp\/v2\/pages\/19782\/revisions"}],"wp:attachment":[{"href":"https:\/\/cuevadenerja.es\/sv\/wp-json\/wp\/v2\/media?parent=19782"}],"curies":[{"name":"wp","href":"https:\/\/api.w.org\/{rel}","templated":true}]}}