{"id":19764,"date":"2023-06-26T12:27:41","date_gmt":"2023-06-26T10:27:41","guid":{"rendered":"https:\/\/cuevadenerja.es\/?page_id=19764"},"modified":"2024-03-20T12:09:30","modified_gmt":"2024-03-20T11:09:30","slug":"juridiskt-meddelande","status":"publish","type":"page","link":"https:\/\/cuevadenerja.es\/sv\/juridiskt-meddelande\/","title":{"rendered":"Juridiskt meddelande"},"content":{"rendered":"\t\t<div data-elementor-type=\"wp-page\" data-elementor-id=\"19764\" class=\"elementor elementor-19764 elementor-92\" data-elementor-post-type=\"page\">\n\t\t\t\t<div class=\"elementor-element elementor-element-85d7455 e-flex e-con-boxed e-con e-parent\" data-id=\"85d7455\" data-element_type=\"container\" data-e-type=\"container\" data-settings=\"{&quot;background_background&quot;:&quot;classic&quot;}\">\n\t\t\t\t\t<div class=\"e-con-inner\">\n\t\t\t\t<div class=\"elementor-element elementor-element-ff97192 elementor-widget elementor-widget-text-editor\" data-id=\"ff97192\" data-element_type=\"widget\" data-e-type=\"widget\" data-widget_type=\"text-editor.default\">\n\t\t\t\t<div class=\"elementor-widget-container\">\n\t\t\t\t\t\t\t\t\t<p>Din <strong>onlinebiljett<\/strong> till b\u00e4sta pris och undvik k\u00f6er<\/p>\t\t\t\t\t\t\t\t<\/div>\n\t\t\t\t<\/div>\n\t\t\t\t<div class=\"elementor-element elementor-element-b07de79 elementor-widget elementor-widget-button\" data-id=\"b07de79\" data-element_type=\"widget\" data-e-type=\"widget\" data-widget_type=\"button.default\">\n\t\t\t\t<div class=\"elementor-widget-container\">\n\t\t\t\t\t\t\t\t\t<div class=\"elementor-button-wrapper\">\n\t\t\t\t\t<a class=\"elementor-button elementor-button-link elementor-size-sm\" href=\"https:\/\/entradas.cuevadenerja.es\/\" target=\"_blank\">\n\t\t\t\t\t\t<span class=\"elementor-button-content-wrapper\">\n\t\t\t\t\t\t<span class=\"elementor-button-icon\">\n\t\t\t\t<svg aria-hidden=\"true\" class=\"e-font-icon-svg e-fas-ticket-alt\" viewBox=\"0 0 576 512\" xmlns=\"http:\/\/www.w3.org\/2000\/svg\"><path d=\"M128 160h320v192H128V160zm400 96c0 26.51 21.49 48 48 48v96c0 26.51-21.49 48-48 48H48c-26.51 0-48-21.49-48-48v-96c26.51 0 48-21.49 48-48s-21.49-48-48-48v-96c0-26.51 21.49-48 48-48h480c26.51 0 48 21.49 48 48v96c-26.51 0-48 21.49-48 48zm-48-104c0-13.255-10.745-24-24-24H120c-13.255 0-24 10.745-24 24v208c0 13.255 10.745 24 24 24h336c13.255 0 24-10.745 24-24V152z\"><\/path><\/svg>\t\t\t<\/span>\n\t\t\t\t\t\t\t\t\t<span class=\"elementor-button-text\">K\u00f6p biljetter<\/span>\n\t\t\t\t\t<\/span>\n\t\t\t\t\t<\/a>\n\t\t\t\t<\/div>\n\t\t\t\t\t\t\t\t<\/div>\n\t\t\t\t<\/div>\n\t\t\t\t\t<\/div>\n\t\t\t\t<\/div>\n\t\t<div data-dce-background-overlay-image-url=\"https:\/\/cuevadenerja.es\/wp-content\/uploads\/2023\/07\/Aviso-legal.jpg\" class=\"elementor-element elementor-element-6f30cdf e-flex e-con-boxed e-con e-parent\" data-id=\"6f30cdf\" data-element_type=\"container\" data-e-type=\"container\" data-settings=\"{&quot;background_background&quot;:&quot;classic&quot;}\">\n\t\t\t\t\t<div class=\"e-con-inner\">\n\t\t<div class=\"elementor-element elementor-element-fb71d80 e-con-full e-flex e-con e-child\" data-id=\"fb71d80\" data-element_type=\"container\" data-e-type=\"container\">\n\t\t\t\t<div class=\"elementor-element elementor-element-6aecc1f elementor-widget elementor-widget-text-editor\" data-id=\"6aecc1f\" data-element_type=\"widget\" data-e-type=\"widget\" data-widget_type=\"text-editor.default\">\n\t\t\t\t<div class=\"elementor-widget-container\">\n\t\t\t\t\t\t\t\t\t<p>Dataskydd<\/p>\t\t\t\t\t\t\t\t<\/div>\n\t\t\t\t<\/div>\n\t\t\t\t<div class=\"elementor-element elementor-element-333c314 elementor-widget elementor-widget-heading\" data-id=\"333c314\" data-element_type=\"widget\" data-e-type=\"widget\" data-widget_type=\"heading.default\">\n\t\t\t\t<div class=\"elementor-widget-container\">\n\t\t\t\t\t<h1 class=\"elementor-heading-title elementor-size-default\">Juridiskt meddelande\n\n<\/h1>\t\t\t\t<\/div>\n\t\t\t\t<\/div>\n\t\t\t\t<div class=\"elementor-element elementor-element-c88cb32 elementor-widget elementor-widget-text-editor\" data-id=\"c88cb32\" data-element_type=\"widget\" data-e-type=\"widget\" data-widget_type=\"text-editor.default\">\n\t\t\t\t<div class=\"elementor-widget-container\">\n\t\t\t\t\t\t\t\t\t<div class=\"flex-1 overflow-hidden\"><div class=\"react-scroll-to-bottom--css-tpcxn-79elbk h-full\"><div class=\"react-scroll-to-bottom--css-tpcxn-1n7m0yu\"><div class=\"flex flex-col text-sm pb-9\"><div class=\"w-full text-token-text-primary\" data-testid=\"conversation-turn-229\"><div class=\"px-4 py-2 justify-center text-base md:gap-6 m-auto\"><div class=\"flex flex-1 text-base mx-auto gap-3 md:px-5 lg:px-1 xl:px-5 md:max-w-3xl lg:max-w-[40rem] xl:max-w-[48rem] group final-completion\"><div class=\"relative flex w-full flex-col agent-turn\"><div class=\"flex-col gap-1 md:gap-3\"><div class=\"flex flex-grow flex-col max-w-full\"><div class=\"min-h-[20px] text-message flex flex-col items-start gap-3 whitespace-pre-wrap break-words [.text-message+&amp;]:mt-5 overflow-x-auto\" data-message-author-role=\"assistant\" data-message-id=\"31e3159f-91b0-4fe4-b223-1227f844d3b0\"><div class=\"markdown prose w-full break-words dark:prose-invert light\"><p>I Nerjagrottan \u00e4r din integritet och f\u00f6rtroende grundl\u00e4ggande. V\u00e5rt juridiska meddelande garanterar skyddet av dina personuppgifter och ansvarsfull anv\u00e4ndning av informationen du tillhandah\u00e5ller oss. Vi \u00e4r transparenta n\u00e4r det g\u00e4ller juridiska aspekter och st\u00e5r till ditt f\u00f6rfogande f\u00f6r att svara p\u00e5 eventuella fr\u00e5gor du kan ha.<\/p><\/div><\/div><\/div><\/div><\/div><\/div><\/div><\/div><\/div><\/div><\/div><\/div>\t\t\t\t\t\t\t\t<\/div>\n\t\t\t\t<\/div>\n\t\t\t\t<\/div>\n\t\t\t\t\t<\/div>\n\t\t\t\t<\/div>\n\t\t<div class=\"elementor-element elementor-element-df06904 e-flex e-con-boxed e-con e-parent\" data-id=\"df06904\" data-element_type=\"container\" data-e-type=\"container\" data-settings=\"{&quot;background_background&quot;:&quot;classic&quot;}\">\n\t\t\t\t\t<div class=\"e-con-inner\">\n\t\t<div class=\"elementor-element elementor-element-642e131 e-con-full e-flex e-con e-child\" data-id=\"642e131\" data-element_type=\"container\" data-e-type=\"container\">\n\t\t\t\t<div class=\"elementor-element elementor-element-87b3027 elementor-widget elementor-widget-text-editor\" data-id=\"87b3027\" data-element_type=\"widget\" data-e-type=\"widget\" data-widget_type=\"text-editor.default\">\n\t\t\t\t<div class=\"elementor-widget-container\">\n\t\t\t\t\t\t\t\t\t<p>En enlighet med lag 34\/2002, den 11 juli, om informationssamh\u00e4llet och elektronisk handel (LSSI), informerar vi dig om att den h\u00e4r webbsidan med adressen <strong>www.cuevadenerja.es<\/strong> \u00e4gs av f\u00f6retaget <strong>Fundacion Publica de Servicios Cueva de Nerja med CIF G29162278 och adress p\u00e5 Paseo de Sancha, 64. 29017 Malaga och e-post admon@cuevadenerja.es<\/strong>, i forts\u00e4ttningen &#8221;F\u00f6retaget&#8221;.\n<strong>Allm\u00e4nna anv\u00e4ndarvillkor:<\/strong> Dessa allm\u00e4nna anv\u00e4ndarvillkor reglerar villkoren f\u00f6r \u00e5tkomst och anv\u00e4ndning av denna webbplats, som \u00e4gs av F\u00f6retaget, som anv\u00e4ndaren av Portalen m\u00e5ste l\u00e4sa och acceptera f\u00f6r att anv\u00e4nda alla tj\u00e4nster och information som tillhandah\u00e5lls fr\u00e5n portalen. Att bara f\u00e5 tillg\u00e5ng till och\/eller anv\u00e4nda portalen, hela eller delar av dess inneh\u00e5ll och\/eller tj\u00e4nster inneb\u00e4r full acceptans av dessa allm\u00e4nna anv\u00e4ndarvillkor. De reglerar ocks\u00e5 \u00e5tkomsten och anv\u00e4ndningen av portalen, inklusive inneh\u00e5llet och tj\u00e4nsterna som finns tillg\u00e4ngliga f\u00f6r anv\u00e4ndarna p\u00e5 eller via portalen, antingen genom portalen, dess anv\u00e4ndare eller tredje part. Emellertid kan \u00e5tkomsten och anv\u00e4ndningen av vissa inneh\u00e5ll och\/eller tj\u00e4nster vara f\u00f6rem\u00e5l f\u00f6r specifika villkor.\n\n<strong>\u00c4ndringar:<\/strong> F\u00f6retaget f\u00f6rbeh\u00e5ller sig r\u00e4tten att n\u00e4r som helst \u00e4ndra de allm\u00e4nna anv\u00e4ndarvillkoren f\u00f6r portalen. I alla fall rekommenderas det att du regelbundet konsulterar dessa anv\u00e4ndarvillkor f\u00f6r portalen, eftersom de kan \u00e4ndras.\n\n<strong>Anv\u00e4ndaransvar:<\/strong> Anv\u00e4ndaren m\u00e5ste alltid respektera villkoren i dessa allm\u00e4nna anv\u00e4ndarvillkor f\u00f6r portalen. Anv\u00e4ndaren uttrycker uttryckligen att han kommer att anv\u00e4nda portalen p\u00e5 ett noggrant s\u00e4tt och acceptera allt ansvar som kan uppst\u00e5 fr\u00e5n brott mot reglerna. Dessutom f\u00e5r anv\u00e4ndaren inte anv\u00e4nda portalen f\u00f6r att \u00f6verf\u00f6ra, lagra, sprida, fr\u00e4mja eller distribuera data eller inneh\u00e5ll som b\u00e4rare av virus eller annan datorkod, filer eller program utformade f\u00f6r att avbryta, f\u00f6rst\u00f6ra eller skada driften av n\u00e5got program eller dator- eller telekommunikationsutrustning.\n\n<strong>Industriell och immateriell \u00e4gander\u00e4tt:<\/strong> Inneh\u00e5llet p\u00e5 F\u00f6retagets webbplats \u00e4r f\u00f6retagets egendom. F\u00f6retaget f\u00f6rbeh\u00e5ller sig alla r\u00e4ttigheter som inte har tilldelats explicit. Reproduktion, \u00f6verf\u00f6ring, distribution eller lagring av inneh\u00e5ll, antingen helt eller delvis, med n\u00e5got medium, utan f\u00f6reg\u00e5ende skriftligt tillst\u00e5nd fr\u00e5n f\u00f6retaget \u00e4r f\u00f6rbjudet, med undantag f\u00f6r vad som anges i f\u00f6ljande villkor. F\u00f6retaget till\u00e5ter dig att bl\u00e4ddra p\u00e5 sin webbplats med din dator och skriva ut kopior av utdrag fr\u00e5n dessa sidor uteslutande f\u00f6r personligt bruk och inte f\u00f6r distribution, f\u00f6rutom med skriftligt tillst\u00e5nd fr\u00e5n f\u00f6retaget.\n\nAlla dokument p\u00e5 v\u00e5r webbplats kan vara f\u00f6rem\u00e5l f\u00f6r andra villkor som anges i dem. Inneh\u00e5llet p\u00e5 F\u00f6retagets webbplats erbjuds som det \u00e4r och enligt tillg\u00e4nglighet. F\u00f6retaget garanterar inte fr\u00e5nvaron av avbrott eller fel p\u00e5 sin webbplats.\n\nF\u00f6retaget f\u00f6rbeh\u00e5ller sig r\u00e4tten att granska webbplatsen eller f\u00f6rhindra \u00e5tkomst till webbplatsen n\u00e4r som helst. F\u00f6retaget och dess symboler \u00e4r registrerade varum\u00e4rken. Andra produkter eller f\u00f6retagsnamn som n\u00e4mns p\u00e5 denna sida \u00e4r eller kan vara registrerade varum\u00e4rken f\u00f6r sina respektive \u00e4gare.\n\n<strong>Ansvar:<\/strong> Anv\u00e4ndaren \u00e4r ensam ansvarig f\u00f6r \u00f6vertr\u00e4delser som han kan beg\u00e5 eller f\u00f6r skador han kan orsaka genom anv\u00e4ndningen av webbplatsen, och f\u00f6retaget \u00e4r fritt fr\u00e5n allt ansvar som kan uppst\u00e5 fr\u00e5n anv\u00e4ndningen av tj\u00e4nsten av anv\u00e4ndaren, och anv\u00e4ndaren ansvarar f\u00f6r alla kostnader, kostnader och ers\u00e4ttningar som kan beg\u00e4ras fr\u00e5n f\u00f6retaget p\u00e5 grund av krav eller r\u00e4ttsliga \u00e5tg\u00e4rder. F\u00f6retaget avs\u00e4ger sig allt ansvar f\u00f6r information som finns utanf\u00f6r denna webbplats och inte hanteras direkt av dess webbplatsadministrat\u00f6r.\n\nOm f\u00f6retaget informeras om att anv\u00e4ndaren genom f\u00f6retagets tillhandah\u00e5llna tj\u00e4nster eventuellt utf\u00f6r aktiviteter som kan vara olagliga mot tredjeparts r\u00e4ttigheter eller utg\u00f6ra brott, kan f\u00f6retaget omedelbart avsluta sin relation med anv\u00e4ndaren och vidta alla \u00e5tg\u00e4rder som kr\u00e4vs f\u00f6r att f\u00f6rhindra forts\u00e4ttningen av s\u00e5dana aktiviteter.\n\nF\u00f6retaget ansvarar inte f\u00f6r eventuella skador eller f\u00f6rluster som kan uppst\u00e5 till f\u00f6ljd av interferens, utel\u00e4mnanden, avbrott, telefelfel, datorvirus eller avbrott i driften av detta elektroniska system, orsakade av orsaker utanf\u00f6r f\u00f6retagets kontroll, f\u00f6rseningar eller blockeringar i anv\u00e4ndningen av detta elektroniska system som orsakats av brister eller \u00f6verbelastningar i telefonlinjer eller \u00f6verbelastningar i Internetsystemet eller andra elektroniska system, liksom skador som kan orsakas av tredje part genom olagliga intr\u00e5ng utanf\u00f6r f\u00f6retagets kontroll.\n\n<strong>L\u00e4nkar, Banners:<\/strong> Om webbplatsen inkluderar l\u00e4nkar till andra portaler \u00e4r det endast f\u00f6r informativa \u00e4ndam\u00e5l och inneb\u00e4r inte att f\u00f6retaget rekommenderar och\/eller garanterar dessa portaler, \u00f6ver vilka det inte har n\u00e5gon kontroll, och \u00e4r inte ansvarigt f\u00f6r dem.\n\nF\u00f6retaget garanterar inte p\u00e5 n\u00e5got s\u00e4tt villkoren och korrekt tillhandah\u00e5llande av produkter eller tj\u00e4nster som erb juds av tredje parter, som kan n\u00e5s via l\u00e4nkar som etablerats p\u00e5 F\u00f6retagets webbplats. F\u00f6retaget ansvarar inte f\u00f6r att dessa tredje parter f\u00f6ljer g\u00e4llande lagstiftning i v\u00e5rt r\u00e4ttssystem, s\u00e4rskilt n\u00e4r det g\u00e4ller personuppgiftsskydd och elektronisk handel.\n\n<strong>Skydd av minder\u00e5riga:<\/strong> F\u00f6r att anv\u00e4nda webbplatsens tj\u00e4nster m\u00e5ste minder\u00e5riga f\u00e5 f\u00f6rhandsmedgivande fr\u00e5n sina f\u00f6r\u00e4ldrar, v\u00e5rdnadshavare eller lagliga f\u00f6retr\u00e4dare, som kommer att betraktas som ansvariga f\u00f6r alla handlingar som utf\u00f6rs av de minder\u00e5riga under deras ansvar.\n\n<strong>Blogg:<\/strong> Om webbplatsen har en bloggsektion \u00e4r dess syfte att sprida information om de olika tj\u00e4nster som erbjuds av f\u00f6retaget. Webbplatsens \u00e4gare ansvarar inte f\u00f6r anv\u00e4ndarnas \u00e5sikter och f\u00f6rbeh\u00e5ller sig r\u00e4tten att ta bort kommentarer som kan vara kr\u00e4nkande eller nedv\u00e4rderande och att blockera och f\u00f6rhindra framtida kommentarer fr\u00e5n f\u00f6rfattarna till s\u00e5dana kommentarer.\n\n<strong>Jurisdiktion:<\/strong> Alla fr\u00e5gor som uppst\u00e5r om tolkningen, till\u00e4mpningen och efterlevnaden av dessa villkor och om de krav som kan uppkomma fr\u00e5n deras anv\u00e4ndning ska regleras enligt g\u00e4llande lagstiftning om till\u00e4mplig lag och beh\u00f6rig jurisdiktion. I de fall d\u00e4r lagstiftningen m\u00f6jligg\u00f6r f\u00f6r parterna att underkasta sig en domstol, kommer F\u00f6retaget och anv\u00e4ndaren, med uttryckligt avst\u00e5ende fr\u00e5n n\u00e5gon annan domstol som kan tillh\u00f6ra dem, att underkasta sig domstolarna och domstolarna i Malaga (Spanien).\n\nUt\u00f6ver detta kan tvister som kan uppst\u00e5 som ett resultat av handelsrelationer mellan parterna \u00f6verl\u00e4mnas till EU-f\u00f6rordning 524\/2013 om tvistl\u00f6sning utanf\u00f6r domstol i enlighet med dess inneh\u00e5ll. Europeiska kommissionen tillhandah\u00e5ller en plattform f\u00f6r tvistl\u00f6sning online, som \u00e4r tillg\u00e4nglig p\u00e5 f\u00f6ljande l\u00e4nk: <a href=\"https:\/\/ec.europa.eu\/consumers\/odr\/main\/index.cfm?event=main.home2.show&amp;Ing=ES\" target=\"_blank\" rel=\"noopener\">https:\/\/ec.europa.eu\/consumers\/odr\/main\/index.cfm?event=main.home2.show&amp;Ing=ES<\/a>\t\t\t\t\t\t\t\t<\/div>\n\t\t\t\t<\/div>\n\t\t\t\t<\/div>\n\t\t\t\t\t<\/div>\n\t\t\t\t<\/div>\n\t\t\t\t<\/div>\n\t\t","protected":false},"excerpt":{"rendered":"<p>Din onlinebiljett till b\u00e4sta pris och undvik k\u00f6er K\u00f6p biljetter Dataskydd Juridiskt meddelande I Nerjagrottan \u00e4r din integritet och f\u00f6rtroende grundl\u00e4ggande. V\u00e5rt juridiska meddelande garanterar skyddet av dina personuppgifter och ansvarsfull anv\u00e4ndning av informationen du tillhandah\u00e5ller oss. Vi \u00e4r transparenta n\u00e4r det g\u00e4ller juridiska aspekter och st\u00e5r till ditt f\u00f6rfogande f\u00f6r att svara p\u00e5 eventuella [&hellip;]<\/p>\n","protected":false},"author":1,"featured_media":0,"parent":0,"menu_order":0,"comment_status":"closed","ping_status":"closed","template":"","meta":{"inline_featured_image":false,"site-sidebar-layout":"no-sidebar","site-content-layout":"page-builder","ast-site-content-layout":"full-width-container","site-content-style":"unboxed","site-sidebar-style":"unboxed","ast-global-header-display":"","ast-banner-title-visibility":"","ast-main-header-display":"","ast-hfb-above-header-display":"","ast-hfb-below-header-display":"","ast-hfb-mobile-header-display":"","site-post-title":"disabled","ast-breadcrumbs-content":"","ast-featured-img":"disabled","footer-sml-layout":"","ast-disable-related-posts":"","theme-transparent-header-meta":"default","adv-header-id-meta":"","stick-header-meta":"default","header-above-stick-meta":"","header-main-stick-meta":"","header-below-stick-meta":"","astra-migrate-meta-layouts":"set","ast-page-background-enabled":"default","ast-page-background-meta":{"desktop":{"background-color":"var(--ast-global-color-4)","background-image":"","background-repeat":"repeat","background-position":"center center","background-size":"auto","background-attachment":"scroll","background-type":"","background-media":"","overlay-type":"","overlay-color":"","overlay-opacity":"","overlay-gradient":""},"tablet":{"background-color":"","background-image":"","background-repeat":"repeat","background-position":"center center","background-size":"auto","background-attachment":"scroll","background-type":"","background-media":"","overlay-type":"","overlay-color":"","overlay-opacity":"","overlay-gradient":""},"mobile":{"background-color":"","background-image":"","background-repeat":"repeat","background-position":"center center","background-size":"auto","background-attachment":"scroll","background-type":"","background-media":"","overlay-type":"","overlay-color":"","overlay-opacity":"","overlay-gradient":""}},"ast-content-background-meta":{"desktop":{"background-color":"var(--ast-global-color-5)","background-image":"","background-repeat":"repeat","background-position":"center center","background-size":"auto","background-attachment":"scroll","background-type":"","background-media":"","overlay-type":"","overlay-color":"","overlay-opacity":"","overlay-gradient":""},"tablet":{"background-color":"var(--ast-global-color-5)","background-image":"","background-repeat":"repeat","background-position":"center center","background-size":"auto","background-attachment":"scroll","background-type":"","background-media":"","overlay-type":"","overlay-color":"","overlay-opacity":"","overlay-gradient":""},"mobile":{"background-color":"var(--ast-global-color-5)","background-image":"","background-repeat":"repeat","background-position":"center center","background-size":"auto","background-attachment":"scroll","background-type":"","background-media":"","overlay-type":"","overlay-color":"","overlay-opacity":"","overlay-gradient":""}},"footnotes":""},"class_list":["post-19764","page","type-page","status-publish","hentry"],"_links":{"self":[{"href":"https:\/\/cuevadenerja.es\/sv\/wp-json\/wp\/v2\/pages\/19764","targetHints":{"allow":["GET"]}}],"collection":[{"href":"https:\/\/cuevadenerja.es\/sv\/wp-json\/wp\/v2\/pages"}],"about":[{"href":"https:\/\/cuevadenerja.es\/sv\/wp-json\/wp\/v2\/types\/page"}],"author":[{"embeddable":true,"href":"https:\/\/cuevadenerja.es\/sv\/wp-json\/wp\/v2\/users\/1"}],"replies":[{"embeddable":true,"href":"https:\/\/cuevadenerja.es\/sv\/wp-json\/wp\/v2\/comments?post=19764"}],"version-history":[{"count":0,"href":"https:\/\/cuevadenerja.es\/sv\/wp-json\/wp\/v2\/pages\/19764\/revisions"}],"wp:attachment":[{"href":"https:\/\/cuevadenerja.es\/sv\/wp-json\/wp\/v2\/media?parent=19764"}],"curies":[{"name":"wp","href":"https:\/\/api.w.org\/{rel}","templated":true}]}}