{"id":19748,"date":"2023-11-15T12:42:48","date_gmt":"2023-11-15T11:42:48","guid":{"rendered":"https:\/\/cuevadenerja.es\/?page_id=19748"},"modified":"2024-03-20T11:04:52","modified_gmt":"2024-03-20T10:04:52","slug":"nerja-och-maro","status":"publish","type":"page","link":"https:\/\/cuevadenerja.es\/sv\/nerja-och-maro\/","title":{"rendered":"Nerja och Maro"},"content":{"rendered":"\t\t<div data-elementor-type=\"wp-page\" data-elementor-id=\"19748\" class=\"elementor elementor-19748 elementor-13883\" data-elementor-post-type=\"page\">\n\t\t\t\t<div class=\"elementor-element elementor-element-4fd046c e-flex e-con-boxed e-con e-parent\" data-id=\"4fd046c\" data-element_type=\"container\" data-e-type=\"container\" data-settings=\"{&quot;background_background&quot;:&quot;classic&quot;}\">\n\t\t\t\t\t<div class=\"e-con-inner\">\n\t\t\t\t<div class=\"elementor-element elementor-element-1f0ee2a elementor-widget elementor-widget-text-editor\" data-id=\"1f0ee2a\" data-element_type=\"widget\" data-e-type=\"widget\" data-widget_type=\"text-editor.default\">\n\t\t\t\t<div class=\"elementor-widget-container\">\n\t\t\t\t\t\t\t\t\t<p>Din <strong>onlinebiljett<\/strong> till b\u00e4sta pris och undvik k\u00f6er<\/p>\t\t\t\t\t\t\t\t<\/div>\n\t\t\t\t<\/div>\n\t\t\t\t<div class=\"elementor-element elementor-element-9e6f719 elementor-widget elementor-widget-button\" data-id=\"9e6f719\" data-element_type=\"widget\" data-e-type=\"widget\" data-widget_type=\"button.default\">\n\t\t\t\t<div class=\"elementor-widget-container\">\n\t\t\t\t\t\t\t\t\t<div class=\"elementor-button-wrapper\">\n\t\t\t\t\t<a class=\"elementor-button elementor-button-link elementor-size-sm\" href=\"https:\/\/entradas.cuevadenerja.es\/\" target=\"_blank\">\n\t\t\t\t\t\t<span class=\"elementor-button-content-wrapper\">\n\t\t\t\t\t\t<span class=\"elementor-button-icon\">\n\t\t\t\t<svg aria-hidden=\"true\" class=\"e-font-icon-svg e-fas-ticket-alt\" viewBox=\"0 0 576 512\" xmlns=\"http:\/\/www.w3.org\/2000\/svg\"><path d=\"M128 160h320v192H128V160zm400 96c0 26.51 21.49 48 48 48v96c0 26.51-21.49 48-48 48H48c-26.51 0-48-21.49-48-48v-96c26.51 0 48-21.49 48-48s-21.49-48-48-48v-96c0-26.51 21.49-48 48-48h480c26.51 0 48 21.49 48 48v96c-26.51 0-48 21.49-48 48zm-48-104c0-13.255-10.745-24-24-24H120c-13.255 0-24 10.745-24 24v208c0 13.255 10.745 24 24 24h336c13.255 0 24-10.745 24-24V152z\"><\/path><\/svg>\t\t\t<\/span>\n\t\t\t\t\t\t\t\t\t<span class=\"elementor-button-text\">K\u00f6p biljetter<\/span>\n\t\t\t\t\t<\/span>\n\t\t\t\t\t<\/a>\n\t\t\t\t<\/div>\n\t\t\t\t\t\t\t\t<\/div>\n\t\t\t\t<\/div>\n\t\t\t\t\t<\/div>\n\t\t\t\t<\/div>\n\t\t<div data-dce-background-overlay-image-url=\"https:\/\/cuevadenerja.es\/wp-content\/uploads\/2023\/11\/Nerja.jpg\" class=\"elementor-element elementor-element-2512558 e-flex e-con-boxed e-con e-parent\" data-id=\"2512558\" data-element_type=\"container\" data-e-type=\"container\" data-settings=\"{&quot;background_background&quot;:&quot;classic&quot;}\">\n\t\t\t\t\t<div class=\"e-con-inner\">\n\t\t<div class=\"elementor-element elementor-element-9b05d8d e-con-full e-flex e-con e-child\" data-id=\"9b05d8d\" data-element_type=\"container\" data-e-type=\"container\">\n\t\t\t\t<div class=\"elementor-element elementor-element-eec3b8a elementor-widget elementor-widget-text-editor\" data-id=\"eec3b8a\" data-element_type=\"widget\" data-e-type=\"widget\" data-widget_type=\"text-editor.default\">\n\t\t\t\t<div class=\"elementor-widget-container\">\n\t\t\t\t\t\t\t\t\t<p>P\u00e5 Costa del Sol<\/p>\t\t\t\t\t\t\t\t<\/div>\n\t\t\t\t<\/div>\n\t\t\t\t<div class=\"elementor-element elementor-element-f5f02d0 elementor-widget elementor-widget-heading\" data-id=\"f5f02d0\" data-element_type=\"widget\" data-e-type=\"widget\" data-widget_type=\"heading.default\">\n\t\t\t\t<div class=\"elementor-widget-container\">\n\t\t\t\t\t<h1 class=\"elementor-heading-title elementor-size-default\">Uppt\u00e4ck Nerja: Ett g\u00f6mt skatt mellan hav och land.\n\n<\/h1>\t\t\t\t<\/div>\n\t\t\t\t<\/div>\n\t\t\t\t<div class=\"elementor-element elementor-element-dab9418 elementor-widget elementor-widget-text-editor\" data-id=\"dab9418\" data-element_type=\"widget\" data-e-type=\"widget\" data-widget_type=\"text-editor.default\">\n\t\t\t\t<div class=\"elementor-widget-container\">\n\t\t\t\t\t\t\t\t\t<p>Utforska Nerja: D\u00e4r Historien M\u00f6ter Naturlig Sk\u00f6nhet. Ge dig ut p\u00e5 en unik resa genom Nerjagrottan och uppt\u00e4ck de dolda underverken i denna magiska h\u00f6rn av v\u00e4rlden!<\/p>\t\t\t\t\t\t\t\t<\/div>\n\t\t\t\t<\/div>\n\t\t\t\t<\/div>\n\t\t\t\t\t<\/div>\n\t\t\t\t<\/div>\n\t\t<div class=\"elementor-element elementor-element-3d775cc e-flex e-con-boxed e-con e-parent\" data-id=\"3d775cc\" data-element_type=\"container\" data-e-type=\"container\" data-settings=\"{&quot;background_background&quot;:&quot;classic&quot;}\">\n\t\t\t\t\t<div class=\"e-con-inner\">\n\t\t<div class=\"elementor-element elementor-element-3e02070 e-con-full e-flex e-con e-child\" data-id=\"3e02070\" data-element_type=\"container\" data-e-type=\"container\">\n\t\t\t\t<div class=\"elementor-element elementor-element-622970c elementor-widget elementor-widget-heading\" data-id=\"622970c\" data-element_type=\"widget\" data-e-type=\"widget\" data-widget_type=\"heading.default\">\n\t\t\t\t<div class=\"elementor-widget-container\">\n\t\t\t\t\t<h2 class=\"elementor-heading-title elementor-size-default\">Nerja och Maro<\/h2>\t\t\t\t<\/div>\n\t\t\t\t<\/div>\n\t\t\t\t<div class=\"elementor-element elementor-element-d4cbd31 elementor-widget elementor-widget-text-editor\" data-id=\"d4cbd31\" data-element_type=\"widget\" data-e-type=\"widget\" data-widget_type=\"text-editor.default\">\n\t\t\t\t<div class=\"elementor-widget-container\">\n\t\t\t\t\t\t\t\t\tNerja \u00e4r f\u00f6r n\u00e4rvarande en mycket k\u00e4nd turiststad. Det \u00e4r tack vare dess privilegierade l\u00e4ge med sina underbara str\u00e4nder och ett klimat med medeltemperatur \u00e5ret runt, samt ocks\u00e5 tack vare Cueva de Nerja, en grotta som \u00e4r ber\u00f6md \u00f6ver hela v\u00e4rlden och bes\u00f6ks av m\u00e4nniskor fr\u00e5n alla delar av planeten.\n\nDessutom \u00f6kar Nerkas rykte i Spanien eftersom den ber\u00f6mda TV-serien &#8221;Verano Azul&#8221; spelades in d\u00e4r och s\u00e4ndes 1982 p\u00e5 TVE, vilket \u00f6kade populariteten f\u00f6r staden.\n\nSammanfattningsvis har Nerja blivit en av de mest popul\u00e4ra platserna att tillbringa semestern, b\u00e5de bland den nationella och internationella publiken, och \u00e4r idag en av de favoritdestinationerna \u00e5ret runt.\n\nNerja har en by som heter Maro d\u00e4r Cueva de Nerja ligger. Det \u00e4r en charmig vitkalkad by omgiven av hav och berg, som kan ses fr\u00e5n grottomr\u00e5det och ocks\u00e5 n\u00e5s till fots fr\u00e5n en ing\u00e5ng som ligger bredvid den botaniska tr\u00e4dg\u00e5rden, bakom biljettomr\u00e5det.\n\nF\u00f6r mer information om staden Nerja kan du l\u00e4sa f\u00f6ljande l\u00e4nkar: <a href=\"https:\/\/turismo.nerja.es\/\" target=\"_blank\" rel=\"noopener\">https:\/\/turismo.nerja.es\/<\/a> <a href=\"https:\/\/www.nerja.es\/\" target=\"_blank\" rel=\"noopener\">https:\/\/www.nerja.es\/<\/a>\n\nH\u00e4r kan du f\u00e5 mer information om Maro: <a href=\"https:\/\/turismo.nerja.es\/resena-de-maro\/\" target=\"_blank\" rel=\"noopener\">https:\/\/turismo.nerja.es\/resena-de-maro\/<\/a>\t\t\t\t\t\t\t\t<\/div>\n\t\t\t\t<\/div>\n\t\t\t\t<\/div>\n\t\t\t\t\t<\/div>\n\t\t\t\t<\/div>\n\t\t\t\t<\/div>\n\t\t","protected":false},"excerpt":{"rendered":"<p>Din onlinebiljett till b\u00e4sta pris och undvik k\u00f6er K\u00f6p biljetter P\u00e5 Costa del Sol Uppt\u00e4ck Nerja: Ett g\u00f6mt skatt mellan hav och land. Utforska Nerja: D\u00e4r Historien M\u00f6ter Naturlig Sk\u00f6nhet. Ge dig ut p\u00e5 en unik resa genom Nerjagrottan och uppt\u00e4ck de dolda underverken i denna magiska h\u00f6rn av v\u00e4rlden! Nerja och Maro Nerja \u00e4r [&hellip;]<\/p>\n","protected":false},"author":1,"featured_media":0,"parent":0,"menu_order":0,"comment_status":"closed","ping_status":"closed","template":"","meta":{"inline_featured_image":false,"site-sidebar-layout":"no-sidebar","site-content-layout":"page-builder","ast-site-content-layout":"full-width-container","site-content-style":"default","site-sidebar-style":"default","ast-global-header-display":"","ast-banner-title-visibility":"","ast-main-header-display":"","ast-hfb-above-header-display":"","ast-hfb-below-header-display":"","ast-hfb-mobile-header-display":"","site-post-title":"disabled","ast-breadcrumbs-content":"","ast-featured-img":"disabled","footer-sml-layout":"","ast-disable-related-posts":"","theme-transparent-header-meta":"default","adv-header-id-meta":"","stick-header-meta":"default","header-above-stick-meta":"","header-main-stick-meta":"","header-below-stick-meta":"","astra-migrate-meta-layouts":"set","ast-page-background-enabled":"default","ast-page-background-meta":{"desktop":{"background-color":"var(--ast-global-color-4)","background-image":"","background-repeat":"repeat","background-position":"center center","background-size":"auto","background-attachment":"scroll","background-type":"","background-media":"","overlay-type":"","overlay-color":"","overlay-opacity":"","overlay-gradient":""},"tablet":{"background-color":"","background-image":"","background-repeat":"repeat","background-position":"center center","background-size":"auto","background-attachment":"scroll","background-type":"","background-media":"","overlay-type":"","overlay-color":"","overlay-opacity":"","overlay-gradient":""},"mobile":{"background-color":"","background-image":"","background-repeat":"repeat","background-position":"center center","background-size":"auto","background-attachment":"scroll","background-type":"","background-media":"","overlay-type":"","overlay-color":"","overlay-opacity":"","overlay-gradient":""}},"ast-content-background-meta":{"desktop":{"background-color":"var(--ast-global-color-5)","background-image":"","background-repeat":"repeat","background-position":"center center","background-size":"auto","background-attachment":"scroll","background-type":"","background-media":"","overlay-type":"","overlay-color":"","overlay-opacity":"","overlay-gradient":""},"tablet":{"background-color":"var(--ast-global-color-5)","background-image":"","background-repeat":"repeat","background-position":"center center","background-size":"auto","background-attachment":"scroll","background-type":"","background-media":"","overlay-type":"","overlay-color":"","overlay-opacity":"","overlay-gradient":""},"mobile":{"background-color":"var(--ast-global-color-5)","background-image":"","background-repeat":"repeat","background-position":"center center","background-size":"auto","background-attachment":"scroll","background-type":"","background-media":"","overlay-type":"","overlay-color":"","overlay-opacity":"","overlay-gradient":""}},"footnotes":""},"class_list":["post-19748","page","type-page","status-publish","hentry"],"_links":{"self":[{"href":"https:\/\/cuevadenerja.es\/sv\/wp-json\/wp\/v2\/pages\/19748","targetHints":{"allow":["GET"]}}],"collection":[{"href":"https:\/\/cuevadenerja.es\/sv\/wp-json\/wp\/v2\/pages"}],"about":[{"href":"https:\/\/cuevadenerja.es\/sv\/wp-json\/wp\/v2\/types\/page"}],"author":[{"embeddable":true,"href":"https:\/\/cuevadenerja.es\/sv\/wp-json\/wp\/v2\/users\/1"}],"replies":[{"embeddable":true,"href":"https:\/\/cuevadenerja.es\/sv\/wp-json\/wp\/v2\/comments?post=19748"}],"version-history":[{"count":0,"href":"https:\/\/cuevadenerja.es\/sv\/wp-json\/wp\/v2\/pages\/19748\/revisions"}],"wp:attachment":[{"href":"https:\/\/cuevadenerja.es\/sv\/wp-json\/wp\/v2\/media?parent=19748"}],"curies":[{"name":"wp","href":"https:\/\/api.w.org\/{rel}","templated":true}]}}