{"id":19647,"date":"2023-06-26T10:51:53","date_gmt":"2023-06-26T08:51:53","guid":{"rendered":"https:\/\/cuevadenerja.es\/?page_id=19647"},"modified":"2024-03-19T14:20:51","modified_gmt":"2024-03-19T13:20:51","slug":"bevarande","status":"publish","type":"page","link":"https:\/\/cuevadenerja.es\/sv\/institut\/bevarande\/","title":{"rendered":"Bevarande"},"content":{"rendered":"\t\t<div data-elementor-type=\"wp-page\" data-elementor-id=\"19647\" class=\"elementor elementor-19647 elementor-61\" data-elementor-post-type=\"page\">\n\t\t\t\t<div class=\"elementor-element elementor-element-de3935b e-flex e-con-boxed e-con e-parent\" data-id=\"de3935b\" data-element_type=\"container\" data-e-type=\"container\" data-settings=\"{&quot;background_background&quot;:&quot;classic&quot;}\">\n\t\t\t\t\t<div class=\"e-con-inner\">\n\t\t\t\t<div class=\"elementor-element elementor-element-c243c59 elementor-widget elementor-widget-text-editor\" data-id=\"c243c59\" data-element_type=\"widget\" data-e-type=\"widget\" data-widget_type=\"text-editor.default\">\n\t\t\t\t<div class=\"elementor-widget-container\">\n\t\t\t\t\t\t\t\t\t<p>Din <strong>onlinebiljett<\/strong> till b\u00e4sta pris och undvik k\u00f6er<\/p>\t\t\t\t\t\t\t\t<\/div>\n\t\t\t\t<\/div>\n\t\t\t\t<div class=\"elementor-element elementor-element-2621547 elementor-widget elementor-widget-button\" data-id=\"2621547\" data-element_type=\"widget\" data-e-type=\"widget\" data-widget_type=\"button.default\">\n\t\t\t\t<div class=\"elementor-widget-container\">\n\t\t\t\t\t\t\t\t\t<div class=\"elementor-button-wrapper\">\n\t\t\t\t\t<a class=\"elementor-button elementor-button-link elementor-size-sm\" href=\"https:\/\/entradas.cuevadenerja.es\/\" target=\"_blank\">\n\t\t\t\t\t\t<span class=\"elementor-button-content-wrapper\">\n\t\t\t\t\t\t<span class=\"elementor-button-icon\">\n\t\t\t\t<svg aria-hidden=\"true\" class=\"e-font-icon-svg e-fas-ticket-alt\" viewBox=\"0 0 576 512\" xmlns=\"http:\/\/www.w3.org\/2000\/svg\"><path d=\"M128 160h320v192H128V160zm400 96c0 26.51 21.49 48 48 48v96c0 26.51-21.49 48-48 48H48c-26.51 0-48-21.49-48-48v-96c26.51 0 48-21.49 48-48s-21.49-48-48-48v-96c0-26.51 21.49-48 48-48h480c26.51 0 48 21.49 48 48v96c-26.51 0-48 21.49-48 48zm-48-104c0-13.255-10.745-24-24-24H120c-13.255 0-24 10.745-24 24v208c0 13.255 10.745 24 24 24h336c13.255 0 24-10.745 24-24V152z\"><\/path><\/svg>\t\t\t<\/span>\n\t\t\t\t\t\t\t\t\t<span class=\"elementor-button-text\">K\u00f6p biljetter<\/span>\n\t\t\t\t\t<\/span>\n\t\t\t\t\t<\/a>\n\t\t\t\t<\/div>\n\t\t\t\t\t\t\t\t<\/div>\n\t\t\t\t<\/div>\n\t\t\t\t\t<\/div>\n\t\t\t\t<\/div>\n\t\t<div data-dce-background-overlay-image-url=\"https:\/\/cuevadenerja.es\/wp-content\/uploads\/2023\/06\/Conservar-la-cueva.jpg\" class=\"elementor-element elementor-element-24b64f2 e-flex e-con-boxed e-con e-parent\" data-id=\"24b64f2\" data-element_type=\"container\" data-e-type=\"container\" data-settings=\"{&quot;background_background&quot;:&quot;classic&quot;}\">\n\t\t\t\t\t<div class=\"e-con-inner\">\n\t\t<div class=\"elementor-element elementor-element-c15b90d e-con-full e-flex e-con e-child\" data-id=\"c15b90d\" data-element_type=\"container\" data-e-type=\"container\">\n\t\t\t\t<div class=\"elementor-element elementor-element-7afc0d3 elementor-widget elementor-widget-text-editor\" data-id=\"7afc0d3\" data-element_type=\"widget\" data-e-type=\"widget\" data-widget_type=\"text-editor.default\">\n\t\t\t\t<div class=\"elementor-widget-container\">\n\t\t\t\t\t\t\t\t\t<p>FORSKNINGSINSTITUTET<\/p>\t\t\t\t\t\t\t\t<\/div>\n\t\t\t\t<\/div>\n\t\t\t\t<div class=\"elementor-element elementor-element-2835c12 elementor-widget elementor-widget-heading\" data-id=\"2835c12\" data-element_type=\"widget\" data-e-type=\"widget\" data-widget_type=\"heading.default\">\n\t\t\t\t<div class=\"elementor-widget-container\">\n\t\t\t\t\t<h1 class=\"elementor-heading-title elementor-size-default\">BEVARANDE\n<\/h1>\t\t\t\t<\/div>\n\t\t\t\t<\/div>\n\t\t\t\t<div class=\"elementor-element elementor-element-82e0a1a elementor-widget elementor-widget-text-editor\" data-id=\"82e0a1a\" data-element_type=\"widget\" data-e-type=\"widget\" data-widget_type=\"text-editor.default\">\n\t\t\t\t<div class=\"elementor-widget-container\">\n\t\t\t\t\t\t\t\t\t<p>Forskningsinstitutets fr\u00e4msta m\u00e5l \u00e4r att g\u00f6ra grottans turistaktivitet kompatibel med dess korrekta bevarande, med forskning och spridning som verktyg.<\/p>\t\t\t\t\t\t\t\t<\/div>\n\t\t\t\t<\/div>\n\t\t\t\t<\/div>\n\t\t\t\t\t<\/div>\n\t\t\t\t<\/div>\n\t\t<div class=\"elementor-element elementor-element-08bb1d3 e-flex e-con-boxed e-con e-parent\" data-id=\"08bb1d3\" data-element_type=\"container\" data-e-type=\"container\" data-settings=\"{&quot;background_background&quot;:&quot;classic&quot;}\">\n\t\t\t\t\t<div class=\"e-con-inner\">\n\t\t<div class=\"elementor-element elementor-element-007f443 e-con-full e-flex e-con e-child\" data-id=\"007f443\" data-element_type=\"container\" data-e-type=\"container\">\n\t\t\t\t<div class=\"elementor-element elementor-element-43abcc9 elementor-widget elementor-widget-heading\" data-id=\"43abcc9\" data-element_type=\"widget\" data-e-type=\"widget\" data-widget_type=\"heading.default\">\n\t\t\t\t<div class=\"elementor-widget-container\">\n\t\t\t\t\t<h2 class=\"elementor-heading-title elementor-size-default\">Att bevara en grotta?\n<\/h2>\t\t\t\t<\/div>\n\t\t\t\t<\/div>\n\t\t\t\t<div class=\"elementor-element elementor-element-7606d46 elementor-widget elementor-widget-text-editor\" data-id=\"7606d46\" data-element_type=\"widget\" data-e-type=\"widget\" data-widget_type=\"text-editor.default\">\n\t\t\t\t<div class=\"elementor-widget-container\">\n\t\t\t\t\t\t\t\t\t<div class=\"flex-1 overflow-hidden\"><div class=\"react-scroll-to-bottom--css-enakv-79elbk h-full\"><div class=\"react-scroll-to-bottom--css-enakv-1n7m0yu\"><div class=\"flex flex-col text-sm pb-9\"><div class=\"w-full text-token-text-primary\" data-testid=\"conversation-turn-175\"><div class=\"px-4 py-2 justify-center text-base md:gap-6 m-auto\"><div class=\"flex flex-1 text-base mx-auto gap-3 md:px-5 lg:px-1 xl:px-5 md:max-w-3xl lg:max-w-[40rem] xl:max-w-[48rem] group final-completion\"><div class=\"relative flex w-full flex-col agent-turn\"><div class=\"flex-col gap-1 md:gap-3\"><div class=\"flex flex-grow flex-col max-w-full\"><div class=\"min-h-[20px] text-message flex flex-col items-start gap-3 whitespace-pre-wrap break-words [.text-message+&amp;]:mt-5 overflow-x-auto\" data-message-author-role=\"assistant\" data-message-id=\"0ff1b48d-253d-4616-8c61-86728ea7e1b8\"><div class=\"markdown prose w-full break-words dark:prose-invert light\"><p>Att bevara en grotta med ett enormt kulturellt och naturligt arv, som bes\u00f6ks av \u00f6ver 400 000 personer varje \u00e5r, \u00e4r ingen l\u00e4tt uppgift och kr\u00e4ver en betydande insats av material och m\u00e4nskliga resurser. Stiftelsen Cueva de Nerja har valt att satsa p\u00e5 en f\u00f6rvaltning baserad p\u00e5 vetenskaplig forskning och spridning av dess resultat, i syfte att g\u00f6ra turistbes\u00f6ken och korrekt bevarande av dess exceptionella kulturarv kompatibelt, som inneh\u00e5ller historien om jorden och v\u00e5ra f\u00f6rf\u00e4der. S\u00e5ledes blir njutningen av Cueva de Nerja av v\u00e5rt samh\u00e4lle ett privilegium, och att bevara den f\u00f6r framtida generationer \u00e4r en uppgift som vi m\u00e5ste utveckla tillsammans.<\/p><p>Vad g\u00f6rs f\u00f6r att bevara Cueva de Nerja? Det \u00e4r den fr\u00e5ga som ofta st\u00e4lls av de personer som \u00e4r intresserade av att k\u00e4nna till arbetet som utf\u00f6rs av Forskningsinstitutet Cueva de Nerja. Vi anser inte att det \u00e4r en trivial fr\u00e5ga och vi \u00e4r medvetna om att svaret, fyllt av biofilmer, milj\u00f6parametrar eller stratigrafiska niv\u00e5er, kan vara tr\u00e5kigt och till och med obegripligt f\u00f6r personer som inte \u00e4r relaterade till vetenskaplig forskningsv\u00e4rld. F\u00f6r att undvika denna situation och uppn\u00e5 en l\u00e4mplig f\u00f6rklaring, f\u00f6resl\u00e5r vi j\u00e4mf\u00f6relsen mellan anv\u00e4ndningen av Cueva de Nerja som en turistresurs och en vanlig aktivitet i m\u00e5nga m\u00e4nniskors dagliga liv, sport. Kroppen hos en elitidrottare uts\u00e4tts f\u00f6r en \u00f6veranstr\u00e4ngning i varje t\u00e4vling som den deltar i. Utan kontroll \u00f6ver denna skada skulle hans kropp slutligen ge upp, sannolikt p\u00e5 ett o\u00e5terkalleligt s\u00e4tt. D\u00e4rf\u00f6r \u00e4r det logiskt att b\u00e5de anstr\u00e4ngningen och den efterf\u00f6ljande \u00e5terh\u00e4mtningen kr\u00e4ver ett medicinskt team som garanterar idrottarens h\u00e4lsa och f\u00f6rbereder honom f\u00f6r framtida h\u00e4ndelser. S\u00e5 v\u00e5r elitidrottare \u00e4r Cueva de Nerja, en &#8221;levande&#8221; varelse, inte en inert plats, dagligen utsatt f\u00f6r en m\u00e4nsklig p\u00e5verkan som beh\u00f6ver kontrolleras av Forskningsinstitutet, som garanterar dess \u00e5terh\u00e4mtning och d\u00e4rmed dess l\u00e4mpliga bevarande.<\/p><\/div><\/div><\/div><\/div><\/div><\/div><\/div><\/div><\/div><\/div><\/div><\/div>\t\t\t\t\t\t\t\t<\/div>\n\t\t\t\t<\/div>\n\t\t\t\t<\/div>\n\t\t\t\t\t<\/div>\n\t\t\t\t<\/div>\n\t\t\t\t<\/div>\n\t\t","protected":false},"excerpt":{"rendered":"<p>Din onlinebiljett till b\u00e4sta pris och undvik k\u00f6er K\u00f6p biljetter FORSKNINGSINSTITUTET BEVARANDE Forskningsinstitutets fr\u00e4msta m\u00e5l \u00e4r att g\u00f6ra grottans turistaktivitet kompatibel med dess korrekta bevarande, med forskning och spridning som verktyg. Att bevara en grotta? Att bevara en grotta med ett enormt kulturellt och naturligt arv, som bes\u00f6ks av \u00f6ver 400 000 personer varje \u00e5r, [&hellip;]<\/p>\n","protected":false},"author":1,"featured_media":0,"parent":19627,"menu_order":0,"comment_status":"closed","ping_status":"closed","template":"","meta":{"inline_featured_image":false,"site-sidebar-layout":"no-sidebar","site-content-layout":"page-builder","ast-site-content-layout":"full-width-container","site-content-style":"unboxed","site-sidebar-style":"unboxed","ast-global-header-display":"","ast-banner-title-visibility":"","ast-main-header-display":"","ast-hfb-above-header-display":"","ast-hfb-below-header-display":"","ast-hfb-mobile-header-display":"","site-post-title":"disabled","ast-breadcrumbs-content":"","ast-featured-img":"disabled","footer-sml-layout":"","ast-disable-related-posts":"","theme-transparent-header-meta":"default","adv-header-id-meta":"","stick-header-meta":"default","header-above-stick-meta":"","header-main-stick-meta":"","header-below-stick-meta":"","astra-migrate-meta-layouts":"set","ast-page-background-enabled":"default","ast-page-background-meta":{"desktop":{"background-color":"var(--ast-global-color-4)","background-image":"","background-repeat":"repeat","background-position":"center center","background-size":"auto","background-attachment":"scroll","background-type":"","background-media":"","overlay-type":"","overlay-color":"","overlay-opacity":"","overlay-gradient":""},"tablet":{"background-color":"","background-image":"","background-repeat":"repeat","background-position":"center center","background-size":"auto","background-attachment":"scroll","background-type":"","background-media":"","overlay-type":"","overlay-color":"","overlay-opacity":"","overlay-gradient":""},"mobile":{"background-color":"","background-image":"","background-repeat":"repeat","background-position":"center center","background-size":"auto","background-attachment":"scroll","background-type":"","background-media":"","overlay-type":"","overlay-color":"","overlay-opacity":"","overlay-gradient":""}},"ast-content-background-meta":{"desktop":{"background-color":"var(--ast-global-color-5)","background-image":"","background-repeat":"repeat","background-position":"center center","background-size":"auto","background-attachment":"scroll","background-type":"","background-media":"","overlay-type":"","overlay-color":"","overlay-opacity":"","overlay-gradient":""},"tablet":{"background-color":"var(--ast-global-color-5)","background-image":"","background-repeat":"repeat","background-position":"center center","background-size":"auto","background-attachment":"scroll","background-type":"","background-media":"","overlay-type":"","overlay-color":"","overlay-opacity":"","overlay-gradient":""},"mobile":{"background-color":"var(--ast-global-color-5)","background-image":"","background-repeat":"repeat","background-position":"center center","background-size":"auto","background-attachment":"scroll","background-type":"","background-media":"","overlay-type":"","overlay-color":"","overlay-opacity":"","overlay-gradient":""}},"footnotes":""},"class_list":["post-19647","page","type-page","status-publish","hentry"],"_links":{"self":[{"href":"https:\/\/cuevadenerja.es\/sv\/wp-json\/wp\/v2\/pages\/19647","targetHints":{"allow":["GET"]}}],"collection":[{"href":"https:\/\/cuevadenerja.es\/sv\/wp-json\/wp\/v2\/pages"}],"about":[{"href":"https:\/\/cuevadenerja.es\/sv\/wp-json\/wp\/v2\/types\/page"}],"author":[{"embeddable":true,"href":"https:\/\/cuevadenerja.es\/sv\/wp-json\/wp\/v2\/users\/1"}],"replies":[{"embeddable":true,"href":"https:\/\/cuevadenerja.es\/sv\/wp-json\/wp\/v2\/comments?post=19647"}],"version-history":[{"count":0,"href":"https:\/\/cuevadenerja.es\/sv\/wp-json\/wp\/v2\/pages\/19647\/revisions"}],"up":[{"embeddable":true,"href":"https:\/\/cuevadenerja.es\/sv\/wp-json\/wp\/v2\/pages\/19627"}],"wp:attachment":[{"href":"https:\/\/cuevadenerja.es\/sv\/wp-json\/wp\/v2\/media?parent=19647"}],"curies":[{"name":"wp","href":"https:\/\/api.w.org\/{rel}","templated":true}]}}