{"id":19641,"date":"2023-06-26T10:51:36","date_gmt":"2023-06-26T08:51:36","guid":{"rendered":"https:\/\/cuevadenerja.es\/?page_id=19641"},"modified":"2024-03-19T14:11:54","modified_gmt":"2024-03-19T13:11:54","slug":"institutionen","status":"publish","type":"page","link":"https:\/\/cuevadenerja.es\/sv\/institut\/institutionen\/","title":{"rendered":"Institutionen"},"content":{"rendered":"\t\t<div data-elementor-type=\"wp-page\" data-elementor-id=\"19641\" class=\"elementor elementor-19641 elementor-59\" data-elementor-post-type=\"page\">\n\t\t\t\t<div class=\"elementor-element elementor-element-82e9197 e-flex e-con-boxed e-con e-parent\" data-id=\"82e9197\" data-element_type=\"container\" data-e-type=\"container\" data-settings=\"{&quot;background_background&quot;:&quot;classic&quot;}\">\n\t\t\t\t\t<div class=\"e-con-inner\">\n\t\t\t\t<div class=\"elementor-element elementor-element-a8d902a elementor-widget elementor-widget-text-editor\" data-id=\"a8d902a\" data-element_type=\"widget\" data-e-type=\"widget\" data-widget_type=\"text-editor.default\">\n\t\t\t\t<div class=\"elementor-widget-container\">\n\t\t\t\t\t\t\t\t\t<p>Din <strong>onlinebiljett<\/strong> till b\u00e4sta pris och undvik k\u00f6er<\/p>\t\t\t\t\t\t\t\t<\/div>\n\t\t\t\t<\/div>\n\t\t\t\t<div class=\"elementor-element elementor-element-e44e139 elementor-widget elementor-widget-button\" data-id=\"e44e139\" data-element_type=\"widget\" data-e-type=\"widget\" data-widget_type=\"button.default\">\n\t\t\t\t<div class=\"elementor-widget-container\">\n\t\t\t\t\t\t\t\t\t<div class=\"elementor-button-wrapper\">\n\t\t\t\t\t<a class=\"elementor-button elementor-button-link elementor-size-sm\" href=\"https:\/\/entradas.cuevadenerja.es\/\" target=\"_blank\">\n\t\t\t\t\t\t<span class=\"elementor-button-content-wrapper\">\n\t\t\t\t\t\t<span class=\"elementor-button-icon\">\n\t\t\t\t<svg aria-hidden=\"true\" class=\"e-font-icon-svg e-fas-ticket-alt\" viewBox=\"0 0 576 512\" xmlns=\"http:\/\/www.w3.org\/2000\/svg\"><path d=\"M128 160h320v192H128V160zm400 96c0 26.51 21.49 48 48 48v96c0 26.51-21.49 48-48 48H48c-26.51 0-48-21.49-48-48v-96c26.51 0 48-21.49 48-48s-21.49-48-48-48v-96c0-26.51 21.49-48 48-48h480c26.51 0 48 21.49 48 48v96c-26.51 0-48 21.49-48 48zm-48-104c0-13.255-10.745-24-24-24H120c-13.255 0-24 10.745-24 24v208c0 13.255 10.745 24 24 24h336c13.255 0 24-10.745 24-24V152z\"><\/path><\/svg>\t\t\t<\/span>\n\t\t\t\t\t\t\t\t\t<span class=\"elementor-button-text\">K\u00f6p biljetter<\/span>\n\t\t\t\t\t<\/span>\n\t\t\t\t\t<\/a>\n\t\t\t\t<\/div>\n\t\t\t\t\t\t\t\t<\/div>\n\t\t\t\t<\/div>\n\t\t\t\t\t<\/div>\n\t\t\t\t<\/div>\n\t\t<div data-dce-background-overlay-image-url=\"https:\/\/cuevadenerja.es\/wp-content\/uploads\/2023\/06\/Laboratorio-1.jpg\" class=\"elementor-element elementor-element-6df4620 e-flex e-con-boxed e-con e-parent\" data-id=\"6df4620\" data-element_type=\"container\" data-e-type=\"container\" data-settings=\"{&quot;background_background&quot;:&quot;classic&quot;}\">\n\t\t\t\t\t<div class=\"e-con-inner\">\n\t\t<div class=\"elementor-element elementor-element-3616cf0 e-con-full e-flex e-con e-child\" data-id=\"3616cf0\" data-element_type=\"container\" data-e-type=\"container\">\n\t\t\t\t<div class=\"elementor-element elementor-element-785ad64 elementor-widget elementor-widget-text-editor\" data-id=\"785ad64\" data-element_type=\"widget\" data-e-type=\"widget\" data-widget_type=\"text-editor.default\">\n\t\t\t\t<div class=\"elementor-widget-container\">\n\t\t\t\t\t\t\t\t\t<p>FORSKNINGSINSTITUTET<\/p>\t\t\t\t\t\t\t\t<\/div>\n\t\t\t\t<\/div>\n\t\t\t\t<div class=\"elementor-element elementor-element-f0748b7 elementor-widget elementor-widget-heading\" data-id=\"f0748b7\" data-element_type=\"widget\" data-e-type=\"widget\" data-widget_type=\"heading.default\">\n\t\t\t\t<div class=\"elementor-widget-container\">\n\t\t\t\t\t<h1 class=\"elementor-heading-title elementor-size-default\">INSTITUTIONEN\n<\/h1>\t\t\t\t<\/div>\n\t\t\t\t<\/div>\n\t\t\t\t<div class=\"elementor-element elementor-element-6bf6afc elementor-widget elementor-widget-text-editor\" data-id=\"6bf6afc\" data-element_type=\"widget\" data-e-type=\"widget\" data-widget_type=\"text-editor.default\">\n\t\t\t\t<div class=\"elementor-widget-container\">\n\t\t\t\t\t\t\t\t\t<p>Grundat 1999 \u00e4gnar sig Forskningsinstitutet Cueva de Nerja \u00e5t forskning, bevarande och spridning av arvet fr\u00e5n Nerjagrottan.<\/p>\t\t\t\t\t\t\t\t<\/div>\n\t\t\t\t<\/div>\n\t\t\t\t<\/div>\n\t\t\t\t\t<\/div>\n\t\t\t\t<\/div>\n\t\t<div class=\"elementor-element elementor-element-57e8b37 e-flex e-con-boxed e-con e-parent\" data-id=\"57e8b37\" data-element_type=\"container\" data-e-type=\"container\" data-settings=\"{&quot;background_background&quot;:&quot;classic&quot;}\">\n\t\t\t\t\t<div class=\"e-con-inner\">\n\t\t<div class=\"elementor-element elementor-element-5fb248e e-con-full e-flex e-con e-child\" data-id=\"5fb248e\" data-element_type=\"container\" data-e-type=\"container\">\n\t\t\t\t<div class=\"elementor-element elementor-element-ac5dcfe elementor-widget elementor-widget-heading\" data-id=\"ac5dcfe\" data-element_type=\"widget\" data-e-type=\"widget\" data-widget_type=\"heading.default\">\n\t\t\t\t<div class=\"elementor-widget-container\">\n\t\t\t\t\t<h2 class=\"elementor-heading-title elementor-size-default\">INSTITUTIONEN<\/h2>\t\t\t\t<\/div>\n\t\t\t\t<\/div>\n\t\t\t\t<div class=\"elementor-element elementor-element-0c3d15b elementor-widget elementor-widget-text-editor\" data-id=\"0c3d15b\" data-element_type=\"widget\" data-e-type=\"widget\" data-widget_type=\"text-editor.default\">\n\t\t\t\t<div class=\"elementor-widget-container\">\n\t\t\t\t\t\t\t\t\t<p>Forskningsinstitutet Cueva de Nerja (IICN) skapades \u00e5r 1999 i syfte att uppfylla m\u00e5len som anges i stadgarna f\u00f6r den Offentliga Tj\u00e4nstestiftelsen Cueva de Nerja som r\u00f6r forskning, bevarande och spridning av det Naturliga och Kulturella Arvet i Nerjagrottan och dess omgivning. Det \u00e4r ett forskningsinstitut utan vinstsyfte, best\u00e5ende av den vetenskapliga personalen fr\u00e5n FPS Cueva de Nerja och finansieras helt och h\u00e5llet av denna organisation.<\/p><p>Forskningsinstitutet har, som styrande organ, ett Vetenskapligt R\u00e5dgivande R\u00e5d som ansvarar f\u00f6r att bland annat utarbeta forskningslinjer och projekt som ska genomf\u00f6ras av stiftelsen, samt f\u00f6resl\u00e5 organisationen av symposier, kongresser, konferenser, publiceringsplaner eller n\u00e5gon annan aktivitet som syftar till spridning och vetenskaplig k\u00e4nnedom om Nerjagrottan och dess omgivning. Vetenskapliga R\u00e5dgivande R\u00e5det f\u00f6resl\u00e5r \u00e4ven \u00e5tg\u00e4rder f\u00f6r korrekt bevarande av grottan, med h\u00e4nsyn till dess sociala och ekonomiska funktion som f\u00f6ljer av dess rationella och h\u00e5llbara utnyttjande.<\/p>\t\t\t\t\t\t\t\t<\/div>\n\t\t\t\t<\/div>\n\t\t\t\t<\/div>\n\t\t<div class=\"elementor-element elementor-element-6938ca0 e-con-full e-flex e-con e-child\" data-id=\"6938ca0\" data-element_type=\"container\" data-e-type=\"container\">\n\t\t\t\t<div class=\"elementor-element elementor-element-35e3427 elementor-widget elementor-widget-heading\" data-id=\"35e3427\" data-element_type=\"widget\" data-e-type=\"widget\" data-widget_type=\"heading.default\">\n\t\t\t\t<div class=\"elementor-widget-container\">\n\t\t\t\t\t<h2 class=\"elementor-heading-title elementor-size-default\">FACILITETER\n<\/h2>\t\t\t\t<\/div>\n\t\t\t\t<\/div>\n\t\t\t\t<div class=\"elementor-element elementor-element-b7b12fd elementor-widget elementor-widget-text-editor\" data-id=\"b7b12fd\" data-element_type=\"widget\" data-e-type=\"widget\" data-widget_type=\"text-editor.default\">\n\t\t\t\t<div class=\"elementor-widget-container\">\n\t\t\t\t\t\t\t\t\t<p>IICN:s h\u00f6gkvarter, bel\u00e4get inom grottans omr\u00e5de i den tekniska servicen byggnaden, har olika faciliteter: forskningsbibliotek, laboratorium, mikroskopiomr\u00e5de, tekniskt lager, kontor avsedda f\u00f6r Speleoclub Cueva de Nerja och Speleosocorro-tj\u00e4nsten, kontor och bost\u00e4der f\u00f6r tillf\u00e4lliga forskare.<\/p><p>Forskningsinstitutets bibliotek skapades \u00e5r 1995 i syfte att tillhandah\u00e5lla forskare, studenter och intresserade yrkespersoner tillg\u00e5ng till bibliografiska och dokument\u00e4ra resurser fr\u00e5n Cueva de Nerja-stiftelsen. Det inneh\u00e5ller cirka 2500 volymer, organiserade i f\u00f6ljande avsnitt: F\u00f6rhistoria, Geologi, Mikrobiologi, Zoologi, Botanik, Protohistoria, Historia, Grottor i V\u00e4rlden, Geologiska kartor, Doktorsavhandlingar, Audiovisuella dokument och Specifika publikationer om Nerjagrottan.<\/p><p>En annan kompletterande vetenskaplig anl\u00e4ggning \u00e4r Nerjagrottans v\u00e4derstation, utrustad med instrument fr\u00e5n Andalusiens Milj\u00f6- och Vattenagentur och den Spanska Meteorologiska Agenturen.<\/p>\t\t\t\t\t\t\t\t<\/div>\n\t\t\t\t<\/div>\n\t\t\t\t<\/div>\n\t\t\t\t\t<\/div>\n\t\t\t\t<\/div>\n\t\t<div class=\"elementor-element elementor-element-db6d18c e-flex e-con-boxed e-con e-parent\" data-id=\"db6d18c\" data-element_type=\"container\" data-e-type=\"container\" data-settings=\"{&quot;background_background&quot;:&quot;classic&quot;}\">\n\t\t\t\t\t<div class=\"e-con-inner\">\n\t\t\t\t<div class=\"elementor-element elementor-element-aa47946 elementor-widget elementor-widget-gallery\" data-id=\"aa47946\" data-element_type=\"widget\" data-e-type=\"widget\" data-settings=\"{&quot;columns&quot;:3,&quot;lazyload&quot;:&quot;yes&quot;,&quot;gallery_layout&quot;:&quot;grid&quot;,&quot;columns_tablet&quot;:2,&quot;columns_mobile&quot;:1,&quot;gap&quot;:{&quot;unit&quot;:&quot;px&quot;,&quot;size&quot;:10,&quot;sizes&quot;:[]},&quot;gap_tablet_extra&quot;:{&quot;unit&quot;:&quot;px&quot;,&quot;size&quot;:10,&quot;sizes&quot;:[]},&quot;gap_tablet&quot;:{&quot;unit&quot;:&quot;px&quot;,&quot;size&quot;:10,&quot;sizes&quot;:[]},&quot;gap_mobile&quot;:{&quot;unit&quot;:&quot;px&quot;,&quot;size&quot;:10,&quot;sizes&quot;:[]},&quot;link_to&quot;:&quot;file&quot;,&quot;aspect_ratio&quot;:&quot;3:2&quot;,&quot;overlay_background&quot;:&quot;yes&quot;,&quot;content_hover_animation&quot;:&quot;fade-in&quot;}\" data-widget_type=\"gallery.default\">\n\t\t\t\t<div class=\"elementor-widget-container\">\n\t\t\t\t\t\t\t<div class=\"elementor-gallery__container\">\n\t\t\t\t\t\t\t<a class=\"e-gallery-item elementor-gallery-item elementor-animated-content\" href=\"https:\/\/cuevadenerja.es\/wp-content\/uploads\/2023\/09\/Instalaciones1.jpg\" data-elementor-open-lightbox=\"yes\" data-elementor-lightbox-slideshow=\"aa47946\" data-elementor-lightbox-title=\"Biblioteca\" data-e-action-hash=\"#elementor-action%3Aaction%3Dlightbox%26settings%3DeyJpZCI6MTIyNTMsInVybCI6Imh0dHBzOlwvXC9jdWV2YWRlbmVyamEuZXNcL3dwLWNvbnRlbnRcL3VwbG9hZHNcLzIwMjNcLzA5XC9JbnN0YWxhY2lvbmVzMS5qcGciLCJzbGlkZXNob3ciOiJhYTQ3OTQ2In0%3D\">\n\t\t\t\t\t<div class=\"e-gallery-image elementor-gallery-item__image\" data-thumbnail=\"https:\/\/cuevadenerja.es\/wp-content\/uploads\/2023\/09\/Instalaciones1.jpg\" data-width=\"1600\" data-height=\"1060\" aria-label=\"\" role=\"img\" ><\/div>\n\t\t\t\t\t\t\t\t\t\t\t<div class=\"elementor-gallery-item__overlay\"><\/div>\n\t\t\t\t\t\t\t\t\t\t\t\t\t\t<\/a>\n\t\t\t\t\t\t\t<a class=\"e-gallery-item elementor-gallery-item elementor-animated-content\" href=\"https:\/\/cuevadenerja.es\/wp-content\/uploads\/2023\/06\/Laboratorio-1.jpg\" data-elementor-open-lightbox=\"yes\" data-elementor-lightbox-slideshow=\"aa47946\" data-elementor-lightbox-title=\"Laboratorio-1\" data-elementor-lightbox-description=\"Microdocumental. Peque\u00f1a y Exclusiva. La Fauna Cavern\u00edcola\" data-e-action-hash=\"#elementor-action%3Aaction%3Dlightbox%26settings%3DeyJpZCI6MTk2MjgsInVybCI6Imh0dHBzOlwvXC9jdWV2YWRlbmVyamEuZXNcL3dwLWNvbnRlbnRcL3VwbG9hZHNcLzIwMjNcLzA2XC9MYWJvcmF0b3Jpby0xLmpwZyIsInNsaWRlc2hvdyI6ImFhNDc5NDYifQ%3D%3D\">\n\t\t\t\t\t<div class=\"e-gallery-image elementor-gallery-item__image\" data-thumbnail=\"https:\/\/cuevadenerja.es\/wp-content\/uploads\/2023\/06\/Laboratorio-1.jpg\" data-width=\"1800\" data-height=\"1200\" aria-label=\"\" role=\"img\" ><\/div>\n\t\t\t\t\t\t\t\t\t\t\t<div class=\"elementor-gallery-item__overlay\"><\/div>\n\t\t\t\t\t\t\t\t\t\t\t\t\t\t<\/a>\n\t\t\t\t\t\t\t<a class=\"e-gallery-item elementor-gallery-item elementor-animated-content\" href=\"https:\/\/cuevadenerja.es\/wp-content\/uploads\/2023\/09\/Laboratorio-2.jpg\" data-elementor-open-lightbox=\"yes\" data-elementor-lightbox-slideshow=\"aa47946\" data-elementor-lightbox-title=\"Laboratorio-2\" data-e-action-hash=\"#elementor-action%3Aaction%3Dlightbox%26settings%3DeyJpZCI6MTk2MjksInVybCI6Imh0dHBzOlwvXC9jdWV2YWRlbmVyamEuZXNcL3dwLWNvbnRlbnRcL3VwbG9hZHNcLzIwMjNcLzA5XC9MYWJvcmF0b3Jpby0yLmpwZyIsInNsaWRlc2hvdyI6ImFhNDc5NDYifQ%3D%3D\">\n\t\t\t\t\t<div class=\"e-gallery-image elementor-gallery-item__image\" data-thumbnail=\"https:\/\/cuevadenerja.es\/wp-content\/uploads\/2023\/09\/Laboratorio-2.jpg\" data-width=\"1800\" data-height=\"1200\" aria-label=\"\" role=\"img\" ><\/div>\n\t\t\t\t\t\t\t\t\t\t\t<div class=\"elementor-gallery-item__overlay\"><\/div>\n\t\t\t\t\t\t\t\t\t\t\t\t\t\t<\/a>\n\t\t\t\t\t<\/div>\n\t\t\t\t\t<\/div>\n\t\t\t\t<\/div>\n\t\t\t\t\t<\/div>\n\t\t\t\t<\/div>\n\t\t\t\t<\/div>\n\t\t","protected":false},"excerpt":{"rendered":"<p>Din onlinebiljett till b\u00e4sta pris och undvik k\u00f6er K\u00f6p biljetter FORSKNINGSINSTITUTET INSTITUTIONEN Grundat 1999 \u00e4gnar sig Forskningsinstitutet Cueva de Nerja \u00e5t forskning, bevarande och spridning av arvet fr\u00e5n Nerjagrottan. INSTITUTIONEN Forskningsinstitutet Cueva de Nerja (IICN) skapades \u00e5r 1999 i syfte att uppfylla m\u00e5len som anges i stadgarna f\u00f6r den Offentliga Tj\u00e4nstestiftelsen Cueva de Nerja som [&hellip;]<\/p>\n","protected":false},"author":1,"featured_media":0,"parent":19627,"menu_order":0,"comment_status":"closed","ping_status":"closed","template":"","meta":{"inline_featured_image":false,"site-sidebar-layout":"no-sidebar","site-content-layout":"page-builder","ast-site-content-layout":"full-width-container","site-content-style":"unboxed","site-sidebar-style":"unboxed","ast-global-header-display":"","ast-banner-title-visibility":"","ast-main-header-display":"","ast-hfb-above-header-display":"","ast-hfb-below-header-display":"","ast-hfb-mobile-header-display":"","site-post-title":"disabled","ast-breadcrumbs-content":"","ast-featured-img":"disabled","footer-sml-layout":"","ast-disable-related-posts":"","theme-transparent-header-meta":"default","adv-header-id-meta":"","stick-header-meta":"default","header-above-stick-meta":"","header-main-stick-meta":"","header-below-stick-meta":"","astra-migrate-meta-layouts":"set","ast-page-background-enabled":"default","ast-page-background-meta":{"desktop":{"background-color":"var(--ast-global-color-4)","background-image":"","background-repeat":"repeat","background-position":"center center","background-size":"auto","background-attachment":"scroll","background-type":"","background-media":"","overlay-type":"","overlay-color":"","overlay-opacity":"","overlay-gradient":""},"tablet":{"background-color":"","background-image":"","background-repeat":"repeat","background-position":"center center","background-size":"auto","background-attachment":"scroll","background-type":"","background-media":"","overlay-type":"","overlay-color":"","overlay-opacity":"","overlay-gradient":""},"mobile":{"background-color":"","background-image":"","background-repeat":"repeat","background-position":"center center","background-size":"auto","background-attachment":"scroll","background-type":"","background-media":"","overlay-type":"","overlay-color":"","overlay-opacity":"","overlay-gradient":""}},"ast-content-background-meta":{"desktop":{"background-color":"var(--ast-global-color-5)","background-image":"","background-repeat":"repeat","background-position":"center center","background-size":"auto","background-attachment":"scroll","background-type":"","background-media":"","overlay-type":"","overlay-color":"","overlay-opacity":"","overlay-gradient":""},"tablet":{"background-color":"var(--ast-global-color-5)","background-image":"","background-repeat":"repeat","background-position":"center center","background-size":"auto","background-attachment":"scroll","background-type":"","background-media":"","overlay-type":"","overlay-color":"","overlay-opacity":"","overlay-gradient":""},"mobile":{"background-color":"var(--ast-global-color-5)","background-image":"","background-repeat":"repeat","background-position":"center center","background-size":"auto","background-attachment":"scroll","background-type":"","background-media":"","overlay-type":"","overlay-color":"","overlay-opacity":"","overlay-gradient":""}},"footnotes":""},"class_list":["post-19641","page","type-page","status-publish","hentry"],"_links":{"self":[{"href":"https:\/\/cuevadenerja.es\/sv\/wp-json\/wp\/v2\/pages\/19641","targetHints":{"allow":["GET"]}}],"collection":[{"href":"https:\/\/cuevadenerja.es\/sv\/wp-json\/wp\/v2\/pages"}],"about":[{"href":"https:\/\/cuevadenerja.es\/sv\/wp-json\/wp\/v2\/types\/page"}],"author":[{"embeddable":true,"href":"https:\/\/cuevadenerja.es\/sv\/wp-json\/wp\/v2\/users\/1"}],"replies":[{"embeddable":true,"href":"https:\/\/cuevadenerja.es\/sv\/wp-json\/wp\/v2\/comments?post=19641"}],"version-history":[{"count":0,"href":"https:\/\/cuevadenerja.es\/sv\/wp-json\/wp\/v2\/pages\/19641\/revisions"}],"up":[{"embeddable":true,"href":"https:\/\/cuevadenerja.es\/sv\/wp-json\/wp\/v2\/pages\/19627"}],"wp:attachment":[{"href":"https:\/\/cuevadenerja.es\/sv\/wp-json\/wp\/v2\/media?parent=19641"}],"curies":[{"name":"wp","href":"https:\/\/api.w.org\/{rel}","templated":true}]}}