{"id":19579,"date":"2023-07-03T13:22:58","date_gmt":"2023-07-03T11:22:58","guid":{"rendered":"https:\/\/cuevadenerja.es\/?page_id=19579"},"modified":"2024-03-19T12:39:24","modified_gmt":"2024-03-19T11:39:24","slug":"parkering-och-bussar-festival","status":"publish","type":"page","link":"https:\/\/cuevadenerja.es\/sv\/parkering-och-bussar-festival\/","title":{"rendered":"Parkering och Bussar Festival"},"content":{"rendered":"\t\t<div data-elementor-type=\"wp-page\" data-elementor-id=\"19579\" class=\"elementor elementor-19579\" data-elementor-post-type=\"page\">\n\t\t\t\t<div class=\"elementor-element elementor-element-a6d8094 e-flex e-con-boxed e-con e-parent\" data-id=\"a6d8094\" data-element_type=\"container\" data-e-type=\"container\" data-settings=\"{&quot;background_background&quot;:&quot;classic&quot;}\">\n\t\t\t\t\t<div class=\"e-con-inner\">\n\t\t\t\t<div class=\"elementor-element elementor-element-848d8fe elementor-widget elementor-widget-text-editor\" data-id=\"848d8fe\" data-element_type=\"widget\" data-e-type=\"widget\" data-widget_type=\"text-editor.default\">\n\t\t\t\t<div class=\"elementor-widget-container\">\n\t\t\t\t\t\t\t\t\t<p>Din <strong>onlinebiljett<\/strong> till b\u00e4sta pris och undvik k\u00f6er<\/p>\t\t\t\t\t\t\t\t<\/div>\n\t\t\t\t<\/div>\n\t\t\t\t<div class=\"elementor-element elementor-element-5ce8eaf elementor-widget elementor-widget-button\" data-id=\"5ce8eaf\" data-element_type=\"widget\" data-e-type=\"widget\" data-widget_type=\"button.default\">\n\t\t\t\t<div class=\"elementor-widget-container\">\n\t\t\t\t\t\t\t\t\t<div class=\"elementor-button-wrapper\">\n\t\t\t\t\t<a class=\"elementor-button elementor-button-link elementor-size-sm\" href=\"https:\/\/entradas.cuevadenerja.es\/\" target=\"_blank\">\n\t\t\t\t\t\t<span class=\"elementor-button-content-wrapper\">\n\t\t\t\t\t\t<span class=\"elementor-button-icon\">\n\t\t\t\t<svg aria-hidden=\"true\" class=\"e-font-icon-svg e-fas-ticket-alt\" viewBox=\"0 0 576 512\" xmlns=\"http:\/\/www.w3.org\/2000\/svg\"><path d=\"M128 160h320v192H128V160zm400 96c0 26.51 21.49 48 48 48v96c0 26.51-21.49 48-48 48H48c-26.51 0-48-21.49-48-48v-96c26.51 0 48-21.49 48-48s-21.49-48-48-48v-96c0-26.51 21.49-48 48-48h480c26.51 0 48 21.49 48 48v96c-26.51 0-48 21.49-48 48zm-48-104c0-13.255-10.745-24-24-24H120c-13.255 0-24 10.745-24 24v208c0 13.255 10.745 24 24 24h336c13.255 0 24-10.745 24-24V152z\"><\/path><\/svg>\t\t\t<\/span>\n\t\t\t\t\t\t\t\t\t<span class=\"elementor-button-text\">K\u00f6p biljetter<\/span>\n\t\t\t\t\t<\/span>\n\t\t\t\t\t<\/a>\n\t\t\t\t<\/div>\n\t\t\t\t\t\t\t\t<\/div>\n\t\t\t\t<\/div>\n\t\t\t\t\t<\/div>\n\t\t\t\t<\/div>\n\t\t<div data-dce-background-color=\"#313130\" data-dce-background-overlay-image-url=\"https:\/\/cuevadenerja.es\/wp-content\/uploads\/2023\/07\/Mapa-Festival-Cueva-de-Nerja-2023.jpg\" class=\"elementor-element elementor-element-e5feb2a e-flex e-con-boxed e-con e-parent\" data-id=\"e5feb2a\" data-element_type=\"container\" data-e-type=\"container\" data-settings=\"{&quot;background_background&quot;:&quot;classic&quot;}\">\n\t\t\t\t\t<div class=\"e-con-inner\">\n\t\t<div class=\"elementor-element elementor-element-5a1ef96 e-con-full e-flex e-con e-child\" data-id=\"5a1ef96\" data-element_type=\"container\" data-e-type=\"container\">\n\t\t\t\t<div class=\"elementor-element elementor-element-ddf584c elementor-widget elementor-widget-text-editor\" data-id=\"ddf584c\" data-element_type=\"widget\" data-e-type=\"widget\" data-widget_type=\"text-editor.default\">\n\t\t\t\t<div class=\"elementor-widget-container\">\n\t\t\t\t\t\t\t\t\t<p>MUSIKFESTIVAL<\/p>\t\t\t\t\t\t\t\t<\/div>\n\t\t\t\t<\/div>\n\t\t\t\t<div class=\"elementor-element elementor-element-c18e088 elementor-widget elementor-widget-heading\" data-id=\"c18e088\" data-element_type=\"widget\" data-e-type=\"widget\" data-widget_type=\"heading.default\">\n\t\t\t\t<div class=\"elementor-widget-container\">\n\t\t\t\t\t<h1 class=\"elementor-heading-title elementor-size-default\">Parkering och transporter<\/h1>\t\t\t\t<\/div>\n\t\t\t\t<\/div>\n\t\t\t\t<div class=\"elementor-element elementor-element-18dc340 elementor-widget elementor-widget-text-editor\" data-id=\"18dc340\" data-element_type=\"widget\" data-e-type=\"widget\" data-widget_type=\"text-editor.default\">\n\t\t\t\t<div class=\"elementor-widget-container\">\n\t\t\t\t\t\t\t\t\t<div class=\"flex-1 overflow-hidden\"><div class=\"react-scroll-to-bottom--css-enakv-79elbk h-full\"><div class=\"react-scroll-to-bottom--css-enakv-1n7m0yu\"><div class=\"flex flex-col text-sm pb-9\"><div class=\"w-full text-token-text-primary\" data-testid=\"conversation-turn-145\"><div class=\"px-4 py-2 justify-center text-base md:gap-6 m-auto\"><div class=\"flex flex-1 text-base mx-auto gap-3 md:px-5 lg:px-1 xl:px-5 md:max-w-3xl lg:max-w-[40rem] xl:max-w-[48rem] group final-completion\"><div class=\"relative flex w-full flex-col agent-turn\"><div class=\"flex-col gap-1 md:gap-3\"><div class=\"flex flex-grow flex-col max-w-full\"><div class=\"min-h-[20px] text-message flex flex-col items-start gap-3 whitespace-pre-wrap break-words [.text-message+&amp;]:mt-5 overflow-x-auto\" data-message-author-role=\"assistant\" data-message-id=\"9e6eea7b-d15f-43e5-9506-c0f80126a844\"><div class=\"markdown prose w-full break-words dark:prose-invert light\"><p>F\u00f6r att underl\u00e4tta din \u00e5tkomst till Cueva de Nerja 2023 Festival har vi organiserat transportalternativ s\u00e5som parkering, bussar och turistt\u00e5g. Dessutom v\u00e4ntar olika nyheter under konserternas kv\u00e4llar och n\u00e4tter p\u00e5 platsen. Njut av musiken med bekv\u00e4mlighet och l\u00e4tthet!<\/p><\/div><\/div><\/div><\/div><\/div><\/div><\/div><\/div><\/div><\/div><\/div><\/div>\t\t\t\t\t\t\t\t<\/div>\n\t\t\t\t<\/div>\n\t\t\t\t<\/div>\n\t\t\t\t\t<\/div>\n\t\t\t\t<\/div>\n\t\t<div class=\"elementor-element elementor-element-ad41e07 e-flex e-con-boxed e-con e-parent\" data-id=\"ad41e07\" data-element_type=\"container\" data-e-type=\"container\" data-settings=\"{&quot;background_background&quot;:&quot;classic&quot;}\">\n\t\t\t\t\t<div class=\"e-con-inner\">\n\t\t<div class=\"elementor-element elementor-element-76b0aaa e-con-full e-flex e-con e-child\" data-id=\"76b0aaa\" data-element_type=\"container\" data-e-type=\"container\">\n\t\t\t\t<div class=\"elementor-element elementor-element-da498f3 elementor-widget elementor-widget-text-editor\" data-id=\"da498f3\" data-element_type=\"widget\" data-e-type=\"widget\" data-widget_type=\"text-editor.default\">\n\t\t\t\t<div class=\"elementor-widget-container\">\n\t\t\t\t\t\t\t\t\tParkeringsplatser, bussar och turistt\u00e5g p\u00e5 v\u00e4gen f\u00f6r att komma till Festivalen Cueva de Nerja 2023: vi ber\u00e4ttar hur du kommer till Festivalen Cueva de Nerja 2023. Vi har aktiverat tj\u00e4nster f\u00f6r en bekv\u00e4m och enkel tillg\u00e5ng f\u00f6r alla. Dessutom finns det m\u00e5nga nyheter p\u00e5 grottomr\u00e5det under eftermiddagarna och kv\u00e4llarna f\u00f6r konserterna.\n\n<strong>Den <a href=\"https:\/\/cuevadenerja.es\/festival-de-musica\/\" target=\"_blank\" rel=\"noopener\">62:a Festivalen av Musik i Grottan i Nerja<\/a> b\u00f6rjar fredagen den 30 juni och p\u00e5g\u00e5r hela sommaren.<\/strong> Med dessa parkeringsplatser och bussar kan du enkelt komma till konserterna p\u00e5 detta musikm\u00f6te.\n<h3><span style=\"color: #bc1f14;\">Varifr\u00e5n kommer du till Festivalen i Grottan i Nerja 2023?<\/span><\/h3>\n<h4><span style=\"color: #bc1f14;\">Om du kommer fr\u00e5n Nerja. Turistbussar och t\u00e5g p\u00e5 v\u00e4g till konserterna p\u00e5 Festivalen i Grottan i Nerja<\/span><\/h4>\nFR\u00c5N NERJA. Om du bor eller befinner dig i Nerja, ber vi dig att inte anv\u00e4nda din privata bil, du kan resa gratis med turistbussar och t\u00e5g p\u00e5 v\u00e4gen som avg\u00e5r fr\u00e5n dessa 3 h\u00e5llplatser: busstationen i Nerja, framf\u00f6r polisstationen i Nerja och framf\u00f6r h\u00e4lsocentralen i Nerja, och g\u00e5r till Grottan i Nerja.\n\n<strong>Fr\u00e5n kl. 19:30 till 22:30, ungef\u00e4r var 30:e minut.<\/strong> Resan tillbaka kommer att vara fr\u00e5n Grottan i Nerja till busstationen, med de 2 n\u00e4mnda h\u00e5llplatserna p\u00e5 v\u00e4gen, fr\u00e5n kl. 00:00 till 03:00, ungef\u00e4r var 30:e minut.\n<h4><span style=\"color: #bc1f14;\">Om du kommer fr\u00e5n utanf\u00f6r Nerja med egen bil. Parkeringsplatser vid konserterna p\u00e5 Festivalen i Grottan i Nerja och shuttlebussar till grottan<\/span><\/h4>\nFR\u00c5N UTANF\u00d6R NERJA. Om du kommer fr\u00e5n utanf\u00f6r staden med din egen bil, kom i god tid f\u00f6r att undvika trafikstockningar och f\u00f6r att kunna parkera p\u00e5 de olika gratisparkeringarna som vi har tillg\u00e4ngliga. Nedan kan du se vilka parkeringsutrymmen som finns tillg\u00e4ngliga.\n\n<strong>Det kommer att finnas shuttlebussar som tar dig till omr\u00e5det fr\u00e5n dessa platser.<\/strong> <strong>Shuttlebussarna kommer att g\u00e5 fr\u00e5n kl. 19:30 till 22:30, ungef\u00e4r var 30:e minut.<\/strong> Resan tillbaka kommer att vara fr\u00e5n Grottan i Nerja till busstationen, med stopp vid alla tillg\u00e4ngliga parkeringsomr\u00e5den, fr\u00e5n kl. 00:00 till 03:00, ungef\u00e4r var 30:e minut.\n\nKlicka h\u00e4r f\u00f6r att se <a href=\"https:\/\/www.google.com\/maps\/d\/u\/0\/viewer?mid=1AwHx7Es9q7nPA_Kf6nYfr3J-Uy_d8_0&amp;ll=36.750963821621646%2C-3.849229077449865&amp;z=15\" target=\"_blank\" rel=\"noopener\">kartan \u00f6ver alla parkeringar<\/a>.\n\nNedan kan du se <strong>adressen till varje parkering f\u00f6r att ta dig dit med Google Maps, p\u00e5 de mest avl\u00e4gsna platserna finns det shuttlebussar som tar dig till Festivalen i Grottan i Nerja:<\/strong>\n<ol>\n \t<li>Parkeringsplats 1 <a href=\"https:\/\/www.google.com\/maps\/dir\/36.7617025,-3.8462788\/@36.7616008,-3.9160394,12z\" target=\"_blank\" rel=\"noopener\">Grottomr\u00e5det<\/a> (300 platser)<\/li>\n \t<li>Parkeringsplats 2 <a href=\"https:\/\/www.google.com\/maps\/dir\/36.7620456,-3.8473718\/@36.7620971,-3.9175387,12z\" target=\"_blank\" rel=\"noopener\">N\u00e4ra Grottan i Nerja<\/a> (160 platser)<\/li>\n \t<li>Parkeringsplats 3 <a href=\"https:\/\/www.google.com\/maps\/dir\/36.7606832,-3.8482184\/@36.76064,-3.8505187,17z\" target=\"_blank\" rel=\"noopener\">Urbanisering<\/a> (80 platser)<\/li>\n \t<li>Parkeringsplats 4 <a href=\"https:\/\/www.google.com\/maps\/dir\/36.7595271,-3.8461638\/@36.7594102,-3.91611,12z\" target=\"_blank\" rel=\"noopener\">Gamla v\u00e4g N340<\/a> (180 platser)<\/li>\n \t<li>Parkeringsplats 5 <a href=\"https:\/\/www.google.com\/maps\/dir\/36.7576661,-3.8608122\/@36.7574958,-3.9306335,12z\" target=\"_blank\" rel=\"noopener\">N\u00e4ra EDAR i Nerja<\/a> (200 platser)<\/li>\n \t<li>Parkeringsplats 6 <a href=\"https:\/\/www.google.com\/maps\/dir\/36.758701,-3.8709035\/@36.7587506,-3.8728836,17z\" target=\"_blank\" rel=\"noopener\">N\u00e4ra sportanl\u00e4ggningen<\/a> (250 platser)<\/li>\n<\/ol>\n<div>\n<h4><span style=\"color: #bc1f14;\">Bes\u00f6k grottan och dess virtuella verklighetssal p\u00e5 kv\u00e4llen, f\u00f6re Festivalen av Musik i Grottan i Nerja 2023<\/span><\/h4>\n<\/div>\n<div>\n<div>Ut\u00f6ver detta \u00e5r har du under Festivalen av Musik i Grottan i Nerja 2023 flera tj\u00e4nster i grottan, bland annat kan du bes\u00f6ka grottan p\u00e5 ett unikt s\u00e4tt och ocks\u00e5 den nya virtuella verklighetssalen.<\/div>\n<\/div>\n<div><\/div>\n<div><span style=\"text-decoration: underline;\">Bland tj\u00e4nsterna som erbjuds under festivalsdagarna finns:<\/span><\/div>\n<div><\/div>\n<div>\n<ul>\n \t<li><strong>Bes\u00f6k i Grottan i Nerja med en exklusiv upplevelse med Miguel Joven, &#8221;Tito&#8221; fr\u00e5n Sommar i Bl\u00e5tt.<\/strong> Kan k\u00f6pas i biljettkassan p\u00e5 plats. Med 2 valbara tider: 20:15 och 20:30, varar rundturen ungef\u00e4r 1 timme.<\/li>\n<\/ul>\n<ul>\n \t<li><strong>360-upplevelse i den virtuella verklighetssalen i Grottan i Nerja.<\/strong> Kan k\u00f6pas i biljettkassan p\u00e5 plats. Den totala upplevelsen varar ungef\u00e4r 20 minuter och du kan komma in mellan kl. 20:30 och 22:00.<\/li>\n<\/ul>\n<h4><span style=\"color: #bc1f14;\"><strong>Andra tj\u00e4nster under Festivalen av Musik i Grottan i Nerja 2023<\/strong><\/span><\/h4>\n<\/div>\n<div>F\u00f6rutom de tidigare n\u00e4mnda bes\u00f6ken finns f\u00f6ljande tj\u00e4nster tillg\u00e4ngliga i grottan under eftermiddagarna och kv\u00e4llarna med f\u00f6rest\u00e4llningar:<\/div>\n<ul>\n \t<li>Middagar p\u00e5 restaurangen med f\u00f6rbokning p\u00e5: 952 52 96 00.<\/li>\n \t<li>Dricka i barer och serveringspersonal.<\/li>\n \t<li>Parkering och transfer till Grottan i Nerja.<\/li>\n \t<li>Minnesfotografering.<\/li>\n \t<li>Merchandisebutik.<\/li>\n \t<li>Fotob\u00e5s.<\/li>\n \t<li>Chillout-omr\u00e5de.<\/li>\n \t<li>Auditorium.<\/li>\n \t<li>Biljettkassa.<\/li>\n<\/ul>\n<h4><span style=\"color: #bc1f14;\">Terrassen, ett chill out-omr\u00e5de f\u00f6r att njuta f\u00f6re och efter konserterna p\u00e5 Festivalen av Musik i Grottan i Nerja 2023<\/span><\/h4>\n<div>\n\nUt\u00f6ver detta rekommenderar vi att du kommer i god tid f\u00f6r att njuta av Terrassen i Grottan, en plats att koppla av f\u00f6re och efter konserterna och d\u00e4r du kan lyssna p\u00e5 musik, ta n\u00e5got att dricka och koppla av.\n\n<strong>H\u00e4r finns dryckes- och matmeny tillg\u00e4ngliga.<\/strong> Den ligger n\u00e4ra festivalens l\u00e4ktaromr\u00e5de, v\u00e5r personal kommer att guida dig till den.\n\n<\/div>\n\t\t\t\t\t\t\t\t<\/div>\n\t\t\t\t<\/div>\n\t\t\t\t<\/div>\n\t\t\t\t\t<\/div>\n\t\t\t\t<\/div>\n\t\t\t\t<\/div>\n\t\t","protected":false},"excerpt":{"rendered":"<p>Din onlinebiljett till b\u00e4sta pris och undvik k\u00f6er K\u00f6p biljetter MUSIKFESTIVAL Parkering och transporter F\u00f6r att underl\u00e4tta din \u00e5tkomst till Cueva de Nerja 2023 Festival har vi organiserat transportalternativ s\u00e5som parkering, bussar och turistt\u00e5g. Dessutom v\u00e4ntar olika nyheter under konserternas kv\u00e4llar och n\u00e4tter p\u00e5 platsen. Njut av musiken med bekv\u00e4mlighet och l\u00e4tthet! Parkeringsplatser, bussar och [&hellip;]<\/p>\n","protected":false},"author":1,"featured_media":0,"parent":0,"menu_order":0,"comment_status":"closed","ping_status":"closed","template":"","meta":{"inline_featured_image":false,"site-sidebar-layout":"no-sidebar","site-content-layout":"page-builder","ast-site-content-layout":"full-width-container","site-content-style":"unboxed","site-sidebar-style":"unboxed","ast-global-header-display":"","ast-banner-title-visibility":"","ast-main-header-display":"","ast-hfb-above-header-display":"","ast-hfb-below-header-display":"","ast-hfb-mobile-header-display":"","site-post-title":"disabled","ast-breadcrumbs-content":"","ast-featured-img":"disabled","footer-sml-layout":"","ast-disable-related-posts":"","theme-transparent-header-meta":"default","adv-header-id-meta":"","stick-header-meta":"default","header-above-stick-meta":"","header-main-stick-meta":"","header-below-stick-meta":"","astra-migrate-meta-layouts":"set","ast-page-background-enabled":"default","ast-page-background-meta":{"desktop":{"background-color":"var(--ast-global-color-4)","background-image":"","background-repeat":"repeat","background-position":"center center","background-size":"auto","background-attachment":"scroll","background-type":"","background-media":"","overlay-type":"","overlay-color":"","overlay-opacity":"","overlay-gradient":""},"tablet":{"background-color":"","background-image":"","background-repeat":"repeat","background-position":"center center","background-size":"auto","background-attachment":"scroll","background-type":"","background-media":"","overlay-type":"","overlay-color":"","overlay-opacity":"","overlay-gradient":""},"mobile":{"background-color":"","background-image":"","background-repeat":"repeat","background-position":"center center","background-size":"auto","background-attachment":"scroll","background-type":"","background-media":"","overlay-type":"","overlay-color":"","overlay-opacity":"","overlay-gradient":""}},"ast-content-background-meta":{"desktop":{"background-color":"var(--ast-global-color-5)","background-image":"","background-repeat":"repeat","background-position":"center center","background-size":"auto","background-attachment":"scroll","background-type":"","background-media":"","overlay-type":"","overlay-color":"","overlay-opacity":"","overlay-gradient":""},"tablet":{"background-color":"var(--ast-global-color-5)","background-image":"","background-repeat":"repeat","background-position":"center center","background-size":"auto","background-attachment":"scroll","background-type":"","background-media":"","overlay-type":"","overlay-color":"","overlay-opacity":"","overlay-gradient":""},"mobile":{"background-color":"var(--ast-global-color-5)","background-image":"","background-repeat":"repeat","background-position":"center center","background-size":"auto","background-attachment":"scroll","background-type":"","background-media":"","overlay-type":"","overlay-color":"","overlay-opacity":"","overlay-gradient":""}},"footnotes":""},"class_list":["post-19579","page","type-page","status-publish","hentry"],"_links":{"self":[{"href":"https:\/\/cuevadenerja.es\/sv\/wp-json\/wp\/v2\/pages\/19579","targetHints":{"allow":["GET"]}}],"collection":[{"href":"https:\/\/cuevadenerja.es\/sv\/wp-json\/wp\/v2\/pages"}],"about":[{"href":"https:\/\/cuevadenerja.es\/sv\/wp-json\/wp\/v2\/types\/page"}],"author":[{"embeddable":true,"href":"https:\/\/cuevadenerja.es\/sv\/wp-json\/wp\/v2\/users\/1"}],"replies":[{"embeddable":true,"href":"https:\/\/cuevadenerja.es\/sv\/wp-json\/wp\/v2\/comments?post=19579"}],"version-history":[{"count":0,"href":"https:\/\/cuevadenerja.es\/sv\/wp-json\/wp\/v2\/pages\/19579\/revisions"}],"wp:attachment":[{"href":"https:\/\/cuevadenerja.es\/sv\/wp-json\/wp\/v2\/media?parent=19579"}],"curies":[{"name":"wp","href":"https:\/\/api.w.org\/{rel}","templated":true}]}}