{"id":19469,"date":"2023-10-23T13:40:41","date_gmt":"2023-10-23T11:40:41","guid":{"rendered":"https:\/\/cuevadenerja.es\/?page_id=19469"},"modified":"2024-03-18T14:39:02","modified_gmt":"2024-03-18T13:39:02","slug":"naturliv","status":"publish","type":"page","link":"https:\/\/cuevadenerja.es\/sv\/grotta\/naturliv\/","title":{"rendered":"Naturliv"},"content":{"rendered":"\t\t<div data-elementor-type=\"wp-page\" data-elementor-id=\"19469\" class=\"elementor elementor-19469 elementor-12462\" data-elementor-post-type=\"page\">\n\t\t\t\t<div class=\"elementor-element elementor-element-022a994 e-flex e-con-boxed e-con e-parent\" data-id=\"022a994\" data-element_type=\"container\" data-e-type=\"container\" data-settings=\"{&quot;background_background&quot;:&quot;classic&quot;}\">\n\t\t\t\t\t<div class=\"e-con-inner\">\n\t\t\t\t<div class=\"elementor-element elementor-element-d9478ee elementor-widget elementor-widget-text-editor\" data-id=\"d9478ee\" data-element_type=\"widget\" data-e-type=\"widget\" data-widget_type=\"text-editor.default\">\n\t\t\t\t<div class=\"elementor-widget-container\">\n\t\t\t\t\t\t\t\t\t<p>Din <strong>onlinebiljett<\/strong> till b\u00e4sta pris och undvik k\u00f6er<\/p>\t\t\t\t\t\t\t\t<\/div>\n\t\t\t\t<\/div>\n\t\t\t\t<div class=\"elementor-element elementor-element-5b29e30 elementor-widget elementor-widget-button\" data-id=\"5b29e30\" data-element_type=\"widget\" data-e-type=\"widget\" data-widget_type=\"button.default\">\n\t\t\t\t<div class=\"elementor-widget-container\">\n\t\t\t\t\t\t\t\t\t<div class=\"elementor-button-wrapper\">\n\t\t\t\t\t<a class=\"elementor-button elementor-button-link elementor-size-sm\" href=\"https:\/\/entradas.cuevadenerja.es\/\" target=\"_blank\">\n\t\t\t\t\t\t<span class=\"elementor-button-content-wrapper\">\n\t\t\t\t\t\t<span class=\"elementor-button-icon\">\n\t\t\t\t<svg aria-hidden=\"true\" class=\"e-font-icon-svg e-fas-ticket-alt\" viewBox=\"0 0 576 512\" xmlns=\"http:\/\/www.w3.org\/2000\/svg\"><path d=\"M128 160h320v192H128V160zm400 96c0 26.51 21.49 48 48 48v96c0 26.51-21.49 48-48 48H48c-26.51 0-48-21.49-48-48v-96c26.51 0 48-21.49 48-48s-21.49-48-48-48v-96c0-26.51 21.49-48 48-48h480c26.51 0 48 21.49 48 48v96c-26.51 0-48 21.49-48 48zm-48-104c0-13.255-10.745-24-24-24H120c-13.255 0-24 10.745-24 24v208c0 13.255 10.745 24 24 24h336c13.255 0 24-10.745 24-24V152z\"><\/path><\/svg>\t\t\t<\/span>\n\t\t\t\t\t\t\t\t\t<span class=\"elementor-button-text\">K\u00f6p biljetter<\/span>\n\t\t\t\t\t<\/span>\n\t\t\t\t\t<\/a>\n\t\t\t\t<\/div>\n\t\t\t\t\t\t\t\t<\/div>\n\t\t\t\t<\/div>\n\t\t\t\t\t<\/div>\n\t\t\t\t<\/div>\n\t\t<div data-dce-background-overlay-image-url=\"https:\/\/cuevadenerja.es\/wp-content\/uploads\/2023\/11\/Jardin-botanico-cueva.jpg\" class=\"elementor-element elementor-element-d861893 e-flex e-con-boxed e-con e-parent\" data-id=\"d861893\" data-element_type=\"container\" data-e-type=\"container\" data-settings=\"{&quot;background_background&quot;:&quot;classic&quot;}\">\n\t\t\t\t\t<div class=\"e-con-inner\">\n\t\t<div class=\"elementor-element elementor-element-ab32d23 e-con-full e-flex e-con e-child\" data-id=\"ab32d23\" data-element_type=\"container\" data-e-type=\"container\">\n\t\t\t\t<div class=\"elementor-element elementor-element-0a01eef elementor-widget elementor-widget-text-editor\" data-id=\"0a01eef\" data-element_type=\"widget\" data-e-type=\"widget\" data-widget_type=\"text-editor.default\">\n\t\t\t\t<div class=\"elementor-widget-container\">\n\t\t\t\t\t\t\t\t\t<p>Nerjagrottan<\/p>\t\t\t\t\t\t\t\t<\/div>\n\t\t\t\t<\/div>\n\t\t\t\t<div class=\"elementor-element elementor-element-2444550 elementor-widget elementor-widget-heading\" data-id=\"2444550\" data-element_type=\"widget\" data-e-type=\"widget\" data-widget_type=\"heading.default\">\n\t\t\t\t<div class=\"elementor-widget-container\">\n\t\t\t\t\t<h1 class=\"elementor-heading-title elementor-size-default\">Natur i Nerjagrottan\n\n<\/h1>\t\t\t\t<\/div>\n\t\t\t\t<\/div>\n\t\t\t\t<div class=\"elementor-element elementor-element-f0a2e7b elementor-widget elementor-widget-text-editor\" data-id=\"f0a2e7b\" data-element_type=\"widget\" data-e-type=\"widget\" data-widget_type=\"text-editor.default\">\n\t\t\t\t<div class=\"elementor-widget-container\">\n\t\t\t\t\t\t\t\t\t<p>Naturen i <strong>Nerjagrottan<\/strong> \u00e4r ett <strong>privilegium<\/strong> som finns runt hela omr\u00e5det. S\u00e5ledes erbjuder dess tr\u00e4dg\u00e5rdar olika utrymmen f\u00f6r promenader och i <strong>Botaniska Tr\u00e4dg\u00e5rden Detunda-Nerjagrottan<\/strong> kan man betrakta <strong>endemiska<\/strong> arter och andra mer <strong>exotiska<\/strong>.<\/p><p>Omr\u00e5det kring grottan har <strong>tr\u00e4dg\u00e5rdsomr\u00e5den<\/strong> och ett <strong>privilegierat naturomr\u00e5de<\/strong> mellan klipporna i Maro och Cerro Gordo och <strong>Naturparken<\/strong> som utg\u00f6rs av Sierras de Tejeda, Almijara och Alhama.<\/p>\t\t\t\t\t\t\t\t<\/div>\n\t\t\t\t<\/div>\n\t\t\t\t<\/div>\n\t\t\t\t\t<\/div>\n\t\t\t\t<\/div>\n\t\t<div class=\"elementor-element elementor-element-db9e65d e-con-full e-flex e-con e-parent\" data-id=\"db9e65d\" data-element_type=\"container\" data-e-type=\"container\" data-settings=\"{&quot;background_background&quot;:&quot;classic&quot;}\">\n\t\t<div class=\"elementor-element elementor-element-20ca3a7 e-con-full e-flex e-con e-child\" data-id=\"20ca3a7\" data-element_type=\"container\" data-e-type=\"container\" data-settings=\"{&quot;background_background&quot;:&quot;classic&quot;}\">\n\t\t\t\t<div class=\"elementor-element elementor-element-2c4c6da elementor-widget elementor-widget-heading\" data-id=\"2c4c6da\" data-element_type=\"widget\" data-e-type=\"widget\" data-widget_type=\"heading.default\">\n\t\t\t\t<div class=\"elementor-widget-container\">\n\t\t\t\t\t<h2 class=\"elementor-heading-title elementor-size-default\">Natur i Nerjagrottan Natur i Nerjagrottan Natur i Nerjagrottan Natur i Nerjagrottan Natur i Nerjagrottan Natur i Nerjagrottan Natur i Nerjagrottan Natur i Nerjagrottan Natur i Nerjagrottan Natur i Nerjagrottan Natur i Nerjagrottan Natur i Nerjagrottan Natur i Nerjagrottan Natur i Nerjagrottan Natur i Nerjagrottan Natur i Nerjagrottan Natur i Nerjagrottan Natur i Nerjagrottan Natur i Nerjagrottan Natur i Nerjagrottan Natur i Nerjagrottan Natur i Nerjagrottan Natur i Nerjagrottan Natur i Nerjagrottan Natur i Nerjagrottan Natur i Nerjagrottan <\/h2>\t\t\t\t<\/div>\n\t\t\t\t<\/div>\n\t\t\t\t<\/div>\n\t\t\t\t<\/div>\n\t\t<div class=\"elementor-element elementor-element-2ea83bc e-flex e-con-boxed e-con e-parent\" data-id=\"2ea83bc\" data-element_type=\"container\" data-e-type=\"container\" data-settings=\"{&quot;background_background&quot;:&quot;classic&quot;}\">\n\t\t\t\t\t<div class=\"e-con-inner\">\n\t\t<div class=\"elementor-element elementor-element-b1b98ef e-con-full e-flex e-con e-child\" data-id=\"b1b98ef\" data-element_type=\"container\" data-e-type=\"container\">\n\t\t\t\t<div class=\"elementor-element elementor-element-dcd40e8 elementor-widget elementor-widget-text-editor\" data-id=\"dcd40e8\" data-element_type=\"widget\" data-e-type=\"widget\" data-widget_type=\"text-editor.default\">\n\t\t\t\t<div class=\"elementor-widget-container\">\n\t\t\t\t\t\t\t\t\t<h3><span style=\"color: #b7916c;\"><strong>Detunda-Cueva de Nerjas botaniska tr\u00e4dg\u00e5rd<\/strong><\/span><\/h3>\nP\u00e5 grund av dess l\u00e4ge samlar <strong>Detunda-Cueva de Nerjas botaniska tr\u00e4dg\u00e5rd<\/strong> v\u00e4xter fr\u00e5n det <strong>sydv\u00e4stra omr\u00e5det i Granada<\/strong> och det <strong>\u00f6stra omr\u00e5det i M\u00e1laga<\/strong>. Denna tr\u00e4dg\u00e5rd \u00e4r bel\u00e4gen i en <strong>m\u00e5ngfacetterad topografi<\/strong> och vi hittar h\u00e4r en <strong>m\u00e5ngfald av arter<\/strong>, med <strong>endemiska arter fr\u00e5n omr\u00e5det<\/strong>.\n\nUnder en promenad genom den botaniska tr\u00e4dg\u00e5rden, som n\u00e5s fr\u00e5n <strong>Cueva de Nerjas<\/strong> omr\u00e5de, kan man se ett stort utbud av en flora som \u00e4r typisk f\u00f6r <strong>Medelhavsomr\u00e5det<\/strong>, som anpassar sig till l\u00e5nga perioder av <strong>torka p\u00e5 sommaren<\/strong>.\n\nDessutom presenteras olika prov p\u00e5 traditionella <strong>odlingar<\/strong> fr\u00e5n dessa geografiska omr\u00e5den p\u00e5 denna naturmark. Den har ocks\u00e5 en samling av <strong>orkid\u00e9er<\/strong> och <strong>s\u00e4llsynta arter<\/strong>.\n\n<strong>Detunda-Cueva de Nerjas botaniska tr\u00e4dg\u00e5rd<\/strong> tillh\u00f6r <strong>Junta de Andaluc\u00eda<\/strong> och kan n\u00e5s fr\u00e5n grottans omr\u00e5de, dess ing\u00e5ng finns bakom biljettf\u00f6rs\u00e4ljningsomr\u00e5det. <a href=\"https:\/\/www.juntadeandalucia.es\/medioambiente\/portal\/landing-page-%C3%ADndice\/-\/asset_publisher\/zX2ouZa4r1Rf\/content\/jard-c3-adn-bot-c3-a1nico-detunda-cueva-de-nerja\/20151\" target=\"_blank\" rel=\"noopener\">Mer information om den finns p\u00e5 denna l\u00e4nk<\/a>.\n<a href=\"https:\/\/www.juntadeandalucia.es\/medioambiente\/portal\/web\/ventanadelvisitante\/detalle-buscador-mapa\/-\/asset_publisher\/Jlbxh2qB3NwR\/content\/detunda-cueva-de-nerja\/255035\" target=\"_blank\" rel=\"noopener\">H\u00e4r \u00e4r deras \u00f6ppettider<\/a>.\n\n<h3><span style=\"color: #b7916c;\"><strong>Vandringsled i naturen vid Cueva de Nerja<\/strong><\/span><\/h3>\n<strong>Vandringsleden Cueva de Nerja-Almijara<\/strong> erbjuder tillg\u00e5ng till berget, med en l\u00e4ngre cirkul\u00e4r rutt och alternativ f\u00f6r en enklare rutt.\n\nFr\u00e5n <strong>Plaza de los Descubridores<\/strong>, som ligger i hj\u00e4rtat av grottans omr\u00e5de, g\u00e5r du upp f\u00f6r trapporna till h\u00f6ger om monumentet till alla uppt\u00e4cktsresande och sv\u00e4nger sedan v\u00e4nster f\u00f6r att b\u00f6rja vandringsleden <strong>Cueva de Nerja-Almijara<\/strong>, som har en port som leder direkt till berget.\n\nDet \u00e4r en enkel vandringsled, 1 750 meter l\u00e5ng, som f\u00f6ljer en cirkul\u00e4r rutt med en ber\u00e4knad vandringstid p\u00e5 cirka 2 timmar.\n\nEtt annat alternativ \u00e4r att bara g\u00f6ra en del av denna vandring, d\u00e5 kan du n\u00e5 en utsiktsplats d\u00e4r det finns en tr\u00e4b\u00e4nk som erbjuder <strong>fantastisk utsikt \u00f6ver Nerja<\/strong> och Maro, med havet i bakgrunden. Denna str\u00e4cka \u00e4r cirka 800 meter l\u00e5ng, s\u00e5 det tar mindre \u00e4n 1 timme. Denna alternativa rutt \u00e4r linj\u00e4r och b\u00e5de fram- och tillbakav\u00e4gen \u00e4r densamma.\n\n<h3><span style=\"color: #b7916c;\"><strong>Tr\u00e4dg\u00e5rdar och natur p\u00e5 Cueva de Nerjas omr\u00e5de<\/strong><\/span><\/h3>\n<strong>Cueva de Nerja<\/strong> ligger inb\u00e4ddad i ett stort omr\u00e5de, en unik plats bland enorma tallar, med promenadv\u00e4gar och b\u00e4nkar f\u00f6r vila, d\u00e4r man kan se m\u00e5nga <strong>v\u00e4xtarter<\/strong> och ocks\u00e5 observera olika <strong>djurarter<\/strong> som ekorrar, trollsl\u00e4ndor eller fj\u00e4rilar.\n\nUnder promenaden genom de inre tr\u00e4dg\u00e5rdarna p\u00e5 grottans omr\u00e5de finns det b\u00e4nkar d\u00e4r bes\u00f6kare kan vila. Dessutom, bakom ing\u00e5ngen till grottan, finns en lekplats och en picknickplats med tr\u00e4bord och b\u00e4nkar, d\u00e4r man kan njuta av en m\u00e5ltid eller picknick med familj eller v\u00e4nner.\n\nOm man promenerar genom v\u00e5rt omr\u00e5de kan man se &#8211; fr\u00e5n ing\u00e5ngen till v\u00e4nster &#8211; <strong>Ermita de San Isidro<\/strong>, fr\u00e5n 1800-talet, byggd p\u00e5 murarna fr\u00e5n den gamla kyrkog\u00e5rden i Maro. P\u00e5 dess v\u00e4ggar finns intressanta inskriptioner fr\u00e5n den tiden som tillskrivs omr\u00e5dets herdar.\n\nDessutom, bredvid <strong>botaniska tr\u00e4dg\u00e5rden<\/strong>, finns det en annan ing\u00e5ng som leder till en g\u00e5ngv\u00e4g mot byn Maro, d\u00e4r grottan \u00e4r bel\u00e4gen. Det \u00e4r en v\u00e4g som g\u00e5r ovanf\u00f6r tr\u00e4dg\u00e5rden och \u00f6ver en modern g\u00e5ngbro \u00f6ver v\u00e4gen, som f\u00f6rbinder med den staden.\n\t\t\t\t\t\t\t\t<\/div>\n\t\t\t\t<\/div>\n\t\t<div class=\"elementor-element elementor-element-2338c29 e-grid e-con-boxed e-con e-child\" data-id=\"2338c29\" data-element_type=\"container\" data-e-type=\"container\">\n\t\t\t\t\t<div class=\"e-con-inner\">\n\t\t\t\t<div class=\"elementor-element elementor-element-a86512a elementor-widget elementor-widget-image\" data-id=\"a86512a\" data-element_type=\"widget\" data-e-type=\"widget\" data-widget_type=\"image.default\">\n\t\t\t\t<div class=\"elementor-widget-container\">\n\t\t\t\t\t\t\t\t\t\t\t\t\t\t\t<img fetchpriority=\"high\" decoding=\"async\" width=\"700\" height=\"525\" src=\"https:\/\/cuevadenerja.es\/wp-content\/uploads\/2023\/11\/Jardin-botanico-cueva.jpg\" class=\"attachment-large size-large wp-image-13124\" alt=\"\" srcset=\"https:\/\/cuevadenerja.es\/wp-content\/uploads\/2023\/11\/Jardin-botanico-cueva.jpg 700w, https:\/\/cuevadenerja.es\/wp-content\/uploads\/2023\/11\/Jardin-botanico-cueva-300x225.jpg 300w\" sizes=\"(max-width: 700px) 100vw, 700px\" \/>\t\t\t\t\t\t\t\t\t\t\t\t\t\t\t<\/div>\n\t\t\t\t<\/div>\n\t\t\t\t<div class=\"elementor-element elementor-element-04344f1 elementor-widget elementor-widget-image\" data-id=\"04344f1\" data-element_type=\"widget\" data-e-type=\"widget\" data-widget_type=\"image.default\">\n\t\t\t\t<div class=\"elementor-widget-container\">\n\t\t\t\t\t\t\t\t\t\t\t\t\t\t\t<img decoding=\"async\" width=\"700\" height=\"525\" src=\"https:\/\/cuevadenerja.es\/wp-content\/uploads\/2023\/11\/Jardin-botanico-1.jpg\" class=\"attachment-large size-large wp-image-13126\" alt=\"\" srcset=\"https:\/\/cuevadenerja.es\/wp-content\/uploads\/2023\/11\/Jardin-botanico-1.jpg 700w, https:\/\/cuevadenerja.es\/wp-content\/uploads\/2023\/11\/Jardin-botanico-1-300x225.jpg 300w\" sizes=\"(max-width: 700px) 100vw, 700px\" \/>\t\t\t\t\t\t\t\t\t\t\t\t\t\t\t<\/div>\n\t\t\t\t<\/div>\n\t\t\t\t\t<\/div>\n\t\t\t\t<\/div>\n\t\t\t\t<\/div>\n\t\t\t\t\t<\/div>\n\t\t\t\t<\/div>\n\t\t\t\t<\/div>\n\t\t","protected":false},"excerpt":{"rendered":"<p>Din onlinebiljett till b\u00e4sta pris och undvik k\u00f6er K\u00f6p biljetter Nerjagrottan Natur i Nerjagrottan Naturen i Nerjagrottan \u00e4r ett privilegium som finns runt hela omr\u00e5det. S\u00e5ledes erbjuder dess tr\u00e4dg\u00e5rdar olika utrymmen f\u00f6r promenader och i Botaniska Tr\u00e4dg\u00e5rden Detunda-Nerjagrottan kan man betrakta endemiska arter och andra mer exotiska. Omr\u00e5det kring grottan har tr\u00e4dg\u00e5rdsomr\u00e5den och ett privilegierat [&hellip;]<\/p>\n","protected":false},"author":1,"featured_media":0,"parent":19306,"menu_order":5,"comment_status":"closed","ping_status":"closed","template":"","meta":{"inline_featured_image":false,"site-sidebar-layout":"no-sidebar","site-content-layout":"page-builder","ast-site-content-layout":"full-width-container","site-content-style":"default","site-sidebar-style":"default","ast-global-header-display":"","ast-banner-title-visibility":"","ast-main-header-display":"","ast-hfb-above-header-display":"","ast-hfb-below-header-display":"","ast-hfb-mobile-header-display":"","site-post-title":"disabled","ast-breadcrumbs-content":"","ast-featured-img":"disabled","footer-sml-layout":"","ast-disable-related-posts":"","theme-transparent-header-meta":"default","adv-header-id-meta":"","stick-header-meta":"default","header-above-stick-meta":"","header-main-stick-meta":"","header-below-stick-meta":"","astra-migrate-meta-layouts":"set","ast-page-background-enabled":"default","ast-page-background-meta":{"desktop":{"background-color":"var(--ast-global-color-4)","background-image":"","background-repeat":"repeat","background-position":"center center","background-size":"auto","background-attachment":"scroll","background-type":"","background-media":"","overlay-type":"","overlay-color":"","overlay-opacity":"","overlay-gradient":""},"tablet":{"background-color":"","background-image":"","background-repeat":"repeat","background-position":"center center","background-size":"auto","background-attachment":"scroll","background-type":"","background-media":"","overlay-type":"","overlay-color":"","overlay-opacity":"","overlay-gradient":""},"mobile":{"background-color":"","background-image":"","background-repeat":"repeat","background-position":"center center","background-size":"auto","background-attachment":"scroll","background-type":"","background-media":"","overlay-type":"","overlay-color":"","overlay-opacity":"","overlay-gradient":""}},"ast-content-background-meta":{"desktop":{"background-color":"var(--ast-global-color-5)","background-image":"","background-repeat":"repeat","background-position":"center center","background-size":"auto","background-attachment":"scroll","background-type":"","background-media":"","overlay-type":"","overlay-color":"","overlay-opacity":"","overlay-gradient":""},"tablet":{"background-color":"var(--ast-global-color-5)","background-image":"","background-repeat":"repeat","background-position":"center center","background-size":"auto","background-attachment":"scroll","background-type":"","background-media":"","overlay-type":"","overlay-color":"","overlay-opacity":"","overlay-gradient":""},"mobile":{"background-color":"var(--ast-global-color-5)","background-image":"","background-repeat":"repeat","background-position":"center center","background-size":"auto","background-attachment":"scroll","background-type":"","background-media":"","overlay-type":"","overlay-color":"","overlay-opacity":"","overlay-gradient":""}},"footnotes":""},"class_list":["post-19469","page","type-page","status-publish","hentry"],"_links":{"self":[{"href":"https:\/\/cuevadenerja.es\/sv\/wp-json\/wp\/v2\/pages\/19469","targetHints":{"allow":["GET"]}}],"collection":[{"href":"https:\/\/cuevadenerja.es\/sv\/wp-json\/wp\/v2\/pages"}],"about":[{"href":"https:\/\/cuevadenerja.es\/sv\/wp-json\/wp\/v2\/types\/page"}],"author":[{"embeddable":true,"href":"https:\/\/cuevadenerja.es\/sv\/wp-json\/wp\/v2\/users\/1"}],"replies":[{"embeddable":true,"href":"https:\/\/cuevadenerja.es\/sv\/wp-json\/wp\/v2\/comments?post=19469"}],"version-history":[{"count":0,"href":"https:\/\/cuevadenerja.es\/sv\/wp-json\/wp\/v2\/pages\/19469\/revisions"}],"up":[{"embeddable":true,"href":"https:\/\/cuevadenerja.es\/sv\/wp-json\/wp\/v2\/pages\/19306"}],"wp:attachment":[{"href":"https:\/\/cuevadenerja.es\/sv\/wp-json\/wp\/v2\/media?parent=19469"}],"curies":[{"name":"wp","href":"https:\/\/api.w.org\/{rel}","templated":true}]}}