{"id":19463,"date":"2023-10-23T13:31:21","date_gmt":"2023-10-23T11:31:21","guid":{"rendered":"https:\/\/cuevadenerja.es\/?page_id=19463"},"modified":"2024-03-18T14:34:06","modified_gmt":"2024-03-18T13:34:06","slug":"historia","status":"publish","type":"page","link":"https:\/\/cuevadenerja.es\/sv\/grotta\/historia\/","title":{"rendered":"Historia"},"content":{"rendered":"\t\t<div data-elementor-type=\"wp-page\" data-elementor-id=\"19463\" class=\"elementor elementor-19463 elementor-12460\" data-elementor-post-type=\"page\">\n\t\t\t\t<div class=\"elementor-element elementor-element-6eb6d51 e-flex e-con-boxed e-con e-parent\" data-id=\"6eb6d51\" data-element_type=\"container\" data-e-type=\"container\" data-settings=\"{&quot;background_background&quot;:&quot;classic&quot;}\">\n\t\t\t\t\t<div class=\"e-con-inner\">\n\t\t\t\t<div class=\"elementor-element elementor-element-052c55c elementor-widget elementor-widget-text-editor\" data-id=\"052c55c\" data-element_type=\"widget\" data-e-type=\"widget\" data-widget_type=\"text-editor.default\">\n\t\t\t\t<div class=\"elementor-widget-container\">\n\t\t\t\t\t\t\t\t\t<p>Din <strong>onlinebiljett<\/strong> till b\u00e4sta pris och undvik k\u00f6er<\/p>\t\t\t\t\t\t\t\t<\/div>\n\t\t\t\t<\/div>\n\t\t\t\t<div class=\"elementor-element elementor-element-6d447a0 elementor-widget elementor-widget-button\" data-id=\"6d447a0\" data-element_type=\"widget\" data-e-type=\"widget\" data-widget_type=\"button.default\">\n\t\t\t\t<div class=\"elementor-widget-container\">\n\t\t\t\t\t\t\t\t\t<div class=\"elementor-button-wrapper\">\n\t\t\t\t\t<a class=\"elementor-button elementor-button-link elementor-size-sm\" href=\"https:\/\/entradas.cuevadenerja.es\/\" target=\"_blank\">\n\t\t\t\t\t\t<span class=\"elementor-button-content-wrapper\">\n\t\t\t\t\t\t<span class=\"elementor-button-icon\">\n\t\t\t\t<svg aria-hidden=\"true\" class=\"e-font-icon-svg e-fas-ticket-alt\" viewBox=\"0 0 576 512\" xmlns=\"http:\/\/www.w3.org\/2000\/svg\"><path d=\"M128 160h320v192H128V160zm400 96c0 26.51 21.49 48 48 48v96c0 26.51-21.49 48-48 48H48c-26.51 0-48-21.49-48-48v-96c26.51 0 48-21.49 48-48s-21.49-48-48-48v-96c0-26.51 21.49-48 48-48h480c26.51 0 48 21.49 48 48v96c-26.51 0-48 21.49-48 48zm-48-104c0-13.255-10.745-24-24-24H120c-13.255 0-24 10.745-24 24v208c0 13.255 10.745 24 24 24h336c13.255 0 24-10.745 24-24V152z\"><\/path><\/svg>\t\t\t<\/span>\n\t\t\t\t\t\t\t\t\t<span class=\"elementor-button-text\">K\u00f6p biljetter<\/span>\n\t\t\t\t\t<\/span>\n\t\t\t\t\t<\/a>\n\t\t\t\t<\/div>\n\t\t\t\t\t\t\t\t<\/div>\n\t\t\t\t<\/div>\n\t\t\t\t\t<\/div>\n\t\t\t\t<\/div>\n\t\t<div data-dce-background-overlay-image-url=\"https:\/\/cuevadenerja.es\/wp-content\/uploads\/2023\/10\/Punta-Gravetiense.jpg\" class=\"elementor-element elementor-element-443ed2c e-flex e-con-boxed e-con e-parent\" data-id=\"443ed2c\" data-element_type=\"container\" data-e-type=\"container\" data-settings=\"{&quot;background_background&quot;:&quot;classic&quot;}\">\n\t\t\t\t\t<div class=\"e-con-inner\">\n\t\t<div class=\"elementor-element elementor-element-baecf3d e-con-full e-flex e-con e-child\" data-id=\"baecf3d\" data-element_type=\"container\" data-e-type=\"container\">\n\t\t\t\t<div class=\"elementor-element elementor-element-13ed81d elementor-widget elementor-widget-text-editor\" data-id=\"13ed81d\" data-element_type=\"widget\" data-e-type=\"widget\" data-widget_type=\"text-editor.default\">\n\t\t\t\t<div class=\"elementor-widget-container\">\n\t\t\t\t\t\t\t\t\t<p>NERJAGROTTAN<\/p>\t\t\t\t\t\t\t\t<\/div>\n\t\t\t\t<\/div>\n\t\t\t\t<div class=\"elementor-element elementor-element-82488c5 elementor-widget elementor-widget-heading\" data-id=\"82488c5\" data-element_type=\"widget\" data-e-type=\"widget\" data-widget_type=\"heading.default\">\n\t\t\t\t<div class=\"elementor-widget-container\">\n\t\t\t\t\t<h1 class=\"elementor-heading-title elementor-size-default\">Historien om Nerjagrottan\n\n<\/h1>\t\t\t\t<\/div>\n\t\t\t\t<\/div>\n\t\t\t\t<div class=\"elementor-element elementor-element-989fbe1 elementor-widget elementor-widget-text-editor\" data-id=\"989fbe1\" data-element_type=\"widget\" data-e-type=\"widget\" data-widget_type=\"text-editor.default\">\n\t\t\t\t<div class=\"elementor-widget-container\">\n\t\t\t\t\t\t\t\t\t<div class=\"w-full text-token-text-primary\" data-testid=\"conversation-turn-101\"><div class=\"px-4 py-2 justify-center text-base md:gap-6 m-auto\"><div class=\"flex flex-1 text-base mx-auto gap-3 md:px-5 lg:px-1 xl:px-5 md:max-w-3xl lg:max-w-[40rem] xl:max-w-[48rem] group\"><div class=\"relative flex w-full flex-col agent-turn\"><div class=\"flex-col gap-1 md:gap-3\"><div class=\"flex flex-grow flex-col max-w-full\"><div class=\"min-h-[20px] text-message flex flex-col items-start gap-3 whitespace-pre-wrap break-words [.text-message+&amp;]:mt-5 overflow-x-auto\" data-message-author-role=\"assistant\" data-message-id=\"0d4baca4-66d8-4db7-8446-4d96d49fd0d3\"><div class=\"markdown prose w-full break-words dark:prose-invert light\"><p><strong>Historien om Nerjagrottan<\/strong> b\u00f6rjade f\u00f6r miljontals \u00e5r sedan. Faktum \u00e4r att v\u00e5ra f\u00f6rf\u00e4der redan k\u00e4nde till den: de bodde i den, dekorerade den och anv\u00e4nde den som en <strong>helig begravningsplats<\/strong>.<\/p><p>Fr\u00e5n allt detta har <strong>sp\u00e5r n\u00e5tt fram till nutid<\/strong>, vilket g\u00f6r denna grotta till en <strong>nyckel f\u00f6r studiet<\/strong> av v\u00e5ra f\u00f6reg\u00e5ngare och deras <strong>livsstilar<\/strong>.<\/p><\/div><\/div><\/div><\/div><\/div><\/div><\/div><\/div>\t\t\t\t\t\t\t\t<\/div>\n\t\t\t\t<\/div>\n\t\t\t\t<\/div>\n\t\t\t\t\t<\/div>\n\t\t\t\t<\/div>\n\t\t<div class=\"elementor-element elementor-element-9454190 e-con-full e-flex e-con e-parent\" data-id=\"9454190\" data-element_type=\"container\" data-e-type=\"container\" data-settings=\"{&quot;background_background&quot;:&quot;classic&quot;}\">\n\t\t<div class=\"elementor-element elementor-element-a3b6217 e-con-full e-flex e-con e-child\" data-id=\"a3b6217\" data-element_type=\"container\" data-e-type=\"container\" data-settings=\"{&quot;background_background&quot;:&quot;classic&quot;}\">\n\t\t\t\t<div class=\"elementor-element elementor-element-8628156 elementor-widget elementor-widget-heading\" data-id=\"8628156\" data-element_type=\"widget\" data-e-type=\"widget\" data-widget_type=\"heading.default\">\n\t\t\t\t<div class=\"elementor-widget-container\">\n\t\t\t\t\t<h2 class=\"elementor-heading-title elementor-size-default\">Historien om Nerjagrottan Historien om Nerjagrottan Historien om Nerjagrottan Historien om Nerjagrottan Historien om Nerjagrottan Historien om Nerjagrottan Historien om Nerjagrottan Historien om Nerjagrottan Historien om Nerjagrottan Historien om Nerjagrottan Historien om Nerjagrottan Historien om Nerjagrottan Historien om Nerjagrottan Historien om Nerjagrottan Historien om Nerjagrottan Historien om Nerjagrottan Historien om Nerjagrottan Historien om Nerjagrottan Historien om Nerjagrottan Historien om Nerjagrottan Historien om Nerjagrottan Historien om Nerjagrottan Historien om Nerjagrottan Historien om Nerjagrottan Historien om Nerjagrottan Historien om Nerjagrottan Historien om Nerjagrottan Historien om Nerjagrottan Historien om Nerjagrottan Historien om Nerjagrottan <\/h2>\t\t\t\t<\/div>\n\t\t\t\t<\/div>\n\t\t\t\t<\/div>\n\t\t\t\t<\/div>\n\t\t<div class=\"elementor-element elementor-element-5290f89 e-flex e-con-boxed e-con e-parent\" data-id=\"5290f89\" data-element_type=\"container\" data-e-type=\"container\" data-settings=\"{&quot;background_background&quot;:&quot;classic&quot;}\">\n\t\t\t\t\t<div class=\"e-con-inner\">\n\t\t<div class=\"elementor-element elementor-element-d233da3 e-con-full e-flex e-con e-child\" data-id=\"d233da3\" data-element_type=\"container\" data-e-type=\"container\">\n\t\t\t\t<div class=\"elementor-element elementor-element-79f3cff elementor-widget elementor-widget-text-editor\" data-id=\"79f3cff\" data-element_type=\"widget\" data-e-type=\"widget\" data-widget_type=\"text-editor.default\">\n\t\t\t\t<div class=\"elementor-widget-container\">\n\t\t\t\t\t\t\t\t\t<h3><span style=\"color: #b7916c;\"><strong>M\u00e4nsklig bos\u00e4ttning genom historien i Cueva de Nerja<\/strong><\/span><\/h3>\n<strong>Cueva de Nerja<\/strong> anv\u00e4ndes och bes\u00f6ktes av m\u00e4nskliga grupper under <strong>f\u00f6rhistorisk tid<\/strong>, fr\u00e5n cirka <strong>35 000 \u00e5r<\/strong> sedan till cirka <strong>3 600 \u00e5r sedan<\/strong>, enligt informationen som hittills har framkommit genom <strong>arkeologiska utgr\u00e4vningar<\/strong> som visar grottans historia.\n\nDe anv\u00e4nde grottan som <strong>skydd<\/strong> och <strong>boplats<\/strong>, d\u00e4r de kunde vila och utf\u00f6ra sina <strong>dagliga aktiviteter<\/strong>. De djupare omr\u00e5dena anv\u00e4ndes f\u00f6r att m\u00e5la <strong>grottm\u00e5lningar och ristningar<\/strong>. Den anv\u00e4ndes ocks\u00e5 som <strong>begravningsplats<\/strong>.\n\nDe \u00e4ldsta daterade fynden p\u00e5 ytan h\u00e4rstammar fr\u00e5n <strong>Aurignacienserperioden<\/strong>, cirka <strong>35 000 \u00e5r sedan<\/strong>, en tid av glaciala f\u00f6rh\u00e5llanden med klimatisk instabilitet d\u00e4r de skapade <strong>laminerad industri<\/strong> &#8211; f\u00f6r att skapa verktyg som skrapor eller st\u00e4mj\u00e4rn &#8211; och <strong>benindustri<\/strong> &#8211; f\u00f6r att forma element som handtag till dessa verktyg.\n\nTiden f\u00f6r dokumenterad m\u00e4nsklig bos\u00e4ttning i grottans bostadssalar str\u00e4cker sig fr\u00e5n <strong>Gravettienserperioden (29 940-28 580 kal. BP)<\/strong> till <strong>Koppar\u00e5ldern (4 830-3 600 kal. BP)<\/strong>.\n\n<h3><span style=\"color: #b7916c;\"><strong>Fynd som visar grottans historia i Cueva de Nerja<\/strong><\/span><\/h3>\n<strong>Arkeologiska utgr\u00e4vningar<\/strong> i Cueva de Nerja inleddes n\u00e4stan direkt efter dess uppt\u00e4ckt och har gett mycket information om dess historia och dess inv\u00e5nare.\n\nSom bostadsort utf\u00f6rde de d\u00e4r sina <strong>dagliga aktiviteter<\/strong> s\u00e5som tillverkning av <strong>sten- eller benverktyg<\/strong>, skapande av <strong>kroppssmycken<\/strong>, <strong>daglig f\u00f6da<\/strong>, bearbetning av livsmedel f\u00f6r <strong>konservering<\/strong>&#8230; Sp\u00e5r av allt detta har hittats.\n\nDe utf\u00f6rde ocks\u00e5 flera <strong>grottm\u00e5lningar och ristningar<\/strong> som kan ses p\u00e5 m\u00e5nga platser i grottan. F\u00f6rutom de konstn\u00e4rliga uttrycken har man ocks\u00e5 hittat <strong>arkeologiska fynd<\/strong> av de belysningsmetoder de anv\u00e4nde, som <strong>utgr\u00f6pningar<\/strong> d\u00e4r de placerade k\u00e5diga tr\u00e4bitar f\u00f6r att t\u00e4nda eld och belysa det utrymme de dekorerade.\n\nV\u00e5ra f\u00f6rf\u00e4der ans\u00e5g ocks\u00e5 att grottan var en <strong>helig plats<\/strong>, d\u00e4r de begravde sina d\u00f6da, varf\u00f6r man har hittat flera <strong>skelettrester och redskap<\/strong> som anv\u00e4ndes i begravningsg\u00e5vor. Fr\u00e4mst under <strong>Neolitikum, Koppar\u00e5ldern<\/strong> och eventuellt i b\u00f6rjan av <strong>Brons\u00e5ldern<\/strong>.\n\nAlla dessa handlingar har l\u00e4mnat <strong>sp\u00e5r i grottan<\/strong> och har tack vare <strong>arkeologiska utgr\u00e4vningar<\/strong> sett dagens ljus. M\u00e5nga av dessa kan ses p\u00e5 <strong>Nerja-museet<\/strong>, inkluderat i bes\u00f6ket till grottan f\u00f6r att <strong>komplettera kunskapen<\/strong>.\n\t\t\t\t\t\t\t\t<\/div>\n\t\t\t\t<\/div>\n\t\t<div class=\"elementor-element elementor-element-25759f1 e-grid e-con-boxed e-con e-child\" data-id=\"25759f1\" data-element_type=\"container\" data-e-type=\"container\">\n\t\t\t\t\t<div class=\"e-con-inner\">\n\t\t\t\t<div class=\"elementor-element elementor-element-46a3563 elementor-widget elementor-widget-image\" data-id=\"46a3563\" data-element_type=\"widget\" data-e-type=\"widget\" data-widget_type=\"image.default\">\n\t\t\t\t<div class=\"elementor-widget-container\">\n\t\t\t\t\t\t\t\t\t\t\t\t\t\t\t<img fetchpriority=\"high\" decoding=\"async\" width=\"1024\" height=\"683\" src=\"https:\/\/cuevadenerja.es\/wp-content\/uploads\/2023\/10\/Cazoletas-labradas-1024x683.jpg\" class=\"attachment-large size-large wp-image-19401\" alt=\"\" srcset=\"https:\/\/cuevadenerja.es\/wp-content\/uploads\/2023\/10\/Cazoletas-labradas-1024x683.jpg 1024w, https:\/\/cuevadenerja.es\/wp-content\/uploads\/2023\/10\/Cazoletas-labradas-300x200.jpg 300w, https:\/\/cuevadenerja.es\/wp-content\/uploads\/2023\/10\/Cazoletas-labradas-768x512.jpg 768w, https:\/\/cuevadenerja.es\/wp-content\/uploads\/2023\/10\/Cazoletas-labradas-1536x1024.jpg 1536w, https:\/\/cuevadenerja.es\/wp-content\/uploads\/2023\/10\/Cazoletas-labradas.jpg 1800w\" sizes=\"(max-width: 1024px) 100vw, 1024px\" \/>\t\t\t\t\t\t\t\t\t\t\t\t\t\t\t<\/div>\n\t\t\t\t<\/div>\n\t\t\t\t<div class=\"elementor-element elementor-element-ccdbd15 elementor-widget elementor-widget-image\" data-id=\"ccdbd15\" data-element_type=\"widget\" data-e-type=\"widget\" data-widget_type=\"image.default\">\n\t\t\t\t<div class=\"elementor-widget-container\">\n\t\t\t\t\t\t\t\t\t\t\t\t\t\t\t<img decoding=\"async\" width=\"1024\" height=\"683\" src=\"https:\/\/cuevadenerja.es\/wp-content\/uploads\/2023\/10\/Punta-de-flecha-1024x683.jpg\" class=\"attachment-large size-large wp-image-19400\" alt=\"\" srcset=\"https:\/\/cuevadenerja.es\/wp-content\/uploads\/2023\/10\/Punta-de-flecha-1024x683.jpg 1024w, https:\/\/cuevadenerja.es\/wp-content\/uploads\/2023\/10\/Punta-de-flecha-300x200.jpg 300w, https:\/\/cuevadenerja.es\/wp-content\/uploads\/2023\/10\/Punta-de-flecha-768x512.jpg 768w, https:\/\/cuevadenerja.es\/wp-content\/uploads\/2023\/10\/Punta-de-flecha-1536x1024.jpg 1536w, https:\/\/cuevadenerja.es\/wp-content\/uploads\/2023\/10\/Punta-de-flecha.jpg 1800w\" sizes=\"(max-width: 1024px) 100vw, 1024px\" \/>\t\t\t\t\t\t\t\t\t\t\t\t\t\t\t<\/div>\n\t\t\t\t<\/div>\n\t\t\t\t\t<\/div>\n\t\t\t\t<\/div>\n\t\t\t\t<\/div>\n\t\t\t\t\t<\/div>\n\t\t\t\t<\/div>\n\t\t\t\t<\/div>\n\t\t","protected":false},"excerpt":{"rendered":"<p>Din onlinebiljett till b\u00e4sta pris och undvik k\u00f6er K\u00f6p biljetter NERJAGROTTAN Historien om Nerjagrottan Historien om Nerjagrottan b\u00f6rjade f\u00f6r miljontals \u00e5r sedan. Faktum \u00e4r att v\u00e5ra f\u00f6rf\u00e4der redan k\u00e4nde till den: de bodde i den, dekorerade den och anv\u00e4nde den som en helig begravningsplats. Fr\u00e5n allt detta har sp\u00e5r n\u00e5tt fram till nutid, vilket g\u00f6r [&hellip;]<\/p>\n","protected":false},"author":1,"featured_media":0,"parent":19306,"menu_order":3,"comment_status":"closed","ping_status":"closed","template":"","meta":{"inline_featured_image":false,"site-sidebar-layout":"no-sidebar","site-content-layout":"page-builder","ast-site-content-layout":"full-width-container","site-content-style":"default","site-sidebar-style":"default","ast-global-header-display":"","ast-banner-title-visibility":"","ast-main-header-display":"","ast-hfb-above-header-display":"","ast-hfb-below-header-display":"","ast-hfb-mobile-header-display":"","site-post-title":"disabled","ast-breadcrumbs-content":"","ast-featured-img":"disabled","footer-sml-layout":"","ast-disable-related-posts":"","theme-transparent-header-meta":"default","adv-header-id-meta":"","stick-header-meta":"default","header-above-stick-meta":"","header-main-stick-meta":"","header-below-stick-meta":"","astra-migrate-meta-layouts":"set","ast-page-background-enabled":"default","ast-page-background-meta":{"desktop":{"background-color":"var(--ast-global-color-4)","background-image":"","background-repeat":"repeat","background-position":"center center","background-size":"auto","background-attachment":"scroll","background-type":"","background-media":"","overlay-type":"","overlay-color":"","overlay-opacity":"","overlay-gradient":""},"tablet":{"background-color":"","background-image":"","background-repeat":"repeat","background-position":"center center","background-size":"auto","background-attachment":"scroll","background-type":"","background-media":"","overlay-type":"","overlay-color":"","overlay-opacity":"","overlay-gradient":""},"mobile":{"background-color":"","background-image":"","background-repeat":"repeat","background-position":"center center","background-size":"auto","background-attachment":"scroll","background-type":"","background-media":"","overlay-type":"","overlay-color":"","overlay-opacity":"","overlay-gradient":""}},"ast-content-background-meta":{"desktop":{"background-color":"var(--ast-global-color-5)","background-image":"","background-repeat":"repeat","background-position":"center center","background-size":"auto","background-attachment":"scroll","background-type":"","background-media":"","overlay-type":"","overlay-color":"","overlay-opacity":"","overlay-gradient":""},"tablet":{"background-color":"var(--ast-global-color-5)","background-image":"","background-repeat":"repeat","background-position":"center center","background-size":"auto","background-attachment":"scroll","background-type":"","background-media":"","overlay-type":"","overlay-color":"","overlay-opacity":"","overlay-gradient":""},"mobile":{"background-color":"var(--ast-global-color-5)","background-image":"","background-repeat":"repeat","background-position":"center center","background-size":"auto","background-attachment":"scroll","background-type":"","background-media":"","overlay-type":"","overlay-color":"","overlay-opacity":"","overlay-gradient":""}},"footnotes":""},"class_list":["post-19463","page","type-page","status-publish","hentry"],"_links":{"self":[{"href":"https:\/\/cuevadenerja.es\/sv\/wp-json\/wp\/v2\/pages\/19463","targetHints":{"allow":["GET"]}}],"collection":[{"href":"https:\/\/cuevadenerja.es\/sv\/wp-json\/wp\/v2\/pages"}],"about":[{"href":"https:\/\/cuevadenerja.es\/sv\/wp-json\/wp\/v2\/types\/page"}],"author":[{"embeddable":true,"href":"https:\/\/cuevadenerja.es\/sv\/wp-json\/wp\/v2\/users\/1"}],"replies":[{"embeddable":true,"href":"https:\/\/cuevadenerja.es\/sv\/wp-json\/wp\/v2\/comments?post=19463"}],"version-history":[{"count":0,"href":"https:\/\/cuevadenerja.es\/sv\/wp-json\/wp\/v2\/pages\/19463\/revisions"}],"up":[{"embeddable":true,"href":"https:\/\/cuevadenerja.es\/sv\/wp-json\/wp\/v2\/pages\/19306"}],"wp:attachment":[{"href":"https:\/\/cuevadenerja.es\/sv\/wp-json\/wp\/v2\/media?parent=19463"}],"curies":[{"name":"wp","href":"https:\/\/api.w.org\/{rel}","templated":true}]}}