{"id":19456,"date":"2023-10-23T13:31:05","date_gmt":"2023-10-23T11:31:05","guid":{"rendered":"https:\/\/cuevadenerja.es\/?page_id=19456"},"modified":"2024-03-18T14:24:59","modified_gmt":"2024-03-18T13:24:59","slug":"hallmalningar","status":"publish","type":"page","link":"https:\/\/cuevadenerja.es\/sv\/grotta\/hallmalningar\/","title":{"rendered":"H\u00e4llm\u00e5lningar"},"content":{"rendered":"\t\t<div data-elementor-type=\"wp-page\" data-elementor-id=\"19456\" class=\"elementor elementor-19456 elementor-12458\" data-elementor-post-type=\"page\">\n\t\t\t\t<div class=\"elementor-element elementor-element-0cf8cee e-flex e-con-boxed e-con e-parent\" data-id=\"0cf8cee\" data-element_type=\"container\" data-e-type=\"container\" data-settings=\"{&quot;background_background&quot;:&quot;classic&quot;}\">\n\t\t\t\t\t<div class=\"e-con-inner\">\n\t\t\t\t<div class=\"elementor-element elementor-element-0cfb412 elementor-widget elementor-widget-text-editor\" data-id=\"0cfb412\" data-element_type=\"widget\" data-e-type=\"widget\" data-widget_type=\"text-editor.default\">\n\t\t\t\t<div class=\"elementor-widget-container\">\n\t\t\t\t\t\t\t\t\t<p>Din <strong>onlinebiljett<\/strong> till b\u00e4sta pris och undvik k\u00f6er<\/p>\t\t\t\t\t\t\t\t<\/div>\n\t\t\t\t<\/div>\n\t\t\t\t<div class=\"elementor-element elementor-element-55e5e4a elementor-widget elementor-widget-button\" data-id=\"55e5e4a\" data-element_type=\"widget\" data-e-type=\"widget\" data-widget_type=\"button.default\">\n\t\t\t\t<div class=\"elementor-widget-container\">\n\t\t\t\t\t\t\t\t\t<div class=\"elementor-button-wrapper\">\n\t\t\t\t\t<a class=\"elementor-button elementor-button-link elementor-size-sm\" href=\"https:\/\/entradas.cuevadenerja.es\/\" target=\"_blank\">\n\t\t\t\t\t\t<span class=\"elementor-button-content-wrapper\">\n\t\t\t\t\t\t<span class=\"elementor-button-icon\">\n\t\t\t\t<svg aria-hidden=\"true\" class=\"e-font-icon-svg e-fas-ticket-alt\" viewBox=\"0 0 576 512\" xmlns=\"http:\/\/www.w3.org\/2000\/svg\"><path d=\"M128 160h320v192H128V160zm400 96c0 26.51 21.49 48 48 48v96c0 26.51-21.49 48-48 48H48c-26.51 0-48-21.49-48-48v-96c26.51 0 48-21.49 48-48s-21.49-48-48-48v-96c0-26.51 21.49-48 48-48h480c26.51 0 48 21.49 48 48v96c-26.51 0-48 21.49-48 48zm-48-104c0-13.255-10.745-24-24-24H120c-13.255 0-24 10.745-24 24v208c0 13.255 10.745 24 24 24h336c13.255 0 24-10.745 24-24V152z\"><\/path><\/svg>\t\t\t<\/span>\n\t\t\t\t\t\t\t\t\t<span class=\"elementor-button-text\">K\u00f6p biljetter<\/span>\n\t\t\t\t\t<\/span>\n\t\t\t\t\t<\/a>\n\t\t\t\t<\/div>\n\t\t\t\t\t\t\t\t<\/div>\n\t\t\t\t<\/div>\n\t\t\t\t\t<\/div>\n\t\t\t\t<\/div>\n\t\t<div data-dce-background-overlay-image-url=\"https:\/\/cuevadenerja.es\/wp-content\/uploads\/2023\/09\/Cueva-Nerja-7.jpg\" class=\"elementor-element elementor-element-d76513c e-flex e-con-boxed e-con e-parent\" data-id=\"d76513c\" data-element_type=\"container\" data-e-type=\"container\" data-settings=\"{&quot;background_background&quot;:&quot;classic&quot;}\">\n\t\t\t\t\t<div class=\"e-con-inner\">\n\t\t<div class=\"elementor-element elementor-element-7ce21fe e-con-full e-flex e-con e-child\" data-id=\"7ce21fe\" data-element_type=\"container\" data-e-type=\"container\">\n\t\t\t\t<div class=\"elementor-element elementor-element-08a6e94 elementor-widget elementor-widget-text-editor\" data-id=\"08a6e94\" data-element_type=\"widget\" data-e-type=\"widget\" data-widget_type=\"text-editor.default\">\n\t\t\t\t<div class=\"elementor-widget-container\">\n\t\t\t\t\t\t\t\t\t<p>NERJAGROTTAN<\/p>\t\t\t\t\t\t\t\t<\/div>\n\t\t\t\t<\/div>\n\t\t\t\t<div class=\"elementor-element elementor-element-6a1c0a3 elementor-widget elementor-widget-heading\" data-id=\"6a1c0a3\" data-element_type=\"widget\" data-e-type=\"widget\" data-widget_type=\"heading.default\">\n\t\t\t\t<div class=\"elementor-widget-container\">\n\t\t\t\t\t<h1 class=\"elementor-heading-title elementor-size-default\">H\u00e4llkonst i Nerjagrottan\n\n<\/h1>\t\t\t\t<\/div>\n\t\t\t\t<\/div>\n\t\t\t\t<div class=\"elementor-element elementor-element-7d3a2a3 elementor-widget elementor-widget-text-editor\" data-id=\"7d3a2a3\" data-element_type=\"widget\" data-e-type=\"widget\" data-widget_type=\"text-editor.default\">\n\t\t\t\t<div class=\"elementor-widget-container\">\n\t\t\t\t\t\t\t\t\t<p>H\u00e4llkonsten i Nerjagrottan kan inte ses under bes\u00f6ket av bevarandesk\u00e4l. F\u00f6r n\u00e4rvarande visas rekonstruktioner av denna konst i Grottans Virtuella Verklighetssal, som ing\u00e5r i entr\u00e9avgiften till grottan.<\/p>\t\t\t\t\t\t\t\t<\/div>\n\t\t\t\t<\/div>\n\t\t\t\t<\/div>\n\t\t\t\t\t<\/div>\n\t\t\t\t<\/div>\n\t\t<div class=\"elementor-element elementor-element-018e255 e-con-full e-flex e-con e-parent\" data-id=\"018e255\" data-element_type=\"container\" data-e-type=\"container\" data-settings=\"{&quot;background_background&quot;:&quot;classic&quot;}\">\n\t\t<div class=\"elementor-element elementor-element-8348c6a e-con-full e-flex e-con e-child\" data-id=\"8348c6a\" data-element_type=\"container\" data-e-type=\"container\" data-settings=\"{&quot;background_background&quot;:&quot;classic&quot;}\">\n\t\t\t\t<div class=\"elementor-element elementor-element-27dd874 elementor-widget elementor-widget-heading\" data-id=\"27dd874\" data-element_type=\"widget\" data-e-type=\"widget\" data-widget_type=\"heading.default\">\n\t\t\t\t<div class=\"elementor-widget-container\">\n\t\t\t\t\t<h2 class=\"elementor-heading-title elementor-size-default\">H\u00e4llkonst i Nerjagrottan H\u00e4llkonst i Nerjagrottan H\u00e4llkonst i Nerjagrottan H\u00e4llkonst i Nerjagrottan H\u00e4llkonst i Nerjagrottan H\u00e4llkonst i Nerjagrottan H\u00e4llkonst i Nerjagrottan H\u00e4llkonst i Nerjagrottan H\u00e4llkonst i Nerjagrottan H\u00e4llkonst i Nerjagrottan H\u00e4llkonst i Nerjagrottan H\u00e4llkonst i Nerjagrottan H\u00e4llkonst i Nerjagrottan H\u00e4llkonst i Nerjagrottan H\u00e4llkonst i Nerjagrottan H\u00e4llkonst i Nerjagrottan H\u00e4llkonst i Nerjagrottan H\u00e4llkonst i Nerjagrottan H\u00e4llkonst i Nerjagrottan H\u00e4llkonst i Nerjagrottan H\u00e4llkonst i Nerjagrottan H\u00e4llkonst i Nerjagrottan H\u00e4llkonst i Nerjagrottan H\u00e4llkonst i Nerjagrottan <\/h2>\t\t\t\t<\/div>\n\t\t\t\t<\/div>\n\t\t\t\t<\/div>\n\t\t\t\t<\/div>\n\t\t<div class=\"elementor-element elementor-element-0ac02e2 e-flex e-con-boxed e-con e-parent\" data-id=\"0ac02e2\" data-element_type=\"container\" data-e-type=\"container\" data-settings=\"{&quot;background_background&quot;:&quot;classic&quot;}\">\n\t\t\t\t\t<div class=\"e-con-inner\">\n\t\t<div class=\"elementor-element elementor-element-3ed4d81 e-con-full e-flex e-con e-child\" data-id=\"3ed4d81\" data-element_type=\"container\" data-e-type=\"container\">\n\t\t\t\t<div class=\"elementor-element elementor-element-bac6731 elementor-widget elementor-widget-text-editor\" data-id=\"bac6731\" data-element_type=\"widget\" data-e-type=\"widget\" data-widget_type=\"text-editor.default\">\n\t\t\t\t<div class=\"elementor-widget-container\">\n\t\t\t\t\t\t\t\t\t<h3><span style=\"color: #b7916c;\"><strong>H\u00e4llkonst i Nerjagrottan: m\u00e5lningar, graveringar och l\u00f6sfynd<\/strong><\/span><\/h3>\nNerjagrottan \u00e4r en av de st\u00f6rsta arkeologiska platserna i Medelhavsomr\u00e5det i Europa. Dess salar har bes\u00f6kts av prehistoriska grupper f\u00f6r mer \u00e4n 41000 \u00e5r sedan, \u00e4ven om arkeologiska utgr\u00e4vningar f\u00f6r n\u00e4rvarande endast visar en registrerad ockupation fr\u00e5n Gravettien, med kontinuitet i alla faser av Solutr\u00e9en och n\u00e4rvaro av \u00f6vre medelhavs-Magdal\u00e9nien, alla bel\u00e4gna under perioden som kallas \u00f6vre paleolitikum. Efter dessa pleistocena kulturer f\u00f6ljer epipaleolitiska ockupationer och en intensiv anv\u00e4ndning, s\u00e4rskilt f\u00f6r begravnings\u00e4ndam\u00e5l, under neolitikum och koppar\u00e5ldern, redan under holocen.\nTrots detta, \u00e4r grottan framtr\u00e4dande i arkeologiskt avseende f\u00f6r att hysa en av v\u00e4rldens st\u00f6rsta samlingar av h\u00e4llkonst. De \u00e4ldsta manifestationerna verkar dateras tillbaka till 35000 f\u00f6re v\u00e5r tid, men det st\u00f6rsta antalet manifestationer motsvarar Solutr\u00e9en-helgedomen, omkring 20000 f\u00f6re v\u00e5r tid.\n\nDe prehistoriska konstn\u00e4rliga manifestationerna utf\u00f6rdes huvudsakligen med r\u00f6tt pigment, \u00e4ven om de \u00e4ven finns i svart. De \u00e4r huvudsakligen distribuerade genom de Turistiska Gallerierna, \u00e4ven om Solutr\u00e9en-konstn\u00e4rerna ocks\u00e5 l\u00e4mnade sitt avtryck i de \u00d6vre Gallerierna.\n\nMer \u00e4n 50 figurativa representationer har identifierats, begr\u00e4nsade till en mycket begr\u00e4nsad upps\u00e4ttning djur: hjortar, h\u00e4star, getter, s\u00e4lar, fiskliknande former och en m\u00f6jlig schematisering i r\u00f6tt av den kvinnliga figuren.\n\nDe mest rikliga resterna \u00e4r bevis p\u00e5 en grafisk kod, tydligt synlig i formationen k\u00e4nd som Orgeln. Tecken ordnade i serier av punkter och streck som kan vara m\u00e4nsklighetens f\u00f6rsta form av grafisk kommunikation.\n\nMagdal\u00e9ngrupperna, skaparna av verk s\u00e5 viktiga som Altamira, l\u00e4mnade endast i Nerja serier av streck och tecken utf\u00f6rda i svart pigment. De finns p\u00e5 mycket reserverade punkter i de \u00d6vre Gallerierna, med komplex tillg\u00e5ng. En viktig detalj \u00e4r dateringen av dessa grafismer utf\u00f6rda med kol, de dateras till de tidigaste stadierna av Magdal\u00e9nien, vilket \u00e4r paradoxalt i avsaknad av stratifierade ockupationer fr\u00e5n l\u00e4gre och full Magdal\u00e9nien i den utgr\u00e4vda sekvensen.\n\nVissa bevis p\u00e5 \u00f6verraskande skicklighet, de r\u00f6da s\u00e4larna i Pisciformes Camar\u00edn i K\u00f6ksalen, har \u00e4nnu inte en klar datering, och kan vara de \u00e4ldsta konstverken i Europa. Under utgr\u00e4vningarna har mindre f\u00f6rem\u00e5l i sten och ben \u00e5terfunnits, flyttbar konst, med representationer av tecken, en \u00e4nder i ett fall som kan ses i Nerjamuseet.\n\nMen ocks\u00e5 samh\u00e4llen fr\u00e5n neolitikum och koppar\u00e5ldern l\u00e4mnade sina konstn\u00e4rliga manifestationer i grottan. Det \u00e4r schematiseringar av den m\u00e4nskliga figuren ritade i r\u00f6tt, som de k\u00e4nda &#8221;Dansarna&#8221; i Torcasalen, f\u00f6rmodligen b\u00e5gskyttar. \u00c4ven graveringar har identifierats, som de som finns p\u00e5 valven i Hyllan av de R\u00f6da Barnen i Katastrofsalen, eller p\u00e5 flera flaggor i K\u00f6ksalen. De \u00e4r k\u00e4nda som bitriangul\u00e4ra och p\u00e5minner om m\u00e4nskliga figurer med eller utan sexuella attribut. De relaterar till begravningskulturer. De visas inte f\u00f6r bes\u00f6karen p\u00e5 grund av deras stora \u00f6mt\u00e5lighet och p\u00e5 grund av det otillg\u00e4ngliga i grottsektionerna som anv\u00e4ndes av de f\u00f6rhistoriska konstn\u00e4rerna.\t\t\t\t\t\t\t\t<\/div>\n\t\t\t\t<\/div>\n\t\t<div class=\"elementor-element elementor-element-cc22ca9 e-grid e-con-boxed e-con e-child\" data-id=\"cc22ca9\" data-element_type=\"container\" data-e-type=\"container\">\n\t\t\t\t\t<div class=\"e-con-inner\">\n\t\t\t\t<div class=\"elementor-element elementor-element-62a8d42 elementor-widget elementor-widget-image\" data-id=\"62a8d42\" data-element_type=\"widget\" data-e-type=\"widget\" data-widget_type=\"image.default\">\n\t\t\t\t<div class=\"elementor-widget-container\">\n\t\t\t\t\t\t\t\t\t\t\t\t\t\t\t<img fetchpriority=\"high\" decoding=\"async\" width=\"800\" height=\"533\" src=\"https:\/\/cuevadenerja.es\/wp-content\/uploads\/2023\/09\/Cueva-Nerja-7.jpg\" class=\"attachment-large size-large wp-image-19325\" alt=\"\" srcset=\"https:\/\/cuevadenerja.es\/wp-content\/uploads\/2023\/09\/Cueva-Nerja-7.jpg 800w, https:\/\/cuevadenerja.es\/wp-content\/uploads\/2023\/09\/Cueva-Nerja-7-300x200.jpg 300w, https:\/\/cuevadenerja.es\/wp-content\/uploads\/2023\/09\/Cueva-Nerja-7-768x512.jpg 768w\" sizes=\"(max-width: 800px) 100vw, 800px\" \/>\t\t\t\t\t\t\t\t\t\t\t\t\t\t\t<\/div>\n\t\t\t\t<\/div>\n\t\t\t\t<div class=\"elementor-element elementor-element-1dd49f6 elementor-widget elementor-widget-image\" data-id=\"1dd49f6\" data-element_type=\"widget\" data-e-type=\"widget\" data-widget_type=\"image.default\">\n\t\t\t\t<div class=\"elementor-widget-container\">\n\t\t\t\t\t\t\t\t\t\t\t\t\t\t\t<img decoding=\"async\" width=\"800\" height=\"533\" src=\"https:\/\/cuevadenerja.es\/wp-content\/uploads\/2023\/11\/pinturas-cueva-de-nerja-1.jpg\" class=\"attachment-large size-large wp-image-19457\" alt=\"\" srcset=\"https:\/\/cuevadenerja.es\/wp-content\/uploads\/2023\/11\/pinturas-cueva-de-nerja-1.jpg 800w, https:\/\/cuevadenerja.es\/wp-content\/uploads\/2023\/11\/pinturas-cueva-de-nerja-1-300x200.jpg 300w, https:\/\/cuevadenerja.es\/wp-content\/uploads\/2023\/11\/pinturas-cueva-de-nerja-1-768x512.jpg 768w\" sizes=\"(max-width: 800px) 100vw, 800px\" \/>\t\t\t\t\t\t\t\t\t\t\t\t\t\t\t<\/div>\n\t\t\t\t<\/div>\n\t\t\t\t<div class=\"elementor-element elementor-element-dbfe8a5 elementor-widget elementor-widget-image\" data-id=\"dbfe8a5\" data-element_type=\"widget\" data-e-type=\"widget\" data-widget_type=\"image.default\">\n\t\t\t\t<div class=\"elementor-widget-container\">\n\t\t\t\t\t\t\t\t\t\t\t\t\t\t\t<img decoding=\"async\" width=\"1024\" height=\"683\" src=\"https:\/\/cuevadenerja.es\/wp-content\/uploads\/2023\/11\/Antropomorfos-en-pigmento-rojo-1024x683.jpg\" class=\"attachment-large size-large wp-image-19403\" alt=\"\" srcset=\"https:\/\/cuevadenerja.es\/wp-content\/uploads\/2023\/11\/Antropomorfos-en-pigmento-rojo-1024x683.jpg 1024w, https:\/\/cuevadenerja.es\/wp-content\/uploads\/2023\/11\/Antropomorfos-en-pigmento-rojo-300x200.jpg 300w, https:\/\/cuevadenerja.es\/wp-content\/uploads\/2023\/11\/Antropomorfos-en-pigmento-rojo-768x512.jpg 768w, https:\/\/cuevadenerja.es\/wp-content\/uploads\/2023\/11\/Antropomorfos-en-pigmento-rojo-1536x1024.jpg 1536w, https:\/\/cuevadenerja.es\/wp-content\/uploads\/2023\/11\/Antropomorfos-en-pigmento-rojo.jpg 1800w\" sizes=\"(max-width: 1024px) 100vw, 1024px\" \/>\t\t\t\t\t\t\t\t\t\t\t\t\t\t\t<\/div>\n\t\t\t\t<\/div>\n\t\t\t\t<div class=\"elementor-element elementor-element-150782f elementor-widget elementor-widget-image\" data-id=\"150782f\" data-element_type=\"widget\" data-e-type=\"widget\" data-widget_type=\"image.default\">\n\t\t\t\t<div class=\"elementor-widget-container\">\n\t\t\t\t\t\t\t\t\t\t\t\t\t\t\t<img loading=\"lazy\" decoding=\"async\" width=\"1024\" height=\"683\" src=\"https:\/\/cuevadenerja.es\/wp-content\/uploads\/2023\/11\/Cierva-y-signos-solutrenses-1024x683.jpg\" class=\"attachment-large size-large wp-image-19402\" alt=\"\" srcset=\"https:\/\/cuevadenerja.es\/wp-content\/uploads\/2023\/11\/Cierva-y-signos-solutrenses-1024x683.jpg 1024w, https:\/\/cuevadenerja.es\/wp-content\/uploads\/2023\/11\/Cierva-y-signos-solutrenses-300x200.jpg 300w, https:\/\/cuevadenerja.es\/wp-content\/uploads\/2023\/11\/Cierva-y-signos-solutrenses-768x512.jpg 768w, https:\/\/cuevadenerja.es\/wp-content\/uploads\/2023\/11\/Cierva-y-signos-solutrenses-1536x1024.jpg 1536w, https:\/\/cuevadenerja.es\/wp-content\/uploads\/2023\/11\/Cierva-y-signos-solutrenses.jpg 1800w\" sizes=\"(max-width: 1024px) 100vw, 1024px\" \/>\t\t\t\t\t\t\t\t\t\t\t\t\t\t\t<\/div>\n\t\t\t\t<\/div>\n\t\t\t\t\t<\/div>\n\t\t\t\t<\/div>\n\t\t\t\t<\/div>\n\t\t\t\t\t<\/div>\n\t\t\t\t<\/div>\n\t\t\t\t<\/div>\n\t\t","protected":false},"excerpt":{"rendered":"<p>Din onlinebiljett till b\u00e4sta pris och undvik k\u00f6er K\u00f6p biljetter NERJAGROTTAN H\u00e4llkonst i Nerjagrottan H\u00e4llkonsten i Nerjagrottan kan inte ses under bes\u00f6ket av bevarandesk\u00e4l. F\u00f6r n\u00e4rvarande visas rekonstruktioner av denna konst i Grottans Virtuella Verklighetssal, som ing\u00e5r i entr\u00e9avgiften till grottan. H\u00e4llkonst i Nerjagrottan H\u00e4llkonst i Nerjagrottan H\u00e4llkonst i Nerjagrottan H\u00e4llkonst i Nerjagrottan H\u00e4llkonst i [&hellip;]<\/p>\n","protected":false},"author":1,"featured_media":0,"parent":19306,"menu_order":4,"comment_status":"closed","ping_status":"closed","template":"","meta":{"inline_featured_image":false,"site-sidebar-layout":"no-sidebar","site-content-layout":"page-builder","ast-site-content-layout":"full-width-container","site-content-style":"default","site-sidebar-style":"default","ast-global-header-display":"","ast-banner-title-visibility":"","ast-main-header-display":"","ast-hfb-above-header-display":"","ast-hfb-below-header-display":"","ast-hfb-mobile-header-display":"","site-post-title":"disabled","ast-breadcrumbs-content":"","ast-featured-img":"disabled","footer-sml-layout":"","ast-disable-related-posts":"","theme-transparent-header-meta":"default","adv-header-id-meta":"","stick-header-meta":"default","header-above-stick-meta":"","header-main-stick-meta":"","header-below-stick-meta":"","astra-migrate-meta-layouts":"set","ast-page-background-enabled":"default","ast-page-background-meta":{"desktop":{"background-color":"var(--ast-global-color-4)","background-image":"","background-repeat":"repeat","background-position":"center center","background-size":"auto","background-attachment":"scroll","background-type":"","background-media":"","overlay-type":"","overlay-color":"","overlay-opacity":"","overlay-gradient":""},"tablet":{"background-color":"","background-image":"","background-repeat":"repeat","background-position":"center center","background-size":"auto","background-attachment":"scroll","background-type":"","background-media":"","overlay-type":"","overlay-color":"","overlay-opacity":"","overlay-gradient":""},"mobile":{"background-color":"","background-image":"","background-repeat":"repeat","background-position":"center center","background-size":"auto","background-attachment":"scroll","background-type":"","background-media":"","overlay-type":"","overlay-color":"","overlay-opacity":"","overlay-gradient":""}},"ast-content-background-meta":{"desktop":{"background-color":"var(--ast-global-color-5)","background-image":"","background-repeat":"repeat","background-position":"center center","background-size":"auto","background-attachment":"scroll","background-type":"","background-media":"","overlay-type":"","overlay-color":"","overlay-opacity":"","overlay-gradient":""},"tablet":{"background-color":"var(--ast-global-color-5)","background-image":"","background-repeat":"repeat","background-position":"center center","background-size":"auto","background-attachment":"scroll","background-type":"","background-media":"","overlay-type":"","overlay-color":"","overlay-opacity":"","overlay-gradient":""},"mobile":{"background-color":"var(--ast-global-color-5)","background-image":"","background-repeat":"repeat","background-position":"center center","background-size":"auto","background-attachment":"scroll","background-type":"","background-media":"","overlay-type":"","overlay-color":"","overlay-opacity":"","overlay-gradient":""}},"footnotes":""},"class_list":["post-19456","page","type-page","status-publish","hentry"],"_links":{"self":[{"href":"https:\/\/cuevadenerja.es\/sv\/wp-json\/wp\/v2\/pages\/19456","targetHints":{"allow":["GET"]}}],"collection":[{"href":"https:\/\/cuevadenerja.es\/sv\/wp-json\/wp\/v2\/pages"}],"about":[{"href":"https:\/\/cuevadenerja.es\/sv\/wp-json\/wp\/v2\/types\/page"}],"author":[{"embeddable":true,"href":"https:\/\/cuevadenerja.es\/sv\/wp-json\/wp\/v2\/users\/1"}],"replies":[{"embeddable":true,"href":"https:\/\/cuevadenerja.es\/sv\/wp-json\/wp\/v2\/comments?post=19456"}],"version-history":[{"count":0,"href":"https:\/\/cuevadenerja.es\/sv\/wp-json\/wp\/v2\/pages\/19456\/revisions"}],"up":[{"embeddable":true,"href":"https:\/\/cuevadenerja.es\/sv\/wp-json\/wp\/v2\/pages\/19306"}],"wp:attachment":[{"href":"https:\/\/cuevadenerja.es\/sv\/wp-json\/wp\/v2\/media?parent=19456"}],"curies":[{"name":"wp","href":"https:\/\/api.w.org\/{rel}","templated":true}]}}