{"id":19435,"date":"2023-10-26T11:15:48","date_gmt":"2023-10-26T09:15:48","guid":{"rendered":"https:\/\/cuevadenerja.es\/?page_id=19435"},"modified":"2024-03-18T14:18:03","modified_gmt":"2024-03-18T13:18:03","slug":"biologi","status":"publish","type":"page","link":"https:\/\/cuevadenerja.es\/sv\/grotta\/varden-av-grottan\/biologi\/","title":{"rendered":"Biologi"},"content":{"rendered":"\t\t<div data-elementor-type=\"wp-page\" data-elementor-id=\"19435\" class=\"elementor elementor-19435 elementor-12636\" data-elementor-post-type=\"page\">\n\t\t\t\t<div class=\"elementor-element elementor-element-f089f8d e-flex e-con-boxed e-con e-parent\" data-id=\"f089f8d\" data-element_type=\"container\" data-e-type=\"container\" data-settings=\"{&quot;background_background&quot;:&quot;classic&quot;}\">\n\t\t\t\t\t<div class=\"e-con-inner\">\n\t\t\t\t<div class=\"elementor-element elementor-element-7fa3e32 elementor-widget elementor-widget-text-editor\" data-id=\"7fa3e32\" data-element_type=\"widget\" data-e-type=\"widget\" data-widget_type=\"text-editor.default\">\n\t\t\t\t<div class=\"elementor-widget-container\">\n\t\t\t\t\t\t\t\t\t<p>Din <strong>onlinebiljett<\/strong> till b\u00e4sta pris och undvik k\u00f6er<\/p>\t\t\t\t\t\t\t\t<\/div>\n\t\t\t\t<\/div>\n\t\t\t\t<div class=\"elementor-element elementor-element-991c302 elementor-widget elementor-widget-button\" data-id=\"991c302\" data-element_type=\"widget\" data-e-type=\"widget\" data-widget_type=\"button.default\">\n\t\t\t\t<div class=\"elementor-widget-container\">\n\t\t\t\t\t\t\t\t\t<div class=\"elementor-button-wrapper\">\n\t\t\t\t\t<a class=\"elementor-button elementor-button-link elementor-size-sm\" href=\"https:\/\/entradas.cuevadenerja.es\/\" target=\"_blank\">\n\t\t\t\t\t\t<span class=\"elementor-button-content-wrapper\">\n\t\t\t\t\t\t<span class=\"elementor-button-icon\">\n\t\t\t\t<svg aria-hidden=\"true\" class=\"e-font-icon-svg e-fas-ticket-alt\" viewBox=\"0 0 576 512\" xmlns=\"http:\/\/www.w3.org\/2000\/svg\"><path d=\"M128 160h320v192H128V160zm400 96c0 26.51 21.49 48 48 48v96c0 26.51-21.49 48-48 48H48c-26.51 0-48-21.49-48-48v-96c26.51 0 48-21.49 48-48s-21.49-48-48-48v-96c0-26.51 21.49-48 48-48h480c26.51 0 48 21.49 48 48v96c-26.51 0-48 21.49-48 48zm-48-104c0-13.255-10.745-24-24-24H120c-13.255 0-24 10.745-24 24v208c0 13.255 10.745 24 24 24h336c13.255 0 24-10.745 24-24V152z\"><\/path><\/svg>\t\t\t<\/span>\n\t\t\t\t\t\t\t\t\t<span class=\"elementor-button-text\">K\u00f6p biljetter<\/span>\n\t\t\t\t\t<\/span>\n\t\t\t\t\t<\/a>\n\t\t\t\t<\/div>\n\t\t\t\t\t\t\t\t<\/div>\n\t\t\t\t<\/div>\n\t\t\t\t\t<\/div>\n\t\t\t\t<\/div>\n\t\t<div data-dce-background-overlay-image-url=\"https:\/\/cuevadenerja.es\/wp-content\/uploads\/2023\/10\/F1.jpg\" class=\"elementor-element elementor-element-87671b5 e-flex e-con-boxed e-con e-parent\" data-id=\"87671b5\" data-element_type=\"container\" data-e-type=\"container\" data-settings=\"{&quot;background_background&quot;:&quot;classic&quot;}\">\n\t\t\t\t\t<div class=\"e-con-inner\">\n\t\t<div class=\"elementor-element elementor-element-2f6efeb e-con-full e-flex e-con e-child\" data-id=\"2f6efeb\" data-element_type=\"container\" data-e-type=\"container\">\n\t\t\t\t<div class=\"elementor-element elementor-element-3e8c6f2 elementor-widget elementor-widget-text-editor\" data-id=\"3e8c6f2\" data-element_type=\"widget\" data-e-type=\"widget\" data-widget_type=\"text-editor.default\">\n\t\t\t\t<div class=\"elementor-widget-container\">\n\t\t\t\t\t\t\t\t\t<p>V\u00e4rdena i Grottan<\/p>\t\t\t\t\t\t\t\t<\/div>\n\t\t\t\t<\/div>\n\t\t\t\t<div class=\"elementor-element elementor-element-c1f661a elementor-widget elementor-widget-heading\" data-id=\"c1f661a\" data-element_type=\"widget\" data-e-type=\"widget\" data-widget_type=\"heading.default\">\n\t\t\t\t<div class=\"elementor-widget-container\">\n\t\t\t\t\t<h1 class=\"elementor-heading-title elementor-size-default\">Biologi\n\n<\/h1>\t\t\t\t<\/div>\n\t\t\t\t<\/div>\n\t\t\t\t<div class=\"elementor-element elementor-element-6df3db2 elementor-widget elementor-widget-text-editor\" data-id=\"6df3db2\" data-element_type=\"widget\" data-e-type=\"widget\" data-widget_type=\"text-editor.default\">\n\t\t\t\t<div class=\"elementor-widget-container\">\n\t\t\t\t\t\t\t\t\t<strong>Med mer \u00e4n fem miljoner \u00e5r,<\/strong> \u00e4r Nerjagrottan ett imponerande geologiskt sk\u00e5despel, resultatet av <strong>karstprocesser,<\/strong> som skapar fascinerande speleotem och erbjuder <strong>avg\u00f6rande vetenskaplig information.<\/strong> Internationellt erk\u00e4nd, positionerar sig denna grotta som en <strong>ov\u00e4rderlig vetenskaplig resurs och ett underjordiskt naturmuseum.<\/strong>\t\t\t\t\t\t\t\t<\/div>\n\t\t\t\t<\/div>\n\t\t\t\t<\/div>\n\t\t\t\t\t<\/div>\n\t\t\t\t<\/div>\n\t\t<div class=\"elementor-element elementor-element-e52b627 e-con-full e-flex e-con e-parent\" data-id=\"e52b627\" data-element_type=\"container\" data-e-type=\"container\" data-settings=\"{&quot;background_background&quot;:&quot;classic&quot;}\">\n\t\t<div class=\"elementor-element elementor-element-92d60b8 e-con-full e-flex e-con e-child\" data-id=\"92d60b8\" data-element_type=\"container\" data-e-type=\"container\" data-settings=\"{&quot;background_background&quot;:&quot;classic&quot;}\">\n\t\t\t\t<div class=\"elementor-element elementor-element-3c4b8e9 elementor-widget elementor-widget-heading\" data-id=\"3c4b8e9\" data-element_type=\"widget\" data-e-type=\"widget\" data-widget_type=\"heading.default\">\n\t\t\t\t<div class=\"elementor-widget-container\">\n\t\t\t\t\t<h2 class=\"elementor-heading-title elementor-size-default\">Biologi Biologi Biologi Biologi Biologi Biologi Biologi Biologi Biologi Biologi Biologi Biologi Biologi Biologi Biologi Biologi Biologi Biologi Biologi Biologi Biologi Biologi Biologi Biologi Biologi Biologi Biologi Biologi Biologi Biologi Biologi Biologi Biologi Biologi Biologi Biologi Biologi Biologi Biologi Biologi <\/h2>\t\t\t\t<\/div>\n\t\t\t\t<\/div>\n\t\t\t\t<\/div>\n\t\t\t\t<\/div>\n\t\t<div class=\"elementor-element elementor-element-1bd44f1 e-flex e-con-boxed e-con e-parent\" data-id=\"1bd44f1\" data-element_type=\"container\" data-e-type=\"container\" data-settings=\"{&quot;background_background&quot;:&quot;classic&quot;}\">\n\t\t\t\t\t<div class=\"e-con-inner\">\n\t\t<div class=\"elementor-element elementor-element-9f84305 e-con-full e-flex e-con e-child\" data-id=\"9f84305\" data-element_type=\"container\" data-e-type=\"container\">\n\t\t\t\t<div class=\"elementor-element elementor-element-bd95c47 elementor-widget elementor-widget-text-editor\" data-id=\"bd95c47\" data-element_type=\"widget\" data-e-type=\"widget\" data-widget_type=\"text-editor.default\">\n\t\t\t\t<div class=\"elementor-widget-container\">\n\t\t\t\t\t\t\t\t\t<h3 class=\"vc_custom_heading us_custom_0f6c369a\"><span style=\"color: #b7916c;\">Fauna<\/span><\/h3>\n<strong>Fladderm\u00f6ss \u00e4r de mest representativa djuren i grottor<\/strong>, men de \u00e4r inte de enda. I de djupaste delarna av grottor bor en s\u00e4rskild och mycket s\u00e5rbar fauna, kallad <strong>troglobia<\/strong>, perfekt anpassad till det extrema livet i denna underjordiska milj\u00f6.\nP\u00e5 grund av <strong>avsaknaden av ljus och den h\u00f6ga omgivande fuktigheten<\/strong>, tenderar troglobiter att uppvisa minskning eller f\u00f6rlust av \u00f6gon, f\u00f6rtunning och avpigmentering av det yttre kutiklet, f\u00f6rl\u00e4ngning av kroppen och bilagor samt f\u00f6rb\u00e4ttring av de taktila och kemiska k\u00e4nsliga organen. Bristen p\u00e5 mat och behovet av att spara energi gynnar en <strong>mycket varierad n\u00e4ring och deras motst\u00e5ndskraft mot fasta<\/strong>. Vuxna exemplar tenderar att vara mycket l\u00e5nglivade, med ett l\u00e5ngsamt liv, med frekventa perioder av dvala och avsaknad av dagliga och \u00e5rliga rytmer. N\u00e4r de reproducerar sig \u00e4r \u00e4ggen sm\u00e5, f\u00e5 och med l\u00e5ngsam embryoutveckling.\n\nDen <strong>troglobiska faunan i en grotta brukar ha endemiska arter<\/strong>, det vill s\u00e4ga, exklusiva f\u00f6r grottan, som representerar en resurs av stort vetenskapligt v\u00e4rde. Ur ett biogeografiskt och evolution\u00e4rt perspektiv har vissa arter status som <strong>paleoendemismer<\/strong>, det vill s\u00e4ga, de \u00e4r reliker fr\u00e5n en till st\u00f6rsta delen utd\u00f6d fauna.\n\nBland de troglobiter som bor i Nerjagrottan har skalbaggen <em><strong>Platyderus speleus<\/strong><\/em> (Cobos, 1961), gr\u00e4shoppan <em><strong>Petaloptila malacitana<\/strong><\/em> (Barranco, 2010), pseudoskorpionen <em><strong>Ephippiochthonius nerjaensis<\/strong><\/em> (Carabajal M\u00e1rquez, Garc\u00eda Carrillo &#038; Rodr\u00edguez Fern\u00e1ndez, 2001), dipluran <em><strong>Plusiocampa baetica<\/strong><\/em> (Sendra, 2004) och gr\u00e5suggan <em><strong>Porcellio narixae<\/strong><\/em> (Cifuentes, 2018) identifierats, varav de tre sista arterna dessutom \u00e4r <strong>endemiska f\u00f6r Nerjagrottan<\/strong>.\t\t\t\t\t\t\t\t<\/div>\n\t\t\t\t<\/div>\n\t\t<div class=\"elementor-element elementor-element-ba26c93 e-grid e-con-boxed e-con e-child\" data-id=\"ba26c93\" data-element_type=\"container\" data-e-type=\"container\">\n\t\t\t\t\t<div class=\"e-con-inner\">\n\t\t\t\t<div class=\"elementor-element elementor-element-d23dafa elementor-widget elementor-widget-image\" data-id=\"d23dafa\" data-element_type=\"widget\" data-e-type=\"widget\" data-widget_type=\"image.default\">\n\t\t\t\t<div class=\"elementor-widget-container\">\n\t\t\t\t\t\t\t\t\t\t\t\t<figure class=\"wp-caption\">\n\t\t\t\t\t\t\t\t\t\t<img fetchpriority=\"high\" decoding=\"async\" width=\"1800\" height=\"1200\" src=\"https:\/\/cuevadenerja.es\/wp-content\/uploads\/2023\/10\/F2.jpg\" class=\"attachment-full size-full wp-image-19437\" alt=\"\" srcset=\"https:\/\/cuevadenerja.es\/wp-content\/uploads\/2023\/10\/F2.jpg 1800w, https:\/\/cuevadenerja.es\/wp-content\/uploads\/2023\/10\/F2-300x200.jpg 300w, https:\/\/cuevadenerja.es\/wp-content\/uploads\/2023\/10\/F2-1024x683.jpg 1024w, https:\/\/cuevadenerja.es\/wp-content\/uploads\/2023\/10\/F2-768x512.jpg 768w, https:\/\/cuevadenerja.es\/wp-content\/uploads\/2023\/10\/F2-1536x1024.jpg 1536w\" sizes=\"(max-width: 1800px) 100vw, 1800px\" \/>\t\t\t\t\t\t\t\t\t\t\t<figcaption class=\"widget-image-caption wp-caption-text\"><em>Platyderus speleus<\/em><br>Cobos, 1961<\/figcaption>\n\t\t\t\t\t\t\t\t\t\t<\/figure>\n\t\t\t\t\t\t\t\t\t<\/div>\n\t\t\t\t<\/div>\n\t\t\t\t<div class=\"elementor-element elementor-element-1abf02e elementor-widget elementor-widget-image\" data-id=\"1abf02e\" data-element_type=\"widget\" data-e-type=\"widget\" data-widget_type=\"image.default\">\n\t\t\t\t<div class=\"elementor-widget-container\">\n\t\t\t\t\t\t\t\t\t\t\t\t<figure class=\"wp-caption\">\n\t\t\t\t\t\t\t\t\t\t<img decoding=\"async\" width=\"1800\" height=\"1200\" src=\"https:\/\/cuevadenerja.es\/wp-content\/uploads\/2023\/10\/F1.jpg\" class=\"attachment-full size-full wp-image-19436\" alt=\"\" srcset=\"https:\/\/cuevadenerja.es\/wp-content\/uploads\/2023\/10\/F1.jpg 1800w, https:\/\/cuevadenerja.es\/wp-content\/uploads\/2023\/10\/F1-300x200.jpg 300w, https:\/\/cuevadenerja.es\/wp-content\/uploads\/2023\/10\/F1-1024x683.jpg 1024w, https:\/\/cuevadenerja.es\/wp-content\/uploads\/2023\/10\/F1-768x512.jpg 768w, https:\/\/cuevadenerja.es\/wp-content\/uploads\/2023\/10\/F1-1536x1024.jpg 1536w\" sizes=\"(max-width: 1800px) 100vw, 1800px\" \/>\t\t\t\t\t\t\t\t\t\t\t<figcaption class=\"widget-image-caption wp-caption-text\"><em>Petaloptila malacitana<\/em><br>Barranco, 2010<\/figcaption>\n\t\t\t\t\t\t\t\t\t\t<\/figure>\n\t\t\t\t\t\t\t\t\t<\/div>\n\t\t\t\t<\/div>\n\t\t\t\t<div class=\"elementor-element elementor-element-fdb81a6 elementor-widget elementor-widget-image\" data-id=\"fdb81a6\" data-element_type=\"widget\" data-e-type=\"widget\" data-widget_type=\"image.default\">\n\t\t\t\t<div class=\"elementor-widget-container\">\n\t\t\t\t\t\t\t\t\t\t\t\t<figure class=\"wp-caption\">\n\t\t\t\t\t\t\t\t\t\t<img decoding=\"async\" width=\"1800\" height=\"1200\" src=\"https:\/\/cuevadenerja.es\/wp-content\/uploads\/2023\/10\/F4.jpg\" class=\"attachment-full size-full wp-image-19439\" alt=\"\" srcset=\"https:\/\/cuevadenerja.es\/wp-content\/uploads\/2023\/10\/F4.jpg 1800w, https:\/\/cuevadenerja.es\/wp-content\/uploads\/2023\/10\/F4-300x200.jpg 300w, https:\/\/cuevadenerja.es\/wp-content\/uploads\/2023\/10\/F4-1024x683.jpg 1024w, https:\/\/cuevadenerja.es\/wp-content\/uploads\/2023\/10\/F4-768x512.jpg 768w, https:\/\/cuevadenerja.es\/wp-content\/uploads\/2023\/10\/F4-1536x1024.jpg 1536w\" sizes=\"(max-width: 1800px) 100vw, 1800px\" \/>\t\t\t\t\t\t\t\t\t\t\t<figcaption class=\"widget-image-caption wp-caption-text\"><em>Ephippiochthonius nerjaensis<\/em><br>Carabajal M\u00e1rquez, Garc\u00eda Carrillo &amp; Rodr\u00edguez Fern\u00e1ndez, 2001<\/figcaption>\n\t\t\t\t\t\t\t\t\t\t<\/figure>\n\t\t\t\t\t\t\t\t\t<\/div>\n\t\t\t\t<\/div>\n\t\t\t\t<div class=\"elementor-element elementor-element-36fb27a elementor-widget elementor-widget-image\" data-id=\"36fb27a\" data-element_type=\"widget\" data-e-type=\"widget\" data-widget_type=\"image.default\">\n\t\t\t\t<div class=\"elementor-widget-container\">\n\t\t\t\t\t\t\t\t\t\t\t\t<figure class=\"wp-caption\">\n\t\t\t\t\t\t\t\t\t\t<img loading=\"lazy\" decoding=\"async\" width=\"1800\" height=\"1200\" src=\"https:\/\/cuevadenerja.es\/wp-content\/uploads\/2023\/10\/F3.jpg\" class=\"attachment-full size-full wp-image-19438\" alt=\"\" srcset=\"https:\/\/cuevadenerja.es\/wp-content\/uploads\/2023\/10\/F3.jpg 1800w, https:\/\/cuevadenerja.es\/wp-content\/uploads\/2023\/10\/F3-300x200.jpg 300w, https:\/\/cuevadenerja.es\/wp-content\/uploads\/2023\/10\/F3-1024x683.jpg 1024w, https:\/\/cuevadenerja.es\/wp-content\/uploads\/2023\/10\/F3-768x512.jpg 768w, https:\/\/cuevadenerja.es\/wp-content\/uploads\/2023\/10\/F3-1536x1024.jpg 1536w\" sizes=\"(max-width: 1800px) 100vw, 1800px\" \/>\t\t\t\t\t\t\t\t\t\t\t<figcaption class=\"widget-image-caption wp-caption-text\"><em>Plusiocampa baetica<\/em><br>Sendra, 2004<\/figcaption>\n\t\t\t\t\t\t\t\t\t\t<\/figure>\n\t\t\t\t\t\t\t\t\t<\/div>\n\t\t\t\t<\/div>\n\t\t\t\t<div class=\"elementor-element elementor-element-c9b13a0 elementor-widget elementor-widget-image\" data-id=\"c9b13a0\" data-element_type=\"widget\" data-e-type=\"widget\" data-widget_type=\"image.default\">\n\t\t\t\t<div class=\"elementor-widget-container\">\n\t\t\t\t\t\t\t\t\t\t\t\t<figure class=\"wp-caption\">\n\t\t\t\t\t\t\t\t\t\t<img loading=\"lazy\" decoding=\"async\" width=\"612\" height=\"403\" src=\"https:\/\/cuevadenerja.es\/wp-content\/uploads\/2023\/11\/Porcellio-narixae.jpg\" class=\"attachment-full size-full wp-image-19445\" alt=\"\" srcset=\"https:\/\/cuevadenerja.es\/wp-content\/uploads\/2023\/11\/Porcellio-narixae.jpg 612w, https:\/\/cuevadenerja.es\/wp-content\/uploads\/2023\/11\/Porcellio-narixae-300x198.jpg 300w\" sizes=\"(max-width: 612px) 100vw, 612px\" \/>\t\t\t\t\t\t\t\t\t\t\t<figcaption class=\"widget-image-caption wp-caption-text\"><em>Porcellio narixae<\/em><br>Cifuentes, 2018<\/figcaption>\n\t\t\t\t\t\t\t\t\t\t<\/figure>\n\t\t\t\t\t\t\t\t\t<\/div>\n\t\t\t\t<\/div>\n\t\t\t\t\t<\/div>\n\t\t\t\t<\/div>\n\t\t\t\t<div class=\"elementor-element elementor-element-57d3cf1 elementor-widget elementor-widget-text-editor\" data-id=\"57d3cf1\" data-element_type=\"widget\" data-e-type=\"widget\" data-widget_type=\"text-editor.default\">\n\t\t\t\t<div class=\"elementor-widget-container\">\n\t\t\t\t\t\t\t\t\t<h3><span style=\"color: #b7916c;\"><strong>Microbiota<\/strong><\/span><\/h3>\n<strong>Mikroorganismerna \u00e4r de f\u00f6rsta levande varelserna som koloniserar grottor<\/strong>, dit de kan komma genom sprickor i berget eller transporteras av infiltrerande vatten, luftstr\u00f6mmar eller andra levande varelser. Vanligtvis grupperas de i <strong>funktionella gemenskaper av olika komplexitet, k\u00e4nda som biofilmer<\/strong>. F\u00f6rutom organismer med olika metabolism bildas biofilmer ocks\u00e5 av vatten och en hydratiserad matris av extracellul\u00e4ra polymera substanser som skyddar dem mot ogynnsamma milj\u00f6f\u00f6rh\u00e5llanden och m\u00f6jligg\u00f6r deras vidh\u00e4ftning till substrat. <strong>Nerjagrottan utg\u00f6r det ekologiska nischen f\u00f6r ett brett spektrum av biofilmer<\/strong> som vanligtvis \u00e4r lite diversifierade, med en enkel struktur och mycket k\u00e4nsliga f\u00f6r milj\u00f6f\u00f6r\u00e4ndringar.\n<strong>J\u00e4mvikten mellan de olika grupperna av mikroorganismer som utg\u00f6r mikrobiotan i den underjordiska milj\u00f6n, samt deras relation till sj\u00e4lva grottan, p\u00e5verkar evolutionen och bevarandet av detta \u00f6mt\u00e5liga ekosystem.<\/strong>\t\t\t\t\t\t\t\t<\/div>\n\t\t\t\t<\/div>\n\t\t<div class=\"elementor-element elementor-element-6f7d725 e-grid e-con-boxed e-con e-child\" data-id=\"6f7d725\" data-element_type=\"container\" data-e-type=\"container\">\n\t\t\t\t\t<div class=\"e-con-inner\">\n\t\t\t\t<div class=\"elementor-element elementor-element-0265887 elementor-widget elementor-widget-image\" data-id=\"0265887\" data-element_type=\"widget\" data-e-type=\"widget\" data-widget_type=\"image.default\">\n\t\t\t\t<div class=\"elementor-widget-container\">\n\t\t\t\t\t\t\t\t\t\t\t\t<figure class=\"wp-caption\">\n\t\t\t\t\t\t\t\t\t\t<img loading=\"lazy\" decoding=\"async\" width=\"1800\" height=\"1200\" src=\"https:\/\/cuevadenerja.es\/wp-content\/uploads\/2023\/10\/M1.jpg\" class=\"attachment-full size-full wp-image-19441\" alt=\"\" srcset=\"https:\/\/cuevadenerja.es\/wp-content\/uploads\/2023\/10\/M1.jpg 1800w, https:\/\/cuevadenerja.es\/wp-content\/uploads\/2023\/10\/M1-300x200.jpg 300w, https:\/\/cuevadenerja.es\/wp-content\/uploads\/2023\/10\/M1-1024x683.jpg 1024w, https:\/\/cuevadenerja.es\/wp-content\/uploads\/2023\/10\/M1-768x512.jpg 768w, https:\/\/cuevadenerja.es\/wp-content\/uploads\/2023\/10\/M1-1536x1024.jpg 1536w\" sizes=\"(max-width: 1800px) 100vw, 1800px\" \/>\t\t\t\t\t\t\t\t\t\t\t<figcaption class=\"widget-image-caption wp-caption-text\">Fototrofa organismer som koloniserar en del av en stalaktit<\/figcaption>\n\t\t\t\t\t\t\t\t\t\t<\/figure>\n\t\t\t\t\t\t\t\t\t<\/div>\n\t\t\t\t<\/div>\n\t\t\t\t<div class=\"elementor-element elementor-element-b51787b elementor-widget elementor-widget-image\" data-id=\"b51787b\" data-element_type=\"widget\" data-e-type=\"widget\" data-widget_type=\"image.default\">\n\t\t\t\t<div class=\"elementor-widget-container\">\n\t\t\t\t\t\t\t\t\t\t\t\t<figure class=\"wp-caption\">\n\t\t\t\t\t\t\t\t\t\t<img loading=\"lazy\" decoding=\"async\" width=\"1800\" height=\"1200\" src=\"https:\/\/cuevadenerja.es\/wp-content\/uploads\/2023\/10\/M2.jpg\" class=\"attachment-full size-full wp-image-19442\" alt=\"\" srcset=\"https:\/\/cuevadenerja.es\/wp-content\/uploads\/2023\/10\/M2.jpg 1800w, https:\/\/cuevadenerja.es\/wp-content\/uploads\/2023\/10\/M2-300x200.jpg 300w, https:\/\/cuevadenerja.es\/wp-content\/uploads\/2023\/10\/M2-1024x683.jpg 1024w, https:\/\/cuevadenerja.es\/wp-content\/uploads\/2023\/10\/M2-768x512.jpg 768w, https:\/\/cuevadenerja.es\/wp-content\/uploads\/2023\/10\/M2-1536x1024.jpg 1536w\" sizes=\"(max-width: 1800px) 100vw, 1800px\" \/>\t\t\t\t\t\t\t\t\t\t\t<figcaption class=\"widget-image-caption wp-caption-text\">Biofilm f\u00e4st vid substratet (konfokal laserskanningsmikroskop)<\/figcaption>\n\t\t\t\t\t\t\t\t\t\t<\/figure>\n\t\t\t\t\t\t\t\t\t<\/div>\n\t\t\t\t<\/div>\n\t\t\t\t<div class=\"elementor-element elementor-element-e99352b elementor-widget elementor-widget-image\" data-id=\"e99352b\" data-element_type=\"widget\" data-e-type=\"widget\" data-widget_type=\"image.default\">\n\t\t\t\t<div class=\"elementor-widget-container\">\n\t\t\t\t\t\t\t\t\t\t\t\t<figure class=\"wp-caption\">\n\t\t\t\t\t\t\t\t\t\t<img loading=\"lazy\" decoding=\"async\" width=\"1800\" height=\"1200\" src=\"https:\/\/cuevadenerja.es\/wp-content\/uploads\/2023\/10\/M3.jpg\" class=\"attachment-full size-full wp-image-19443\" alt=\"\" srcset=\"https:\/\/cuevadenerja.es\/wp-content\/uploads\/2023\/10\/M3.jpg 1800w, https:\/\/cuevadenerja.es\/wp-content\/uploads\/2023\/10\/M3-300x200.jpg 300w, https:\/\/cuevadenerja.es\/wp-content\/uploads\/2023\/10\/M3-1024x683.jpg 1024w, https:\/\/cuevadenerja.es\/wp-content\/uploads\/2023\/10\/M3-768x512.jpg 768w, https:\/\/cuevadenerja.es\/wp-content\/uploads\/2023\/10\/M3-1536x1024.jpg 1536w\" sizes=\"(max-width: 1800px) 100vw, 1800px\" \/>\t\t\t\t\t\t\t\t\t\t\t<figcaption class=\"widget-image-caption wp-caption-text\">Mikroorganismer som ockuperar h\u00e5lrummen i substratet (elektronmikroskop)<\/figcaption>\n\t\t\t\t\t\t\t\t\t\t<\/figure>\n\t\t\t\t\t\t\t\t\t<\/div>\n\t\t\t\t<\/div>\n\t\t\t\t<div class=\"elementor-element elementor-element-88a401a elementor-widget elementor-widget-image\" data-id=\"88a401a\" data-element_type=\"widget\" data-e-type=\"widget\" data-widget_type=\"image.default\">\n\t\t\t\t<div class=\"elementor-widget-container\">\n\t\t\t\t\t\t\t\t\t\t\t\t<figure class=\"wp-caption\">\n\t\t\t\t\t\t\t\t\t\t<img loading=\"lazy\" decoding=\"async\" width=\"1800\" height=\"1200\" src=\"https:\/\/cuevadenerja.es\/wp-content\/uploads\/2023\/10\/M4.jpg\" class=\"attachment-full size-full wp-image-19444\" alt=\"\" srcset=\"https:\/\/cuevadenerja.es\/wp-content\/uploads\/2023\/10\/M4.jpg 1800w, https:\/\/cuevadenerja.es\/wp-content\/uploads\/2023\/10\/M4-300x200.jpg 300w, https:\/\/cuevadenerja.es\/wp-content\/uploads\/2023\/10\/M4-1024x683.jpg 1024w, https:\/\/cuevadenerja.es\/wp-content\/uploads\/2023\/10\/M4-768x512.jpg 768w, https:\/\/cuevadenerja.es\/wp-content\/uploads\/2023\/10\/M4-1536x1024.jpg 1536w\" sizes=\"(max-width: 1800px) 100vw, 1800px\" \/>\t\t\t\t\t\t\t\t\t\t\t<figcaption class=\"widget-image-caption wp-caption-text\"><em>Nostoc<\/em> sp. omgiven av bergartssubstrat (konfokal laserskanningsmikroskop)<\/figcaption>\n\t\t\t\t\t\t\t\t\t\t<\/figure>\n\t\t\t\t\t\t\t\t\t<\/div>\n\t\t\t\t<\/div>\n\t\t\t\t<div class=\"elementor-element elementor-element-360bb4a elementor-widget elementor-widget-image\" data-id=\"360bb4a\" data-element_type=\"widget\" data-e-type=\"widget\" data-widget_type=\"image.default\">\n\t\t\t\t<div class=\"elementor-widget-container\">\n\t\t\t\t\t\t\t\t\t\t\t\t<figure class=\"wp-caption\">\n\t\t\t\t\t\t\t\t\t\t<img loading=\"lazy\" decoding=\"async\" width=\"1800\" height=\"1200\" src=\"https:\/\/cuevadenerja.es\/wp-content\/uploads\/2023\/10\/M5.jpg\" class=\"attachment-full size-full wp-image-19440\" alt=\"\" srcset=\"https:\/\/cuevadenerja.es\/wp-content\/uploads\/2023\/10\/M5.jpg 1800w, https:\/\/cuevadenerja.es\/wp-content\/uploads\/2023\/10\/M5-300x200.jpg 300w, https:\/\/cuevadenerja.es\/wp-content\/uploads\/2023\/10\/M5-1024x683.jpg 1024w, https:\/\/cuevadenerja.es\/wp-content\/uploads\/2023\/10\/M5-768x512.jpg 768w, https:\/\/cuevadenerja.es\/wp-content\/uploads\/2023\/10\/M5-1536x1024.jpg 1536w\" sizes=\"(max-width: 1800px) 100vw, 1800px\" \/>\t\t\t\t\t\t\t\t\t\t\t<figcaption class=\"widget-image-caption wp-caption-text\">Detalj av sf\u00e4riska mikroorganismer omgivna av extracellul\u00e4ra polymera substanser och f\u00e4sta vid substratet (elektronmikroskop)<\/figcaption>\n\t\t\t\t\t\t\t\t\t\t<\/figure>\n\t\t\t\t\t\t\t\t\t<\/div>\n\t\t\t\t<\/div>\n\t\t\t\t\t<\/div>\n\t\t\t\t<\/div>\n\t\t\t\t<\/div>\n\t\t\t\t\t<\/div>\n\t\t\t\t<\/div>\n\t\t\t\t<\/div>\n\t\t","protected":false},"excerpt":{"rendered":"<p>Din onlinebiljett till b\u00e4sta pris och undvik k\u00f6er K\u00f6p biljetter V\u00e4rdena i Grottan Biologi Med mer \u00e4n fem miljoner \u00e5r, \u00e4r Nerjagrottan ett imponerande geologiskt sk\u00e5despel, resultatet av karstprocesser, som skapar fascinerande speleotem och erbjuder avg\u00f6rande vetenskaplig information. Internationellt erk\u00e4nd, positionerar sig denna grotta som en ov\u00e4rderlig vetenskaplig resurs och ett underjordiskt naturmuseum. Biologi Biologi [&hellip;]<\/p>\n","protected":false},"author":1,"featured_media":0,"parent":19385,"menu_order":0,"comment_status":"closed","ping_status":"closed","template":"","meta":{"inline_featured_image":false,"site-sidebar-layout":"no-sidebar","site-content-layout":"page-builder","ast-site-content-layout":"full-width-container","site-content-style":"default","site-sidebar-style":"default","ast-global-header-display":"","ast-banner-title-visibility":"","ast-main-header-display":"","ast-hfb-above-header-display":"","ast-hfb-below-header-display":"","ast-hfb-mobile-header-display":"","site-post-title":"disabled","ast-breadcrumbs-content":"","ast-featured-img":"disabled","footer-sml-layout":"","ast-disable-related-posts":"","theme-transparent-header-meta":"default","adv-header-id-meta":"","stick-header-meta":"default","header-above-stick-meta":"","header-main-stick-meta":"","header-below-stick-meta":"","astra-migrate-meta-layouts":"set","ast-page-background-enabled":"default","ast-page-background-meta":{"desktop":{"background-color":"var(--ast-global-color-4)","background-image":"","background-repeat":"repeat","background-position":"center center","background-size":"auto","background-attachment":"scroll","background-type":"","background-media":"","overlay-type":"","overlay-color":"","overlay-opacity":"","overlay-gradient":""},"tablet":{"background-color":"","background-image":"","background-repeat":"repeat","background-position":"center center","background-size":"auto","background-attachment":"scroll","background-type":"","background-media":"","overlay-type":"","overlay-color":"","overlay-opacity":"","overlay-gradient":""},"mobile":{"background-color":"","background-image":"","background-repeat":"repeat","background-position":"center center","background-size":"auto","background-attachment":"scroll","background-type":"","background-media":"","overlay-type":"","overlay-color":"","overlay-opacity":"","overlay-gradient":""}},"ast-content-background-meta":{"desktop":{"background-color":"var(--ast-global-color-5)","background-image":"","background-repeat":"repeat","background-position":"center center","background-size":"auto","background-attachment":"scroll","background-type":"","background-media":"","overlay-type":"","overlay-color":"","overlay-opacity":"","overlay-gradient":""},"tablet":{"background-color":"var(--ast-global-color-5)","background-image":"","background-repeat":"repeat","background-position":"center center","background-size":"auto","background-attachment":"scroll","background-type":"","background-media":"","overlay-type":"","overlay-color":"","overlay-opacity":"","overlay-gradient":""},"mobile":{"background-color":"var(--ast-global-color-5)","background-image":"","background-repeat":"repeat","background-position":"center center","background-size":"auto","background-attachment":"scroll","background-type":"","background-media":"","overlay-type":"","overlay-color":"","overlay-opacity":"","overlay-gradient":""}},"footnotes":""},"class_list":["post-19435","page","type-page","status-publish","hentry"],"_links":{"self":[{"href":"https:\/\/cuevadenerja.es\/sv\/wp-json\/wp\/v2\/pages\/19435","targetHints":{"allow":["GET"]}}],"collection":[{"href":"https:\/\/cuevadenerja.es\/sv\/wp-json\/wp\/v2\/pages"}],"about":[{"href":"https:\/\/cuevadenerja.es\/sv\/wp-json\/wp\/v2\/types\/page"}],"author":[{"embeddable":true,"href":"https:\/\/cuevadenerja.es\/sv\/wp-json\/wp\/v2\/users\/1"}],"replies":[{"embeddable":true,"href":"https:\/\/cuevadenerja.es\/sv\/wp-json\/wp\/v2\/comments?post=19435"}],"version-history":[{"count":0,"href":"https:\/\/cuevadenerja.es\/sv\/wp-json\/wp\/v2\/pages\/19435\/revisions"}],"up":[{"embeddable":true,"href":"https:\/\/cuevadenerja.es\/sv\/wp-json\/wp\/v2\/pages\/19385"}],"wp:attachment":[{"href":"https:\/\/cuevadenerja.es\/sv\/wp-json\/wp\/v2\/media?parent=19435"}],"curies":[{"name":"wp","href":"https:\/\/api.w.org\/{rel}","templated":true}]}}