{"id":19398,"date":"2023-10-26T11:14:09","date_gmt":"2023-10-26T09:14:09","guid":{"rendered":"https:\/\/cuevadenerja.es\/?page_id=19398"},"modified":"2024-03-18T13:12:54","modified_gmt":"2024-03-18T12:12:54","slug":"arkeologi","status":"publish","type":"page","link":"https:\/\/cuevadenerja.es\/sv\/grotta\/varden-av-grottan\/arkeologi\/","title":{"rendered":"Arkeologi"},"content":{"rendered":"\t\t<div data-elementor-type=\"wp-page\" data-elementor-id=\"19398\" class=\"elementor elementor-19398 elementor-12631\" data-elementor-post-type=\"page\">\n\t\t\t\t<div class=\"elementor-element elementor-element-e66d1d0 e-flex e-con-boxed e-con e-parent\" data-id=\"e66d1d0\" data-element_type=\"container\" data-e-type=\"container\" data-settings=\"{&quot;background_background&quot;:&quot;classic&quot;}\">\n\t\t\t\t\t<div class=\"e-con-inner\">\n\t\t\t\t<div class=\"elementor-element elementor-element-efaa6a7 elementor-widget elementor-widget-text-editor\" data-id=\"efaa6a7\" data-element_type=\"widget\" data-e-type=\"widget\" data-widget_type=\"text-editor.default\">\n\t\t\t\t<div class=\"elementor-widget-container\">\n\t\t\t\t\t\t\t\t\t<p>Din <strong>onlinebiljett<\/strong> till b\u00e4sta pris och undvik k\u00f6er<\/p>\t\t\t\t\t\t\t\t<\/div>\n\t\t\t\t<\/div>\n\t\t\t\t<div class=\"elementor-element elementor-element-da8db5a elementor-widget elementor-widget-button\" data-id=\"da8db5a\" data-element_type=\"widget\" data-e-type=\"widget\" data-widget_type=\"button.default\">\n\t\t\t\t<div class=\"elementor-widget-container\">\n\t\t\t\t\t\t\t\t\t<div class=\"elementor-button-wrapper\">\n\t\t\t\t\t<a class=\"elementor-button elementor-button-link elementor-size-sm\" href=\"https:\/\/entradas.cuevadenerja.es\/\" target=\"_blank\">\n\t\t\t\t\t\t<span class=\"elementor-button-content-wrapper\">\n\t\t\t\t\t\t<span class=\"elementor-button-icon\">\n\t\t\t\t<svg aria-hidden=\"true\" class=\"e-font-icon-svg e-fas-ticket-alt\" viewBox=\"0 0 576 512\" xmlns=\"http:\/\/www.w3.org\/2000\/svg\"><path d=\"M128 160h320v192H128V160zm400 96c0 26.51 21.49 48 48 48v96c0 26.51-21.49 48-48 48H48c-26.51 0-48-21.49-48-48v-96c26.51 0 48-21.49 48-48s-21.49-48-48-48v-96c0-26.51 21.49-48 48-48h480c26.51 0 48 21.49 48 48v96c-26.51 0-48 21.49-48 48zm-48-104c0-13.255-10.745-24-24-24H120c-13.255 0-24 10.745-24 24v208c0 13.255 10.745 24 24 24h336c13.255 0 24-10.745 24-24V152z\"><\/path><\/svg>\t\t\t<\/span>\n\t\t\t\t\t\t\t\t\t<span class=\"elementor-button-text\">K\u00f6p biljetter<\/span>\n\t\t\t\t\t<\/span>\n\t\t\t\t\t<\/a>\n\t\t\t\t<\/div>\n\t\t\t\t\t\t\t\t<\/div>\n\t\t\t\t<\/div>\n\t\t\t\t\t<\/div>\n\t\t\t\t<\/div>\n\t\t<div data-dce-background-overlay-image-url=\"https:\/\/cuevadenerja.es\/wp-content\/uploads\/2023\/10\/Punta-Gravetiense.jpg\" class=\"elementor-element elementor-element-f78587f e-flex e-con-boxed e-con e-parent\" data-id=\"f78587f\" data-element_type=\"container\" data-e-type=\"container\" data-settings=\"{&quot;background_background&quot;:&quot;classic&quot;}\">\n\t\t\t\t\t<div class=\"e-con-inner\">\n\t\t<div class=\"elementor-element elementor-element-f657e2a e-con-full e-flex e-con e-child\" data-id=\"f657e2a\" data-element_type=\"container\" data-e-type=\"container\">\n\t\t\t\t<div class=\"elementor-element elementor-element-279a524 elementor-widget elementor-widget-text-editor\" data-id=\"279a524\" data-element_type=\"widget\" data-e-type=\"widget\" data-widget_type=\"text-editor.default\">\n\t\t\t\t<div class=\"elementor-widget-container\">\n\t\t\t\t\t\t\t\t\t<p>V\u00c4RDEN AV GROTTAN<\/p>\t\t\t\t\t\t\t\t<\/div>\n\t\t\t\t<\/div>\n\t\t\t\t<div class=\"elementor-element elementor-element-972d4a8 elementor-widget elementor-widget-heading\" data-id=\"972d4a8\" data-element_type=\"widget\" data-e-type=\"widget\" data-widget_type=\"heading.default\">\n\t\t\t\t<div class=\"elementor-widget-container\">\n\t\t\t\t\t<h1 class=\"elementor-heading-title elementor-size-default\">ARKEOLOGI\n\n<\/h1>\t\t\t\t<\/div>\n\t\t\t\t<\/div>\n\t\t\t\t<div class=\"elementor-element elementor-element-00f7e36 elementor-widget elementor-widget-text-editor\" data-id=\"00f7e36\" data-element_type=\"widget\" data-e-type=\"widget\" data-widget_type=\"text-editor.default\">\n\t\t\t\t<div class=\"elementor-widget-container\">\n\t\t\t\t\t\t\t\t\t<p>Con mer \u00e4n <strong>40 000 \u00e5r<\/strong> av historia \u00e4r Cueva de Nerja en <strong>avg\u00f6rande arkeologisk plats<\/strong> i Europa, vilket visar p\u00e5 en m\u00e5ngsidig och <strong>kontinuerlig m\u00e4nsklig anv\u00e4ndning<\/strong>.<\/p><p>Fr\u00e5n skydd under <strong>senpaleolitikum<\/strong> till centrum f\u00f6r <strong>begravning<\/strong> och <strong>jordbruk<\/strong> under <strong>koppar\u00e5ldern<\/strong>, framh\u00e4vs utvecklingen av m\u00e4nsklig aktivitet p\u00e5 denna fascinerande plats.<\/p>\t\t\t\t\t\t\t\t<\/div>\n\t\t\t\t<\/div>\n\t\t\t\t<\/div>\n\t\t\t\t\t<\/div>\n\t\t\t\t<\/div>\n\t\t<div class=\"elementor-element elementor-element-c458df9 e-con-full e-flex e-con e-parent\" data-id=\"c458df9\" data-element_type=\"container\" data-e-type=\"container\" data-settings=\"{&quot;background_background&quot;:&quot;classic&quot;}\">\n\t\t<div class=\"elementor-element elementor-element-d2dd543 e-con-full e-flex e-con e-child\" data-id=\"d2dd543\" data-element_type=\"container\" data-e-type=\"container\" data-settings=\"{&quot;background_background&quot;:&quot;classic&quot;}\">\n\t\t\t\t<div class=\"elementor-element elementor-element-e5e78be elementor-widget elementor-widget-heading\" data-id=\"e5e78be\" data-element_type=\"widget\" data-e-type=\"widget\" data-widget_type=\"heading.default\">\n\t\t\t\t<div class=\"elementor-widget-container\">\n\t\t\t\t\t<h2 class=\"elementor-heading-title elementor-size-default\">Arkeologi Arkeologi Arkeologi Arkeologi Arkeologi Arkeologi Arkeologi Arkeologi Arkeologi Arkeologi Arkeologi Arkeologi Arkeologi Arkeologi Arkeologi Arkeologi Arkeologi Arkeologi Arkeologi Arkeologi Arkeologi Arkeologi Arkeologi Arkeologi Arkeologi Arkeologi Arkeologi Arkeologi <\/h2>\t\t\t\t<\/div>\n\t\t\t\t<\/div>\n\t\t\t\t<\/div>\n\t\t\t\t<\/div>\n\t\t<div class=\"elementor-element elementor-element-379e568 e-flex e-con-boxed e-con e-parent\" data-id=\"379e568\" data-element_type=\"container\" data-e-type=\"container\" data-settings=\"{&quot;background_background&quot;:&quot;classic&quot;}\">\n\t\t\t\t\t<div class=\"e-con-inner\">\n\t\t<div class=\"elementor-element elementor-element-a9e76e1 e-con-full e-flex e-con e-child\" data-id=\"a9e76e1\" data-element_type=\"container\" data-e-type=\"container\">\n\t\t\t\t<div class=\"elementor-element elementor-element-122a751 elementor-widget elementor-widget-text-editor\" data-id=\"122a751\" data-element_type=\"widget\" data-e-type=\"widget\" data-widget_type=\"text-editor.default\">\n\t\t\t\t<div class=\"elementor-widget-container\">\n\t\t\t\t\t\t\t\t\t<h3><span style=\"color: #b7916c;\"><strong>Cueva de Nerjas arkeologiska sekvens<\/strong><\/span><\/h3>\nN\u00e4rvaron av m\u00e4nniskor i Cueva de Nerja \u00e4r belagd f\u00f6r lite mer \u00e4n 41 000 \u00e5r sedan. Detta inneb\u00e4r att det \u00e4r en av de grottor i Europa med de l\u00e4ngsta och mest frekventa m\u00e4nskliga bos\u00e4ttningarna \u00f6ver tiden.\n\nP\u00e5 samma s\u00e4tt, och med tanke p\u00e5 att prehistorisk m\u00e4nsklig aktivitet har konstaterats b\u00e5de i gallerierna \u00f6ppna f\u00f6r turism och i de H\u00f6ga Gallerierna, \u00e4r det ocks\u00e5 en av grottorna d\u00e4r m\u00e4nniskor har r\u00f6rt sig l\u00e4ngst bort fr\u00e5n ing\u00e5ngen och f\u00f6ljt v\u00e4gar med intensiv fysisk komplexitet.\n\nTrots att det finns \u00e4ldre dateringar som pekar mot en tidigare bos\u00e4ttning i grottan, fr\u00e5n Aurignacienserperioden, 35 000 \u00e5r sedan, har vi bara stratigrafisk s\u00e4kerhet f\u00f6r en m\u00e4nsklig bos\u00e4ttning som motsvarar senpaleolitikum som b\u00f6rjar i Gravettienserperioden, dessa m\u00e4nskliga grupper befolkade en gammal hyenans boplats i grottan.\n\nVissa datum som erh\u00e5llits i de H\u00f6ga Gallerierna kan indikera \u00e5tminstone en tidigare frekventering av grottan f\u00f6re det moderna m\u00e4nniskans ankomst till halv\u00f6n, \u00e4ven om de dateringar som hittills erh\u00e5llits inte \u00e4r avg\u00f6rande.\n\nS\u00e4kert \u00e4r att grottan har varit bebodd sedan Aurignaciensperioden, den f\u00f6rsta perioden av senpaleolitikum, och bebodd eller frekventerad under Gravettiens-, Solutr\u00e9ens- och \u00f6vre magdal\u00e9niens medelhavsperiod. De tidiga faserna av magdal\u00e9niens har bara konstaterats i direkt datering av grottans grottm\u00e5lningar. Den epipaleolitiska och mesolitiska bos\u00e4ttningen, som \u00e4r mycket betydelsefull, \u00e4r v\u00e4l dokumenterad i de yttre salarna.\n\nSlutet p\u00e5 de epipaleolitiska faserna leder till ankomsten av produktionssamh\u00e4llen, neolitikum och kalkolitikum. Tillsammans med antagandet av ett sedent\u00e4rt liv, verkligt p\u00e5 Malagas kuster i de slutliga stadierna av denna period, kommer utvecklingen av jordbruk och boskapsuppf\u00f6dning att b\u00e4st definiera perioden.\n\nDet vardagliga och produktiva verktyget f\u00f6r dessa samh\u00e4llen vars ekonomi inte uteslutande bygger p\u00e5 rovdrift av milj\u00f6n visar ocks\u00e5 betydande f\u00f6r\u00e4ndringar och framsteg. Anv\u00e4ndningen av keramiska k\u00e4rl och f\u00f6rem\u00e5l blir allm\u00e4nt, tillsammans med utvecklingen av en stenindustri p\u00e5 slipade h\u00e5rda stenar som f\u00e5r ganska stor framg\u00e5ng. Verktygen i flinta \u00e4ndrar sin funktion f\u00f6r de nya produktionsbehoven (element som utg\u00f6r de n\u00f6dv\u00e4ndiga lielementen f\u00f6r sk\u00f6rd av spannm\u00e5l), \u00e4ven om de forts\u00e4tter att f\u00f6lja tidigare teknologiska traditioner vid verktygstillverkningen. I fallet med Cueva de Nerja dokumenteras intensiv jordbruks- och boskapsuppf\u00f6dningsverksamhet, ganska tidigt, fr\u00e4mst fokuserad p\u00e5 spannm\u00e5lsodling och uppf\u00f6dning av f\u00e5r och getter, vilket ocks\u00e5 kommer att ses under koppar\u00e5ldern, en tid d\u00e5 grottans f\u00f6redragna anv\u00e4ndning kommer att vara begravnings\u00e4ndam\u00e5l.\n\t\t\t\t\t\t\t\t<\/div>\n\t\t\t\t<\/div>\n\t\t<div class=\"elementor-element elementor-element-17a4fb5 e-grid e-con-boxed e-con e-child\" data-id=\"17a4fb5\" data-element_type=\"container\" data-e-type=\"container\">\n\t\t\t\t\t<div class=\"e-con-inner\">\n\t\t\t\t<div class=\"elementor-element elementor-element-3b538c7 elementor-widget elementor-widget-image\" data-id=\"3b538c7\" data-element_type=\"widget\" data-e-type=\"widget\" data-widget_type=\"image.default\">\n\t\t\t\t<div class=\"elementor-widget-container\">\n\t\t\t\t\t\t\t\t\t\t\t\t<figure class=\"wp-caption\">\n\t\t\t\t\t\t\t\t\t\t<img fetchpriority=\"high\" decoding=\"async\" width=\"1800\" height=\"1200\" src=\"https:\/\/cuevadenerja.es\/wp-content\/uploads\/2023\/10\/Punta-de-flecha.jpg\" class=\"attachment-full size-full wp-image-19400\" alt=\"\" srcset=\"https:\/\/cuevadenerja.es\/wp-content\/uploads\/2023\/10\/Punta-de-flecha.jpg 1800w, https:\/\/cuevadenerja.es\/wp-content\/uploads\/2023\/10\/Punta-de-flecha-300x200.jpg 300w, https:\/\/cuevadenerja.es\/wp-content\/uploads\/2023\/10\/Punta-de-flecha-1024x683.jpg 1024w, https:\/\/cuevadenerja.es\/wp-content\/uploads\/2023\/10\/Punta-de-flecha-768x512.jpg 768w, https:\/\/cuevadenerja.es\/wp-content\/uploads\/2023\/10\/Punta-de-flecha-1536x1024.jpg 1536w\" sizes=\"(max-width: 1800px) 100vw, 1800px\" \/>\t\t\t\t\t\t\t\t\t\t\t<figcaption class=\"widget-image-caption wp-caption-text\">Pilspets<\/figcaption>\n\t\t\t\t\t\t\t\t\t\t<\/figure>\n\t\t\t\t\t\t\t\t\t<\/div>\n\t\t\t\t<\/div>\n\t\t\t\t<div class=\"elementor-element elementor-element-e773f99 elementor-widget elementor-widget-image\" data-id=\"e773f99\" data-element_type=\"widget\" data-e-type=\"widget\" data-widget_type=\"image.default\">\n\t\t\t\t<div class=\"elementor-widget-container\">\n\t\t\t\t\t\t\t\t\t\t\t\t<figure class=\"wp-caption\">\n\t\t\t\t\t\t\t\t\t\t<img decoding=\"async\" width=\"1800\" height=\"1200\" src=\"https:\/\/cuevadenerja.es\/wp-content\/uploads\/2023\/11\/Lampara-sobre-concha.jpg\" class=\"attachment-full size-full wp-image-19405\" alt=\"\" srcset=\"https:\/\/cuevadenerja.es\/wp-content\/uploads\/2023\/11\/Lampara-sobre-concha.jpg 1800w, https:\/\/cuevadenerja.es\/wp-content\/uploads\/2023\/11\/Lampara-sobre-concha-300x200.jpg 300w, https:\/\/cuevadenerja.es\/wp-content\/uploads\/2023\/11\/Lampara-sobre-concha-1024x683.jpg 1024w, https:\/\/cuevadenerja.es\/wp-content\/uploads\/2023\/11\/Lampara-sobre-concha-768x512.jpg 768w, https:\/\/cuevadenerja.es\/wp-content\/uploads\/2023\/11\/Lampara-sobre-concha-1536x1024.jpg 1536w\" sizes=\"(max-width: 1800px) 100vw, 1800px\" \/>\t\t\t\t\t\t\t\t\t\t\t<figcaption class=\"widget-image-caption wp-caption-text\">Lampa p\u00e5 skal<\/figcaption>\n\t\t\t\t\t\t\t\t\t\t<\/figure>\n\t\t\t\t\t\t\t\t\t<\/div>\n\t\t\t\t<\/div>\n\t\t\t\t<div class=\"elementor-element elementor-element-ea11cae elementor-widget elementor-widget-image\" data-id=\"ea11cae\" data-element_type=\"widget\" data-e-type=\"widget\" data-widget_type=\"image.default\">\n\t\t\t\t<div class=\"elementor-widget-container\">\n\t\t\t\t\t\t\t\t\t\t\t\t<figure class=\"wp-caption\">\n\t\t\t\t\t\t\t\t\t\t<img decoding=\"async\" width=\"1800\" height=\"1200\" src=\"https:\/\/cuevadenerja.es\/wp-content\/uploads\/2023\/11\/Femur-humano.jpg\" class=\"attachment-full size-full wp-image-19404\" alt=\"\" srcset=\"https:\/\/cuevadenerja.es\/wp-content\/uploads\/2023\/11\/Femur-humano.jpg 1800w, https:\/\/cuevadenerja.es\/wp-content\/uploads\/2023\/11\/Femur-humano-300x200.jpg 300w, https:\/\/cuevadenerja.es\/wp-content\/uploads\/2023\/11\/Femur-humano-1024x683.jpg 1024w, https:\/\/cuevadenerja.es\/wp-content\/uploads\/2023\/11\/Femur-humano-768x512.jpg 768w, https:\/\/cuevadenerja.es\/wp-content\/uploads\/2023\/11\/Femur-humano-1536x1024.jpg 1536w\" sizes=\"(max-width: 1800px) 100vw, 1800px\" \/>\t\t\t\t\t\t\t\t\t\t\t<figcaption class=\"widget-image-caption wp-caption-text\">M\u00e4nskligt l\u00e5rben<\/figcaption>\n\t\t\t\t\t\t\t\t\t\t<\/figure>\n\t\t\t\t\t\t\t\t\t<\/div>\n\t\t\t\t<\/div>\n\t\t\t\t<div class=\"elementor-element elementor-element-40a6c43 elementor-widget elementor-widget-image\" data-id=\"40a6c43\" data-element_type=\"widget\" data-e-type=\"widget\" data-widget_type=\"image.default\">\n\t\t\t\t<div class=\"elementor-widget-container\">\n\t\t\t\t\t\t\t\t\t\t\t\t<figure class=\"wp-caption\">\n\t\t\t\t\t\t\t\t\t\t<img loading=\"lazy\" decoding=\"async\" width=\"800\" height=\"533\" src=\"https:\/\/cuevadenerja.es\/wp-content\/uploads\/2023\/11\/Estratos-bioclasicos.jpg\" class=\"attachment-full size-full wp-image-19408\" alt=\"\" srcset=\"https:\/\/cuevadenerja.es\/wp-content\/uploads\/2023\/11\/Estratos-bioclasicos.jpg 800w, https:\/\/cuevadenerja.es\/wp-content\/uploads\/2023\/11\/Estratos-bioclasicos-300x200.jpg 300w, https:\/\/cuevadenerja.es\/wp-content\/uploads\/2023\/11\/Estratos-bioclasicos-768x512.jpg 768w\" sizes=\"(max-width: 800px) 100vw, 800px\" \/>\t\t\t\t\t\t\t\t\t\t\t<figcaption class=\"widget-image-caption wp-caption-text\">Bioklastiska lager<\/figcaption>\n\t\t\t\t\t\t\t\t\t\t<\/figure>\n\t\t\t\t\t\t\t\t\t<\/div>\n\t\t\t\t<\/div>\n\t\t\t\t<div class=\"elementor-element elementor-element-d5e36e7 elementor-widget elementor-widget-image\" data-id=\"d5e36e7\" data-element_type=\"widget\" data-e-type=\"widget\" data-widget_type=\"image.default\">\n\t\t\t\t<div class=\"elementor-widget-container\">\n\t\t\t\t\t\t\t\t\t\t\t\t<figure class=\"wp-caption\">\n\t\t\t\t\t\t\t\t\t\t<img loading=\"lazy\" decoding=\"async\" width=\"1800\" height=\"1200\" src=\"https:\/\/cuevadenerja.es\/wp-content\/uploads\/2023\/11\/Enterramiento-epipaleolitico.jpg\" class=\"attachment-full size-full wp-image-19406\" alt=\"\" srcset=\"https:\/\/cuevadenerja.es\/wp-content\/uploads\/2023\/11\/Enterramiento-epipaleolitico.jpg 1800w, https:\/\/cuevadenerja.es\/wp-content\/uploads\/2023\/11\/Enterramiento-epipaleolitico-300x200.jpg 300w, https:\/\/cuevadenerja.es\/wp-content\/uploads\/2023\/11\/Enterramiento-epipaleolitico-1024x683.jpg 1024w, https:\/\/cuevadenerja.es\/wp-content\/uploads\/2023\/11\/Enterramiento-epipaleolitico-768x512.jpg 768w, https:\/\/cuevadenerja.es\/wp-content\/uploads\/2023\/11\/Enterramiento-epipaleolitico-1536x1024.jpg 1536w\" sizes=\"(max-width: 1800px) 100vw, 1800px\" \/>\t\t\t\t\t\t\t\t\t\t\t<figcaption class=\"widget-image-caption wp-caption-text\">Epipaleolitisk begravning<\/figcaption>\n\t\t\t\t\t\t\t\t\t\t<\/figure>\n\t\t\t\t\t\t\t\t\t<\/div>\n\t\t\t\t<\/div>\n\t\t\t\t<div class=\"elementor-element elementor-element-ca8b41e elementor-widget elementor-widget-image\" data-id=\"ca8b41e\" data-element_type=\"widget\" data-e-type=\"widget\" data-widget_type=\"image.default\">\n\t\t\t\t<div class=\"elementor-widget-container\">\n\t\t\t\t\t\t\t\t\t\t\t\t<figure class=\"wp-caption\">\n\t\t\t\t\t\t\t\t\t\t<img loading=\"lazy\" decoding=\"async\" width=\"800\" height=\"533\" src=\"https:\/\/cuevadenerja.es\/wp-content\/uploads\/2023\/11\/Corte-arqueologico.jpg\" class=\"attachment-full size-full wp-image-19407\" alt=\"\" srcset=\"https:\/\/cuevadenerja.es\/wp-content\/uploads\/2023\/11\/Corte-arqueologico.jpg 800w, https:\/\/cuevadenerja.es\/wp-content\/uploads\/2023\/11\/Corte-arqueologico-300x200.jpg 300w, https:\/\/cuevadenerja.es\/wp-content\/uploads\/2023\/11\/Corte-arqueologico-768x512.jpg 768w\" sizes=\"(max-width: 800px) 100vw, 800px\" \/>\t\t\t\t\t\t\t\t\t\t\t<figcaption class=\"widget-image-caption wp-caption-text\">Arkeologiskt snitt<\/figcaption>\n\t\t\t\t\t\t\t\t\t\t<\/figure>\n\t\t\t\t\t\t\t\t\t<\/div>\n\t\t\t\t<\/div>\n\t\t\t\t<div class=\"elementor-element elementor-element-5d9c0a0 elementor-widget elementor-widget-image\" data-id=\"5d9c0a0\" data-element_type=\"widget\" data-e-type=\"widget\" data-widget_type=\"image.default\">\n\t\t\t\t<div class=\"elementor-widget-container\">\n\t\t\t\t\t\t\t\t\t\t\t\t<figure class=\"wp-caption\">\n\t\t\t\t\t\t\t\t\t\t<img loading=\"lazy\" decoding=\"async\" width=\"1800\" height=\"1200\" src=\"https:\/\/cuevadenerja.es\/wp-content\/uploads\/2023\/10\/Cazoletas-labradas.jpg\" class=\"attachment-full size-full wp-image-19401\" alt=\"\" srcset=\"https:\/\/cuevadenerja.es\/wp-content\/uploads\/2023\/10\/Cazoletas-labradas.jpg 1800w, https:\/\/cuevadenerja.es\/wp-content\/uploads\/2023\/10\/Cazoletas-labradas-300x200.jpg 300w, https:\/\/cuevadenerja.es\/wp-content\/uploads\/2023\/10\/Cazoletas-labradas-1024x683.jpg 1024w, https:\/\/cuevadenerja.es\/wp-content\/uploads\/2023\/10\/Cazoletas-labradas-768x512.jpg 768w, https:\/\/cuevadenerja.es\/wp-content\/uploads\/2023\/10\/Cazoletas-labradas-1536x1024.jpg 1536w\" sizes=\"(max-width: 1800px) 100vw, 1800px\" \/>\t\t\t\t\t\t\t\t\t\t\t<figcaption class=\"widget-image-caption wp-caption-text\">Utskurna sk\u00e5lar<\/figcaption>\n\t\t\t\t\t\t\t\t\t\t<\/figure>\n\t\t\t\t\t\t\t\t\t<\/div>\n\t\t\t\t<\/div>\n\t\t\t\t<div class=\"elementor-element elementor-element-f5dc2aa elementor-widget elementor-widget-image\" data-id=\"f5dc2aa\" data-element_type=\"widget\" data-e-type=\"widget\" data-widget_type=\"image.default\">\n\t\t\t\t<div class=\"elementor-widget-container\">\n\t\t\t\t\t\t\t\t\t\t\t\t<figure class=\"wp-caption\">\n\t\t\t\t\t\t\t\t\t\t<img loading=\"lazy\" decoding=\"async\" width=\"1800\" height=\"1200\" src=\"https:\/\/cuevadenerja.es\/wp-content\/uploads\/2023\/10\/Punta-Gravetiense.jpg\" class=\"attachment-full size-full wp-image-19399\" alt=\"\" srcset=\"https:\/\/cuevadenerja.es\/wp-content\/uploads\/2023\/10\/Punta-Gravetiense.jpg 1800w, https:\/\/cuevadenerja.es\/wp-content\/uploads\/2023\/10\/Punta-Gravetiense-300x200.jpg 300w, https:\/\/cuevadenerja.es\/wp-content\/uploads\/2023\/10\/Punta-Gravetiense-1024x683.jpg 1024w, https:\/\/cuevadenerja.es\/wp-content\/uploads\/2023\/10\/Punta-Gravetiense-768x512.jpg 768w, https:\/\/cuevadenerja.es\/wp-content\/uploads\/2023\/10\/Punta-Gravetiense-1536x1024.jpg 1536w\" sizes=\"(max-width: 1800px) 100vw, 1800px\" \/>\t\t\t\t\t\t\t\t\t\t\t<figcaption class=\"widget-image-caption wp-caption-text\">Gravettiansk pilspets<\/figcaption>\n\t\t\t\t\t\t\t\t\t\t<\/figure>\n\t\t\t\t\t\t\t\t\t<\/div>\n\t\t\t\t<\/div>\n\t\t\t\t\t<\/div>\n\t\t\t\t<\/div>\n\t\t\t\t<\/div>\n\t\t\t\t\t<\/div>\n\t\t\t\t<\/div>\n\t\t\t\t<\/div>\n\t\t","protected":false},"excerpt":{"rendered":"<p>Din onlinebiljett till b\u00e4sta pris och undvik k\u00f6er K\u00f6p biljetter V\u00c4RDEN AV GROTTAN ARKEOLOGI Con mer \u00e4n 40 000 \u00e5r av historia \u00e4r Cueva de Nerja en avg\u00f6rande arkeologisk plats i Europa, vilket visar p\u00e5 en m\u00e5ngsidig och kontinuerlig m\u00e4nsklig anv\u00e4ndning. Fr\u00e5n skydd under senpaleolitikum till centrum f\u00f6r begravning och jordbruk under koppar\u00e5ldern, framh\u00e4vs utvecklingen [&hellip;]<\/p>\n","protected":false},"author":1,"featured_media":0,"parent":19385,"menu_order":0,"comment_status":"closed","ping_status":"closed","template":"","meta":{"inline_featured_image":false,"site-sidebar-layout":"no-sidebar","site-content-layout":"page-builder","ast-site-content-layout":"full-width-container","site-content-style":"default","site-sidebar-style":"default","ast-global-header-display":"","ast-banner-title-visibility":"","ast-main-header-display":"","ast-hfb-above-header-display":"","ast-hfb-below-header-display":"","ast-hfb-mobile-header-display":"","site-post-title":"disabled","ast-breadcrumbs-content":"","ast-featured-img":"disabled","footer-sml-layout":"","ast-disable-related-posts":"","theme-transparent-header-meta":"default","adv-header-id-meta":"","stick-header-meta":"default","header-above-stick-meta":"","header-main-stick-meta":"","header-below-stick-meta":"","astra-migrate-meta-layouts":"set","ast-page-background-enabled":"default","ast-page-background-meta":{"desktop":{"background-color":"var(--ast-global-color-4)","background-image":"","background-repeat":"repeat","background-position":"center center","background-size":"auto","background-attachment":"scroll","background-type":"","background-media":"","overlay-type":"","overlay-color":"","overlay-opacity":"","overlay-gradient":""},"tablet":{"background-color":"","background-image":"","background-repeat":"repeat","background-position":"center center","background-size":"auto","background-attachment":"scroll","background-type":"","background-media":"","overlay-type":"","overlay-color":"","overlay-opacity":"","overlay-gradient":""},"mobile":{"background-color":"","background-image":"","background-repeat":"repeat","background-position":"center center","background-size":"auto","background-attachment":"scroll","background-type":"","background-media":"","overlay-type":"","overlay-color":"","overlay-opacity":"","overlay-gradient":""}},"ast-content-background-meta":{"desktop":{"background-color":"var(--ast-global-color-5)","background-image":"","background-repeat":"repeat","background-position":"center center","background-size":"auto","background-attachment":"scroll","background-type":"","background-media":"","overlay-type":"","overlay-color":"","overlay-opacity":"","overlay-gradient":""},"tablet":{"background-color":"var(--ast-global-color-5)","background-image":"","background-repeat":"repeat","background-position":"center center","background-size":"auto","background-attachment":"scroll","background-type":"","background-media":"","overlay-type":"","overlay-color":"","overlay-opacity":"","overlay-gradient":""},"mobile":{"background-color":"var(--ast-global-color-5)","background-image":"","background-repeat":"repeat","background-position":"center center","background-size":"auto","background-attachment":"scroll","background-type":"","background-media":"","overlay-type":"","overlay-color":"","overlay-opacity":"","overlay-gradient":""}},"footnotes":""},"class_list":["post-19398","page","type-page","status-publish","hentry"],"_links":{"self":[{"href":"https:\/\/cuevadenerja.es\/sv\/wp-json\/wp\/v2\/pages\/19398","targetHints":{"allow":["GET"]}}],"collection":[{"href":"https:\/\/cuevadenerja.es\/sv\/wp-json\/wp\/v2\/pages"}],"about":[{"href":"https:\/\/cuevadenerja.es\/sv\/wp-json\/wp\/v2\/types\/page"}],"author":[{"embeddable":true,"href":"https:\/\/cuevadenerja.es\/sv\/wp-json\/wp\/v2\/users\/1"}],"replies":[{"embeddable":true,"href":"https:\/\/cuevadenerja.es\/sv\/wp-json\/wp\/v2\/comments?post=19398"}],"version-history":[{"count":0,"href":"https:\/\/cuevadenerja.es\/sv\/wp-json\/wp\/v2\/pages\/19398\/revisions"}],"up":[{"embeddable":true,"href":"https:\/\/cuevadenerja.es\/sv\/wp-json\/wp\/v2\/pages\/19385"}],"wp:attachment":[{"href":"https:\/\/cuevadenerja.es\/sv\/wp-json\/wp\/v2\/media?parent=19398"}],"curies":[{"name":"wp","href":"https:\/\/api.w.org\/{rel}","templated":true}]}}