{"id":19357,"date":"2023-10-23T13:30:43","date_gmt":"2023-10-23T11:30:43","guid":{"rendered":"https:\/\/cuevadenerja.es\/?page_id=19357"},"modified":"2024-03-18T12:54:18","modified_gmt":"2024-03-18T11:54:18","slug":"naturlig-rikedom","status":"publish","type":"page","link":"https:\/\/cuevadenerja.es\/sv\/grotta\/naturlig-rikedom\/","title":{"rendered":"Naturlig rikedom"},"content":{"rendered":"\t\t<div data-elementor-type=\"wp-page\" data-elementor-id=\"19357\" class=\"elementor elementor-19357 elementor-12456\" data-elementor-post-type=\"page\">\n\t\t\t\t<div class=\"elementor-element elementor-element-527835b e-flex e-con-boxed e-con e-parent\" data-id=\"527835b\" data-element_type=\"container\" data-e-type=\"container\" data-settings=\"{&quot;background_background&quot;:&quot;classic&quot;}\">\n\t\t\t\t\t<div class=\"e-con-inner\">\n\t\t\t\t<div class=\"elementor-element elementor-element-769a85a elementor-widget elementor-widget-text-editor\" data-id=\"769a85a\" data-element_type=\"widget\" data-e-type=\"widget\" data-widget_type=\"text-editor.default\">\n\t\t\t\t<div class=\"elementor-widget-container\">\n\t\t\t\t\t\t\t\t\t<p>Din <strong>onlinebiljett<\/strong> till b\u00e4sta pris och undvik k\u00f6er<\/p>\t\t\t\t\t\t\t\t<\/div>\n\t\t\t\t<\/div>\n\t\t\t\t<div class=\"elementor-element elementor-element-81e90d4 elementor-widget elementor-widget-button\" data-id=\"81e90d4\" data-element_type=\"widget\" data-e-type=\"widget\" data-widget_type=\"button.default\">\n\t\t\t\t<div class=\"elementor-widget-container\">\n\t\t\t\t\t\t\t\t\t<div class=\"elementor-button-wrapper\">\n\t\t\t\t\t<a class=\"elementor-button elementor-button-link elementor-size-sm\" href=\"https:\/\/entradas.cuevadenerja.es\/\" target=\"_blank\">\n\t\t\t\t\t\t<span class=\"elementor-button-content-wrapper\">\n\t\t\t\t\t\t<span class=\"elementor-button-icon\">\n\t\t\t\t<svg aria-hidden=\"true\" class=\"e-font-icon-svg e-fas-ticket-alt\" viewBox=\"0 0 576 512\" xmlns=\"http:\/\/www.w3.org\/2000\/svg\"><path d=\"M128 160h320v192H128V160zm400 96c0 26.51 21.49 48 48 48v96c0 26.51-21.49 48-48 48H48c-26.51 0-48-21.49-48-48v-96c26.51 0 48-21.49 48-48s-21.49-48-48-48v-96c0-26.51 21.49-48 48-48h480c26.51 0 48 21.49 48 48v96c-26.51 0-48 21.49-48 48zm-48-104c0-13.255-10.745-24-24-24H120c-13.255 0-24 10.745-24 24v208c0 13.255 10.745 24 24 24h336c13.255 0 24-10.745 24-24V152z\"><\/path><\/svg>\t\t\t<\/span>\n\t\t\t\t\t\t\t\t\t<span class=\"elementor-button-text\">K\u00f6p biljetter<\/span>\n\t\t\t\t\t<\/span>\n\t\t\t\t\t<\/a>\n\t\t\t\t<\/div>\n\t\t\t\t\t\t\t\t<\/div>\n\t\t\t\t<\/div>\n\t\t\t\t\t<\/div>\n\t\t\t\t<\/div>\n\t\t<div data-dce-background-overlay-image-url=\"https:\/\/cuevadenerja.es\/wp-content\/uploads\/2023\/06\/Conservar-la-cueva.jpg\" class=\"elementor-element elementor-element-8d590a1 e-flex e-con-boxed e-con e-parent\" data-id=\"8d590a1\" data-element_type=\"container\" data-e-type=\"container\" data-settings=\"{&quot;background_background&quot;:&quot;classic&quot;}\">\n\t\t\t\t\t<div class=\"e-con-inner\">\n\t\t<div class=\"elementor-element elementor-element-42649b5 e-con-full e-flex e-con e-child\" data-id=\"42649b5\" data-element_type=\"container\" data-e-type=\"container\">\n\t\t\t\t<div class=\"elementor-element elementor-element-ba734ce elementor-widget elementor-widget-text-editor\" data-id=\"ba734ce\" data-element_type=\"widget\" data-e-type=\"widget\" data-widget_type=\"text-editor.default\">\n\t\t\t\t<div class=\"elementor-widget-container\">\n\t\t\t\t\t\t\t\t\t<p>Grotta de Nerja<\/p>\t\t\t\t\t\t\t\t<\/div>\n\t\t\t\t<\/div>\n\t\t\t\t<div class=\"elementor-element elementor-element-3a05498 elementor-widget elementor-widget-heading\" data-id=\"3a05498\" data-element_type=\"widget\" data-e-type=\"widget\" data-widget_type=\"heading.default\">\n\t\t\t\t<div class=\"elementor-widget-container\">\n\t\t\t\t\t<h1 class=\"elementor-heading-title elementor-size-default\">Naturlig rikedom i Grotta de Nerja\n\n<\/h1>\t\t\t\t<\/div>\n\t\t\t\t<\/div>\n\t\t\t\t<div class=\"elementor-element elementor-element-cac1629 elementor-widget elementor-widget-text-editor\" data-id=\"cac1629\" data-element_type=\"widget\" data-e-type=\"widget\" data-widget_type=\"text-editor.default\">\n\t\t\t\t<div class=\"elementor-widget-container\">\n\t\t\t\t\t\t\t\t\t<p>Den naturliga rikedomen i Grotta de Nerja finns b\u00e5de inuti och utanf\u00f6r, i det omgivande landskapet.<\/p><p>Det \u00e4r en geologisk plats av s\u00e4rskild betydelse och \u00e4r d\u00e4rf\u00f6r listad som en plats av internationell geologiskt intresse. Dessutom \u00e4r det en av de st\u00f6rsta grottorna i Andalusien och ligger i en privilegierad naturlig milj\u00f6, mellan havet och bergen.<\/p>\t\t\t\t\t\t\t\t<\/div>\n\t\t\t\t<\/div>\n\t\t\t\t<\/div>\n\t\t\t\t\t<\/div>\n\t\t\t\t<\/div>\n\t\t<div class=\"elementor-element elementor-element-7489ae2 e-con-full e-flex e-con e-parent\" data-id=\"7489ae2\" data-element_type=\"container\" data-e-type=\"container\" data-settings=\"{&quot;background_background&quot;:&quot;classic&quot;}\">\n\t\t<div class=\"elementor-element elementor-element-688abf6 e-con-full e-flex e-con e-child\" data-id=\"688abf6\" data-element_type=\"container\" data-e-type=\"container\" data-settings=\"{&quot;background_background&quot;:&quot;classic&quot;}\">\n\t\t\t\t<div class=\"elementor-element elementor-element-d0a01d9 elementor-widget elementor-widget-heading\" data-id=\"d0a01d9\" data-element_type=\"widget\" data-e-type=\"widget\" data-widget_type=\"heading.default\">\n\t\t\t\t<div class=\"elementor-widget-container\">\n\t\t\t\t\t<h2 class=\"elementor-heading-title elementor-size-default\">Naturlig rikedom i Grotta de Nerja Naturlig rikedom i Grotta de Nerja Naturlig rikedom i Grotta de Nerja Naturlig rikedom i Grotta de Nerja Naturlig rikedom i Grotta de Nerja Naturlig rikedom i Grotta de Nerja Naturlig rikedom i Grotta de Nerja Naturlig rikedom i Grotta de Nerja Naturlig rikedom i Grotta de Nerja Naturlig rikedom i Grotta de Nerja Naturlig rikedom i Grotta de Nerja Naturlig rikedom i Grotta de Nerja Naturlig rikedom i Grotta de Nerja Naturlig rikedom i Grotta de Nerja Naturlig rikedom i Grotta de Nerja Naturlig rikedom i Grotta de Nerja Naturlig rikedom i Grotta de Nerja Naturlig rikedom i Grotta de Nerja Naturlig rikedom i Grotta de Nerja Naturlig rikedom i Grotta de Nerja Naturlig rikedom i Grotta de Nerja Naturlig rikedom i Grotta de Nerja Naturlig rikedom i Grotta de Nerja Naturlig rikedom i Grotta de Nerja <\/h2>\t\t\t\t<\/div>\n\t\t\t\t<\/div>\n\t\t\t\t<\/div>\n\t\t\t\t<\/div>\n\t\t<div class=\"elementor-element elementor-element-da5c1d6 e-flex e-con-boxed e-con e-parent\" data-id=\"da5c1d6\" data-element_type=\"container\" data-e-type=\"container\" data-settings=\"{&quot;background_background&quot;:&quot;classic&quot;}\">\n\t\t\t\t\t<div class=\"e-con-inner\">\n\t\t<div class=\"elementor-element elementor-element-7a71e63 e-con-full e-flex e-con e-child\" data-id=\"7a71e63\" data-element_type=\"container\" data-e-type=\"container\">\n\t\t\t\t<div class=\"elementor-element elementor-element-b14bfe2 elementor-widget elementor-widget-text-editor\" data-id=\"b14bfe2\" data-element_type=\"widget\" data-e-type=\"widget\" data-widget_type=\"text-editor.default\">\n\t\t\t\t<div class=\"elementor-widget-container\">\n\t\t\t\t\t\t\t\t\t<h3><span style=\"color: #b7916c;\"><strong>Naturlig rikedom i Grotta de Nerja<\/strong><\/span><\/h3>\nGrottan, med horisontell utveckling, str\u00e4cker sig cirka 750 meter l\u00e4ngs sin l\u00e4ngsta axel och har en h\u00f6jdskillnad p\u00e5 cirka 68 meter, 37 meter \u00f6ver referensniv\u00e5n som ligger p\u00e5 golvplanet vid ing\u00e5ngen och 31 meter under samma niv\u00e5.\n\nMed sina 4 823 meter \u00e4r det en av de grottor med st\u00f6rst topografisk utveckling i Andalusien. Dess salar och galerier, av stora dimensioner, upptar ett volymutrymme p\u00e5 cirka 300 000 m3 och en yta p\u00e5 35 000 m2.\n\nDet finns tv\u00e5 sektioner i h\u00e5lrummet:\n<ul>\n  <li>Sektion anpassad f\u00f6r turism eller Turistgallerier (106 285 m3 volym och 9 371 m2 yta).<\/li>\n  <li>Oanpassad och otillg\u00e4nglig sektion, som utg\u00f6r de s\u00e5 kallade H\u00f6ga Gallerierna och Nya Gallerierna.<\/li>\n<\/ul>\nTuristgallerierna omfattar bes\u00f6ksbara salar som Vestibul, Bel\u00e9n, Cascada eller Ballet, Fantasmas och Cataclismo, samt andra utrymmen som inte \u00e4r \u00f6ppna f\u00f6r allm\u00e4nheten, s\u00e5som kontors- eller bj\u00f6rnsalar, gruvor och klyftor.\n\nDen turistiska rundturen har en total l\u00e4ngd av 546 meter. Dessutom passerar bes\u00f6karen, n\u00e4r denne g\u00e5r hela str\u00e4ckan, 458 trappsteg, varav 159 \u00e4r upp\u00e5t och de \u00e5terst\u00e5ende 299 \u00e4r ned\u00e5t.\n\nSalar som Columnas de H\u00e9rcules och Inmensidad bildar H\u00f6ga Gallerierna. Nya Gallerierna omfattar Sala de la Lanza, den spektakul\u00e4ra Galer\u00eda de los Niveles och Sala de la Monta\u00f1a. Den sistn\u00e4mnda leder till en liten n\u00e4rliggande grotta, k\u00e4nd som Cueva Pintada.\n\nF\u00f6rbindelsen mellan Cueva Pintada och Monta\u00f1a har visats genom ventilationsstudier, \u00e4ven om det inte har hittats en tillg\u00e4nglig f\u00f6rbindelse f\u00f6r m\u00e4nniskor. De icke-turistiska omr\u00e5dena \u00e4r st\u00e4ngda f\u00f6r allm\u00e4nheten av bevarandesk\u00e4l.\n<h3><span style=\"color: #b7916c;\"><strong>Den geologiska bildningen av Grotta de Nerja<\/strong><\/span><\/h3>\nBildandet av Grotta de Nerja beror p\u00e5 en geologisk process som kallas karstifiering: regnvatten l\u00f6ser koldioxid (CO2) fr\u00e5n marken och atmosf\u00e4ren och blir s\u00e5ledes till &#8221;aggressivt surt vatten&#8221;, som l\u00f6ser upp bergarterna n\u00e4r det tr\u00e4nger in genom sprickor och brister.\n\nDet ber\u00e4knas att infiltrationen och cirkulationen av regnvatten genom sprickor och brister i marmorerna i Sierra Almijara b\u00f6rjade f\u00f6r \u00f6ver fem miljoner \u00e5r sedan.\n\nN\u00e4r uppl\u00f6sningen fortskrider skapas en stor h\u00e5lighet d\u00e4r olika geologiska formationer bildas, de s\u00e5 kallade speleotemerna.\n<h3><span style=\"color: #b7916c;\"><strong>Speleotemerna i Grotta de Nerja<\/strong><\/span><\/h3>\nEfter sin resa genom det inre av den bergiga massan n\u00e5r vattnet grottan. Det \u00e4r d\u00e5 det avkarbonatiseras &#8211; f\u00f6rlorar sitt inneh\u00e5ll av koldioxid &#8211; och\/eller avdunstar, vilket resulterar i utf\u00e4llningen av de mineraler det l\u00f6ser, vilket ger upphov till speleotemerna, s\u00e5som stalaktiter eller stalagmiter.\n\nF\u00f6rutom dessa kan vi hitta m\u00e5nga olika typer och underarter, beroende p\u00e5 deras utseende och ursprung. S\u00e5ledes kan vi se i grottan: stalaktiter, stalagmiter, antis\u00adtalaktiter, folia, korall\u00adtorn, pelare, bass\u00e4nger, macaroni, ananas, naglar, blomk\u00e5lar, flaggor, moln&#8230;\n\nGrotta de Nerja kan betraktas som ett verkligt museum av speleotemer, och faktum \u00e4r att dess inre rikedom av dessa, b\u00e5de i rikedom, variation, spektakul\u00e4ritet och vetenskapligt intresse, \u00e4r en av dess mest betydande geologiska drag och representerar en stor naturlig rikedom.\n\nF\u00f6rutom att &#8221;dekorera&#8221; grottor registrerar dessa formationer mycket varierad information, vilket till exempel m\u00f6jligg\u00f6r rekonstruktion av klimatet under tidigare epoker eller kunskap om jordb\u00e4vningar som intr\u00e4ffade f\u00f6r hundratals eller tusentals \u00e5r sedan.\n\t\t\t\t\t\t\t\t<\/div>\n\t\t\t\t<\/div>\n\t\t<div class=\"elementor-element elementor-element-1ea12ba e-grid e-con-boxed e-con e-child\" data-id=\"1ea12ba\" data-element_type=\"container\" data-e-type=\"container\">\n\t\t\t\t\t<div class=\"e-con-inner\">\n\t\t\t\t<div class=\"elementor-element elementor-element-f75c7ab elementor-widget elementor-widget-image\" data-id=\"f75c7ab\" data-element_type=\"widget\" data-e-type=\"widget\" data-widget_type=\"image.default\">\n\t\t\t\t<div class=\"elementor-widget-container\">\n\t\t\t\t\t\t\t\t\t\t\t\t\t\t\t<img fetchpriority=\"high\" decoding=\"async\" width=\"1024\" height=\"683\" src=\"https:\/\/cuevadenerja.es\/wp-content\/uploads\/2023\/10\/G3-1024x683.jpg\" class=\"attachment-large size-large wp-image-19426\" alt=\"\" srcset=\"https:\/\/cuevadenerja.es\/wp-content\/uploads\/2023\/10\/G3-1024x683.jpg 1024w, https:\/\/cuevadenerja.es\/wp-content\/uploads\/2023\/10\/G3-300x200.jpg 300w, https:\/\/cuevadenerja.es\/wp-content\/uploads\/2023\/10\/G3-768x512.jpg 768w, https:\/\/cuevadenerja.es\/wp-content\/uploads\/2023\/10\/G3-1536x1024.jpg 1536w, https:\/\/cuevadenerja.es\/wp-content\/uploads\/2023\/10\/G3.jpg 1800w\" sizes=\"(max-width: 1024px) 100vw, 1024px\" \/>\t\t\t\t\t\t\t\t\t\t\t\t\t\t\t<\/div>\n\t\t\t\t<\/div>\n\t\t\t\t<div class=\"elementor-element elementor-element-eaff720 elementor-widget elementor-widget-image\" data-id=\"eaff720\" data-element_type=\"widget\" data-e-type=\"widget\" data-widget_type=\"image.default\">\n\t\t\t\t<div class=\"elementor-widget-container\">\n\t\t\t\t\t\t\t\t\t\t\t\t\t\t\t<img decoding=\"async\" width=\"1024\" height=\"683\" src=\"https:\/\/cuevadenerja.es\/wp-content\/uploads\/2023\/10\/G4-1024x683.jpg\" class=\"attachment-large size-large wp-image-19427\" alt=\"\" srcset=\"https:\/\/cuevadenerja.es\/wp-content\/uploads\/2023\/10\/G4-1024x683.jpg 1024w, https:\/\/cuevadenerja.es\/wp-content\/uploads\/2023\/10\/G4-300x200.jpg 300w, https:\/\/cuevadenerja.es\/wp-content\/uploads\/2023\/10\/G4-768x512.jpg 768w, https:\/\/cuevadenerja.es\/wp-content\/uploads\/2023\/10\/G4-1536x1024.jpg 1536w, https:\/\/cuevadenerja.es\/wp-content\/uploads\/2023\/10\/G4.jpg 1800w\" sizes=\"(max-width: 1024px) 100vw, 1024px\" \/>\t\t\t\t\t\t\t\t\t\t\t\t\t\t\t<\/div>\n\t\t\t\t<\/div>\n\t\t\t\t\t<\/div>\n\t\t\t\t<\/div>\n\t\t\t\t<\/div>\n\t\t\t\t\t<\/div>\n\t\t\t\t<\/div>\n\t\t\t\t<\/div>\n\t\t","protected":false},"excerpt":{"rendered":"<p>Din onlinebiljett till b\u00e4sta pris och undvik k\u00f6er K\u00f6p biljetter Grotta de Nerja Naturlig rikedom i Grotta de Nerja Den naturliga rikedomen i Grotta de Nerja finns b\u00e5de inuti och utanf\u00f6r, i det omgivande landskapet. Det \u00e4r en geologisk plats av s\u00e4rskild betydelse och \u00e4r d\u00e4rf\u00f6r listad som en plats av internationell geologiskt intresse. Dessutom [&hellip;]<\/p>\n","protected":false},"author":1,"featured_media":0,"parent":19306,"menu_order":2,"comment_status":"closed","ping_status":"closed","template":"","meta":{"inline_featured_image":false,"site-sidebar-layout":"no-sidebar","site-content-layout":"page-builder","ast-site-content-layout":"full-width-container","site-content-style":"default","site-sidebar-style":"default","ast-global-header-display":"","ast-banner-title-visibility":"","ast-main-header-display":"","ast-hfb-above-header-display":"","ast-hfb-below-header-display":"","ast-hfb-mobile-header-display":"","site-post-title":"disabled","ast-breadcrumbs-content":"","ast-featured-img":"disabled","footer-sml-layout":"","ast-disable-related-posts":"","theme-transparent-header-meta":"default","adv-header-id-meta":"","stick-header-meta":"default","header-above-stick-meta":"","header-main-stick-meta":"","header-below-stick-meta":"","astra-migrate-meta-layouts":"set","ast-page-background-enabled":"default","ast-page-background-meta":{"desktop":{"background-color":"var(--ast-global-color-4)","background-image":"","background-repeat":"repeat","background-position":"center center","background-size":"auto","background-attachment":"scroll","background-type":"","background-media":"","overlay-type":"","overlay-color":"","overlay-opacity":"","overlay-gradient":""},"tablet":{"background-color":"","background-image":"","background-repeat":"repeat","background-position":"center center","background-size":"auto","background-attachment":"scroll","background-type":"","background-media":"","overlay-type":"","overlay-color":"","overlay-opacity":"","overlay-gradient":""},"mobile":{"background-color":"","background-image":"","background-repeat":"repeat","background-position":"center center","background-size":"auto","background-attachment":"scroll","background-type":"","background-media":"","overlay-type":"","overlay-color":"","overlay-opacity":"","overlay-gradient":""}},"ast-content-background-meta":{"desktop":{"background-color":"var(--ast-global-color-5)","background-image":"","background-repeat":"repeat","background-position":"center center","background-size":"auto","background-attachment":"scroll","background-type":"","background-media":"","overlay-type":"","overlay-color":"","overlay-opacity":"","overlay-gradient":""},"tablet":{"background-color":"var(--ast-global-color-5)","background-image":"","background-repeat":"repeat","background-position":"center center","background-size":"auto","background-attachment":"scroll","background-type":"","background-media":"","overlay-type":"","overlay-color":"","overlay-opacity":"","overlay-gradient":""},"mobile":{"background-color":"var(--ast-global-color-5)","background-image":"","background-repeat":"repeat","background-position":"center center","background-size":"auto","background-attachment":"scroll","background-type":"","background-media":"","overlay-type":"","overlay-color":"","overlay-opacity":"","overlay-gradient":""}},"footnotes":""},"class_list":["post-19357","page","type-page","status-publish","hentry"],"_links":{"self":[{"href":"https:\/\/cuevadenerja.es\/sv\/wp-json\/wp\/v2\/pages\/19357","targetHints":{"allow":["GET"]}}],"collection":[{"href":"https:\/\/cuevadenerja.es\/sv\/wp-json\/wp\/v2\/pages"}],"about":[{"href":"https:\/\/cuevadenerja.es\/sv\/wp-json\/wp\/v2\/types\/page"}],"author":[{"embeddable":true,"href":"https:\/\/cuevadenerja.es\/sv\/wp-json\/wp\/v2\/users\/1"}],"replies":[{"embeddable":true,"href":"https:\/\/cuevadenerja.es\/sv\/wp-json\/wp\/v2\/comments?post=19357"}],"version-history":[{"count":0,"href":"https:\/\/cuevadenerja.es\/sv\/wp-json\/wp\/v2\/pages\/19357\/revisions"}],"up":[{"embeddable":true,"href":"https:\/\/cuevadenerja.es\/sv\/wp-json\/wp\/v2\/pages\/19306"}],"wp:attachment":[{"href":"https:\/\/cuevadenerja.es\/sv\/wp-json\/wp\/v2\/media?parent=19357"}],"curies":[{"name":"wp","href":"https:\/\/api.w.org\/{rel}","templated":true}]}}