{"id":19348,"date":"2023-10-23T13:29:03","date_gmt":"2023-10-23T11:29:03","guid":{"rendered":"https:\/\/cuevadenerja.es\/?page_id=19348"},"modified":"2024-03-18T12:28:55","modified_gmt":"2024-03-18T11:28:55","slug":"upptackt","status":"publish","type":"page","link":"https:\/\/cuevadenerja.es\/sv\/grotta\/upptackt\/","title":{"rendered":"Uppt\u00e4ckt"},"content":{"rendered":"\t\t<div data-elementor-type=\"wp-page\" data-elementor-id=\"19348\" class=\"elementor elementor-19348 elementor-12453\" data-elementor-post-type=\"page\">\n\t\t\t\t<div class=\"elementor-element elementor-element-9dee57f e-flex e-con-boxed e-con e-parent\" data-id=\"9dee57f\" data-element_type=\"container\" data-e-type=\"container\" data-settings=\"{&quot;background_background&quot;:&quot;classic&quot;}\">\n\t\t\t\t\t<div class=\"e-con-inner\">\n\t\t\t\t<div class=\"elementor-element elementor-element-7f96e19 elementor-widget elementor-widget-text-editor\" data-id=\"7f96e19\" data-element_type=\"widget\" data-e-type=\"widget\" data-widget_type=\"text-editor.default\">\n\t\t\t\t<div class=\"elementor-widget-container\">\n\t\t\t\t\t\t\t\t\t<p>Din <strong>onlinebiljett<\/strong> till b\u00e4sta pris och undvik k\u00f6er<\/p>\t\t\t\t\t\t\t\t<\/div>\n\t\t\t\t<\/div>\n\t\t\t\t<div class=\"elementor-element elementor-element-51bbcf6 elementor-widget elementor-widget-button\" data-id=\"51bbcf6\" data-element_type=\"widget\" data-e-type=\"widget\" data-widget_type=\"button.default\">\n\t\t\t\t<div class=\"elementor-widget-container\">\n\t\t\t\t\t\t\t\t\t<div class=\"elementor-button-wrapper\">\n\t\t\t\t\t<a class=\"elementor-button elementor-button-link elementor-size-sm\" href=\"https:\/\/entradas.cuevadenerja.es\/\" target=\"_blank\">\n\t\t\t\t\t\t<span class=\"elementor-button-content-wrapper\">\n\t\t\t\t\t\t<span class=\"elementor-button-icon\">\n\t\t\t\t<svg aria-hidden=\"true\" class=\"e-font-icon-svg e-fas-ticket-alt\" viewBox=\"0 0 576 512\" xmlns=\"http:\/\/www.w3.org\/2000\/svg\"><path d=\"M128 160h320v192H128V160zm400 96c0 26.51 21.49 48 48 48v96c0 26.51-21.49 48-48 48H48c-26.51 0-48-21.49-48-48v-96c26.51 0 48-21.49 48-48s-21.49-48-48-48v-96c0-26.51 21.49-48 48-48h480c26.51 0 48 21.49 48 48v96c-26.51 0-48 21.49-48 48zm-48-104c0-13.255-10.745-24-24-24H120c-13.255 0-24 10.745-24 24v208c0 13.255 10.745 24 24 24h336c13.255 0 24-10.745 24-24V152z\"><\/path><\/svg>\t\t\t<\/span>\n\t\t\t\t\t\t\t\t\t<span class=\"elementor-button-text\">K\u00f6p biljetter<\/span>\n\t\t\t\t\t<\/span>\n\t\t\t\t\t<\/a>\n\t\t\t\t<\/div>\n\t\t\t\t\t\t\t\t<\/div>\n\t\t\t\t<\/div>\n\t\t\t\t\t<\/div>\n\t\t\t\t<\/div>\n\t\t<div data-dce-background-overlay-image-url=\"https:\/\/cuevadenerja.es\/wp-content\/uploads\/2024\/01\/Descubridores1959.jpg\" class=\"elementor-element elementor-element-e3ae1ff e-flex e-con-boxed e-con e-parent\" data-id=\"e3ae1ff\" data-element_type=\"container\" data-e-type=\"container\" data-settings=\"{&quot;background_background&quot;:&quot;classic&quot;}\">\n\t\t\t\t\t<div class=\"e-con-inner\">\n\t\t<div class=\"elementor-element elementor-element-6308ddb e-con-full e-flex e-con e-child\" data-id=\"6308ddb\" data-element_type=\"container\" data-e-type=\"container\">\n\t\t\t\t<div class=\"elementor-element elementor-element-a7503c4 elementor-widget elementor-widget-text-editor\" data-id=\"a7503c4\" data-element_type=\"widget\" data-e-type=\"widget\" data-widget_type=\"text-editor.default\">\n\t\t\t\t<div class=\"elementor-widget-container\">\n\t\t\t\t\t\t\t\t\t<p>Nerjagrottan<\/p>\t\t\t\t\t\t\t\t<\/div>\n\t\t\t\t<\/div>\n\t\t\t\t<div class=\"elementor-element elementor-element-26c271c elementor-widget elementor-widget-heading\" data-id=\"26c271c\" data-element_type=\"widget\" data-e-type=\"widget\" data-widget_type=\"heading.default\">\n\t\t\t\t<div class=\"elementor-widget-container\">\n\t\t\t\t\t<h1 class=\"elementor-heading-title elementor-size-default\">Uppt\u00e4ckten av Nerjagrottan\n\n<\/h1>\t\t\t\t<\/div>\n\t\t\t\t<\/div>\n\t\t\t\t<div class=\"elementor-element elementor-element-483f1d9 elementor-widget elementor-widget-text-editor\" data-id=\"483f1d9\" data-element_type=\"widget\" data-e-type=\"widget\" data-widget_type=\"text-editor.default\">\n\t\t\t\t<div class=\"elementor-widget-container\">\n\t\t\t\t\t\t\t\t\t<div class=\"flex-1 overflow-hidden\"><div class=\"react-scroll-to-bottom--css-nvmnf-79elbk h-full\"><div class=\"react-scroll-to-bottom--css-nvmnf-1n7m0yu\"><div class=\"flex flex-col text-sm pb-9\"><div class=\"w-full text-token-text-primary\" data-testid=\"conversation-turn-65\"><div class=\"px-4 py-2 justify-center text-base md:gap-6 m-auto\"><div class=\"flex flex-1 text-base mx-auto gap-3 md:px-5 lg:px-1 xl:px-5 md:max-w-3xl lg:max-w-[40rem] xl:max-w-[48rem] group final-completion\"><div class=\"relative flex w-full flex-col agent-turn\"><div class=\"flex-col gap-1 md:gap-3\"><div class=\"flex flex-grow flex-col max-w-full\"><div class=\"min-h-[20px] text-message flex flex-col items-start gap-3 whitespace-pre-wrap break-words [.text-message+&amp;]:mt-5 overflow-x-auto\" data-message-author-role=\"assistant\" data-message-id=\"546d19d3-07a6-437f-a750-461ae5fec395\"><div class=\"markdown prose w-full break-words dark:prose-invert light\"><p>Uppt\u00e4ckten av <strong>Nerjagrottan<\/strong> f\u00f6r\u00e4ndrade <strong>Spaniens turismhistoria<\/strong> och blev ytterligare en attraktion f\u00f6r <strong>Costa del Sol.<\/strong><\/p><\/div><\/div><\/div><\/div><\/div><\/div><\/div><\/div><\/div><\/div><\/div><\/div>\t\t\t\t\t\t\t\t<\/div>\n\t\t\t\t<\/div>\n\t\t\t\t<\/div>\n\t\t\t\t\t<\/div>\n\t\t\t\t<\/div>\n\t\t<div class=\"elementor-element elementor-element-39b0335 e-con-full e-flex e-con e-parent\" data-id=\"39b0335\" data-element_type=\"container\" data-e-type=\"container\" data-settings=\"{&quot;background_background&quot;:&quot;classic&quot;}\">\n\t\t<div class=\"elementor-element elementor-element-cacc481 e-con-full e-flex e-con e-child\" data-id=\"cacc481\" data-element_type=\"container\" data-e-type=\"container\" data-settings=\"{&quot;background_background&quot;:&quot;classic&quot;}\">\n\t\t\t\t<div class=\"elementor-element elementor-element-ac7122b elementor-widget elementor-widget-heading\" data-id=\"ac7122b\" data-element_type=\"widget\" data-e-type=\"widget\" data-widget_type=\"heading.default\">\n\t\t\t\t<div class=\"elementor-widget-container\">\n\t\t\t\t\t<h2 class=\"elementor-heading-title elementor-size-default\">Uppt\u00e4ckten av Nerjagrottan Uppt\u00e4ckten av Nerjagrottan Uppt\u00e4ckten av Nerjagrottan Uppt\u00e4ckten av Nerjagrottan Uppt\u00e4ckten av Nerjagrottan Uppt\u00e4ckten av Nerjagrottan Uppt\u00e4ckten av Nerjagrottan Uppt\u00e4ckten av Nerjagrottan Uppt\u00e4ckten av Nerjagrottan Uppt\u00e4ckten av Nerjagrottan Uppt\u00e4ckten av Nerjagrottan Uppt\u00e4ckten av Nerjagrottan Uppt\u00e4ckten av Nerjagrottan Uppt\u00e4ckten av Nerjagrottan Uppt\u00e4ckten av Nerjagrottan Uppt\u00e4ckten av Nerjagrottan Uppt\u00e4ckten av Nerjagrottan Uppt\u00e4ckten av Nerjagrottan Uppt\u00e4ckten av Nerjagrottan Uppt\u00e4ckten av Nerjagrottan Uppt\u00e4ckten av Nerjagrottan Uppt\u00e4ckten av Nerjagrottan Uppt\u00e4ckten av Nerjagrottan Uppt\u00e4ckten av Nerjagrottan Uppt\u00e4ckten av Nerjagrottan Uppt\u00e4ckten av Nerjagrottan Uppt\u00e4ckten av Nerjagrottan Uppt\u00e4ckten av Nerjagrottan <\/h2>\t\t\t\t<\/div>\n\t\t\t\t<\/div>\n\t\t\t\t<\/div>\n\t\t\t\t<\/div>\n\t\t<div class=\"elementor-element elementor-element-4208341 e-flex e-con-boxed e-con e-parent\" data-id=\"4208341\" data-element_type=\"container\" data-e-type=\"container\" data-settings=\"{&quot;background_background&quot;:&quot;classic&quot;}\">\n\t\t\t\t\t<div class=\"e-con-inner\">\n\t\t<div class=\"elementor-element elementor-element-5e2ff63 e-con-full e-flex e-con e-child\" data-id=\"5e2ff63\" data-element_type=\"container\" data-e-type=\"container\">\n\t\t\t\t<div class=\"elementor-element elementor-element-71369e3 elementor-widget elementor-widget-text-editor\" data-id=\"71369e3\" data-element_type=\"widget\" data-e-type=\"widget\" data-widget_type=\"text-editor.default\">\n\t\t\t\t<div class=\"elementor-widget-container\">\n\t\t\t\t\t\t\t\t\t<h3><span style=\"color: #b7916c;\"><strong>Nerjagrottan uppt\u00e4cks 1959<\/strong><\/span><\/h3>\nNerjagrottan uppt\u00e4cktes den 12 januari 1959 av 5 pojkar: Jos\u00e9 Luis Barbero, br\u00f6derna Manuel och Miguel Mu\u00f1oz, Francisco Navas och Jos\u00e9 Torres.\nDe bes\u00f6kte ofta en liten h\u00e5lighet k\u00e4nd som \u201cLas Minas del Cementerio\u201d men den dagen beslutade de att g\u00e5 in genom en smal \u00f6ppning som fladderm\u00f6ssen anv\u00e4nde, fr\u00e5n den n\u00e5dde de ett stort utrymme -idag kallat Sala de la Cascada eller Ballettsalen- och fortsatte vidare till det som nu \u00e4r k\u00e4nt som Sp\u00f6ksalen.\n\nI detta sista omr\u00e5de hittade de 2 skelett p\u00e5 marken, vilket fick dem att tro att de var fr\u00e5n andra utforskare som, liksom de, hade g\u00e5tt in och inte lyckats komma ut. D\u00e4rf\u00f6r beslutade de att \u00e5terv\u00e4nda tillbaka den v\u00e4g de kommit och komma ut till ytan.\n\nDe meddelade sin uppt\u00e4ckt till 2 av sina l\u00e4rare: Carlos Saura och Manoli Mora, som f\u00f6ljde med dem till grottan n\u00e5gra dagar senare och verifierade fyndet.\n\n\u00c4ventyret med Nerjagrottan i den moderna eran b\u00f6rjade&#8230;\n\nTre m\u00e5nader efter uppt\u00e4ckten, den 19 april, fotograferade Jos\u00e9 Padial, en fotograf fr\u00e5n Nerja, h\u00e5ligheten, och dessa bilder publicerades samma m\u00e5nad i Diario Sur de M\u00e1laga, vilket introducerade Nerjagrottan f\u00f6r v\u00e4rlden.\n\nDen 17 november, samma \u00e5r 1959, uppt\u00e4ckte Francisco Navas de \u00d6vre Gallerierna i Nerjagrottan, och 10 \u00e5r senare hittades de Nya Gallerierna, tack vare systematiska speleologiska utforskningar i grottan, ledda av Speleologisektionen vid det provinsiella arkeologiska museet i M\u00e1laga. B\u00e5da omr\u00e5dena kan inte bes\u00f6kas av sk\u00e4l som r\u00f6r bevarande och tillg\u00e4nglighet.\n\n<h3><span style=\"color: #b7916c;\"><strong>Turistanpassning efter uppt\u00e4ckten av Nerjagrottan<\/strong><\/span><\/h3>\nArbetet med att turistanpassa Nerjagrottan b\u00f6rjade i september 1959, \u00e5tta m\u00e5nader efter att den uppt\u00e4cktes. M\u00e5let var att skapa en mer genomf\u00f6rbar ing\u00e5ng \u00e4n den lilla dolin som uppt\u00e4ckarna anv\u00e4nde. Det ledde till skapandet av den nuvarande ing\u00e5ngen till grottan.\nDessutom l\u00f6stes de olika niv\u00e5skillnaderna inuti grottan genom att bygga olika trappor.\n\n<h3><span style=\"color: #b7916c;\"><strong>Invigningen av Nerjagrottan<\/strong><\/span><\/h3>\nDen 12 juni 1960 invigdes officiellt Nerjagrottan. Efter att arbetena f\u00f6r att anpassa den f\u00f6r turistbruk hade avslutats, 1 \u00e5r och 5 m\u00e5nader efter dess uppt\u00e4ckt.\nVid denna invigningsceremoni upptr\u00e4dde Ballet Le Tour de Paris i Sala de la Cascada. Denna f\u00f6rest\u00e4llning skulle senare leda till Festivalen f\u00f6r Musik i Nerjagrottan som forts\u00e4tter \u00e4n idag.\n\nUppt\u00e4ckten av Nerjagrottan f\u00f6r\u00e4ndrade f\u00f6r alltid livet i Nerja. Nerja gick fr\u00e5n att vara en stad dedikerad till jordbruk och fiske till att gradvis bli en mycket uppskattad turistdestination.\t\t\t\t\t\t\t\t<\/div>\n\t\t\t\t<\/div>\n\t\t<div class=\"elementor-element elementor-element-10ff2a5 e-grid e-con-boxed e-con e-child\" data-id=\"10ff2a5\" data-element_type=\"container\" data-e-type=\"container\">\n\t\t\t\t\t<div class=\"e-con-inner\">\n\t\t\t\t<div class=\"elementor-element elementor-element-6200871 elementor-widget elementor-widget-image\" data-id=\"6200871\" data-element_type=\"widget\" data-e-type=\"widget\" data-widget_type=\"image.default\">\n\t\t\t\t<div class=\"elementor-widget-container\">\n\t\t\t\t\t\t\t\t\t\t\t\t\t\t\t<img fetchpriority=\"high\" decoding=\"async\" width=\"770\" height=\"480\" src=\"https:\/\/cuevadenerja.es\/wp-content\/uploads\/2024\/01\/Descubridores1959.jpg\" class=\"attachment-large size-large wp-image-19351\" alt=\"\" srcset=\"https:\/\/cuevadenerja.es\/wp-content\/uploads\/2024\/01\/Descubridores1959.jpg 770w, https:\/\/cuevadenerja.es\/wp-content\/uploads\/2024\/01\/Descubridores1959-300x187.jpg 300w, https:\/\/cuevadenerja.es\/wp-content\/uploads\/2024\/01\/Descubridores1959-768x479.jpg 768w\" sizes=\"(max-width: 770px) 100vw, 770px\" \/>\t\t\t\t\t\t\t\t\t\t\t\t\t\t\t<\/div>\n\t\t\t\t<\/div>\n\t\t\t\t<div class=\"elementor-element elementor-element-31ab340 elementor-widget elementor-widget-image\" data-id=\"31ab340\" data-element_type=\"widget\" data-e-type=\"widget\" data-widget_type=\"image.default\">\n\t\t\t\t<div class=\"elementor-widget-container\">\n\t\t\t\t\t\t\t\t\t\t\t\t\t\t\t<img decoding=\"async\" width=\"770\" height=\"480\" src=\"https:\/\/cuevadenerja.es\/wp-content\/uploads\/2023\/11\/entrada-cueva-antigua.jpg\" class=\"attachment-large size-large wp-image-19349\" alt=\"\" srcset=\"https:\/\/cuevadenerja.es\/wp-content\/uploads\/2023\/11\/entrada-cueva-antigua.jpg 770w, https:\/\/cuevadenerja.es\/wp-content\/uploads\/2023\/11\/entrada-cueva-antigua-300x187.jpg 300w, https:\/\/cuevadenerja.es\/wp-content\/uploads\/2023\/11\/entrada-cueva-antigua-768x479.jpg 768w\" sizes=\"(max-width: 770px) 100vw, 770px\" \/>\t\t\t\t\t\t\t\t\t\t\t\t\t\t\t<\/div>\n\t\t\t\t<\/div>\n\t\t\t\t\t<\/div>\n\t\t\t\t<\/div>\n\t\t\t\t<\/div>\n\t\t\t\t\t<\/div>\n\t\t\t\t<\/div>\n\t\t\t\t<\/div>\n\t\t","protected":false},"excerpt":{"rendered":"<p>Din onlinebiljett till b\u00e4sta pris och undvik k\u00f6er K\u00f6p biljetter Nerjagrottan Uppt\u00e4ckten av Nerjagrottan Uppt\u00e4ckten av Nerjagrottan f\u00f6r\u00e4ndrade Spaniens turismhistoria och blev ytterligare en attraktion f\u00f6r Costa del Sol. Uppt\u00e4ckten av Nerjagrottan Uppt\u00e4ckten av Nerjagrottan Uppt\u00e4ckten av Nerjagrottan Uppt\u00e4ckten av Nerjagrottan Uppt\u00e4ckten av Nerjagrottan Uppt\u00e4ckten av Nerjagrottan Uppt\u00e4ckten av Nerjagrottan Uppt\u00e4ckten av Nerjagrottan Uppt\u00e4ckten av [&hellip;]<\/p>\n","protected":false},"author":1,"featured_media":0,"parent":19306,"menu_order":1,"comment_status":"closed","ping_status":"closed","template":"","meta":{"inline_featured_image":false,"site-sidebar-layout":"no-sidebar","site-content-layout":"page-builder","ast-site-content-layout":"full-width-container","site-content-style":"default","site-sidebar-style":"default","ast-global-header-display":"","ast-banner-title-visibility":"","ast-main-header-display":"","ast-hfb-above-header-display":"","ast-hfb-below-header-display":"","ast-hfb-mobile-header-display":"","site-post-title":"disabled","ast-breadcrumbs-content":"","ast-featured-img":"disabled","footer-sml-layout":"","ast-disable-related-posts":"","theme-transparent-header-meta":"default","adv-header-id-meta":"","stick-header-meta":"default","header-above-stick-meta":"","header-main-stick-meta":"","header-below-stick-meta":"","astra-migrate-meta-layouts":"set","ast-page-background-enabled":"default","ast-page-background-meta":{"desktop":{"background-color":"var(--ast-global-color-4)","background-image":"","background-repeat":"repeat","background-position":"center center","background-size":"auto","background-attachment":"scroll","background-type":"","background-media":"","overlay-type":"","overlay-color":"","overlay-opacity":"","overlay-gradient":""},"tablet":{"background-color":"","background-image":"","background-repeat":"repeat","background-position":"center center","background-size":"auto","background-attachment":"scroll","background-type":"","background-media":"","overlay-type":"","overlay-color":"","overlay-opacity":"","overlay-gradient":""},"mobile":{"background-color":"","background-image":"","background-repeat":"repeat","background-position":"center center","background-size":"auto","background-attachment":"scroll","background-type":"","background-media":"","overlay-type":"","overlay-color":"","overlay-opacity":"","overlay-gradient":""}},"ast-content-background-meta":{"desktop":{"background-color":"var(--ast-global-color-5)","background-image":"","background-repeat":"repeat","background-position":"center center","background-size":"auto","background-attachment":"scroll","background-type":"","background-media":"","overlay-type":"","overlay-color":"","overlay-opacity":"","overlay-gradient":""},"tablet":{"background-color":"var(--ast-global-color-5)","background-image":"","background-repeat":"repeat","background-position":"center center","background-size":"auto","background-attachment":"scroll","background-type":"","background-media":"","overlay-type":"","overlay-color":"","overlay-opacity":"","overlay-gradient":""},"mobile":{"background-color":"var(--ast-global-color-5)","background-image":"","background-repeat":"repeat","background-position":"center center","background-size":"auto","background-attachment":"scroll","background-type":"","background-media":"","overlay-type":"","overlay-color":"","overlay-opacity":"","overlay-gradient":""}},"footnotes":""},"class_list":["post-19348","page","type-page","status-publish","hentry"],"_links":{"self":[{"href":"https:\/\/cuevadenerja.es\/sv\/wp-json\/wp\/v2\/pages\/19348","targetHints":{"allow":["GET"]}}],"collection":[{"href":"https:\/\/cuevadenerja.es\/sv\/wp-json\/wp\/v2\/pages"}],"about":[{"href":"https:\/\/cuevadenerja.es\/sv\/wp-json\/wp\/v2\/types\/page"}],"author":[{"embeddable":true,"href":"https:\/\/cuevadenerja.es\/sv\/wp-json\/wp\/v2\/users\/1"}],"replies":[{"embeddable":true,"href":"https:\/\/cuevadenerja.es\/sv\/wp-json\/wp\/v2\/comments?post=19348"}],"version-history":[{"count":0,"href":"https:\/\/cuevadenerja.es\/sv\/wp-json\/wp\/v2\/pages\/19348\/revisions"}],"up":[{"embeddable":true,"href":"https:\/\/cuevadenerja.es\/sv\/wp-json\/wp\/v2\/pages\/19306"}],"wp:attachment":[{"href":"https:\/\/cuevadenerja.es\/sv\/wp-json\/wp\/v2\/media?parent=19348"}],"curies":[{"name":"wp","href":"https:\/\/api.w.org\/{rel}","templated":true}]}}