{"id":19217,"date":"2023-07-03T13:22:58","date_gmt":"2023-07-03T11:22:58","guid":{"rendered":"https:\/\/cuevadenerja.es\/?page_id=19217"},"modified":"2024-03-14T11:01:08","modified_gmt":"2024-03-14T10:01:08","slug":"parcheggi-e-autobus-festival","status":"publish","type":"page","link":"https:\/\/cuevadenerja.es\/it\/parcheggi-e-autobus-festival\/","title":{"rendered":"Parcheggi e Autobus Festival"},"content":{"rendered":"\t\t<div data-elementor-type=\"wp-page\" data-elementor-id=\"19217\" class=\"elementor elementor-19217\" data-elementor-post-type=\"page\">\n\t\t\t\t<div class=\"elementor-element elementor-element-a6d8094 e-flex e-con-boxed e-con e-parent\" data-id=\"a6d8094\" data-element_type=\"container\" data-e-type=\"container\" data-settings=\"{&quot;background_background&quot;:&quot;classic&quot;}\">\n\t\t\t\t\t<div class=\"e-con-inner\">\n\t\t\t\t<div class=\"elementor-element elementor-element-848d8fe elementor-widget elementor-widget-text-editor\" data-id=\"848d8fe\" data-element_type=\"widget\" data-e-type=\"widget\" data-widget_type=\"text-editor.default\">\n\t\t\t\t<div class=\"elementor-widget-container\">\n\t\t\t\t\t\t\t\t\t<p>Il tuo <strong>biglietto online<\/strong> al miglior prezzo e <strong>evita code<\/strong><\/p>\t\t\t\t\t\t\t\t<\/div>\n\t\t\t\t<\/div>\n\t\t\t\t<div class=\"elementor-element elementor-element-5ce8eaf elementor-widget elementor-widget-button\" data-id=\"5ce8eaf\" data-element_type=\"widget\" data-e-type=\"widget\" data-widget_type=\"button.default\">\n\t\t\t\t<div class=\"elementor-widget-container\">\n\t\t\t\t\t\t\t\t\t<div class=\"elementor-button-wrapper\">\n\t\t\t\t\t<a class=\"elementor-button elementor-button-link elementor-size-sm\" href=\"https:\/\/entradas.cuevadenerja.es\/\" target=\"_blank\">\n\t\t\t\t\t\t<span class=\"elementor-button-content-wrapper\">\n\t\t\t\t\t\t<span class=\"elementor-button-icon\">\n\t\t\t\t<svg aria-hidden=\"true\" class=\"e-font-icon-svg e-fas-ticket-alt\" viewBox=\"0 0 576 512\" xmlns=\"http:\/\/www.w3.org\/2000\/svg\"><path d=\"M128 160h320v192H128V160zm400 96c0 26.51 21.49 48 48 48v96c0 26.51-21.49 48-48 48H48c-26.51 0-48-21.49-48-48v-96c26.51 0 48-21.49 48-48s-21.49-48-48-48v-96c0-26.51 21.49-48 48-48h480c26.51 0 48 21.49 48 48v96c-26.51 0-48 21.49-48 48zm-48-104c0-13.255-10.745-24-24-24H120c-13.255 0-24 10.745-24 24v208c0 13.255 10.745 24 24 24h336c13.255 0 24-10.745 24-24V152z\"><\/path><\/svg>\t\t\t<\/span>\n\t\t\t\t\t\t\t\t\t<span class=\"elementor-button-text\">Acquista biglietti<\/span>\n\t\t\t\t\t<\/span>\n\t\t\t\t\t<\/a>\n\t\t\t\t<\/div>\n\t\t\t\t\t\t\t\t<\/div>\n\t\t\t\t<\/div>\n\t\t\t\t\t<\/div>\n\t\t\t\t<\/div>\n\t\t<div data-dce-background-color=\"#313130\" data-dce-background-overlay-image-url=\"https:\/\/cuevadenerja.es\/wp-content\/uploads\/2023\/07\/Mapa-Festival-Cueva-de-Nerja-2023.jpg\" class=\"elementor-element elementor-element-e5feb2a e-flex e-con-boxed e-con e-parent\" data-id=\"e5feb2a\" data-element_type=\"container\" data-e-type=\"container\" data-settings=\"{&quot;background_background&quot;:&quot;classic&quot;}\">\n\t\t\t\t\t<div class=\"e-con-inner\">\n\t\t<div class=\"elementor-element elementor-element-5a1ef96 e-con-full e-flex e-con e-child\" data-id=\"5a1ef96\" data-element_type=\"container\" data-e-type=\"container\">\n\t\t\t\t<div class=\"elementor-element elementor-element-ddf584c elementor-widget elementor-widget-text-editor\" data-id=\"ddf584c\" data-element_type=\"widget\" data-e-type=\"widget\" data-widget_type=\"text-editor.default\">\n\t\t\t\t<div class=\"elementor-widget-container\">\n\t\t\t\t\t\t\t\t\t<p>FESTIVAL DI MUSICA<\/p>\t\t\t\t\t\t\t\t<\/div>\n\t\t\t\t<\/div>\n\t\t\t\t<div class=\"elementor-element elementor-element-c18e088 elementor-widget elementor-widget-heading\" data-id=\"c18e088\" data-element_type=\"widget\" data-e-type=\"widget\" data-widget_type=\"heading.default\">\n\t\t\t\t<div class=\"elementor-widget-container\">\n\t\t\t\t\t<h1 class=\"elementor-heading-title elementor-size-default\">Parcheggi e Autobus Festival<\/h1>\t\t\t\t<\/div>\n\t\t\t\t<\/div>\n\t\t\t\t<div class=\"elementor-element elementor-element-18dc340 elementor-widget elementor-widget-text-editor\" data-id=\"18dc340\" data-element_type=\"widget\" data-e-type=\"widget\" data-widget_type=\"text-editor.default\">\n\t\t\t\t<div class=\"elementor-widget-container\">\n\t\t\t\t\t\t\t\t\t<div class=\"flex-1 overflow-hidden\"><div class=\"react-scroll-to-bottom--css-qvmta-79elbk h-full\"><div class=\"react-scroll-to-bottom--css-qvmta-1n7m0yu\"><div class=\"flex flex-col text-sm pb-9\"><div class=\"w-full text-token-text-primary\" data-testid=\"conversation-turn-255\"><div class=\"px-4 py-2 justify-center text-base md:gap-6 m-auto\"><div class=\"flex flex-1 text-base mx-auto gap-3 md:px-5 lg:px-1 xl:px-5 md:max-w-3xl lg:max-w-[40rem] xl:max-w-[48rem] group final-completion\"><div class=\"relative flex w-full flex-col agent-turn\"><div class=\"flex-col gap-1 md:gap-3\"><div class=\"flex flex-grow flex-col max-w-full\"><div class=\"min-h-[20px] text-message flex flex-col items-start gap-3 whitespace-pre-wrap break-words [.text-message+&amp;]:mt-5 overflow-x-auto\" data-message-author-role=\"assistant\" data-message-id=\"f3f5342c-1a23-4467-8ea4-be47968147b2\"><div class=\"markdown prose w-full break-words dark:prose-invert light\"><p>Per facilitare il tuo accesso al Festival Cueva de Nerja 2023, abbiamo organizzato opzioni di trasporto come parcheggi, autobus e treni turistici. Inoltre, ti aspettano diverse novit\u00e0 nelle serate e notti di concerto nel recinto. Goditi la musica con comodit\u00e0 e facilit\u00e0!<\/p><\/div><\/div><\/div><\/div><\/div><\/div><\/div><\/div><\/div><\/div><\/div><\/div>\t\t\t\t\t\t\t\t<\/div>\n\t\t\t\t<\/div>\n\t\t\t\t<\/div>\n\t\t\t\t\t<\/div>\n\t\t\t\t<\/div>\n\t\t<div class=\"elementor-element elementor-element-ad41e07 e-flex e-con-boxed e-con e-parent\" data-id=\"ad41e07\" data-element_type=\"container\" data-e-type=\"container\" data-settings=\"{&quot;background_background&quot;:&quot;classic&quot;}\">\n\t\t\t\t\t<div class=\"e-con-inner\">\n\t\t<div class=\"elementor-element elementor-element-76b0aaa e-con-full e-flex e-con e-child\" data-id=\"76b0aaa\" data-element_type=\"container\" data-e-type=\"container\">\n\t\t\t\t<div class=\"elementor-element elementor-element-da498f3 elementor-widget elementor-widget-text-editor\" data-id=\"da498f3\" data-element_type=\"widget\" data-e-type=\"widget\" data-widget_type=\"text-editor.default\">\n\t\t\t\t<div class=\"elementor-widget-container\">\n\t\t\t\t\t\t\t\t\t<h3><strong>Aparcamientos, Autobuses y Trenes Tur\u00edsticos por Carretera para Acceder al Festival Cueva de Nerja 2023<\/strong><\/h3>\n<p>Te contamos c\u00f3mo llegar al <strong>Festival Cueva de Nerja 2023<\/strong>. Hemos habilitado servicios para un acceso c\u00f3modo y f\u00e1cil para todos. Adem\u00e1s, tienes muchas novedades en el recinto de la cavidad durante las tardes y noches de los conciertos.<\/p>\n\n<strong>El\u00a0<a href=\"https:\/\/cuevadenerja.es\/festival-de-musica\/\" target=\"_blank\" rel=\"noopener\">62 Festival de M\u00fasica Cueva de Nerja<\/a>\u00a0comienza el viernes 30 de junio y se alarga durante todo el verano.<\/strong>\u00a0Con estos aparcamientos y autobuses se permite acceder a los conciertos de este encuentro musical de forma f\u00e1cil y sencilla.\n\n<h3 style=\"color: #bc1f14;\">\u00bfDesde d\u00f3nde vienes al Festival Cueva de Nerja 2023?<\/h3>\n\n<h4 style=\"color: #bc1f14;\">Si Vienes desde Nerja: Autobuses y Trenes Tur\u00edsticos por Carretera a los Conciertos del Festival Cueva de Nerja<\/h4>\n<p><strong>DESDE NERJA:<\/strong> Si est\u00e1s alojado o vives en Nerja, te rogamos que no utilices tu veh\u00edculo particular. Podr\u00e1s desplazarte de forma gratuita en los autobuses y trenes tur\u00edsticos por carretera que salen desde estas 3 paradas: la Estaci\u00f3n de Autobuses de Nerja, frente al Cuartel de la Polic\u00eda Local de Nerja y frente al Centro de Salud de Nerja y van hasta la Cueva de Nerja.<\/p>\n<strong>En horario desde las 19:30 horas hasta las 22:30 horas, cada 30 minutos aproximadamente.<\/strong>\u00a0La vuelta ser\u00e1 desde la Cueva de Nerja a la Estaci\u00f3n de Autobuses, con las 2 paradas citadas a la ida, en horario desde las 00:00 horas hasta las 3:00 horas, cada 30 minutos aproximadamente.\n\n<h4 style=\"color: #bc1f14;\">Si Vienes desde Fuera de Nerja en Veh\u00edculo Particular: Zonas de Parking a Conciertos del Festival Cueva de Nerja y Lanzaderas hasta la Cavidad<\/h4>\n<p><strong>DESDE FUERA DE NERJA:<\/strong> Si vienes de fuera de esta localidad, en tu propio veh\u00edculo, acude con tiempo suficiente para evitar atascos y poder aparcar en los diferentes aparcamientos gratuitos que ponemos a tu disposici\u00f3n. A continuaci\u00f3n puedes consultar los espacios disponibles de parking.<\/p>\n<strong>En estos puntos habr\u00e1 lanzaderas que te llevar\u00e1n al recinto.<\/strong>\u00a0<strong>Las lanzaderas circular\u00e1n, en horario desde las 19:30 horas hasta las 22:30 horas, cada 30 minutos aproximadamente.<\/strong>\u00a0La vuelta ser\u00e1 desde la Cueva de Nerja, a la Estaci\u00f3n de Autobuses, con paradas en todas las zonas de parking habilitadas, en horario desde las 00:00 horas hasta las 3:00 horas, cada 30 minutos aproximadamente.\n<p>Pulsa aqu\u00ed para ver el\u00a0<a href=\"https:\/\/www.google.com\/maps\/d\/u\/0\/viewer?mid=1AwHx7Es9q7nPA_Kf6nYfr3J-Uy_d8_0&amp;ll=36.750963821621646%2C-3.849229077449865&amp;z=15\" target=\"_blank\" rel=\"noopener\">plano de todos los aparcamientos<\/a>.<\/p>\n\n<h4 style=\"color: #bc1f14;\">Direcci\u00f3n de cada uno de los Aparcamientos, para Llegar con Google Maps:<\/h4>\n<ol>\n    <li>Aparcamiento 1\u00a0<a href=\"https:\/\/www.google.com\/maps\/dir\/36.7617025,-3.8462788\/@36.7616008,-3.9160394,12z\" target=\"_blank\" rel=\"noopener\">Recinto Cueva<\/a>\u00a0(300 plazas)<\/li>\n    <li>Aparcamiento 2\u00a0<a href=\"https:\/\/www.google.com\/maps\/dir\/36.7620456,-3.8473718\/@36.7620971,-3.9175387,12z\" target=\"_blank\" rel=\"noopener\">Junto Cueva de Nerja<\/a>\u00a0(160 plazas)<\/li>\n    <li>Aparcamiento 3\u00a0<a href=\"https:\/\/www.google.com\/maps\/dir\/36.7606832,-3.8482184\/@36.76064,-3.8505187,17z\" target=\"_blank\" rel=\"noopener\">Urbanizaci\u00f3n<\/a>\u00a0(80 plazas)<\/li>\n    <li>Aparcamiento 4\u00a0<a href=\"https:\/\/www.google.com\/maps\/dir\/36.7595271,-3.8461638\/@36.7594102,-3.91611,12z\" target=\"_blank\" rel=\"noopener\">Antigua Ctra. N340<\/a>\u00a0(180 plazas)<\/li>\n    <li>Aparcamiento 5\u00a0<a href=\"https:\/\/www.google.com\/maps\/dir\/36.7576661,-3.8608122\/@36.7574958,-3.9306335,12z\" target=\"_blank\" rel=\"noopener\">Junto al EDAR de Nerja<\/a>\u00a0(200 plazas)<\/li>\n    <li>Aparcamiento 6\u00a0<a href=\"https:\/\/www.google.com\/maps\/dir\/36.758701,-3.8709035\/@36.7587506,-3.8728836,17z\" target=\"_blank\" rel=\"noopener\">Junto a Ciudad Deportiva<\/a>\u00a0(250 plazas)<\/li>\n<\/ol>\n\n<h3><span style=\"color: #bc1f14;\">Visita la Cavidad y su Sala de Realidad Virtual por la Noche, Antes del Festival de M\u00fasica Cueva de Nerja 2023<\/span><\/h3>\n\n<div>\n    <p>Adem\u00e1s, este a\u00f1o, durante el Festival de M\u00fasica Cueva de Nerja 2023, dispones de varios servicios en el recinto de la cavidad, entre ellos, puedes visitar la cavidad de una forma \u00fanica y tambi\u00e9n la nueva Sala de Realidad Virtual.<\/p>\n<\/div>\n\n<div>\n    <p><span style=\"text-decoration: underline;\">Entre los servicios que habr\u00e1 los d\u00edas de festivales, encuentras:<\/span><\/p>\n    <ul>\n        <li><strong>Visita a la Cueva de Nerja en una experiencia exclusiva con Miguel Joven, \u201cTito\u201d de Verano Azul.<\/strong> Se puede comprar en taquilla del recinto.\u00a0Con 2 horarios a elegir: 20:15 y 20:30, el recorrido dura 1 hora aproximadamente.<\/li>\n        <li><strong>Experiencia 360 en la Sala de Realidad Virtual de la Cueva de Nerja.<\/strong> Se puede comprar en taquilla del recinto. La experiencia global dura 20 minutos aproximadamente y puedes entrar en horario: de 20:30 a 22:00.<\/li>\n    <\/ul>\n<\/div>\n\n<h4 style=\"color: #bc1f14;\"><strong>Otros Servicios Durante el Festival de M\u00fasica Cueva de Nerja 2023<\/strong><\/h4>\n\n<div>\n    <p>Adem\u00e1s de las citadas visitas, estos son los servicios que encuentras en el recinto de la Cueva de Nerja durante las tardes y noches de actuaciones:<\/p>\n    <ul>\n        <li>Cenas restaurante reserva previa en: 952 52 96 00.<\/li>\n        <li>Consumiciones en barras y camareros.<\/li>\n        <li>Bolsas de aparcamiento y transfer al recinto de la Cueva de Nerja.<\/li>\n        <li>Fotograf\u00eda de recuerdo.<\/li>\n        <li>Tienda de merchandising.<\/li>\n        <li>Photocall.<\/li>\n        <li>Zona Chillout.<\/li>\n        <li>Auditorio.<\/li>\n        <li>Taquilla.<\/li>\n    <\/ul>\n<\/div>\n\n<h4 style=\"color: #bc1f14;\">La Terraza, una Zona Chill Out para Disfrutar Antes y Despu\u00e9s de los Conciertos del Festival Cueva de Nerja 2023<\/h4>\n\n<div>\n    <p>Adem\u00e1s, te recomendamos venir con tiempo, para poder disfrutar de La Terraza de la Cueva, un espacio para relajarte antes y despu\u00e9s de los conciertos y donde podr\u00e1s escuchar tomar algo y relajarte.<\/p>\n    <strong>En este lugar dispones de carta de bebidas y carta de comida.\u00a0<\/strong>Se encuentra cercana a la zona de gradas del festival, nuestro personal de la organizaci\u00f3n te indicar\u00e1 c\u00f3mo acceder a la misma.\n<\/div>\n\t\t\t\t\t\t\t\t<\/div>\n\t\t\t\t<\/div>\n\t\t\t\t<\/div>\n\t\t\t\t\t<\/div>\n\t\t\t\t<\/div>\n\t\t\t\t<\/div>\n\t\t","protected":false},"excerpt":{"rendered":"<p>Il tuo biglietto online al miglior prezzo e evita code Acquista biglietti FESTIVAL DI MUSICA Parcheggi e Autobus Festival Per facilitare il tuo accesso al Festival Cueva de Nerja 2023, abbiamo organizzato opzioni di trasporto come parcheggi, autobus e treni turistici. Inoltre, ti aspettano diverse novit\u00e0 nelle serate e notti di concerto nel recinto. Goditi [&hellip;]<\/p>\n","protected":false},"author":1,"featured_media":0,"parent":0,"menu_order":0,"comment_status":"closed","ping_status":"closed","template":"","meta":{"inline_featured_image":false,"site-sidebar-layout":"no-sidebar","site-content-layout":"page-builder","ast-site-content-layout":"full-width-container","site-content-style":"unboxed","site-sidebar-style":"unboxed","ast-global-header-display":"","ast-banner-title-visibility":"","ast-main-header-display":"","ast-hfb-above-header-display":"","ast-hfb-below-header-display":"","ast-hfb-mobile-header-display":"","site-post-title":"disabled","ast-breadcrumbs-content":"","ast-featured-img":"disabled","footer-sml-layout":"","ast-disable-related-posts":"","theme-transparent-header-meta":"default","adv-header-id-meta":"","stick-header-meta":"default","header-above-stick-meta":"","header-main-stick-meta":"","header-below-stick-meta":"","astra-migrate-meta-layouts":"set","ast-page-background-enabled":"default","ast-page-background-meta":{"desktop":{"background-color":"var(--ast-global-color-4)","background-image":"","background-repeat":"repeat","background-position":"center center","background-size":"auto","background-attachment":"scroll","background-type":"","background-media":"","overlay-type":"","overlay-color":"","overlay-opacity":"","overlay-gradient":""},"tablet":{"background-color":"","background-image":"","background-repeat":"repeat","background-position":"center center","background-size":"auto","background-attachment":"scroll","background-type":"","background-media":"","overlay-type":"","overlay-color":"","overlay-opacity":"","overlay-gradient":""},"mobile":{"background-color":"","background-image":"","background-repeat":"repeat","background-position":"center center","background-size":"auto","background-attachment":"scroll","background-type":"","background-media":"","overlay-type":"","overlay-color":"","overlay-opacity":"","overlay-gradient":""}},"ast-content-background-meta":{"desktop":{"background-color":"var(--ast-global-color-5)","background-image":"","background-repeat":"repeat","background-position":"center center","background-size":"auto","background-attachment":"scroll","background-type":"","background-media":"","overlay-type":"","overlay-color":"","overlay-opacity":"","overlay-gradient":""},"tablet":{"background-color":"var(--ast-global-color-5)","background-image":"","background-repeat":"repeat","background-position":"center center","background-size":"auto","background-attachment":"scroll","background-type":"","background-media":"","overlay-type":"","overlay-color":"","overlay-opacity":"","overlay-gradient":""},"mobile":{"background-color":"var(--ast-global-color-5)","background-image":"","background-repeat":"repeat","background-position":"center center","background-size":"auto","background-attachment":"scroll","background-type":"","background-media":"","overlay-type":"","overlay-color":"","overlay-opacity":"","overlay-gradient":""}},"footnotes":""},"class_list":["post-19217","page","type-page","status-publish","hentry"],"_links":{"self":[{"href":"https:\/\/cuevadenerja.es\/it\/wp-json\/wp\/v2\/pages\/19217","targetHints":{"allow":["GET"]}}],"collection":[{"href":"https:\/\/cuevadenerja.es\/it\/wp-json\/wp\/v2\/pages"}],"about":[{"href":"https:\/\/cuevadenerja.es\/it\/wp-json\/wp\/v2\/types\/page"}],"author":[{"embeddable":true,"href":"https:\/\/cuevadenerja.es\/it\/wp-json\/wp\/v2\/users\/1"}],"replies":[{"embeddable":true,"href":"https:\/\/cuevadenerja.es\/it\/wp-json\/wp\/v2\/comments?post=19217"}],"version-history":[{"count":0,"href":"https:\/\/cuevadenerja.es\/it\/wp-json\/wp\/v2\/pages\/19217\/revisions"}],"wp:attachment":[{"href":"https:\/\/cuevadenerja.es\/it\/wp-json\/wp\/v2\/media?parent=19217"}],"curies":[{"name":"wp","href":"https:\/\/api.w.org\/{rel}","templated":true}]}}