{"id":19161,"date":"2023-06-26T12:28:00","date_gmt":"2023-06-26T10:28:00","guid":{"rendered":"https:\/\/cuevadenerja.es\/?page_id=19161"},"modified":"2024-03-13T14:18:26","modified_gmt":"2024-03-13T13:18:26","slug":"politica-sulla-privacy","status":"publish","type":"page","link":"https:\/\/cuevadenerja.es\/it\/politica-sulla-privacy\/","title":{"rendered":"Politica sulla privacy"},"content":{"rendered":"\t\t<div data-elementor-type=\"wp-page\" data-elementor-id=\"19161\" class=\"elementor elementor-19161 elementor-94\" data-elementor-post-type=\"page\">\n\t\t\t\t<div class=\"elementor-element elementor-element-03c418a e-flex e-con-boxed e-con e-parent\" data-id=\"03c418a\" data-element_type=\"container\" data-e-type=\"container\" data-settings=\"{&quot;background_background&quot;:&quot;classic&quot;}\">\n\t\t\t\t\t<div class=\"e-con-inner\">\n\t\t\t\t<div class=\"elementor-element elementor-element-481d337 elementor-widget elementor-widget-text-editor\" data-id=\"481d337\" data-element_type=\"widget\" data-e-type=\"widget\" data-widget_type=\"text-editor.default\">\n\t\t\t\t<div class=\"elementor-widget-container\">\n\t\t\t\t\t\t\t\t\t<p>Il tuo <strong>biglietto online<\/strong> al miglior prezzo e <strong>evita code<\/strong><\/p>\t\t\t\t\t\t\t\t<\/div>\n\t\t\t\t<\/div>\n\t\t\t\t<div class=\"elementor-element elementor-element-16f766b elementor-widget elementor-widget-button\" data-id=\"16f766b\" data-element_type=\"widget\" data-e-type=\"widget\" data-widget_type=\"button.default\">\n\t\t\t\t<div class=\"elementor-widget-container\">\n\t\t\t\t\t\t\t\t\t<div class=\"elementor-button-wrapper\">\n\t\t\t\t\t<a class=\"elementor-button elementor-button-link elementor-size-sm\" href=\"https:\/\/entradas.cuevadenerja.es\/\" target=\"_blank\">\n\t\t\t\t\t\t<span class=\"elementor-button-content-wrapper\">\n\t\t\t\t\t\t<span class=\"elementor-button-icon\">\n\t\t\t\t<svg aria-hidden=\"true\" class=\"e-font-icon-svg e-fas-ticket-alt\" viewBox=\"0 0 576 512\" xmlns=\"http:\/\/www.w3.org\/2000\/svg\"><path d=\"M128 160h320v192H128V160zm400 96c0 26.51 21.49 48 48 48v96c0 26.51-21.49 48-48 48H48c-26.51 0-48-21.49-48-48v-96c26.51 0 48-21.49 48-48s-21.49-48-48-48v-96c0-26.51 21.49-48 48-48h480c26.51 0 48 21.49 48 48v96c-26.51 0-48 21.49-48 48zm-48-104c0-13.255-10.745-24-24-24H120c-13.255 0-24 10.745-24 24v208c0 13.255 10.745 24 24 24h336c13.255 0 24-10.745 24-24V152z\"><\/path><\/svg>\t\t\t<\/span>\n\t\t\t\t\t\t\t\t\t<span class=\"elementor-button-text\">Acquista biglietti<\/span>\n\t\t\t\t\t<\/span>\n\t\t\t\t\t<\/a>\n\t\t\t\t<\/div>\n\t\t\t\t\t\t\t\t<\/div>\n\t\t\t\t<\/div>\n\t\t\t\t\t<\/div>\n\t\t\t\t<\/div>\n\t\t<div data-dce-background-overlay-image-url=\"https:\/\/cuevadenerja.es\/wp-content\/uploads\/2023\/07\/politica-de-privacidad.jpg\" class=\"elementor-element elementor-element-e528692 e-flex e-con-boxed e-con e-parent\" data-id=\"e528692\" data-element_type=\"container\" data-e-type=\"container\" data-settings=\"{&quot;background_background&quot;:&quot;classic&quot;}\">\n\t\t\t\t\t<div class=\"e-con-inner\">\n\t\t<div class=\"elementor-element elementor-element-aad2f54 e-con-full e-flex e-con e-child\" data-id=\"aad2f54\" data-element_type=\"container\" data-e-type=\"container\">\n\t\t\t\t<div class=\"elementor-element elementor-element-a6f667d elementor-widget elementor-widget-text-editor\" data-id=\"a6f667d\" data-element_type=\"widget\" data-e-type=\"widget\" data-widget_type=\"text-editor.default\">\n\t\t\t\t<div class=\"elementor-widget-container\">\n\t\t\t\t\t\t\t\t\t<p>Protezione dei dati<\/p>\t\t\t\t\t\t\t\t<\/div>\n\t\t\t\t<\/div>\n\t\t\t\t<div class=\"elementor-element elementor-element-d4fb3fb elementor-widget elementor-widget-heading\" data-id=\"d4fb3fb\" data-element_type=\"widget\" data-e-type=\"widget\" data-widget_type=\"heading.default\">\n\t\t\t\t<div class=\"elementor-widget-container\">\n\t\t\t\t\t<h1 class=\"elementor-heading-title elementor-size-default\">Politica sulla privacy<\/h1>\t\t\t\t<\/div>\n\t\t\t\t<\/div>\n\t\t\t\t<div class=\"elementor-element elementor-element-9f2a25d elementor-widget elementor-widget-text-editor\" data-id=\"9f2a25d\" data-element_type=\"widget\" data-e-type=\"widget\" data-widget_type=\"text-editor.default\">\n\t\t\t\t<div class=\"elementor-widget-container\">\n\t\t\t\t\t\t\t\t\t<div class=\"w-full text-token-text-primary\" data-testid=\"conversation-turn-103\"><div class=\"px-4 py-2 justify-center text-base md:gap-6 m-auto\"><div class=\"flex flex-1 text-base mx-auto gap-3 md:px-5 lg:px-1 xl:px-5 md:max-w-3xl lg:max-w-[40rem] xl:max-w-[48rem] group\"><div class=\"relative flex w-full flex-col agent-turn\"><div class=\"flex-col gap-1 md:gap-3\"><div class=\"flex flex-grow flex-col max-w-full\"><div class=\"min-h-[20px] text-message flex flex-col items-start gap-3 whitespace-pre-wrap break-words [.text-message+&amp;]:mt-5 overflow-x-auto\" data-message-author-role=\"assistant\" data-message-id=\"2b9254a8-dbb9-4fc2-9073-e74d59e57448\"><div class=\"markdown prose w-full break-words dark:prose-invert light\"><p>La tua privacy \u00e8 la nostra priorit\u00e0! Alla Cueva de Nerja ci prendiamo cura di proteggere i tuoi dati personali. La nostra Politica sulla Privacy garantisce la riservatezza e l&#8217;uso responsabile delle informazioni che ci fornisci. Siamo qui per rispondere a qualsiasi domanda tu possa avere in merito. La tua fiducia \u00e8 importante per noi.<\/p><\/div><\/div><\/div><\/div><\/div><\/div><\/div><\/div>\t\t\t\t\t\t\t\t<\/div>\n\t\t\t\t<\/div>\n\t\t\t\t<\/div>\n\t\t\t\t\t<\/div>\n\t\t\t\t<\/div>\n\t\t<div class=\"elementor-element elementor-element-7ae6f6f e-flex e-con-boxed e-con e-parent\" data-id=\"7ae6f6f\" data-element_type=\"container\" data-e-type=\"container\" data-settings=\"{&quot;background_background&quot;:&quot;classic&quot;}\">\n\t\t\t\t\t<div class=\"e-con-inner\">\n\t\t<div class=\"elementor-element elementor-element-e16d300 e-con-full e-flex e-con e-child\" data-id=\"e16d300\" data-element_type=\"container\" data-e-type=\"container\">\n\t\t\t\t<div class=\"elementor-element elementor-element-b9178a4 elementor-widget elementor-widget-text-editor\" data-id=\"b9178a4\" data-element_type=\"widget\" data-e-type=\"widget\" data-widget_type=\"text-editor.default\">\n\t\t\t\t<div class=\"elementor-widget-container\">\n\t\t\t\t\t\t\t\t\t<strong>1. Responsabile del trattamento dei dati:<\/strong>\n\nLa Fondazione Pubblica dei Servizi Cueva de Nerja, con CIF G29162278 e sede legale in Paseo de Sancha, 64, 29017 M\u00e1laga, \u00e8 responsabile del trattamento dei dati forniti. Ti informiamo che questi dati verranno trattati in conformit\u00e0 al Regolamento (UE) 2016\/679 del Parlamento europeo e del Consiglio, del 27 aprile 2016, relativo alla protezione delle persone fisiche con riguardo al trattamento dei dati personali e alla libera circolazione di tali dati, nonch\u00e9 alla Legge Organica 3\/2018, dell&#8217; 5 dicembre, sulla protezione dei dati personali e la garanzia dei diritti digitali.\n\n<strong>2. Legittimazione del trattamento dei dati:<\/strong>\n\nLa legittimazione per il trattamento dei tuoi dati \u00e8 il <strong>consenso ottenuto dall&#8217;utente<\/strong>. Gli utenti, tramite il segno della casella corrispondente, accettano espressamente, liberamente e inequivocabilmente che i loro dati siano necessari per soddisfare la loro richiesta da parte del fornitore. L&#8217;utente garantisce che i dati personali forniti sono veritieri e si assume la responsabilit\u00e0 di comunicare eventuali modifiche agli stessi.\n\nTutti i dati richiesti tramite il servizio web sono obbligatori, poich\u00e9 sono necessari per la fornitura del servizio. Se non fornisci tutti i dati richiesti, non possiamo garantire che le informazioni e il servizio fornito siano completamente adatti alle tue esigenze.\n\nLa base giuridica per il trattamento dei dati nel Regolamento Europeo 2016\/679 del Parlamento Europeo e del Consiglio \u00e8 la seguente:\n\n<ol>\n \t<li>Art. 6.1 a) l&#8217;interessato ha prestato il suo consenso al trattamento dei suoi dati personali per una o pi\u00f9 finalit\u00e0 specifiche;<\/li>\n \t<li>Art. 6.1 b) il trattamento \u00e8 necessario per l&#8217;esecuzione di un contratto di cui l&#8217;interessato \u00e8 parte o per l&#8217;applicazione di misure precontrattuali richieste dall&#8217;interessato;<\/li>\n \t<li>Art. 6.1 c) il trattamento \u00e8 necessario per adempiere un obbligo legale applicabile al titolare del trattamento.<\/li>\n<\/ol>\n<strong>3. Finalit\u00e0 del trattamento:<\/strong>\nLa finalit\u00e0 \u00e8 mantenere una relazione commerciale con l&#8217;utente dei siti web, app e qualsiasi altro mezzo elettronico o piattaforma digitale dell&#8217;azienda. Per effettuare il trattamento, le operazioni previste sono:\n\n<ol>\n \t<li>Gestire ordini, richieste o qualsiasi tipo di richiesta effettuata dall&#8217;utente attraverso qualsiasi forma di contatto messa a disposizione.<\/li>\n \t<li>Invio di comunicazioni commerciali pubblicitarie relative ai nostri prodotti e servizi tramite qualsiasi mezzo elettronico o fisico, attuale o futuro, che consenta di effettuare comunicazioni commerciali quando l&#8217;utente ha dato il suo consenso a tal fine.<\/li>\n \t<li>Nel caso in cui ci fornisca i tuoi dati curriculari o ci invii il tuo curriculum, utilizzeremo i tuoi dati per la gestione del contatto e dei processi di selezione che svolgiamo.<\/li>\n<\/ol>\n<strong>4. Conservazione dei dati:<\/strong>\nI dati verranno conservati finch\u00e9 esista un interesse reciproco a mantenere lo scopo del trattamento. Quando non saranno pi\u00f9 necessari per tale scopo, saranno eliminati con misure di sicurezza adeguate per garantirne la totale distruzione. I dati personali forniti dall&#8217;interessato saranno conservati anche se viene richiesta la loro cancellazione, limitando il loro trattamento solo per l&#8217;adempimento di obblighi legali e\/o l&#8217;esercizio o la difesa di reclami.\n\n<strong>5. Quali sono i tuoi diritti quando ci fornisci i tuoi dati:<\/strong>\n\nAll&#8217;utente spettano i seguenti diritti:\n\n<ol>\n \t<li><strong>Diritto di accesso<\/strong>, secondo l&#8217;articolo 15 del RGPD.<\/li>\n \t<li><strong>Diritto di rettifica<\/strong>, secondo l&#8217;articolo 16 del RGPD.<\/li>\n \t<li><strong>Diritto alla cancellazione (Diritto all&#8217;oblio)<\/strong>, secondo l&#8217;articolo 17 del RGPD.<\/li>\n \t<li><strong>Diritto alla limitazione del trattamento<\/strong>, secondo l&#8217;articolo 18 del RGPD.<\/li>\n \t<li><strong>Diritto alla portabilit\u00e0 dei dati<\/strong>, secondo l&#8217;articolo 20 del RGPD.<\/li>\n \t<li><strong>Diritto di opposizione<\/strong>, secondo l&#8217;articolo 21 del RGPD.<\/li>\n<\/ol>\nQuesti diritti ti consentono di:\n<ul>\n \t<li>Sapere se trattiamo i tuoi dati o meno.<\/li>\n \t<li>Accedere ai tuoi dati personali che abbiamo.<\/li>\n \t<li>Rettificare i tuoi dati che non sono corretti.<\/li>\n \t<li>Richiedere la cancellazione dei tuoi dati o ritirare il consenso prestato.<\/li>\n \t<li>Richiedere la limitazione del trattamento dei tuoi dati, nel qual caso saranno conservati solo in conformit\u00e0 con la normativa vigente.<\/li>\n \t<li>Ottenere i tuoi dati in un formato strutturato, di uso comune. Possiamo anche inviarli al nuovo responsabile che ci indicherai. Questo diritto \u00e8 valido solo in determinate circostanze.<\/li>\n<\/ul>\nInoltre, hai il diritto di presentare reclamo all&#8217;autorit\u00e0 di controllo (<a href=\"http:\/\/www.aepd.es\/\" target=\"_new\" rel=\"noopener\">www.aepd.es<\/a>) se ritieni che il trattamento non sia conforme alla normativa vigente.\nPer esercitare i tuoi diritti, invia una copia del tuo documento d&#8217;identit\u00e0 o passaporto a:\n\nFondazione Pubblica dei Servizi Cueva de Nerja CIF G29162278 Paseo de Sancha, 64 29017 M\u00e1laga Email: <a href=\"mailto:admon@cuevadenerja.es\" target=\"_new\">admon@cuevadenerja.es<\/a>\n\n<strong>6. A chi saranno comunicati i tuoi dati:<\/strong>\n\nL&#8217;azienda informa e garantisce espressamente agli utenti che i loro dati personali non verranno in nessun caso ceduti a terzi, tranne nei casi in cui vi sia un obbligo legale o sia necessario per lo sviluppo e l&#8217;esecuzione delle finalit\u00e0 del trattamento.\n\nI dati forniti ai nostri fornitori di servizi (gestione, ecc.) sono effettuati sotto la firma del contratto di Incaricato del Trattamento richiesto dalla normativa vigente sulla Protezione dei Dati. Se dovesse essere effettuato qualsiasi tipo di trasferimento di dati personali, sar\u00e0 richiesto il consenso esplicito, informato e inequivocabile da parte degli utenti.\n\n<strong>7. Minori di et\u00e0:<\/strong>\n\nSe sei un utente minorenne, devi ottenere il preventivo consenso dei tuoi genitori o tutori prima di procedere all&#8217;inclusione dei tuoi dati personali nel nostro sito web. L&#8217;azienda declina ogni responsabilit\u00e0 per la mancata osservanza di questo requisito.\n\n<strong>8. Misure di sicurezza:<\/strong>\n\nIn conformit\u00e0 alle disposizioni delle normative vigenti in materia di protezione dei dati personali, il fornitore adempie a tutte le disposizioni e principi stabiliti nell&#8217;articolo 5 del RGPD. Si garantisce che siano state adottate politiche tecniche e organizzative adeguate per applicare le misure di sicurezza stabilite nel RGPD e nella LOPDGDD, al fine di proteggere i diritti e le libert\u00e0 degli utenti. Inoltre, agli utenti \u00e8 stata fornita l&#8217;informazione adeguata affinch\u00e9 possano esercitare i loro diritti.\n\n<strong>9. Trasferimenti Internazionali di Dati:<\/strong>\n\nI dati che raccogliamo sono conservati nello Spazio Economico Europeo. Nel caso in cui possano essere trasferiti e trattati in un paese al di fuori dello Spazio Economico Europeo, garantiamo un adeguato livello di protezione dei dati personali.\n\nIn sintesi, alla Fondazione Pubblica dei Servizi Cueva de Nerja ci impegniamo a garantire la privacy e la protezione dei tuoi dati personali in conformit\u00e0 alla legislazione vigente. Se hai domande o dubbi sulla nostra Politica sulla Privacy, non esitare a contattarci attraverso i mezzi di contatto forniti.\n\nGrazie per la tua fiducia in noi!\t\t\t\t\t\t\t\t<\/div>\n\t\t\t\t<\/div>\n\t\t\t\t<\/div>\n\t\t\t\t\t<\/div>\n\t\t\t\t<\/div>\n\t\t\t\t<\/div>\n\t\t","protected":false},"excerpt":{"rendered":"<p>Il tuo biglietto online al miglior prezzo e evita code Acquista biglietti Protezione dei dati Politica sulla privacy La tua privacy \u00e8 la nostra priorit\u00e0! Alla Cueva de Nerja ci prendiamo cura di proteggere i tuoi dati personali. La nostra Politica sulla Privacy garantisce la riservatezza e l&#8217;uso responsabile delle informazioni che ci fornisci. Siamo [&hellip;]<\/p>\n","protected":false},"author":1,"featured_media":0,"parent":0,"menu_order":0,"comment_status":"closed","ping_status":"closed","template":"","meta":{"inline_featured_image":false,"site-sidebar-layout":"no-sidebar","site-content-layout":"page-builder","ast-site-content-layout":"full-width-container","site-content-style":"unboxed","site-sidebar-style":"unboxed","ast-global-header-display":"","ast-banner-title-visibility":"","ast-main-header-display":"","ast-hfb-above-header-display":"","ast-hfb-below-header-display":"","ast-hfb-mobile-header-display":"","site-post-title":"disabled","ast-breadcrumbs-content":"","ast-featured-img":"disabled","footer-sml-layout":"","ast-disable-related-posts":"","theme-transparent-header-meta":"default","adv-header-id-meta":"","stick-header-meta":"default","header-above-stick-meta":"","header-main-stick-meta":"","header-below-stick-meta":"","astra-migrate-meta-layouts":"set","ast-page-background-enabled":"default","ast-page-background-meta":{"desktop":{"background-color":"var(--ast-global-color-4)","background-image":"","background-repeat":"repeat","background-position":"center center","background-size":"auto","background-attachment":"scroll","background-type":"","background-media":"","overlay-type":"","overlay-color":"","overlay-opacity":"","overlay-gradient":""},"tablet":{"background-color":"","background-image":"","background-repeat":"repeat","background-position":"center center","background-size":"auto","background-attachment":"scroll","background-type":"","background-media":"","overlay-type":"","overlay-color":"","overlay-opacity":"","overlay-gradient":""},"mobile":{"background-color":"","background-image":"","background-repeat":"repeat","background-position":"center center","background-size":"auto","background-attachment":"scroll","background-type":"","background-media":"","overlay-type":"","overlay-color":"","overlay-opacity":"","overlay-gradient":""}},"ast-content-background-meta":{"desktop":{"background-color":"var(--ast-global-color-5)","background-image":"","background-repeat":"repeat","background-position":"center center","background-size":"auto","background-attachment":"scroll","background-type":"","background-media":"","overlay-type":"","overlay-color":"","overlay-opacity":"","overlay-gradient":""},"tablet":{"background-color":"var(--ast-global-color-5)","background-image":"","background-repeat":"repeat","background-position":"center center","background-size":"auto","background-attachment":"scroll","background-type":"","background-media":"","overlay-type":"","overlay-color":"","overlay-opacity":"","overlay-gradient":""},"mobile":{"background-color":"var(--ast-global-color-5)","background-image":"","background-repeat":"repeat","background-position":"center center","background-size":"auto","background-attachment":"scroll","background-type":"","background-media":"","overlay-type":"","overlay-color":"","overlay-opacity":"","overlay-gradient":""}},"footnotes":""},"class_list":["post-19161","page","type-page","status-publish","hentry"],"_links":{"self":[{"href":"https:\/\/cuevadenerja.es\/it\/wp-json\/wp\/v2\/pages\/19161","targetHints":{"allow":["GET"]}}],"collection":[{"href":"https:\/\/cuevadenerja.es\/it\/wp-json\/wp\/v2\/pages"}],"about":[{"href":"https:\/\/cuevadenerja.es\/it\/wp-json\/wp\/v2\/types\/page"}],"author":[{"embeddable":true,"href":"https:\/\/cuevadenerja.es\/it\/wp-json\/wp\/v2\/users\/1"}],"replies":[{"embeddable":true,"href":"https:\/\/cuevadenerja.es\/it\/wp-json\/wp\/v2\/comments?post=19161"}],"version-history":[{"count":0,"href":"https:\/\/cuevadenerja.es\/it\/wp-json\/wp\/v2\/pages\/19161\/revisions"}],"wp:attachment":[{"href":"https:\/\/cuevadenerja.es\/it\/wp-json\/wp\/v2\/media?parent=19161"}],"curies":[{"name":"wp","href":"https:\/\/api.w.org\/{rel}","templated":true}]}}