{"id":19155,"date":"2023-06-26T12:28:33","date_gmt":"2023-06-26T10:28:33","guid":{"rendered":"https:\/\/cuevadenerja.es\/?page_id=19155"},"modified":"2024-03-13T14:14:34","modified_gmt":"2024-03-13T13:14:34","slug":"politica-sui-cookie","status":"publish","type":"page","link":"https:\/\/cuevadenerja.es\/it\/politica-sui-cookie\/","title":{"rendered":"Politica sui cookie"},"content":{"rendered":"\t\t<div data-elementor-type=\"wp-page\" data-elementor-id=\"19155\" class=\"elementor elementor-19155 elementor-96\" data-elementor-post-type=\"page\">\n\t\t\t\t<div class=\"elementor-element elementor-element-e2c08b4 e-flex e-con-boxed e-con e-parent\" data-id=\"e2c08b4\" data-element_type=\"container\" data-e-type=\"container\" data-settings=\"{&quot;background_background&quot;:&quot;classic&quot;}\">\n\t\t\t\t\t<div class=\"e-con-inner\">\n\t\t\t\t<div class=\"elementor-element elementor-element-d4e1c7f elementor-widget elementor-widget-text-editor\" data-id=\"d4e1c7f\" data-element_type=\"widget\" data-e-type=\"widget\" data-widget_type=\"text-editor.default\">\n\t\t\t\t<div class=\"elementor-widget-container\">\n\t\t\t\t\t\t\t\t\t<p>Il tuo <strong>biglietto online<\/strong> al miglior prezzo e <strong>evita code<\/strong><\/p>\t\t\t\t\t\t\t\t<\/div>\n\t\t\t\t<\/div>\n\t\t\t\t<div class=\"elementor-element elementor-element-860d8d6 elementor-widget elementor-widget-button\" data-id=\"860d8d6\" data-element_type=\"widget\" data-e-type=\"widget\" data-widget_type=\"button.default\">\n\t\t\t\t<div class=\"elementor-widget-container\">\n\t\t\t\t\t\t\t\t\t<div class=\"elementor-button-wrapper\">\n\t\t\t\t\t<a class=\"elementor-button elementor-button-link elementor-size-sm\" href=\"https:\/\/entradas.cuevadenerja.es\/\" target=\"_blank\">\n\t\t\t\t\t\t<span class=\"elementor-button-content-wrapper\">\n\t\t\t\t\t\t<span class=\"elementor-button-icon\">\n\t\t\t\t<svg aria-hidden=\"true\" class=\"e-font-icon-svg e-fas-ticket-alt\" viewBox=\"0 0 576 512\" xmlns=\"http:\/\/www.w3.org\/2000\/svg\"><path d=\"M128 160h320v192H128V160zm400 96c0 26.51 21.49 48 48 48v96c0 26.51-21.49 48-48 48H48c-26.51 0-48-21.49-48-48v-96c26.51 0 48-21.49 48-48s-21.49-48-48-48v-96c0-26.51 21.49-48 48-48h480c26.51 0 48 21.49 48 48v96c-26.51 0-48 21.49-48 48zm-48-104c0-13.255-10.745-24-24-24H120c-13.255 0-24 10.745-24 24v208c0 13.255 10.745 24 24 24h336c13.255 0 24-10.745 24-24V152z\"><\/path><\/svg>\t\t\t<\/span>\n\t\t\t\t\t\t\t\t\t<span class=\"elementor-button-text\">Acquista biglietti<\/span>\n\t\t\t\t\t<\/span>\n\t\t\t\t\t<\/a>\n\t\t\t\t<\/div>\n\t\t\t\t\t\t\t\t<\/div>\n\t\t\t\t<\/div>\n\t\t\t\t\t<\/div>\n\t\t\t\t<\/div>\n\t\t<div data-dce-background-overlay-image-url=\"https:\/\/cuevadenerja.es\/wp-content\/uploads\/2023\/07\/Aviso-legal.jpg\" class=\"elementor-element elementor-element-f3083b7 e-flex e-con-boxed e-con e-parent\" data-id=\"f3083b7\" data-element_type=\"container\" data-e-type=\"container\" data-settings=\"{&quot;background_background&quot;:&quot;classic&quot;}\">\n\t\t\t\t\t<div class=\"e-con-inner\">\n\t\t<div class=\"elementor-element elementor-element-ae44317 e-con-full e-flex e-con e-child\" data-id=\"ae44317\" data-element_type=\"container\" data-e-type=\"container\">\n\t\t\t\t<div class=\"elementor-element elementor-element-a86d07e elementor-widget elementor-widget-text-editor\" data-id=\"a86d07e\" data-element_type=\"widget\" data-e-type=\"widget\" data-widget_type=\"text-editor.default\">\n\t\t\t\t<div class=\"elementor-widget-container\">\n\t\t\t\t\t\t\t\t\t<p>Protezione dei dati<\/p>\t\t\t\t\t\t\t\t<\/div>\n\t\t\t\t<\/div>\n\t\t\t\t<div class=\"elementor-element elementor-element-c1645f8 elementor-widget elementor-widget-heading\" data-id=\"c1645f8\" data-element_type=\"widget\" data-e-type=\"widget\" data-widget_type=\"heading.default\">\n\t\t\t\t<div class=\"elementor-widget-container\">\n\t\t\t\t\t<h1 class=\"elementor-heading-title elementor-size-default\">Politica sui cookie<\/h1>\t\t\t\t<\/div>\n\t\t\t\t<\/div>\n\t\t\t\t<div class=\"elementor-element elementor-element-5a5b1a6 elementor-widget elementor-widget-text-editor\" data-id=\"5a5b1a6\" data-element_type=\"widget\" data-e-type=\"widget\" data-widget_type=\"text-editor.default\">\n\t\t\t\t<div class=\"elementor-widget-container\">\n\t\t\t\t\t\t\t\t\t<p>Nella Cueva de Nerja, la tua privacy e fiducia sono fondamentali. Il nostro Avviso Legale garantisce la protezione dei tuoi dati personali e l&#8217;uso responsabile delle informazioni che ci fornisci. Siamo trasparenti riguardo agli aspetti legali e siamo a tua disposizione per rispondere a qualsiasi domanda tu possa avere.<\/p>\t\t\t\t\t\t\t\t<\/div>\n\t\t\t\t<\/div>\n\t\t\t\t<\/div>\n\t\t\t\t\t<\/div>\n\t\t\t\t<\/div>\n\t\t<div class=\"elementor-element elementor-element-d7eeafd e-flex e-con-boxed e-con e-parent\" data-id=\"d7eeafd\" data-element_type=\"container\" data-e-type=\"container\" data-settings=\"{&quot;background_background&quot;:&quot;classic&quot;}\">\n\t\t\t\t\t<div class=\"e-con-inner\">\n\t\t<div class=\"elementor-element elementor-element-797faf9 e-con-full e-flex e-con e-child\" data-id=\"797faf9\" data-element_type=\"container\" data-e-type=\"container\">\n\t\t\t\t<div class=\"elementor-element elementor-element-493b15c elementor-widget elementor-widget-text-editor\" data-id=\"493b15c\" data-element_type=\"widget\" data-e-type=\"widget\" data-widget_type=\"text-editor.default\">\n\t\t\t\t<div class=\"elementor-widget-container\">\n\t\t\t\t\t\t\t\t\tQuesta pagina web, di propriet\u00e0 della <strong>FONDATIONE PUBBLICA DE SERVICIOS CUEVA DE NERJA<\/strong>, non raccoglie n\u00e9 cede i dati dei suoi utenti a terze parti senza il loro preventivo consenso. I cookie utilizzati consentono all&#8217;utente di navigare nel sito e di utilizzare i servizi offerti.\n\nIl sito pu\u00f2 contenere collegamenti ad altri siti web non appartenenti alla nostra azienda, dove potrete liberamente accettare o meno la Politica sulla Privacy e sui Cookie di tali pagine web. Di solito, \u00e8 possibile accettare o rifiutare i cookie di terze parti tramite le impostazioni del browser. L&#8217;azienda non \u00e8 responsabile n\u00e9 dei contenuti n\u00e9 della veridicit\u00e0 delle politiche sulla privacy dei terzi menzionati in questa politica sui cookie.\n\nDi seguito troverai informazioni pi\u00f9 dettagliate su cosa sono i cookie, che tipo di cookie utilizza questo sito web, come \u00e8 possibile disabilitare i cookie nel proprio browser o disabilitare specificamente l&#8217;installazione di cookie di terze parti e cosa succede se vengono disabilitati.\n\n<strong>1. Cosa sono i cookie?<\/strong>\n\nI cookie sono piccoli file che alcuni siti web, come le pagine web, possono installare sul tuo computer, smartphone, tablet o televisione connessa quando vi accedi.\n\nLe loro funzioni possono essere molto varie: memorizzare le tue preferenze di navigazione, raccogliere informazioni statistiche, consentire determinate funzionalit\u00e0 tecniche, memorizzare e recuperare informazioni sui tuoi abitudini di navigazione o preferenze utente o del tuo dispositivo fino al punto, a volte, di poterlo riconoscere a seconda delle informazioni contenute e del modo in cui viene utilizzato il tuo dispositivo. Un cookie viene memorizzato su un computer per personalizzare e facilitare al massimo la navigazione dell&#8217;utente. I cookie sono associati solo a un utente e al suo computer e non forniscono riferimenti che consentano di dedurre dati personali dell&#8217;utente. L&#8217;utente pu\u00f2 configurare il proprio browser per essere avvisato o rifiutare l&#8217;installazione di cookie inviati dal sito web.\n\n<strong>2. Perch\u00e9 sono importanti?<\/strong>\n\nI cookie sono utili per diversi motivi. Da un punto di vista tecnico, consentono ai siti web di funzionare in modo pi\u00f9 agile e adattato alle preferenze dell&#8217;utente, ad esempio memorizzando la lingua o la valuta del paese. Inoltre, aiutano i responsabili dei siti web a migliorare i servizi offerti, grazie alle informazioni statistiche che raccolgono attraverso di essi. Infine, contribuiscono a rendere pi\u00f9 efficiente la pubblicit\u00e0 che mostriamo.\n\n<strong>3. Che tipi di cookie esistono?<\/strong>\n\nIn base al periodo di tempo in cui rimangono attivi, i cookie possono essere:\n\n<strong>Cookie di sessione<\/strong>: progettati per raccogliere e memorizzare dati mentre l&#8217;utente accede a un sito web. Sono utilizzati per memorizzare informazioni che interessano solo per il servizio richiesto dall&#8217;utente una sola volta (ad esempio, un elenco di prodotti acquistati).\n\n<strong>Cookie persistenti<\/strong>: Sono un tipo di cookie per cui i dati rimangono memorizzati nel terminale e possono essere acceduti e trattati per un periodo definito. Hanno una data di scadenza. Sono utilizzati, ad esempio, nel processo di acquisto o registrazione per evitare di dover inserire costantemente i nostri dati.\n\nIn base all&#8217;entit\u00e0 che gestisce il dispositivo o il dominio da cui vengono inviati i cookie e i dati che vengono trattati, possiamo distinguere:\n\n<strong>Cookie proprietari<\/strong>: Sono quelli inviati al dispositivo degli utenti e gestiti esclusivamente da noi per il miglior funzionamento del sito. Sono i cookie generati dal sito web che si sta visitando.\n\n<strong>Cookie di terze parti<\/strong>: Sono quelli inviati al dispositivo dell&#8217;utente da un dispositivo o dominio non gestito da noi ma da un&#8217;altra entit\u00e0 che tratter\u00e0 i dati ottenuti. Sono generati da servizi o fornitori esterni come Facebook, Google, ecc.\n\nIn base alla finalit\u00e0, possono essere:\n\n<strong>Cookie tecnici<\/strong>: Sono quelli che consentono all&#8217;utente di navigare su un sito web, una piattaforma o un&#8217;applicazione e utilizzare le varie opzioni o servizi disponibili, compresi quelli che l&#8217;editore utilizza per consentire la gestione e il funzionamento pi\u00f9 efficiente possibile del sito web e abilitare le sue funzioni e servizi. Rientrano in questa categoria anche i cookie che consentono la gestione, nella forma pi\u00f9 efficace possibile, degli spazi pubblicitari che, come un elemento di progettazione o &#8220;impaginazione&#8221; del servizio offerto all&#8217;utente, l&#8217;editore ha incluso in un sito web, un&#8217;applicazione o una piattaforma basandosi su criteri come il contenuto modificato, senza che vengano raccolte informazioni sugli utenti per scopi diversi, come personalizzare tale contenuto pubblicitario o altri contenuti.\n\n<strong>Cookie di preferenze o personalizzazione<\/strong>: Sono quelli che consentono di memorizzare informazioni in modo che l&#8217;utente possa accedere al servizio con determinate caratteristiche che possono differenziare la sua esperienza da quella degli altri utenti, come ad esempio la lingua, il numero di risultati da mostrare quando l&#8217;utente esegue una ricerca, l&#8217;aspetto o il contenuto del servizio in base al tipo di browser attraverso il quale l&#8217;utente accede al servizio o alla regione da cui accede al servizio, ecc.\n\n<strong>Cookie di analisi o misurazione<\/strong>: Sono quelli che consentono al responsabile dei cookie di monitorare e analizzare il comportamento degli utenti dei siti web a cui sono collegati, compresa la quantificazione degli impatti degli annunci. Le informazioni raccolte attraverso questo tipo di cookie vengono utilizzate per misurare l&#8217;attivit\u00e0 dei siti web, delle applicazioni o delle piattaforme, al fine di apportare miglioramenti in base all&#8217;analisi dei dati d&#8217;uso effettuata dagli utenti del servizio.\n\n<strong>Cookie di pubblicit\u00e0 comportamentale<\/strong>: Sono quelli che memorizzano informazioni sul comportamento degli utenti ottenute attraverso l&#8217;osservazione continua delle loro abitudini di navigazione, consentendo di sviluppare un profilo specifico per mostrare pubblicit\u00e0 basata su di esso.\n\n<strong>4. Che tipo di cookie utilizziamo?<\/strong>\n\nTi informiamo sui cookie utilizzati su questo sito web:\n<table>\n<thead>\n<tr>\n<th><strong>Nome<\/strong><\/th>\n<th><strong>Tipo<\/strong><\/th>\n<th><strong>Propriet\u00e0<\/strong><\/th>\n<th><strong>Durata<\/strong><\/th>\n<th><strong>Finalit\u00e0<\/strong><\/th>\n<th><strong>Maggiori informazioni<\/strong><\/th>\n<\/tr>\n<\/thead>\n<tbody>\n<tr>\n<td>_ga<\/td>\n<td>Analitica<\/td>\n<td>Google Analytics<\/td>\n<td>2 anni<\/td>\n<td>Abilita la funzione di controllo delle visite uniche. La prima volta che un utente accede al sito web tramite un browser, verr\u00e0 installato questo cookie. Quando questo utente torner\u00e0 a visitare il sito con lo stesso browser, il cookie considerer\u00e0 che si tratta dello stesso utente. Solo nel caso in cui l&#8217;utente cambi browser, sar\u00e0 considerato un altro utente.<\/td>\n<td><a href=\"https:\/\/support.google.com\/analytics\/answer\/181881?hl=es\" target=\"_new\" rel=\"noopener\">Link<\/a><\/td>\n<\/tr>\n<tr>\n<td>_gat_gtag_UA_135747112_1<\/td>\n<td>Analitica<\/td>\n<td>Google Analytics<\/td>\n<td>10 minuti<\/td>\n<td>Utilizzato per limitare la velocit\u00e0 di richiesta, il limite di raccolta di dati sui siti ad alto traffico.<\/td>\n<td><a href=\"https:\/\/support.google.com\/analytics\/answer\/181881?hl=es\" target=\"_new\" rel=\"noopener\">Link<\/a><\/td>\n<\/tr>\n<tr>\n<td>_gd1603703140584<\/td>\n<td>Analitica<\/td>\n<td>Google Analytics<\/td>\n<td>1 giorno<\/td>\n<td>Cookie Analitica<\/td>\n<td><a href=\"https:\/\/support.google.com\/analytics\/answer\/181881?hl=es\" target=\"_new\" rel=\"noopener\">Link<\/a><\/td>\n<\/tr>\n<tr>\n<td>_gd1603703140586<\/td>\n<td>Analitica<\/td>\n<td>Google Analytics<\/td>\n<td>1 giorno<\/td>\n<td>Cookie Analitica<\/td>\n<td><a href=\"https:\/\/support.google.com\/analytics\/answer\/181881?hl=es\" target=\"_new\" rel=\"noopener\">Link<\/a><\/td>\n<\/tr>\n<tr>\n<td>_gat<\/td>\n<td>Analitica<\/td>\n<td>Google Analytics<\/td>\n<td>10 minuti<\/td>\n<td>Utilizzato per limitare la velocit\u00e0 di richiesta, il limite di raccolta di dati sui siti ad alto traffico.<\/td>\n<td><a href=\"https:\/\/support.google.com\/analytics\/answer\/181881?hl=es\" target=\"_new\" rel=\"noopener\">Link<\/a><\/td>\n<\/tr>\n<tr>\n<td>_gid<\/td>\n<td>Analitica<\/td>\n<td>Google Analytics<\/td>\n<td>24 ore<\/td>\n<td>Utilizzato per distinguere gli utenti.<\/td>\n<td><a href=\"https:\/\/support.google.com\/analytics\/answer\/181881?hl=es\" target=\"_new\" rel=\"noopener\">Link<\/a><\/td>\n<\/tr>\n<tr>\n<td>_gcl_au<\/td>\n<td>Analitica<\/td>\n<td>Google Analytics<\/td>\n<td>3 mesi<\/td>\n<td>Google Analytics imposta questo cookie per ottenere informazioni sui clic sugli annunci e memorizzarle in un cookie di origine in modo che le conversioni possano essere attribuite al di fuori della pagina di destinazione.<\/td>\n<td><a href=\"https:\/\/support.google.com\/analytics\/answer\/181881?hl=es\" target=\"_new\" rel=\"noopener\">Link<\/a><\/td>\n<\/tr>\n<tr>\n<td>_gali<\/td>\n<td>Analitica<\/td>\n<td>Google Analytics<\/td>\n<td>1 giorno<\/td>\n<td>Utilizzato da Google Analytics per registrare gli elementi della pagina precedente con cui l&#8217;utente ha interagito per raggiungere la pagina attuale.<\/td>\n<td><a href=\"https:\/\/support.google.com\/analytics\/answer\/181881?hl=es\" target=\"_new\" rel=\"noopener\">Link<\/a><\/td>\n<\/tr>\n<tr>\n<td>cookie_notice_accepted<\/td>\n<td>Tecnica<\/td>\n<td>Proprio<\/td>\n<td>1 mese<\/td>\n<td>Configurazione dei cookie.<\/td>\n<td>Politica dei cookie<\/td>\n<\/tr>\n<tr>\n<td>_fbp<\/td>\n<td>Pubblicit\u00e0<\/td>\n<td>Facebook<\/td>\n<td>3 mesi<\/td>\n<td>Questo cookie aiuta a consegnare la nostra pubblicit\u00e0 alle persone che hanno gi\u00e0 visitato il nostro sito web quando si trovano su Facebook o su una piattaforma digitale alimentata da Facebook Advertising.<\/td>\n<td><a href=\"https:\/\/www.facebook.com\/policies\/cookies\/\" target=\"_new\" rel=\"noopener\">Link<\/a><\/td>\n<\/tr>\n<\/tbody>\n<\/table>\n&nbsp;\n\n<strong>5. Trasferimenti di dati verso Paesi terzi.<\/strong>\n\nPuoi informarti sui trasferimenti verso Paesi terzi effettuati dai terzi identificati in questa politica sui cookie nei rispettivi documenti. Puoi consultare i link forniti nella sezione &#8220;Maggiori informazioni&#8221; nella tabella sopra.\n\n<strong>6. Come posso configurare le mie preferenze?<\/strong>\n\nPuoi consentire, bloccare o eliminare i cookie installati sul tuo computer configurando le opzioni del tuo browser Internet.\n\nDi seguito ti forniamo i link in cui troverai informazioni su come attivare le tue preferenze nei principali browser:\n<ul>\n \t<li>Explorer: <a href=\"https:\/\/support.microsoft.com\/es-es\/help\/17442\/windows-internet-explorer-delete-manage-cookies\" target=\"_new\" rel=\"noopener\">Link<\/a><\/li>\n \t<li>Chrome: <a href=\"https:\/\/support.google.com\/chrome\/answer\/95647?hl=es\" target=\"_new\" rel=\"noopener\">Link<\/a><\/li>\n \t<li>Safari: <a href=\"https:\/\/support.apple.com\/es-es\/guide\/safari\/sfri11471\/mac\" target=\"_new\" rel=\"noopener\">Link<\/a><\/li>\n \t<li>Firefox: <a target=\"_new\">Link<\/a><\/li>\n \t<li>Opera: <a href=\"https:\/\/help.opera.com\/en\/latest\/web-preferences\/#cookies\" target=\"_new\" rel=\"noopener\">Link<\/a><\/li>\n<\/ul>\n\n<strong>7. Esercizio dei tuoi diritti.<\/strong>\n\nPuoi consultare la Politica sulla Privacy presente su questo sito web per conoscere i tuoi diritti e come esercitarli.\t\t\t\t\t\t\t\t<\/div>\n\t\t\t\t<\/div>\n\t\t\t\t<\/div>\n\t\t\t\t\t<\/div>\n\t\t\t\t<\/div>\n\t\t\t\t<\/div>\n\t\t","protected":false},"excerpt":{"rendered":"<p>Il tuo biglietto online al miglior prezzo e evita code Acquista biglietti Protezione dei dati Politica sui cookie Nella Cueva de Nerja, la tua privacy e fiducia sono fondamentali. Il nostro Avviso Legale garantisce la protezione dei tuoi dati personali e l&#8217;uso responsabile delle informazioni che ci fornisci. Siamo trasparenti riguardo agli aspetti legali e [&hellip;]<\/p>\n","protected":false},"author":1,"featured_media":0,"parent":0,"menu_order":0,"comment_status":"closed","ping_status":"closed","template":"","meta":{"inline_featured_image":false,"site-sidebar-layout":"no-sidebar","site-content-layout":"page-builder","ast-site-content-layout":"full-width-container","site-content-style":"unboxed","site-sidebar-style":"unboxed","ast-global-header-display":"","ast-banner-title-visibility":"","ast-main-header-display":"","ast-hfb-above-header-display":"","ast-hfb-below-header-display":"","ast-hfb-mobile-header-display":"","site-post-title":"disabled","ast-breadcrumbs-content":"","ast-featured-img":"disabled","footer-sml-layout":"","ast-disable-related-posts":"","theme-transparent-header-meta":"default","adv-header-id-meta":"","stick-header-meta":"default","header-above-stick-meta":"","header-main-stick-meta":"","header-below-stick-meta":"","astra-migrate-meta-layouts":"set","ast-page-background-enabled":"default","ast-page-background-meta":{"desktop":{"background-color":"var(--ast-global-color-4)","background-image":"","background-repeat":"repeat","background-position":"center center","background-size":"auto","background-attachment":"scroll","background-type":"","background-media":"","overlay-type":"","overlay-color":"","overlay-opacity":"","overlay-gradient":""},"tablet":{"background-color":"","background-image":"","background-repeat":"repeat","background-position":"center center","background-size":"auto","background-attachment":"scroll","background-type":"","background-media":"","overlay-type":"","overlay-color":"","overlay-opacity":"","overlay-gradient":""},"mobile":{"background-color":"","background-image":"","background-repeat":"repeat","background-position":"center center","background-size":"auto","background-attachment":"scroll","background-type":"","background-media":"","overlay-type":"","overlay-color":"","overlay-opacity":"","overlay-gradient":""}},"ast-content-background-meta":{"desktop":{"background-color":"var(--ast-global-color-5)","background-image":"","background-repeat":"repeat","background-position":"center center","background-size":"auto","background-attachment":"scroll","background-type":"","background-media":"","overlay-type":"","overlay-color":"","overlay-opacity":"","overlay-gradient":""},"tablet":{"background-color":"var(--ast-global-color-5)","background-image":"","background-repeat":"repeat","background-position":"center center","background-size":"auto","background-attachment":"scroll","background-type":"","background-media":"","overlay-type":"","overlay-color":"","overlay-opacity":"","overlay-gradient":""},"mobile":{"background-color":"var(--ast-global-color-5)","background-image":"","background-repeat":"repeat","background-position":"center center","background-size":"auto","background-attachment":"scroll","background-type":"","background-media":"","overlay-type":"","overlay-color":"","overlay-opacity":"","overlay-gradient":""}},"footnotes":""},"class_list":["post-19155","page","type-page","status-publish","hentry"],"_links":{"self":[{"href":"https:\/\/cuevadenerja.es\/it\/wp-json\/wp\/v2\/pages\/19155","targetHints":{"allow":["GET"]}}],"collection":[{"href":"https:\/\/cuevadenerja.es\/it\/wp-json\/wp\/v2\/pages"}],"about":[{"href":"https:\/\/cuevadenerja.es\/it\/wp-json\/wp\/v2\/types\/page"}],"author":[{"embeddable":true,"href":"https:\/\/cuevadenerja.es\/it\/wp-json\/wp\/v2\/users\/1"}],"replies":[{"embeddable":true,"href":"https:\/\/cuevadenerja.es\/it\/wp-json\/wp\/v2\/comments?post=19155"}],"version-history":[{"count":0,"href":"https:\/\/cuevadenerja.es\/it\/wp-json\/wp\/v2\/pages\/19155\/revisions"}],"wp:attachment":[{"href":"https:\/\/cuevadenerja.es\/it\/wp-json\/wp\/v2\/media?parent=19155"}],"curies":[{"name":"wp","href":"https:\/\/api.w.org\/{rel}","templated":true}]}}