{"id":19147,"date":"2023-06-26T12:27:41","date_gmt":"2023-06-26T10:27:41","guid":{"rendered":"https:\/\/cuevadenerja.es\/?page_id=19147"},"modified":"2024-03-13T14:02:27","modified_gmt":"2024-03-13T13:02:27","slug":"avviso-legale","status":"publish","type":"page","link":"https:\/\/cuevadenerja.es\/it\/avviso-legale\/","title":{"rendered":"Avviso legale"},"content":{"rendered":"\t\t<div data-elementor-type=\"wp-page\" data-elementor-id=\"19147\" class=\"elementor elementor-19147 elementor-92\" data-elementor-post-type=\"page\">\n\t\t\t\t<div class=\"elementor-element elementor-element-85d7455 e-flex e-con-boxed e-con e-parent\" data-id=\"85d7455\" data-element_type=\"container\" data-e-type=\"container\" data-settings=\"{&quot;background_background&quot;:&quot;classic&quot;}\">\n\t\t\t\t\t<div class=\"e-con-inner\">\n\t\t\t\t<div class=\"elementor-element elementor-element-ff97192 elementor-widget elementor-widget-text-editor\" data-id=\"ff97192\" data-element_type=\"widget\" data-e-type=\"widget\" data-widget_type=\"text-editor.default\">\n\t\t\t\t<div class=\"elementor-widget-container\">\n\t\t\t\t\t\t\t\t\t<p>Il tuo <strong>biglietto online<\/strong> al miglior prezzo e <strong>evita code<\/strong><\/p>\t\t\t\t\t\t\t\t<\/div>\n\t\t\t\t<\/div>\n\t\t\t\t<div class=\"elementor-element elementor-element-b07de79 elementor-widget elementor-widget-button\" data-id=\"b07de79\" data-element_type=\"widget\" data-e-type=\"widget\" data-widget_type=\"button.default\">\n\t\t\t\t<div class=\"elementor-widget-container\">\n\t\t\t\t\t\t\t\t\t<div class=\"elementor-button-wrapper\">\n\t\t\t\t\t<a class=\"elementor-button elementor-button-link elementor-size-sm\" href=\"https:\/\/entradas.cuevadenerja.es\/\" target=\"_blank\">\n\t\t\t\t\t\t<span class=\"elementor-button-content-wrapper\">\n\t\t\t\t\t\t<span class=\"elementor-button-icon\">\n\t\t\t\t<svg aria-hidden=\"true\" class=\"e-font-icon-svg e-fas-ticket-alt\" viewBox=\"0 0 576 512\" xmlns=\"http:\/\/www.w3.org\/2000\/svg\"><path d=\"M128 160h320v192H128V160zm400 96c0 26.51 21.49 48 48 48v96c0 26.51-21.49 48-48 48H48c-26.51 0-48-21.49-48-48v-96c26.51 0 48-21.49 48-48s-21.49-48-48-48v-96c0-26.51 21.49-48 48-48h480c26.51 0 48 21.49 48 48v96c-26.51 0-48 21.49-48 48zm-48-104c0-13.255-10.745-24-24-24H120c-13.255 0-24 10.745-24 24v208c0 13.255 10.745 24 24 24h336c13.255 0 24-10.745 24-24V152z\"><\/path><\/svg>\t\t\t<\/span>\n\t\t\t\t\t\t\t\t\t<span class=\"elementor-button-text\">Acquista biglietti<\/span>\n\t\t\t\t\t<\/span>\n\t\t\t\t\t<\/a>\n\t\t\t\t<\/div>\n\t\t\t\t\t\t\t\t<\/div>\n\t\t\t\t<\/div>\n\t\t\t\t\t<\/div>\n\t\t\t\t<\/div>\n\t\t<div data-dce-background-overlay-image-url=\"https:\/\/cuevadenerja.es\/wp-content\/uploads\/2023\/07\/Aviso-legal.jpg\" class=\"elementor-element elementor-element-6f30cdf e-flex e-con-boxed e-con e-parent\" data-id=\"6f30cdf\" data-element_type=\"container\" data-e-type=\"container\" data-settings=\"{&quot;background_background&quot;:&quot;classic&quot;}\">\n\t\t\t\t\t<div class=\"e-con-inner\">\n\t\t<div class=\"elementor-element elementor-element-fb71d80 e-con-full e-flex e-con e-child\" data-id=\"fb71d80\" data-element_type=\"container\" data-e-type=\"container\">\n\t\t\t\t<div class=\"elementor-element elementor-element-6aecc1f elementor-widget elementor-widget-text-editor\" data-id=\"6aecc1f\" data-element_type=\"widget\" data-e-type=\"widget\" data-widget_type=\"text-editor.default\">\n\t\t\t\t<div class=\"elementor-widget-container\">\n\t\t\t\t\t\t\t\t\t<div class=\"w-full text-token-text-primary\" data-testid=\"conversation-turn-251\"><div class=\"px-4 py-2 justify-center text-base md:gap-6 m-auto\"><div class=\"flex flex-1 text-base mx-auto gap-3 md:px-5 lg:px-1 xl:px-5 md:max-w-3xl lg:max-w-[40rem] xl:max-w-[48rem] group\"><div class=\"relative flex w-full flex-col agent-turn\"><div class=\"flex-col gap-1 md:gap-3\"><div class=\"flex flex-grow flex-col max-w-full\"><div class=\"min-h-[20px] text-message flex flex-col items-start gap-3 whitespace-pre-wrap break-words [.text-message+&amp;]:mt-5 overflow-x-auto\" data-message-author-role=\"assistant\" data-message-id=\"92e42c2e-f757-4c6b-b260-814168b2220a\"><div class=\"markdown prose w-full break-words dark:prose-invert light\"><p>protezione dei dati<\/p><\/div><\/div><\/div><\/div><\/div><\/div><\/div><\/div>\t\t\t\t\t\t\t\t<\/div>\n\t\t\t\t<\/div>\n\t\t\t\t<div class=\"elementor-element elementor-element-333c314 elementor-widget elementor-widget-heading\" data-id=\"333c314\" data-element_type=\"widget\" data-e-type=\"widget\" data-widget_type=\"heading.default\">\n\t\t\t\t<div class=\"elementor-widget-container\">\n\t\t\t\t\t<h1 class=\"elementor-heading-title elementor-size-default\">AVVISO LEGALE\n\n\n\n\n<\/h1>\t\t\t\t<\/div>\n\t\t\t\t<\/div>\n\t\t\t\t<div class=\"elementor-element elementor-element-c88cb32 elementor-widget elementor-widget-text-editor\" data-id=\"c88cb32\" data-element_type=\"widget\" data-e-type=\"widget\" data-widget_type=\"text-editor.default\">\n\t\t\t\t<div class=\"elementor-widget-container\">\n\t\t\t\t\t\t\t\t\t<p>En la Cueva de Nerja, tu privacidad y confianza son fundamentales. Nuestro Aviso Legal garantiza la protecci\u00f3n de tus datos personales y el uso responsable de la informaci\u00f3n que nos proporcionas. Somos transparentes en cuanto a los aspectos legales y estamos a tu disposici\u00f3n para responder a cualquier consulta que puedas tener.<\/p>\t\t\t\t\t\t\t\t<\/div>\n\t\t\t\t<\/div>\n\t\t\t\t<\/div>\n\t\t\t\t\t<\/div>\n\t\t\t\t<\/div>\n\t\t<div class=\"elementor-element elementor-element-df06904 e-flex e-con-boxed e-con e-parent\" data-id=\"df06904\" data-element_type=\"container\" data-e-type=\"container\" data-settings=\"{&quot;background_background&quot;:&quot;classic&quot;}\">\n\t\t\t\t\t<div class=\"e-con-inner\">\n\t\t<div class=\"elementor-element elementor-element-642e131 e-con-full e-flex e-con e-child\" data-id=\"642e131\" data-element_type=\"container\" data-e-type=\"container\">\n\t\t\t\t<div class=\"elementor-element elementor-element-87b3027 elementor-widget elementor-widget-text-editor\" data-id=\"87b3027\" data-element_type=\"widget\" data-e-type=\"widget\" data-widget_type=\"text-editor.default\">\n\t\t\t\t<div class=\"elementor-widget-container\">\n\t\t\t\t\t\t\t\t\t<div class=\"flex-1 overflow-hidden\"><div class=\"react-scroll-to-bottom--css-yoool-79elbk h-full\"><div class=\"react-scroll-to-bottom--css-yoool-1n7m0yu\"><div class=\"flex flex-col text-sm pb-9\"><div class=\"w-full text-token-text-primary\" data-testid=\"conversation-turn-253\"><div class=\"px-4 py-2 justify-center text-base md:gap-6 m-auto\"><div class=\"flex flex-1 text-base mx-auto gap-3 md:px-5 lg:px-1 xl:px-5 md:max-w-3xl lg:max-w-[40rem] xl:max-w-[48rem] group final-completion\"><div class=\"relative flex w-full flex-col agent-turn\"><div class=\"flex-col gap-1 md:gap-3\"><div class=\"flex flex-grow flex-col max-w-full\"><div class=\"text-message flex flex-col items-start gap-3 whitespace-pre-wrap break-words [.text-message+&amp;]:mt-5 overflow-x-auto\" data-message-author-role=\"assistant\" data-message-id=\"444809f1-1c69-4533-a185-0193f1c6b85b\"><div class=\"markdown prose w-full break-words dark:prose-invert light\"><p>In conformit\u00e0 con la Legge 34\/2002, dell&#8217;11 luglio, sui servizi della societ\u00e0 dell&#8217;informazione e del commercio elettronico (LSSI), si informa che il presente sito web all&#8217;indirizzo <strong><a href=\"http:\/\/www.cuevadenerja.es\/\" target=\"_new\">www.cuevadenerja.es<\/a><\/strong> \u00e8 di propriet\u00e0 dell&#8217;azienda <strong>Fundacion Publica de Servicios Cueva de Nerja con CIF G29162278, con sede in Paseo de Sancha, 64. 29017 Malaga e email <a target=\"_new\">admon@cuevadenerja.es<\/a><\/strong>, di seguito &#8220;l&#8217;Azienda&#8221;.<\/p><p><strong>Condizioni Generali di Uso:<\/strong> Le presenti condizioni generali di uso regolano i termini e le condizioni di accesso e uso di questo sito web, propriet\u00e0 dell&#8217;Azienda, che l&#8217;utente del Portale deve leggere e accettare per utilizzare tutti i servizi e le informazioni fornite dal portale. Il semplice accesso e\/o utilizzo del portale, di tutto o parte dei suoi contenuti e\/o servizi significa l&#8217;accettazione completa delle presenti condizioni generali di uso. Regolano inoltre l&#8217;accesso e l&#8217;uso del portale, inclusi i contenuti e i servizi messi a disposizione degli utenti su e\/o attraverso il portale, sia dal portale stesso, sia dagli utenti, sia da terzi. Tuttavia, l&#8217;accesso e l&#8217;uso di alcuni contenuti e\/o servizi possono essere soggetti a determinate condizioni specifiche.<\/p><p><strong>Modifiche:<\/strong> L&#8217;azienda si riserva il diritto di modificare in qualsiasi momento le condizioni generali di uso del portale. In ogni caso, si consiglia di consultare periodicamente i presenti termini di uso del portale, poich\u00e9 possono essere modificati.<\/p><p><strong>Obblighi dell&#8217;Utente:<\/strong> L&#8217;utente deve rispettare in ogni momento i termini e le condizioni stabiliti nelle presenti condizioni generali di uso del portale. Espressamente l&#8217;utente dichiara di utilizzare il portale diligentemente e assumendo qualsiasi responsabilit\u00e0 che potrebbe derivare dalla violazione delle norme. Inoltre, l&#8217;utente non pu\u00f2 utilizzare il portale per trasmettere, memorizzare, divulgare, promuovere o distribuire dati o contenuti che siano portatori di virus o qualsiasi altro codice informatico, file o programmi progettati per interrompere, distruggere o danneggiare il funzionamento di qualsiasi programma o attrezzatura informatica o di telecomunicazioni.<\/p><p><strong>Propriet\u00e0 industriale e intellettuale:<\/strong> I contenuti della pagina web dell&#8217;Azienda sono di propriet\u00e0 dell&#8217;Azienda. Con il presente si riservano tutti i diritti che non siano stati esplicitamente concessi. \u00c8 vietata la riproduzione, trasferimento, distribuzione o immagazzinamento dei contenuti, in tutto o in parte, con qualsiasi mezzo, senza l&#8217;autorizzazione preventiva scritta dell&#8217;Azienda, eccetto quanto stabilito nelle seguenti condizioni. L&#8217;Azienda consente di navigare sul suo sito web con il proprio computer e di stampare copie di estratti di tali pagine esclusivamente per uso personale e non per la distribuzione, tranne in caso di autorizzazione scritta dell&#8217;Azienda.<\/p><p>Tutti i documenti del nostro sito web possono essere soggetti ad altre condizioni, indicate negli stessi. I contenuti del sito web dell&#8217;Azienda sono forniti cos\u00ec come sono e secondo disponibilit\u00e0. L&#8217;Azienda non garantisce l&#8217;assenza di interruzioni o errori nel suo sito web.<\/p><p>L&#8217;Azienda si riserva il diritto di rivedere la pagina o impedire l&#8217;accesso a tale pagina in qualsiasi momento. L&#8217;Azienda e i suoi simboli sono marchi registrati. Altri prodotti o nomi di aziende menzionati in questa pagina sono o possono essere marchi registrati dei rispettivi proprietari.<\/p><p><strong>Responsabilit\u00e0:<\/strong> L&#8217;utente sar\u00e0 l&#8217;unico responsabile delle infrazioni in cui possa incorrere o dei danni che possa causare per l&#8217;utilizzo della pagina web, restando l&#8217;Azienda esente da qualsiasi responsabilit\u00e0 basata sull&#8217;utilizzo del servizio da parte dell&#8217;utente, assumendo l&#8217;utente qualsiasi spesa, costo e indennizzo richiesto all&#8217;Azienda a causa di reclami o azioni legali. L&#8217;Azienda declina qualsiasi responsabilit\u00e0 riguardo alle informazioni che si trovino fuori di questa pagina web e non gestite direttamente dal suo gestore di pagina web.<\/p><p>Nel caso in cui l&#8217;Azienda venga avvisata dall&#8217;utente, attraverso i servizi forniti dall&#8217;Azienda di possibili attivit\u00e0 che potrebbero essere illegali contro i diritti di terzi o costitutive di reato, l&#8217;Azienda pu\u00f2 terminare immediatamente la sua relazione con l&#8217;utente e prendere qualsiasi misura necessaria per evitare la continuazione di tali attivit\u00e0.<\/p><p>L&#8217;Azienda non sar\u00e0 responsabile di eventuali danni o pregiudizi che possano derivare da interferenze, omissioni, interruzioni, guasti telefonici, virus informatici o disconnessioni nel funzionamento operativo di questo sistema elettronico, causati da cause estranee all&#8217;Azienda, ritardi o blocchi nell&#8217;uso del presente sistema elettronico causati da deficienze o sovraccarichi di linee telefoniche o sovraccarichi nel sistema Internet o in altri sistemi elettronici, cos\u00ec come danni che possano essere causati da terze parti mediante intrusioni illegali al di fuori del controllo dell&#8217;Azienda<\/p><p><strong>Link<\/strong>, <strong>Banner<\/strong>: Nel caso in cui il web includa link o collegamenti con altri portali, ha una finalit\u00e0 meramente informativa, e non suppone che l&#8217;azienda raccomandi e\/o garantisca tali portali, sui quali non esercita alcun controllo, n\u00e9 \u00e8 responsabile degli stessi.<\/p><p>L&#8217;Azienda non garantisce, in alcun modo, le condizioni e la corretta prestazione dei prodotti o servizi offerti agli utenti da terzi, ai quali si pu\u00f2 accedere mediante collegamenti stabiliti nel sito web dell&#8217;Azienda. L&#8217;Azienda non \u00e8 responsabile del rispetto di tali terzi della normativa vigente nel nostro ordinamento giuridico e, in particolare, di quella relativa alla protezione dei dati personali e al commercio elettronico.<\/p><p><strong>Protezione dei Minori:<\/strong> Per utilizzare i servizi del web, i minori di et\u00e0 devono ottenere preventivamente il permesso dei loro genitori, tutori o rappresentanti legali, che saranno considerati responsabili di tutti gli atti compiuti dai minori a loro carico.<\/p><p><strong>Blog<\/strong>: Nel caso in cui il web abbia una sezione Blog, il suo scopo \u00e8 la diffusione dei diversi servizi offerti dall&#8217;azienda. Il titolare del web non \u00e8 responsabile delle opinioni degli utenti e si riserva i diritti di cancellare i commenti che potrebbero risultare offensivi o denigratori e bloccare e impedire futuri commenti dagli autori di tali commenti.<\/p><p><strong>Giurisdizione:<\/strong> Per tutte le questioni che sorgono sull&#8217;interpretazione, l&#8217;applicazione e l&#8217;adempimento di queste condizioni e delle reclamazioni che possono derivarne dall&#8217;uso, sar\u00e0 regolato da quanto stabilito nella normativa vigente relativa alla legislazione applicabile e alla giurisdizione competente. Nei casi in cui la normativa preveda la possibilit\u00e0 per le parti di sottoporsi a un foro, l&#8217;Azienda e l&#8217;utente, con rinuncia espressa a qualsiasi altro foro che potrebbe corrispondere loro, si sottoporranno ai tribunali e ai giudici di Malaga (Spagna).<\/p><p>Nonostante quanto sopra, le controversie che possono sorgere come conseguenza delle relazioni commerciali che sorgono tra le parti possono essere sottoposte al Regolamento UE 524\/2013 che regola la risoluzione extragiudiziale dei conflitti secondo il contenuto dello stesso. La Commissione Europea fornisce una piattaforma di risoluzione dei litigi online, che \u00e8 disponibile al seguente link: <strong><a target=\"_new\">https:\/\/ec.europa.eu\/consumers\/odr\/main\/index.cfm?event=main.home2.show&amp;Ing=ES<\/a><\/strong><\/p><\/div><\/div><\/div><\/div><\/div><\/div><\/div><\/div><\/div><\/div><\/div><\/div>\t\t\t\t\t\t\t\t<\/div>\n\t\t\t\t<\/div>\n\t\t\t\t<\/div>\n\t\t\t\t\t<\/div>\n\t\t\t\t<\/div>\n\t\t\t\t<\/div>\n\t\t","protected":false},"excerpt":{"rendered":"<p>Il tuo biglietto online al miglior prezzo e evita code Acquista biglietti protezione dei dati AVVISO LEGALE En la Cueva de Nerja, tu privacidad y confianza son fundamentales. Nuestro Aviso Legal garantiza la protecci\u00f3n de tus datos personales y el uso responsable de la informaci\u00f3n que nos proporcionas. Somos transparentes en cuanto a los aspectos [&hellip;]<\/p>\n","protected":false},"author":1,"featured_media":0,"parent":0,"menu_order":0,"comment_status":"closed","ping_status":"closed","template":"","meta":{"inline_featured_image":false,"site-sidebar-layout":"no-sidebar","site-content-layout":"page-builder","ast-site-content-layout":"full-width-container","site-content-style":"unboxed","site-sidebar-style":"unboxed","ast-global-header-display":"","ast-banner-title-visibility":"","ast-main-header-display":"","ast-hfb-above-header-display":"","ast-hfb-below-header-display":"","ast-hfb-mobile-header-display":"","site-post-title":"disabled","ast-breadcrumbs-content":"","ast-featured-img":"disabled","footer-sml-layout":"","ast-disable-related-posts":"","theme-transparent-header-meta":"default","adv-header-id-meta":"","stick-header-meta":"default","header-above-stick-meta":"","header-main-stick-meta":"","header-below-stick-meta":"","astra-migrate-meta-layouts":"set","ast-page-background-enabled":"default","ast-page-background-meta":{"desktop":{"background-color":"var(--ast-global-color-4)","background-image":"","background-repeat":"repeat","background-position":"center center","background-size":"auto","background-attachment":"scroll","background-type":"","background-media":"","overlay-type":"","overlay-color":"","overlay-opacity":"","overlay-gradient":""},"tablet":{"background-color":"","background-image":"","background-repeat":"repeat","background-position":"center center","background-size":"auto","background-attachment":"scroll","background-type":"","background-media":"","overlay-type":"","overlay-color":"","overlay-opacity":"","overlay-gradient":""},"mobile":{"background-color":"","background-image":"","background-repeat":"repeat","background-position":"center center","background-size":"auto","background-attachment":"scroll","background-type":"","background-media":"","overlay-type":"","overlay-color":"","overlay-opacity":"","overlay-gradient":""}},"ast-content-background-meta":{"desktop":{"background-color":"var(--ast-global-color-5)","background-image":"","background-repeat":"repeat","background-position":"center center","background-size":"auto","background-attachment":"scroll","background-type":"","background-media":"","overlay-type":"","overlay-color":"","overlay-opacity":"","overlay-gradient":""},"tablet":{"background-color":"var(--ast-global-color-5)","background-image":"","background-repeat":"repeat","background-position":"center center","background-size":"auto","background-attachment":"scroll","background-type":"","background-media":"","overlay-type":"","overlay-color":"","overlay-opacity":"","overlay-gradient":""},"mobile":{"background-color":"var(--ast-global-color-5)","background-image":"","background-repeat":"repeat","background-position":"center center","background-size":"auto","background-attachment":"scroll","background-type":"","background-media":"","overlay-type":"","overlay-color":"","overlay-opacity":"","overlay-gradient":""}},"footnotes":""},"class_list":["post-19147","page","type-page","status-publish","hentry"],"_links":{"self":[{"href":"https:\/\/cuevadenerja.es\/it\/wp-json\/wp\/v2\/pages\/19147","targetHints":{"allow":["GET"]}}],"collection":[{"href":"https:\/\/cuevadenerja.es\/it\/wp-json\/wp\/v2\/pages"}],"about":[{"href":"https:\/\/cuevadenerja.es\/it\/wp-json\/wp\/v2\/types\/page"}],"author":[{"embeddable":true,"href":"https:\/\/cuevadenerja.es\/it\/wp-json\/wp\/v2\/users\/1"}],"replies":[{"embeddable":true,"href":"https:\/\/cuevadenerja.es\/it\/wp-json\/wp\/v2\/comments?post=19147"}],"version-history":[{"count":0,"href":"https:\/\/cuevadenerja.es\/it\/wp-json\/wp\/v2\/pages\/19147\/revisions"}],"wp:attachment":[{"href":"https:\/\/cuevadenerja.es\/it\/wp-json\/wp\/v2\/media?parent=19147"}],"curies":[{"name":"wp","href":"https:\/\/api.w.org\/{rel}","templated":true}]}}