{"id":19133,"date":"2023-11-15T12:42:48","date_gmt":"2023-11-15T11:42:48","guid":{"rendered":"https:\/\/cuevadenerja.es\/?page_id=19133"},"modified":"2024-03-13T13:08:08","modified_gmt":"2024-03-13T12:08:08","slug":"nerja-e-maro","status":"publish","type":"page","link":"https:\/\/cuevadenerja.es\/it\/nerja-e-maro\/","title":{"rendered":"Nerja e Maro"},"content":{"rendered":"\t\t<div data-elementor-type=\"wp-page\" data-elementor-id=\"19133\" class=\"elementor elementor-19133 elementor-13883\" data-elementor-post-type=\"page\">\n\t\t\t\t<div class=\"elementor-element elementor-element-4fd046c e-flex e-con-boxed e-con e-parent\" data-id=\"4fd046c\" data-element_type=\"container\" data-e-type=\"container\" data-settings=\"{&quot;background_background&quot;:&quot;classic&quot;}\">\n\t\t\t\t\t<div class=\"e-con-inner\">\n\t\t\t\t<div class=\"elementor-element elementor-element-1f0ee2a elementor-widget elementor-widget-text-editor\" data-id=\"1f0ee2a\" data-element_type=\"widget\" data-e-type=\"widget\" data-widget_type=\"text-editor.default\">\n\t\t\t\t<div class=\"elementor-widget-container\">\n\t\t\t\t\t\t\t\t\t<p>Il tuo <strong>biglietto online<\/strong> al miglior prezzo e <strong>evita code<\/strong><\/p>\t\t\t\t\t\t\t\t<\/div>\n\t\t\t\t<\/div>\n\t\t\t\t<div class=\"elementor-element elementor-element-9e6f719 elementor-widget elementor-widget-button\" data-id=\"9e6f719\" data-element_type=\"widget\" data-e-type=\"widget\" data-widget_type=\"button.default\">\n\t\t\t\t<div class=\"elementor-widget-container\">\n\t\t\t\t\t\t\t\t\t<div class=\"elementor-button-wrapper\">\n\t\t\t\t\t<a class=\"elementor-button elementor-button-link elementor-size-sm\" href=\"https:\/\/entradas.cuevadenerja.es\/\" target=\"_blank\">\n\t\t\t\t\t\t<span class=\"elementor-button-content-wrapper\">\n\t\t\t\t\t\t<span class=\"elementor-button-icon\">\n\t\t\t\t<svg aria-hidden=\"true\" class=\"e-font-icon-svg e-fas-ticket-alt\" viewBox=\"0 0 576 512\" xmlns=\"http:\/\/www.w3.org\/2000\/svg\"><path d=\"M128 160h320v192H128V160zm400 96c0 26.51 21.49 48 48 48v96c0 26.51-21.49 48-48 48H48c-26.51 0-48-21.49-48-48v-96c26.51 0 48-21.49 48-48s-21.49-48-48-48v-96c0-26.51 21.49-48 48-48h480c26.51 0 48 21.49 48 48v96c-26.51 0-48 21.49-48 48zm-48-104c0-13.255-10.745-24-24-24H120c-13.255 0-24 10.745-24 24v208c0 13.255 10.745 24 24 24h336c13.255 0 24-10.745 24-24V152z\"><\/path><\/svg>\t\t\t<\/span>\n\t\t\t\t\t\t\t\t\t<span class=\"elementor-button-text\">Acquista biglietti<\/span>\n\t\t\t\t\t<\/span>\n\t\t\t\t\t<\/a>\n\t\t\t\t<\/div>\n\t\t\t\t\t\t\t\t<\/div>\n\t\t\t\t<\/div>\n\t\t\t\t\t<\/div>\n\t\t\t\t<\/div>\n\t\t<div data-dce-background-overlay-image-url=\"https:\/\/cuevadenerja.es\/wp-content\/uploads\/2023\/11\/Nerja.jpg\" class=\"elementor-element elementor-element-2512558 e-flex e-con-boxed e-con e-parent\" data-id=\"2512558\" data-element_type=\"container\" data-e-type=\"container\" data-settings=\"{&quot;background_background&quot;:&quot;classic&quot;}\">\n\t\t\t\t\t<div class=\"e-con-inner\">\n\t\t<div class=\"elementor-element elementor-element-9b05d8d e-con-full e-flex e-con e-child\" data-id=\"9b05d8d\" data-element_type=\"container\" data-e-type=\"container\">\n\t\t\t\t<div class=\"elementor-element elementor-element-eec3b8a elementor-widget elementor-widget-text-editor\" data-id=\"eec3b8a\" data-element_type=\"widget\" data-e-type=\"widget\" data-widget_type=\"text-editor.default\">\n\t\t\t\t<div class=\"elementor-widget-container\">\n\t\t\t\t\t\t\t\t\t<p>Sulla Costa del Sol<\/p>\t\t\t\t\t\t\t\t<\/div>\n\t\t\t\t<\/div>\n\t\t\t\t<div class=\"elementor-element elementor-element-f5f02d0 elementor-widget elementor-widget-heading\" data-id=\"f5f02d0\" data-element_type=\"widget\" data-e-type=\"widget\" data-widget_type=\"heading.default\">\n\t\t\t\t<div class=\"elementor-widget-container\">\n\t\t\t\t\t<h1 class=\"elementor-heading-title elementor-size-default\">Scopri Nerja: Un Tesoro Nascosto tra Mare e Terra.\n\n<\/h1>\t\t\t\t<\/div>\n\t\t\t\t<\/div>\n\t\t\t\t<div class=\"elementor-element elementor-element-dab9418 elementor-widget elementor-widget-text-editor\" data-id=\"dab9418\" data-element_type=\"widget\" data-e-type=\"widget\" data-widget_type=\"text-editor.default\">\n\t\t\t\t<div class=\"elementor-widget-container\">\n\t\t\t\t\t\t\t\t\t<div class=\"w-full text-token-text-primary\" data-testid=\"conversation-turn-237\"><div class=\"px-4 py-2 justify-center text-base md:gap-6 m-auto\"><div class=\"flex flex-1 text-base mx-auto gap-3 md:px-5 lg:px-1 xl:px-5 md:max-w-3xl lg:max-w-[40rem] xl:max-w-[48rem] group\"><div class=\"relative flex w-full flex-col agent-turn\"><div class=\"flex-col gap-1 md:gap-3\"><div class=\"flex flex-grow flex-col max-w-full\"><div class=\"min-h-[20px] text-message flex flex-col items-start gap-3 whitespace-pre-wrap break-words [.text-message+&amp;]:mt-5 overflow-x-auto\" data-message-author-role=\"assistant\" data-message-id=\"161da251-39a4-4927-8996-d98424274f07\"><div class=\"markdown prose w-full break-words dark:prose-invert light\"><p>Esplora Nerja: Dove la Storia Incontra la Bellezza Naturale. Immergiti in un viaggio unico attraverso la Cueva de Nerja e scopri le meraviglie nascoste di questo angolo magico del mondo!<\/p><\/div><\/div><\/div><\/div><\/div><\/div><\/div><\/div>\t\t\t\t\t\t\t\t<\/div>\n\t\t\t\t<\/div>\n\t\t\t\t<\/div>\n\t\t\t\t\t<\/div>\n\t\t\t\t<\/div>\n\t\t<div class=\"elementor-element elementor-element-3d775cc e-flex e-con-boxed e-con e-parent\" data-id=\"3d775cc\" data-element_type=\"container\" data-e-type=\"container\" data-settings=\"{&quot;background_background&quot;:&quot;classic&quot;}\">\n\t\t\t\t\t<div class=\"e-con-inner\">\n\t\t<div class=\"elementor-element elementor-element-3e02070 e-con-full e-flex e-con e-child\" data-id=\"3e02070\" data-element_type=\"container\" data-e-type=\"container\">\n\t\t\t\t<div class=\"elementor-element elementor-element-622970c elementor-widget elementor-widget-heading\" data-id=\"622970c\" data-element_type=\"widget\" data-e-type=\"widget\" data-widget_type=\"heading.default\">\n\t\t\t\t<div class=\"elementor-widget-container\">\n\t\t\t\t\t<h2 class=\"elementor-heading-title elementor-size-default\">Nerja e maro\n<\/h2>\t\t\t\t<\/div>\n\t\t\t\t<\/div>\n\t\t\t\t<div class=\"elementor-element elementor-element-d4cbd31 elementor-widget elementor-widget-text-editor\" data-id=\"d4cbd31\" data-element_type=\"widget\" data-e-type=\"widget\" data-widget_type=\"text-editor.default\">\n\t\t\t\t<div class=\"elementor-widget-container\">\n\t\t\t\t\t\t\t\t\tNerja \u00e8 attualmente una localit\u00e0 turistica molto conosciuta, grazie alla sua posizione privilegiata, con meravigliose spiagge e un clima di temperatura media tutto l&#8217;anno, e anche per la Cueva de Nerja, una cavit\u00e0 famosa in tutto il mondo che riceve visitatori da tutti gli angoli del pianeta.\n\nInoltre, la fama di Nerja in Spagna \u00e8 aumentata con le riprese della famosa serie Verano Azul, trasmessa nel 1982 su TVE, incrementando la popolarit\u00e0 della localit\u00e0.\n\nCon tutto, Nerja si \u00e8 trasformata in uno dei luoghi preferiti per trascorrere le vacanze, sia da parte del pubblico nazionale che internazionale, diventando oggi uno dei destinazioni favorite in tutte le stagioni dell&#8217;anno.\n\nNerja ha una frazione chiamata Maro, dove si trova la Cueva de Nerja. \u00c8 un villaggio bianco pieno di fascino, circondato da mare e montagna, visibile dall&#8217;area della grotta e anche accessibile a piedi da un ingresso situato accanto al giardino botanico, dietro l&#8217;area delle biglietterie.\n\nPer maggiori informazioni sulla localit\u00e0 di Nerja, potete consultare questi link: <a href=\"https:\/\/turismo.nerja.es\/\" target=\"_blank\" rel=\"noopener\">https:\/\/turismo.nerja.es\/<\/a> <a href=\"https:\/\/www.nerja.es\/\" target=\"_blank\" rel=\"noopener\">https:\/\/www.nerja.es\/<\/a>\n\nQui potete ottenere maggiori informazioni su Maro: <a href=\"https:\/\/turismo.nerja.es\/resena-de-maro\/\" target=\"_blank\" rel=\"noopener\">https:\/\/turismo.nerja.es\/resena-de-maro\/<\/a>\t\t\t\t\t\t\t\t<\/div>\n\t\t\t\t<\/div>\n\t\t\t\t<\/div>\n\t\t\t\t\t<\/div>\n\t\t\t\t<\/div>\n\t\t\t\t<\/div>\n\t\t","protected":false},"excerpt":{"rendered":"<p>Il tuo biglietto online al miglior prezzo e evita code Acquista biglietti Sulla Costa del Sol Scopri Nerja: Un Tesoro Nascosto tra Mare e Terra. Esplora Nerja: Dove la Storia Incontra la Bellezza Naturale. Immergiti in un viaggio unico attraverso la Cueva de Nerja e scopri le meraviglie nascoste di questo angolo magico del mondo! [&hellip;]<\/p>\n","protected":false},"author":1,"featured_media":0,"parent":0,"menu_order":0,"comment_status":"closed","ping_status":"closed","template":"","meta":{"inline_featured_image":false,"site-sidebar-layout":"no-sidebar","site-content-layout":"page-builder","ast-site-content-layout":"full-width-container","site-content-style":"default","site-sidebar-style":"default","ast-global-header-display":"","ast-banner-title-visibility":"","ast-main-header-display":"","ast-hfb-above-header-display":"","ast-hfb-below-header-display":"","ast-hfb-mobile-header-display":"","site-post-title":"disabled","ast-breadcrumbs-content":"","ast-featured-img":"disabled","footer-sml-layout":"","ast-disable-related-posts":"","theme-transparent-header-meta":"default","adv-header-id-meta":"","stick-header-meta":"default","header-above-stick-meta":"","header-main-stick-meta":"","header-below-stick-meta":"","astra-migrate-meta-layouts":"set","ast-page-background-enabled":"default","ast-page-background-meta":{"desktop":{"background-color":"var(--ast-global-color-4)","background-image":"","background-repeat":"repeat","background-position":"center center","background-size":"auto","background-attachment":"scroll","background-type":"","background-media":"","overlay-type":"","overlay-color":"","overlay-opacity":"","overlay-gradient":""},"tablet":{"background-color":"","background-image":"","background-repeat":"repeat","background-position":"center center","background-size":"auto","background-attachment":"scroll","background-type":"","background-media":"","overlay-type":"","overlay-color":"","overlay-opacity":"","overlay-gradient":""},"mobile":{"background-color":"","background-image":"","background-repeat":"repeat","background-position":"center center","background-size":"auto","background-attachment":"scroll","background-type":"","background-media":"","overlay-type":"","overlay-color":"","overlay-opacity":"","overlay-gradient":""}},"ast-content-background-meta":{"desktop":{"background-color":"var(--ast-global-color-5)","background-image":"","background-repeat":"repeat","background-position":"center center","background-size":"auto","background-attachment":"scroll","background-type":"","background-media":"","overlay-type":"","overlay-color":"","overlay-opacity":"","overlay-gradient":""},"tablet":{"background-color":"var(--ast-global-color-5)","background-image":"","background-repeat":"repeat","background-position":"center center","background-size":"auto","background-attachment":"scroll","background-type":"","background-media":"","overlay-type":"","overlay-color":"","overlay-opacity":"","overlay-gradient":""},"mobile":{"background-color":"var(--ast-global-color-5)","background-image":"","background-repeat":"repeat","background-position":"center center","background-size":"auto","background-attachment":"scroll","background-type":"","background-media":"","overlay-type":"","overlay-color":"","overlay-opacity":"","overlay-gradient":""}},"footnotes":""},"class_list":["post-19133","page","type-page","status-publish","hentry"],"_links":{"self":[{"href":"https:\/\/cuevadenerja.es\/it\/wp-json\/wp\/v2\/pages\/19133","targetHints":{"allow":["GET"]}}],"collection":[{"href":"https:\/\/cuevadenerja.es\/it\/wp-json\/wp\/v2\/pages"}],"about":[{"href":"https:\/\/cuevadenerja.es\/it\/wp-json\/wp\/v2\/types\/page"}],"author":[{"embeddable":true,"href":"https:\/\/cuevadenerja.es\/it\/wp-json\/wp\/v2\/users\/1"}],"replies":[{"embeddable":true,"href":"https:\/\/cuevadenerja.es\/it\/wp-json\/wp\/v2\/comments?post=19133"}],"version-history":[{"count":0,"href":"https:\/\/cuevadenerja.es\/it\/wp-json\/wp\/v2\/pages\/19133\/revisions"}],"wp:attachment":[{"href":"https:\/\/cuevadenerja.es\/it\/wp-json\/wp\/v2\/media?parent=19133"}],"curies":[{"name":"wp","href":"https:\/\/api.w.org\/{rel}","templated":true}]}}