{"id":19110,"date":"2023-10-23T14:31:09","date_gmt":"2023-10-23T12:31:09","guid":{"rendered":"https:\/\/cuevadenerja.es\/?page_id=19110"},"modified":"2024-03-13T12:50:27","modified_gmt":"2024-03-13T11:50:27","slug":"cose","status":"publish","type":"page","link":"https:\/\/cuevadenerja.es\/it\/cose\/","title":{"rendered":"Cos&#8217;\u00e8?"},"content":{"rendered":"\t\t<div data-elementor-type=\"wp-page\" data-elementor-id=\"19110\" class=\"elementor elementor-19110 elementor-12488\" data-elementor-post-type=\"page\">\n\t\t\t\t<div class=\"elementor-element elementor-element-34c0db4 e-flex e-con-boxed e-con e-parent\" data-id=\"34c0db4\" data-element_type=\"container\" data-e-type=\"container\" data-settings=\"{&quot;background_background&quot;:&quot;classic&quot;}\">\n\t\t\t\t\t<div class=\"e-con-inner\">\n\t\t\t\t<div class=\"elementor-element elementor-element-6ed3e26 elementor-widget elementor-widget-text-editor\" data-id=\"6ed3e26\" data-element_type=\"widget\" data-e-type=\"widget\" data-widget_type=\"text-editor.default\">\n\t\t\t\t<div class=\"elementor-widget-container\">\n\t\t\t\t\t\t\t\t\t<p>Il tuo <strong>biglietto online<\/strong> al miglior prezzo e <strong>evita code<\/strong><\/p>\t\t\t\t\t\t\t\t<\/div>\n\t\t\t\t<\/div>\n\t\t\t\t<div class=\"elementor-element elementor-element-a832e7e elementor-widget elementor-widget-button\" data-id=\"a832e7e\" data-element_type=\"widget\" data-e-type=\"widget\" data-widget_type=\"button.default\">\n\t\t\t\t<div class=\"elementor-widget-container\">\n\t\t\t\t\t\t\t\t\t<div class=\"elementor-button-wrapper\">\n\t\t\t\t\t<a class=\"elementor-button elementor-button-link elementor-size-sm\" href=\"https:\/\/entradas.cuevadenerja.es\/\" target=\"_blank\">\n\t\t\t\t\t\t<span class=\"elementor-button-content-wrapper\">\n\t\t\t\t\t\t<span class=\"elementor-button-icon\">\n\t\t\t\t<svg aria-hidden=\"true\" class=\"e-font-icon-svg e-fas-ticket-alt\" viewBox=\"0 0 576 512\" xmlns=\"http:\/\/www.w3.org\/2000\/svg\"><path d=\"M128 160h320v192H128V160zm400 96c0 26.51 21.49 48 48 48v96c0 26.51-21.49 48-48 48H48c-26.51 0-48-21.49-48-48v-96c26.51 0 48-21.49 48-48s-21.49-48-48-48v-96c0-26.51 21.49-48 48-48h480c26.51 0 48 21.49 48 48v96c-26.51 0-48 21.49-48 48zm-48-104c0-13.255-10.745-24-24-24H120c-13.255 0-24 10.745-24 24v208c0 13.255 10.745 24 24 24h336c13.255 0 24-10.745 24-24V152z\"><\/path><\/svg>\t\t\t<\/span>\n\t\t\t\t\t\t\t\t\t<span class=\"elementor-button-text\">Acquista biglietti<\/span>\n\t\t\t\t\t<\/span>\n\t\t\t\t\t<\/a>\n\t\t\t\t<\/div>\n\t\t\t\t\t\t\t\t<\/div>\n\t\t\t\t<\/div>\n\t\t\t\t\t<\/div>\n\t\t\t\t<\/div>\n\t\t<div data-dce-background-overlay-image-url=\"https:\/\/cuevadenerja.es\/wp-content\/uploads\/2023\/06\/Conservar-la-cueva.jpg\" class=\"elementor-element elementor-element-14189fc e-flex e-con-boxed e-con e-parent\" data-id=\"14189fc\" data-element_type=\"container\" data-e-type=\"container\" data-settings=\"{&quot;background_background&quot;:&quot;classic&quot;}\">\n\t\t\t\t\t<div class=\"e-con-inner\">\n\t\t<div class=\"elementor-element elementor-element-e008c73 e-con-full e-flex e-con e-child\" data-id=\"e008c73\" data-element_type=\"container\" data-e-type=\"container\">\n\t\t\t\t<div class=\"elementor-element elementor-element-f295300 elementor-widget elementor-widget-text-editor\" data-id=\"f295300\" data-element_type=\"widget\" data-e-type=\"widget\" data-widget_type=\"text-editor.default\">\n\t\t\t\t<div class=\"elementor-widget-container\">\n\t\t\t\t\t\t\t\t\t<p>Fondazione<\/p>\t\t\t\t\t\t\t\t<\/div>\n\t\t\t\t<\/div>\n\t\t\t\t<div class=\"elementor-element elementor-element-3e8d005 elementor-widget elementor-widget-heading\" data-id=\"3e8d005\" data-element_type=\"widget\" data-e-type=\"widget\" data-widget_type=\"heading.default\">\n\t\t\t\t<div class=\"elementor-widget-container\">\n\t\t\t\t\t<h1 class=\"elementor-heading-title elementor-size-default\">FONDAZIONE PUBBLICA DI SERVIZI GROTTA DI NERJA<\/h1>\t\t\t\t<\/div>\n\t\t\t\t<\/div>\n\t\t\t\t<div class=\"elementor-element elementor-element-5a244f2 elementor-widget elementor-widget-text-editor\" data-id=\"5a244f2\" data-element_type=\"widget\" data-e-type=\"widget\" data-widget_type=\"text-editor.default\">\n\t\t\t\t<div class=\"elementor-widget-container\">\n\t\t\t\t\t\t\t\t\t<p>Con la denominazione di \u201cFondazione Pubblica di Servizi Grotta di Nerja\u201d \u00e8 stata costituita un&#8217;organizzazione di natura fondazionale, senza scopo di lucro, il cui patrimonio \u00e8 stato destinato, in modo permanente, alla realizzazione degli scopi di interesse generale propri dell&#8217;istituzione.<\/p>\t\t\t\t\t\t\t\t<\/div>\n\t\t\t\t<\/div>\n\t\t\t\t<\/div>\n\t\t\t\t\t<\/div>\n\t\t\t\t<\/div>\n\t\t<div class=\"elementor-element elementor-element-f82c668 e-con-full e-flex e-con e-parent\" data-id=\"f82c668\" data-element_type=\"container\" data-e-type=\"container\" data-settings=\"{&quot;background_background&quot;:&quot;classic&quot;}\">\n\t\t<div class=\"elementor-element elementor-element-f4e038a e-con-full e-flex e-con e-child\" data-id=\"f4e038a\" data-element_type=\"container\" data-e-type=\"container\" data-settings=\"{&quot;background_background&quot;:&quot;classic&quot;}\">\n\t\t\t\t<div class=\"elementor-element elementor-element-d72eddb elementor-widget elementor-widget-heading\" data-id=\"d72eddb\" data-element_type=\"widget\" data-e-type=\"widget\" data-widget_type=\"heading.default\">\n\t\t\t\t<div class=\"elementor-widget-container\">\n\t\t\t\t\t<h2 class=\"elementor-heading-title elementor-size-default\">Fondazione Grotta di Nerja Fondazione Grotta di Nerja Fondazione Grotta di Nerja Fondazione Grotta di Nerja Fondazione Grotta di Nerja Fondazione Grotta di Nerja Fondazione Grotta di Nerja Fondazione Grotta di Nerja Fondazione Grotta di Nerja Fondazione Grotta di Nerja Fondazione Grotta di Nerja Fondazione Grotta di Nerja Fondazione Grotta di Nerja Fondazione Grotta di Nerja Fondazione Grotta di Nerja Fondazione Grotta di Nerja Fondazione Grotta di Nerja Fondazione Grotta di Nerja Fondazione Grotta di Nerja Fondazione Grotta di Nerja Fondazione Grotta di Nerja Fondazione Grotta di Nerja Fondazione Grotta di Nerja Fondazione Grotta di Nerja Fondazione Grotta di Nerja Fondazione Grotta di Nerja Fondazione Grotta di Nerja Fondazione Grotta di Nerja <\/h2>\t\t\t\t<\/div>\n\t\t\t\t<\/div>\n\t\t\t\t<\/div>\n\t\t\t\t<\/div>\n\t\t<div class=\"elementor-element elementor-element-d67151a e-flex e-con-boxed e-con e-parent\" data-id=\"d67151a\" data-element_type=\"container\" data-e-type=\"container\" data-settings=\"{&quot;background_background&quot;:&quot;classic&quot;}\">\n\t\t\t\t\t<div class=\"e-con-inner\">\n\t\t<div class=\"elementor-element elementor-element-a4561b4 e-con-full e-flex e-con e-child\" data-id=\"a4561b4\" data-element_type=\"container\" data-e-type=\"container\">\n\t\t\t\t<div class=\"elementor-element elementor-element-8d0301f elementor-widget elementor-widget-text-editor\" data-id=\"8d0301f\" data-element_type=\"widget\" data-e-type=\"widget\" data-widget_type=\"text-editor.default\">\n\t\t\t\t<div class=\"elementor-widget-container\">\n\t\t\t\t\t\t\t\t\t<h3><span style=\"color: #b7916c;\"><strong>Scopi della Fondazione Grotta di Nerja <\/strong><\/span><\/h3>\nLa Fondazione ha come scopo la gestione integrale, la conservazione e lo sfruttamento razionale della Grotta di Nerja e dei terreni ad essa connessi, principalmente a fini turistici, il suo studio geologico e del sito archeologico che si trova al suo interno, cos\u00ec come la promozione culturale e sociale, specialmente nel comune di Nerja. Oltre alla gestione integrale, conservazione e sfruttamento del Museo di Nerja, propriet\u00e0 di questa entit\u00e0.\n<h3><span style=\"color: #b7916c;\"><strong>Governo della Fondazione Grotta di Nerja<\/strong><\/span><\/h3>\nLe istituzioni fondatrici della Fondazione Pubblica di Servizi Grotta di Nerja sono: Sottodelegazione del Governo a Malaga, Comune di Nerja e Diputazione Provinciale di Malaga.\nIl Patronato \u00e8 l&#8217;organo di governo, rappresentanza e amministrazione della Fondazione Pubblica di Servizi Grotta di Nerja.\n\nQuesto Patronato \u00e8 composto da 21 membri, pi\u00f9 un Segretario, non patrono, che \u00e8 avvocato dello Stato, per convenzione di collaborazione con l&#8217;ente.\n\nI 21 membri sono:\n\n<ul>\n \t<li>Sottodelegato del Governo a Malaga, che lo presiede.<\/li>\n \t<li>Sindaco-Presidente del Comune di Nerja, che occupa la Vicepresidenza Prima.<\/li>\n \t<li>Presidente della Diputazione Provinciale di Malaga, al quale spetta la Vicepresidenza Seconda.<\/li>\n \t<li>Delegato del Governo della Giunta di Andalusia a Malaga.<\/li>\n \t<li>Un rappresentante della Delegazione di Cultura a Malaga della Giunta di Andalusia.<\/li>\n \t<li>Un rappresentante della Delegazione di Turismo a Malaga della Giunta di Andalusia.<\/li>\n \t<li>L&#8217;Assessore al Turismo del Comune di Nerja.<\/li>\n \t<li>Il Sindaco Pedaneo di Maro.<\/li>\n \t<li>Un rappresentante dell&#8217;Accademia di Belle Arti di San Telmo.<\/li>\n \t<li>Un rappresentante dell&#8217;Universit\u00e0 di Malaga.<\/li>\n \t<li>Il direttore della Grotta di Nerja.<\/li>\n \t<li>Il Conservatore della Grotta di Nerja.<\/li>\n \t<li>L&#8217;interventore.<\/li>\n \t<li>Inoltre, spetter\u00e0 al titolare di ciascuna delle istituzioni fondatrici &#8211; ovvero il Sottodelegato del Governo a Malaga, il Sindaco-Presidente del Comune di Nerja e il Presidente della Diputazione Provinciale di Malaga &#8211; la designazione di 2 patroni che godranno della qualit\u00e0 di eletti.<\/li>\n<\/ul>\t\t\t\t\t\t\t\t<\/div>\n\t\t\t\t<\/div>\n\t\t<div class=\"elementor-element elementor-element-404290d e-grid e-con-boxed e-con e-child\" data-id=\"404290d\" data-element_type=\"container\" data-e-type=\"container\">\n\t\t\t\t\t<div class=\"e-con-inner\">\n\t\t\t\t<div class=\"elementor-element elementor-element-467a2da elementor-widget elementor-widget-image\" data-id=\"467a2da\" data-element_type=\"widget\" data-e-type=\"widget\" data-widget_type=\"image.default\">\n\t\t\t\t<div class=\"elementor-widget-container\">\n\t\t\t\t\t\t\t\t\t\t\t\t\t\t\t<img fetchpriority=\"high\" decoding=\"async\" width=\"1024\" height=\"678\" src=\"https:\/\/cuevadenerja.es\/wp-content\/uploads\/2023\/11\/Entrada-actual-cueva-1-1024x678.jpg\" class=\"attachment-large size-large wp-image-19111\" alt=\"\" srcset=\"https:\/\/cuevadenerja.es\/wp-content\/uploads\/2023\/11\/Entrada-actual-cueva-1-1024x678.jpg 1024w, https:\/\/cuevadenerja.es\/wp-content\/uploads\/2023\/11\/Entrada-actual-cueva-1-300x199.jpg 300w, https:\/\/cuevadenerja.es\/wp-content\/uploads\/2023\/11\/Entrada-actual-cueva-1-768x509.jpg 768w, https:\/\/cuevadenerja.es\/wp-content\/uploads\/2023\/11\/Entrada-actual-cueva-1-1536x1018.jpg 1536w, https:\/\/cuevadenerja.es\/wp-content\/uploads\/2023\/11\/Entrada-actual-cueva-1.jpg 1600w\" sizes=\"(max-width: 1024px) 100vw, 1024px\" \/>\t\t\t\t\t\t\t\t\t\t\t\t\t\t\t<\/div>\n\t\t\t\t<\/div>\n\t\t\t\t<div class=\"elementor-element elementor-element-eddfa2e elementor-widget elementor-widget-image\" data-id=\"eddfa2e\" data-element_type=\"widget\" data-e-type=\"widget\" data-widget_type=\"image.default\">\n\t\t\t\t<div class=\"elementor-widget-container\">\n\t\t\t\t\t\t\t\t\t\t\t\t\t\t\t<img decoding=\"async\" width=\"1024\" height=\"678\" src=\"https:\/\/cuevadenerja.es\/wp-content\/uploads\/2023\/11\/Cueva-Nerja-1024x678.jpg\" class=\"attachment-large size-large wp-image-19112\" alt=\"\" srcset=\"https:\/\/cuevadenerja.es\/wp-content\/uploads\/2023\/11\/Cueva-Nerja-1024x678.jpg 1024w, https:\/\/cuevadenerja.es\/wp-content\/uploads\/2023\/11\/Cueva-Nerja-300x199.jpg 300w, https:\/\/cuevadenerja.es\/wp-content\/uploads\/2023\/11\/Cueva-Nerja-768x509.jpg 768w, https:\/\/cuevadenerja.es\/wp-content\/uploads\/2023\/11\/Cueva-Nerja-1536x1018.jpg 1536w, https:\/\/cuevadenerja.es\/wp-content\/uploads\/2023\/11\/Cueva-Nerja.jpg 1600w\" sizes=\"(max-width: 1024px) 100vw, 1024px\" \/>\t\t\t\t\t\t\t\t\t\t\t\t\t\t\t<\/div>\n\t\t\t\t<\/div>\n\t\t\t\t\t<\/div>\n\t\t\t\t<\/div>\n\t\t\t\t<\/div>\n\t\t\t\t\t<\/div>\n\t\t\t\t<\/div>\n\t\t\t\t<\/div>\n\t\t","protected":false},"excerpt":{"rendered":"<p>Il tuo biglietto online al miglior prezzo e evita code Acquista biglietti Fondazione FONDAZIONE PUBBLICA DI SERVIZI GROTTA DI NERJA Con la denominazione di \u201cFondazione Pubblica di Servizi Grotta di Nerja\u201d \u00e8 stata costituita un&#8217;organizzazione di natura fondazionale, senza scopo di lucro, il cui patrimonio \u00e8 stato destinato, in modo permanente, alla realizzazione degli scopi [&hellip;]<\/p>\n","protected":false},"author":1,"featured_media":0,"parent":0,"menu_order":0,"comment_status":"closed","ping_status":"closed","template":"","meta":{"inline_featured_image":false,"site-sidebar-layout":"no-sidebar","site-content-layout":"page-builder","ast-site-content-layout":"full-width-container","site-content-style":"default","site-sidebar-style":"default","ast-global-header-display":"","ast-banner-title-visibility":"","ast-main-header-display":"","ast-hfb-above-header-display":"","ast-hfb-below-header-display":"","ast-hfb-mobile-header-display":"","site-post-title":"disabled","ast-breadcrumbs-content":"","ast-featured-img":"disabled","footer-sml-layout":"","ast-disable-related-posts":"","theme-transparent-header-meta":"default","adv-header-id-meta":"","stick-header-meta":"default","header-above-stick-meta":"","header-main-stick-meta":"","header-below-stick-meta":"","astra-migrate-meta-layouts":"set","ast-page-background-enabled":"default","ast-page-background-meta":{"desktop":{"background-color":"var(--ast-global-color-4)","background-image":"","background-repeat":"repeat","background-position":"center center","background-size":"auto","background-attachment":"scroll","background-type":"","background-media":"","overlay-type":"","overlay-color":"","overlay-opacity":"","overlay-gradient":""},"tablet":{"background-color":"","background-image":"","background-repeat":"repeat","background-position":"center center","background-size":"auto","background-attachment":"scroll","background-type":"","background-media":"","overlay-type":"","overlay-color":"","overlay-opacity":"","overlay-gradient":""},"mobile":{"background-color":"","background-image":"","background-repeat":"repeat","background-position":"center center","background-size":"auto","background-attachment":"scroll","background-type":"","background-media":"","overlay-type":"","overlay-color":"","overlay-opacity":"","overlay-gradient":""}},"ast-content-background-meta":{"desktop":{"background-color":"var(--ast-global-color-5)","background-image":"","background-repeat":"repeat","background-position":"center center","background-size":"auto","background-attachment":"scroll","background-type":"","background-media":"","overlay-type":"","overlay-color":"","overlay-opacity":"","overlay-gradient":""},"tablet":{"background-color":"var(--ast-global-color-5)","background-image":"","background-repeat":"repeat","background-position":"center center","background-size":"auto","background-attachment":"scroll","background-type":"","background-media":"","overlay-type":"","overlay-color":"","overlay-opacity":"","overlay-gradient":""},"mobile":{"background-color":"var(--ast-global-color-5)","background-image":"","background-repeat":"repeat","background-position":"center center","background-size":"auto","background-attachment":"scroll","background-type":"","background-media":"","overlay-type":"","overlay-color":"","overlay-opacity":"","overlay-gradient":""}},"footnotes":""},"class_list":["post-19110","page","type-page","status-publish","hentry"],"_links":{"self":[{"href":"https:\/\/cuevadenerja.es\/it\/wp-json\/wp\/v2\/pages\/19110","targetHints":{"allow":["GET"]}}],"collection":[{"href":"https:\/\/cuevadenerja.es\/it\/wp-json\/wp\/v2\/pages"}],"about":[{"href":"https:\/\/cuevadenerja.es\/it\/wp-json\/wp\/v2\/types\/page"}],"author":[{"embeddable":true,"href":"https:\/\/cuevadenerja.es\/it\/wp-json\/wp\/v2\/users\/1"}],"replies":[{"embeddable":true,"href":"https:\/\/cuevadenerja.es\/it\/wp-json\/wp\/v2\/comments?post=19110"}],"version-history":[{"count":0,"href":"https:\/\/cuevadenerja.es\/it\/wp-json\/wp\/v2\/pages\/19110\/revisions"}],"wp:attachment":[{"href":"https:\/\/cuevadenerja.es\/it\/wp-json\/wp\/v2\/media?parent=19110"}],"curies":[{"name":"wp","href":"https:\/\/api.w.org\/{rel}","templated":true}]}}