{"id":18905,"date":"2023-10-23T13:40:41","date_gmt":"2023-10-23T11:40:41","guid":{"rendered":"https:\/\/cuevadenerja.es\/?page_id=18905"},"modified":"2024-03-11T13:08:56","modified_gmt":"2024-03-11T12:08:56","slug":"natura","status":"publish","type":"page","link":"https:\/\/cuevadenerja.es\/it\/grotta\/natura\/","title":{"rendered":"Natura"},"content":{"rendered":"\t\t<div data-elementor-type=\"wp-page\" data-elementor-id=\"18905\" class=\"elementor elementor-18905 elementor-12462\" data-elementor-post-type=\"page\">\n\t\t\t\t<div class=\"elementor-element elementor-element-022a994 e-flex e-con-boxed e-con e-parent\" data-id=\"022a994\" data-element_type=\"container\" data-e-type=\"container\" data-settings=\"{&quot;background_background&quot;:&quot;classic&quot;}\">\n\t\t\t\t\t<div class=\"e-con-inner\">\n\t\t\t\t<div class=\"elementor-element elementor-element-d9478ee elementor-widget elementor-widget-text-editor\" data-id=\"d9478ee\" data-element_type=\"widget\" data-e-type=\"widget\" data-widget_type=\"text-editor.default\">\n\t\t\t\t<div class=\"elementor-widget-container\">\n\t\t\t\t\t\t\t\t\t<p>Il tuo <strong>biglietto online<\/strong> al miglior prezzo e <strong>evita code<\/strong><\/p>\t\t\t\t\t\t\t\t<\/div>\n\t\t\t\t<\/div>\n\t\t\t\t<div class=\"elementor-element elementor-element-5b29e30 elementor-widget elementor-widget-button\" data-id=\"5b29e30\" data-element_type=\"widget\" data-e-type=\"widget\" data-widget_type=\"button.default\">\n\t\t\t\t<div class=\"elementor-widget-container\">\n\t\t\t\t\t\t\t\t\t<div class=\"elementor-button-wrapper\">\n\t\t\t\t\t<a class=\"elementor-button elementor-button-link elementor-size-sm\" href=\"https:\/\/entradas.cuevadenerja.es\/\" target=\"_blank\">\n\t\t\t\t\t\t<span class=\"elementor-button-content-wrapper\">\n\t\t\t\t\t\t<span class=\"elementor-button-icon\">\n\t\t\t\t<svg aria-hidden=\"true\" class=\"e-font-icon-svg e-fas-ticket-alt\" viewBox=\"0 0 576 512\" xmlns=\"http:\/\/www.w3.org\/2000\/svg\"><path d=\"M128 160h320v192H128V160zm400 96c0 26.51 21.49 48 48 48v96c0 26.51-21.49 48-48 48H48c-26.51 0-48-21.49-48-48v-96c26.51 0 48-21.49 48-48s-21.49-48-48-48v-96c0-26.51 21.49-48 48-48h480c26.51 0 48 21.49 48 48v96c-26.51 0-48 21.49-48 48zm-48-104c0-13.255-10.745-24-24-24H120c-13.255 0-24 10.745-24 24v208c0 13.255 10.745 24 24 24h336c13.255 0 24-10.745 24-24V152z\"><\/path><\/svg>\t\t\t<\/span>\n\t\t\t\t\t\t\t\t\t<span class=\"elementor-button-text\">Acquista biglietti<\/span>\n\t\t\t\t\t<\/span>\n\t\t\t\t\t<\/a>\n\t\t\t\t<\/div>\n\t\t\t\t\t\t\t\t<\/div>\n\t\t\t\t<\/div>\n\t\t\t\t\t<\/div>\n\t\t\t\t<\/div>\n\t\t<div data-dce-background-overlay-image-url=\"https:\/\/cuevadenerja.es\/wp-content\/uploads\/2023\/11\/Jardin-botanico-cueva.jpg\" class=\"elementor-element elementor-element-d861893 e-flex e-con-boxed e-con e-parent\" data-id=\"d861893\" data-element_type=\"container\" data-e-type=\"container\" data-settings=\"{&quot;background_background&quot;:&quot;classic&quot;}\">\n\t\t\t\t\t<div class=\"e-con-inner\">\n\t\t<div class=\"elementor-element elementor-element-ab32d23 e-con-full e-flex e-con e-child\" data-id=\"ab32d23\" data-element_type=\"container\" data-e-type=\"container\">\n\t\t\t\t<div class=\"elementor-element elementor-element-0a01eef elementor-widget elementor-widget-text-editor\" data-id=\"0a01eef\" data-element_type=\"widget\" data-e-type=\"widget\" data-widget_type=\"text-editor.default\">\n\t\t\t\t<div class=\"elementor-widget-container\">\n\t\t\t\t\t\t\t\t\t<p>Grotta di Nerja<\/p>\t\t\t\t\t\t\t\t<\/div>\n\t\t\t\t<\/div>\n\t\t\t\t<div class=\"elementor-element elementor-element-2444550 elementor-widget elementor-widget-heading\" data-id=\"2444550\" data-element_type=\"widget\" data-e-type=\"widget\" data-widget_type=\"heading.default\">\n\t\t\t\t<div class=\"elementor-widget-container\">\n\t\t\t\t\t<h1 class=\"elementor-heading-title elementor-size-default\">Natura nella Grotta di Nerja<\/h1>\t\t\t\t<\/div>\n\t\t\t\t<\/div>\n\t\t\t\t<div class=\"elementor-element elementor-element-f0a2e7b elementor-widget elementor-widget-text-editor\" data-id=\"f0a2e7b\" data-element_type=\"widget\" data-e-type=\"widget\" data-widget_type=\"text-editor.default\">\n\t\t\t\t<div class=\"elementor-widget-container\">\n\t\t\t\t\t\t\t\t\t<div class=\"flex-1 overflow-hidden\"><div class=\"react-scroll-to-bottom--css-rgzlx-79elbk h-full\"><div class=\"react-scroll-to-bottom--css-rgzlx-1n7m0yu\"><div class=\"flex flex-col text-sm pb-9\"><div class=\"w-full text-token-text-primary\" data-testid=\"conversation-turn-85\"><div class=\"px-4 py-2 justify-center text-base md:gap-6 m-auto\"><div class=\"flex flex-1 text-base mx-auto gap-3 md:px-5 lg:px-1 xl:px-5 md:max-w-3xl lg:max-w-[40rem] xl:max-w-[48rem] group final-completion\"><div class=\"relative flex w-full flex-col agent-turn\"><div class=\"flex-col gap-1 md:gap-3\"><div class=\"flex flex-grow flex-col max-w-full\"><div class=\"min-h-[20px] text-message flex flex-col items-start gap-3 whitespace-pre-wrap break-words [.text-message+&amp;]:mt-5 overflow-x-auto\" data-message-author-role=\"assistant\" data-message-id=\"80872612-5e79-4647-9c9b-6713596f76a4\"><div class=\"markdown prose w-full break-words dark:prose-invert light\"><p>La natura nella <strong>Grotta di Nerja<\/strong> \u00e8 un privilegio che si estende in tutto il complesso. Cos\u00ec, i suoi giardini offrono diversi spazi per la passeggiata e nel <strong>Giardino Botanico Detunda-Grotta di Nerja<\/strong> si possono ammirare specie <strong>endemiche<\/strong> e altre pi\u00f9 <strong>esotiche<\/strong>.<\/p><p>L&#8217;area della cavit\u00e0 dispone di zone giardinate e di un <strong>ambiente naturale privilegiato<\/strong> tra le <strong>scogliere di Maro<\/strong> e <strong>Cerro Gordo<\/strong> e il <strong>Parco Naturale<\/strong> che comprende le <strong>Sierras de Tejeda, Almijara e Alhama<\/strong>.<\/p><\/div><\/div><\/div><\/div><\/div><\/div><\/div><\/div><\/div><\/div><\/div><\/div>\t\t\t\t\t\t\t\t<\/div>\n\t\t\t\t<\/div>\n\t\t\t\t<\/div>\n\t\t\t\t\t<\/div>\n\t\t\t\t<\/div>\n\t\t<div class=\"elementor-element elementor-element-db9e65d e-con-full e-flex e-con e-parent\" data-id=\"db9e65d\" data-element_type=\"container\" data-e-type=\"container\" data-settings=\"{&quot;background_background&quot;:&quot;classic&quot;}\">\n\t\t<div class=\"elementor-element elementor-element-20ca3a7 e-con-full e-flex e-con e-child\" data-id=\"20ca3a7\" data-element_type=\"container\" data-e-type=\"container\" data-settings=\"{&quot;background_background&quot;:&quot;classic&quot;}\">\n\t\t\t\t<div class=\"elementor-element elementor-element-2c4c6da elementor-widget elementor-widget-heading\" data-id=\"2c4c6da\" data-element_type=\"widget\" data-e-type=\"widget\" data-widget_type=\"heading.default\">\n\t\t\t\t<div class=\"elementor-widget-container\">\n\t\t\t\t\t<h2 class=\"elementor-heading-title elementor-size-default\">Natura Natura Natura Natura Natura Natura Natura Natura Natura Natura Natura Natura Natura Natura Natura Natura Natura Natura Natura Natura Natura Natura Natura Natura Natura Natura Natura Natura Natura Natura Natura Natura Natura Natura Natura Natura Natura Natura Natura Natura Natura Natura Natura Natura Natura Natura Natura Natura Natura Natura Natura Natura Natura Natura Natura Natura Natura Natura Natura Natura Natura Natura Natura Natura Natura Natura Natura Natura Natura Natura Natura Natura Natura Natura Natura Natura Natura Natura Natura Natura Natura Natura Natura Natura Natura Natura Natura Natura Natura Natura Natura Natura Natura Natura Natura Natura Natura Natura Natura Natura Natura Natura <\/h2>\t\t\t\t<\/div>\n\t\t\t\t<\/div>\n\t\t\t\t<\/div>\n\t\t\t\t<\/div>\n\t\t<div class=\"elementor-element elementor-element-2ea83bc e-flex e-con-boxed e-con e-parent\" data-id=\"2ea83bc\" data-element_type=\"container\" data-e-type=\"container\" data-settings=\"{&quot;background_background&quot;:&quot;classic&quot;}\">\n\t\t\t\t\t<div class=\"e-con-inner\">\n\t\t<div class=\"elementor-element elementor-element-b1b98ef e-con-full e-flex e-con e-child\" data-id=\"b1b98ef\" data-element_type=\"container\" data-e-type=\"container\">\n\t\t\t\t<div class=\"elementor-element elementor-element-dcd40e8 elementor-widget elementor-widget-text-editor\" data-id=\"dcd40e8\" data-element_type=\"widget\" data-e-type=\"widget\" data-widget_type=\"text-editor.default\">\n\t\t\t\t<div class=\"elementor-widget-container\">\n\t\t\t\t\t\t\t\t\t<h3><span style=\"color: #b7916c;\"><strong>Il Giardino Botanico Detunda-Grotta di Nerja<\/strong><\/span><\/h3>\nPer la sua ubicazione, il <strong>Giardino Botanico Detunda-Grotta di Nerja<\/strong> raccoglie le specie della <strong>zona sud-occidentale di Granada<\/strong> e della <strong>zona orientale di Malaga<\/strong>. Questo spazio verde si trova, quindi, in una <strong>orografia diversa<\/strong> e vi troviamo una <strong>variet\u00e0 di specie<\/strong>, con <strong>endemismi della zona<\/strong>.\nPasseggiando per il Giardino Botanico, al quale si accede dall&#8217;area della <strong>Grotta di Nerja<\/strong>, si pu\u00f2 osservare un&#8217;ampia mostra di flora <strong>tipicamente Mediterranea<\/strong>, che si adatta a lunghi periodi di <strong>siccit\u00e0 estiva<\/strong>.\n\nInoltre, lungo questo terreno naturale, vengono anche presentati esempi di diversi <strong>coltivi tradizionali<\/strong> di queste aree geografiche. Dispone, altres\u00ec, di una <strong>collezione di orchidee<\/strong> e di <strong>specie rare<\/strong>.\n\nIl <strong>Giardino Botanico Detunda-Grotta di Nerja<\/strong> appartiene alla <strong>Junta de Andaluc\u00eda<\/strong> e si pu\u00f2 accedere dal recinto della cavit\u00e0, l&#8217;ingresso si trova dietro l&#8217;area delle biglietterie. <a href=\"https:\/\/www.juntadeandalucia.es\/medioambiente\/portal\/landing-page-%C3%ADndice\/-\/asset_publisher\/zX2ouZa4r1Rf\/content\/jard-c3-adn-bot-c3-a1nico-detunda-cueva-de-nerja\/20151\" target=\"_blank\" rel=\"noopener\">Puoi ottenere pi\u00f9 informazioni su di esso in questo link<\/a>.\n<a href=\"https:\/\/www.juntadeandalucia.es\/medioambiente\/portal\/web\/ventanadelvisitante\/detalle-buscador-mapa\/-\/asset_publisher\/Jlbxh2qB3NwR\/content\/detunda-cueva-de-nerja\/255035\" target=\"_blank\" rel=\"noopener\">I suoi orari<\/a> sono i seguenti.\n\n<h3><span style=\"color: #b7916c;\"><strong>Sentiero nella natura nella Grotta di Nerja<\/strong><\/span><\/h3>\nIl <strong>sentiero Grotta di Nerja-Almijara<\/strong> offre accesso alla montagna, con un percorso circolare pi\u00f9 lungo e alternative per realizzare un percorso pi\u00f9 semplice.\nDalla <strong>Piazza dei Scopritori<\/strong>, situata nel cuore del recinto della cavit\u00e0, salendo per le scale che appaiono a destra del monumento dedicato a tutti loro e girando poi a sinistra inizia il <strong>Sentiero Grotta di Nerja-Almijara<\/strong>, che ha una porta che porta direttamente alla montagna.\n\n\u00c8 un sentiero facile, lungo 1.750 metri, che si percorre con un itinerario circolare il cui tempo di percorrenza stimato \u00e8 di circa 2 ore.\n\nUn&#8217;altra opzione \u00e8 realizzare questo sentiero solo fino a una parte, cos\u00ec si pu\u00f2 arrivare al belvedere dove si trova una panchina in legno che permette di contemplare <strong>viste incredibili di Nerja<\/strong> e di Maro, con il suo mare sullo sfondo. Questo percorso \u00e8 di circa 800 metri, quindi si impiega meno di 1 ora. In questa alternativa il percorso \u00e8 lineare e sia l&#8217;andata che il ritorno si svolgono sullo stesso tratto.\n\n<h3><span style=\"color: #b7916c;\"><strong>Giardini e natura nel recinto della Grotta di Nerja<\/strong><\/span><\/h3>\nLa <strong>Grotta di Nerja<\/strong> si trova in un grande recinto, uno spazio unico tra immensi pini, con aree per la passeggiata e con panchine per riposare, dove si possono osservare numerose <strong>specie vegetali<\/strong> e, inoltre, si pu\u00f2 osservare varia <strong>fauna<\/strong> come scoiattoli, libellule o farfalle.\nLungo la passeggiata attraverso i giardini interni del recinto della cavit\u00e0 si trovano panchine, installate affinch\u00e9 il visitatore possa riposarsi. Inoltre, dietro l&#8217;entrata alla cavit\u00e0, appare una zona parco giochi e un&#8217;altra per il picnic, con tavoli e sedute in legno, per poter condividere un momento di pasto o merenda con la famiglia o gli amici.\n\nPasseggiando nel nostro recinto si pu\u00f2 contemplare &#8211; dall&#8217;entrata dello stesso a mano sinistra &#8211; l&#8217;<strong>Ermita di San Isidro<\/strong>, del XIX secolo e costruita sui muri dell&#8217;antico cimitero di Maro. Sulle sue pareti appaiono curiosi incisioni realizzate in quell&#8217;epoca che si attribuiscono ai pastori della zona.\n\nInoltre, accanto al <strong>Giardino Botanico<\/strong>, si trova un&#8217;altra entrata che porta a un cammino pedonale verso il paese di Maro, in cui si trova la cavit\u00e0. \u00c8 un itinerario che si svolge sopra il giardino e attraverso una moderna passerella sulla strada, che si collega con tale localit\u00e0.\t\t\t\t\t\t\t\t<\/div>\n\t\t\t\t<\/div>\n\t\t<div class=\"elementor-element elementor-element-2338c29 e-grid e-con-boxed e-con e-child\" data-id=\"2338c29\" data-element_type=\"container\" data-e-type=\"container\">\n\t\t\t\t\t<div class=\"e-con-inner\">\n\t\t\t\t<div class=\"elementor-element elementor-element-a86512a elementor-widget elementor-widget-image\" data-id=\"a86512a\" data-element_type=\"widget\" data-e-type=\"widget\" data-widget_type=\"image.default\">\n\t\t\t\t<div class=\"elementor-widget-container\">\n\t\t\t\t\t\t\t\t\t\t\t\t\t\t\t<img fetchpriority=\"high\" decoding=\"async\" width=\"700\" height=\"525\" src=\"https:\/\/cuevadenerja.es\/wp-content\/uploads\/2023\/11\/Jardin-botanico-cueva.jpg\" class=\"attachment-large size-large wp-image-13124\" alt=\"\" srcset=\"https:\/\/cuevadenerja.es\/wp-content\/uploads\/2023\/11\/Jardin-botanico-cueva.jpg 700w, https:\/\/cuevadenerja.es\/wp-content\/uploads\/2023\/11\/Jardin-botanico-cueva-300x225.jpg 300w\" sizes=\"(max-width: 700px) 100vw, 700px\" \/>\t\t\t\t\t\t\t\t\t\t\t\t\t\t\t<\/div>\n\t\t\t\t<\/div>\n\t\t\t\t<div class=\"elementor-element elementor-element-04344f1 elementor-widget elementor-widget-image\" data-id=\"04344f1\" data-element_type=\"widget\" data-e-type=\"widget\" data-widget_type=\"image.default\">\n\t\t\t\t<div class=\"elementor-widget-container\">\n\t\t\t\t\t\t\t\t\t\t\t\t\t\t\t<img decoding=\"async\" width=\"700\" height=\"525\" src=\"https:\/\/cuevadenerja.es\/wp-content\/uploads\/2023\/11\/Jardin-botanico-1.jpg\" class=\"attachment-large size-large wp-image-13126\" alt=\"\" srcset=\"https:\/\/cuevadenerja.es\/wp-content\/uploads\/2023\/11\/Jardin-botanico-1.jpg 700w, https:\/\/cuevadenerja.es\/wp-content\/uploads\/2023\/11\/Jardin-botanico-1-300x225.jpg 300w\" sizes=\"(max-width: 700px) 100vw, 700px\" \/>\t\t\t\t\t\t\t\t\t\t\t\t\t\t\t<\/div>\n\t\t\t\t<\/div>\n\t\t\t\t\t<\/div>\n\t\t\t\t<\/div>\n\t\t\t\t<\/div>\n\t\t\t\t\t<\/div>\n\t\t\t\t<\/div>\n\t\t\t\t<\/div>\n\t\t","protected":false},"excerpt":{"rendered":"<p>Il tuo biglietto online al miglior prezzo e evita code Acquista biglietti Grotta di Nerja Natura nella Grotta di Nerja La natura nella Grotta di Nerja \u00e8 un privilegio che si estende in tutto il complesso. Cos\u00ec, i suoi giardini offrono diversi spazi per la passeggiata e nel Giardino Botanico Detunda-Grotta di Nerja si possono [&hellip;]<\/p>\n","protected":false},"author":1,"featured_media":0,"parent":18764,"menu_order":5,"comment_status":"closed","ping_status":"closed","template":"","meta":{"inline_featured_image":false,"site-sidebar-layout":"no-sidebar","site-content-layout":"page-builder","ast-site-content-layout":"full-width-container","site-content-style":"default","site-sidebar-style":"default","ast-global-header-display":"","ast-banner-title-visibility":"","ast-main-header-display":"","ast-hfb-above-header-display":"","ast-hfb-below-header-display":"","ast-hfb-mobile-header-display":"","site-post-title":"disabled","ast-breadcrumbs-content":"","ast-featured-img":"disabled","footer-sml-layout":"","ast-disable-related-posts":"","theme-transparent-header-meta":"default","adv-header-id-meta":"","stick-header-meta":"default","header-above-stick-meta":"","header-main-stick-meta":"","header-below-stick-meta":"","astra-migrate-meta-layouts":"set","ast-page-background-enabled":"default","ast-page-background-meta":{"desktop":{"background-color":"var(--ast-global-color-4)","background-image":"","background-repeat":"repeat","background-position":"center center","background-size":"auto","background-attachment":"scroll","background-type":"","background-media":"","overlay-type":"","overlay-color":"","overlay-opacity":"","overlay-gradient":""},"tablet":{"background-color":"","background-image":"","background-repeat":"repeat","background-position":"center center","background-size":"auto","background-attachment":"scroll","background-type":"","background-media":"","overlay-type":"","overlay-color":"","overlay-opacity":"","overlay-gradient":""},"mobile":{"background-color":"","background-image":"","background-repeat":"repeat","background-position":"center center","background-size":"auto","background-attachment":"scroll","background-type":"","background-media":"","overlay-type":"","overlay-color":"","overlay-opacity":"","overlay-gradient":""}},"ast-content-background-meta":{"desktop":{"background-color":"var(--ast-global-color-5)","background-image":"","background-repeat":"repeat","background-position":"center center","background-size":"auto","background-attachment":"scroll","background-type":"","background-media":"","overlay-type":"","overlay-color":"","overlay-opacity":"","overlay-gradient":""},"tablet":{"background-color":"var(--ast-global-color-5)","background-image":"","background-repeat":"repeat","background-position":"center center","background-size":"auto","background-attachment":"scroll","background-type":"","background-media":"","overlay-type":"","overlay-color":"","overlay-opacity":"","overlay-gradient":""},"mobile":{"background-color":"var(--ast-global-color-5)","background-image":"","background-repeat":"repeat","background-position":"center center","background-size":"auto","background-attachment":"scroll","background-type":"","background-media":"","overlay-type":"","overlay-color":"","overlay-opacity":"","overlay-gradient":""}},"footnotes":""},"class_list":["post-18905","page","type-page","status-publish","hentry"],"_links":{"self":[{"href":"https:\/\/cuevadenerja.es\/it\/wp-json\/wp\/v2\/pages\/18905","targetHints":{"allow":["GET"]}}],"collection":[{"href":"https:\/\/cuevadenerja.es\/it\/wp-json\/wp\/v2\/pages"}],"about":[{"href":"https:\/\/cuevadenerja.es\/it\/wp-json\/wp\/v2\/types\/page"}],"author":[{"embeddable":true,"href":"https:\/\/cuevadenerja.es\/it\/wp-json\/wp\/v2\/users\/1"}],"replies":[{"embeddable":true,"href":"https:\/\/cuevadenerja.es\/it\/wp-json\/wp\/v2\/comments?post=18905"}],"version-history":[{"count":0,"href":"https:\/\/cuevadenerja.es\/it\/wp-json\/wp\/v2\/pages\/18905\/revisions"}],"up":[{"embeddable":true,"href":"https:\/\/cuevadenerja.es\/it\/wp-json\/wp\/v2\/pages\/18764"}],"wp:attachment":[{"href":"https:\/\/cuevadenerja.es\/it\/wp-json\/wp\/v2\/media?parent=18905"}],"curies":[{"name":"wp","href":"https:\/\/api.w.org\/{rel}","templated":true}]}}