{"id":18892,"date":"2023-10-23T13:31:05","date_gmt":"2023-10-23T11:31:05","guid":{"rendered":"https:\/\/cuevadenerja.es\/?page_id=18892"},"modified":"2024-03-11T12:47:59","modified_gmt":"2024-03-11T11:47:59","slug":"pitture-rupestri","status":"publish","type":"page","link":"https:\/\/cuevadenerja.es\/it\/grotta\/pitture-rupestri\/","title":{"rendered":"Pitture rupestri"},"content":{"rendered":"\t\t<div data-elementor-type=\"wp-page\" data-elementor-id=\"18892\" class=\"elementor elementor-18892 elementor-12458\" data-elementor-post-type=\"page\">\n\t\t\t\t<div class=\"elementor-element elementor-element-0cf8cee e-flex e-con-boxed e-con e-parent\" data-id=\"0cf8cee\" data-element_type=\"container\" data-e-type=\"container\" data-settings=\"{&quot;background_background&quot;:&quot;classic&quot;}\">\n\t\t\t\t\t<div class=\"e-con-inner\">\n\t\t\t\t<div class=\"elementor-element elementor-element-0cfb412 elementor-widget elementor-widget-text-editor\" data-id=\"0cfb412\" data-element_type=\"widget\" data-e-type=\"widget\" data-widget_type=\"text-editor.default\">\n\t\t\t\t<div class=\"elementor-widget-container\">\n\t\t\t\t\t\t\t\t\t<p>Il tuo <strong>biglietto online<\/strong> al miglior prezzo e <strong>evita code<\/strong><\/p>\t\t\t\t\t\t\t\t<\/div>\n\t\t\t\t<\/div>\n\t\t\t\t<div class=\"elementor-element elementor-element-55e5e4a elementor-widget elementor-widget-button\" data-id=\"55e5e4a\" data-element_type=\"widget\" data-e-type=\"widget\" data-widget_type=\"button.default\">\n\t\t\t\t<div class=\"elementor-widget-container\">\n\t\t\t\t\t\t\t\t\t<div class=\"elementor-button-wrapper\">\n\t\t\t\t\t<a class=\"elementor-button elementor-button-link elementor-size-sm\" href=\"https:\/\/entradas.cuevadenerja.es\/\" target=\"_blank\">\n\t\t\t\t\t\t<span class=\"elementor-button-content-wrapper\">\n\t\t\t\t\t\t<span class=\"elementor-button-icon\">\n\t\t\t\t<svg aria-hidden=\"true\" class=\"e-font-icon-svg e-fas-ticket-alt\" viewBox=\"0 0 576 512\" xmlns=\"http:\/\/www.w3.org\/2000\/svg\"><path d=\"M128 160h320v192H128V160zm400 96c0 26.51 21.49 48 48 48v96c0 26.51-21.49 48-48 48H48c-26.51 0-48-21.49-48-48v-96c26.51 0 48-21.49 48-48s-21.49-48-48-48v-96c0-26.51 21.49-48 48-48h480c26.51 0 48 21.49 48 48v96c-26.51 0-48 21.49-48 48zm-48-104c0-13.255-10.745-24-24-24H120c-13.255 0-24 10.745-24 24v208c0 13.255 10.745 24 24 24h336c13.255 0 24-10.745 24-24V152z\"><\/path><\/svg>\t\t\t<\/span>\n\t\t\t\t\t\t\t\t\t<span class=\"elementor-button-text\">Acquista biglietti<\/span>\n\t\t\t\t\t<\/span>\n\t\t\t\t\t<\/a>\n\t\t\t\t<\/div>\n\t\t\t\t\t\t\t\t<\/div>\n\t\t\t\t<\/div>\n\t\t\t\t\t<\/div>\n\t\t\t\t<\/div>\n\t\t<div data-dce-background-overlay-image-url=\"https:\/\/cuevadenerja.es\/wp-content\/uploads\/2023\/09\/Cueva-Nerja-7.jpg\" class=\"elementor-element elementor-element-d76513c e-flex e-con-boxed e-con e-parent\" data-id=\"d76513c\" data-element_type=\"container\" data-e-type=\"container\" data-settings=\"{&quot;background_background&quot;:&quot;classic&quot;}\">\n\t\t\t\t\t<div class=\"e-con-inner\">\n\t\t<div class=\"elementor-element elementor-element-7ce21fe e-con-full e-flex e-con e-child\" data-id=\"7ce21fe\" data-element_type=\"container\" data-e-type=\"container\">\n\t\t\t\t<div class=\"elementor-element elementor-element-08a6e94 elementor-widget elementor-widget-text-editor\" data-id=\"08a6e94\" data-element_type=\"widget\" data-e-type=\"widget\" data-widget_type=\"text-editor.default\">\n\t\t\t\t<div class=\"elementor-widget-container\">\n\t\t\t\t\t\t\t\t\t<p>Grotta di Nerja<\/p>\t\t\t\t\t\t\t\t<\/div>\n\t\t\t\t<\/div>\n\t\t\t\t<div class=\"elementor-element elementor-element-6a1c0a3 elementor-widget elementor-widget-heading\" data-id=\"6a1c0a3\" data-element_type=\"widget\" data-e-type=\"widget\" data-widget_type=\"heading.default\">\n\t\t\t\t<div class=\"elementor-widget-container\">\n\t\t\t\t\t<h1 class=\"elementor-heading-title elementor-size-default\">Arte rupestre della Grotta di Nerja<\/h1>\t\t\t\t<\/div>\n\t\t\t\t<\/div>\n\t\t\t\t<div class=\"elementor-element elementor-element-7d3a2a3 elementor-widget elementor-widget-text-editor\" data-id=\"7d3a2a3\" data-element_type=\"widget\" data-e-type=\"widget\" data-widget_type=\"text-editor.default\">\n\t\t\t\t<div class=\"elementor-widget-container\">\n\t\t\t\t\t\t\t\t\t<p>L&#8217;arte rupestre della Grotta di Nerja non pu\u00f2 essere vista durante la visita per motivi di conservazione. Attualmente nella Sala della Realt\u00e0 Virtuale del complesso, inclusa nel biglietto di ingresso alla cavit\u00e0, vengono mostrate ricostruzioni di quest&#8217;arte.<\/p>\t\t\t\t\t\t\t\t<\/div>\n\t\t\t\t<\/div>\n\t\t\t\t<\/div>\n\t\t\t\t\t<\/div>\n\t\t\t\t<\/div>\n\t\t<div class=\"elementor-element elementor-element-018e255 e-con-full e-flex e-con e-parent\" data-id=\"018e255\" data-element_type=\"container\" data-e-type=\"container\" data-settings=\"{&quot;background_background&quot;:&quot;classic&quot;}\">\n\t\t<div class=\"elementor-element elementor-element-8348c6a e-con-full e-flex e-con e-child\" data-id=\"8348c6a\" data-element_type=\"container\" data-e-type=\"container\" data-settings=\"{&quot;background_background&quot;:&quot;classic&quot;}\">\n\t\t\t\t<div class=\"elementor-element elementor-element-27dd874 elementor-widget elementor-widget-heading\" data-id=\"27dd874\" data-element_type=\"widget\" data-e-type=\"widget\" data-widget_type=\"heading.default\">\n\t\t\t\t<div class=\"elementor-widget-container\">\n\t\t\t\t\t<h2 class=\"elementor-heading-title elementor-size-default\">Arte rupestre della Grotta di Nerja Arte rupestre della Grotta di Nerja Arte rupestre della Grotta di Nerja Arte rupestre della Grotta di Nerja Arte rupestre della Grotta di Nerja Arte rupestre della Grotta di Nerja Arte rupestre della Grotta di Nerja Arte rupestre della Grotta di Nerja Arte rupestre della Grotta di Nerja Arte rupestre della Grotta di Nerja Arte rupestre della Grotta di Nerja Arte rupestre della Grotta di Nerja Arte rupestre della Grotta di Nerja Arte rupestre della Grotta di Nerja Arte rupestre della Grotta di Nerja Arte rupestre della Grotta di Nerja Arte rupestre della Grotta di Nerja Arte rupestre della Grotta di Nerja Arte rupestre della Grotta di Nerja Arte rupestre della Grotta di Nerja Arte rupestre della Grotta di Nerja Arte rupestre della Grotta di Nerja Arte rupestre della Grotta di Nerja Arte rupestre della Grotta di Nerja Arte rupestre della Grotta di Nerja Arte rupestre della Grotta di Nerja <\/h2>\t\t\t\t<\/div>\n\t\t\t\t<\/div>\n\t\t\t\t<\/div>\n\t\t\t\t<\/div>\n\t\t<div class=\"elementor-element elementor-element-0ac02e2 e-flex e-con-boxed e-con e-parent\" data-id=\"0ac02e2\" data-element_type=\"container\" data-e-type=\"container\" data-settings=\"{&quot;background_background&quot;:&quot;classic&quot;}\">\n\t\t\t\t\t<div class=\"e-con-inner\">\n\t\t<div class=\"elementor-element elementor-element-3ed4d81 e-con-full e-flex e-con e-child\" data-id=\"3ed4d81\" data-element_type=\"container\" data-e-type=\"container\">\n\t\t\t\t<div class=\"elementor-element elementor-element-bac6731 elementor-widget elementor-widget-text-editor\" data-id=\"bac6731\" data-element_type=\"widget\" data-e-type=\"widget\" data-widget_type=\"text-editor.default\">\n\t\t\t\t<div class=\"elementor-widget-container\">\n\t\t\t\t\t\t\t\t\t<h3><span style=\"color: #b7916c;\"><strong>L&#8217;arte rupestre nella Grotta di Nerja: pitture, incisioni e mobili<\/strong><\/span><\/h3>\nLa Grotta di Nerja \u00e8 uno dei maggiori siti archeologici del Mediterraneo europeo. Le sue sale furono visitate dai gruppi preistorici pi\u00f9 di 41000 anni fa, sebbene le ricerche archeologiche, per il momento, riflettono solo un&#8217;occupazione registrata dal Gravettiano, con continuit\u00e0 in tutte le fasi del Solutreano e con presenza del Magdaleniano superiore mediterraneo, tutte collocate nel periodo noto come Paleolitico superiore. A queste culture del Pleistocene seguono occupazioni epipaleolitiche e un intenso uso, soprattutto funerario, durante il Neolitico e l&#8217;Et\u00e0 del Rame, gi\u00e0 nell&#8217;Olocene.\nTuttavia, la Grotta si distingue in ambito archeologico per ospitare uno dei pi\u00f9 grandi complessi di arte rupestre del mondo. Le manifestazioni pi\u00f9 antiche sembrano risalire al 35000 prima del presente, tuttavia, il maggior numero di manifestazioni corrisponde al santuario Solutreano, intorno al 20000 prima dell&#8217;attualit\u00e0.\n\nLe manifestazioni artistiche preistoriche furono maggiormente eseguite con pigmento rosso, sebbene ce ne siano anche in nero. Si trovano distribuite principalmente nelle Gallerie Turistiche, anche se gli artisti solutrensi hanno lasciato la loro impronta anche nelle Gallerie Alte.\n\nSono state identificate pi\u00f9 di 50 rappresentazioni figurative, ridotte a un insieme molto limitato di animali: cervi e cerve, cavalli, capre, foche, pisciformi e una possibile schematizzazione in rosso della figura femminile.\n\nI resti pi\u00f9 abbondanti sono le evidenze di un codice grafico, visibile perfettamente nella formazione conosciuta come l&#8217;Organo. Segni ordinati in serie di punti e tratti che potrebbero essere la prima forma di comunicazione grafica dell&#8217;Umanit\u00e0.\n\nI gruppi magdaleniani, autori di opere tanto importanti come Altamira, hanno lasciato solo in Nerja serie di tratti e segni eseguiti in pigmento nero. Si trovano in punti molto riservati delle Gallerie Alte, di difficile accesso. Un dato di certa rilevanza \u00e8 la datazione di questi grafismi realizzati con carboni, datati nelle prime fasi del Magdaleniano, essendo paradossale l&#8217;assenza di occupazioni stratificate del Magdaleniano inferiore e pieno nella sequenza scavata.\n\nAlcune evidenze di sorprendente fattura, le foche rosse del Camarino dei Pisciformi nella sala della Cucina, non hanno ancora una datazione chiara, potendo trattarsi delle opere d&#8217;arte pi\u00f9 antiche d&#8217;Europa. Negli scavi sono stati recuperati oggetti minori in pietra e osso, arte mobile, con rappresentazioni di segni, un&#8217;anatra in un caso che pu\u00f2 essere contemplata nel Museo di Nerja.\n\nMa anche le societ\u00e0 del Neolitico e dell&#8217;Et\u00e0 del Rame hanno lasciato le loro manifestazioni artistiche nella grotta. Sono schematizzazioni della figura umana disegnate in rosso, come le note \u201cBallarine\u201d della sala della Torca, probabilmente arcieri. Sono stati identificati anche incisioni, come quelli che appaiono nelle volte della Ripiana dei Bambini Rossi della sala del Cataclisma, o in varie bandiere della sala della Cucina. Sono conosciute come bitriangolari e ricordano figure umane con o senza attributi sessuali. Si relazionano con i culti funerari. Non vengono mostrate al visitatore per la loro grande fragilit\u00e0 e per l&#8217;inaccessibilit\u00e0 dei settori della grotta utilizzati dagli artisti preistorici.\t\t\t\t\t\t\t\t<\/div>\n\t\t\t\t<\/div>\n\t\t<div class=\"elementor-element elementor-element-cc22ca9 e-grid e-con-boxed e-con e-child\" data-id=\"cc22ca9\" data-element_type=\"container\" data-e-type=\"container\">\n\t\t\t\t\t<div class=\"e-con-inner\">\n\t\t\t\t<div class=\"elementor-element elementor-element-62a8d42 elementor-widget elementor-widget-image\" data-id=\"62a8d42\" data-element_type=\"widget\" data-e-type=\"widget\" data-widget_type=\"image.default\">\n\t\t\t\t<div class=\"elementor-widget-container\">\n\t\t\t\t\t\t\t\t\t\t\t\t\t\t\t<img fetchpriority=\"high\" decoding=\"async\" width=\"800\" height=\"533\" src=\"https:\/\/cuevadenerja.es\/wp-content\/uploads\/2023\/09\/Cueva-Nerja-7.jpg\" class=\"attachment-large size-large wp-image-18783\" alt=\"\" srcset=\"https:\/\/cuevadenerja.es\/wp-content\/uploads\/2023\/09\/Cueva-Nerja-7.jpg 800w, https:\/\/cuevadenerja.es\/wp-content\/uploads\/2023\/09\/Cueva-Nerja-7-300x200.jpg 300w, https:\/\/cuevadenerja.es\/wp-content\/uploads\/2023\/09\/Cueva-Nerja-7-768x512.jpg 768w\" sizes=\"(max-width: 800px) 100vw, 800px\" \/>\t\t\t\t\t\t\t\t\t\t\t\t\t\t\t<\/div>\n\t\t\t\t<\/div>\n\t\t\t\t<div class=\"elementor-element elementor-element-1dd49f6 elementor-widget elementor-widget-image\" data-id=\"1dd49f6\" data-element_type=\"widget\" data-e-type=\"widget\" data-widget_type=\"image.default\">\n\t\t\t\t<div class=\"elementor-widget-container\">\n\t\t\t\t\t\t\t\t\t\t\t\t\t\t\t<img decoding=\"async\" width=\"800\" height=\"533\" src=\"https:\/\/cuevadenerja.es\/wp-content\/uploads\/2023\/11\/pinturas-cueva-de-nerja-1.jpg\" class=\"attachment-large size-large wp-image-18893\" alt=\"\" srcset=\"https:\/\/cuevadenerja.es\/wp-content\/uploads\/2023\/11\/pinturas-cueva-de-nerja-1.jpg 800w, https:\/\/cuevadenerja.es\/wp-content\/uploads\/2023\/11\/pinturas-cueva-de-nerja-1-300x200.jpg 300w, https:\/\/cuevadenerja.es\/wp-content\/uploads\/2023\/11\/pinturas-cueva-de-nerja-1-768x512.jpg 768w\" sizes=\"(max-width: 800px) 100vw, 800px\" \/>\t\t\t\t\t\t\t\t\t\t\t\t\t\t\t<\/div>\n\t\t\t\t<\/div>\n\t\t\t\t<div class=\"elementor-element elementor-element-dbfe8a5 elementor-widget elementor-widget-image\" data-id=\"dbfe8a5\" data-element_type=\"widget\" data-e-type=\"widget\" data-widget_type=\"image.default\">\n\t\t\t\t<div class=\"elementor-widget-container\">\n\t\t\t\t\t\t\t\t\t\t\t\t\t\t\t<img decoding=\"async\" width=\"1024\" height=\"683\" src=\"https:\/\/cuevadenerja.es\/wp-content\/uploads\/2023\/11\/Antropomorfos-en-pigmento-rojo-1024x683.jpg\" class=\"attachment-large size-large wp-image-18847\" alt=\"\" srcset=\"https:\/\/cuevadenerja.es\/wp-content\/uploads\/2023\/11\/Antropomorfos-en-pigmento-rojo-1024x683.jpg 1024w, https:\/\/cuevadenerja.es\/wp-content\/uploads\/2023\/11\/Antropomorfos-en-pigmento-rojo-300x200.jpg 300w, https:\/\/cuevadenerja.es\/wp-content\/uploads\/2023\/11\/Antropomorfos-en-pigmento-rojo-768x512.jpg 768w, https:\/\/cuevadenerja.es\/wp-content\/uploads\/2023\/11\/Antropomorfos-en-pigmento-rojo-1536x1024.jpg 1536w, https:\/\/cuevadenerja.es\/wp-content\/uploads\/2023\/11\/Antropomorfos-en-pigmento-rojo.jpg 1800w\" sizes=\"(max-width: 1024px) 100vw, 1024px\" \/>\t\t\t\t\t\t\t\t\t\t\t\t\t\t\t<\/div>\n\t\t\t\t<\/div>\n\t\t\t\t<div class=\"elementor-element elementor-element-150782f elementor-widget elementor-widget-image\" data-id=\"150782f\" data-element_type=\"widget\" data-e-type=\"widget\" data-widget_type=\"image.default\">\n\t\t\t\t<div class=\"elementor-widget-container\">\n\t\t\t\t\t\t\t\t\t\t\t\t\t\t\t<img loading=\"lazy\" decoding=\"async\" width=\"1024\" height=\"683\" src=\"https:\/\/cuevadenerja.es\/wp-content\/uploads\/2023\/11\/Cierva-y-signos-solutrenses-1024x683.jpg\" class=\"attachment-large size-large wp-image-18846\" alt=\"\" srcset=\"https:\/\/cuevadenerja.es\/wp-content\/uploads\/2023\/11\/Cierva-y-signos-solutrenses-1024x683.jpg 1024w, https:\/\/cuevadenerja.es\/wp-content\/uploads\/2023\/11\/Cierva-y-signos-solutrenses-300x200.jpg 300w, https:\/\/cuevadenerja.es\/wp-content\/uploads\/2023\/11\/Cierva-y-signos-solutrenses-768x512.jpg 768w, https:\/\/cuevadenerja.es\/wp-content\/uploads\/2023\/11\/Cierva-y-signos-solutrenses-1536x1024.jpg 1536w, https:\/\/cuevadenerja.es\/wp-content\/uploads\/2023\/11\/Cierva-y-signos-solutrenses.jpg 1800w\" sizes=\"(max-width: 1024px) 100vw, 1024px\" \/>\t\t\t\t\t\t\t\t\t\t\t\t\t\t\t<\/div>\n\t\t\t\t<\/div>\n\t\t\t\t\t<\/div>\n\t\t\t\t<\/div>\n\t\t\t\t<\/div>\n\t\t\t\t\t<\/div>\n\t\t\t\t<\/div>\n\t\t\t\t<\/div>\n\t\t","protected":false},"excerpt":{"rendered":"<p>Il tuo biglietto online al miglior prezzo e evita code Acquista biglietti Grotta di Nerja Arte rupestre della Grotta di Nerja L&#8217;arte rupestre della Grotta di Nerja non pu\u00f2 essere vista durante la visita per motivi di conservazione. Attualmente nella Sala della Realt\u00e0 Virtuale del complesso, inclusa nel biglietto di ingresso alla cavit\u00e0, vengono mostrate [&hellip;]<\/p>\n","protected":false},"author":1,"featured_media":0,"parent":18764,"menu_order":4,"comment_status":"closed","ping_status":"closed","template":"","meta":{"inline_featured_image":false,"site-sidebar-layout":"no-sidebar","site-content-layout":"page-builder","ast-site-content-layout":"full-width-container","site-content-style":"default","site-sidebar-style":"default","ast-global-header-display":"","ast-banner-title-visibility":"","ast-main-header-display":"","ast-hfb-above-header-display":"","ast-hfb-below-header-display":"","ast-hfb-mobile-header-display":"","site-post-title":"disabled","ast-breadcrumbs-content":"","ast-featured-img":"disabled","footer-sml-layout":"","ast-disable-related-posts":"","theme-transparent-header-meta":"default","adv-header-id-meta":"","stick-header-meta":"default","header-above-stick-meta":"","header-main-stick-meta":"","header-below-stick-meta":"","astra-migrate-meta-layouts":"set","ast-page-background-enabled":"default","ast-page-background-meta":{"desktop":{"background-color":"var(--ast-global-color-4)","background-image":"","background-repeat":"repeat","background-position":"center center","background-size":"auto","background-attachment":"scroll","background-type":"","background-media":"","overlay-type":"","overlay-color":"","overlay-opacity":"","overlay-gradient":""},"tablet":{"background-color":"","background-image":"","background-repeat":"repeat","background-position":"center center","background-size":"auto","background-attachment":"scroll","background-type":"","background-media":"","overlay-type":"","overlay-color":"","overlay-opacity":"","overlay-gradient":""},"mobile":{"background-color":"","background-image":"","background-repeat":"repeat","background-position":"center center","background-size":"auto","background-attachment":"scroll","background-type":"","background-media":"","overlay-type":"","overlay-color":"","overlay-opacity":"","overlay-gradient":""}},"ast-content-background-meta":{"desktop":{"background-color":"var(--ast-global-color-5)","background-image":"","background-repeat":"repeat","background-position":"center center","background-size":"auto","background-attachment":"scroll","background-type":"","background-media":"","overlay-type":"","overlay-color":"","overlay-opacity":"","overlay-gradient":""},"tablet":{"background-color":"var(--ast-global-color-5)","background-image":"","background-repeat":"repeat","background-position":"center center","background-size":"auto","background-attachment":"scroll","background-type":"","background-media":"","overlay-type":"","overlay-color":"","overlay-opacity":"","overlay-gradient":""},"mobile":{"background-color":"var(--ast-global-color-5)","background-image":"","background-repeat":"repeat","background-position":"center center","background-size":"auto","background-attachment":"scroll","background-type":"","background-media":"","overlay-type":"","overlay-color":"","overlay-opacity":"","overlay-gradient":""}},"footnotes":""},"class_list":["post-18892","page","type-page","status-publish","hentry"],"_links":{"self":[{"href":"https:\/\/cuevadenerja.es\/it\/wp-json\/wp\/v2\/pages\/18892","targetHints":{"allow":["GET"]}}],"collection":[{"href":"https:\/\/cuevadenerja.es\/it\/wp-json\/wp\/v2\/pages"}],"about":[{"href":"https:\/\/cuevadenerja.es\/it\/wp-json\/wp\/v2\/types\/page"}],"author":[{"embeddable":true,"href":"https:\/\/cuevadenerja.es\/it\/wp-json\/wp\/v2\/users\/1"}],"replies":[{"embeddable":true,"href":"https:\/\/cuevadenerja.es\/it\/wp-json\/wp\/v2\/comments?post=18892"}],"version-history":[{"count":0,"href":"https:\/\/cuevadenerja.es\/it\/wp-json\/wp\/v2\/pages\/18892\/revisions"}],"up":[{"embeddable":true,"href":"https:\/\/cuevadenerja.es\/it\/wp-json\/wp\/v2\/pages\/18764"}],"wp:attachment":[{"href":"https:\/\/cuevadenerja.es\/it\/wp-json\/wp\/v2\/media?parent=18892"}],"curies":[{"name":"wp","href":"https:\/\/api.w.org\/{rel}","templated":true}]}}