{"id":18842,"date":"2023-10-26T11:14:09","date_gmt":"2023-10-26T09:14:09","guid":{"rendered":"https:\/\/cuevadenerja.es\/?page_id=18842"},"modified":"2024-03-11T12:15:45","modified_gmt":"2024-03-11T11:15:45","slug":"archeologia","status":"publish","type":"page","link":"https:\/\/cuevadenerja.es\/it\/grotta\/valori-della-grotta\/archeologia\/","title":{"rendered":"Archeologia"},"content":{"rendered":"\t\t<div data-elementor-type=\"wp-page\" data-elementor-id=\"18842\" class=\"elementor elementor-18842 elementor-12631\" data-elementor-post-type=\"page\">\n\t\t\t\t<div class=\"elementor-element elementor-element-e66d1d0 e-flex e-con-boxed e-con e-parent\" data-id=\"e66d1d0\" data-element_type=\"container\" data-e-type=\"container\" data-settings=\"{&quot;background_background&quot;:&quot;classic&quot;}\">\n\t\t\t\t\t<div class=\"e-con-inner\">\n\t\t\t\t<div class=\"elementor-element elementor-element-efaa6a7 elementor-widget elementor-widget-text-editor\" data-id=\"efaa6a7\" data-element_type=\"widget\" data-e-type=\"widget\" data-widget_type=\"text-editor.default\">\n\t\t\t\t<div class=\"elementor-widget-container\">\n\t\t\t\t\t\t\t\t\t<p>Il tuo <strong>biglietto online<\/strong> al miglior prezzo e <strong>evita code<\/strong><\/p>\t\t\t\t\t\t\t\t<\/div>\n\t\t\t\t<\/div>\n\t\t\t\t<div class=\"elementor-element elementor-element-da8db5a elementor-widget elementor-widget-button\" data-id=\"da8db5a\" data-element_type=\"widget\" data-e-type=\"widget\" data-widget_type=\"button.default\">\n\t\t\t\t<div class=\"elementor-widget-container\">\n\t\t\t\t\t\t\t\t\t<div class=\"elementor-button-wrapper\">\n\t\t\t\t\t<a class=\"elementor-button elementor-button-link elementor-size-sm\" href=\"https:\/\/entradas.cuevadenerja.es\/\" target=\"_blank\">\n\t\t\t\t\t\t<span class=\"elementor-button-content-wrapper\">\n\t\t\t\t\t\t<span class=\"elementor-button-icon\">\n\t\t\t\t<svg aria-hidden=\"true\" class=\"e-font-icon-svg e-fas-ticket-alt\" viewBox=\"0 0 576 512\" xmlns=\"http:\/\/www.w3.org\/2000\/svg\"><path d=\"M128 160h320v192H128V160zm400 96c0 26.51 21.49 48 48 48v96c0 26.51-21.49 48-48 48H48c-26.51 0-48-21.49-48-48v-96c26.51 0 48-21.49 48-48s-21.49-48-48-48v-96c0-26.51 21.49-48 48-48h480c26.51 0 48 21.49 48 48v96c-26.51 0-48 21.49-48 48zm-48-104c0-13.255-10.745-24-24-24H120c-13.255 0-24 10.745-24 24v208c0 13.255 10.745 24 24 24h336c13.255 0 24-10.745 24-24V152z\"><\/path><\/svg>\t\t\t<\/span>\n\t\t\t\t\t\t\t\t\t<span class=\"elementor-button-text\">Acquista biglietti<\/span>\n\t\t\t\t\t<\/span>\n\t\t\t\t\t<\/a>\n\t\t\t\t<\/div>\n\t\t\t\t\t\t\t\t<\/div>\n\t\t\t\t<\/div>\n\t\t\t\t\t<\/div>\n\t\t\t\t<\/div>\n\t\t<div data-dce-background-overlay-image-url=\"https:\/\/cuevadenerja.es\/wp-content\/uploads\/2023\/10\/Punta-Gravetiense.jpg\" class=\"elementor-element elementor-element-f78587f e-flex e-con-boxed e-con e-parent\" data-id=\"f78587f\" data-element_type=\"container\" data-e-type=\"container\" data-settings=\"{&quot;background_background&quot;:&quot;classic&quot;}\">\n\t\t\t\t\t<div class=\"e-con-inner\">\n\t\t<div class=\"elementor-element elementor-element-f657e2a e-con-full e-flex e-con e-child\" data-id=\"f657e2a\" data-element_type=\"container\" data-e-type=\"container\">\n\t\t\t\t<div class=\"elementor-element elementor-element-279a524 elementor-widget elementor-widget-text-editor\" data-id=\"279a524\" data-element_type=\"widget\" data-e-type=\"widget\" data-widget_type=\"text-editor.default\">\n\t\t\t\t<div class=\"elementor-widget-container\">\n\t\t\t\t\t\t\t\t\t<div class=\"flex-1 overflow-hidden\"><div class=\"react-scroll-to-bottom--css-sjkjd-79elbk h-full\"><div class=\"react-scroll-to-bottom--css-sjkjd-1n7m0yu\"><div class=\"flex flex-col text-sm pb-9\"><div class=\"w-full text-token-text-primary\" data-testid=\"conversation-turn-7\"><div class=\"px-4 py-2 justify-center text-base md:gap-6 m-auto\"><div class=\"flex flex-1 text-base mx-auto gap-3 md:px-5 lg:px-1 xl:px-5 md:max-w-3xl lg:max-w-[40rem] xl:max-w-[48rem] group final-completion\"><div class=\"relative flex w-full flex-col agent-turn\"><div class=\"flex-col gap-1 md:gap-3\"><div class=\"flex flex-grow flex-col max-w-full\"><div class=\"min-h-[20px] text-message flex flex-col items-start gap-3 whitespace-pre-wrap break-words [.text-message+&amp;]:mt-5 overflow-x-auto\" data-message-author-role=\"assistant\" data-message-id=\"86488e7f-635d-44cf-a74b-a6d6f24d03d8\"><div class=\"markdown prose w-full break-words dark:prose-invert light\"><p>I valori della Cueva<\/p><\/div><\/div><\/div><\/div><\/div><\/div><\/div><\/div><\/div><\/div><\/div><\/div>\t\t\t\t\t\t\t\t<\/div>\n\t\t\t\t<\/div>\n\t\t\t\t<div class=\"elementor-element elementor-element-972d4a8 elementor-widget elementor-widget-heading\" data-id=\"972d4a8\" data-element_type=\"widget\" data-e-type=\"widget\" data-widget_type=\"heading.default\">\n\t\t\t\t<div class=\"elementor-widget-container\">\n\t\t\t\t\t<h1 class=\"elementor-heading-title elementor-size-default\">ARCHEOLOGIA\n<\/h1>\t\t\t\t<\/div>\n\t\t\t\t<\/div>\n\t\t\t\t<div class=\"elementor-element elementor-element-00f7e36 elementor-widget elementor-widget-text-editor\" data-id=\"00f7e36\" data-element_type=\"widget\" data-e-type=\"widget\" data-widget_type=\"text-editor.default\">\n\t\t\t\t<div class=\"elementor-widget-container\">\n\t\t\t\t\t\t\t\t\t<p>Con oltre <strong>40.000 anni<\/strong> di storia, la <strong>Grotta di Nerja<\/strong> rappresenta un sito archeologico cruciale in Europa, dimostrando un <strong>uso umano<\/strong> diversificato e continuativo.<\/p><p>Dallo <strong>sfruttamento come rifugio<\/strong> nel <strong>Paleolitico Superiore<\/strong> fino a diventare un centro per <strong>pratiche funerarie<\/strong> e <strong>agricole<\/strong> nell&#8217;Et\u00e0 del Rame, si evidenzia l&#8217;evoluzione dell&#8217;attivit\u00e0 umana in questo luogo affascinante.<\/p>\t\t\t\t\t\t\t\t<\/div>\n\t\t\t\t<\/div>\n\t\t\t\t<\/div>\n\t\t\t\t\t<\/div>\n\t\t\t\t<\/div>\n\t\t<div class=\"elementor-element elementor-element-c458df9 e-con-full e-flex e-con e-parent\" data-id=\"c458df9\" data-element_type=\"container\" data-e-type=\"container\" data-settings=\"{&quot;background_background&quot;:&quot;classic&quot;}\">\n\t\t<div class=\"elementor-element elementor-element-d2dd543 e-con-full e-flex e-con e-child\" data-id=\"d2dd543\" data-element_type=\"container\" data-e-type=\"container\" data-settings=\"{&quot;background_background&quot;:&quot;classic&quot;}\">\n\t\t\t\t<div class=\"elementor-element elementor-element-e5e78be elementor-widget elementor-widget-heading\" data-id=\"e5e78be\" data-element_type=\"widget\" data-e-type=\"widget\" data-widget_type=\"heading.default\">\n\t\t\t\t<div class=\"elementor-widget-container\">\n\t\t\t\t\t<h2 class=\"elementor-heading-title elementor-size-default\">ARCHEOLOGIA ARCHEOLOGIA ARCHEOLOGIA ARCHEOLOGIA ARCHEOLOGIA ARCHEOLOGIA ARCHEOLOGIA ARCHEOLOGIA ARCHEOLOGIA ARCHEOLOGIA ARCHEOLOGIA ARCHEOLOGIA ARCHEOLOGIA ARCHEOLOGIA ARCHEOLOGIA ARCHEOLOGIA ARCHEOLOGIA ARCHEOLOGIA ARCHEOLOGIA ARCHEOLOGIA ARCHEOLOGIA ARCHEOLOGIA ARCHEOLOGIA ARCHEOLOGIA ARCHEOLOGIA ARCHEOLOGIA <\/h2>\t\t\t\t<\/div>\n\t\t\t\t<\/div>\n\t\t\t\t<\/div>\n\t\t\t\t<\/div>\n\t\t<div class=\"elementor-element elementor-element-379e568 e-flex e-con-boxed e-con e-parent\" data-id=\"379e568\" data-element_type=\"container\" data-e-type=\"container\" data-settings=\"{&quot;background_background&quot;:&quot;classic&quot;}\">\n\t\t\t\t\t<div class=\"e-con-inner\">\n\t\t<div class=\"elementor-element elementor-element-a9e76e1 e-con-full e-flex e-con e-child\" data-id=\"a9e76e1\" data-element_type=\"container\" data-e-type=\"container\">\n\t\t\t\t<div class=\"elementor-element elementor-element-122a751 elementor-widget elementor-widget-text-editor\" data-id=\"122a751\" data-element_type=\"widget\" data-e-type=\"widget\" data-widget_type=\"text-editor.default\">\n\t\t\t\t<div class=\"elementor-widget-container\">\n\t\t\t\t\t\t\t\t\t<h3><span style=\"color: #b7916c;\"><strong>La sequenza archeologica della Grotta di Nerja<\/strong><\/span><\/h3>\nLa presenza umana nella Grotta di Nerja \u00e8 attestata da oltre 41.000 anni fa. Ci\u00f2 la rende una delle grotte europee con presenze e frequentazioni nel tempo pi\u00f9 estese.\n\nAllo stesso modo, poich\u00e9 \u00e8 stata riscontrata attivit\u00e0 umana preistorica sia nelle gallerie aperte al turismo che nelle Gallerie Alte, rappresenta anche una delle cavit\u00e0 in cui gli esseri umani hanno progredito per una maggiore distanza dalla bocca e hanno seguito percorsi di intensa complessit\u00e0 fisica.\n\nNonostante siano disponibili date pi\u00f9 antiche che indicano un&#8217;occupazione precedente della grotta, risalenti al periodo Aurignaziano, 35.000 anni fa, abbiamo solo certezza stratigrafica di un insediamento umano corrispondente al Paleolitico superiore che inizia nel Gravettiano; questi gruppi umani occupavano un antico covo di iene delle caverne.\n\nAlcune date ottenute nelle Gallerie Alte potrebbero indicare, almeno, una frequentazione della grotta precedente all&#8217;arrivo della Modernit\u00e0 Umana nella Penisola, anche se le datazioni ottenute finora non sono conclusive.\n\nCon certezza assoluta, la grotta \u00e8 frequentata dall&#8217;Aurignaziano, primo periodo del Paleolitico superiore, ed \u00e8 abitata o frequentata, durante il Gravettiano, Solutreano e Magdaleniano superiore mediterraneo. Le fasi iniziali del Magdaleniano sono state constatate solo nelle datazioni dirette ottenute nell&#8217;arte rupestre delle Gallerie Alte. L&#8217;occupazione epipaleolitica e mesolitica, di grande rilevanza, \u00e8 ben documentata nelle sale esterne.\n\nLa fine delle fasi che costituiscono l&#8217;Epipaleolitico porta all&#8217;arrivo delle societ\u00e0 produttrici, Neolitico e Calcolitico. Insieme all&#8217;adozione di uno stile di vita sedentario, reale sulle coste malacitane nelle fasi finali di questa fase, sar\u00e0 lo sviluppo dell&#8217;economia agricola e zootecnica a definire meglio il periodo.\n\nGli strumenti quotidiani e produttivi di queste societ\u00e0, la cui economia non si basa esclusivamente sulla predazione dell&#8217;ambiente, mostrano anche cambiamenti e progressi significativi. Si diffonde l&#8217;uso di recipienti e oggetti in ceramica, insieme allo sviluppo di un&#8217;industria litica su rocce dure levigate che prende piede. Gli strumenti in selce subiscono cambiamenti di funzione per le nuove esigenze produttive (elementi che compongono le falci necessarie per la mietitura dei cereali), anche se mantengono tradizioni tecnologiche precedenti nella lavorazione degli strumenti. Nel caso della Grotta di Nerja, \u00e8 documentata un&#8217;intensa attivit\u00e0 agricola e zootecnica, piuttosto precoce, principalmente incentrata sulla coltivazione di cereali e sull&#8217;allevamento di ovini e caprini, come si vedr\u00e0 anche nell&#8217;Et\u00e0 del Rame, momento in cui l&#8217;uso preferenziale della cavit\u00e0 sar\u00e0 funerario.\t\t\t\t\t\t\t\t<\/div>\n\t\t\t\t<\/div>\n\t\t<div class=\"elementor-element elementor-element-17a4fb5 e-grid e-con-boxed e-con e-child\" data-id=\"17a4fb5\" data-element_type=\"container\" data-e-type=\"container\">\n\t\t\t\t\t<div class=\"e-con-inner\">\n\t\t\t\t<div class=\"elementor-element elementor-element-3b538c7 elementor-widget elementor-widget-image\" data-id=\"3b538c7\" data-element_type=\"widget\" data-e-type=\"widget\" data-widget_type=\"image.default\">\n\t\t\t\t<div class=\"elementor-widget-container\">\n\t\t\t\t\t\t\t\t\t\t\t\t<figure class=\"wp-caption\">\n\t\t\t\t\t\t\t\t\t\t<img fetchpriority=\"high\" decoding=\"async\" width=\"1800\" height=\"1200\" src=\"https:\/\/cuevadenerja.es\/wp-content\/uploads\/2023\/10\/Punta-de-flecha.jpg\" class=\"attachment-full size-full wp-image-18844\" alt=\"\" srcset=\"https:\/\/cuevadenerja.es\/wp-content\/uploads\/2023\/10\/Punta-de-flecha.jpg 1800w, https:\/\/cuevadenerja.es\/wp-content\/uploads\/2023\/10\/Punta-de-flecha-300x200.jpg 300w, https:\/\/cuevadenerja.es\/wp-content\/uploads\/2023\/10\/Punta-de-flecha-1024x683.jpg 1024w, https:\/\/cuevadenerja.es\/wp-content\/uploads\/2023\/10\/Punta-de-flecha-768x512.jpg 768w, https:\/\/cuevadenerja.es\/wp-content\/uploads\/2023\/10\/Punta-de-flecha-1536x1024.jpg 1536w\" sizes=\"(max-width: 1800px) 100vw, 1800px\" \/>\t\t\t\t\t\t\t\t\t\t\t<figcaption class=\"widget-image-caption wp-caption-text\">Punta di freccia<\/figcaption>\n\t\t\t\t\t\t\t\t\t\t<\/figure>\n\t\t\t\t\t\t\t\t\t<\/div>\n\t\t\t\t<\/div>\n\t\t\t\t<div class=\"elementor-element elementor-element-e773f99 elementor-widget elementor-widget-image\" data-id=\"e773f99\" data-element_type=\"widget\" data-e-type=\"widget\" data-widget_type=\"image.default\">\n\t\t\t\t<div class=\"elementor-widget-container\">\n\t\t\t\t\t\t\t\t\t\t\t\t<figure class=\"wp-caption\">\n\t\t\t\t\t\t\t\t\t\t<img decoding=\"async\" width=\"1800\" height=\"1200\" src=\"https:\/\/cuevadenerja.es\/wp-content\/uploads\/2023\/11\/Lampara-sobre-concha.jpg\" class=\"attachment-full size-full wp-image-18849\" alt=\"\" srcset=\"https:\/\/cuevadenerja.es\/wp-content\/uploads\/2023\/11\/Lampara-sobre-concha.jpg 1800w, https:\/\/cuevadenerja.es\/wp-content\/uploads\/2023\/11\/Lampara-sobre-concha-300x200.jpg 300w, https:\/\/cuevadenerja.es\/wp-content\/uploads\/2023\/11\/Lampara-sobre-concha-1024x683.jpg 1024w, https:\/\/cuevadenerja.es\/wp-content\/uploads\/2023\/11\/Lampara-sobre-concha-768x512.jpg 768w, https:\/\/cuevadenerja.es\/wp-content\/uploads\/2023\/11\/Lampara-sobre-concha-1536x1024.jpg 1536w\" sizes=\"(max-width: 1800px) 100vw, 1800px\" \/>\t\t\t\t\t\t\t\t\t\t\t<figcaption class=\"widget-image-caption wp-caption-text\">Lampada su conchiglia<\/figcaption>\n\t\t\t\t\t\t\t\t\t\t<\/figure>\n\t\t\t\t\t\t\t\t\t<\/div>\n\t\t\t\t<\/div>\n\t\t\t\t<div class=\"elementor-element elementor-element-ea11cae elementor-widget elementor-widget-image\" data-id=\"ea11cae\" data-element_type=\"widget\" data-e-type=\"widget\" data-widget_type=\"image.default\">\n\t\t\t\t<div class=\"elementor-widget-container\">\n\t\t\t\t\t\t\t\t\t\t\t\t<figure class=\"wp-caption\">\n\t\t\t\t\t\t\t\t\t\t<img decoding=\"async\" width=\"1800\" height=\"1200\" src=\"https:\/\/cuevadenerja.es\/wp-content\/uploads\/2023\/11\/Femur-humano.jpg\" class=\"attachment-full size-full wp-image-18848\" alt=\"\" srcset=\"https:\/\/cuevadenerja.es\/wp-content\/uploads\/2023\/11\/Femur-humano.jpg 1800w, https:\/\/cuevadenerja.es\/wp-content\/uploads\/2023\/11\/Femur-humano-300x200.jpg 300w, https:\/\/cuevadenerja.es\/wp-content\/uploads\/2023\/11\/Femur-humano-1024x683.jpg 1024w, https:\/\/cuevadenerja.es\/wp-content\/uploads\/2023\/11\/Femur-humano-768x512.jpg 768w, https:\/\/cuevadenerja.es\/wp-content\/uploads\/2023\/11\/Femur-humano-1536x1024.jpg 1536w\" sizes=\"(max-width: 1800px) 100vw, 1800px\" \/>\t\t\t\t\t\t\t\t\t\t\t<figcaption class=\"widget-image-caption wp-caption-text\">Femore umano<\/figcaption>\n\t\t\t\t\t\t\t\t\t\t<\/figure>\n\t\t\t\t\t\t\t\t\t<\/div>\n\t\t\t\t<\/div>\n\t\t\t\t<div class=\"elementor-element elementor-element-40a6c43 elementor-widget elementor-widget-image\" data-id=\"40a6c43\" data-element_type=\"widget\" data-e-type=\"widget\" data-widget_type=\"image.default\">\n\t\t\t\t<div class=\"elementor-widget-container\">\n\t\t\t\t\t\t\t\t\t\t\t\t<figure class=\"wp-caption\">\n\t\t\t\t\t\t\t\t\t\t<img loading=\"lazy\" decoding=\"async\" width=\"800\" height=\"533\" src=\"https:\/\/cuevadenerja.es\/wp-content\/uploads\/2023\/11\/Estratos-bioclasicos.jpg\" class=\"attachment-full size-full wp-image-18852\" alt=\"\" srcset=\"https:\/\/cuevadenerja.es\/wp-content\/uploads\/2023\/11\/Estratos-bioclasicos.jpg 800w, https:\/\/cuevadenerja.es\/wp-content\/uploads\/2023\/11\/Estratos-bioclasicos-300x200.jpg 300w, https:\/\/cuevadenerja.es\/wp-content\/uploads\/2023\/11\/Estratos-bioclasicos-768x512.jpg 768w\" sizes=\"(max-width: 800px) 100vw, 800px\" \/>\t\t\t\t\t\t\t\t\t\t\t<figcaption class=\"widget-image-caption wp-caption-text\">Strati bioclastici<\/figcaption>\n\t\t\t\t\t\t\t\t\t\t<\/figure>\n\t\t\t\t\t\t\t\t\t<\/div>\n\t\t\t\t<\/div>\n\t\t\t\t<div class=\"elementor-element elementor-element-d5e36e7 elementor-widget elementor-widget-image\" data-id=\"d5e36e7\" data-element_type=\"widget\" data-e-type=\"widget\" data-widget_type=\"image.default\">\n\t\t\t\t<div class=\"elementor-widget-container\">\n\t\t\t\t\t\t\t\t\t\t\t\t<figure class=\"wp-caption\">\n\t\t\t\t\t\t\t\t\t\t<img loading=\"lazy\" decoding=\"async\" width=\"1800\" height=\"1200\" src=\"https:\/\/cuevadenerja.es\/wp-content\/uploads\/2023\/11\/Enterramiento-epipaleolitico.jpg\" class=\"attachment-full size-full wp-image-18850\" alt=\"\" srcset=\"https:\/\/cuevadenerja.es\/wp-content\/uploads\/2023\/11\/Enterramiento-epipaleolitico.jpg 1800w, https:\/\/cuevadenerja.es\/wp-content\/uploads\/2023\/11\/Enterramiento-epipaleolitico-300x200.jpg 300w, https:\/\/cuevadenerja.es\/wp-content\/uploads\/2023\/11\/Enterramiento-epipaleolitico-1024x683.jpg 1024w, https:\/\/cuevadenerja.es\/wp-content\/uploads\/2023\/11\/Enterramiento-epipaleolitico-768x512.jpg 768w, https:\/\/cuevadenerja.es\/wp-content\/uploads\/2023\/11\/Enterramiento-epipaleolitico-1536x1024.jpg 1536w\" sizes=\"(max-width: 1800px) 100vw, 1800px\" \/>\t\t\t\t\t\t\t\t\t\t\t<figcaption class=\"widget-image-caption wp-caption-text\">Sepoltura epipaleolitica<\/figcaption>\n\t\t\t\t\t\t\t\t\t\t<\/figure>\n\t\t\t\t\t\t\t\t\t<\/div>\n\t\t\t\t<\/div>\n\t\t\t\t<div class=\"elementor-element elementor-element-ca8b41e elementor-widget elementor-widget-image\" data-id=\"ca8b41e\" data-element_type=\"widget\" data-e-type=\"widget\" data-widget_type=\"image.default\">\n\t\t\t\t<div class=\"elementor-widget-container\">\n\t\t\t\t\t\t\t\t\t\t\t\t<figure class=\"wp-caption\">\n\t\t\t\t\t\t\t\t\t\t<img loading=\"lazy\" decoding=\"async\" width=\"800\" height=\"533\" src=\"https:\/\/cuevadenerja.es\/wp-content\/uploads\/2023\/11\/Corte-arqueologico.jpg\" class=\"attachment-full size-full wp-image-18851\" alt=\"\" srcset=\"https:\/\/cuevadenerja.es\/wp-content\/uploads\/2023\/11\/Corte-arqueologico.jpg 800w, https:\/\/cuevadenerja.es\/wp-content\/uploads\/2023\/11\/Corte-arqueologico-300x200.jpg 300w, https:\/\/cuevadenerja.es\/wp-content\/uploads\/2023\/11\/Corte-arqueologico-768x512.jpg 768w\" sizes=\"(max-width: 800px) 100vw, 800px\" \/>\t\t\t\t\t\t\t\t\t\t\t<figcaption class=\"widget-image-caption wp-caption-text\">Taglio archeologico<\/figcaption>\n\t\t\t\t\t\t\t\t\t\t<\/figure>\n\t\t\t\t\t\t\t\t\t<\/div>\n\t\t\t\t<\/div>\n\t\t\t\t<div class=\"elementor-element elementor-element-5d9c0a0 elementor-widget elementor-widget-image\" data-id=\"5d9c0a0\" data-element_type=\"widget\" data-e-type=\"widget\" data-widget_type=\"image.default\">\n\t\t\t\t<div class=\"elementor-widget-container\">\n\t\t\t\t\t\t\t\t\t\t\t\t<figure class=\"wp-caption\">\n\t\t\t\t\t\t\t\t\t\t<img loading=\"lazy\" decoding=\"async\" width=\"1800\" height=\"1200\" src=\"https:\/\/cuevadenerja.es\/wp-content\/uploads\/2023\/10\/Cazoletas-labradas.jpg\" class=\"attachment-full size-full wp-image-18845\" alt=\"\" srcset=\"https:\/\/cuevadenerja.es\/wp-content\/uploads\/2023\/10\/Cazoletas-labradas.jpg 1800w, https:\/\/cuevadenerja.es\/wp-content\/uploads\/2023\/10\/Cazoletas-labradas-300x200.jpg 300w, https:\/\/cuevadenerja.es\/wp-content\/uploads\/2023\/10\/Cazoletas-labradas-1024x683.jpg 1024w, https:\/\/cuevadenerja.es\/wp-content\/uploads\/2023\/10\/Cazoletas-labradas-768x512.jpg 768w, https:\/\/cuevadenerja.es\/wp-content\/uploads\/2023\/10\/Cazoletas-labradas-1536x1024.jpg 1536w\" sizes=\"(max-width: 1800px) 100vw, 1800px\" \/>\t\t\t\t\t\t\t\t\t\t\t<figcaption class=\"widget-image-caption wp-caption-text\">Cavit\u00e0 scolpite<\/figcaption>\n\t\t\t\t\t\t\t\t\t\t<\/figure>\n\t\t\t\t\t\t\t\t\t<\/div>\n\t\t\t\t<\/div>\n\t\t\t\t<div class=\"elementor-element elementor-element-f5dc2aa elementor-widget elementor-widget-image\" data-id=\"f5dc2aa\" data-element_type=\"widget\" data-e-type=\"widget\" data-widget_type=\"image.default\">\n\t\t\t\t<div class=\"elementor-widget-container\">\n\t\t\t\t\t\t\t\t\t\t\t\t<figure class=\"wp-caption\">\n\t\t\t\t\t\t\t\t\t\t<img loading=\"lazy\" decoding=\"async\" width=\"1800\" height=\"1200\" src=\"https:\/\/cuevadenerja.es\/wp-content\/uploads\/2023\/10\/Punta-Gravetiense.jpg\" class=\"attachment-full size-full wp-image-18843\" alt=\"\" srcset=\"https:\/\/cuevadenerja.es\/wp-content\/uploads\/2023\/10\/Punta-Gravetiense.jpg 1800w, https:\/\/cuevadenerja.es\/wp-content\/uploads\/2023\/10\/Punta-Gravetiense-300x200.jpg 300w, https:\/\/cuevadenerja.es\/wp-content\/uploads\/2023\/10\/Punta-Gravetiense-1024x683.jpg 1024w, https:\/\/cuevadenerja.es\/wp-content\/uploads\/2023\/10\/Punta-Gravetiense-768x512.jpg 768w, https:\/\/cuevadenerja.es\/wp-content\/uploads\/2023\/10\/Punta-Gravetiense-1536x1024.jpg 1536w\" sizes=\"(max-width: 1800px) 100vw, 1800px\" \/>\t\t\t\t\t\t\t\t\t\t\t<figcaption class=\"widget-image-caption wp-caption-text\">Punta Gravettiana<\/figcaption>\n\t\t\t\t\t\t\t\t\t\t<\/figure>\n\t\t\t\t\t\t\t\t\t<\/div>\n\t\t\t\t<\/div>\n\t\t\t\t\t<\/div>\n\t\t\t\t<\/div>\n\t\t\t\t<\/div>\n\t\t\t\t\t<\/div>\n\t\t\t\t<\/div>\n\t\t\t\t<\/div>\n\t\t","protected":false},"excerpt":{"rendered":"<p>Il tuo biglietto online al miglior prezzo e evita code Acquista biglietti I valori della Cueva ARCHEOLOGIA Con oltre 40.000 anni di storia, la Grotta di Nerja rappresenta un sito archeologico cruciale in Europa, dimostrando un uso umano diversificato e continuativo. Dallo sfruttamento come rifugio nel Paleolitico Superiore fino a diventare un centro per pratiche [&hellip;]<\/p>\n","protected":false},"author":1,"featured_media":0,"parent":18829,"menu_order":0,"comment_status":"closed","ping_status":"closed","template":"","meta":{"inline_featured_image":false,"site-sidebar-layout":"no-sidebar","site-content-layout":"page-builder","ast-site-content-layout":"full-width-container","site-content-style":"default","site-sidebar-style":"default","ast-global-header-display":"","ast-banner-title-visibility":"","ast-main-header-display":"","ast-hfb-above-header-display":"","ast-hfb-below-header-display":"","ast-hfb-mobile-header-display":"","site-post-title":"disabled","ast-breadcrumbs-content":"","ast-featured-img":"disabled","footer-sml-layout":"","ast-disable-related-posts":"","theme-transparent-header-meta":"default","adv-header-id-meta":"","stick-header-meta":"default","header-above-stick-meta":"","header-main-stick-meta":"","header-below-stick-meta":"","astra-migrate-meta-layouts":"set","ast-page-background-enabled":"default","ast-page-background-meta":{"desktop":{"background-color":"var(--ast-global-color-4)","background-image":"","background-repeat":"repeat","background-position":"center center","background-size":"auto","background-attachment":"scroll","background-type":"","background-media":"","overlay-type":"","overlay-color":"","overlay-opacity":"","overlay-gradient":""},"tablet":{"background-color":"","background-image":"","background-repeat":"repeat","background-position":"center center","background-size":"auto","background-attachment":"scroll","background-type":"","background-media":"","overlay-type":"","overlay-color":"","overlay-opacity":"","overlay-gradient":""},"mobile":{"background-color":"","background-image":"","background-repeat":"repeat","background-position":"center center","background-size":"auto","background-attachment":"scroll","background-type":"","background-media":"","overlay-type":"","overlay-color":"","overlay-opacity":"","overlay-gradient":""}},"ast-content-background-meta":{"desktop":{"background-color":"var(--ast-global-color-5)","background-image":"","background-repeat":"repeat","background-position":"center center","background-size":"auto","background-attachment":"scroll","background-type":"","background-media":"","overlay-type":"","overlay-color":"","overlay-opacity":"","overlay-gradient":""},"tablet":{"background-color":"var(--ast-global-color-5)","background-image":"","background-repeat":"repeat","background-position":"center center","background-size":"auto","background-attachment":"scroll","background-type":"","background-media":"","overlay-type":"","overlay-color":"","overlay-opacity":"","overlay-gradient":""},"mobile":{"background-color":"var(--ast-global-color-5)","background-image":"","background-repeat":"repeat","background-position":"center center","background-size":"auto","background-attachment":"scroll","background-type":"","background-media":"","overlay-type":"","overlay-color":"","overlay-opacity":"","overlay-gradient":""}},"footnotes":""},"class_list":["post-18842","page","type-page","status-publish","hentry"],"_links":{"self":[{"href":"https:\/\/cuevadenerja.es\/it\/wp-json\/wp\/v2\/pages\/18842","targetHints":{"allow":["GET"]}}],"collection":[{"href":"https:\/\/cuevadenerja.es\/it\/wp-json\/wp\/v2\/pages"}],"about":[{"href":"https:\/\/cuevadenerja.es\/it\/wp-json\/wp\/v2\/types\/page"}],"author":[{"embeddable":true,"href":"https:\/\/cuevadenerja.es\/it\/wp-json\/wp\/v2\/users\/1"}],"replies":[{"embeddable":true,"href":"https:\/\/cuevadenerja.es\/it\/wp-json\/wp\/v2\/comments?post=18842"}],"version-history":[{"count":0,"href":"https:\/\/cuevadenerja.es\/it\/wp-json\/wp\/v2\/pages\/18842\/revisions"}],"up":[{"embeddable":true,"href":"https:\/\/cuevadenerja.es\/it\/wp-json\/wp\/v2\/pages\/18829"}],"wp:attachment":[{"href":"https:\/\/cuevadenerja.es\/it\/wp-json\/wp\/v2\/media?parent=18842"}],"curies":[{"name":"wp","href":"https:\/\/api.w.org\/{rel}","templated":true}]}}