{"id":18823,"date":"2023-10-23T13:30:43","date_gmt":"2023-10-23T11:30:43","guid":{"rendered":"https:\/\/cuevadenerja.es\/?page_id=18823"},"modified":"2024-03-11T11:43:27","modified_gmt":"2024-03-11T10:43:27","slug":"ricchezza-naturale","status":"publish","type":"page","link":"https:\/\/cuevadenerja.es\/it\/grotta\/ricchezza-naturale\/","title":{"rendered":"Ricchezza naturale"},"content":{"rendered":"\t\t<div data-elementor-type=\"wp-page\" data-elementor-id=\"18823\" class=\"elementor elementor-18823 elementor-12456\" data-elementor-post-type=\"page\">\n\t\t\t\t<div class=\"elementor-element elementor-element-527835b e-flex e-con-boxed e-con e-parent\" data-id=\"527835b\" data-element_type=\"container\" data-e-type=\"container\" data-settings=\"{&quot;background_background&quot;:&quot;classic&quot;}\">\n\t\t\t\t\t<div class=\"e-con-inner\">\n\t\t\t\t<div class=\"elementor-element elementor-element-769a85a elementor-widget elementor-widget-text-editor\" data-id=\"769a85a\" data-element_type=\"widget\" data-e-type=\"widget\" data-widget_type=\"text-editor.default\">\n\t\t\t\t<div class=\"elementor-widget-container\">\n\t\t\t\t\t\t\t\t\t<p>Il tuo <strong>biglietto online<\/strong> al miglior prezzo e <strong>evita code<\/strong><\/p>\t\t\t\t\t\t\t\t<\/div>\n\t\t\t\t<\/div>\n\t\t\t\t<div class=\"elementor-element elementor-element-81e90d4 elementor-widget elementor-widget-button\" data-id=\"81e90d4\" data-element_type=\"widget\" data-e-type=\"widget\" data-widget_type=\"button.default\">\n\t\t\t\t<div class=\"elementor-widget-container\">\n\t\t\t\t\t\t\t\t\t<div class=\"elementor-button-wrapper\">\n\t\t\t\t\t<a class=\"elementor-button elementor-button-link elementor-size-sm\" href=\"https:\/\/entradas.cuevadenerja.es\/\" target=\"_blank\">\n\t\t\t\t\t\t<span class=\"elementor-button-content-wrapper\">\n\t\t\t\t\t\t<span class=\"elementor-button-icon\">\n\t\t\t\t<svg aria-hidden=\"true\" class=\"e-font-icon-svg e-fas-ticket-alt\" viewBox=\"0 0 576 512\" xmlns=\"http:\/\/www.w3.org\/2000\/svg\"><path d=\"M128 160h320v192H128V160zm400 96c0 26.51 21.49 48 48 48v96c0 26.51-21.49 48-48 48H48c-26.51 0-48-21.49-48-48v-96c26.51 0 48-21.49 48-48s-21.49-48-48-48v-96c0-26.51 21.49-48 48-48h480c26.51 0 48 21.49 48 48v96c-26.51 0-48 21.49-48 48zm-48-104c0-13.255-10.745-24-24-24H120c-13.255 0-24 10.745-24 24v208c0 13.255 10.745 24 24 24h336c13.255 0 24-10.745 24-24V152z\"><\/path><\/svg>\t\t\t<\/span>\n\t\t\t\t\t\t\t\t\t<span class=\"elementor-button-text\">Acquista biglietti<\/span>\n\t\t\t\t\t<\/span>\n\t\t\t\t\t<\/a>\n\t\t\t\t<\/div>\n\t\t\t\t\t\t\t\t<\/div>\n\t\t\t\t<\/div>\n\t\t\t\t\t<\/div>\n\t\t\t\t<\/div>\n\t\t<div data-dce-background-overlay-image-url=\"https:\/\/cuevadenerja.es\/wp-content\/uploads\/2023\/06\/Conservar-la-cueva.jpg\" class=\"elementor-element elementor-element-8d590a1 e-flex e-con-boxed e-con e-parent\" data-id=\"8d590a1\" data-element_type=\"container\" data-e-type=\"container\" data-settings=\"{&quot;background_background&quot;:&quot;classic&quot;}\">\n\t\t\t\t\t<div class=\"e-con-inner\">\n\t\t<div class=\"elementor-element elementor-element-42649b5 e-con-full e-flex e-con e-child\" data-id=\"42649b5\" data-element_type=\"container\" data-e-type=\"container\">\n\t\t\t\t<div class=\"elementor-element elementor-element-ba734ce elementor-widget elementor-widget-text-editor\" data-id=\"ba734ce\" data-element_type=\"widget\" data-e-type=\"widget\" data-widget_type=\"text-editor.default\">\n\t\t\t\t<div class=\"elementor-widget-container\">\n\t\t\t\t\t\t\t\t\t<p>Grotta di Nerja<\/p>\t\t\t\t\t\t\t\t<\/div>\n\t\t\t\t<\/div>\n\t\t\t\t<div class=\"elementor-element elementor-element-3a05498 elementor-widget elementor-widget-heading\" data-id=\"3a05498\" data-element_type=\"widget\" data-e-type=\"widget\" data-widget_type=\"heading.default\">\n\t\t\t\t<div class=\"elementor-widget-container\">\n\t\t\t\t\t<h1 class=\"elementor-heading-title elementor-size-default\">Ricchezza naturale della Grotta di Nerja<\/h1>\t\t\t\t<\/div>\n\t\t\t\t<\/div>\n\t\t\t\t<div class=\"elementor-element elementor-element-cac1629 elementor-widget elementor-widget-text-editor\" data-id=\"cac1629\" data-element_type=\"widget\" data-e-type=\"widget\" data-widget_type=\"text-editor.default\">\n\t\t\t\t<div class=\"elementor-widget-container\">\n\t\t\t\t\t\t\t\t\t<div class=\"flex-1 overflow-hidden\"><div class=\"react-scroll-to-bottom--css-sjkjd-79elbk h-full\"><div class=\"react-scroll-to-bottom--css-sjkjd-1n7m0yu\"><div class=\"flex flex-col text-sm pb-9\"><div class=\"w-full text-token-text-primary\" data-testid=\"conversation-turn-69\"><div class=\"px-4 py-2 justify-center text-base md:gap-6 m-auto\"><div class=\"flex flex-1 text-base mx-auto gap-3 md:px-5 lg:px-1 xl:px-5 md:max-w-3xl lg:max-w-[40rem] xl:max-w-[48rem] group final-completion\"><div class=\"relative flex w-full flex-col agent-turn\"><div class=\"flex-col gap-1 md:gap-3\"><div class=\"flex flex-grow flex-col max-w-full\"><div class=\"min-h-[20px] text-message flex flex-col items-start gap-3 whitespace-pre-wrap break-words [.text-message+&amp;]:mt-5 overflow-x-auto\" data-message-author-role=\"assistant\" data-message-id=\"55b4b594-d2d9-4675-908e-e6d87fadda83\"><div class=\"markdown prose w-full break-words dark:prose-invert light\"><p>La ricchezza naturale della Grotta di Nerja si trova tanto all&#8217;interno quanto all&#8217;esterno, nell&#8217;ambiente che la circonda.<\/p><p>Cos\u00ec, \u00e8 un luogo geologico di speciale importanza ed \u00e8 per questo che \u00e8 inventariato come Luogo di Interesse Geologico di Rilevanza Internazionale. Inoltre, \u00e8 una delle cavit\u00e0 maggiori dell&#8217;Andalusia e si trova in un contesto naturale privilegiato, tra il mare e la montagna.<\/p><\/div><\/div><\/div><\/div><\/div><\/div><\/div><\/div><\/div><\/div><\/div><\/div>\t\t\t\t\t\t\t\t<\/div>\n\t\t\t\t<\/div>\n\t\t\t\t<\/div>\n\t\t\t\t\t<\/div>\n\t\t\t\t<\/div>\n\t\t<div class=\"elementor-element elementor-element-7489ae2 e-con-full e-flex e-con e-parent\" data-id=\"7489ae2\" data-element_type=\"container\" data-e-type=\"container\" data-settings=\"{&quot;background_background&quot;:&quot;classic&quot;}\">\n\t\t<div class=\"elementor-element elementor-element-688abf6 e-con-full e-flex e-con e-child\" data-id=\"688abf6\" data-element_type=\"container\" data-e-type=\"container\" data-settings=\"{&quot;background_background&quot;:&quot;classic&quot;}\">\n\t\t\t\t<div class=\"elementor-element elementor-element-d0a01d9 elementor-widget elementor-widget-heading\" data-id=\"d0a01d9\" data-element_type=\"widget\" data-e-type=\"widget\" data-widget_type=\"heading.default\">\n\t\t\t\t<div class=\"elementor-widget-container\">\n\t\t\t\t\t<h2 class=\"elementor-heading-title elementor-size-default\">Ricchezza naturale della Grotta di Nerja Ricchezza naturale della Grotta di Nerja Ricchezza naturale della Grotta di Nerja Ricchezza naturale della Grotta di Nerja Ricchezza naturale della Grotta di Nerja Ricchezza naturale della Grotta di Nerja Ricchezza naturale della Grotta di Nerja Ricchezza naturale della Grotta di Nerja Ricchezza naturale della Grotta di Nerja Ricchezza naturale della Grotta di Nerja Ricchezza naturale della Grotta di Nerja Ricchezza naturale della Grotta di Nerja Ricchezza naturale della Grotta di Nerja Ricchezza naturale della Grotta di Nerja Ricchezza naturale della Grotta di Nerja Ricchezza naturale della Grotta di Nerja Ricchezza naturale della Grotta di Nerja Ricchezza naturale della Grotta di Nerja Ricchezza naturale della Grotta di Nerja Ricchezza naturale della Grotta di Nerja Ricchezza naturale della Grotta di Nerja Ricchezza naturale della Grotta di Nerja Ricchezza naturale della Grotta di Nerja Ricchezza naturale della Grotta di Nerja <\/h2>\t\t\t\t<\/div>\n\t\t\t\t<\/div>\n\t\t\t\t<\/div>\n\t\t\t\t<\/div>\n\t\t<div class=\"elementor-element elementor-element-da5c1d6 e-flex e-con-boxed e-con e-parent\" data-id=\"da5c1d6\" data-element_type=\"container\" data-e-type=\"container\" data-settings=\"{&quot;background_background&quot;:&quot;classic&quot;}\">\n\t\t\t\t\t<div class=\"e-con-inner\">\n\t\t<div class=\"elementor-element elementor-element-7a71e63 e-con-full e-flex e-con e-child\" data-id=\"7a71e63\" data-element_type=\"container\" data-e-type=\"container\">\n\t\t\t\t<div class=\"elementor-element elementor-element-b14bfe2 elementor-widget elementor-widget-text-editor\" data-id=\"b14bfe2\" data-element_type=\"widget\" data-e-type=\"widget\" data-widget_type=\"text-editor.default\">\n\t\t\t\t<div class=\"elementor-widget-container\">\n\t\t\t\t\t\t\t\t\t<h3><span style=\"color: #b7916c;\"><strong>Ricchezza naturale all&#8217;interno della Grotta di Nerja<\/strong><\/span><\/h3>\nLa grotta, di sviluppo orizzontale, ha una lunghezza di circa 750 metri, misurati lungo il suo asse maggiore e un dislivello di circa 68 metri, 37 metri sopra il livello di riferimento, situato sul pavimento dell&#8217;entrata, e 31 metri al di sotto dello stesso.\nCon 4.823 metri, \u00e8 una delle grotte con maggiore sviluppo topografico dell&#8217;Andalusia. Le sue sale e gallerie, di grandi dimensioni, occupano un volume di circa 300.000 m3 e una superficie di 35.000 m2.\n\nNella cavit\u00e0 si distinguono due settori:\n\n<ul>\n \t<li>Settore abilitato al turismo o Gallerie Turistiche (106.285 m3 di volume e 9.371 m2 di superficie).<\/li>\n \t<li>Settore non abilitato e non visitabile, che comprende le cosiddette Gallerie Alte e Gallerie Nuove.<\/li>\n<\/ul>\nLe Gallerie Turistiche comprendono le sale visitabili del Vestibolo, Bel\u00e9n, Cascata o Balletto, Fantasmi e Cataclismo, oltre ad altri spazi non aperti al pubblico, come le sale dell&#8217;Ufficio o dell&#8217;Orso, Mina e Torca.\nIl percorso turistico ha una lunghezza totale di 546 metri. Inoltre, il visitatore, completando questo tragitto, percorre 458 scalini, 159 in salita e i restanti 299 in discesa.\n\nLe sale delle Colonne d&#8217;Ercole e dell&#8217;Immensit\u00e0 formano le Gallerie Alte. Le Gallerie Nuove comprendono la Sala della Lancia, la spettacolare Galleria dei Livelli e la Sala della Montagna. Quest&#8217;ultima si collega con una piccola cavit\u00e0 vicina, conosciuta come Grotta Dipinta.\n\nLa connessione Grotta Dipinta-Montagna \u00e8 stata dimostrata tramite studi di ventilazione, anche se non \u00e8 stata trovata una connessione praticabile per le persone. Le zone non turistiche sono chiuse al pubblico per motivi di conservazione.\n\n<h3><span style=\"color: #b7916c;\"><strong>La formazione geologica della Grotta di Nerja<\/strong><\/span><\/h3>\nLa formazione della Grotta di Nerja \u00e8 dovuta a un processo geologico denominato carsismo: l&#8217;acqua piovana dissolve anidride carbonica (CO2) dal suolo e dall&#8217;atmosfera e diventa cos\u00ec un&#8217;acqua &#8220;acida, aggressiva&#8221;, che va dissolvendo le rocce man mano che si infiltra per le loro crepe e fratture.\nSi stima che l&#8217;infiltrazione e la circolazione dell&#8217;acqua piovana attraverso le crepe e le fratture dei marmi della Sierra Almijara siano iniziate pi\u00f9 di cinque milioni di anni fa.\n\nCon l&#8217;avanzamento dei processi di dissoluzione si genera una grande cavit\u00e0 in cui vanno creandosi diverse formazioni geologiche, i cosiddetti speleotemi.\n\n<h3><span style=\"color: #b7916c;\"><strong>Gli speleotemi della Grotta di Nerja<\/strong><\/span><\/h3>\nDopo il suo percorso all&#8217;interno del massiccio roccioso, l&#8217;acqua arriva alla cavit\u00e0. \u00c8 allora che si degassifica -perde il suo contenuto in anidride carbonica- e\/o si evapora, provocando la precipitazione dei minerali che porta disciolti, dando origine agli speleotemi, come le stalattiti o stalagmiti.\nOltre a queste, possiamo trovare molti tipi e sottotipi diversi, a seconda della loro apparenza e origine. Cos\u00ec, nella grotta possiamo vedere: stalattiti, stalagmiti, antistalagmiti, folie, torri di corallo, colonne, gours, maccheroni, pigne, unghie, cavolfiori, bandiere, nuvole\u2026\n\nLa Grotta di Nerja pu\u00f2 essere considerata un vero e proprio museo di speleotemi e, infatti, l&#8217;abbondanza, variet\u00e0, spettacolarit\u00e0 e interesse scientifico di quelli che ospita al suo interno \u00e8 uno dei suoi tratti geologici pi\u00f9 significativi e rappresenta una grande ricchezza naturale.\n\nOltre a &#8220;decorare&#8221; le grotte, queste formazioni registrano informazioni molto varie, che permettono, ad esempio, di ricostruire il clima di epoche passate o conoscere i terremoti avvenuti centinaia o migliaia di anni fa.\t\t\t\t\t\t\t\t<\/div>\n\t\t\t\t<\/div>\n\t\t<div class=\"elementor-element elementor-element-1ea12ba e-grid e-con-boxed e-con e-child\" data-id=\"1ea12ba\" data-element_type=\"container\" data-e-type=\"container\">\n\t\t\t\t\t<div class=\"e-con-inner\">\n\t\t\t\t<div class=\"elementor-element elementor-element-f75c7ab elementor-widget elementor-widget-image\" data-id=\"f75c7ab\" data-element_type=\"widget\" data-e-type=\"widget\" data-widget_type=\"image.default\">\n\t\t\t\t<div class=\"elementor-widget-container\">\n\t\t\t\t\t\t\t\t\t\t\t\t\t\t\t<img fetchpriority=\"high\" decoding=\"async\" width=\"1024\" height=\"683\" src=\"https:\/\/cuevadenerja.es\/wp-content\/uploads\/2023\/10\/G3-1024x683.jpg\" class=\"attachment-large size-large wp-image-18866\" alt=\"\" srcset=\"https:\/\/cuevadenerja.es\/wp-content\/uploads\/2023\/10\/G3-1024x683.jpg 1024w, https:\/\/cuevadenerja.es\/wp-content\/uploads\/2023\/10\/G3-300x200.jpg 300w, https:\/\/cuevadenerja.es\/wp-content\/uploads\/2023\/10\/G3-768x512.jpg 768w, https:\/\/cuevadenerja.es\/wp-content\/uploads\/2023\/10\/G3-1536x1024.jpg 1536w, https:\/\/cuevadenerja.es\/wp-content\/uploads\/2023\/10\/G3.jpg 1800w\" sizes=\"(max-width: 1024px) 100vw, 1024px\" \/>\t\t\t\t\t\t\t\t\t\t\t\t\t\t\t<\/div>\n\t\t\t\t<\/div>\n\t\t\t\t<div class=\"elementor-element elementor-element-eaff720 elementor-widget elementor-widget-image\" data-id=\"eaff720\" data-element_type=\"widget\" data-e-type=\"widget\" data-widget_type=\"image.default\">\n\t\t\t\t<div class=\"elementor-widget-container\">\n\t\t\t\t\t\t\t\t\t\t\t\t\t\t\t<img decoding=\"async\" width=\"1024\" height=\"683\" src=\"https:\/\/cuevadenerja.es\/wp-content\/uploads\/2023\/10\/G4-1024x683.jpg\" class=\"attachment-large size-large wp-image-18867\" alt=\"\" srcset=\"https:\/\/cuevadenerja.es\/wp-content\/uploads\/2023\/10\/G4-1024x683.jpg 1024w, https:\/\/cuevadenerja.es\/wp-content\/uploads\/2023\/10\/G4-300x200.jpg 300w, https:\/\/cuevadenerja.es\/wp-content\/uploads\/2023\/10\/G4-768x512.jpg 768w, https:\/\/cuevadenerja.es\/wp-content\/uploads\/2023\/10\/G4-1536x1024.jpg 1536w, https:\/\/cuevadenerja.es\/wp-content\/uploads\/2023\/10\/G4.jpg 1800w\" sizes=\"(max-width: 1024px) 100vw, 1024px\" \/>\t\t\t\t\t\t\t\t\t\t\t\t\t\t\t<\/div>\n\t\t\t\t<\/div>\n\t\t\t\t\t<\/div>\n\t\t\t\t<\/div>\n\t\t\t\t<\/div>\n\t\t\t\t\t<\/div>\n\t\t\t\t<\/div>\n\t\t\t\t<\/div>\n\t\t","protected":false},"excerpt":{"rendered":"<p>Il tuo biglietto online al miglior prezzo e evita code Acquista biglietti Grotta di Nerja Ricchezza naturale della Grotta di Nerja La ricchezza naturale della Grotta di Nerja si trova tanto all&#8217;interno quanto all&#8217;esterno, nell&#8217;ambiente che la circonda. Cos\u00ec, \u00e8 un luogo geologico di speciale importanza ed \u00e8 per questo che \u00e8 inventariato come Luogo [&hellip;]<\/p>\n","protected":false},"author":1,"featured_media":0,"parent":18764,"menu_order":2,"comment_status":"closed","ping_status":"closed","template":"","meta":{"inline_featured_image":false,"site-sidebar-layout":"no-sidebar","site-content-layout":"page-builder","ast-site-content-layout":"full-width-container","site-content-style":"default","site-sidebar-style":"default","ast-global-header-display":"","ast-banner-title-visibility":"","ast-main-header-display":"","ast-hfb-above-header-display":"","ast-hfb-below-header-display":"","ast-hfb-mobile-header-display":"","site-post-title":"disabled","ast-breadcrumbs-content":"","ast-featured-img":"disabled","footer-sml-layout":"","ast-disable-related-posts":"","theme-transparent-header-meta":"default","adv-header-id-meta":"","stick-header-meta":"default","header-above-stick-meta":"","header-main-stick-meta":"","header-below-stick-meta":"","astra-migrate-meta-layouts":"set","ast-page-background-enabled":"default","ast-page-background-meta":{"desktop":{"background-color":"var(--ast-global-color-4)","background-image":"","background-repeat":"repeat","background-position":"center center","background-size":"auto","background-attachment":"scroll","background-type":"","background-media":"","overlay-type":"","overlay-color":"","overlay-opacity":"","overlay-gradient":""},"tablet":{"background-color":"","background-image":"","background-repeat":"repeat","background-position":"center center","background-size":"auto","background-attachment":"scroll","background-type":"","background-media":"","overlay-type":"","overlay-color":"","overlay-opacity":"","overlay-gradient":""},"mobile":{"background-color":"","background-image":"","background-repeat":"repeat","background-position":"center center","background-size":"auto","background-attachment":"scroll","background-type":"","background-media":"","overlay-type":"","overlay-color":"","overlay-opacity":"","overlay-gradient":""}},"ast-content-background-meta":{"desktop":{"background-color":"var(--ast-global-color-5)","background-image":"","background-repeat":"repeat","background-position":"center center","background-size":"auto","background-attachment":"scroll","background-type":"","background-media":"","overlay-type":"","overlay-color":"","overlay-opacity":"","overlay-gradient":""},"tablet":{"background-color":"var(--ast-global-color-5)","background-image":"","background-repeat":"repeat","background-position":"center center","background-size":"auto","background-attachment":"scroll","background-type":"","background-media":"","overlay-type":"","overlay-color":"","overlay-opacity":"","overlay-gradient":""},"mobile":{"background-color":"var(--ast-global-color-5)","background-image":"","background-repeat":"repeat","background-position":"center center","background-size":"auto","background-attachment":"scroll","background-type":"","background-media":"","overlay-type":"","overlay-color":"","overlay-opacity":"","overlay-gradient":""}},"footnotes":""},"class_list":["post-18823","page","type-page","status-publish","hentry"],"_links":{"self":[{"href":"https:\/\/cuevadenerja.es\/it\/wp-json\/wp\/v2\/pages\/18823","targetHints":{"allow":["GET"]}}],"collection":[{"href":"https:\/\/cuevadenerja.es\/it\/wp-json\/wp\/v2\/pages"}],"about":[{"href":"https:\/\/cuevadenerja.es\/it\/wp-json\/wp\/v2\/types\/page"}],"author":[{"embeddable":true,"href":"https:\/\/cuevadenerja.es\/it\/wp-json\/wp\/v2\/users\/1"}],"replies":[{"embeddable":true,"href":"https:\/\/cuevadenerja.es\/it\/wp-json\/wp\/v2\/comments?post=18823"}],"version-history":[{"count":0,"href":"https:\/\/cuevadenerja.es\/it\/wp-json\/wp\/v2\/pages\/18823\/revisions"}],"up":[{"embeddable":true,"href":"https:\/\/cuevadenerja.es\/it\/wp-json\/wp\/v2\/pages\/18764"}],"wp:attachment":[{"href":"https:\/\/cuevadenerja.es\/it\/wp-json\/wp\/v2\/media?parent=18823"}],"curies":[{"name":"wp","href":"https:\/\/api.w.org\/{rel}","templated":true}]}}