{"id":18813,"date":"2023-10-23T13:29:03","date_gmt":"2023-10-23T11:29:03","guid":{"rendered":"https:\/\/cuevadenerja.es\/?page_id=18813"},"modified":"2024-03-11T11:37:05","modified_gmt":"2024-03-11T10:37:05","slug":"scoperta","status":"publish","type":"page","link":"https:\/\/cuevadenerja.es\/it\/grotta\/scoperta\/","title":{"rendered":"Scoperta"},"content":{"rendered":"\t\t<div data-elementor-type=\"wp-page\" data-elementor-id=\"18813\" class=\"elementor elementor-18813 elementor-12453\" data-elementor-post-type=\"page\">\n\t\t\t\t<div class=\"elementor-element elementor-element-9dee57f e-flex e-con-boxed e-con e-parent\" data-id=\"9dee57f\" data-element_type=\"container\" data-e-type=\"container\" data-settings=\"{&quot;background_background&quot;:&quot;classic&quot;}\">\n\t\t\t\t\t<div class=\"e-con-inner\">\n\t\t\t\t<div class=\"elementor-element elementor-element-7f96e19 elementor-widget elementor-widget-text-editor\" data-id=\"7f96e19\" data-element_type=\"widget\" data-e-type=\"widget\" data-widget_type=\"text-editor.default\">\n\t\t\t\t<div class=\"elementor-widget-container\">\n\t\t\t\t\t\t\t\t\t<p>Il tuo <strong>biglietto online<\/strong> al miglior prezzo e <strong>evita code<\/strong><\/p>\t\t\t\t\t\t\t\t<\/div>\n\t\t\t\t<\/div>\n\t\t\t\t<div class=\"elementor-element elementor-element-51bbcf6 elementor-widget elementor-widget-button\" data-id=\"51bbcf6\" data-element_type=\"widget\" data-e-type=\"widget\" data-widget_type=\"button.default\">\n\t\t\t\t<div class=\"elementor-widget-container\">\n\t\t\t\t\t\t\t\t\t<div class=\"elementor-button-wrapper\">\n\t\t\t\t\t<a class=\"elementor-button elementor-button-link elementor-size-sm\" href=\"https:\/\/entradas.cuevadenerja.es\/\" target=\"_blank\">\n\t\t\t\t\t\t<span class=\"elementor-button-content-wrapper\">\n\t\t\t\t\t\t<span class=\"elementor-button-icon\">\n\t\t\t\t<svg aria-hidden=\"true\" class=\"e-font-icon-svg e-fas-ticket-alt\" viewBox=\"0 0 576 512\" xmlns=\"http:\/\/www.w3.org\/2000\/svg\"><path d=\"M128 160h320v192H128V160zm400 96c0 26.51 21.49 48 48 48v96c0 26.51-21.49 48-48 48H48c-26.51 0-48-21.49-48-48v-96c26.51 0 48-21.49 48-48s-21.49-48-48-48v-96c0-26.51 21.49-48 48-48h480c26.51 0 48 21.49 48 48v96c-26.51 0-48 21.49-48 48zm-48-104c0-13.255-10.745-24-24-24H120c-13.255 0-24 10.745-24 24v208c0 13.255 10.745 24 24 24h336c13.255 0 24-10.745 24-24V152z\"><\/path><\/svg>\t\t\t<\/span>\n\t\t\t\t\t\t\t\t\t<span class=\"elementor-button-text\">Acquista biglietti<\/span>\n\t\t\t\t\t<\/span>\n\t\t\t\t\t<\/a>\n\t\t\t\t<\/div>\n\t\t\t\t\t\t\t\t<\/div>\n\t\t\t\t<\/div>\n\t\t\t\t\t<\/div>\n\t\t\t\t<\/div>\n\t\t<div data-dce-background-overlay-image-url=\"https:\/\/cuevadenerja.es\/wp-content\/uploads\/2024\/01\/Descubridores1959.jpg\" class=\"elementor-element elementor-element-e3ae1ff e-flex e-con-boxed e-con e-parent\" data-id=\"e3ae1ff\" data-element_type=\"container\" data-e-type=\"container\" data-settings=\"{&quot;background_background&quot;:&quot;classic&quot;}\">\n\t\t\t\t\t<div class=\"e-con-inner\">\n\t\t<div class=\"elementor-element elementor-element-6308ddb e-con-full e-flex e-con e-child\" data-id=\"6308ddb\" data-element_type=\"container\" data-e-type=\"container\">\n\t\t\t\t<div class=\"elementor-element elementor-element-a7503c4 elementor-widget elementor-widget-text-editor\" data-id=\"a7503c4\" data-element_type=\"widget\" data-e-type=\"widget\" data-widget_type=\"text-editor.default\">\n\t\t\t\t<div class=\"elementor-widget-container\">\n\t\t\t\t\t\t\t\t\t<p>Grotta di Nerja<\/p>\t\t\t\t\t\t\t\t<\/div>\n\t\t\t\t<\/div>\n\t\t\t\t<div class=\"elementor-element elementor-element-26c271c elementor-widget elementor-widget-heading\" data-id=\"26c271c\" data-element_type=\"widget\" data-e-type=\"widget\" data-widget_type=\"heading.default\">\n\t\t\t\t<div class=\"elementor-widget-container\">\n\t\t\t\t\t<h1 class=\"elementor-heading-title elementor-size-default\">Scoperta della Grotta di Nerja\n\n\n\n\n\n<\/h1>\t\t\t\t<\/div>\n\t\t\t\t<\/div>\n\t\t\t\t<div class=\"elementor-element elementor-element-483f1d9 elementor-widget elementor-widget-text-editor\" data-id=\"483f1d9\" data-element_type=\"widget\" data-e-type=\"widget\" data-widget_type=\"text-editor.default\">\n\t\t\t\t<div class=\"elementor-widget-container\">\n\t\t\t\t\t\t\t\t\t<div class=\"w-full text-token-text-primary\" data-testid=\"conversation-turn-61\"><div class=\"px-4 py-2 justify-center text-base md:gap-6 m-auto\"><div class=\"flex flex-1 text-base mx-auto gap-3 md:px-5 lg:px-1 xl:px-5 md:max-w-3xl lg:max-w-[40rem] xl:max-w-[48rem] group\"><div class=\"relative flex w-full flex-col agent-turn\"><div class=\"flex-col gap-1 md:gap-3\"><div class=\"flex flex-grow flex-col max-w-full\"><div class=\"min-h-[20px] text-message flex flex-col items-start gap-3 whitespace-pre-wrap break-words [.text-message+&amp;]:mt-5 overflow-x-auto\" data-message-author-role=\"assistant\" data-message-id=\"5b1ddffc-36b0-44f2-b185-0f6fabea87bf\"><div class=\"markdown prose w-full break-words dark:prose-invert light\"><p>La <strong>scoperta<\/strong> della <strong>Grotta di Nerja<\/strong> ha cambiato la <strong>storia del turismo<\/strong> in <strong>Spagna<\/strong> e ha rappresentato un ulteriore <strong>incentivo<\/strong> per la <strong>Costa del Sol<\/strong> che, gi\u00e0 negli anni &#8217;60, iniziava a posizionarsi come uno dei luoghi di vacanza preferiti sia dal pubblico <strong>nazionale<\/strong> che da quello <strong>internazionale<\/strong>.<\/p><\/div><\/div><\/div><\/div><\/div><\/div><\/div><\/div>\t\t\t\t\t\t\t\t<\/div>\n\t\t\t\t<\/div>\n\t\t\t\t<\/div>\n\t\t\t\t\t<\/div>\n\t\t\t\t<\/div>\n\t\t<div class=\"elementor-element elementor-element-39b0335 e-con-full e-flex e-con e-parent\" data-id=\"39b0335\" data-element_type=\"container\" data-e-type=\"container\" data-settings=\"{&quot;background_background&quot;:&quot;classic&quot;}\">\n\t\t<div class=\"elementor-element elementor-element-cacc481 e-con-full e-flex e-con e-child\" data-id=\"cacc481\" data-element_type=\"container\" data-e-type=\"container\" data-settings=\"{&quot;background_background&quot;:&quot;classic&quot;}\">\n\t\t\t\t<div class=\"elementor-element elementor-element-ac7122b elementor-widget elementor-widget-heading\" data-id=\"ac7122b\" data-element_type=\"widget\" data-e-type=\"widget\" data-widget_type=\"heading.default\">\n\t\t\t\t<div class=\"elementor-widget-container\">\n\t\t\t\t\t<h2 class=\"elementor-heading-title elementor-size-default\">Descubrimiento de la Cueva de Nerja Descubrimiento de la Cueva de Nerja Descubrimiento de la Cueva de Nerja Descubrimiento de la Cueva de Nerja Descubrimiento de la Cueva de Nerja Descubrimiento de la Cueva de Nerja Descubrimiento de la Cueva de Nerja Descubrimiento de la Cueva de Nerja Descubrimiento de la Cueva de Nerja Descubrimiento de la Cueva de Nerja Descubrimiento de la Cueva de Nerja Descubrimiento de la Cueva de Nerja Descubrimiento de la Cueva de Nerja Descubrimiento de la Cueva de Nerja Descubrimiento de la Cueva de Nerja Descubrimiento de la Cueva de Nerja Descubrimiento de la Cueva de Nerja Descubrimiento de la Cueva de Nerja Descubrimiento de la Cueva de Nerja Descubrimiento de la Cueva de Nerja Descubrimiento de la Cueva de Nerja Descubrimiento de la Cueva de Nerja Descubrimiento de la Cueva de Nerja Descubrimiento de la Cueva de Nerja Descubrimiento de la Cueva de Nerja Descubrimiento de la Cueva de Nerja Descubrimiento de la Cueva de Nerja Descubrimiento de la Cueva de Nerja Descubrimiento de la Cueva de Nerja <\/h2>\t\t\t\t<\/div>\n\t\t\t\t<\/div>\n\t\t\t\t<\/div>\n\t\t\t\t<\/div>\n\t\t<div class=\"elementor-element elementor-element-4208341 e-flex e-con-boxed e-con e-parent\" data-id=\"4208341\" data-element_type=\"container\" data-e-type=\"container\" data-settings=\"{&quot;background_background&quot;:&quot;classic&quot;}\">\n\t\t\t\t\t<div class=\"e-con-inner\">\n\t\t<div class=\"elementor-element elementor-element-5e2ff63 e-con-full e-flex e-con e-child\" data-id=\"5e2ff63\" data-element_type=\"container\" data-e-type=\"container\">\n\t\t\t\t<div class=\"elementor-element elementor-element-71369e3 elementor-widget elementor-widget-text-editor\" data-id=\"71369e3\" data-element_type=\"widget\" data-e-type=\"widget\" data-widget_type=\"text-editor.default\">\n\t\t\t\t<div class=\"elementor-widget-container\">\n\t\t\t\t\t\t\t\t\t<h3><span style=\"color: #b7916c;\"><strong>La Grotta di Nerja viene scoperta nel 1959<\/strong><\/span><\/h3>\nLa Grotta di Nerja fu scoperta il 12 gennaio 1959 da 5 ragazzi: Jos\u00e9 Luis Barbero, i fratelli Manuel e Miguel Mu\u00f1oz, Francisco Navas e Jos\u00e9 Torres.\nFrequentavano spesso una piccola cavit\u00e0 conosciuta come &#8220;Le Miniere del Cimitero&#8221; ma quel giorno decisero di entrare attraverso una stretta apertura da cui accedevano i pipistrelli, da l\u00ec raggiunsero un grande spazio -oggi chiamato Sala della Cascata o del Balletto- e continuarono ad avanzare fino alla Sala dei Fantasmi, come \u00e8 conosciuta ora.\n\nIn quest&#8217;ultima zona trovarono 2 scheletri sul suolo, il che li port\u00f2 a pensare che fossero di altri esploratori che, come loro, erano entrati e non erano riusciti a uscire. Per questo motivo, decisero di ritracciare il percorso fatto e uscire in superficie.\n\nComunicarono la loro scoperta a 2 dei loro insegnanti: Carlos Saura e Manoli Mora, che li accompagnaron nella grotta giorni dopo e verificarono il ritrovamento.\n\nIniziava l&#8217;avventura della Grotta di Nerja nell&#8217;epoca attuale\u2026\n\nTre mesi dopo la scoperta, il 19 aprile, il fotografo di Nerja, Jos\u00e9 Padial, immortalava la cavit\u00e0, delle immagini che furono pubblicate quello stesso mese nel Diario Sur di Malaga, rendendo nota al mondo la Grotta di Nerja.\n\nIl 17 novembre, dello stesso 1959, Francisco Navas scopre le Gallerie Alte della Grotta di Nerja e, 10 anni pi\u00f9 tardi, vengono scoperte le Gallerie Nuove, grazie alle esplorazioni speleologiche sistematiche nella cavit\u00e0, a cura della Sezione di Speleologia del Museo Archeologico provinciale di Malaga. Entrambe le zone non possono essere visitate per motivi di conservazione e di accessibilit\u00e0.\n\n<h3><span style=\"color: #b7916c;\"><strong>L&#8217;abilitazione turistica dopo la scoperta della Grotta di Nerja<\/strong><\/span><\/h3>\nI lavori di adeguamento turistico della Grotta di Nerja iniziarono nel settembre del 1959, otto mesi dopo la sua scoperta. L&#8217;obiettivo era creare un accesso pi\u00f9 praticabile rispetto alla piccola dolina utilizzata dai scopritori. Cos\u00ec venne creata l&#8217;attuale entrata alla cavit\u00e0.\nInoltre, i vari dislivelli presenti all&#8217;interno della grotta furono risolti mediante la costruzione di diverse scale.\n\n<h3><span style=\"color: #b7916c;\"><strong>Inaugurazione della Grotta di Nerja<\/strong><\/span><\/h3>\nIl 12 giugno del 1960 viene ufficialmente inaugurata la Grotta di Nerja. Una volta terminati i lavori di adeguamento per il suo uso turistico, 1 anno e 5 mesi dopo la sua scoperta.\nIn questa cerimonia di inaugurazione si esib\u00ec il Balletto Le Tour de Paris, nella Sala della Cascata. Questa esibizione dar\u00e0 luogo, in seguito, al Festival di Musica della Grotta di Nerja che perdura fino ai nostri giorni.\n\nLa scoperta della Grotta di Nerja ha cambiato per sempre la vita nella localit\u00e0. Nerja smette di essere un paese dedito all&#8217;agricoltura e alla pesca per trasformarsi, progressivamente, in una zona molto apprezzata turisticamente.\t\t\t\t\t\t\t\t<\/div>\n\t\t\t\t<\/div>\n\t\t<div class=\"elementor-element elementor-element-10ff2a5 e-grid e-con-boxed e-con e-child\" data-id=\"10ff2a5\" data-element_type=\"container\" data-e-type=\"container\">\n\t\t\t\t\t<div class=\"e-con-inner\">\n\t\t\t\t<div class=\"elementor-element elementor-element-6200871 elementor-widget elementor-widget-image\" data-id=\"6200871\" data-element_type=\"widget\" data-e-type=\"widget\" data-widget_type=\"image.default\">\n\t\t\t\t<div class=\"elementor-widget-container\">\n\t\t\t\t\t\t\t\t\t\t\t\t\t\t\t<img fetchpriority=\"high\" decoding=\"async\" width=\"770\" height=\"480\" src=\"https:\/\/cuevadenerja.es\/wp-content\/uploads\/2024\/01\/Descubridores1959.jpg\" class=\"attachment-large size-large wp-image-18816\" alt=\"\" srcset=\"https:\/\/cuevadenerja.es\/wp-content\/uploads\/2024\/01\/Descubridores1959.jpg 770w, https:\/\/cuevadenerja.es\/wp-content\/uploads\/2024\/01\/Descubridores1959-300x187.jpg 300w, https:\/\/cuevadenerja.es\/wp-content\/uploads\/2024\/01\/Descubridores1959-768x479.jpg 768w\" sizes=\"(max-width: 770px) 100vw, 770px\" \/>\t\t\t\t\t\t\t\t\t\t\t\t\t\t\t<\/div>\n\t\t\t\t<\/div>\n\t\t\t\t<div class=\"elementor-element elementor-element-31ab340 elementor-widget elementor-widget-image\" data-id=\"31ab340\" data-element_type=\"widget\" data-e-type=\"widget\" data-widget_type=\"image.default\">\n\t\t\t\t<div class=\"elementor-widget-container\">\n\t\t\t\t\t\t\t\t\t\t\t\t\t\t\t<img decoding=\"async\" width=\"770\" height=\"480\" src=\"https:\/\/cuevadenerja.es\/wp-content\/uploads\/2023\/11\/entrada-cueva-antigua.jpg\" class=\"attachment-large size-large wp-image-18814\" alt=\"\" srcset=\"https:\/\/cuevadenerja.es\/wp-content\/uploads\/2023\/11\/entrada-cueva-antigua.jpg 770w, https:\/\/cuevadenerja.es\/wp-content\/uploads\/2023\/11\/entrada-cueva-antigua-300x187.jpg 300w, https:\/\/cuevadenerja.es\/wp-content\/uploads\/2023\/11\/entrada-cueva-antigua-768x479.jpg 768w\" sizes=\"(max-width: 770px) 100vw, 770px\" \/>\t\t\t\t\t\t\t\t\t\t\t\t\t\t\t<\/div>\n\t\t\t\t<\/div>\n\t\t\t\t\t<\/div>\n\t\t\t\t<\/div>\n\t\t\t\t<\/div>\n\t\t\t\t\t<\/div>\n\t\t\t\t<\/div>\n\t\t\t\t<\/div>\n\t\t","protected":false},"excerpt":{"rendered":"<p>Il tuo biglietto online al miglior prezzo e evita code Acquista biglietti Grotta di Nerja Scoperta della Grotta di Nerja La scoperta della Grotta di Nerja ha cambiato la storia del turismo in Spagna e ha rappresentato un ulteriore incentivo per la Costa del Sol che, gi\u00e0 negli anni &#8217;60, iniziava a posizionarsi come uno [&hellip;]<\/p>\n","protected":false},"author":1,"featured_media":0,"parent":18764,"menu_order":1,"comment_status":"closed","ping_status":"closed","template":"","meta":{"inline_featured_image":false,"site-sidebar-layout":"no-sidebar","site-content-layout":"page-builder","ast-site-content-layout":"full-width-container","site-content-style":"default","site-sidebar-style":"default","ast-global-header-display":"","ast-banner-title-visibility":"","ast-main-header-display":"","ast-hfb-above-header-display":"","ast-hfb-below-header-display":"","ast-hfb-mobile-header-display":"","site-post-title":"disabled","ast-breadcrumbs-content":"","ast-featured-img":"disabled","footer-sml-layout":"","ast-disable-related-posts":"","theme-transparent-header-meta":"default","adv-header-id-meta":"","stick-header-meta":"default","header-above-stick-meta":"","header-main-stick-meta":"","header-below-stick-meta":"","astra-migrate-meta-layouts":"set","ast-page-background-enabled":"default","ast-page-background-meta":{"desktop":{"background-color":"var(--ast-global-color-4)","background-image":"","background-repeat":"repeat","background-position":"center center","background-size":"auto","background-attachment":"scroll","background-type":"","background-media":"","overlay-type":"","overlay-color":"","overlay-opacity":"","overlay-gradient":""},"tablet":{"background-color":"","background-image":"","background-repeat":"repeat","background-position":"center center","background-size":"auto","background-attachment":"scroll","background-type":"","background-media":"","overlay-type":"","overlay-color":"","overlay-opacity":"","overlay-gradient":""},"mobile":{"background-color":"","background-image":"","background-repeat":"repeat","background-position":"center center","background-size":"auto","background-attachment":"scroll","background-type":"","background-media":"","overlay-type":"","overlay-color":"","overlay-opacity":"","overlay-gradient":""}},"ast-content-background-meta":{"desktop":{"background-color":"var(--ast-global-color-5)","background-image":"","background-repeat":"repeat","background-position":"center center","background-size":"auto","background-attachment":"scroll","background-type":"","background-media":"","overlay-type":"","overlay-color":"","overlay-opacity":"","overlay-gradient":""},"tablet":{"background-color":"var(--ast-global-color-5)","background-image":"","background-repeat":"repeat","background-position":"center center","background-size":"auto","background-attachment":"scroll","background-type":"","background-media":"","overlay-type":"","overlay-color":"","overlay-opacity":"","overlay-gradient":""},"mobile":{"background-color":"var(--ast-global-color-5)","background-image":"","background-repeat":"repeat","background-position":"center center","background-size":"auto","background-attachment":"scroll","background-type":"","background-media":"","overlay-type":"","overlay-color":"","overlay-opacity":"","overlay-gradient":""}},"footnotes":""},"class_list":["post-18813","page","type-page","status-publish","hentry"],"_links":{"self":[{"href":"https:\/\/cuevadenerja.es\/it\/wp-json\/wp\/v2\/pages\/18813","targetHints":{"allow":["GET"]}}],"collection":[{"href":"https:\/\/cuevadenerja.es\/it\/wp-json\/wp\/v2\/pages"}],"about":[{"href":"https:\/\/cuevadenerja.es\/it\/wp-json\/wp\/v2\/types\/page"}],"author":[{"embeddable":true,"href":"https:\/\/cuevadenerja.es\/it\/wp-json\/wp\/v2\/users\/1"}],"replies":[{"embeddable":true,"href":"https:\/\/cuevadenerja.es\/it\/wp-json\/wp\/v2\/comments?post=18813"}],"version-history":[{"count":0,"href":"https:\/\/cuevadenerja.es\/it\/wp-json\/wp\/v2\/pages\/18813\/revisions"}],"up":[{"embeddable":true,"href":"https:\/\/cuevadenerja.es\/it\/wp-json\/wp\/v2\/pages\/18764"}],"wp:attachment":[{"href":"https:\/\/cuevadenerja.es\/it\/wp-json\/wp\/v2\/media?parent=18813"}],"curies":[{"name":"wp","href":"https:\/\/api.w.org\/{rel}","templated":true}]}}