{"id":18584,"date":"2023-06-26T12:28:33","date_gmt":"2023-06-26T10:28:33","guid":{"rendered":"https:\/\/cuevadenerja.es\/?page_id=18584"},"modified":"2024-03-08T10:17:32","modified_gmt":"2024-03-08T09:17:32","slug":"politique-des-cookies","status":"publish","type":"page","link":"https:\/\/cuevadenerja.es\/fr\/politique-des-cookies\/","title":{"rendered":"Politique des cookies"},"content":{"rendered":"\t\t<div data-elementor-type=\"wp-page\" data-elementor-id=\"18584\" class=\"elementor elementor-18584 elementor-96\" data-elementor-post-type=\"page\">\n\t\t\t\t<div class=\"elementor-element elementor-element-e2c08b4 e-flex e-con-boxed e-con e-parent\" data-id=\"e2c08b4\" data-element_type=\"container\" data-e-type=\"container\" data-settings=\"{&quot;background_background&quot;:&quot;classic&quot;}\">\n\t\t\t\t\t<div class=\"e-con-inner\">\n\t\t\t\t<div class=\"elementor-element elementor-element-d4e1c7f elementor-widget elementor-widget-text-editor\" data-id=\"d4e1c7f\" data-element_type=\"widget\" data-e-type=\"widget\" data-widget_type=\"text-editor.default\">\n\t\t\t\t<div class=\"elementor-widget-container\">\n\t\t\t\t\t\t\t\t\t<p>Votre <strong>entr\u00e9e en ligne<\/strong> au meilleur prix et \u00e9vitez les files d&rsquo;attente<\/p>\t\t\t\t\t\t\t\t<\/div>\n\t\t\t\t<\/div>\n\t\t\t\t<div class=\"elementor-element elementor-element-860d8d6 elementor-widget elementor-widget-button\" data-id=\"860d8d6\" data-element_type=\"widget\" data-e-type=\"widget\" data-widget_type=\"button.default\">\n\t\t\t\t<div class=\"elementor-widget-container\">\n\t\t\t\t\t\t\t\t\t<div class=\"elementor-button-wrapper\">\n\t\t\t\t\t<a class=\"elementor-button elementor-button-link elementor-size-sm\" href=\"https:\/\/entradas.cuevadenerja.es\/\" target=\"_blank\">\n\t\t\t\t\t\t<span class=\"elementor-button-content-wrapper\">\n\t\t\t\t\t\t<span class=\"elementor-button-icon\">\n\t\t\t\t<svg aria-hidden=\"true\" class=\"e-font-icon-svg e-fas-ticket-alt\" viewBox=\"0 0 576 512\" xmlns=\"http:\/\/www.w3.org\/2000\/svg\"><path d=\"M128 160h320v192H128V160zm400 96c0 26.51 21.49 48 48 48v96c0 26.51-21.49 48-48 48H48c-26.51 0-48-21.49-48-48v-96c26.51 0 48-21.49 48-48s-21.49-48-48-48v-96c0-26.51 21.49-48 48-48h480c26.51 0 48 21.49 48 48v96c-26.51 0-48 21.49-48 48zm-48-104c0-13.255-10.745-24-24-24H120c-13.255 0-24 10.745-24 24v208c0 13.255 10.745 24 24 24h336c13.255 0 24-10.745 24-24V152z\"><\/path><\/svg>\t\t\t<\/span>\n\t\t\t\t\t\t\t\t\t<span class=\"elementor-button-text\">Acheter des billets<\/span>\n\t\t\t\t\t<\/span>\n\t\t\t\t\t<\/a>\n\t\t\t\t<\/div>\n\t\t\t\t\t\t\t\t<\/div>\n\t\t\t\t<\/div>\n\t\t\t\t\t<\/div>\n\t\t\t\t<\/div>\n\t\t<div data-dce-background-overlay-image-url=\"https:\/\/cuevadenerja.es\/wp-content\/uploads\/2023\/07\/Aviso-legal.jpg\" class=\"elementor-element elementor-element-f3083b7 e-flex e-con-boxed e-con e-parent\" data-id=\"f3083b7\" data-element_type=\"container\" data-e-type=\"container\" data-settings=\"{&quot;background_background&quot;:&quot;classic&quot;}\">\n\t\t\t\t\t<div class=\"e-con-inner\">\n\t\t<div class=\"elementor-element elementor-element-ae44317 e-con-full e-flex e-con e-child\" data-id=\"ae44317\" data-element_type=\"container\" data-e-type=\"container\">\n\t\t\t\t<div class=\"elementor-element elementor-element-a86d07e elementor-widget elementor-widget-text-editor\" data-id=\"a86d07e\" data-element_type=\"widget\" data-e-type=\"widget\" data-widget_type=\"text-editor.default\">\n\t\t\t\t<div class=\"elementor-widget-container\">\n\t\t\t\t\t\t\t\t\t<p>PROTECTION DES DONN\u00c9ES<\/p>\t\t\t\t\t\t\t\t<\/div>\n\t\t\t\t<\/div>\n\t\t\t\t<div class=\"elementor-element elementor-element-c1645f8 elementor-widget elementor-widget-heading\" data-id=\"c1645f8\" data-element_type=\"widget\" data-e-type=\"widget\" data-widget_type=\"heading.default\">\n\t\t\t\t<div class=\"elementor-widget-container\">\n\t\t\t\t\t<h1 class=\"elementor-heading-title elementor-size-default\">POLITIQUE DES COOKIES\n\n\n\n\n\n<\/h1>\t\t\t\t<\/div>\n\t\t\t\t<\/div>\n\t\t\t\t<div class=\"elementor-element elementor-element-5a5b1a6 elementor-widget elementor-widget-text-editor\" data-id=\"5a5b1a6\" data-element_type=\"widget\" data-e-type=\"widget\" data-widget_type=\"text-editor.default\">\n\t\t\t\t<div class=\"elementor-widget-container\">\n\t\t\t\t\t\t\t\t\t<div class=\"w-full text-token-text-primary\" data-testid=\"conversation-turn-289\"><div class=\"px-4 py-2 justify-center text-base md:gap-6 m-auto\"><div class=\"flex flex-1 text-base mx-auto gap-3 md:px-5 lg:px-1 xl:px-5 md:max-w-3xl lg:max-w-[40rem] xl:max-w-[48rem] group\"><div class=\"relative flex w-full flex-col agent-turn\"><div class=\"flex-col gap-1 md:gap-3\"><div class=\"flex flex-grow flex-col max-w-full\"><div class=\"min-h-[20px] text-message flex flex-col items-start gap-3 whitespace-pre-wrap break-words [.text-message+&amp;]:mt-5 overflow-x-auto\" data-message-author-role=\"assistant\" data-message-id=\"098bddc1-b634-4870-994d-c9969b55bde5\"><div class=\"markdown prose w-full break-words dark:prose-invert light\"><p>\u00c0 la Grotte de Nerja, votre vie priv\u00e9e et votre confiance sont essentielles. Notre Avis L\u00e9gal garantit la protection de vos donn\u00e9es personnelles et l&rsquo;utilisation responsable des informations que vous nous fournissez. Nous sommes transparents concernant les aspects l\u00e9gaux et sommes \u00e0 votre disposition pour r\u00e9pondre \u00e0 toute question que vous pourriez avoir.<\/p><\/div><\/div><\/div><\/div><\/div><\/div><\/div><\/div>\t\t\t\t\t\t\t\t<\/div>\n\t\t\t\t<\/div>\n\t\t\t\t<\/div>\n\t\t\t\t\t<\/div>\n\t\t\t\t<\/div>\n\t\t<div class=\"elementor-element elementor-element-d7eeafd e-flex e-con-boxed e-con e-parent\" data-id=\"d7eeafd\" data-element_type=\"container\" data-e-type=\"container\" data-settings=\"{&quot;background_background&quot;:&quot;classic&quot;}\">\n\t\t\t\t\t<div class=\"e-con-inner\">\n\t\t<div class=\"elementor-element elementor-element-797faf9 e-con-full e-flex e-con e-child\" data-id=\"797faf9\" data-element_type=\"container\" data-e-type=\"container\">\n\t\t\t\t<div class=\"elementor-element elementor-element-493b15c elementor-widget elementor-widget-text-editor\" data-id=\"493b15c\" data-element_type=\"widget\" data-e-type=\"widget\" data-widget_type=\"text-editor.default\">\n\t\t\t\t<div class=\"elementor-widget-container\">\n\t\t\t\t\t\t\t\t\tCette page Web, propri\u00e9t\u00e9 de la <strong>FUNDACI\u00d3N P\u00daBLICA DE SERVICIOS CUEVA DE NERJA<\/strong>, ne collecte ni ne c\u00e8de les donn\u00e9es de ses utilisateurs \u00e0 des entreprises tierces sans leur consentement pr\u00e9alable. Les cookies utilis\u00e9s permettent \u00e0 l&rsquo;utilisateur de naviguer sur le site et d&rsquo;utiliser les services qui y sont propos\u00e9s.\n\nLe site Web peut disposer de liens vers d&rsquo;autres sites Web ext\u00e9rieurs \u00e0 notre entreprise, o\u00f9 vous pouvez librement accepter ou refuser la Politique de Confidentialit\u00e9 et les Cookies de ces pages Web. Normalement, si vous naviguez sur Internet, vous pouvez accepter ou refuser les Cookies de tiers dans les navigateurs. L&rsquo;entreprise n&rsquo;est pas responsable du contenu ni de la v\u00e9racit\u00e9 des politiques de confidentialit\u00e9 qui peuvent \u00eatre tenues par les tiers mentionn\u00e9s dans cette politique de cookies.\n\nVous trouverez ci-dessous des informations plus d\u00e9taill\u00e9es sur ce que sont les cookies, quels types de cookies ce site utilise, comment vous pouvez d\u00e9sactiver les cookies dans votre navigateur ou comment d\u00e9sactiver sp\u00e9cifiquement l&rsquo;installation de cookies tiers, et ce qui se passe en cas de d\u00e9sactivation.\n\n<strong>1. Qu&rsquo;est-ce que les cookies ?<\/strong>\n\nLes cookies sont de petits fichiers que certaines plateformes, telles que les sites Web, peuvent installer sur votre ordinateur, smartphone, tablette ou t\u00e9l\u00e9vision connect\u00e9e, lors de l&rsquo;acc\u00e8s \u00e0 celles-ci.\n\nLeurs fonctions peuvent \u00eatre tr\u00e8s vari\u00e9es : stocker vos pr\u00e9f\u00e9rences de navigation, collecter des informations statistiques, permettre certaines fonctionnalit\u00e9s techniques, stocker et r\u00e9cup\u00e9rer des informations sur les habitudes de navigation ou les pr\u00e9f\u00e9rences d&rsquo;un utilisateur ou de son \u00e9quipement jusqu&rsquo;\u00e0, parfois, en fonction des informations qu&rsquo;ils contiennent et de la mani\u00e8re dont vous utilisez votre \u00e9quipement, pouvoir le reconna\u00eetre. Un cookie est stock\u00e9 sur un ordinateur pour personnaliser et faciliter au maximum la navigation de l&rsquo;utilisateur. Les cookies sont associ\u00e9s uniquement \u00e0 un utilisateur et son ordinateur et ne fournissent pas de r\u00e9f\u00e9rences qui permettent de d\u00e9duire des donn\u00e9es personnelles de l&rsquo;utilisateur. L&rsquo;utilisateur peut configurer son navigateur pour notifier ou rejeter l&rsquo;installation des cookies envoy\u00e9s par le site Web.\n\n<strong>2. Pourquoi sont-ils importants ?<\/strong>\n\nLes cookies sont utiles pour plusieurs raisons. D&rsquo;un point de vue technique, ils permettent aux pages Web de fonctionner de mani\u00e8re plus agile et adapt\u00e9e aux pr\u00e9f\u00e9rences de l&rsquo;utilisateur, comme par exemple, stocker sa langue ou la monnaie de son pays. En outre, ils aident les responsables des sites Web \u00e0 am\u00e9liorer les services qu&rsquo;ils offrent, gr\u00e2ce aux informations statistiques collect\u00e9es \u00e0 travers eux. Enfin, ils servent \u00e0 rendre la publicit\u00e9 que nous vous montrons plus efficace.\n\n<strong>3. Quels types de Cookies existent ?<\/strong>\n\nSelon la dur\u00e9e pendant laquelle les cookies restent actifs, ils peuvent \u00eatre :\n\n<strong>.- Cookies de session<\/strong> : con\u00e7us pour collecter et stocker des donn\u00e9es pendant que l&rsquo;utilisateur acc\u00e8de \u00e0 un site Web. Ils sont g\u00e9n\u00e9ralement utilis\u00e9s pour stocker des informations qui ne sont int\u00e9ressantes \u00e0 conserver que pour la fourniture du service demand\u00e9 par l&rsquo;utilisateur lors d&rsquo;une seule occasion (par exemple, une liste de produits achet\u00e9s).\n\n<strong>.- Cookies persistants<\/strong> : ce sont des types de cookies pour lesquels les donn\u00e9es restent stock\u00e9es dans le terminal et peuvent \u00eatre acc\u00e9d\u00e9es et trait\u00e9es pendant une p\u00e9riode d\u00e9finie. Ils ont une date de suppression. Ils sont utilis\u00e9s, par exemple, dans le processus d&rsquo;achat ou d&rsquo;enregistrement pour \u00e9viter d&rsquo;avoir \u00e0 saisir nos donn\u00e9es constamment.\n\nSelon l&rsquo;entit\u00e9 qui g\u00e8re l&rsquo;\u00e9quipement ou le domaine d&rsquo;o\u00f9 les cookies sont envoy\u00e9s et traite les donn\u00e9es obtenues, nous pouvons distinguer :\n\n<strong>.- Cookies propres :<\/strong> Ce sont ceux qui sont envoy\u00e9s \u00e0 l&rsquo;appareil de l&rsquo;utilisateur g\u00e9r\u00e9s exclusivement par nous pour le meilleur fonctionnement du site. Ce sont les cookies g\u00e9n\u00e9r\u00e9s par le site Web que vous visitez.\n\n<strong>.- Cookies de tiers :<\/strong> Ce sont ceux qui sont envoy\u00e9s \u00e0 l&rsquo;appareil de l&rsquo;utilisateur depuis un \u00e9quipement ou un domaine qui n&rsquo;est pas g\u00e9r\u00e9 par nous, mais par une autre entit\u00e9 qui traite les donn\u00e9es obtenues. Ce sont ceux g\u00e9n\u00e9r\u00e9s par des services ou des fournisseurs externes tels que Facebook, Google, etc.\n\nSelon leur finalit\u00e9, ils peuvent \u00eatre :\n\n.- <strong>Cookies techniques<\/strong> : Ce sont ceux qui permettent \u00e0 l&rsquo;utilisateur de naviguer \u00e0 travers un site Web, une plateforme ou une application, et l&rsquo;utilisation des diff\u00e9rentes options ou services qui y existent, y compris ceux que l&rsquo;\u00e9diteur utilise pour permettre la gestion et l&rsquo;op\u00e9rabilit\u00e9 du site Web et activer ses fonctions et services. Appartiennent \u00e9galement \u00e0 cette cat\u00e9gorie, de par leur nature technique, ces cookies qui permettent la gestion, de la mani\u00e8re la plus efficace possible, des espaces publicitaires que, comme un \u00e9l\u00e9ment de plus de conception ou de \u201cmise en page\u201d du service offert \u00e0 l&rsquo;utilisateur, l&rsquo;\u00e9diteur a inclus dans une\n\n page Web, une application ou une plateforme sur la base de crit\u00e8res tels que le contenu \u00e9dit\u00e9, sans collecter d&rsquo;informations des utilisateurs \u00e0 d&rsquo;autres fins, comme peut \u00eatre de personnaliser ce contenu publicitaire ou d&rsquo;autres contenus.\n\n.- <strong>Cookies de pr\u00e9f\u00e9rences ou de personnalisation<\/strong> : ce sont ceux qui permettent de se souvenir des informations pour que l&rsquo;utilisateur acc\u00e8de au service avec certaines caract\u00e9ristiques qui peuvent diff\u00e9rencier son exp\u00e9rience de celle d&rsquo;autres utilisateurs, comme par exemple, la langue, le nombre de r\u00e9sultats \u00e0 montrer lorsque l&rsquo;utilisateur effectue une recherche, l&rsquo;aspect ou le contenu du service en fonction du type de navigateur \u00e0 travers lequel l&rsquo;utilisateur acc\u00e8de au service ou de la r\u00e9gion \u00e0 partir de laquelle il acc\u00e8de au service, etc.\n\n.- <strong>Cookies d&rsquo;analyse ou de mesure<\/strong> : ce sont ceux qui permettent au responsable de ceux-ci le suivi et l&rsquo;analyse du comportement des utilisateurs des sites Web auxquels ils sont li\u00e9s, y compris la quantification des impacts des annonces. Les informations collect\u00e9es par ce type de cookies sont utilis\u00e9es dans la mesure de l&rsquo;activit\u00e9 des sites Web, application ou plateforme, dans le but d&rsquo;introduire des am\u00e9liorations en fonction de l&rsquo;analyse des donn\u00e9es d&rsquo;utilisation faites par les utilisateurs du service.\n\n.- <strong>Cookies de publicit\u00e9 comportementale<\/strong> : ce sont ceux qui stockent des informations sur le comportement des utilisateurs obtenues par l&rsquo;observation continue de leurs habitudes de navigation, ce qui permet de d\u00e9velopper un profil sp\u00e9cifique pour afficher de la publicit\u00e9 en fonction de celui-ci.\n\n<strong>4. Quels types de Cookies utilisons-nous ?<\/strong>\n\nNous vous informons des Cookies utilis\u00e9s par ce site Web :\n<table>\n<tbody>\n<tr>\n<td width=\"121\"><strong>Nom<\/strong><\/td>\n<td width=\"85\"><strong>Type<\/strong><\/td>\n<td width=\"76\"><strong>Propri\u00e9t\u00e9<\/strong><\/td>\n<td width=\"76\"><strong>Dur\u00e9e<\/strong><\/td>\n<td width=\"198\"><strong>Finalit\u00e9<\/strong><\/td>\n<td width=\"170\"><strong>Plus d&rsquo;informations<\/strong><\/td>\n<\/tr>\n<tr>\n<td width=\"121\"><strong>_ga<\/strong><\/td>\n<td width=\"85\">Analytique<\/td>\n<td width=\"76\">Google Analytics<\/td>\n<td width=\"76\">2 ans<\/td>\n<td width=\"198\">Permet la fonction de contr\u00f4le des visites uniques. La premi\u00e8re fois qu&rsquo;un utilisateur entre sur le site Web via un navigateur, ce cookie sera install\u00e9. Lorsque cet utilisateur revient sur le site Web avec le m\u00eame navigateur, le cookie consid\u00e9rera que c&rsquo;est le m\u00eame utilisateur. Seulement dans le cas o\u00f9 l&rsquo;utilisateur change de navigateur, il sera consid\u00e9r\u00e9 comme un autre utilisateur<\/td>\n<td width=\"170\"><a href=\"https:\/\/support.google.com\/analytics\/answer\/181881?hl=fr\" target=\"_blank\" rel=\"noopener\">https:\/\/support.google.com\/analytics\/answer\/181881?hl=fr<\/a><\/td>\n<\/tr>\n<tr>\n<td width=\"121\"><strong>_gat_gtag_UA_135747112_1<\/strong><\/td>\n<td width=\"85\">Analytique<\/td>\n<td width=\"76\">Google Analytics<\/td>\n<td width=\"76\">10 minutes<\/td>\n<td width=\"198\">Utilis\u00e9 pour limiter le taux de demande, limiter la collecte de donn\u00e9es sur les sites \u00e0 fort trafic<\/td>\n<td width=\"170\"><a href=\"https:\/\/support.google.com\/analytics\/answer\/181881?hl=fr\" target=\"_blank\" rel=\"noopener\">https:\/\/support.google.com\/analytics\/answer\/181881?hl=fr<\/a><\/td>\n<\/tr>\n<tr>\n<td width=\"121\"><strong>_gd1603703140584<\/strong><\/td>\n<td width=\"85\">Analytique<\/td>\n<td width=\"76\">Google Analytics<\/td>\n<td width=\"76\">1 jour<\/td>\n<td width=\"198\">Cookies Analytique<\/td>\n<td width=\"170\"><a href=\"https:\/\/support.google.com\/analytics\/answer\/181881?hl=fr\" target=\"_blank\" rel=\"noopener\">https:\/\/support.google.com\/analytics\/answer\/181881?hl=fr<\/a><\/td>\n<\/tr>\n<tr>\n<td width=\"121\"><strong>_gd1603703140586<\/strong><\/td>\n<td width=\"85\">Analytique<\/td>\n<td width=\"76\">Google Analytics<\/td>\n<td width=\"76\">1 jour<\/td>\n<td width=\"198\">Cookies Analytique<\/td>\n<td width=\"170\"><a href=\"https:\/\/support.google.com\/analytics\/answer\/181881?hl=fr\" target=\"_blank\" rel=\"noopener\">https:\/\/support.google.com\/analytics\/answer\/181881?hl=fr<\/a><\/td>\n<\/tr>\n<tr>\n<td width=\"121\"><strong>_gat<\/strong><\/td>\n<td width=\"85\">Analytique<\/td>\n<td width=\"76\">Google Analytics<\/td>\n<td width=\"76\">10 minutes<\/td>\n<td width=\"198\">Utilis\u00e9 pour limiter le taux de demande, limiter la collecte de donn\u00e9es sur les sites \u00e0 fort trafic<\/td>\n<td width=\"170\"><a href=\"https:\/\/support.google.com\/analytics\/answer\/181881?hl=fr\" target=\"_blank\" rel=\"noopener\">https:\/\/support.google.com\/analytics\/answer\/181881?hl=fr<\/a><\/td>\n<\/tr>\n<tr>\n<td width=\"121\"><strong>_gid<\/strong><\/td>\n<td width=\"85\">Analytique<\/td>\n<td width=\"76\">Google Analytics<\/td>\n<td width=\"76\">24 heures<\/td>\n<td width=\"198\">Utilis\u00e9 pour distinguer les utilisateurs<\/td>\n<td width=\"170\"><a href=\"https:\/\/support.google.com\/analytics\/answer\/181881?hl=fr\" target=\"_blank\" rel=\"noopener\">https:\/\/support.google.com\/analytics\/answer\/181881?hl=fr<\/a><\/td>\n<\/tr>\n<tr>\n<td width=\"121\"><strong>_gcl_au<\/strong><\/td>\n<td width=\"85\">Analytique<\/td>\n<td width=\"76\">Google Analytics<\/td>\n<td width=\"76\">3 mois<\/td>\n<td width=\"198\">Google Analytics configure ce cookie pour prendre des informations sur les clics sur les annonces et les stocker dans un cookie source afin que les conversions puissent \u00eatre attribu\u00e9es en dehors de la page de destination<\/td>\n<td width=\"170\"><u>\u00a0<\/u>\n\n<a href=\"https:\/\/support.google.com\/analytics\/answer\/181881?hl=fr\" target=\"_blank\" rel=\"noopener\">https:\/\/support.google\n\n.com\/analytics\/answer\/181881?hl=fr<\/a><\/td>\n<\/tr>\n<tr>\n<td width=\"121\"><strong>_gali<\/strong><\/td>\n<td width=\"85\">Analytique<\/td>\n<td width=\"76\">Google Analytics<\/td>\n<td width=\"76\">1 jour<\/td>\n<td width=\"198\">Utilis\u00e9 par Google Analytics pour enregistrer les \u00e9l\u00e9ments de la page pr\u00e9c\u00e9dente avec lesquels l&rsquo;utilisateur a interagi pour arriver \u00e0 la page actuelle<\/td>\n<td width=\"170\"><a href=\"https:\/\/support.google.com\/analytics\/answer\/181881?hl=fr\" target=\"_blank\" rel=\"noopener\">https:\/\/support.google.com\/analytics\/answer\/181881?hl=fr<\/a><\/td>\n<\/tr>\n<\/tbody>\n<\/table>\n<table style=\"height: 339px;\" width=\"1177\">\n<tbody>\n<tr>\n<td width=\"121\"><strong>cookie_notice_accepted<\/strong><\/td>\n<td width=\"85\">Technique<\/td>\n<td width=\"76\">Propres<\/td>\n<td width=\"76\">1 mois<\/td>\n<td width=\"198\">Configuration des cookies<\/td>\n<td width=\"170\">Politique de Cookies<\/td>\n<\/tr>\n<tr>\n<td width=\"121\"><strong>_fbp<\/strong><\/td>\n<td width=\"85\">Publicitaire<\/td>\n<td width=\"76\">Facebook<\/td>\n<td width=\"76\">3 mois<\/td>\n<td width=\"198\">Ce cookie aide \u00e0 diffuser notre publicit\u00e9 aux personnes qui ont d\u00e9j\u00e0 visit\u00e9 notre site Web lorsqu&rsquo;elles sont sur Facebook ou sur une plateforme num\u00e9rique aliment\u00e9e par la publicit\u00e9 Facebook.<\/td>\n<td width=\"170\">https:\/\/www.facebook.com\/policies\/cookies\/<\/td>\n<\/tr>\n<\/tbody>\n<\/table>\n<strong>\u00a0<\/strong>\n\n<strong>5. Transferts de donn\u00e9es vers des pays tiers.<\/strong>\n\nVous pouvez vous informer des transferts vers des pays tiers qui, le cas \u00e9ch\u00e9ant, sont r\u00e9alis\u00e9s par les tiers identifi\u00e9s dans cette politique de cookies dans leurs politiques respectives. Vous pouvez voir les liens fournis dans la section \u00ab\u00a0Plus d&rsquo;informations\u00a0\u00bb dans le tableau ci-dessus.\n\n<strong>6. Comment puis-je configurer mes pr\u00e9f\u00e9rences ?<\/strong>\n\nVous pouvez autoriser, bloquer ou supprimer les cookies install\u00e9s sur votre \u00e9quipement en configurant les options de votre navigateur Internet.\n\nCi-dessous, nous vous proposons des liens o\u00f9 vous trouverez des informations sur comment vous pouvez activer vos pr\u00e9f\u00e9rences dans les principaux navigateurs :\n\n.- <strong>Explorer, <\/strong>\u00a0<a href=\"https:\/\/support.microsoft.com\/fr-fr\/help\/17442\/windows-internet-explorer-delete-manage-cookies\" target=\"_blank\" rel=\"noopener\">https:\/\/support.microsoft.com\/fr-fr\/help\/17442\/windows-internet-explorer-delete-manage-cookies<\/a>\n\n.- <strong>Chrome<\/strong>, <a href=\"https:\/\/support.google.com\/chrome\/answer\/95647?hl=fr\" target=\"_blank\" rel=\"noopener\">https:\/\/support.google.com\/chrome\/answer\/95647?hl=fr<\/a>\n\n<strong>.- Safari<\/strong>, <a href=\"https:\/\/support.apple.com\/fr-fr\/guide\/safari\/sfri11471\/mac\" target=\"_blank\" rel=\"noopener\">https:\/\/support.apple.com\/fr-fr\/guide\/safari\/sfri11471\/mac<\/a>\n\n<strong>.- Firefox<\/strong>, <a href=\"https:\/\/support.mozilla.org\/fr\/kb\/activer-desactiver-cookies-preferences?redirectlocale=fr&amp;redirectslug=activer-et-desactiver-les-cookies\" target=\"_blank\" rel=\"noopener\">https:\/\/support.mozilla.org\/fr\/kb\/activer-desactiver-cookies-preferences?redirectlocale=fr&amp;redirectslug=activer-et-desactiver-les-cookies<\/a>\n\n<strong>.- Opera, <\/strong><a href=\"https:\/\/help.opera.com\/en\/latest\/web-preferences\/#cookies\" target=\"_blank\" rel=\"noopener\">https:\/\/help.opera.com\/en\/latest\/web-preferences\/#cookies<\/a>\n\n<strong>7. Exercice de vos droits.<\/strong>\n\nVous pouvez consulter dans la Politique de Confidentialit\u00e9 qui figure sur ce site Web les droits qui vous assistent et comment les exercer.\t\t\t\t\t\t\t\t<\/div>\n\t\t\t\t<\/div>\n\t\t\t\t<\/div>\n\t\t\t\t\t<\/div>\n\t\t\t\t<\/div>\n\t\t\t\t<\/div>\n\t\t","protected":false},"excerpt":{"rendered":"<p>Votre entr\u00e9e en ligne au meilleur prix et \u00e9vitez les files d&rsquo;attente Acheter des billets PROTECTION DES DONN\u00c9ES POLITIQUE DES COOKIES \u00c0 la Grotte de Nerja, votre vie priv\u00e9e et votre confiance sont essentielles. Notre Avis L\u00e9gal garantit la protection de vos donn\u00e9es personnelles et l&rsquo;utilisation responsable des informations que vous nous fournissez. Nous sommes [&hellip;]<\/p>\n","protected":false},"author":1,"featured_media":0,"parent":0,"menu_order":0,"comment_status":"closed","ping_status":"closed","template":"","meta":{"inline_featured_image":false,"site-sidebar-layout":"no-sidebar","site-content-layout":"page-builder","ast-site-content-layout":"full-width-container","site-content-style":"unboxed","site-sidebar-style":"unboxed","ast-global-header-display":"","ast-banner-title-visibility":"","ast-main-header-display":"","ast-hfb-above-header-display":"","ast-hfb-below-header-display":"","ast-hfb-mobile-header-display":"","site-post-title":"disabled","ast-breadcrumbs-content":"","ast-featured-img":"disabled","footer-sml-layout":"","ast-disable-related-posts":"","theme-transparent-header-meta":"default","adv-header-id-meta":"","stick-header-meta":"default","header-above-stick-meta":"","header-main-stick-meta":"","header-below-stick-meta":"","astra-migrate-meta-layouts":"set","ast-page-background-enabled":"default","ast-page-background-meta":{"desktop":{"background-color":"var(--ast-global-color-4)","background-image":"","background-repeat":"repeat","background-position":"center center","background-size":"auto","background-attachment":"scroll","background-type":"","background-media":"","overlay-type":"","overlay-color":"","overlay-opacity":"","overlay-gradient":""},"tablet":{"background-color":"","background-image":"","background-repeat":"repeat","background-position":"center center","background-size":"auto","background-attachment":"scroll","background-type":"","background-media":"","overlay-type":"","overlay-color":"","overlay-opacity":"","overlay-gradient":""},"mobile":{"background-color":"","background-image":"","background-repeat":"repeat","background-position":"center center","background-size":"auto","background-attachment":"scroll","background-type":"","background-media":"","overlay-type":"","overlay-color":"","overlay-opacity":"","overlay-gradient":""}},"ast-content-background-meta":{"desktop":{"background-color":"var(--ast-global-color-5)","background-image":"","background-repeat":"repeat","background-position":"center center","background-size":"auto","background-attachment":"scroll","background-type":"","background-media":"","overlay-type":"","overlay-color":"","overlay-opacity":"","overlay-gradient":""},"tablet":{"background-color":"var(--ast-global-color-5)","background-image":"","background-repeat":"repeat","background-position":"center center","background-size":"auto","background-attachment":"scroll","background-type":"","background-media":"","overlay-type":"","overlay-color":"","overlay-opacity":"","overlay-gradient":""},"mobile":{"background-color":"var(--ast-global-color-5)","background-image":"","background-repeat":"repeat","background-position":"center center","background-size":"auto","background-attachment":"scroll","background-type":"","background-media":"","overlay-type":"","overlay-color":"","overlay-opacity":"","overlay-gradient":""}},"footnotes":""},"class_list":["post-18584","page","type-page","status-publish","hentry"],"_links":{"self":[{"href":"https:\/\/cuevadenerja.es\/fr\/wp-json\/wp\/v2\/pages\/18584","targetHints":{"allow":["GET"]}}],"collection":[{"href":"https:\/\/cuevadenerja.es\/fr\/wp-json\/wp\/v2\/pages"}],"about":[{"href":"https:\/\/cuevadenerja.es\/fr\/wp-json\/wp\/v2\/types\/page"}],"author":[{"embeddable":true,"href":"https:\/\/cuevadenerja.es\/fr\/wp-json\/wp\/v2\/users\/1"}],"replies":[{"embeddable":true,"href":"https:\/\/cuevadenerja.es\/fr\/wp-json\/wp\/v2\/comments?post=18584"}],"version-history":[{"count":0,"href":"https:\/\/cuevadenerja.es\/fr\/wp-json\/wp\/v2\/pages\/18584\/revisions"}],"wp:attachment":[{"href":"https:\/\/cuevadenerja.es\/fr\/wp-json\/wp\/v2\/media?parent=18584"}],"curies":[{"name":"wp","href":"https:\/\/api.w.org\/{rel}","templated":true}]}}