{"id":18572,"date":"2023-06-26T12:27:41","date_gmt":"2023-06-26T10:27:41","guid":{"rendered":"https:\/\/cuevadenerja.es\/?page_id=18572"},"modified":"2024-03-07T14:54:10","modified_gmt":"2024-03-07T13:54:10","slug":"avis-legal","status":"publish","type":"page","link":"https:\/\/cuevadenerja.es\/fr\/avis-legal\/","title":{"rendered":"Avis L\u00e9gal"},"content":{"rendered":"\t\t<div data-elementor-type=\"wp-page\" data-elementor-id=\"18572\" class=\"elementor elementor-18572 elementor-92\" data-elementor-post-type=\"page\">\n\t\t\t\t<div class=\"elementor-element elementor-element-85d7455 e-flex e-con-boxed e-con e-parent\" data-id=\"85d7455\" data-element_type=\"container\" data-e-type=\"container\" data-settings=\"{&quot;background_background&quot;:&quot;classic&quot;}\">\n\t\t\t\t\t<div class=\"e-con-inner\">\n\t\t\t\t<div class=\"elementor-element elementor-element-ff97192 elementor-widget elementor-widget-text-editor\" data-id=\"ff97192\" data-element_type=\"widget\" data-e-type=\"widget\" data-widget_type=\"text-editor.default\">\n\t\t\t\t<div class=\"elementor-widget-container\">\n\t\t\t\t\t\t\t\t\t<p>Votre <strong>entr\u00e9e en ligne<\/strong> au meilleur prix et \u00e9vitez les files d&rsquo;attente<\/p>\t\t\t\t\t\t\t\t<\/div>\n\t\t\t\t<\/div>\n\t\t\t\t<div class=\"elementor-element elementor-element-b07de79 elementor-widget elementor-widget-button\" data-id=\"b07de79\" data-element_type=\"widget\" data-e-type=\"widget\" data-widget_type=\"button.default\">\n\t\t\t\t<div class=\"elementor-widget-container\">\n\t\t\t\t\t\t\t\t\t<div class=\"elementor-button-wrapper\">\n\t\t\t\t\t<a class=\"elementor-button elementor-button-link elementor-size-sm\" href=\"https:\/\/entradas.cuevadenerja.es\/\" target=\"_blank\">\n\t\t\t\t\t\t<span class=\"elementor-button-content-wrapper\">\n\t\t\t\t\t\t<span class=\"elementor-button-icon\">\n\t\t\t\t<svg aria-hidden=\"true\" class=\"e-font-icon-svg e-fas-ticket-alt\" viewBox=\"0 0 576 512\" xmlns=\"http:\/\/www.w3.org\/2000\/svg\"><path d=\"M128 160h320v192H128V160zm400 96c0 26.51 21.49 48 48 48v96c0 26.51-21.49 48-48 48H48c-26.51 0-48-21.49-48-48v-96c26.51 0 48-21.49 48-48s-21.49-48-48-48v-96c0-26.51 21.49-48 48-48h480c26.51 0 48 21.49 48 48v96c-26.51 0-48 21.49-48 48zm-48-104c0-13.255-10.745-24-24-24H120c-13.255 0-24 10.745-24 24v208c0 13.255 10.745 24 24 24h336c13.255 0 24-10.745 24-24V152z\"><\/path><\/svg>\t\t\t<\/span>\n\t\t\t\t\t\t\t\t\t<span class=\"elementor-button-text\">Acheter des billets<\/span>\n\t\t\t\t\t<\/span>\n\t\t\t\t\t<\/a>\n\t\t\t\t<\/div>\n\t\t\t\t\t\t\t\t<\/div>\n\t\t\t\t<\/div>\n\t\t\t\t\t<\/div>\n\t\t\t\t<\/div>\n\t\t<div data-dce-background-overlay-image-url=\"https:\/\/cuevadenerja.es\/wp-content\/uploads\/2023\/07\/Aviso-legal.jpg\" class=\"elementor-element elementor-element-6f30cdf e-flex e-con-boxed e-con e-parent\" data-id=\"6f30cdf\" data-element_type=\"container\" data-e-type=\"container\" data-settings=\"{&quot;background_background&quot;:&quot;classic&quot;}\">\n\t\t\t\t\t<div class=\"e-con-inner\">\n\t\t<div class=\"elementor-element elementor-element-fb71d80 e-con-full e-flex e-con e-child\" data-id=\"fb71d80\" data-element_type=\"container\" data-e-type=\"container\">\n\t\t\t\t<div class=\"elementor-element elementor-element-6aecc1f elementor-widget elementor-widget-text-editor\" data-id=\"6aecc1f\" data-element_type=\"widget\" data-e-type=\"widget\" data-widget_type=\"text-editor.default\">\n\t\t\t\t<div class=\"elementor-widget-container\">\n\t\t\t\t\t\t\t\t\t<p>PROTECTION DES DONN\u00c9ES<\/p>\t\t\t\t\t\t\t\t<\/div>\n\t\t\t\t<\/div>\n\t\t\t\t<div class=\"elementor-element elementor-element-333c314 elementor-widget elementor-widget-heading\" data-id=\"333c314\" data-element_type=\"widget\" data-e-type=\"widget\" data-widget_type=\"heading.default\">\n\t\t\t\t<div class=\"elementor-widget-container\">\n\t\t\t\t\t<h1 class=\"elementor-heading-title elementor-size-default\">AVIS L\u00c9GAL\n\n<\/h1>\t\t\t\t<\/div>\n\t\t\t\t<\/div>\n\t\t\t\t<div class=\"elementor-element elementor-element-c88cb32 elementor-widget elementor-widget-text-editor\" data-id=\"c88cb32\" data-element_type=\"widget\" data-e-type=\"widget\" data-widget_type=\"text-editor.default\">\n\t\t\t\t<div class=\"elementor-widget-container\">\n\t\t\t\t\t\t\t\t\t<p>\u00c0 la Grotte de Nerja, votre vie priv\u00e9e et votre confiance sont fondamentales. Notre Avis L\u00e9gal garantit la protection de vos donn\u00e9es personnelles et l&rsquo;utilisation responsable des informations que vous nous fournissez. Nous sommes transparents concernant les aspects l\u00e9gaux et sommes \u00e0 votre disposition pour r\u00e9pondre \u00e0 toute question que vous pourriez avoir.<\/p>\t\t\t\t\t\t\t\t<\/div>\n\t\t\t\t<\/div>\n\t\t\t\t<\/div>\n\t\t\t\t\t<\/div>\n\t\t\t\t<\/div>\n\t\t<div class=\"elementor-element elementor-element-df06904 e-flex e-con-boxed e-con e-parent\" data-id=\"df06904\" data-element_type=\"container\" data-e-type=\"container\" data-settings=\"{&quot;background_background&quot;:&quot;classic&quot;}\">\n\t\t\t\t\t<div class=\"e-con-inner\">\n\t\t<div class=\"elementor-element elementor-element-642e131 e-con-full e-flex e-con e-child\" data-id=\"642e131\" data-element_type=\"container\" data-e-type=\"container\">\n\t\t\t\t<div class=\"elementor-element elementor-element-87b3027 elementor-widget elementor-widget-text-editor\" data-id=\"87b3027\" data-element_type=\"widget\" data-e-type=\"widget\" data-widget_type=\"text-editor.default\">\n\t\t\t\t<div class=\"elementor-widget-container\">\n\t\t\t\t\t\t\t\t\t<p>En conformit\u00e9 avec la Loi 34\/2002, du 11 juillet, sur les services de la soci\u00e9t\u00e9 de l&rsquo;information et du commerce \u00e9lectronique (LSSI), nous vous informons que le pr\u00e9sent site web \u00e0 l&rsquo;adresse <strong><a href=\"http:\/\/www.cuevadenerja.es\/\" target=\"_new\">www.cuevadenerja.es<\/a><\/strong> est la propri\u00e9t\u00e9 de l&rsquo;entreprise <strong>Fundacion Publica de Servicios Cueva de Nerja avec CIF G29162278 domicili\u00e9e \u00e0 Paseo de Sancha, 64. 29017 Malaga et courriel <a target=\"_new\">admon@cuevadenerja.es<\/a><\/strong>, ci-apr\u00e8s \u00ab l&rsquo;Entreprise \u00bb.<\/p><p><strong>Conditions G\u00e9n\u00e9rales d&rsquo;utilisation :<\/strong> Les pr\u00e9sentes conditions g\u00e9n\u00e9rales d&rsquo;utilisation r\u00e9glementent les termes et conditions d&rsquo;acc\u00e8s et d&rsquo;utilisation de ce site web, propri\u00e9t\u00e9 de l&rsquo;Entreprise, que l&rsquo;utilisateur du Portail devra lire et accepter pour utiliser tous les services et informations fournis depuis le portail. L&rsquo;acc\u00e8s simple et\/ou l&rsquo;utilisation du portail, de tout ou partie de ses contenus et\/ou services signifie l&rsquo;acceptation pleine et enti\u00e8re des pr\u00e9sentes conditions g\u00e9n\u00e9rales d&rsquo;utilisation. Elles r\u00e9glementent \u00e9galement l&rsquo;acc\u00e8s et l&rsquo;utilisation du portail, y compris les contenus et les services mis \u00e0 disposition des utilisateurs sur et\/ou \u00e0 travers le portail, que ce soit par le portail, par ses utilisateurs ou par des tiers. Cependant, l&rsquo;acc\u00e8s et l&rsquo;utilisation de certains contenus et\/ou services peuvent \u00eatre soumis \u00e0 certaines conditions sp\u00e9cifiques.<\/p><p><strong>Modifications :<\/strong> L&rsquo;entreprise se r\u00e9serve le droit de modifier \u00e0 tout moment les conditions g\u00e9n\u00e9rales d&rsquo;utilisation du portail. Dans tous les cas, il est recommand\u00e9 de consulter p\u00e9riodiquement les pr\u00e9sents termes d&rsquo;utilisation du portail, car ils peuvent \u00eatre modifi\u00e9s.<\/p><p><strong>Obligations de l&rsquo;Utilisateur :<\/strong> L&rsquo;utilisateur doit respecter \u00e0 tout moment les termes et conditions \u00e9tablis dans les pr\u00e9sentes conditions g\u00e9n\u00e9rales d&rsquo;utilisation du portail. Express\u00e9ment, l&rsquo;utilisateur d\u00e9clare qu&rsquo;il utilisera le portail de mani\u00e8re diligente et assumant toute responsabilit\u00e9 qui pourrait d\u00e9couler de la violation des normes. De m\u00eame, l&rsquo;utilisateur ne pourra pas utiliser le portail pour transmettre, stocker, divulguer promouvoir ou distribuer des donn\u00e9es ou contenus qui sont porteurs de virus ou tout autre code informatique, fichiers ou programmes con\u00e7us pour interrompre, d\u00e9truire ou nuire au fonctionnement de tout programme ou \u00e9quipement informatique ou de t\u00e9l\u00e9communications.<\/p><p><strong>Propri\u00e9t\u00e9 industrielle et intellectuelle :<\/strong> Les contenus de la page web de l&rsquo;Entreprise sont la propri\u00e9t\u00e9 de l&rsquo;Entreprise. Par la pr\u00e9sente, tous droits non express\u00e9ment accord\u00e9s sont r\u00e9serv\u00e9s. La reproduction, transfert, distribution ou stockage des contenus, en totalit\u00e9 ou en partie, par tout moyen, sans l&rsquo;autorisation pr\u00e9alable \u00e9crite de l&rsquo;Entreprise, est interdite, sauf dans les conditions suivantes. L&rsquo;Entreprise vous permet de naviguer sur son site web avec votre ordinateur et d&rsquo;imprimer des copies d&rsquo;extraits de ces pages exclusivement pour votre usage personnel et non pour distribution, sauf autorisation \u00e9crite de l&rsquo;Entreprise.<\/p><p>Tous les documents de notre site web peuvent \u00eatre soumis \u00e0 d&rsquo;autres conditions, indiqu\u00e9es dans ceux-ci. Les contenus du site web de l&rsquo;Entreprise sont fournis tels quels et selon leur disponibilit\u00e9. L&rsquo;Entreprise ne garantit pas l&rsquo;absence d&rsquo;interruptions ou d&rsquo;erreurs sur son site web.<\/p><p>L&rsquo;Entreprise se r\u00e9serve le droit de r\u00e9viser la page ou d&#8217;emp\u00eacher l&rsquo;acc\u00e8s \u00e0 cette page \u00e0 tout moment. L&rsquo;Entreprise et ses symboles sont des marques d\u00e9pos\u00e9es. D&rsquo;autres produits ou noms d&rsquo;entreprises mentionn\u00e9s sur cette page sont ou peuvent \u00eatre des marques d\u00e9pos\u00e9es de leurs propri\u00e9taires respectifs.<\/p><p><strong>Responsabilit\u00e9 :<\/strong> L&rsquo;utilisateur sera le seul responsable des infractions dans lesquelles il pourrait encourir ou des dommages qu&rsquo;il pourrait causer par l&rsquo;utilisation de la page web, l&rsquo;Entreprise \u00e9tant exempte de toute responsabilit\u00e9 bas\u00e9e sur l&rsquo;utilisation du service par l&rsquo;utilisateur, l&rsquo;utilisateur assumant tous les frais, co\u00fbts et indemnit\u00e9s demand\u00e9s \u00e0 l&rsquo;Entreprise en raison de r\u00e9clamations ou d&rsquo;actions l\u00e9gales. L&rsquo;Entreprise d\u00e9cline toute responsabilit\u00e9 concernant les informations qui se trouvent en dehors de cette page web et qui ne sont pas g\u00e9r\u00e9es directement par son gestionnaire de page web.<\/p><p>Dans le cas o\u00f9 l&rsquo;Entreprise serait avertie par l&rsquo;utilisateur, \u00e0 travers les services fournis par l&rsquo;Entreprise, de possibles activit\u00e9s pouvant \u00eatre ill\u00e9gales contre les droits de tiers ou constituant un d\u00e9lit, l&rsquo;Entreprise pourrait imm\u00e9diatement mettre fin \u00e0 sa relation avec l&rsquo;utilisateur et prendre toutes les mesures n\u00e9cessaires pour \u00e9viter la continuation de telles activit\u00e9s.<\/p><p>L&rsquo;Entreprise ne sera pas responsable des \u00e9ventuels dommages ou pr\u00e9judices pouvant d\u00e9couler d&rsquo;interf\u00e9rences, omissions, interruptions, pannes t\u00e9l\u00e9phoniques, virus informatiques ou d\u00e9connexions dans le fonctionnement op\u00e9rationnel de ce syst\u00e8me \u00e9lectronique, caus\u00e9s par des causes \u00e9trang\u00e8res \u00e0 l&rsquo;Entreprise, de retards ou blocages dans l&rsquo;utilisation de ce syst\u00e8me \u00e9lectronique caus\u00e9s par des d\u00e9faillances ou des surcharges de lignes t\u00e9l\u00e9phoniques ou des surcharges dans le syst\u00e8me Internet ou dans d&rsquo;autres syst\u00e8mes \u00e9lectroniques, ainsi que des dommages qui peuvent \u00eatre caus\u00e9s par des tiers par des intrusions ill\u00e9gales hors du contr\u00f4le de l&rsquo;Entreprise.<\/p><p><strong>Liens<\/strong>, <strong>Banni\u00e8res<\/strong> : Dans le cas o\u00f9 le site web inclut des liens ou des liens avec d&rsquo;autres portails, il a une finalit\u00e9 purement informative, et ne suppose pas que l&rsquo;entreprise recommande et\/ou garantisse ces portails, sur lesquels elle n&rsquo;exerce aucun contr\u00f4le, ni n&rsquo;est responsable de ceux-ci.<\/p><p>L&rsquo;Entreprise ne garantit en aucun cas les conditions et la bonne prestation des produits ou services offerts aux utilisateurs par des tiers, auxquels on peut acc\u00e9der par des liens \u00e9tablis sur le site web de l&rsquo;Entreprise. L&rsquo;Entreprise n&rsquo;est pas responsable du respect par ces tiers de la r\u00e9glementation en vigueur dans notre syst\u00e8me juridique et, en particulier, de celle relative \u00e0 la protection des donn\u00e9es personnelles et au commerce \u00e9lectronique.<\/p><p><strong>Protection des Mineurs :<\/strong> Pour utiliser les services du site web, les mineurs doivent obtenir au pr\u00e9alable l&rsquo;autorisation de leurs parents, tuteurs ou repr\u00e9sentants l\u00e9gaux, qui seront consid\u00e9r\u00e9s comme responsables de tous les actes effectu\u00e9s par les mineurs \u00e0 leur charge.<\/p><p><strong>Blog :<\/strong> Dans le cas o\u00f9 le site a une section Blog, son but est la diffusion des diff\u00e9rents services offerts par l&rsquo;entreprise. Le propri\u00e9taire du site web n&rsquo;est pas responsable des opinions des utilisateurs et se r\u00e9serve le droit de supprimer les commentaires qui pourraient \u00eatre offensants ou d\u00e9nigrants et de bloquer et d&#8217;emp\u00eacher les futurs commentaires provenant des auteurs de tels commentaires.<\/p><p><strong>Juridiction :<\/strong> Pour toutes les questions qui surviennent sur l&rsquo;interpr\u00e9tation, l&rsquo;application et le respect de ces conditions et des r\u00e9clamations qui peuvent d\u00e9couler de leur utilisation, elles seront r\u00e9gies par les dispositions de la r\u00e9glementation en vigueur concernant la l\u00e9gislation applicable et la juridiction comp\u00e9tente. Dans les cas o\u00f9 la r\u00e9glementation pr\u00e9voit la possibilit\u00e9 pour les parties de se soumettre \u00e0 un for, l&rsquo;Entreprise et l&rsquo;utilisateur, renon\u00e7ant express\u00e9ment \u00e0 tout autre for qui pourrait leur correspondre, se soumettront aux tribunaux et aux tribunaux de Malaga (Espagne).<\/p><p>Nonobstant ce qui pr\u00e9c\u00e8de, les controverses qui pourraient survenir \u00e0 la suite des relations commerciales qui surgissent entre les parties pourront \u00eatre soumises au R\u00e8glement UE 524\/2013 qui r\u00e9glemente la r\u00e9solution extrajudiciaire des conflits conform\u00e9ment \u00e0 son contenu. La Commission Europ\u00e9enne fournit une plateforme de r\u00e9solution des litiges en ligne, qui est disponible au lien suivant : <strong><a target=\"_new\">https:\/\/ec.europa.eu\/consumers\/odr\/main\/index.cfm?event=main.home2.show&amp;Ing=ES<\/a><\/strong><\/p>\t\t\t\t\t\t\t\t<\/div>\n\t\t\t\t<\/div>\n\t\t\t\t<\/div>\n\t\t\t\t\t<\/div>\n\t\t\t\t<\/div>\n\t\t\t\t<\/div>\n\t\t","protected":false},"excerpt":{"rendered":"<p>Votre entr\u00e9e en ligne au meilleur prix et \u00e9vitez les files d&rsquo;attente Acheter des billets PROTECTION DES DONN\u00c9ES AVIS L\u00c9GAL \u00c0 la Grotte de Nerja, votre vie priv\u00e9e et votre confiance sont fondamentales. Notre Avis L\u00e9gal garantit la protection de vos donn\u00e9es personnelles et l&rsquo;utilisation responsable des informations que vous nous fournissez. Nous sommes transparents [&hellip;]<\/p>\n","protected":false},"author":1,"featured_media":0,"parent":0,"menu_order":0,"comment_status":"closed","ping_status":"closed","template":"","meta":{"inline_featured_image":false,"site-sidebar-layout":"no-sidebar","site-content-layout":"page-builder","ast-site-content-layout":"full-width-container","site-content-style":"unboxed","site-sidebar-style":"unboxed","ast-global-header-display":"","ast-banner-title-visibility":"","ast-main-header-display":"","ast-hfb-above-header-display":"","ast-hfb-below-header-display":"","ast-hfb-mobile-header-display":"","site-post-title":"disabled","ast-breadcrumbs-content":"","ast-featured-img":"disabled","footer-sml-layout":"","ast-disable-related-posts":"","theme-transparent-header-meta":"default","adv-header-id-meta":"","stick-header-meta":"default","header-above-stick-meta":"","header-main-stick-meta":"","header-below-stick-meta":"","astra-migrate-meta-layouts":"set","ast-page-background-enabled":"default","ast-page-background-meta":{"desktop":{"background-color":"var(--ast-global-color-4)","background-image":"","background-repeat":"repeat","background-position":"center center","background-size":"auto","background-attachment":"scroll","background-type":"","background-media":"","overlay-type":"","overlay-color":"","overlay-opacity":"","overlay-gradient":""},"tablet":{"background-color":"","background-image":"","background-repeat":"repeat","background-position":"center center","background-size":"auto","background-attachment":"scroll","background-type":"","background-media":"","overlay-type":"","overlay-color":"","overlay-opacity":"","overlay-gradient":""},"mobile":{"background-color":"","background-image":"","background-repeat":"repeat","background-position":"center center","background-size":"auto","background-attachment":"scroll","background-type":"","background-media":"","overlay-type":"","overlay-color":"","overlay-opacity":"","overlay-gradient":""}},"ast-content-background-meta":{"desktop":{"background-color":"var(--ast-global-color-5)","background-image":"","background-repeat":"repeat","background-position":"center center","background-size":"auto","background-attachment":"scroll","background-type":"","background-media":"","overlay-type":"","overlay-color":"","overlay-opacity":"","overlay-gradient":""},"tablet":{"background-color":"var(--ast-global-color-5)","background-image":"","background-repeat":"repeat","background-position":"center center","background-size":"auto","background-attachment":"scroll","background-type":"","background-media":"","overlay-type":"","overlay-color":"","overlay-opacity":"","overlay-gradient":""},"mobile":{"background-color":"var(--ast-global-color-5)","background-image":"","background-repeat":"repeat","background-position":"center center","background-size":"auto","background-attachment":"scroll","background-type":"","background-media":"","overlay-type":"","overlay-color":"","overlay-opacity":"","overlay-gradient":""}},"footnotes":""},"class_list":["post-18572","page","type-page","status-publish","hentry"],"_links":{"self":[{"href":"https:\/\/cuevadenerja.es\/fr\/wp-json\/wp\/v2\/pages\/18572","targetHints":{"allow":["GET"]}}],"collection":[{"href":"https:\/\/cuevadenerja.es\/fr\/wp-json\/wp\/v2\/pages"}],"about":[{"href":"https:\/\/cuevadenerja.es\/fr\/wp-json\/wp\/v2\/types\/page"}],"author":[{"embeddable":true,"href":"https:\/\/cuevadenerja.es\/fr\/wp-json\/wp\/v2\/users\/1"}],"replies":[{"embeddable":true,"href":"https:\/\/cuevadenerja.es\/fr\/wp-json\/wp\/v2\/comments?post=18572"}],"version-history":[{"count":0,"href":"https:\/\/cuevadenerja.es\/fr\/wp-json\/wp\/v2\/pages\/18572\/revisions"}],"wp:attachment":[{"href":"https:\/\/cuevadenerja.es\/fr\/wp-json\/wp\/v2\/media?parent=18572"}],"curies":[{"name":"wp","href":"https:\/\/api.w.org\/{rel}","templated":true}]}}