{"id":18479,"date":"2023-07-03T13:22:58","date_gmt":"2023-07-03T11:22:58","guid":{"rendered":"https:\/\/cuevadenerja.es\/?page_id=18479"},"modified":"2024-03-06T19:57:42","modified_gmt":"2024-03-06T18:57:42","slug":"parkings-et-bus-pour-le-festival","status":"publish","type":"page","link":"https:\/\/cuevadenerja.es\/fr\/parkings-et-bus-pour-le-festival\/","title":{"rendered":"Parkings et Bus pour le Festival"},"content":{"rendered":"\t\t<div data-elementor-type=\"wp-page\" data-elementor-id=\"18479\" class=\"elementor elementor-18479\" data-elementor-post-type=\"page\">\n\t\t\t\t<div class=\"elementor-element elementor-element-a6d8094 e-flex e-con-boxed e-con e-parent\" data-id=\"a6d8094\" data-element_type=\"container\" data-e-type=\"container\" data-settings=\"{&quot;background_background&quot;:&quot;classic&quot;}\">\n\t\t\t\t\t<div class=\"e-con-inner\">\n\t\t\t\t<div class=\"elementor-element elementor-element-848d8fe elementor-widget elementor-widget-text-editor\" data-id=\"848d8fe\" data-element_type=\"widget\" data-e-type=\"widget\" data-widget_type=\"text-editor.default\">\n\t\t\t\t<div class=\"elementor-widget-container\">\n\t\t\t\t\t\t\t\t\t<p>Votre <strong>entr\u00e9e en ligne<\/strong> au meilleur prix et \u00e9vitez les files d&rsquo;attente<\/p>\t\t\t\t\t\t\t\t<\/div>\n\t\t\t\t<\/div>\n\t\t\t\t<div class=\"elementor-element elementor-element-5ce8eaf elementor-widget elementor-widget-button\" data-id=\"5ce8eaf\" data-element_type=\"widget\" data-e-type=\"widget\" data-widget_type=\"button.default\">\n\t\t\t\t<div class=\"elementor-widget-container\">\n\t\t\t\t\t\t\t\t\t<div class=\"elementor-button-wrapper\">\n\t\t\t\t\t<a class=\"elementor-button elementor-button-link elementor-size-sm\" href=\"https:\/\/entradas.cuevadenerja.es\/\" target=\"_blank\">\n\t\t\t\t\t\t<span class=\"elementor-button-content-wrapper\">\n\t\t\t\t\t\t<span class=\"elementor-button-icon\">\n\t\t\t\t<svg aria-hidden=\"true\" class=\"e-font-icon-svg e-fas-ticket-alt\" viewBox=\"0 0 576 512\" xmlns=\"http:\/\/www.w3.org\/2000\/svg\"><path d=\"M128 160h320v192H128V160zm400 96c0 26.51 21.49 48 48 48v96c0 26.51-21.49 48-48 48H48c-26.51 0-48-21.49-48-48v-96c26.51 0 48-21.49 48-48s-21.49-48-48-48v-96c0-26.51 21.49-48 48-48h480c26.51 0 48 21.49 48 48v96c-26.51 0-48 21.49-48 48zm-48-104c0-13.255-10.745-24-24-24H120c-13.255 0-24 10.745-24 24v208c0 13.255 10.745 24 24 24h336c13.255 0 24-10.745 24-24V152z\"><\/path><\/svg>\t\t\t<\/span>\n\t\t\t\t\t\t\t\t\t<span class=\"elementor-button-text\">Acheter des billets<\/span>\n\t\t\t\t\t<\/span>\n\t\t\t\t\t<\/a>\n\t\t\t\t<\/div>\n\t\t\t\t\t\t\t\t<\/div>\n\t\t\t\t<\/div>\n\t\t\t\t\t<\/div>\n\t\t\t\t<\/div>\n\t\t<div data-dce-background-color=\"#313130\" data-dce-background-overlay-image-url=\"https:\/\/cuevadenerja.es\/wp-content\/uploads\/2023\/07\/Mapa-Festival-Cueva-de-Nerja-2023.jpg\" class=\"elementor-element elementor-element-e5feb2a e-flex e-con-boxed e-con e-parent\" data-id=\"e5feb2a\" data-element_type=\"container\" data-e-type=\"container\" data-settings=\"{&quot;background_background&quot;:&quot;classic&quot;}\">\n\t\t\t\t\t<div class=\"e-con-inner\">\n\t\t<div class=\"elementor-element elementor-element-5a1ef96 e-con-full e-flex e-con e-child\" data-id=\"5a1ef96\" data-element_type=\"container\" data-e-type=\"container\">\n\t\t\t\t<div class=\"elementor-element elementor-element-ddf584c elementor-widget elementor-widget-text-editor\" data-id=\"ddf584c\" data-element_type=\"widget\" data-e-type=\"widget\" data-widget_type=\"text-editor.default\">\n\t\t\t\t<div class=\"elementor-widget-container\">\n\t\t\t\t\t\t\t\t\t<p>FESTIVAL DE MUSIQUE<\/p>\t\t\t\t\t\t\t\t<\/div>\n\t\t\t\t<\/div>\n\t\t\t\t<div class=\"elementor-element elementor-element-c18e088 elementor-widget elementor-widget-heading\" data-id=\"c18e088\" data-element_type=\"widget\" data-e-type=\"widget\" data-widget_type=\"heading.default\">\n\t\t\t\t<div class=\"elementor-widget-container\">\n\t\t\t\t\t<h1 class=\"elementor-heading-title elementor-size-default\">Parking et transports\n\n<\/h1>\t\t\t\t<\/div>\n\t\t\t\t<\/div>\n\t\t\t\t<div class=\"elementor-element elementor-element-18dc340 elementor-widget elementor-widget-text-editor\" data-id=\"18dc340\" data-element_type=\"widget\" data-e-type=\"widget\" data-widget_type=\"text-editor.default\">\n\t\t\t\t<div class=\"elementor-widget-container\">\n\t\t\t\t\t\t\t\t\t<p>Pour faciliter votre acc\u00e8s au Festival de la Grotte de Nerja 2023, nous avons organis\u00e9 des options de transport telles que des parkings, des bus et des trains touristiques. De plus, diverses nouveaut\u00e9s vous attendent lors des apr\u00e8s-midis et soir\u00e9es de concert sur le site. Profitez de la musique confortablement et facilement !<\/p>\t\t\t\t\t\t\t\t<\/div>\n\t\t\t\t<\/div>\n\t\t\t\t<\/div>\n\t\t\t\t\t<\/div>\n\t\t\t\t<\/div>\n\t\t<div class=\"elementor-element elementor-element-ad41e07 e-flex e-con-boxed e-con e-parent\" data-id=\"ad41e07\" data-element_type=\"container\" data-e-type=\"container\" data-settings=\"{&quot;background_background&quot;:&quot;classic&quot;}\">\n\t\t\t\t\t<div class=\"e-con-inner\">\n\t\t<div class=\"elementor-element elementor-element-76b0aaa e-con-full e-flex e-con e-child\" data-id=\"76b0aaa\" data-element_type=\"container\" data-e-type=\"container\">\n\t\t\t\t<div class=\"elementor-element elementor-element-da498f3 elementor-widget elementor-widget-text-editor\" data-id=\"da498f3\" data-element_type=\"widget\" data-e-type=\"widget\" data-widget_type=\"text-editor.default\">\n\t\t\t\t<div class=\"elementor-widget-container\">\n\t\t\t\t\t\t\t\t\t<p>Aires de stationnement, bus et trains touristiques sur route pour acc\u00e9der au Festival Cueva de Nerja 2023 : nous vous expliquons comment vous rendre au Festival Cueva de Nerja 2023. Nous avons mis en place des services pour un acc\u00e8s pratique et facile pour tous. De plus, vous avez de nombreuses nouveaut\u00e9s sur le site de la cavit\u00e9 pendant les apr\u00e8s-midis et les soir\u00e9es des concerts.<\/p>\n\n<strong>Le <a href=\"https:\/\/cuevadenerja.es\/festival-de-musica\/\" target=\"_blank\" rel=\"noopener\">62e Festival de Musique Cueva de Nerja<\/a> commence le vendredi 30 juin et se poursuit tout l&rsquo;\u00e9t\u00e9.<\/strong> Avec ces parkings et ces bus, vous pouvez acc\u00e9der facilement aux concerts de cette rencontre musicale.\n\n<h3><span style=\"color: #bc1f14;\">D&rsquo;o\u00f9 venez-vous au Festival Cueva de Nerja 2023 ?<\/span><\/h3>\n<h4><span style=\"color: #bc1f14;\">Si vous venez de Nerja. Bus et trains touristiques sur route vers les concerts du Festival Cueva de Nerja<\/span><\/h4>\n\n<p>DEPUIS NERJA. Si vous s\u00e9journez ou vivez \u00e0 Nerja, nous vous demandons de ne pas utiliser votre v\u00e9hicule personnel, vous pourrez vous d\u00e9placer gratuitement en bus et en trains touristiques sur route partant de ces 3 arr\u00eats : la Gare routi\u00e8re de Nerja, en face du Quartier de la Police Locale de Nerja et en face du Centre de Sant\u00e9 de Nerja et se rendant \u00e0 la Cueva de Nerja.<\/p>\n\n<strong>De 19h30 \u00e0 22h30 environ.<\/strong> Le retour se fera de la Cueva de Nerja \u00e0 la Gare routi\u00e8re, avec les 2 arr\u00eats mentionn\u00e9s \u00e0 l&rsquo;aller, de minuit \u00e0 3 heures du matin environ, toutes les 30 minutes environ.\n\n<h4><span style=\"color: #bc1f14;\">Si vous venez de l&rsquo;ext\u00e9rieur de Nerja en voiture particuli\u00e8re. Zones de stationnement pour les concerts du Festival Cueva de Nerja et navettes jusqu&rsquo;\u00e0 la cavit\u00e9<\/span><\/h4>\n\n<p>DE L&rsquo;EXT\u00c9RIEUR DE NERJA. Si vous venez de l&rsquo;ext\u00e9rieur de cette localit\u00e9, dans votre propre v\u00e9hicule, venez suffisamment t\u00f4t pour \u00e9viter les embouteillages et pouvoir vous garer dans les diff\u00e9rents parkings gratuits que nous mettons \u00e0 votre disposition. Vous pouvez consulter ci-dessous les espaces de stationnement disponibles.<\/p>\n\n<strong>Des navettes seront disponibles \u00e0 ces points pour vous emmener sur le site.<\/strong> <strong>Les navettes fonctionneront de 19h30 \u00e0 22h30 environ, toutes les 30 minutes environ.<\/strong> Le retour se fera de la Cueva de Nerja \u00e0 la Gare routi\u00e8re, avec des arr\u00eats \u00e0 tous les parkings am\u00e9nag\u00e9s, de minuit \u00e0 3 heures du matin environ, toutes les 30 minutes environ.\n\nCliquez ici pour voir le <a href=\"https:\/\/www.google.com\/maps\/d\/u\/0\/viewer?mid=1AwHx7Es9q7nPA_Kf6nYfr3J-Uy_d8_0&amp;ll=36.750963821621646%2C-3.849229077449865&amp;z=15\" target=\"_blank\" rel=\"noopener\">plan de tous les parkings<\/a>.\n\nVous trouverez ci-dessous l&rsquo;adresse de chacun des parkings, pour y acc\u00e9der avec Google Maps, dans les plus \u00e9loign\u00e9s, il y a des navettes pour vous emmener sur le site du Festival Cueva de Nerja :\n\n<ol>\n \t<li>Parking 1 <a href=\"https:\/\/www.google.com\/maps\/dir\/36.7617025,-3.8462788\/@36.7616008,-3.9160394,12z\" target=\"_blank\" rel=\"noopener\">Site de la Cueva<\/a> (300 places)<\/li>\n \t<li>Parking 2 <a href=\"https:\/\/www.google.com\/maps\/dir\/36.7620456,-3.8473718\/@36.7620971,-3.9175387,12z\" target=\"_blank\" rel=\"noopener\">\u00c0 c\u00f4t\u00e9 de la Cueva de Nerja<\/a> (160 places)<\/li>\n \t<li>Parking 3 <a href=\"https:\/\/www.google.com\/maps\/dir\/36.7606832,-3.8482184\/@36.76064,-3.8505187,17z\" target=\"_blank\" rel=\"noopener\">Urbanisation<\/a> (80 places)<\/li>\n \t<li>Parking 4 <a href=\"https:\/\/www.google.com\/maps\/dir\/36.7595271,-3.8461638\/@36.7594102,-3.91611,12z\" target=\"_blank\" rel=\"noopener\">Ancienne route N340<\/a> (180 places)<\/li>\n \t<li>Parking 5 <a href=\"https:\/\/www.google.com\/maps\/dir\/36.7576661,-3.8608122\/@36.7574958,-3.9306335,12z\" target=\"_blank\" rel=\"noopener\">\u00c0 c\u00f4t\u00e9 de l&rsquo;EDAR de Nerja<\/a> (200 places)<\/li>\n \t<li>Parking 6 <a href=\"https:\/\/www.google.com\/maps\/dir\/36.758701,-3.8709035\/@36.7587506,-3.8728836,17z\" target=\"_blank\" rel=\"noopener\">\u00c0 c\u00f4t\u00e9 de la Ciudad Deportiva<\/a> (250 places)<\/li>\n<\/ol>\n\n<div>\n<h4><span style=\"color: #bc1f14;\">Visitez la cavit\u00e9 et sa salle de r\u00e9alit\u00e9 virtuelle la nuit, avant le Festival de Musique Cueva de Nerja 2023<\/span><\/h4>\n<\/div>\n\n<div>\n<div>De plus, cette ann\u00e9e, pendant le Festival de Musique Cueva de Nerja 2023, vous disposez de plusieurs services sur le site de la cavit\u00e9, notamment, vous pouvez visiter la cavit\u00e9 d&rsquo;une mani\u00e8re unique et \u00e9galement la nouvelle salle de r\u00e9alit\u00e9 virtuelle.<\/div>\n<\/div>\n<div><\/div>\n<div><span style=\"text-decoration: underline;\">Parmi les services disponibles les jours de festivals, vous trouverez :<\/span><\/div>\n<div><\/div>\n<div>\n<ul>\n \t<li><strong>Visite de la Cueva de Nerja dans une exp\u00e9rience exclusive avec Miguel Joven, \u00ab\u00a0Tito\u00a0\u00bb de Verano Azul.<\/strong> Vous pouvez l&rsquo;acheter \u00e0 la billetterie du site. Avec 2 horaires au choix : 20h15 et 20h30, la visite dure environ 1 heure.<\/li>\n<\/ul>\n<ul>\n \t<li><strong>Exp\u00e9rience 360 dans la salle de r\u00e9alit\u00e9 virtuelle de la Cueva de Nerja.<\/strong> Vous pouvez l&rsquo;acheter \u00e0 la billetterie du site. L&rsquo;exp\u00e9rience globale dure environ 20 minutes et vous pouvez entrer de 20h30 \u00e0 22h00.<\/li>\n<\/ul>\n<h4><span style=\"color: #bc1f14;\"><strong>Autres services pendant le Festival de Musique Cueva de Nerja 2023<\/strong><\/span><\/h4>\n<\/div>\n<div>En plus des visites mentionn\u00e9es. Voici les services que vous trouverez sur le site de la Cueva de Nerja pendant les apr\u00e8s-midis et les soir\u00e9es de concerts :<\/div>\n<ul>\n \t<li>D\u00eeners au restaurant sur r\u00e9servation au : 952 52 96 00.<\/li>\n \t<li>Consommations aux bars et service de serveurs.<\/li>\n \t<li>Sacs de stationnement et transfert vers le site de la Cueva de Nerja.<\/li>\n \t<li>Photographie souvenir.<\/li>\n \t<li>Boutique de merchandising.<\/li>\n \t<li>Photocall.<\/li>\n \t<li>Espace chill-out.<\/li>\n \t<li>Auditorium.<\/li>\n \t<li>Billetterie.<\/li>\n<\/ul>\n<h4><span style=\"color: #bc1f14;\">La Terrasse, un espace chill-out pour profiter avant et apr\u00e8s les concerts du Festival Cueva de Nerja 2023<\/span><\/h4>\n<div>\n\nDe plus, nous vous recommandons de venir \u00e0 l&rsquo;avance, afin de pouvoir profiter de La Terrasse de la Cueva, un espace pour vous d\u00e9tendre avant et apr\u00e8s les concerts et o\u00f9 vous pourrez boire quelque chose et vous d\u00e9tendre.\n\n<strong>Vous trouverez ici une carte des boissons et une carte des plats. <\/strong>Elle est situ\u00e9e \u00e0 proximit\u00e9 de la zone des gradins du festival, notre personnel d&rsquo;organisation vous indiquera comment y acc\u00e9der.\n\n<\/div>\n\t\t\t\t\t\t\t\t<\/div>\n\t\t\t\t<\/div>\n\t\t\t\t<\/div>\n\t\t\t\t\t<\/div>\n\t\t\t\t<\/div>\n\t\t\t\t<\/div>\n\t\t","protected":false},"excerpt":{"rendered":"<p>Votre entr\u00e9e en ligne au meilleur prix et \u00e9vitez les files d&rsquo;attente Acheter des billets FESTIVAL DE MUSIQUE Parking et transports Pour faciliter votre acc\u00e8s au Festival de la Grotte de Nerja 2023, nous avons organis\u00e9 des options de transport telles que des parkings, des bus et des trains touristiques. De plus, diverses nouveaut\u00e9s vous [&hellip;]<\/p>\n","protected":false},"author":1,"featured_media":0,"parent":0,"menu_order":0,"comment_status":"closed","ping_status":"closed","template":"","meta":{"inline_featured_image":false,"site-sidebar-layout":"no-sidebar","site-content-layout":"page-builder","ast-site-content-layout":"full-width-container","site-content-style":"unboxed","site-sidebar-style":"unboxed","ast-global-header-display":"","ast-banner-title-visibility":"","ast-main-header-display":"","ast-hfb-above-header-display":"","ast-hfb-below-header-display":"","ast-hfb-mobile-header-display":"","site-post-title":"disabled","ast-breadcrumbs-content":"","ast-featured-img":"disabled","footer-sml-layout":"","ast-disable-related-posts":"","theme-transparent-header-meta":"default","adv-header-id-meta":"","stick-header-meta":"default","header-above-stick-meta":"","header-main-stick-meta":"","header-below-stick-meta":"","astra-migrate-meta-layouts":"set","ast-page-background-enabled":"default","ast-page-background-meta":{"desktop":{"background-color":"var(--ast-global-color-4)","background-image":"","background-repeat":"repeat","background-position":"center center","background-size":"auto","background-attachment":"scroll","background-type":"","background-media":"","overlay-type":"","overlay-color":"","overlay-opacity":"","overlay-gradient":""},"tablet":{"background-color":"","background-image":"","background-repeat":"repeat","background-position":"center center","background-size":"auto","background-attachment":"scroll","background-type":"","background-media":"","overlay-type":"","overlay-color":"","overlay-opacity":"","overlay-gradient":""},"mobile":{"background-color":"","background-image":"","background-repeat":"repeat","background-position":"center center","background-size":"auto","background-attachment":"scroll","background-type":"","background-media":"","overlay-type":"","overlay-color":"","overlay-opacity":"","overlay-gradient":""}},"ast-content-background-meta":{"desktop":{"background-color":"var(--ast-global-color-5)","background-image":"","background-repeat":"repeat","background-position":"center center","background-size":"auto","background-attachment":"scroll","background-type":"","background-media":"","overlay-type":"","overlay-color":"","overlay-opacity":"","overlay-gradient":""},"tablet":{"background-color":"var(--ast-global-color-5)","background-image":"","background-repeat":"repeat","background-position":"center center","background-size":"auto","background-attachment":"scroll","background-type":"","background-media":"","overlay-type":"","overlay-color":"","overlay-opacity":"","overlay-gradient":""},"mobile":{"background-color":"var(--ast-global-color-5)","background-image":"","background-repeat":"repeat","background-position":"center center","background-size":"auto","background-attachment":"scroll","background-type":"","background-media":"","overlay-type":"","overlay-color":"","overlay-opacity":"","overlay-gradient":""}},"footnotes":""},"class_list":["post-18479","page","type-page","status-publish","hentry"],"_links":{"self":[{"href":"https:\/\/cuevadenerja.es\/fr\/wp-json\/wp\/v2\/pages\/18479","targetHints":{"allow":["GET"]}}],"collection":[{"href":"https:\/\/cuevadenerja.es\/fr\/wp-json\/wp\/v2\/pages"}],"about":[{"href":"https:\/\/cuevadenerja.es\/fr\/wp-json\/wp\/v2\/types\/page"}],"author":[{"embeddable":true,"href":"https:\/\/cuevadenerja.es\/fr\/wp-json\/wp\/v2\/users\/1"}],"replies":[{"embeddable":true,"href":"https:\/\/cuevadenerja.es\/fr\/wp-json\/wp\/v2\/comments?post=18479"}],"version-history":[{"count":0,"href":"https:\/\/cuevadenerja.es\/fr\/wp-json\/wp\/v2\/pages\/18479\/revisions"}],"wp:attachment":[{"href":"https:\/\/cuevadenerja.es\/fr\/wp-json\/wp\/v2\/media?parent=18479"}],"curies":[{"name":"wp","href":"https:\/\/api.w.org\/{rel}","templated":true}]}}