{"id":18455,"date":"2023-11-15T12:42:48","date_gmt":"2023-11-15T11:42:48","guid":{"rendered":"https:\/\/cuevadenerja.es\/?page_id=18455"},"modified":"2024-03-06T19:37:31","modified_gmt":"2024-03-06T18:37:31","slug":"nerja-et-maro","status":"publish","type":"page","link":"https:\/\/cuevadenerja.es\/fr\/nerja-et-maro\/","title":{"rendered":"Nerja et Maro"},"content":{"rendered":"\t\t<div data-elementor-type=\"wp-page\" data-elementor-id=\"18455\" class=\"elementor elementor-18455 elementor-13883\" data-elementor-post-type=\"page\">\n\t\t\t\t<div class=\"elementor-element elementor-element-4fd046c e-flex e-con-boxed e-con e-parent\" data-id=\"4fd046c\" data-element_type=\"container\" data-e-type=\"container\" data-settings=\"{&quot;background_background&quot;:&quot;classic&quot;}\">\n\t\t\t\t\t<div class=\"e-con-inner\">\n\t\t\t\t<div class=\"elementor-element elementor-element-1f0ee2a elementor-widget elementor-widget-text-editor\" data-id=\"1f0ee2a\" data-element_type=\"widget\" data-e-type=\"widget\" data-widget_type=\"text-editor.default\">\n\t\t\t\t<div class=\"elementor-widget-container\">\n\t\t\t\t\t\t\t\t\t<p>Votre <strong>entr\u00e9e en ligne<\/strong> au meilleur prix et \u00e9vitez les files d&rsquo;attente<\/p>\t\t\t\t\t\t\t\t<\/div>\n\t\t\t\t<\/div>\n\t\t\t\t<div class=\"elementor-element elementor-element-9e6f719 elementor-widget elementor-widget-button\" data-id=\"9e6f719\" data-element_type=\"widget\" data-e-type=\"widget\" data-widget_type=\"button.default\">\n\t\t\t\t<div class=\"elementor-widget-container\">\n\t\t\t\t\t\t\t\t\t<div class=\"elementor-button-wrapper\">\n\t\t\t\t\t<a class=\"elementor-button elementor-button-link elementor-size-sm\" href=\"https:\/\/entradas.cuevadenerja.es\/\" target=\"_blank\">\n\t\t\t\t\t\t<span class=\"elementor-button-content-wrapper\">\n\t\t\t\t\t\t<span class=\"elementor-button-icon\">\n\t\t\t\t<svg aria-hidden=\"true\" class=\"e-font-icon-svg e-fas-ticket-alt\" viewBox=\"0 0 576 512\" xmlns=\"http:\/\/www.w3.org\/2000\/svg\"><path d=\"M128 160h320v192H128V160zm400 96c0 26.51 21.49 48 48 48v96c0 26.51-21.49 48-48 48H48c-26.51 0-48-21.49-48-48v-96c26.51 0 48-21.49 48-48s-21.49-48-48-48v-96c0-26.51 21.49-48 48-48h480c26.51 0 48 21.49 48 48v96c-26.51 0-48 21.49-48 48zm-48-104c0-13.255-10.745-24-24-24H120c-13.255 0-24 10.745-24 24v208c0 13.255 10.745 24 24 24h336c13.255 0 24-10.745 24-24V152z\"><\/path><\/svg>\t\t\t<\/span>\n\t\t\t\t\t\t\t\t\t<span class=\"elementor-button-text\">Acheter des billets<\/span>\n\t\t\t\t\t<\/span>\n\t\t\t\t\t<\/a>\n\t\t\t\t<\/div>\n\t\t\t\t\t\t\t\t<\/div>\n\t\t\t\t<\/div>\n\t\t\t\t\t<\/div>\n\t\t\t\t<\/div>\n\t\t<div data-dce-background-overlay-image-url=\"https:\/\/cuevadenerja.es\/wp-content\/uploads\/2023\/11\/Nerja.jpg\" class=\"elementor-element elementor-element-2512558 e-flex e-con-boxed e-con e-parent\" data-id=\"2512558\" data-element_type=\"container\" data-e-type=\"container\" data-settings=\"{&quot;background_background&quot;:&quot;classic&quot;}\">\n\t\t\t\t\t<div class=\"e-con-inner\">\n\t\t<div class=\"elementor-element elementor-element-9b05d8d e-con-full e-flex e-con e-child\" data-id=\"9b05d8d\" data-element_type=\"container\" data-e-type=\"container\">\n\t\t\t\t<div class=\"elementor-element elementor-element-eec3b8a elementor-widget elementor-widget-text-editor\" data-id=\"eec3b8a\" data-element_type=\"widget\" data-e-type=\"widget\" data-widget_type=\"text-editor.default\">\n\t\t\t\t<div class=\"elementor-widget-container\">\n\t\t\t\t\t\t\t\t\t<p>Sur la c\u00f4te du soleil<\/p>\t\t\t\t\t\t\t\t<\/div>\n\t\t\t\t<\/div>\n\t\t\t\t<div class=\"elementor-element elementor-element-f5f02d0 elementor-widget elementor-widget-heading\" data-id=\"f5f02d0\" data-element_type=\"widget\" data-e-type=\"widget\" data-widget_type=\"heading.default\">\n\t\t\t\t<div class=\"elementor-widget-container\">\n\t\t\t\t\t<h1 class=\"elementor-heading-title elementor-size-default\">D\u00e9couvrez Nerja : Un Tr\u00e9sor Cach\u00e9 entre Mer et Terre\n\n<\/h1>\t\t\t\t<\/div>\n\t\t\t\t<\/div>\n\t\t\t\t<div class=\"elementor-element elementor-element-dab9418 elementor-widget elementor-widget-text-editor\" data-id=\"dab9418\" data-element_type=\"widget\" data-e-type=\"widget\" data-widget_type=\"text-editor.default\">\n\t\t\t\t<div class=\"elementor-widget-container\">\n\t\t\t\t\t\t\t\t\t<p>Explorez Nerja : L\u00e0 o\u00f9 l&rsquo;Histoire Rencontre la Beaut\u00e9 Naturelle. Plongez dans un voyage unique \u00e0 travers la Grotte de Nerja et d\u00e9couvrez les merveilles cach\u00e9es de ce coin magique du monde !<\/p>\t\t\t\t\t\t\t\t<\/div>\n\t\t\t\t<\/div>\n\t\t\t\t<\/div>\n\t\t\t\t\t<\/div>\n\t\t\t\t<\/div>\n\t\t<div class=\"elementor-element elementor-element-3d775cc e-flex e-con-boxed e-con e-parent\" data-id=\"3d775cc\" data-element_type=\"container\" data-e-type=\"container\" data-settings=\"{&quot;background_background&quot;:&quot;classic&quot;}\">\n\t\t\t\t\t<div class=\"e-con-inner\">\n\t\t<div class=\"elementor-element elementor-element-3e02070 e-con-full e-flex e-con e-child\" data-id=\"3e02070\" data-element_type=\"container\" data-e-type=\"container\">\n\t\t\t\t<div class=\"elementor-element elementor-element-622970c elementor-widget elementor-widget-heading\" data-id=\"622970c\" data-element_type=\"widget\" data-e-type=\"widget\" data-widget_type=\"heading.default\">\n\t\t\t\t<div class=\"elementor-widget-container\">\n\t\t\t\t\t<h2 class=\"elementor-heading-title elementor-size-default\">Nerja et Maro<\/h2>\t\t\t\t<\/div>\n\t\t\t\t<\/div>\n\t\t\t\t<div class=\"elementor-element elementor-element-d4cbd31 elementor-widget elementor-widget-text-editor\" data-id=\"d4cbd31\" data-element_type=\"widget\" data-e-type=\"widget\" data-widget_type=\"text-editor.default\">\n\t\t\t\t<div class=\"elementor-widget-container\">\n\t\t\t\t\t\t\t\t\tNerja est actuellement une destination touristique tr\u00e8s connue. Elle doit sa renomm\u00e9e \u00e0 son emplacement privil\u00e9gi\u00e9, avec ses magnifiques plages et son climat temp\u00e9r\u00e9 toute l&rsquo;ann\u00e9e, ainsi qu&rsquo;\u00e0 la Cueva de Nerja, une cavit\u00e9 c\u00e9l\u00e8bre dans le monde entier qui re\u00e7oit des visiteurs de tous les coins de la plan\u00e8te.\n\nDe plus, la renomm\u00e9e de Nerja en Espagne a augment\u00e9 gr\u00e2ce au tournage de la c\u00e9l\u00e8bre s\u00e9rie Verano Azul, diffus\u00e9e en 1982 sur TVE, ce qui a accru la popularit\u00e9 de la ville.\n\nDans l&rsquo;ensemble, Nerja est devenue l&rsquo;une des destinations pr\u00e9f\u00e9r\u00e9es pour passer des vacances, tant pour le public national qu&rsquo;international, et est aujourd&rsquo;hui l&rsquo;une des destinations pr\u00e9f\u00e9r\u00e9es toute l&rsquo;ann\u00e9e.\n\nNerja compte un quartier appel\u00e9 Maro o\u00f9 se trouve la Cueva de Nerja. Il s&rsquo;agit d&rsquo;un charmant village blanc entour\u00e9 de mer et de montagne, visible depuis le site de la grotte et accessible \u00e0 pied depuis un acc\u00e8s situ\u00e9 \u00e0 c\u00f4t\u00e9 du jardin botanique, derri\u00e8re la zone de billetterie.\n\nPour plus d&rsquo;informations sur la ville de Nerja, vous pouvez consulter ces liens : <a href=\"https:\/\/turismo.nerja.es\/\" target=\"_blank\" rel=\"noopener\">https:\/\/turismo.nerja.es\/<\/a> <a href=\"https:\/\/www.nerja.es\/\" target=\"_blank\" rel=\"noopener\">https:\/\/www.nerja.es\/<\/a>\n\nVous pouvez trouver plus d&rsquo;informations sur Maro ici : <a href=\"https:\/\/turismo.nerja.es\/resena-de-maro\/\" target=\"_blank\" rel=\"noopener\">https:\/\/turismo.nerja.es\/resena-de-maro\/<\/a>\t\t\t\t\t\t\t\t<\/div>\n\t\t\t\t<\/div>\n\t\t\t\t<\/div>\n\t\t\t\t\t<\/div>\n\t\t\t\t<\/div>\n\t\t\t\t<\/div>\n\t\t","protected":false},"excerpt":{"rendered":"<p>Votre entr\u00e9e en ligne au meilleur prix et \u00e9vitez les files d&rsquo;attente Acheter des billets Sur la c\u00f4te du soleil D\u00e9couvrez Nerja : Un Tr\u00e9sor Cach\u00e9 entre Mer et Terre Explorez Nerja : L\u00e0 o\u00f9 l&rsquo;Histoire Rencontre la Beaut\u00e9 Naturelle. Plongez dans un voyage unique \u00e0 travers la Grotte de Nerja et d\u00e9couvrez les merveilles [&hellip;]<\/p>\n","protected":false},"author":1,"featured_media":0,"parent":0,"menu_order":0,"comment_status":"closed","ping_status":"closed","template":"","meta":{"inline_featured_image":false,"site-sidebar-layout":"no-sidebar","site-content-layout":"page-builder","ast-site-content-layout":"full-width-container","site-content-style":"default","site-sidebar-style":"default","ast-global-header-display":"","ast-banner-title-visibility":"","ast-main-header-display":"","ast-hfb-above-header-display":"","ast-hfb-below-header-display":"","ast-hfb-mobile-header-display":"","site-post-title":"disabled","ast-breadcrumbs-content":"","ast-featured-img":"disabled","footer-sml-layout":"","ast-disable-related-posts":"","theme-transparent-header-meta":"default","adv-header-id-meta":"","stick-header-meta":"default","header-above-stick-meta":"","header-main-stick-meta":"","header-below-stick-meta":"","astra-migrate-meta-layouts":"set","ast-page-background-enabled":"default","ast-page-background-meta":{"desktop":{"background-color":"var(--ast-global-color-4)","background-image":"","background-repeat":"repeat","background-position":"center center","background-size":"auto","background-attachment":"scroll","background-type":"","background-media":"","overlay-type":"","overlay-color":"","overlay-opacity":"","overlay-gradient":""},"tablet":{"background-color":"","background-image":"","background-repeat":"repeat","background-position":"center center","background-size":"auto","background-attachment":"scroll","background-type":"","background-media":"","overlay-type":"","overlay-color":"","overlay-opacity":"","overlay-gradient":""},"mobile":{"background-color":"","background-image":"","background-repeat":"repeat","background-position":"center center","background-size":"auto","background-attachment":"scroll","background-type":"","background-media":"","overlay-type":"","overlay-color":"","overlay-opacity":"","overlay-gradient":""}},"ast-content-background-meta":{"desktop":{"background-color":"var(--ast-global-color-5)","background-image":"","background-repeat":"repeat","background-position":"center center","background-size":"auto","background-attachment":"scroll","background-type":"","background-media":"","overlay-type":"","overlay-color":"","overlay-opacity":"","overlay-gradient":""},"tablet":{"background-color":"var(--ast-global-color-5)","background-image":"","background-repeat":"repeat","background-position":"center center","background-size":"auto","background-attachment":"scroll","background-type":"","background-media":"","overlay-type":"","overlay-color":"","overlay-opacity":"","overlay-gradient":""},"mobile":{"background-color":"var(--ast-global-color-5)","background-image":"","background-repeat":"repeat","background-position":"center center","background-size":"auto","background-attachment":"scroll","background-type":"","background-media":"","overlay-type":"","overlay-color":"","overlay-opacity":"","overlay-gradient":""}},"footnotes":""},"class_list":["post-18455","page","type-page","status-publish","hentry"],"_links":{"self":[{"href":"https:\/\/cuevadenerja.es\/fr\/wp-json\/wp\/v2\/pages\/18455","targetHints":{"allow":["GET"]}}],"collection":[{"href":"https:\/\/cuevadenerja.es\/fr\/wp-json\/wp\/v2\/pages"}],"about":[{"href":"https:\/\/cuevadenerja.es\/fr\/wp-json\/wp\/v2\/types\/page"}],"author":[{"embeddable":true,"href":"https:\/\/cuevadenerja.es\/fr\/wp-json\/wp\/v2\/users\/1"}],"replies":[{"embeddable":true,"href":"https:\/\/cuevadenerja.es\/fr\/wp-json\/wp\/v2\/comments?post=18455"}],"version-history":[{"count":0,"href":"https:\/\/cuevadenerja.es\/fr\/wp-json\/wp\/v2\/pages\/18455\/revisions"}],"wp:attachment":[{"href":"https:\/\/cuevadenerja.es\/fr\/wp-json\/wp\/v2\/media?parent=18455"}],"curies":[{"name":"wp","href":"https:\/\/api.w.org\/{rel}","templated":true}]}}