{"id":18432,"date":"2023-10-23T14:31:09","date_gmt":"2023-10-23T12:31:09","guid":{"rendered":"https:\/\/cuevadenerja.es\/?page_id=18432"},"modified":"2024-03-06T19:13:26","modified_gmt":"2024-03-06T18:13:26","slug":"quest-ce-que-cest","status":"publish","type":"page","link":"https:\/\/cuevadenerja.es\/fr\/quest-ce-que-cest\/","title":{"rendered":"Qu&rsquo;est-ce que c&rsquo;est ?"},"content":{"rendered":"\t\t<div data-elementor-type=\"wp-page\" data-elementor-id=\"18432\" class=\"elementor elementor-18432 elementor-12488\" data-elementor-post-type=\"page\">\n\t\t\t\t<div class=\"elementor-element elementor-element-34c0db4 e-flex e-con-boxed e-con e-parent\" data-id=\"34c0db4\" data-element_type=\"container\" data-e-type=\"container\" data-settings=\"{&quot;background_background&quot;:&quot;classic&quot;}\">\n\t\t\t\t\t<div class=\"e-con-inner\">\n\t\t\t\t<div class=\"elementor-element elementor-element-6ed3e26 elementor-widget elementor-widget-text-editor\" data-id=\"6ed3e26\" data-element_type=\"widget\" data-e-type=\"widget\" data-widget_type=\"text-editor.default\">\n\t\t\t\t<div class=\"elementor-widget-container\">\n\t\t\t\t\t\t\t\t\t<p>Votre <strong>entr\u00e9e en ligne<\/strong> au meilleur prix et \u00e9vitez les files d&rsquo;attente<\/p>\t\t\t\t\t\t\t\t<\/div>\n\t\t\t\t<\/div>\n\t\t\t\t<div class=\"elementor-element elementor-element-a832e7e elementor-widget elementor-widget-button\" data-id=\"a832e7e\" data-element_type=\"widget\" data-e-type=\"widget\" data-widget_type=\"button.default\">\n\t\t\t\t<div class=\"elementor-widget-container\">\n\t\t\t\t\t\t\t\t\t<div class=\"elementor-button-wrapper\">\n\t\t\t\t\t<a class=\"elementor-button elementor-button-link elementor-size-sm\" href=\"https:\/\/entradas.cuevadenerja.es\/\" target=\"_blank\">\n\t\t\t\t\t\t<span class=\"elementor-button-content-wrapper\">\n\t\t\t\t\t\t<span class=\"elementor-button-icon\">\n\t\t\t\t<svg aria-hidden=\"true\" class=\"e-font-icon-svg e-fas-ticket-alt\" viewBox=\"0 0 576 512\" xmlns=\"http:\/\/www.w3.org\/2000\/svg\"><path d=\"M128 160h320v192H128V160zm400 96c0 26.51 21.49 48 48 48v96c0 26.51-21.49 48-48 48H48c-26.51 0-48-21.49-48-48v-96c26.51 0 48-21.49 48-48s-21.49-48-48-48v-96c0-26.51 21.49-48 48-48h480c26.51 0 48 21.49 48 48v96c-26.51 0-48 21.49-48 48zm-48-104c0-13.255-10.745-24-24-24H120c-13.255 0-24 10.745-24 24v208c0 13.255 10.745 24 24 24h336c13.255 0 24-10.745 24-24V152z\"><\/path><\/svg>\t\t\t<\/span>\n\t\t\t\t\t\t\t\t\t<span class=\"elementor-button-text\">Acheter des billets<\/span>\n\t\t\t\t\t<\/span>\n\t\t\t\t\t<\/a>\n\t\t\t\t<\/div>\n\t\t\t\t\t\t\t\t<\/div>\n\t\t\t\t<\/div>\n\t\t\t\t\t<\/div>\n\t\t\t\t<\/div>\n\t\t<div data-dce-background-overlay-image-url=\"https:\/\/cuevadenerja.es\/wp-content\/uploads\/2023\/06\/Conservar-la-cueva.jpg\" class=\"elementor-element elementor-element-14189fc e-flex e-con-boxed e-con e-parent\" data-id=\"14189fc\" data-element_type=\"container\" data-e-type=\"container\" data-settings=\"{&quot;background_background&quot;:&quot;classic&quot;}\">\n\t\t\t\t\t<div class=\"e-con-inner\">\n\t\t<div class=\"elementor-element elementor-element-e008c73 e-con-full e-flex e-con e-child\" data-id=\"e008c73\" data-element_type=\"container\" data-e-type=\"container\">\n\t\t\t\t<div class=\"elementor-element elementor-element-f295300 elementor-widget elementor-widget-text-editor\" data-id=\"f295300\" data-element_type=\"widget\" data-e-type=\"widget\" data-widget_type=\"text-editor.default\">\n\t\t\t\t<div class=\"elementor-widget-container\">\n\t\t\t\t\t\t\t\t\t<p>Fondation<\/p>\t\t\t\t\t\t\t\t<\/div>\n\t\t\t\t<\/div>\n\t\t\t\t<div class=\"elementor-element elementor-element-3e8d005 elementor-widget elementor-widget-heading\" data-id=\"3e8d005\" data-element_type=\"widget\" data-e-type=\"widget\" data-widget_type=\"heading.default\">\n\t\t\t\t<div class=\"elementor-widget-container\">\n\t\t\t\t\t<h1 class=\"elementor-heading-title elementor-size-default\">FONDATION PUBLIQUE DE SERVICES DE LA GROTTE DE NERJA\n\n<\/h1>\t\t\t\t<\/div>\n\t\t\t\t<\/div>\n\t\t\t\t<div class=\"elementor-element elementor-element-5a244f2 elementor-widget elementor-widget-text-editor\" data-id=\"5a244f2\" data-element_type=\"widget\" data-e-type=\"widget\" data-widget_type=\"text-editor.default\">\n\t\t\t\t<div class=\"elementor-widget-container\">\n\t\t\t\t\t\t\t\t\t<div class=\"flex-1 overflow-hidden\"><div class=\"react-scroll-to-bottom--css-sdmzu-79elbk h-full\"><div class=\"react-scroll-to-bottom--css-sdmzu-1n7m0yu\"><div class=\"flex flex-col text-sm pb-9\"><div class=\"w-full text-token-text-primary\" data-testid=\"conversation-turn-263\"><div class=\"px-4 py-2 justify-center text-base md:gap-6 m-auto\"><div class=\"flex flex-1 text-base mx-auto gap-3 md:px-5 lg:px-1 xl:px-5 md:max-w-3xl lg:max-w-[40rem] xl:max-w-[48rem] group final-completion\"><div class=\"relative flex w-full flex-col agent-turn\"><div class=\"flex-col gap-1 md:gap-3\"><div class=\"flex flex-grow flex-col max-w-full\"><div class=\"min-h-[20px] text-message flex flex-col items-start gap-3 whitespace-pre-wrap break-words [.text-message+&amp;]:mt-5 overflow-x-auto\" data-message-author-role=\"assistant\" data-message-id=\"c070e5f9-f8e6-41c2-86cd-16088e59baf7\"><div class=\"markdown prose w-full break-words dark:prose-invert light\"><p>Sous la d\u00e9nomination de \u00ab\u00a0Fondation Publique de Services de la Grotte de Nerja\u00a0\u00bb, une organisation de nature fondationnelle, \u00e0 but non lucratif, a \u00e9t\u00e9 constitu\u00e9e, dont le patrimoine est affect\u00e9, de mani\u00e8re permanente, \u00e0 la r\u00e9alisation des objectifs d&rsquo;int\u00e9r\u00eat g\u00e9n\u00e9ral propres \u00e0 l&rsquo;institution.<\/p><\/div><\/div><\/div><\/div><\/div><\/div><\/div><\/div><\/div><\/div><\/div><\/div>\t\t\t\t\t\t\t\t<\/div>\n\t\t\t\t<\/div>\n\t\t\t\t<\/div>\n\t\t\t\t\t<\/div>\n\t\t\t\t<\/div>\n\t\t<div class=\"elementor-element elementor-element-f82c668 e-con-full e-flex e-con e-parent\" data-id=\"f82c668\" data-element_type=\"container\" data-e-type=\"container\" data-settings=\"{&quot;background_background&quot;:&quot;classic&quot;}\">\n\t\t<div class=\"elementor-element elementor-element-f4e038a e-con-full e-flex e-con e-child\" data-id=\"f4e038a\" data-element_type=\"container\" data-e-type=\"container\" data-settings=\"{&quot;background_background&quot;:&quot;classic&quot;}\">\n\t\t\t\t<div class=\"elementor-element elementor-element-d72eddb elementor-widget elementor-widget-heading\" data-id=\"d72eddb\" data-element_type=\"widget\" data-e-type=\"widget\" data-widget_type=\"heading.default\">\n\t\t\t\t<div class=\"elementor-widget-container\">\n\t\t\t\t\t<h2 class=\"elementor-heading-title elementor-size-default\">Fondation de la grotte de Nerja Fondation de la grotte de Nerja Fondation de la grotte de Nerja Fondation de la grotte de Nerja Fondation de la grotte de Nerja Fondation de la grotte de Nerja Fondation de la grotte de Nerja Fondation de la grotte de Nerja Fondation de la grotte de Nerja Fondation de la grotte de Nerja Fondation de la grotte de Nerja Fondation de la grotte de Nerja Fondation de la grotte de Nerja Fondation de la grotte de Nerja Fondation de la grotte de Nerja Fondation de la grotte de Nerja Fondation de la grotte de Nerja Fondation de la grotte de Nerja Fondation de la grotte de Nerja Fondation de la grotte de Nerja Fondation de la grotte de Nerja Fondation de la grotte de Nerja Fondation de la grotte de Nerja Fondation de la grotte de Nerja Fondation de la grotte de Nerja Fondation de la grotte de Nerja Fondation de la grotte de Nerja Fondation de la grotte de Nerja Fondation de la grotte de Nerja Fondation de la grotte de Nerja Fondation de la grotte de Nerja Fondation de la grotte de Nerja Fondation de la grotte de Nerja <\/h2>\t\t\t\t<\/div>\n\t\t\t\t<\/div>\n\t\t\t\t<\/div>\n\t\t\t\t<\/div>\n\t\t<div class=\"elementor-element elementor-element-d67151a e-flex e-con-boxed e-con e-parent\" data-id=\"d67151a\" data-element_type=\"container\" data-e-type=\"container\" data-settings=\"{&quot;background_background&quot;:&quot;classic&quot;}\">\n\t\t\t\t\t<div class=\"e-con-inner\">\n\t\t<div class=\"elementor-element elementor-element-a4561b4 e-con-full e-flex e-con e-child\" data-id=\"a4561b4\" data-element_type=\"container\" data-e-type=\"container\">\n\t\t\t\t<div class=\"elementor-element elementor-element-8d0301f elementor-widget elementor-widget-text-editor\" data-id=\"8d0301f\" data-element_type=\"widget\" data-e-type=\"widget\" data-widget_type=\"text-editor.default\">\n\t\t\t\t<div class=\"elementor-widget-container\">\n\t\t\t\t\t\t\t\t\t<h3><span style=\"color: #b7916c;\"><strong>Objectifs de la Fondation Grotte de Nerja<\/strong><\/span><\/h3>\nLa Fondation a pour but la gestion int\u00e9grale, la conservation et l&rsquo;exploitation rationnelle de la Grotte de Nerja et des terrains affect\u00e9s, principalement \u00e0 des fins touristiques, son \u00e9tude g\u00e9ologique et du site arch\u00e9ologique qu&rsquo;elle contient, ainsi que la promotion culturelle et sociale, sp\u00e9cialement dans la municipalit\u00e9 de Nerja. En plus de la gestion int\u00e9grale, la conservation et l&rsquo;exploitation du Mus\u00e9e de Nerja, propri\u00e9t\u00e9 de cette entit\u00e9.\n<h3><span style=\"color: #b7916c;\"><strong>Gouvernance de la Fondation Grotte de Nerja<\/strong><\/span><\/h3>\nLes institutions fondatrices de la Fondation Publique de Services Grotte de Nerja sont : la Sous-d\u00e9l\u00e9gation du Gouvernement \u00e0 Malaga, la Mairie de Nerja et la Diputaci\u00f3n Provincial de Malaga.\nLe Conseil est l&rsquo;organe de gouvernance, de repr\u00e9sentation et d&rsquo;administration de la Fondation Publique de Services Grotte de Nerja.\n\nCe Conseil est compos\u00e9 de 21 membres, plus un Secr\u00e9taire, non membre du Conseil, qui est avocat de l&rsquo;\u00c9tat, par convention de collaboration avec l&rsquo;entit\u00e9.\n\nAinsi, les 21 membres sont :\n\n<ul>\n \t<li>Le Sous-d\u00e9l\u00e9gu\u00e9 du Gouvernement \u00e0 Malaga, qui le pr\u00e9side.<\/li>\n \t<li>Le Maire-Pr\u00e9sident de la Mairie de Nerja, qui occupe la Vice-pr\u00e9sidence Premi\u00e8re.<\/li>\n \t<li>Le Pr\u00e9sident de la Diputaci\u00f3n Provincial de Malaga, auquel revient la Vice-pr\u00e9sidence Deuxi\u00e8me.<\/li>\n \t<li>Le D\u00e9l\u00e9gu\u00e9 du Gouvernement de la Junta de Andaluc\u00eda \u00e0 Malaga.<\/li>\n \t<li>Un repr\u00e9sentant de la D\u00e9l\u00e9gation de Culture \u00e0 Malaga de la Junta de Andaluc\u00eda.<\/li>\n \t<li>Un repr\u00e9sentant de la D\u00e9l\u00e9gation de Tourisme \u00e0 Malaga de la Junta de Andaluc\u00eda.<\/li>\n \t<li>Le Conseiller au Tourisme de la Mairie de Nerja.<\/li>\n \t<li>Le Maire de la Paroisse de Maro.<\/li>\n \t<li>Un repr\u00e9sentant de l&rsquo;Acad\u00e9mie des Beaux-Arts de San Telmo.<\/li>\n \t<li>Un repr\u00e9sentant de l&rsquo;Universit\u00e9 de Malaga.<\/li>\n \t<li>Le gestionnaire de la Grotte de Nerja.<\/li>\n \t<li>Le Conservateur de la Grotte de Nerja.<\/li>\n \t<li>L&rsquo;inspecteur financier.<\/li>\n \t<li>De plus, il reviendra au titulaire de chacune des institutions fondatrices &#8211; c&rsquo;est-\u00e0-dire, le Sous-d\u00e9l\u00e9gu\u00e9 du Gouvernement \u00e0 Malaga, le Maire-Pr\u00e9sident de la Mairie de Nerja et le Pr\u00e9sident de la Diputaci\u00f3n Provincial de Malaga &#8211; la d\u00e9signation de 2 patrons qui jouiront de la qualit\u00e9 d&rsquo;\u00e9lus.<\/li>\n<\/ul>\t\t\t\t\t\t\t\t<\/div>\n\t\t\t\t<\/div>\n\t\t<div class=\"elementor-element elementor-element-404290d e-grid e-con-boxed e-con e-child\" data-id=\"404290d\" data-element_type=\"container\" data-e-type=\"container\">\n\t\t\t\t\t<div class=\"e-con-inner\">\n\t\t\t\t<div class=\"elementor-element elementor-element-467a2da elementor-widget elementor-widget-image\" data-id=\"467a2da\" data-element_type=\"widget\" data-e-type=\"widget\" data-widget_type=\"image.default\">\n\t\t\t\t<div class=\"elementor-widget-container\">\n\t\t\t\t\t\t\t\t\t\t\t\t\t\t\t<img fetchpriority=\"high\" decoding=\"async\" width=\"1024\" height=\"678\" src=\"https:\/\/cuevadenerja.es\/wp-content\/uploads\/2023\/11\/Entrada-actual-cueva-1-1024x678.jpg\" class=\"attachment-large size-large wp-image-18433\" alt=\"\" srcset=\"https:\/\/cuevadenerja.es\/wp-content\/uploads\/2023\/11\/Entrada-actual-cueva-1-1024x678.jpg 1024w, https:\/\/cuevadenerja.es\/wp-content\/uploads\/2023\/11\/Entrada-actual-cueva-1-300x199.jpg 300w, https:\/\/cuevadenerja.es\/wp-content\/uploads\/2023\/11\/Entrada-actual-cueva-1-768x509.jpg 768w, https:\/\/cuevadenerja.es\/wp-content\/uploads\/2023\/11\/Entrada-actual-cueva-1-1536x1018.jpg 1536w, https:\/\/cuevadenerja.es\/wp-content\/uploads\/2023\/11\/Entrada-actual-cueva-1.jpg 1600w\" sizes=\"(max-width: 1024px) 100vw, 1024px\" \/>\t\t\t\t\t\t\t\t\t\t\t\t\t\t\t<\/div>\n\t\t\t\t<\/div>\n\t\t\t\t<div class=\"elementor-element elementor-element-eddfa2e elementor-widget elementor-widget-image\" data-id=\"eddfa2e\" data-element_type=\"widget\" data-e-type=\"widget\" data-widget_type=\"image.default\">\n\t\t\t\t<div class=\"elementor-widget-container\">\n\t\t\t\t\t\t\t\t\t\t\t\t\t\t\t<img decoding=\"async\" width=\"1024\" height=\"678\" src=\"https:\/\/cuevadenerja.es\/wp-content\/uploads\/2023\/11\/Cueva-Nerja-1024x678.jpg\" class=\"attachment-large size-large wp-image-18434\" alt=\"\" srcset=\"https:\/\/cuevadenerja.es\/wp-content\/uploads\/2023\/11\/Cueva-Nerja-1024x678.jpg 1024w, https:\/\/cuevadenerja.es\/wp-content\/uploads\/2023\/11\/Cueva-Nerja-300x199.jpg 300w, https:\/\/cuevadenerja.es\/wp-content\/uploads\/2023\/11\/Cueva-Nerja-768x509.jpg 768w, https:\/\/cuevadenerja.es\/wp-content\/uploads\/2023\/11\/Cueva-Nerja-1536x1018.jpg 1536w, https:\/\/cuevadenerja.es\/wp-content\/uploads\/2023\/11\/Cueva-Nerja.jpg 1600w\" sizes=\"(max-width: 1024px) 100vw, 1024px\" \/>\t\t\t\t\t\t\t\t\t\t\t\t\t\t\t<\/div>\n\t\t\t\t<\/div>\n\t\t\t\t\t<\/div>\n\t\t\t\t<\/div>\n\t\t\t\t<\/div>\n\t\t\t\t\t<\/div>\n\t\t\t\t<\/div>\n\t\t\t\t<\/div>\n\t\t","protected":false},"excerpt":{"rendered":"<p>Votre entr\u00e9e en ligne au meilleur prix et \u00e9vitez les files d&rsquo;attente Acheter des billets Fondation FONDATION PUBLIQUE DE SERVICES DE LA GROTTE DE NERJA Sous la d\u00e9nomination de \u00ab\u00a0Fondation Publique de Services de la Grotte de Nerja\u00a0\u00bb, une organisation de nature fondationnelle, \u00e0 but non lucratif, a \u00e9t\u00e9 constitu\u00e9e, dont le patrimoine est affect\u00e9, [&hellip;]<\/p>\n","protected":false},"author":1,"featured_media":0,"parent":0,"menu_order":0,"comment_status":"closed","ping_status":"closed","template":"","meta":{"inline_featured_image":false,"site-sidebar-layout":"no-sidebar","site-content-layout":"page-builder","ast-site-content-layout":"full-width-container","site-content-style":"default","site-sidebar-style":"default","ast-global-header-display":"","ast-banner-title-visibility":"","ast-main-header-display":"","ast-hfb-above-header-display":"","ast-hfb-below-header-display":"","ast-hfb-mobile-header-display":"","site-post-title":"disabled","ast-breadcrumbs-content":"","ast-featured-img":"disabled","footer-sml-layout":"","ast-disable-related-posts":"","theme-transparent-header-meta":"default","adv-header-id-meta":"","stick-header-meta":"default","header-above-stick-meta":"","header-main-stick-meta":"","header-below-stick-meta":"","astra-migrate-meta-layouts":"set","ast-page-background-enabled":"default","ast-page-background-meta":{"desktop":{"background-color":"var(--ast-global-color-4)","background-image":"","background-repeat":"repeat","background-position":"center center","background-size":"auto","background-attachment":"scroll","background-type":"","background-media":"","overlay-type":"","overlay-color":"","overlay-opacity":"","overlay-gradient":""},"tablet":{"background-color":"","background-image":"","background-repeat":"repeat","background-position":"center center","background-size":"auto","background-attachment":"scroll","background-type":"","background-media":"","overlay-type":"","overlay-color":"","overlay-opacity":"","overlay-gradient":""},"mobile":{"background-color":"","background-image":"","background-repeat":"repeat","background-position":"center center","background-size":"auto","background-attachment":"scroll","background-type":"","background-media":"","overlay-type":"","overlay-color":"","overlay-opacity":"","overlay-gradient":""}},"ast-content-background-meta":{"desktop":{"background-color":"var(--ast-global-color-5)","background-image":"","background-repeat":"repeat","background-position":"center center","background-size":"auto","background-attachment":"scroll","background-type":"","background-media":"","overlay-type":"","overlay-color":"","overlay-opacity":"","overlay-gradient":""},"tablet":{"background-color":"var(--ast-global-color-5)","background-image":"","background-repeat":"repeat","background-position":"center center","background-size":"auto","background-attachment":"scroll","background-type":"","background-media":"","overlay-type":"","overlay-color":"","overlay-opacity":"","overlay-gradient":""},"mobile":{"background-color":"var(--ast-global-color-5)","background-image":"","background-repeat":"repeat","background-position":"center center","background-size":"auto","background-attachment":"scroll","background-type":"","background-media":"","overlay-type":"","overlay-color":"","overlay-opacity":"","overlay-gradient":""}},"footnotes":""},"class_list":["post-18432","page","type-page","status-publish","hentry"],"_links":{"self":[{"href":"https:\/\/cuevadenerja.es\/fr\/wp-json\/wp\/v2\/pages\/18432","targetHints":{"allow":["GET"]}}],"collection":[{"href":"https:\/\/cuevadenerja.es\/fr\/wp-json\/wp\/v2\/pages"}],"about":[{"href":"https:\/\/cuevadenerja.es\/fr\/wp-json\/wp\/v2\/types\/page"}],"author":[{"embeddable":true,"href":"https:\/\/cuevadenerja.es\/fr\/wp-json\/wp\/v2\/users\/1"}],"replies":[{"embeddable":true,"href":"https:\/\/cuevadenerja.es\/fr\/wp-json\/wp\/v2\/comments?post=18432"}],"version-history":[{"count":0,"href":"https:\/\/cuevadenerja.es\/fr\/wp-json\/wp\/v2\/pages\/18432\/revisions"}],"wp:attachment":[{"href":"https:\/\/cuevadenerja.es\/fr\/wp-json\/wp\/v2\/media?parent=18432"}],"curies":[{"name":"wp","href":"https:\/\/api.w.org\/{rel}","templated":true}]}}