{"id":18362,"date":"2023-06-26T10:51:53","date_gmt":"2023-06-26T08:51:53","guid":{"rendered":"https:\/\/cuevadenerja.es\/?page_id=18362"},"modified":"2024-03-06T18:31:48","modified_gmt":"2024-03-06T17:31:48","slug":"conservation","status":"publish","type":"page","link":"https:\/\/cuevadenerja.es\/fr\/institut\/conservation\/","title":{"rendered":"Conservation"},"content":{"rendered":"\t\t<div data-elementor-type=\"wp-page\" data-elementor-id=\"18362\" class=\"elementor elementor-18362 elementor-61\" data-elementor-post-type=\"page\">\n\t\t\t\t<div class=\"elementor-element elementor-element-de3935b e-flex e-con-boxed e-con e-parent\" data-id=\"de3935b\" data-element_type=\"container\" data-e-type=\"container\" data-settings=\"{&quot;background_background&quot;:&quot;classic&quot;}\">\n\t\t\t\t\t<div class=\"e-con-inner\">\n\t\t\t\t<div class=\"elementor-element elementor-element-c243c59 elementor-widget elementor-widget-text-editor\" data-id=\"c243c59\" data-element_type=\"widget\" data-e-type=\"widget\" data-widget_type=\"text-editor.default\">\n\t\t\t\t<div class=\"elementor-widget-container\">\n\t\t\t\t\t\t\t\t\t<p>Votre <strong>entr\u00e9e en ligne<\/strong> au meilleur prix et \u00e9vitez les files d&rsquo;attente<\/p>\t\t\t\t\t\t\t\t<\/div>\n\t\t\t\t<\/div>\n\t\t\t\t<div class=\"elementor-element elementor-element-2621547 elementor-widget elementor-widget-button\" data-id=\"2621547\" data-element_type=\"widget\" data-e-type=\"widget\" data-widget_type=\"button.default\">\n\t\t\t\t<div class=\"elementor-widget-container\">\n\t\t\t\t\t\t\t\t\t<div class=\"elementor-button-wrapper\">\n\t\t\t\t\t<a class=\"elementor-button elementor-button-link elementor-size-sm\" href=\"https:\/\/entradas.cuevadenerja.es\/\" target=\"_blank\">\n\t\t\t\t\t\t<span class=\"elementor-button-content-wrapper\">\n\t\t\t\t\t\t<span class=\"elementor-button-icon\">\n\t\t\t\t<svg aria-hidden=\"true\" class=\"e-font-icon-svg e-fas-ticket-alt\" viewBox=\"0 0 576 512\" xmlns=\"http:\/\/www.w3.org\/2000\/svg\"><path d=\"M128 160h320v192H128V160zm400 96c0 26.51 21.49 48 48 48v96c0 26.51-21.49 48-48 48H48c-26.51 0-48-21.49-48-48v-96c26.51 0 48-21.49 48-48s-21.49-48-48-48v-96c0-26.51 21.49-48 48-48h480c26.51 0 48 21.49 48 48v96c-26.51 0-48 21.49-48 48zm-48-104c0-13.255-10.745-24-24-24H120c-13.255 0-24 10.745-24 24v208c0 13.255 10.745 24 24 24h336c13.255 0 24-10.745 24-24V152z\"><\/path><\/svg>\t\t\t<\/span>\n\t\t\t\t\t\t\t\t\t<span class=\"elementor-button-text\">Acheter des billets<\/span>\n\t\t\t\t\t<\/span>\n\t\t\t\t\t<\/a>\n\t\t\t\t<\/div>\n\t\t\t\t\t\t\t\t<\/div>\n\t\t\t\t<\/div>\n\t\t\t\t\t<\/div>\n\t\t\t\t<\/div>\n\t\t<div data-dce-background-overlay-image-url=\"https:\/\/cuevadenerja.es\/wp-content\/uploads\/2023\/06\/Conservar-la-cueva.jpg\" class=\"elementor-element elementor-element-24b64f2 e-flex e-con-boxed e-con e-parent\" data-id=\"24b64f2\" data-element_type=\"container\" data-e-type=\"container\" data-settings=\"{&quot;background_background&quot;:&quot;classic&quot;}\">\n\t\t\t\t\t<div class=\"e-con-inner\">\n\t\t<div class=\"elementor-element elementor-element-c15b90d e-con-full e-flex e-con e-child\" data-id=\"c15b90d\" data-element_type=\"container\" data-e-type=\"container\">\n\t\t\t\t<div class=\"elementor-element elementor-element-7afc0d3 elementor-widget elementor-widget-text-editor\" data-id=\"7afc0d3\" data-element_type=\"widget\" data-e-type=\"widget\" data-widget_type=\"text-editor.default\">\n\t\t\t\t<div class=\"elementor-widget-container\">\n\t\t\t\t\t\t\t\t\t<p>Institut de Recherche<\/p>\t\t\t\t\t\t\t\t<\/div>\n\t\t\t\t<\/div>\n\t\t\t\t<div class=\"elementor-element elementor-element-2835c12 elementor-widget elementor-widget-heading\" data-id=\"2835c12\" data-element_type=\"widget\" data-e-type=\"widget\" data-widget_type=\"heading.default\">\n\t\t\t\t<div class=\"elementor-widget-container\">\n\t\t\t\t\t<h1 class=\"elementor-heading-title elementor-size-default\">CONSERVATION<\/h1>\t\t\t\t<\/div>\n\t\t\t\t<\/div>\n\t\t\t\t<div class=\"elementor-element elementor-element-82e0a1a elementor-widget elementor-widget-text-editor\" data-id=\"82e0a1a\" data-element_type=\"widget\" data-e-type=\"widget\" data-widget_type=\"text-editor.default\">\n\t\t\t\t<div class=\"elementor-widget-container\">\n\t\t\t\t\t\t\t\t\t<p>L&rsquo;Institut de Recherche a pour objectif prioritaire de concilier l&rsquo;activit\u00e9 touristique de la grotte avec sa pr\u00e9servation ad\u00e9quate, en utilisant comme outils la recherche et la diffusion.<\/p>\t\t\t\t\t\t\t\t<\/div>\n\t\t\t\t<\/div>\n\t\t\t\t<\/div>\n\t\t\t\t\t<\/div>\n\t\t\t\t<\/div>\n\t\t<div class=\"elementor-element elementor-element-08bb1d3 e-flex e-con-boxed e-con e-parent\" data-id=\"08bb1d3\" data-element_type=\"container\" data-e-type=\"container\" data-settings=\"{&quot;background_background&quot;:&quot;classic&quot;}\">\n\t\t\t\t\t<div class=\"e-con-inner\">\n\t\t<div class=\"elementor-element elementor-element-007f443 e-con-full e-flex e-con e-child\" data-id=\"007f443\" data-element_type=\"container\" data-e-type=\"container\">\n\t\t\t\t<div class=\"elementor-element elementor-element-43abcc9 elementor-widget elementor-widget-heading\" data-id=\"43abcc9\" data-element_type=\"widget\" data-e-type=\"widget\" data-widget_type=\"heading.default\">\n\t\t\t\t<div class=\"elementor-widget-container\">\n\t\t\t\t\t<h2 class=\"elementor-heading-title elementor-size-default\">Conserver une grotte ?\n<\/h2>\t\t\t\t<\/div>\n\t\t\t\t<\/div>\n\t\t\t\t<div class=\"elementor-element elementor-element-7606d46 elementor-widget elementor-widget-text-editor\" data-id=\"7606d46\" data-element_type=\"widget\" data-e-type=\"widget\" data-widget_type=\"text-editor.default\">\n\t\t\t\t<div class=\"elementor-widget-container\">\n\t\t\t\t\t\t\t\t\t<p>Pr\u00e9server une grotte dot\u00e9e d&rsquo;un immense patrimoine culturel et naturel, visit\u00e9e par plus de 400 000 personnes chaque ann\u00e9e, n&rsquo;est pas une t\u00e2che facile et n\u00e9cessite un effort mat\u00e9riel et humain important. La Fondation Cueva de Nerja a d\u00e9cid\u00e9 de miser sur une gestion bas\u00e9e sur la recherche scientifique et la diffusion de ses r\u00e9sultats, dans le but de concilier la visite touristique et la conservation ad\u00e9quate de son tr\u00e9sor patrimonial exceptionnel, qui abrite l&rsquo;histoire de la Terre et de nos anc\u00eatres. Ainsi, profiter de la Cueva de Nerja est un privil\u00e8ge pour notre soci\u00e9t\u00e9, et la pr\u00e9server pour les g\u00e9n\u00e9rations futures est une t\u00e2che obligatoire que nous devons d\u00e9velopper ensemble.<\/p><p>Que fait-on pour conserver la Cueva de Nerja ? C&rsquo;est la question que se posent souvent les personnes int\u00e9ress\u00e9es par les travaux d\u00e9velopp\u00e9s par l&rsquo;Institut de Recherche Cueva de Nerja. Nous ne consid\u00e9rons pas cela comme une question anodine et sommes conscients que sa r\u00e9ponse, remplie de biofilms, de param\u00e8tres environnementaux ou de niveaux stratigraphiques, peut sembler fastidieuse et m\u00eame incompr\u00e9hensible pour les personnes non li\u00e9es au monde de la recherche scientifique. Pour \u00e9viter cette situation et fournir une explication ad\u00e9quate, nous proposons une comparaison entre l&rsquo;utilisation de la Cueva de Nerja comme ressource touristique et une activit\u00e9 habituelle dans la vie quotidienne de nombreuses personnes, le sport. Le corps d&rsquo;un athl\u00e8te d&rsquo;\u00e9lite est soumis \u00e0 un surmenage \u00e0 chaque comp\u00e9tition \u00e0 laquelle il participe. Sans contr\u00f4le sur ce dommage re\u00e7u, son corps finirait par c\u00e9der, probablement de mani\u00e8re irr\u00e9versible. Par cons\u00e9quent, il est logique que tant l&rsquo;effort que sa r\u00e9cup\u00e9ration ult\u00e9rieure n\u00e9cessitent une \u00e9quipe m\u00e9dicale qui garantisse la sant\u00e9 de l&rsquo;athl\u00e8te et le pr\u00e9pare pour les futurs \u00e9v\u00e9nements. Ainsi, notre athl\u00e8te d&rsquo;\u00e9lite est la Cueva de Nerja, une entit\u00e9 \u00ab\u00a0vivante\u00a0\u00bb, pas un site inerte, soumis quotidiennement \u00e0 un impact humain qui doit \u00eatre contr\u00f4l\u00e9 par l&rsquo;Institut de Recherche, qui garantit sa r\u00e9cup\u00e9ration et, donc, sa conservation ad\u00e9quate.<\/p>\t\t\t\t\t\t\t\t<\/div>\n\t\t\t\t<\/div>\n\t\t\t\t<\/div>\n\t\t\t\t\t<\/div>\n\t\t\t\t<\/div>\n\t\t\t\t<\/div>\n\t\t","protected":false},"excerpt":{"rendered":"<p>Votre entr\u00e9e en ligne au meilleur prix et \u00e9vitez les files d&rsquo;attente Acheter des billets Institut de Recherche CONSERVATION L&rsquo;Institut de Recherche a pour objectif prioritaire de concilier l&rsquo;activit\u00e9 touristique de la grotte avec sa pr\u00e9servation ad\u00e9quate, en utilisant comme outils la recherche et la diffusion. Conserver une grotte ? Pr\u00e9server une grotte dot\u00e9e d&rsquo;un [&hellip;]<\/p>\n","protected":false},"author":1,"featured_media":0,"parent":18343,"menu_order":0,"comment_status":"closed","ping_status":"closed","template":"","meta":{"inline_featured_image":false,"site-sidebar-layout":"no-sidebar","site-content-layout":"page-builder","ast-site-content-layout":"full-width-container","site-content-style":"unboxed","site-sidebar-style":"unboxed","ast-global-header-display":"","ast-banner-title-visibility":"","ast-main-header-display":"","ast-hfb-above-header-display":"","ast-hfb-below-header-display":"","ast-hfb-mobile-header-display":"","site-post-title":"disabled","ast-breadcrumbs-content":"","ast-featured-img":"disabled","footer-sml-layout":"","ast-disable-related-posts":"","theme-transparent-header-meta":"default","adv-header-id-meta":"","stick-header-meta":"default","header-above-stick-meta":"","header-main-stick-meta":"","header-below-stick-meta":"","astra-migrate-meta-layouts":"set","ast-page-background-enabled":"default","ast-page-background-meta":{"desktop":{"background-color":"var(--ast-global-color-4)","background-image":"","background-repeat":"repeat","background-position":"center center","background-size":"auto","background-attachment":"scroll","background-type":"","background-media":"","overlay-type":"","overlay-color":"","overlay-opacity":"","overlay-gradient":""},"tablet":{"background-color":"","background-image":"","background-repeat":"repeat","background-position":"center center","background-size":"auto","background-attachment":"scroll","background-type":"","background-media":"","overlay-type":"","overlay-color":"","overlay-opacity":"","overlay-gradient":""},"mobile":{"background-color":"","background-image":"","background-repeat":"repeat","background-position":"center center","background-size":"auto","background-attachment":"scroll","background-type":"","background-media":"","overlay-type":"","overlay-color":"","overlay-opacity":"","overlay-gradient":""}},"ast-content-background-meta":{"desktop":{"background-color":"var(--ast-global-color-5)","background-image":"","background-repeat":"repeat","background-position":"center center","background-size":"auto","background-attachment":"scroll","background-type":"","background-media":"","overlay-type":"","overlay-color":"","overlay-opacity":"","overlay-gradient":""},"tablet":{"background-color":"var(--ast-global-color-5)","background-image":"","background-repeat":"repeat","background-position":"center center","background-size":"auto","background-attachment":"scroll","background-type":"","background-media":"","overlay-type":"","overlay-color":"","overlay-opacity":"","overlay-gradient":""},"mobile":{"background-color":"var(--ast-global-color-5)","background-image":"","background-repeat":"repeat","background-position":"center center","background-size":"auto","background-attachment":"scroll","background-type":"","background-media":"","overlay-type":"","overlay-color":"","overlay-opacity":"","overlay-gradient":""}},"footnotes":""},"class_list":["post-18362","page","type-page","status-publish","hentry"],"_links":{"self":[{"href":"https:\/\/cuevadenerja.es\/fr\/wp-json\/wp\/v2\/pages\/18362","targetHints":{"allow":["GET"]}}],"collection":[{"href":"https:\/\/cuevadenerja.es\/fr\/wp-json\/wp\/v2\/pages"}],"about":[{"href":"https:\/\/cuevadenerja.es\/fr\/wp-json\/wp\/v2\/types\/page"}],"author":[{"embeddable":true,"href":"https:\/\/cuevadenerja.es\/fr\/wp-json\/wp\/v2\/users\/1"}],"replies":[{"embeddable":true,"href":"https:\/\/cuevadenerja.es\/fr\/wp-json\/wp\/v2\/comments?post=18362"}],"version-history":[{"count":0,"href":"https:\/\/cuevadenerja.es\/fr\/wp-json\/wp\/v2\/pages\/18362\/revisions"}],"up":[{"embeddable":true,"href":"https:\/\/cuevadenerja.es\/fr\/wp-json\/wp\/v2\/pages\/18343"}],"wp:attachment":[{"href":"https:\/\/cuevadenerja.es\/fr\/wp-json\/wp\/v2\/media?parent=18362"}],"curies":[{"name":"wp","href":"https:\/\/api.w.org\/{rel}","templated":true}]}}