{"id":18357,"date":"2023-06-26T10:51:36","date_gmt":"2023-06-26T08:51:36","guid":{"rendered":"https:\/\/cuevadenerja.es\/?page_id=18357"},"modified":"2024-03-06T18:26:28","modified_gmt":"2024-03-06T17:26:28","slug":"institution","status":"publish","type":"page","link":"https:\/\/cuevadenerja.es\/fr\/institut\/institution\/","title":{"rendered":"Institution"},"content":{"rendered":"\t\t<div data-elementor-type=\"wp-page\" data-elementor-id=\"18357\" class=\"elementor elementor-18357 elementor-59\" data-elementor-post-type=\"page\">\n\t\t\t\t<div class=\"elementor-element elementor-element-82e9197 e-flex e-con-boxed e-con e-parent\" data-id=\"82e9197\" data-element_type=\"container\" data-e-type=\"container\" data-settings=\"{&quot;background_background&quot;:&quot;classic&quot;}\">\n\t\t\t\t\t<div class=\"e-con-inner\">\n\t\t\t\t<div class=\"elementor-element elementor-element-a8d902a elementor-widget elementor-widget-text-editor\" data-id=\"a8d902a\" data-element_type=\"widget\" data-e-type=\"widget\" data-widget_type=\"text-editor.default\">\n\t\t\t\t<div class=\"elementor-widget-container\">\n\t\t\t\t\t\t\t\t\t<p>Votre <strong>entr\u00e9e en ligne<\/strong> au meilleur prix et \u00e9vitez les files d&rsquo;attente<\/p>\t\t\t\t\t\t\t\t<\/div>\n\t\t\t\t<\/div>\n\t\t\t\t<div class=\"elementor-element elementor-element-e44e139 elementor-widget elementor-widget-button\" data-id=\"e44e139\" data-element_type=\"widget\" data-e-type=\"widget\" data-widget_type=\"button.default\">\n\t\t\t\t<div class=\"elementor-widget-container\">\n\t\t\t\t\t\t\t\t\t<div class=\"elementor-button-wrapper\">\n\t\t\t\t\t<a class=\"elementor-button elementor-button-link elementor-size-sm\" href=\"https:\/\/entradas.cuevadenerja.es\/\" target=\"_blank\">\n\t\t\t\t\t\t<span class=\"elementor-button-content-wrapper\">\n\t\t\t\t\t\t<span class=\"elementor-button-icon\">\n\t\t\t\t<svg aria-hidden=\"true\" class=\"e-font-icon-svg e-fas-ticket-alt\" viewBox=\"0 0 576 512\" xmlns=\"http:\/\/www.w3.org\/2000\/svg\"><path d=\"M128 160h320v192H128V160zm400 96c0 26.51 21.49 48 48 48v96c0 26.51-21.49 48-48 48H48c-26.51 0-48-21.49-48-48v-96c26.51 0 48-21.49 48-48s-21.49-48-48-48v-96c0-26.51 21.49-48 48-48h480c26.51 0 48 21.49 48 48v96c-26.51 0-48 21.49-48 48zm-48-104c0-13.255-10.745-24-24-24H120c-13.255 0-24 10.745-24 24v208c0 13.255 10.745 24 24 24h336c13.255 0 24-10.745 24-24V152z\"><\/path><\/svg>\t\t\t<\/span>\n\t\t\t\t\t\t\t\t\t<span class=\"elementor-button-text\">Acheter des billets<\/span>\n\t\t\t\t\t<\/span>\n\t\t\t\t\t<\/a>\n\t\t\t\t<\/div>\n\t\t\t\t\t\t\t\t<\/div>\n\t\t\t\t<\/div>\n\t\t\t\t\t<\/div>\n\t\t\t\t<\/div>\n\t\t<div data-dce-background-overlay-image-url=\"https:\/\/cuevadenerja.es\/wp-content\/uploads\/2023\/06\/Laboratorio-1.jpg\" class=\"elementor-element elementor-element-6df4620 e-flex e-con-boxed e-con e-parent\" data-id=\"6df4620\" data-element_type=\"container\" data-e-type=\"container\" data-settings=\"{&quot;background_background&quot;:&quot;classic&quot;}\">\n\t\t\t\t\t<div class=\"e-con-inner\">\n\t\t<div class=\"elementor-element elementor-element-3616cf0 e-con-full e-flex e-con e-child\" data-id=\"3616cf0\" data-element_type=\"container\" data-e-type=\"container\">\n\t\t\t\t<div class=\"elementor-element elementor-element-785ad64 elementor-widget elementor-widget-text-editor\" data-id=\"785ad64\" data-element_type=\"widget\" data-e-type=\"widget\" data-widget_type=\"text-editor.default\">\n\t\t\t\t<div class=\"elementor-widget-container\">\n\t\t\t\t\t\t\t\t\t<p>INSTITUT DE RECHERCHE<\/p>\t\t\t\t\t\t\t\t<\/div>\n\t\t\t\t<\/div>\n\t\t\t\t<div class=\"elementor-element elementor-element-f0748b7 elementor-widget elementor-widget-heading\" data-id=\"f0748b7\" data-element_type=\"widget\" data-e-type=\"widget\" data-widget_type=\"heading.default\">\n\t\t\t\t<div class=\"elementor-widget-container\">\n\t\t\t\t\t<h1 class=\"elementor-heading-title elementor-size-default\">L'INSTITUTION<\/h1>\t\t\t\t<\/div>\n\t\t\t\t<\/div>\n\t\t\t\t<div class=\"elementor-element elementor-element-6bf6afc elementor-widget elementor-widget-text-editor\" data-id=\"6bf6afc\" data-element_type=\"widget\" data-e-type=\"widget\" data-widget_type=\"text-editor.default\">\n\t\t\t\t<div class=\"elementor-widget-container\">\n\t\t\t\t\t\t\t\t\t<p>Fond\u00e9 en 1999, l&rsquo;Institut de Recherche de la Grotte de Nerja se consacre \u00e0 la recherche, \u00e0 la conservation et \u00e0 la diffusion du patrimoine de la Grotte de Nerja.<\/p>\t\t\t\t\t\t\t\t<\/div>\n\t\t\t\t<\/div>\n\t\t\t\t<\/div>\n\t\t\t\t\t<\/div>\n\t\t\t\t<\/div>\n\t\t<div class=\"elementor-element elementor-element-57e8b37 e-flex e-con-boxed e-con e-parent\" data-id=\"57e8b37\" data-element_type=\"container\" data-e-type=\"container\" data-settings=\"{&quot;background_background&quot;:&quot;classic&quot;}\">\n\t\t\t\t\t<div class=\"e-con-inner\">\n\t\t<div class=\"elementor-element elementor-element-5fb248e e-con-full e-flex e-con e-child\" data-id=\"5fb248e\" data-element_type=\"container\" data-e-type=\"container\">\n\t\t\t\t<div class=\"elementor-element elementor-element-ac5dcfe elementor-widget elementor-widget-heading\" data-id=\"ac5dcfe\" data-element_type=\"widget\" data-e-type=\"widget\" data-widget_type=\"heading.default\">\n\t\t\t\t<div class=\"elementor-widget-container\">\n\t\t\t\t\t<h2 class=\"elementor-heading-title elementor-size-default\">L'INSTITUTION<\/h2>\t\t\t\t<\/div>\n\t\t\t\t<\/div>\n\t\t\t\t<div class=\"elementor-element elementor-element-0c3d15b elementor-widget elementor-widget-text-editor\" data-id=\"0c3d15b\" data-element_type=\"widget\" data-e-type=\"widget\" data-widget_type=\"text-editor.default\">\n\t\t\t\t<div class=\"elementor-widget-container\">\n\t\t\t\t\t\t\t\t\t<p>L&rsquo;Institut de Recherche de la Grotte de Nerja (IICN) a \u00e9t\u00e9 cr\u00e9\u00e9 en 1999 dans le but de remplir les objectifs fix\u00e9s dans les statuts de la Fondation Publique de Services Grotte de Nerja concernant la recherche, la conservation et la diffusion du Patrimoine Naturel et Culturel de la Grotte de Nerja et de son environnement. Il s&rsquo;agit d&rsquo;un institut de recherche \u00e0 but non lucratif, compos\u00e9 du personnel scientifique de la FPS Grotte de Nerja et enti\u00e8rement financ\u00e9 par cet organisme.<\/p><p>L&rsquo;Institut de Recherche dispose, en tant qu&rsquo;organe de gouvernance, d&rsquo;un Conseil Scientifique Consultatif charg\u00e9, entre autres aspects, de l&rsquo;\u00e9laboration des lignes et des projets de recherche \u00e0 r\u00e9aliser par la Fondation, ainsi que de proposer l&rsquo;organisation de symposiums, congr\u00e8s, journ\u00e9es, plans de publication ou toute autre activit\u00e9 visant \u00e0 la diffusion et \u00e0 la connaissance scientifique de la Grotte de Nerja et de son environnement. Le Conseil Scientifique Consultatif propose \u00e9galement des mesures pour la bonne conservation de la cavit\u00e9, en tenant compte de la fonction sociale et \u00e9conomique d\u00e9coulant de son exploitation rationnelle et soutenue.<\/p>\t\t\t\t\t\t\t\t<\/div>\n\t\t\t\t<\/div>\n\t\t\t\t<\/div>\n\t\t<div class=\"elementor-element elementor-element-6938ca0 e-con-full e-flex e-con e-child\" data-id=\"6938ca0\" data-element_type=\"container\" data-e-type=\"container\">\n\t\t\t\t<div class=\"elementor-element elementor-element-35e3427 elementor-widget elementor-widget-heading\" data-id=\"35e3427\" data-element_type=\"widget\" data-e-type=\"widget\" data-widget_type=\"heading.default\">\n\t\t\t\t<div class=\"elementor-widget-container\">\n\t\t\t\t\t<h2 class=\"elementor-heading-title elementor-size-default\">INSTALLATIONS<\/h2>\t\t\t\t<\/div>\n\t\t\t\t<\/div>\n\t\t\t\t<div class=\"elementor-element elementor-element-b7b12fd elementor-widget elementor-widget-text-editor\" data-id=\"b7b12fd\" data-element_type=\"widget\" data-e-type=\"widget\" data-widget_type=\"text-editor.default\">\n\t\t\t\t<div class=\"elementor-widget-container\">\n\t\t\t\t\t\t\t\t\t<div class=\"flex-1 overflow-hidden\"><div class=\"react-scroll-to-bottom--css-sgihv-79elbk h-full\"><div class=\"react-scroll-to-bottom--css-sgihv-1n7m0yu\"><div class=\"flex flex-col text-sm pb-9\"><div class=\"w-full text-token-text-primary\" data-testid=\"conversation-turn-213\"><div class=\"px-4 py-2 justify-center text-base md:gap-6 m-auto\"><div class=\"flex flex-1 text-base mx-auto gap-3 md:px-5 lg:px-1 xl:px-5 md:max-w-3xl lg:max-w-[40rem] xl:max-w-[48rem] group final-completion\"><div class=\"relative flex w-full flex-col agent-turn\"><div class=\"flex-col gap-1 md:gap-3\"><div class=\"flex flex-grow flex-col max-w-full\"><div class=\"min-h-[20px] text-message flex flex-col items-start gap-3 whitespace-pre-wrap break-words [.text-message+&amp;]:mt-5 overflow-x-auto\" data-message-author-role=\"assistant\" data-message-id=\"bd73b897-ed1e-46b7-9f41-f75648a1c30e\"><div class=\"markdown prose w-full break-words dark:prose-invert light\"><p>Le si\u00e8ge de l&rsquo;IICN, situ\u00e9 \u00e0 l&rsquo;int\u00e9rieur m\u00eame de l&rsquo;enceinte de la grotte, dans le b\u00e2timent des services techniques, dispose de diff\u00e9rentes installations : biblioth\u00e8que de recherche, laboratoire, zone de microscopie, entrep\u00f4t technique, cabinet destin\u00e9 au Speleo-club Grotte de Nerja et au service de Secours Sp\u00e9l\u00e9ologique, bureaux et r\u00e9sidence pour les chercheurs temporaires.<\/p><p>La biblioth\u00e8que de l&rsquo;Institut de Recherche a \u00e9t\u00e9 cr\u00e9\u00e9e en 1995, dans le but de mettre \u00e0 disposition des chercheurs, \u00e9tudiants et professionnels int\u00e9ress\u00e9s, les ressources bibliographiques et documentaires de la Fondation Grotte de Nerja. Elle contient environ 2500 volumes, organis\u00e9s dans les sections suivantes : Pr\u00e9histoire, G\u00e9ologie, Microbiologie, Zoologie, Botanique, Protohistoire, Histoire, Grottes du Monde, Cartes g\u00e9ologiques, Th\u00e8ses de doctorat, Documents audiovisuels et Publications sp\u00e9cifiques sur la Grotte de Nerja.<\/p><p>Une autre installation scientifique compl\u00e9mentaire est la station m\u00e9t\u00e9orologique de la Grotte de Nerja, \u00e9quip\u00e9e d&rsquo;instruments appartenant \u00e0 l&rsquo;Agence de l&rsquo;Environnement et de l&rsquo;Eau d&rsquo;Andalousie et \u00e0 l&rsquo;Agence Espagnole de M\u00e9t\u00e9orologie.<\/p><\/div><\/div><\/div><\/div><\/div><\/div><\/div><\/div><\/div><\/div><\/div><\/div>\t\t\t\t\t\t\t\t<\/div>\n\t\t\t\t<\/div>\n\t\t\t\t<\/div>\n\t\t\t\t\t<\/div>\n\t\t\t\t<\/div>\n\t\t<div class=\"elementor-element elementor-element-db6d18c e-flex e-con-boxed e-con e-parent\" data-id=\"db6d18c\" data-element_type=\"container\" data-e-type=\"container\" data-settings=\"{&quot;background_background&quot;:&quot;classic&quot;}\">\n\t\t\t\t\t<div class=\"e-con-inner\">\n\t\t\t\t<div class=\"elementor-element elementor-element-aa47946 elementor-widget elementor-widget-gallery\" data-id=\"aa47946\" data-element_type=\"widget\" data-e-type=\"widget\" data-settings=\"{&quot;columns&quot;:3,&quot;lazyload&quot;:&quot;yes&quot;,&quot;gallery_layout&quot;:&quot;grid&quot;,&quot;columns_tablet&quot;:2,&quot;columns_mobile&quot;:1,&quot;gap&quot;:{&quot;unit&quot;:&quot;px&quot;,&quot;size&quot;:10,&quot;sizes&quot;:[]},&quot;gap_tablet_extra&quot;:{&quot;unit&quot;:&quot;px&quot;,&quot;size&quot;:10,&quot;sizes&quot;:[]},&quot;gap_tablet&quot;:{&quot;unit&quot;:&quot;px&quot;,&quot;size&quot;:10,&quot;sizes&quot;:[]},&quot;gap_mobile&quot;:{&quot;unit&quot;:&quot;px&quot;,&quot;size&quot;:10,&quot;sizes&quot;:[]},&quot;link_to&quot;:&quot;file&quot;,&quot;aspect_ratio&quot;:&quot;3:2&quot;,&quot;overlay_background&quot;:&quot;yes&quot;,&quot;content_hover_animation&quot;:&quot;fade-in&quot;}\" data-widget_type=\"gallery.default\">\n\t\t\t\t<div class=\"elementor-widget-container\">\n\t\t\t\t\t\t\t<div class=\"elementor-gallery__container\">\n\t\t\t\t\t\t\t<a class=\"e-gallery-item elementor-gallery-item elementor-animated-content\" href=\"https:\/\/cuevadenerja.es\/wp-content\/uploads\/2023\/09\/Instalaciones1.jpg\" data-elementor-open-lightbox=\"yes\" data-elementor-lightbox-slideshow=\"aa47946\" data-elementor-lightbox-title=\"Biblioteca\" data-e-action-hash=\"#elementor-action%3Aaction%3Dlightbox%26settings%3DeyJpZCI6MTIyNTMsInVybCI6Imh0dHBzOlwvXC9jdWV2YWRlbmVyamEuZXNcL3dwLWNvbnRlbnRcL3VwbG9hZHNcLzIwMjNcLzA5XC9JbnN0YWxhY2lvbmVzMS5qcGciLCJzbGlkZXNob3ciOiJhYTQ3OTQ2In0%3D\">\n\t\t\t\t\t<div class=\"e-gallery-image elementor-gallery-item__image\" data-thumbnail=\"https:\/\/cuevadenerja.es\/wp-content\/uploads\/2023\/09\/Instalaciones1.jpg\" data-width=\"1600\" data-height=\"1060\" aria-label=\"\" role=\"img\" ><\/div>\n\t\t\t\t\t\t\t\t\t\t\t<div class=\"elementor-gallery-item__overlay\"><\/div>\n\t\t\t\t\t\t\t\t\t\t\t\t\t\t<\/a>\n\t\t\t\t\t\t\t<a class=\"e-gallery-item elementor-gallery-item elementor-animated-content\" href=\"https:\/\/cuevadenerja.es\/wp-content\/uploads\/2023\/06\/Laboratorio-1.jpg\" data-elementor-open-lightbox=\"yes\" data-elementor-lightbox-slideshow=\"aa47946\" data-elementor-lightbox-title=\"Laboratorio-1\" data-elementor-lightbox-description=\"Microdocumental. Peque\u00f1a y Exclusiva. La Fauna Cavern\u00edcola\" data-e-action-hash=\"#elementor-action%3Aaction%3Dlightbox%26settings%3DeyJpZCI6MTgzNDQsInVybCI6Imh0dHBzOlwvXC9jdWV2YWRlbmVyamEuZXNcL3dwLWNvbnRlbnRcL3VwbG9hZHNcLzIwMjNcLzA2XC9MYWJvcmF0b3Jpby0xLmpwZyIsInNsaWRlc2hvdyI6ImFhNDc5NDYifQ%3D%3D\">\n\t\t\t\t\t<div class=\"e-gallery-image elementor-gallery-item__image\" data-thumbnail=\"https:\/\/cuevadenerja.es\/wp-content\/uploads\/2023\/06\/Laboratorio-1.jpg\" data-width=\"1800\" data-height=\"1200\" aria-label=\"\" role=\"img\" ><\/div>\n\t\t\t\t\t\t\t\t\t\t\t<div class=\"elementor-gallery-item__overlay\"><\/div>\n\t\t\t\t\t\t\t\t\t\t\t\t\t\t<\/a>\n\t\t\t\t\t\t\t<a class=\"e-gallery-item elementor-gallery-item elementor-animated-content\" href=\"https:\/\/cuevadenerja.es\/wp-content\/uploads\/2023\/09\/Laboratorio-2.jpg\" data-elementor-open-lightbox=\"yes\" data-elementor-lightbox-slideshow=\"aa47946\" data-elementor-lightbox-title=\"Laboratorio-2\" data-e-action-hash=\"#elementor-action%3Aaction%3Dlightbox%26settings%3DeyJpZCI6MTgzNDUsInVybCI6Imh0dHBzOlwvXC9jdWV2YWRlbmVyamEuZXNcL3dwLWNvbnRlbnRcL3VwbG9hZHNcLzIwMjNcLzA5XC9MYWJvcmF0b3Jpby0yLmpwZyIsInNsaWRlc2hvdyI6ImFhNDc5NDYifQ%3D%3D\">\n\t\t\t\t\t<div class=\"e-gallery-image elementor-gallery-item__image\" data-thumbnail=\"https:\/\/cuevadenerja.es\/wp-content\/uploads\/2023\/09\/Laboratorio-2.jpg\" data-width=\"1800\" data-height=\"1200\" aria-label=\"\" role=\"img\" ><\/div>\n\t\t\t\t\t\t\t\t\t\t\t<div class=\"elementor-gallery-item__overlay\"><\/div>\n\t\t\t\t\t\t\t\t\t\t\t\t\t\t<\/a>\n\t\t\t\t\t<\/div>\n\t\t\t\t\t<\/div>\n\t\t\t\t<\/div>\n\t\t\t\t\t<\/div>\n\t\t\t\t<\/div>\n\t\t\t\t<\/div>\n\t\t","protected":false},"excerpt":{"rendered":"<p>Votre entr\u00e9e en ligne au meilleur prix et \u00e9vitez les files d&rsquo;attente Acheter des billets INSTITUT DE RECHERCHE L&rsquo;INSTITUTION Fond\u00e9 en 1999, l&rsquo;Institut de Recherche de la Grotte de Nerja se consacre \u00e0 la recherche, \u00e0 la conservation et \u00e0 la diffusion du patrimoine de la Grotte de Nerja. L&rsquo;INSTITUTION L&rsquo;Institut de Recherche de la [&hellip;]<\/p>\n","protected":false},"author":1,"featured_media":0,"parent":18343,"menu_order":0,"comment_status":"closed","ping_status":"closed","template":"","meta":{"inline_featured_image":false,"site-sidebar-layout":"no-sidebar","site-content-layout":"page-builder","ast-site-content-layout":"full-width-container","site-content-style":"unboxed","site-sidebar-style":"unboxed","ast-global-header-display":"","ast-banner-title-visibility":"","ast-main-header-display":"","ast-hfb-above-header-display":"","ast-hfb-below-header-display":"","ast-hfb-mobile-header-display":"","site-post-title":"disabled","ast-breadcrumbs-content":"","ast-featured-img":"disabled","footer-sml-layout":"","ast-disable-related-posts":"","theme-transparent-header-meta":"default","adv-header-id-meta":"","stick-header-meta":"default","header-above-stick-meta":"","header-main-stick-meta":"","header-below-stick-meta":"","astra-migrate-meta-layouts":"set","ast-page-background-enabled":"default","ast-page-background-meta":{"desktop":{"background-color":"var(--ast-global-color-4)","background-image":"","background-repeat":"repeat","background-position":"center center","background-size":"auto","background-attachment":"scroll","background-type":"","background-media":"","overlay-type":"","overlay-color":"","overlay-opacity":"","overlay-gradient":""},"tablet":{"background-color":"","background-image":"","background-repeat":"repeat","background-position":"center center","background-size":"auto","background-attachment":"scroll","background-type":"","background-media":"","overlay-type":"","overlay-color":"","overlay-opacity":"","overlay-gradient":""},"mobile":{"background-color":"","background-image":"","background-repeat":"repeat","background-position":"center center","background-size":"auto","background-attachment":"scroll","background-type":"","background-media":"","overlay-type":"","overlay-color":"","overlay-opacity":"","overlay-gradient":""}},"ast-content-background-meta":{"desktop":{"background-color":"var(--ast-global-color-5)","background-image":"","background-repeat":"repeat","background-position":"center center","background-size":"auto","background-attachment":"scroll","background-type":"","background-media":"","overlay-type":"","overlay-color":"","overlay-opacity":"","overlay-gradient":""},"tablet":{"background-color":"var(--ast-global-color-5)","background-image":"","background-repeat":"repeat","background-position":"center center","background-size":"auto","background-attachment":"scroll","background-type":"","background-media":"","overlay-type":"","overlay-color":"","overlay-opacity":"","overlay-gradient":""},"mobile":{"background-color":"var(--ast-global-color-5)","background-image":"","background-repeat":"repeat","background-position":"center center","background-size":"auto","background-attachment":"scroll","background-type":"","background-media":"","overlay-type":"","overlay-color":"","overlay-opacity":"","overlay-gradient":""}},"footnotes":""},"class_list":["post-18357","page","type-page","status-publish","hentry"],"_links":{"self":[{"href":"https:\/\/cuevadenerja.es\/fr\/wp-json\/wp\/v2\/pages\/18357","targetHints":{"allow":["GET"]}}],"collection":[{"href":"https:\/\/cuevadenerja.es\/fr\/wp-json\/wp\/v2\/pages"}],"about":[{"href":"https:\/\/cuevadenerja.es\/fr\/wp-json\/wp\/v2\/types\/page"}],"author":[{"embeddable":true,"href":"https:\/\/cuevadenerja.es\/fr\/wp-json\/wp\/v2\/users\/1"}],"replies":[{"embeddable":true,"href":"https:\/\/cuevadenerja.es\/fr\/wp-json\/wp\/v2\/comments?post=18357"}],"version-history":[{"count":0,"href":"https:\/\/cuevadenerja.es\/fr\/wp-json\/wp\/v2\/pages\/18357\/revisions"}],"up":[{"embeddable":true,"href":"https:\/\/cuevadenerja.es\/fr\/wp-json\/wp\/v2\/pages\/18343"}],"wp:attachment":[{"href":"https:\/\/cuevadenerja.es\/fr\/wp-json\/wp\/v2\/media?parent=18357"}],"curies":[{"name":"wp","href":"https:\/\/api.w.org\/{rel}","templated":true}]}}