{"id":18142,"date":"2023-10-23T13:40:41","date_gmt":"2023-10-23T11:40:41","guid":{"rendered":"https:\/\/cuevadenerja.es\/?page_id=18142"},"modified":"2024-03-03T18:23:19","modified_gmt":"2024-03-03T17:23:19","slug":"nature","status":"publish","type":"page","link":"https:\/\/cuevadenerja.es\/fr\/grotte\/nature\/","title":{"rendered":"Nature"},"content":{"rendered":"\t\t<div data-elementor-type=\"wp-page\" data-elementor-id=\"18142\" class=\"elementor elementor-18142 elementor-12462\" data-elementor-post-type=\"page\">\n\t\t\t\t<div class=\"elementor-element elementor-element-022a994 e-flex e-con-boxed e-con e-parent\" data-id=\"022a994\" data-element_type=\"container\" data-e-type=\"container\" data-settings=\"{&quot;background_background&quot;:&quot;classic&quot;}\">\n\t\t\t\t\t<div class=\"e-con-inner\">\n\t\t\t\t<div class=\"elementor-element elementor-element-d9478ee elementor-widget elementor-widget-text-editor\" data-id=\"d9478ee\" data-element_type=\"widget\" data-e-type=\"widget\" data-widget_type=\"text-editor.default\">\n\t\t\t\t<div class=\"elementor-widget-container\">\n\t\t\t\t\t\t\t\t\t<p>Votre <strong>entr\u00e9e en ligne<\/strong> au meilleur prix et \u00e9vitez les files d&rsquo;attente<\/p>\t\t\t\t\t\t\t\t<\/div>\n\t\t\t\t<\/div>\n\t\t\t\t<div class=\"elementor-element elementor-element-5b29e30 elementor-widget elementor-widget-button\" data-id=\"5b29e30\" data-element_type=\"widget\" data-e-type=\"widget\" data-widget_type=\"button.default\">\n\t\t\t\t<div class=\"elementor-widget-container\">\n\t\t\t\t\t\t\t\t\t<div class=\"elementor-button-wrapper\">\n\t\t\t\t\t<a class=\"elementor-button elementor-button-link elementor-size-sm\" href=\"https:\/\/entradas.cuevadenerja.es\/\" target=\"_blank\">\n\t\t\t\t\t\t<span class=\"elementor-button-content-wrapper\">\n\t\t\t\t\t\t<span class=\"elementor-button-icon\">\n\t\t\t\t<svg aria-hidden=\"true\" class=\"e-font-icon-svg e-fas-ticket-alt\" viewBox=\"0 0 576 512\" xmlns=\"http:\/\/www.w3.org\/2000\/svg\"><path d=\"M128 160h320v192H128V160zm400 96c0 26.51 21.49 48 48 48v96c0 26.51-21.49 48-48 48H48c-26.51 0-48-21.49-48-48v-96c26.51 0 48-21.49 48-48s-21.49-48-48-48v-96c0-26.51 21.49-48 48-48h480c26.51 0 48 21.49 48 48v96c-26.51 0-48 21.49-48 48zm-48-104c0-13.255-10.745-24-24-24H120c-13.255 0-24 10.745-24 24v208c0 13.255 10.745 24 24 24h336c13.255 0 24-10.745 24-24V152z\"><\/path><\/svg>\t\t\t<\/span>\n\t\t\t\t\t\t\t\t\t<span class=\"elementor-button-text\">Acheter des billets<\/span>\n\t\t\t\t\t<\/span>\n\t\t\t\t\t<\/a>\n\t\t\t\t<\/div>\n\t\t\t\t\t\t\t\t<\/div>\n\t\t\t\t<\/div>\n\t\t\t\t\t<\/div>\n\t\t\t\t<\/div>\n\t\t<div data-dce-background-overlay-image-url=\"https:\/\/cuevadenerja.es\/wp-content\/uploads\/2023\/11\/Jardin-botanico-cueva.jpg\" class=\"elementor-element elementor-element-d861893 e-flex e-con-boxed e-con e-parent\" data-id=\"d861893\" data-element_type=\"container\" data-e-type=\"container\" data-settings=\"{&quot;background_background&quot;:&quot;classic&quot;}\">\n\t\t\t\t\t<div class=\"e-con-inner\">\n\t\t<div class=\"elementor-element elementor-element-ab32d23 e-con-full e-flex e-con e-child\" data-id=\"ab32d23\" data-element_type=\"container\" data-e-type=\"container\">\n\t\t\t\t<div class=\"elementor-element elementor-element-0a01eef elementor-widget elementor-widget-text-editor\" data-id=\"0a01eef\" data-element_type=\"widget\" data-e-type=\"widget\" data-widget_type=\"text-editor.default\">\n\t\t\t\t<div class=\"elementor-widget-container\">\n\t\t\t\t\t\t\t\t\t<div class=\"w-full text-token-text-primary\" data-testid=\"conversation-turn-9\"><div class=\"px-4 py-2 justify-center text-base md:gap-6 m-auto\"><div class=\"flex flex-1 text-base mx-auto gap-3 md:px-5 lg:px-1 xl:px-5 md:max-w-3xl lg:max-w-[40rem] xl:max-w-[48rem] group\"><div class=\"relative flex w-full flex-col agent-turn\"><div class=\"flex-col gap-1 md:gap-3\"><div class=\"flex flex-grow flex-col max-w-full\"><div class=\"min-h-[20px] text-message flex flex-col items-start gap-3 whitespace-pre-wrap break-words [.text-message+&amp;]:mt-5 overflow-x-auto\" data-message-author-role=\"assistant\" data-message-id=\"89320823-8428-4cac-968c-c11685f943f1\"><div class=\"markdown prose w-full break-words dark:prose-invert light\"><p>GROTTE DE NERJA<\/p><\/div><\/div><\/div><\/div><\/div><\/div><\/div><\/div>\t\t\t\t\t\t\t\t<\/div>\n\t\t\t\t<\/div>\n\t\t\t\t<div class=\"elementor-element elementor-element-2444550 elementor-widget elementor-widget-heading\" data-id=\"2444550\" data-element_type=\"widget\" data-e-type=\"widget\" data-widget_type=\"heading.default\">\n\t\t\t\t<div class=\"elementor-widget-container\">\n\t\t\t\t\t<h1 class=\"elementor-heading-title elementor-size-default\">Nature dans la Grotte de Nerja\n\n<\/h1>\t\t\t\t<\/div>\n\t\t\t\t<\/div>\n\t\t\t\t<div class=\"elementor-element elementor-element-f0a2e7b elementor-widget elementor-widget-text-editor\" data-id=\"f0a2e7b\" data-element_type=\"widget\" data-e-type=\"widget\" data-widget_type=\"text-editor.default\">\n\t\t\t\t<div class=\"elementor-widget-container\">\n\t\t\t\t\t\t\t\t\tLa nature dans la <strong>Grotte de Nerja<\/strong> est un <strong>privil\u00e8ge<\/strong> qui entoure tout le site. Ainsi, ses jardins offrent diff\u00e9rents espaces pour la promenade et dans le <strong>Jardin Botanique Detunda-Grotte de Nerja<\/strong>, on peut observer des esp\u00e8ces <strong>end\u00e9miques<\/strong> et d&rsquo;autres plus <strong>exotiques<\/strong>.\n\nLe site de la cavit\u00e9 dispose de <strong>zones jardin\u00e9es<\/strong> et d&rsquo;un <strong>environnement naturel privil\u00e9gi\u00e9<\/strong> entre les falaises de Maro et Cerro Gordo et le <strong>Parc Naturel<\/strong> form\u00e9 par les Sierras de Tejeda, Almijara et Alhama.\t\t\t\t\t\t\t\t<\/div>\n\t\t\t\t<\/div>\n\t\t\t\t<\/div>\n\t\t\t\t\t<\/div>\n\t\t\t\t<\/div>\n\t\t<div class=\"elementor-element elementor-element-db9e65d e-con-full e-flex e-con e-parent\" data-id=\"db9e65d\" data-element_type=\"container\" data-e-type=\"container\" data-settings=\"{&quot;background_background&quot;:&quot;classic&quot;}\">\n\t\t<div class=\"elementor-element elementor-element-20ca3a7 e-con-full e-flex e-con e-child\" data-id=\"20ca3a7\" data-element_type=\"container\" data-e-type=\"container\" data-settings=\"{&quot;background_background&quot;:&quot;classic&quot;}\">\n\t\t\t\t<div class=\"elementor-element elementor-element-2c4c6da elementor-widget elementor-widget-heading\" data-id=\"2c4c6da\" data-element_type=\"widget\" data-e-type=\"widget\" data-widget_type=\"heading.default\">\n\t\t\t\t<div class=\"elementor-widget-container\">\n\t\t\t\t\t<h2 class=\"elementor-heading-title elementor-size-default\">Nature Nature Nature Nature Nature Nature Nature Nature Nature Nature Nature Nature Nature Nature Nature Nature Nature Nature Nature Nature Nature Nature Nature Nature Nature Nature Nature Nature Nature Nature Nature Nature Nature Nature Nature Nature Nature Nature Nature Nature Nature Nature Nature Nature Nature Nature Nature Nature Nature Nature Nature Nature Nature Nature Nature Nature Nature Nature Nature Nature Nature Nature Nature Nature Nature Nature Nature Nature Nature Nature Nature Nature Nature Nature Nature Nature Nature Nature <\/h2>\t\t\t\t<\/div>\n\t\t\t\t<\/div>\n\t\t\t\t<\/div>\n\t\t\t\t<\/div>\n\t\t<div class=\"elementor-element elementor-element-2ea83bc e-flex e-con-boxed e-con e-parent\" data-id=\"2ea83bc\" data-element_type=\"container\" data-e-type=\"container\" data-settings=\"{&quot;background_background&quot;:&quot;classic&quot;}\">\n\t\t\t\t\t<div class=\"e-con-inner\">\n\t\t<div class=\"elementor-element elementor-element-b1b98ef e-con-full e-flex e-con e-child\" data-id=\"b1b98ef\" data-element_type=\"container\" data-e-type=\"container\">\n\t\t\t\t<div class=\"elementor-element elementor-element-dcd40e8 elementor-widget elementor-widget-text-editor\" data-id=\"dcd40e8\" data-element_type=\"widget\" data-e-type=\"widget\" data-widget_type=\"text-editor.default\">\n\t\t\t\t<div class=\"elementor-widget-container\">\n\t\t\t\t\t\t\t\t\t<h3><span style=\"color: #b7916c;\"><strong>Le Jardin Botanique Detunda-Grotte de Nerja<\/strong><\/span><\/h3>\nDe par sa localisation, le <strong>Jardin Botanique Detunda-Grotte de Nerja<\/strong> rassemble les esp\u00e8ces de la <strong>zone sud-ouest de Grenade<\/strong> et de la <strong>zone est de Malaga<\/strong>. Cet espace jardin\u00e9 se trouve donc dans une <strong>orographie diverse<\/strong> et nous y trouvons une <strong>vari\u00e9t\u00e9 d&rsquo;esp\u00e8ces<\/strong>, avec des <strong>end\u00e9mismes de la r\u00e9gion<\/strong>.\nEn se promenant dans le Jardin Botanique, accessible depuis l&rsquo;enceinte de la <strong>Grotte de Nerja<\/strong>, on contemple un grand \u00e9chantillon d&rsquo;une flore <strong>typiquement m\u00e9diterran\u00e9enne<\/strong>, qui s&rsquo;adapte \u00e0 de longues p\u00e9riodes de <strong>s\u00e9cheresse en \u00e9t\u00e9<\/strong>.\n\nDe plus, \u00e0 travers ce terrain de nature, sont \u00e9galement pr\u00e9sent\u00e9es des \u00e9chantillons de diff\u00e9rents <strong>cultures traditionnelles<\/strong> de ces zones g\u00e9ographiques. Il poss\u00e8de \u00e9galement une <strong>collection d&rsquo;orchid\u00e9es<\/strong> et d&rsquo;<strong>esp\u00e8ces rares<\/strong>.\n\nLe <strong>Jardin Botanique Detunda-Grotte de Nerja<\/strong> appartient \u00e0 la <strong>Junta de Andaluc\u00eda<\/strong> et est accessible depuis l&rsquo;enceinte de la cavit\u00e9, son entr\u00e9e se trouve derri\u00e8re la zone des guichets. <a href=\"https:\/\/www.juntadeandalucia.es\/medioambiente\/portal\/landing-page-%C3%ADndice\/-\/asset_publisher\/zX2ouZa4r1Rf\/content\/jard-c3-adn-bot-c3-a1nico-detunda-cueva-de-nerja\/20151\" target=\"_blank\" rel=\"noopener\">Plus d&rsquo;informations sur ce lien<\/a>.\n<a href=\"https:\/\/www.juntadeandalucia.es\/medioambiente\/portal\/web\/ventanadelvisitante\/detalle-buscador-mapa\/-\/asset_publisher\/Jlbxh2qB3NwR\/content\/detunda-cueva-de-nerja\/255035\" target=\"_blank\" rel=\"noopener\">Ses horaires<\/a> sont les suivants.\n\n<h3><span style=\"color: #b7916c;\"><strong>Sentier naturel dans la Grotte de Nerja<\/strong><\/span><\/h3>\nLe <strong>sentier Grotte de Nerja-Almijara<\/strong> offre un acc\u00e8s \u00e0 la montagne, avec un parcours circulaire plus long et des alternatives pour une route plus simple.\nDepuis la <strong>Place des D\u00e9couvreurs<\/strong>, situ\u00e9e au c\u0153ur de l&rsquo;enceinte de la cavit\u00e9, en montant par les escaliers qui apparaissent \u00e0 droite du monument d\u00e9di\u00e9 \u00e0 tous et en tournant ensuite \u00e0 gauche commence le <strong>Sentier Grotte de Nerja-Almijara<\/strong>, qui comporte une porte menant directement \u00e0 la montagne.\n\nC&rsquo;est un sentier facile, de 1.750 m\u00e8tres de long, qui se fait sur un itin\u00e9raire circulaire dont le temps de parcours estim\u00e9 est d&rsquo;environ 2 heures.\n\nUne autre option est de r\u00e9aliser ce sentier seulement jusqu&rsquo;\u00e0 une partie, ainsi, on peut arriver au belv\u00e9d\u00e8re o\u00f9 se trouve un banc en bois qui permet de contempler des <strong>vues incroyables de Nerja<\/strong> et de Maro, avec sa mer en fond. Ce parcours est d&rsquo;environ 800 m\u00e8tres, donc cela prend moins d&rsquo;1 heure. Dans cette alternative, le parcours est lin\u00e9aire et tant l&rsquo;aller que le retour se font par le m\u00eame tron\u00e7on.\n\n<h3><span style=\"color: #b7916c;\"><strong>Jardins et nature dans l&rsquo;enceinte de la Grotte de Nerja<\/strong><\/span><\/h3>\nLa <strong>Grotte de Nerja<\/strong> se situe dans un grand espace, un lieu unique parmi d&rsquo;immenses pins, avec des zones pour se promener et des bancs pour se reposer, o\u00f9 l&rsquo;on peut contempler de nombreuses <strong>esp\u00e8ces v\u00e9g\u00e9tales<\/strong> et, \u00e9galement, observer diverses <strong>faunes<\/strong> comme des \u00e9cureuils, des libellules ou des papillons.\nTout au long de la promenade dans les jardins int\u00e9rieurs de l&rsquo;enceinte de la cavit\u00e9 se trouvent des bancs, install\u00e9s pour que le visiteur puisse se reposer. De plus, derri\u00e8re l&rsquo;entr\u00e9e de la cavit\u00e9, appara\u00eet une zone de parc pour enfants et une autre pour le pique-nique, avec des tables et des si\u00e8ges en bois, pour pouvoir partager un moment de repas ou de go\u00fbter en famille ou entre amis.\n\nEn se promenant dans notre enceinte, on peut contempler &#8211; depuis l&rsquo;entr\u00e9e \u00e0 gauche &#8211; l&rsquo;<strong>Ermitage de San Isidro<\/strong>, du XIXe si\u00e8cle et construit sur les murs de l&rsquo;ancien cimeti\u00e8re de Maro. Sur ses murs apparaissent de curieux gravures r\u00e9alis\u00e9es \u00e0 cette \u00e9poque qui sont attribu\u00e9es aux bergers de la r\u00e9gion.\n\nDe plus, \u00e0 c\u00f4t\u00e9 du <strong>Jardin Botanique<\/strong>, se trouve une autre entr\u00e9e qui m\u00e8ne \u00e0 un chemin pi\u00e9tonnier vers le village de Maro, o\u00f9 se trouve la cavit\u00e9. C&rsquo;est un itin\u00e9raire qui se d\u00e9roule au-dessus du jardin et par une passerelle moderne sur la route, qui se connecte avec ladite localit\u00e9.\n\n\n\n\n\t\t\t\t\t\t\t\t<\/div>\n\t\t\t\t<\/div>\n\t\t<div class=\"elementor-element elementor-element-2338c29 e-grid e-con-boxed e-con e-child\" data-id=\"2338c29\" data-element_type=\"container\" data-e-type=\"container\">\n\t\t\t\t\t<div class=\"e-con-inner\">\n\t\t\t\t<div class=\"elementor-element elementor-element-a86512a elementor-widget elementor-widget-image\" data-id=\"a86512a\" data-element_type=\"widget\" data-e-type=\"widget\" data-widget_type=\"image.default\">\n\t\t\t\t<div class=\"elementor-widget-container\">\n\t\t\t\t\t\t\t\t\t\t\t\t\t\t\t<img fetchpriority=\"high\" decoding=\"async\" width=\"700\" height=\"525\" src=\"https:\/\/cuevadenerja.es\/wp-content\/uploads\/2023\/11\/Jardin-botanico-cueva.jpg\" class=\"attachment-large size-large wp-image-13124\" alt=\"\" srcset=\"https:\/\/cuevadenerja.es\/wp-content\/uploads\/2023\/11\/Jardin-botanico-cueva.jpg 700w, https:\/\/cuevadenerja.es\/wp-content\/uploads\/2023\/11\/Jardin-botanico-cueva-300x225.jpg 300w\" sizes=\"(max-width: 700px) 100vw, 700px\" \/>\t\t\t\t\t\t\t\t\t\t\t\t\t\t\t<\/div>\n\t\t\t\t<\/div>\n\t\t\t\t<div class=\"elementor-element elementor-element-04344f1 elementor-widget elementor-widget-image\" data-id=\"04344f1\" data-element_type=\"widget\" data-e-type=\"widget\" data-widget_type=\"image.default\">\n\t\t\t\t<div class=\"elementor-widget-container\">\n\t\t\t\t\t\t\t\t\t\t\t\t\t\t\t<img decoding=\"async\" width=\"700\" height=\"525\" src=\"https:\/\/cuevadenerja.es\/wp-content\/uploads\/2023\/11\/Jardin-botanico-1.jpg\" class=\"attachment-large size-large wp-image-13126\" alt=\"\" srcset=\"https:\/\/cuevadenerja.es\/wp-content\/uploads\/2023\/11\/Jardin-botanico-1.jpg 700w, https:\/\/cuevadenerja.es\/wp-content\/uploads\/2023\/11\/Jardin-botanico-1-300x225.jpg 300w\" sizes=\"(max-width: 700px) 100vw, 700px\" \/>\t\t\t\t\t\t\t\t\t\t\t\t\t\t\t<\/div>\n\t\t\t\t<\/div>\n\t\t\t\t\t<\/div>\n\t\t\t\t<\/div>\n\t\t\t\t<\/div>\n\t\t\t\t\t<\/div>\n\t\t\t\t<\/div>\n\t\t\t\t<\/div>\n\t\t","protected":false},"excerpt":{"rendered":"<p>Votre entr\u00e9e en ligne au meilleur prix et \u00e9vitez les files d&rsquo;attente Acheter des billets GROTTE DE NERJA Nature dans la Grotte de Nerja La nature dans la Grotte de Nerja est un privil\u00e8ge qui entoure tout le site. Ainsi, ses jardins offrent diff\u00e9rents espaces pour la promenade et dans le Jardin Botanique Detunda-Grotte de [&hellip;]<\/p>\n","protected":false},"author":1,"featured_media":0,"parent":18010,"menu_order":5,"comment_status":"closed","ping_status":"closed","template":"","meta":{"inline_featured_image":false,"site-sidebar-layout":"no-sidebar","site-content-layout":"page-builder","ast-site-content-layout":"full-width-container","site-content-style":"default","site-sidebar-style":"default","ast-global-header-display":"","ast-banner-title-visibility":"","ast-main-header-display":"","ast-hfb-above-header-display":"","ast-hfb-below-header-display":"","ast-hfb-mobile-header-display":"","site-post-title":"disabled","ast-breadcrumbs-content":"","ast-featured-img":"disabled","footer-sml-layout":"","ast-disable-related-posts":"","theme-transparent-header-meta":"default","adv-header-id-meta":"","stick-header-meta":"default","header-above-stick-meta":"","header-main-stick-meta":"","header-below-stick-meta":"","astra-migrate-meta-layouts":"set","ast-page-background-enabled":"default","ast-page-background-meta":{"desktop":{"background-color":"var(--ast-global-color-4)","background-image":"","background-repeat":"repeat","background-position":"center center","background-size":"auto","background-attachment":"scroll","background-type":"","background-media":"","overlay-type":"","overlay-color":"","overlay-opacity":"","overlay-gradient":""},"tablet":{"background-color":"","background-image":"","background-repeat":"repeat","background-position":"center center","background-size":"auto","background-attachment":"scroll","background-type":"","background-media":"","overlay-type":"","overlay-color":"","overlay-opacity":"","overlay-gradient":""},"mobile":{"background-color":"","background-image":"","background-repeat":"repeat","background-position":"center center","background-size":"auto","background-attachment":"scroll","background-type":"","background-media":"","overlay-type":"","overlay-color":"","overlay-opacity":"","overlay-gradient":""}},"ast-content-background-meta":{"desktop":{"background-color":"var(--ast-global-color-5)","background-image":"","background-repeat":"repeat","background-position":"center center","background-size":"auto","background-attachment":"scroll","background-type":"","background-media":"","overlay-type":"","overlay-color":"","overlay-opacity":"","overlay-gradient":""},"tablet":{"background-color":"var(--ast-global-color-5)","background-image":"","background-repeat":"repeat","background-position":"center center","background-size":"auto","background-attachment":"scroll","background-type":"","background-media":"","overlay-type":"","overlay-color":"","overlay-opacity":"","overlay-gradient":""},"mobile":{"background-color":"var(--ast-global-color-5)","background-image":"","background-repeat":"repeat","background-position":"center center","background-size":"auto","background-attachment":"scroll","background-type":"","background-media":"","overlay-type":"","overlay-color":"","overlay-opacity":"","overlay-gradient":""}},"footnotes":""},"class_list":["post-18142","page","type-page","status-publish","hentry"],"_links":{"self":[{"href":"https:\/\/cuevadenerja.es\/fr\/wp-json\/wp\/v2\/pages\/18142","targetHints":{"allow":["GET"]}}],"collection":[{"href":"https:\/\/cuevadenerja.es\/fr\/wp-json\/wp\/v2\/pages"}],"about":[{"href":"https:\/\/cuevadenerja.es\/fr\/wp-json\/wp\/v2\/types\/page"}],"author":[{"embeddable":true,"href":"https:\/\/cuevadenerja.es\/fr\/wp-json\/wp\/v2\/users\/1"}],"replies":[{"embeddable":true,"href":"https:\/\/cuevadenerja.es\/fr\/wp-json\/wp\/v2\/comments?post=18142"}],"version-history":[{"count":0,"href":"https:\/\/cuevadenerja.es\/fr\/wp-json\/wp\/v2\/pages\/18142\/revisions"}],"up":[{"embeddable":true,"href":"https:\/\/cuevadenerja.es\/fr\/wp-json\/wp\/v2\/pages\/18010"}],"wp:attachment":[{"href":"https:\/\/cuevadenerja.es\/fr\/wp-json\/wp\/v2\/media?parent=18142"}],"curies":[{"name":"wp","href":"https:\/\/api.w.org\/{rel}","templated":true}]}}