{"id":18133,"date":"2023-10-23T13:31:21","date_gmt":"2023-10-23T11:31:21","guid":{"rendered":"https:\/\/cuevadenerja.es\/?page_id=18133"},"modified":"2024-03-03T18:14:50","modified_gmt":"2024-03-03T17:14:50","slug":"histoire","status":"publish","type":"page","link":"https:\/\/cuevadenerja.es\/fr\/grotte\/histoire\/","title":{"rendered":"Histoire"},"content":{"rendered":"\t\t<div data-elementor-type=\"wp-page\" data-elementor-id=\"18133\" class=\"elementor elementor-18133 elementor-12460\" data-elementor-post-type=\"page\">\n\t\t\t\t<div class=\"elementor-element elementor-element-6eb6d51 e-flex e-con-boxed e-con e-parent\" data-id=\"6eb6d51\" data-element_type=\"container\" data-e-type=\"container\" data-settings=\"{&quot;background_background&quot;:&quot;classic&quot;}\">\n\t\t\t\t\t<div class=\"e-con-inner\">\n\t\t\t\t<div class=\"elementor-element elementor-element-052c55c elementor-widget elementor-widget-text-editor\" data-id=\"052c55c\" data-element_type=\"widget\" data-e-type=\"widget\" data-widget_type=\"text-editor.default\">\n\t\t\t\t<div class=\"elementor-widget-container\">\n\t\t\t\t\t\t\t\t\t<p>Votre <strong>entr\u00e9e en ligne<\/strong> au meilleur prix et \u00e9vitez les files d&rsquo;attente<\/p>\t\t\t\t\t\t\t\t<\/div>\n\t\t\t\t<\/div>\n\t\t\t\t<div class=\"elementor-element elementor-element-6d447a0 elementor-widget elementor-widget-button\" data-id=\"6d447a0\" data-element_type=\"widget\" data-e-type=\"widget\" data-widget_type=\"button.default\">\n\t\t\t\t<div class=\"elementor-widget-container\">\n\t\t\t\t\t\t\t\t\t<div class=\"elementor-button-wrapper\">\n\t\t\t\t\t<a class=\"elementor-button elementor-button-link elementor-size-sm\" href=\"https:\/\/entradas.cuevadenerja.es\/\" target=\"_blank\">\n\t\t\t\t\t\t<span class=\"elementor-button-content-wrapper\">\n\t\t\t\t\t\t<span class=\"elementor-button-icon\">\n\t\t\t\t<svg aria-hidden=\"true\" class=\"e-font-icon-svg e-fas-ticket-alt\" viewBox=\"0 0 576 512\" xmlns=\"http:\/\/www.w3.org\/2000\/svg\"><path d=\"M128 160h320v192H128V160zm400 96c0 26.51 21.49 48 48 48v96c0 26.51-21.49 48-48 48H48c-26.51 0-48-21.49-48-48v-96c26.51 0 48-21.49 48-48s-21.49-48-48-48v-96c0-26.51 21.49-48 48-48h480c26.51 0 48 21.49 48 48v96c-26.51 0-48 21.49-48 48zm-48-104c0-13.255-10.745-24-24-24H120c-13.255 0-24 10.745-24 24v208c0 13.255 10.745 24 24 24h336c13.255 0 24-10.745 24-24V152z\"><\/path><\/svg>\t\t\t<\/span>\n\t\t\t\t\t\t\t\t\t<span class=\"elementor-button-text\">Acheter des billets<\/span>\n\t\t\t\t\t<\/span>\n\t\t\t\t\t<\/a>\n\t\t\t\t<\/div>\n\t\t\t\t\t\t\t\t<\/div>\n\t\t\t\t<\/div>\n\t\t\t\t\t<\/div>\n\t\t\t\t<\/div>\n\t\t<div data-dce-background-overlay-image-url=\"https:\/\/cuevadenerja.es\/wp-content\/uploads\/2023\/10\/Punta-Gravetiense.jpg\" class=\"elementor-element elementor-element-443ed2c e-flex e-con-boxed e-con e-parent\" data-id=\"443ed2c\" data-element_type=\"container\" data-e-type=\"container\" data-settings=\"{&quot;background_background&quot;:&quot;classic&quot;}\">\n\t\t\t\t\t<div class=\"e-con-inner\">\n\t\t<div class=\"elementor-element elementor-element-baecf3d e-con-full e-flex e-con e-child\" data-id=\"baecf3d\" data-element_type=\"container\" data-e-type=\"container\">\n\t\t\t\t<div class=\"elementor-element elementor-element-13ed81d elementor-widget elementor-widget-text-editor\" data-id=\"13ed81d\" data-element_type=\"widget\" data-e-type=\"widget\" data-widget_type=\"text-editor.default\">\n\t\t\t\t<div class=\"elementor-widget-container\">\n\t\t\t\t\t\t\t\t\t<div class=\"w-full text-token-text-primary\" data-testid=\"conversation-turn-9\"><div class=\"px-4 py-2 justify-center text-base md:gap-6 m-auto\"><div class=\"flex flex-1 text-base mx-auto gap-3 md:px-5 lg:px-1 xl:px-5 md:max-w-3xl lg:max-w-[40rem] xl:max-w-[48rem] group\"><div class=\"relative flex w-full flex-col agent-turn\"><div class=\"flex-col gap-1 md:gap-3\"><div class=\"flex flex-grow flex-col max-w-full\"><div class=\"min-h-[20px] text-message flex flex-col items-start gap-3 whitespace-pre-wrap break-words [.text-message+&amp;]:mt-5 overflow-x-auto\" data-message-author-role=\"assistant\" data-message-id=\"89320823-8428-4cac-968c-c11685f943f1\"><div class=\"markdown prose w-full break-words dark:prose-invert light\"><p>GROTTE DE NERJA<\/p><\/div><\/div><\/div><\/div><\/div><\/div><\/div><\/div>\t\t\t\t\t\t\t\t<\/div>\n\t\t\t\t<\/div>\n\t\t\t\t<div class=\"elementor-element elementor-element-82488c5 elementor-widget elementor-widget-heading\" data-id=\"82488c5\" data-element_type=\"widget\" data-e-type=\"widget\" data-widget_type=\"heading.default\">\n\t\t\t\t<div class=\"elementor-widget-container\">\n\t\t\t\t\t<h1 class=\"elementor-heading-title elementor-size-default\">Histoire de la Grotte de Nerja<\/h1>\t\t\t\t<\/div>\n\t\t\t\t<\/div>\n\t\t\t\t<div class=\"elementor-element elementor-element-989fbe1 elementor-widget elementor-widget-text-editor\" data-id=\"989fbe1\" data-element_type=\"widget\" data-e-type=\"widget\" data-widget_type=\"text-editor.default\">\n\t\t\t\t<div class=\"elementor-widget-container\">\n\t\t\t\t\t\t\t\t\t<p>L&rsquo;histoire de la <strong>Grotte de Nerja<\/strong> a commenc\u00e9 il y a des millions d&rsquo;ann\u00e9es. En effet, nos anc\u00eatres la connaissaient d\u00e9j\u00e0 : ils l&rsquo;habitaient, la d\u00e9coraient et l&rsquo;utilisaient comme lieu sacr\u00e9 de s\u00e9pulture.<\/p><p>Tous ces vestiges sont parvenus jusqu&rsquo;\u00e0 nous, faisant de cette grotte un \u00e9l\u00e9ment cl\u00e9 pour l&rsquo;\u00e9tude de nos pr\u00e9d\u00e9cesseurs et de leurs modes de vie.<\/p>\t\t\t\t\t\t\t\t<\/div>\n\t\t\t\t<\/div>\n\t\t\t\t<\/div>\n\t\t\t\t\t<\/div>\n\t\t\t\t<\/div>\n\t\t<div class=\"elementor-element elementor-element-9454190 e-con-full e-flex e-con e-parent\" data-id=\"9454190\" data-element_type=\"container\" data-e-type=\"container\" data-settings=\"{&quot;background_background&quot;:&quot;classic&quot;}\">\n\t\t<div class=\"elementor-element elementor-element-a3b6217 e-con-full e-flex e-con e-child\" data-id=\"a3b6217\" data-element_type=\"container\" data-e-type=\"container\" data-settings=\"{&quot;background_background&quot;:&quot;classic&quot;}\">\n\t\t\t\t<div class=\"elementor-element elementor-element-8628156 elementor-widget elementor-widget-heading\" data-id=\"8628156\" data-element_type=\"widget\" data-e-type=\"widget\" data-widget_type=\"heading.default\">\n\t\t\t\t<div class=\"elementor-widget-container\">\n\t\t\t\t\t<h2 class=\"elementor-heading-title elementor-size-default\">Histoire de la Grotte de Nerja Histoire de la Grotte de Nerja Histoire de la Grotte de Nerja Histoire de la Grotte de Nerja Histoire de la Grotte de Nerja Histoire de la Grotte de Nerja Histoire de la Grotte de Nerja Histoire de la Grotte de Nerja Histoire de la Grotte de Nerja Histoire de la Grotte de Nerja Histoire de la Grotte de Nerja Histoire de la Grotte de Nerja Histoire de la Grotte de Nerja Histoire de la Grotte de Nerja Histoire de la Grotte de Nerja Histoire de la Grotte de Nerja Histoire de la Grotte de Nerja Histoire de la Grotte de Nerja Histoire de la Grotte de Nerja Histoire de la Grotte de Nerja Histoire de la Grotte de Nerja Histoire de la Grotte de Nerja Histoire de la Grotte de Nerja Histoire de la Grotte de Nerja Histoire de la Grotte de Nerja Histoire de la Grotte de Nerja Histoire de la Grotte de Nerja Histoire de la Grotte de Nerja <\/h2>\t\t\t\t<\/div>\n\t\t\t\t<\/div>\n\t\t\t\t<\/div>\n\t\t\t\t<\/div>\n\t\t<div class=\"elementor-element elementor-element-5290f89 e-flex e-con-boxed e-con e-parent\" data-id=\"5290f89\" data-element_type=\"container\" data-e-type=\"container\" data-settings=\"{&quot;background_background&quot;:&quot;classic&quot;}\">\n\t\t\t\t\t<div class=\"e-con-inner\">\n\t\t<div class=\"elementor-element elementor-element-d233da3 e-con-full e-flex e-con e-child\" data-id=\"d233da3\" data-element_type=\"container\" data-e-type=\"container\">\n\t\t\t\t<div class=\"elementor-element elementor-element-79f3cff elementor-widget elementor-widget-text-editor\" data-id=\"79f3cff\" data-element_type=\"widget\" data-e-type=\"widget\" data-widget_type=\"text-editor.default\">\n\t\t\t\t<div class=\"elementor-widget-container\">\n\t\t\t\t\t\t\t\t\t<h3><span style=\"color: #b7916c;\"><strong>La ocupaci\u00f3n humana a lo largo de la historia de la Cueva de Nerja<\/strong> <\/span><\/h3><p>La <strong>Cueva de Nerja<\/strong> fue utilizada y frecuentada por grupos humanos durante la <strong>Prehistoria<\/strong>, desde hace unos <strong>35.000 a\u00f1os<\/strong> hasta unos <strong>3.600 a\u00f1os antes del presente<\/strong>, seg\u00fan la informaci\u00f3n proporcionada hasta la fecha por las <strong>excavaciones arqueol\u00f3gicas<\/strong> que muestran la historia de la Cueva de Nerja. Usaron la cavidad como <strong>refugio<\/strong> y <strong>lugar de habitaci\u00f3n<\/strong>, donde descansar y realizar sus <strong>actividades cotidianas<\/strong>. Las zonas m\u00e1s profundas se emplearon para trazar <strong>pinturas rupestres y grabados<\/strong>. Tambi\u00e9n se utiliz\u00f3 como <strong>lugar de enterramiento<\/strong>. Los indicios datados m\u00e1s antiguos en superficie alcanzan al <strong>Auri\u00f1aciense<\/strong>, en torno a <strong>35.000 a\u00f1os antes del presente<\/strong>, una \u00e9poca de condiciones glaciales con inestabilidad clim\u00e1tica en la que realizaban <strong>industria laminar<\/strong> -para crear herramientas como raspadores o buriles- e <strong>industria \u00f3sea<\/strong> -para configurar elementos como los mangos de esos utensilios-. El tiempo de ocupaci\u00f3n humana documentado en las salas de habitaci\u00f3n de la cavidad se desarrolla entre el <strong>Gravetiense (29.940 y 28.580 cal. BP)<\/strong> y <strong>Calcol\u00edtico (4.830-3.600 cal. BP)<\/strong>.<\/p><h3><span style=\"color: #b7916c;\"><strong>Hallazgos que muestran la historia de la Cueva de Nerja<\/strong> <\/span><\/h3><p>Las <strong>excavaciones arqueol\u00f3gicas<\/strong> en la Cueva de Nerja se inician casi desde el descubrimiento de la misma, ofreciendo mucha informaci\u00f3n de su historia y de sus habitantes. Como lugar habitacional, en ella realizaban sus <strong>actividades cotidianas<\/strong> como la elaboraci\u00f3n de <strong>instrumentos de piedra o hueso<\/strong>, creaci\u00f3n de <strong>adornos corporales<\/strong>, <strong>alimentaci\u00f3n diaria<\/strong>, procesado de comestibles para su <strong>conservaci\u00f3n<\/strong>\u2026 De todo ello se han encontrado <strong>vestigios<\/strong>. Tambi\u00e9n llevaron a cabo varias <strong>pinturas rupestres y grabados<\/strong> que pueden contemplarse en numerosos puntos de la cavidad. Adem\u00e1s de las propias manifestaciones art\u00edsticas, se han hallado <strong>restos arqueol\u00f3gicos<\/strong> de los m\u00e9todos de iluminaci\u00f3n que utilizaban, como <strong>cazoletas<\/strong> donde colocaban las maderas resinosas para hacer fuego que les permitiera iluminar el espacio que decoraban. Nuestros antepasados, adem\u00e1s, consideraron la cavidad como un <strong>lugar sagrado<\/strong>, donde enterrar a sus difuntos, por ello se han encontrado varios <strong>restos esquel\u00e9ticos y utensilios<\/strong> empleados en ajuares funerarios. Fundamentalmente en el <strong>Neol\u00edtico, Calcol\u00edtico<\/strong> y con posible perduraci\u00f3n a comienzos de la <strong>Edad de Bronce<\/strong>. Todas las acciones citadas han dejado <strong>huella en la gruta<\/strong> y, gracias a las <strong>excavaciones de arqueolog\u00eda<\/strong>, han visto la luz en nuestros d\u00edas. Muchas de ellas pueden contemplarse en el <strong>Museo de Nerja<\/strong>, incluido con la visita a la cavidad para <strong>completar su conocimiento<\/strong>.<\/p>\t\t\t\t\t\t\t\t<\/div>\n\t\t\t\t<\/div>\n\t\t<div class=\"elementor-element elementor-element-25759f1 e-grid e-con-boxed e-con e-child\" data-id=\"25759f1\" data-element_type=\"container\" data-e-type=\"container\">\n\t\t\t\t\t<div class=\"e-con-inner\">\n\t\t\t\t<div class=\"elementor-element elementor-element-46a3563 elementor-widget elementor-widget-image\" data-id=\"46a3563\" data-element_type=\"widget\" data-e-type=\"widget\" data-widget_type=\"image.default\">\n\t\t\t\t<div class=\"elementor-widget-container\">\n\t\t\t\t\t\t\t\t\t\t\t\t\t\t\t<img fetchpriority=\"high\" decoding=\"async\" width=\"1024\" height=\"683\" src=\"https:\/\/cuevadenerja.es\/wp-content\/uploads\/2023\/10\/Cazoletas-labradas-1024x683.jpg\" class=\"attachment-large size-large wp-image-18074\" alt=\"\" srcset=\"https:\/\/cuevadenerja.es\/wp-content\/uploads\/2023\/10\/Cazoletas-labradas-1024x683.jpg 1024w, https:\/\/cuevadenerja.es\/wp-content\/uploads\/2023\/10\/Cazoletas-labradas-300x200.jpg 300w, https:\/\/cuevadenerja.es\/wp-content\/uploads\/2023\/10\/Cazoletas-labradas-768x512.jpg 768w, https:\/\/cuevadenerja.es\/wp-content\/uploads\/2023\/10\/Cazoletas-labradas-1536x1024.jpg 1536w, https:\/\/cuevadenerja.es\/wp-content\/uploads\/2023\/10\/Cazoletas-labradas.jpg 1800w\" sizes=\"(max-width: 1024px) 100vw, 1024px\" \/>\t\t\t\t\t\t\t\t\t\t\t\t\t\t\t<\/div>\n\t\t\t\t<\/div>\n\t\t\t\t<div class=\"elementor-element elementor-element-ccdbd15 elementor-widget elementor-widget-image\" data-id=\"ccdbd15\" data-element_type=\"widget\" data-e-type=\"widget\" data-widget_type=\"image.default\">\n\t\t\t\t<div class=\"elementor-widget-container\">\n\t\t\t\t\t\t\t\t\t\t\t\t\t\t\t<img decoding=\"async\" width=\"1024\" height=\"683\" src=\"https:\/\/cuevadenerja.es\/wp-content\/uploads\/2023\/10\/Punta-de-flecha-1024x683.jpg\" class=\"attachment-large size-large wp-image-18073\" alt=\"\" srcset=\"https:\/\/cuevadenerja.es\/wp-content\/uploads\/2023\/10\/Punta-de-flecha-1024x683.jpg 1024w, https:\/\/cuevadenerja.es\/wp-content\/uploads\/2023\/10\/Punta-de-flecha-300x200.jpg 300w, https:\/\/cuevadenerja.es\/wp-content\/uploads\/2023\/10\/Punta-de-flecha-768x512.jpg 768w, https:\/\/cuevadenerja.es\/wp-content\/uploads\/2023\/10\/Punta-de-flecha-1536x1024.jpg 1536w, https:\/\/cuevadenerja.es\/wp-content\/uploads\/2023\/10\/Punta-de-flecha.jpg 1800w\" sizes=\"(max-width: 1024px) 100vw, 1024px\" \/>\t\t\t\t\t\t\t\t\t\t\t\t\t\t\t<\/div>\n\t\t\t\t<\/div>\n\t\t\t\t\t<\/div>\n\t\t\t\t<\/div>\n\t\t\t\t<\/div>\n\t\t\t\t\t<\/div>\n\t\t\t\t<\/div>\n\t\t\t\t<\/div>\n\t\t","protected":false},"excerpt":{"rendered":"<p>Votre entr\u00e9e en ligne au meilleur prix et \u00e9vitez les files d&rsquo;attente Acheter des billets GROTTE DE NERJA Histoire de la Grotte de Nerja L&rsquo;histoire de la Grotte de Nerja a commenc\u00e9 il y a des millions d&rsquo;ann\u00e9es. En effet, nos anc\u00eatres la connaissaient d\u00e9j\u00e0 : ils l&rsquo;habitaient, la d\u00e9coraient et l&rsquo;utilisaient comme lieu sacr\u00e9 [&hellip;]<\/p>\n","protected":false},"author":1,"featured_media":0,"parent":18010,"menu_order":3,"comment_status":"closed","ping_status":"closed","template":"","meta":{"inline_featured_image":false,"site-sidebar-layout":"no-sidebar","site-content-layout":"page-builder","ast-site-content-layout":"full-width-container","site-content-style":"default","site-sidebar-style":"default","ast-global-header-display":"","ast-banner-title-visibility":"","ast-main-header-display":"","ast-hfb-above-header-display":"","ast-hfb-below-header-display":"","ast-hfb-mobile-header-display":"","site-post-title":"disabled","ast-breadcrumbs-content":"","ast-featured-img":"disabled","footer-sml-layout":"","ast-disable-related-posts":"","theme-transparent-header-meta":"default","adv-header-id-meta":"","stick-header-meta":"default","header-above-stick-meta":"","header-main-stick-meta":"","header-below-stick-meta":"","astra-migrate-meta-layouts":"set","ast-page-background-enabled":"default","ast-page-background-meta":{"desktop":{"background-color":"var(--ast-global-color-4)","background-image":"","background-repeat":"repeat","background-position":"center center","background-size":"auto","background-attachment":"scroll","background-type":"","background-media":"","overlay-type":"","overlay-color":"","overlay-opacity":"","overlay-gradient":""},"tablet":{"background-color":"","background-image":"","background-repeat":"repeat","background-position":"center center","background-size":"auto","background-attachment":"scroll","background-type":"","background-media":"","overlay-type":"","overlay-color":"","overlay-opacity":"","overlay-gradient":""},"mobile":{"background-color":"","background-image":"","background-repeat":"repeat","background-position":"center center","background-size":"auto","background-attachment":"scroll","background-type":"","background-media":"","overlay-type":"","overlay-color":"","overlay-opacity":"","overlay-gradient":""}},"ast-content-background-meta":{"desktop":{"background-color":"var(--ast-global-color-5)","background-image":"","background-repeat":"repeat","background-position":"center center","background-size":"auto","background-attachment":"scroll","background-type":"","background-media":"","overlay-type":"","overlay-color":"","overlay-opacity":"","overlay-gradient":""},"tablet":{"background-color":"var(--ast-global-color-5)","background-image":"","background-repeat":"repeat","background-position":"center center","background-size":"auto","background-attachment":"scroll","background-type":"","background-media":"","overlay-type":"","overlay-color":"","overlay-opacity":"","overlay-gradient":""},"mobile":{"background-color":"var(--ast-global-color-5)","background-image":"","background-repeat":"repeat","background-position":"center center","background-size":"auto","background-attachment":"scroll","background-type":"","background-media":"","overlay-type":"","overlay-color":"","overlay-opacity":"","overlay-gradient":""}},"footnotes":""},"class_list":["post-18133","page","type-page","status-publish","hentry"],"_links":{"self":[{"href":"https:\/\/cuevadenerja.es\/fr\/wp-json\/wp\/v2\/pages\/18133","targetHints":{"allow":["GET"]}}],"collection":[{"href":"https:\/\/cuevadenerja.es\/fr\/wp-json\/wp\/v2\/pages"}],"about":[{"href":"https:\/\/cuevadenerja.es\/fr\/wp-json\/wp\/v2\/types\/page"}],"author":[{"embeddable":true,"href":"https:\/\/cuevadenerja.es\/fr\/wp-json\/wp\/v2\/users\/1"}],"replies":[{"embeddable":true,"href":"https:\/\/cuevadenerja.es\/fr\/wp-json\/wp\/v2\/comments?post=18133"}],"version-history":[{"count":0,"href":"https:\/\/cuevadenerja.es\/fr\/wp-json\/wp\/v2\/pages\/18133\/revisions"}],"up":[{"embeddable":true,"href":"https:\/\/cuevadenerja.es\/fr\/wp-json\/wp\/v2\/pages\/18010"}],"wp:attachment":[{"href":"https:\/\/cuevadenerja.es\/fr\/wp-json\/wp\/v2\/media?parent=18133"}],"curies":[{"name":"wp","href":"https:\/\/api.w.org\/{rel}","templated":true}]}}