{"id":18126,"date":"2023-10-23T13:31:05","date_gmt":"2023-10-23T11:31:05","guid":{"rendered":"https:\/\/cuevadenerja.es\/?page_id=18126"},"modified":"2024-03-03T18:06:15","modified_gmt":"2024-03-03T17:06:15","slug":"peintures-rupestres","status":"publish","type":"page","link":"https:\/\/cuevadenerja.es\/fr\/grotte\/peintures-rupestres\/","title":{"rendered":"Peintures rupestres"},"content":{"rendered":"\t\t<div data-elementor-type=\"wp-page\" data-elementor-id=\"18126\" class=\"elementor elementor-18126 elementor-12458\" data-elementor-post-type=\"page\">\n\t\t\t\t<div class=\"elementor-element elementor-element-0cf8cee e-flex e-con-boxed e-con e-parent\" data-id=\"0cf8cee\" data-element_type=\"container\" data-e-type=\"container\" data-settings=\"{&quot;background_background&quot;:&quot;classic&quot;}\">\n\t\t\t\t\t<div class=\"e-con-inner\">\n\t\t\t\t<div class=\"elementor-element elementor-element-0cfb412 elementor-widget elementor-widget-text-editor\" data-id=\"0cfb412\" data-element_type=\"widget\" data-e-type=\"widget\" data-widget_type=\"text-editor.default\">\n\t\t\t\t<div class=\"elementor-widget-container\">\n\t\t\t\t\t\t\t\t\t<p>Votre <strong>entr\u00e9e en ligne<\/strong> au meilleur prix et \u00e9vitez les files d&rsquo;attente<\/p>\t\t\t\t\t\t\t\t<\/div>\n\t\t\t\t<\/div>\n\t\t\t\t<div class=\"elementor-element elementor-element-55e5e4a elementor-widget elementor-widget-button\" data-id=\"55e5e4a\" data-element_type=\"widget\" data-e-type=\"widget\" data-widget_type=\"button.default\">\n\t\t\t\t<div class=\"elementor-widget-container\">\n\t\t\t\t\t\t\t\t\t<div class=\"elementor-button-wrapper\">\n\t\t\t\t\t<a class=\"elementor-button elementor-button-link elementor-size-sm\" href=\"https:\/\/entradas.cuevadenerja.es\/\" target=\"_blank\">\n\t\t\t\t\t\t<span class=\"elementor-button-content-wrapper\">\n\t\t\t\t\t\t<span class=\"elementor-button-icon\">\n\t\t\t\t<svg aria-hidden=\"true\" class=\"e-font-icon-svg e-fas-ticket-alt\" viewBox=\"0 0 576 512\" xmlns=\"http:\/\/www.w3.org\/2000\/svg\"><path d=\"M128 160h320v192H128V160zm400 96c0 26.51 21.49 48 48 48v96c0 26.51-21.49 48-48 48H48c-26.51 0-48-21.49-48-48v-96c26.51 0 48-21.49 48-48s-21.49-48-48-48v-96c0-26.51 21.49-48 48-48h480c26.51 0 48 21.49 48 48v96c-26.51 0-48 21.49-48 48zm-48-104c0-13.255-10.745-24-24-24H120c-13.255 0-24 10.745-24 24v208c0 13.255 10.745 24 24 24h336c13.255 0 24-10.745 24-24V152z\"><\/path><\/svg>\t\t\t<\/span>\n\t\t\t\t\t\t\t\t\t<span class=\"elementor-button-text\">Acheter des billets<\/span>\n\t\t\t\t\t<\/span>\n\t\t\t\t\t<\/a>\n\t\t\t\t<\/div>\n\t\t\t\t\t\t\t\t<\/div>\n\t\t\t\t<\/div>\n\t\t\t\t\t<\/div>\n\t\t\t\t<\/div>\n\t\t<div data-dce-background-overlay-image-url=\"https:\/\/cuevadenerja.es\/wp-content\/uploads\/2023\/09\/Cueva-Nerja-7.jpg\" class=\"elementor-element elementor-element-d76513c e-flex e-con-boxed e-con e-parent\" data-id=\"d76513c\" data-element_type=\"container\" data-e-type=\"container\" data-settings=\"{&quot;background_background&quot;:&quot;classic&quot;}\">\n\t\t\t\t\t<div class=\"e-con-inner\">\n\t\t<div class=\"elementor-element elementor-element-7ce21fe e-con-full e-flex e-con e-child\" data-id=\"7ce21fe\" data-element_type=\"container\" data-e-type=\"container\">\n\t\t\t\t<div class=\"elementor-element elementor-element-08a6e94 elementor-widget elementor-widget-text-editor\" data-id=\"08a6e94\" data-element_type=\"widget\" data-e-type=\"widget\" data-widget_type=\"text-editor.default\">\n\t\t\t\t<div class=\"elementor-widget-container\">\n\t\t\t\t\t\t\t\t\t<p>grotte de Nerja<\/p>\t\t\t\t\t\t\t\t<\/div>\n\t\t\t\t<\/div>\n\t\t\t\t<div class=\"elementor-element elementor-element-6a1c0a3 elementor-widget elementor-widget-heading\" data-id=\"6a1c0a3\" data-element_type=\"widget\" data-e-type=\"widget\" data-widget_type=\"heading.default\">\n\t\t\t\t<div class=\"elementor-widget-container\">\n\t\t\t\t\t<h1 class=\"elementor-heading-title elementor-size-default\">Art rupestre de la Grotte de Nerja\n\n<\/h1>\t\t\t\t<\/div>\n\t\t\t\t<\/div>\n\t\t\t\t<div class=\"elementor-element elementor-element-7d3a2a3 elementor-widget elementor-widget-text-editor\" data-id=\"7d3a2a3\" data-element_type=\"widget\" data-e-type=\"widget\" data-widget_type=\"text-editor.default\">\n\t\t\t\t<div class=\"elementor-widget-container\">\n\t\t\t\t\t\t\t\t\t<p>L&rsquo;art rupestre de la Grotte de Nerja ne peut pas \u00eatre vu pendant la visite pour des raisons de conservation. Actuellement, dans la Salle de R\u00e9alit\u00e9 Virtuelle du site, incluse avec l&rsquo;entr\u00e9e de la cavit\u00e9, des reconstitutions de cet art sont pr\u00e9sent\u00e9es.<\/p>\t\t\t\t\t\t\t\t<\/div>\n\t\t\t\t<\/div>\n\t\t\t\t<\/div>\n\t\t\t\t\t<\/div>\n\t\t\t\t<\/div>\n\t\t<div class=\"elementor-element elementor-element-018e255 e-con-full e-flex e-con e-parent\" data-id=\"018e255\" data-element_type=\"container\" data-e-type=\"container\" data-settings=\"{&quot;background_background&quot;:&quot;classic&quot;}\">\n\t\t<div class=\"elementor-element elementor-element-8348c6a e-con-full e-flex e-con e-child\" data-id=\"8348c6a\" data-element_type=\"container\" data-e-type=\"container\" data-settings=\"{&quot;background_background&quot;:&quot;classic&quot;}\">\n\t\t\t\t<div class=\"elementor-element elementor-element-27dd874 elementor-widget elementor-widget-heading\" data-id=\"27dd874\" data-element_type=\"widget\" data-e-type=\"widget\" data-widget_type=\"heading.default\">\n\t\t\t\t<div class=\"elementor-widget-container\">\n\t\t\t\t\t<h2 class=\"elementor-heading-title elementor-size-default\">Art rupestre de la Grotte de Nerja Art rupestre de la Grotte de Nerja Art rupestre de la Grotte de Nerja Art rupestre de la Grotte de Nerja Art rupestre de la Grotte de Nerja Art rupestre de la Grotte de Nerja Art rupestre de la Grotte de Nerja Art rupestre de la Grotte de Nerja Art rupestre de la Grotte de Nerja Art rupestre de la Grotte de Nerja Art rupestre de la Grotte de Nerja Art rupestre de la Grotte de Nerja Art rupestre de la Grotte de Nerja Art rupestre de la Grotte de Nerja Art rupestre de la Grotte de Nerja Art rupestre de la Grotte de Nerja Art rupestre de la Grotte de Nerja Art rupestre de la Grotte de Nerja Art rupestre de la Grotte de Nerja Art rupestre de la Grotte de Nerja Art rupestre de la Grotte de Nerja Art rupestre de la Grotte de Nerja Art rupestre de la Grotte de Nerja Art rupestre de la Grotte de Nerja Art rupestre de la Grotte de Nerja Art rupestre de la Grotte de Nerja Art rupestre de la Grotte de Nerja Art rupestre de la Grotte de Nerja Art rupestre de la Grotte de Nerja Art rupestre de la Grotte de Nerja Art rupestre de la Grotte de Nerja Art rupestre de la Grotte de Nerja <\/h2>\t\t\t\t<\/div>\n\t\t\t\t<\/div>\n\t\t\t\t<\/div>\n\t\t\t\t<\/div>\n\t\t<div class=\"elementor-element elementor-element-0ac02e2 e-flex e-con-boxed e-con e-parent\" data-id=\"0ac02e2\" data-element_type=\"container\" data-e-type=\"container\" data-settings=\"{&quot;background_background&quot;:&quot;classic&quot;}\">\n\t\t\t\t\t<div class=\"e-con-inner\">\n\t\t<div class=\"elementor-element elementor-element-3ed4d81 e-con-full e-flex e-con e-child\" data-id=\"3ed4d81\" data-element_type=\"container\" data-e-type=\"container\">\n\t\t\t\t<div class=\"elementor-element elementor-element-bac6731 elementor-widget elementor-widget-text-editor\" data-id=\"bac6731\" data-element_type=\"widget\" data-e-type=\"widget\" data-widget_type=\"text-editor.default\">\n\t\t\t\t<div class=\"elementor-widget-container\">\n\t\t\t\t\t\t\t\t\t<h3><span style=\"color: #b7916c;\"><strong>L&rsquo;art rupestre dans la Grotte de Nerja : peintures, gravures et art mobilier<\/strong><\/span><\/h3>\nLa Grotte de Nerja est l&rsquo;un des plus grands sites arch\u00e9ologiques de l&rsquo;Europe m\u00e9diterran\u00e9enne. Ses salles ont \u00e9t\u00e9 visit\u00e9es par des groupes pr\u00e9historiques depuis plus de 41 000 ans, bien que les fouilles arch\u00e9ologiques, pour le moment, ne refl\u00e8tent qu&rsquo;une occupation enregistr\u00e9e depuis le Gravettien, avec une continuit\u00e9 dans toutes les phases du Solutr\u00e9en et avec la pr\u00e9sence du Magdal\u00e9nien sup\u00e9rieur m\u00e9diterran\u00e9en, toutes situ\u00e9es dans la p\u00e9riode connue sous le nom de Pal\u00e9olithique sup\u00e9rieur. \u00c0 ces cultures du Pl\u00e9istoc\u00e8ne succ\u00e8dent des occupations \u00e9pipal\u00e9olithiques et un usage intensif, surtout fun\u00e9raire, pendant le N\u00e9olithique et l&rsquo;\u00c2ge du Cuivre, d\u00e9j\u00e0 dans l&rsquo;Holoc\u00e8ne.\nCependant, la grotte se distingue sur le plan arch\u00e9ologique pour abriter l&rsquo;un des plus grands ensembles d&rsquo;art rupestre du monde. Les manifestations les plus anciennes semblent remonter \u00e0 35 000 ans avant le pr\u00e9sent, cependant, le plus grand nombre de manifestations correspond au sanctuaire Solutr\u00e9en, autour de 20 000 ans avant notre \u00e8re.\n\nLes manifestations artistiques pr\u00e9historiques ont \u00e9t\u00e9 majoritairement ex\u00e9cut\u00e9es avec du pigment rouge, bien que nous en ayons aussi en noir. Elles se trouvent principalement dans les Galeries Touristiques, bien que les artistes solutr\u00e9ens aient \u00e9galement laiss\u00e9 leur empreinte dans les Galeries Hautes.\n\nPlus de 50 repr\u00e9sentations figuratives ont \u00e9t\u00e9 identifi\u00e9es, r\u00e9duites \u00e0 un ensemble d&rsquo;animaux tr\u00e8s limit\u00e9 : cerfs et biches, chevaux, ch\u00e8vres, phoques, poissons et une possible sch\u00e9matisation en rouge de la figure f\u00e9minine.\n\nLes restes les plus abondants sont les preuves d&rsquo;un code graphique, parfaitement visible dans la formation connue sous le nom de l&rsquo;Orgue. Des signes ordonn\u00e9s en s\u00e9ries de points et de traits qui pourraient \u00eatre la premi\u00e8re forme de communication graphique de l&rsquo;Humanit\u00e9.\n\nLes groupes magdal\u00e9niens, auteurs d&rsquo;\u0153uvres aussi importantes qu&rsquo;Altamira, n&rsquo;ont laiss\u00e9 \u00e0 Nerja que des s\u00e9ries de traits et de signes ex\u00e9cut\u00e9s en pigment noir. Ils se trouvent dans des points tr\u00e8s r\u00e9serv\u00e9s des Galeries Hautes, d&rsquo;acc\u00e8s complexe. Une donn\u00e9e d&rsquo;une certaine pertinence est la datation de ces graphismes r\u00e9alis\u00e9s avec des fusains, dat\u00e9s des premi\u00e8res \u00e9tapes du Magdal\u00e9nien, \u00e9tant paradoxale l&rsquo;absence d&rsquo;occupations stratifi\u00e9es du Magdal\u00e9nien inf\u00e9rieur et plein dans la s\u00e9quence fouill\u00e9e.\n\nCertaines preuves de facture surprenante, les phoques rouges du Camar\u00edn des Poissons dans la salle de la Cuisine, n&rsquo;ont pas encore de datation claire, pouvant \u00eatre les \u0153uvres d&rsquo;art les plus anciennes d&rsquo;Europe. Lors des fouilles, des objets mineurs en pierre et en os, art mobilier, avec des repr\u00e9sentations de signes, un canard dans un cas qui peut \u00eatre contempl\u00e9 au Mus\u00e9e de Nerja.\n\nMais \u00e9galement les soci\u00e9t\u00e9s du N\u00e9olithique et de l&rsquo;\u00c2ge du Cuivre ont laiss\u00e9 leurs manifestations artistiques dans la grotte. Ce sont des sch\u00e9matisations de la figure humaine dessin\u00e9es en rouge, comme les c\u00e9l\u00e8bres \u00ab\u00a0Danseuses\u00a0\u00bb de la salle de la Torca, s\u00fbrement des archers. Bien que des gravures aient \u00e9galement \u00e9t\u00e9 identifi\u00e9es, comme celles qui apparaissent dans les vo\u00fbtes de la Repisa de los Ni\u00f1os Rojos de la salle du Cataclysme, ou dans plusieurs drapeaux de la salle de la Cuisine. Elles sont connues comme bitriangulaires et rappellent des figures humaines avec ou sans attributs sexuels. Elles sont li\u00e9es aux cultes fun\u00e9raires. Elles ne sont pas montr\u00e9es au visiteur en raison de leur grande fragilit\u00e9 et de l&rsquo;inaccessibilit\u00e9 des secteurs de la grotte utilis\u00e9s par les artistes pr\u00e9historiques.\t\t\t\t\t\t\t\t<\/div>\n\t\t\t\t<\/div>\n\t\t<div class=\"elementor-element elementor-element-cc22ca9 e-grid e-con-boxed e-con e-child\" data-id=\"cc22ca9\" data-element_type=\"container\" data-e-type=\"container\">\n\t\t\t\t\t<div class=\"e-con-inner\">\n\t\t\t\t<div class=\"elementor-element elementor-element-62a8d42 elementor-widget elementor-widget-image\" data-id=\"62a8d42\" data-element_type=\"widget\" data-e-type=\"widget\" data-widget_type=\"image.default\">\n\t\t\t\t<div class=\"elementor-widget-container\">\n\t\t\t\t\t\t\t\t\t\t\t\t\t\t\t<img fetchpriority=\"high\" decoding=\"async\" width=\"800\" height=\"533\" src=\"https:\/\/cuevadenerja.es\/wp-content\/uploads\/2023\/09\/Cueva-Nerja-7.jpg\" class=\"attachment-large size-large wp-image-18029\" alt=\"\" srcset=\"https:\/\/cuevadenerja.es\/wp-content\/uploads\/2023\/09\/Cueva-Nerja-7.jpg 800w, https:\/\/cuevadenerja.es\/wp-content\/uploads\/2023\/09\/Cueva-Nerja-7-300x200.jpg 300w, https:\/\/cuevadenerja.es\/wp-content\/uploads\/2023\/09\/Cueva-Nerja-7-768x512.jpg 768w\" sizes=\"(max-width: 800px) 100vw, 800px\" \/>\t\t\t\t\t\t\t\t\t\t\t\t\t\t\t<\/div>\n\t\t\t\t<\/div>\n\t\t\t\t<div class=\"elementor-element elementor-element-1dd49f6 elementor-widget elementor-widget-image\" data-id=\"1dd49f6\" data-element_type=\"widget\" data-e-type=\"widget\" data-widget_type=\"image.default\">\n\t\t\t\t<div class=\"elementor-widget-container\">\n\t\t\t\t\t\t\t\t\t\t\t\t\t\t\t<img decoding=\"async\" width=\"800\" height=\"533\" src=\"https:\/\/cuevadenerja.es\/wp-content\/uploads\/2023\/11\/pinturas-cueva-de-nerja-1.jpg\" class=\"attachment-large size-large wp-image-18127\" alt=\"\" srcset=\"https:\/\/cuevadenerja.es\/wp-content\/uploads\/2023\/11\/pinturas-cueva-de-nerja-1.jpg 800w, https:\/\/cuevadenerja.es\/wp-content\/uploads\/2023\/11\/pinturas-cueva-de-nerja-1-300x200.jpg 300w, https:\/\/cuevadenerja.es\/wp-content\/uploads\/2023\/11\/pinturas-cueva-de-nerja-1-768x512.jpg 768w\" sizes=\"(max-width: 800px) 100vw, 800px\" \/>\t\t\t\t\t\t\t\t\t\t\t\t\t\t\t<\/div>\n\t\t\t\t<\/div>\n\t\t\t\t<div class=\"elementor-element elementor-element-dbfe8a5 elementor-widget elementor-widget-image\" data-id=\"dbfe8a5\" data-element_type=\"widget\" data-e-type=\"widget\" data-widget_type=\"image.default\">\n\t\t\t\t<div class=\"elementor-widget-container\">\n\t\t\t\t\t\t\t\t\t\t\t\t\t\t\t<img decoding=\"async\" width=\"1024\" height=\"683\" src=\"https:\/\/cuevadenerja.es\/wp-content\/uploads\/2023\/11\/Antropomorfos-en-pigmento-rojo-1024x683.jpg\" class=\"attachment-large size-large wp-image-18076\" alt=\"\" srcset=\"https:\/\/cuevadenerja.es\/wp-content\/uploads\/2023\/11\/Antropomorfos-en-pigmento-rojo-1024x683.jpg 1024w, https:\/\/cuevadenerja.es\/wp-content\/uploads\/2023\/11\/Antropomorfos-en-pigmento-rojo-300x200.jpg 300w, https:\/\/cuevadenerja.es\/wp-content\/uploads\/2023\/11\/Antropomorfos-en-pigmento-rojo-768x512.jpg 768w, https:\/\/cuevadenerja.es\/wp-content\/uploads\/2023\/11\/Antropomorfos-en-pigmento-rojo-1536x1024.jpg 1536w, https:\/\/cuevadenerja.es\/wp-content\/uploads\/2023\/11\/Antropomorfos-en-pigmento-rojo.jpg 1800w\" sizes=\"(max-width: 1024px) 100vw, 1024px\" \/>\t\t\t\t\t\t\t\t\t\t\t\t\t\t\t<\/div>\n\t\t\t\t<\/div>\n\t\t\t\t<div class=\"elementor-element elementor-element-150782f elementor-widget elementor-widget-image\" data-id=\"150782f\" data-element_type=\"widget\" data-e-type=\"widget\" data-widget_type=\"image.default\">\n\t\t\t\t<div class=\"elementor-widget-container\">\n\t\t\t\t\t\t\t\t\t\t\t\t\t\t\t<img loading=\"lazy\" decoding=\"async\" width=\"1024\" height=\"683\" src=\"https:\/\/cuevadenerja.es\/wp-content\/uploads\/2023\/11\/Cierva-y-signos-solutrenses-1024x683.jpg\" class=\"attachment-large size-large wp-image-18075\" alt=\"\" srcset=\"https:\/\/cuevadenerja.es\/wp-content\/uploads\/2023\/11\/Cierva-y-signos-solutrenses-1024x683.jpg 1024w, https:\/\/cuevadenerja.es\/wp-content\/uploads\/2023\/11\/Cierva-y-signos-solutrenses-300x200.jpg 300w, https:\/\/cuevadenerja.es\/wp-content\/uploads\/2023\/11\/Cierva-y-signos-solutrenses-768x512.jpg 768w, https:\/\/cuevadenerja.es\/wp-content\/uploads\/2023\/11\/Cierva-y-signos-solutrenses-1536x1024.jpg 1536w, https:\/\/cuevadenerja.es\/wp-content\/uploads\/2023\/11\/Cierva-y-signos-solutrenses.jpg 1800w\" sizes=\"(max-width: 1024px) 100vw, 1024px\" \/>\t\t\t\t\t\t\t\t\t\t\t\t\t\t\t<\/div>\n\t\t\t\t<\/div>\n\t\t\t\t\t<\/div>\n\t\t\t\t<\/div>\n\t\t\t\t<\/div>\n\t\t\t\t\t<\/div>\n\t\t\t\t<\/div>\n\t\t\t\t<\/div>\n\t\t","protected":false},"excerpt":{"rendered":"<p>Votre entr\u00e9e en ligne au meilleur prix et \u00e9vitez les files d&rsquo;attente Acheter des billets grotte de Nerja Art rupestre de la Grotte de Nerja L&rsquo;art rupestre de la Grotte de Nerja ne peut pas \u00eatre vu pendant la visite pour des raisons de conservation. Actuellement, dans la Salle de R\u00e9alit\u00e9 Virtuelle du site, incluse [&hellip;]<\/p>\n","protected":false},"author":1,"featured_media":0,"parent":18010,"menu_order":4,"comment_status":"closed","ping_status":"closed","template":"","meta":{"inline_featured_image":false,"site-sidebar-layout":"no-sidebar","site-content-layout":"page-builder","ast-site-content-layout":"full-width-container","site-content-style":"default","site-sidebar-style":"default","ast-global-header-display":"","ast-banner-title-visibility":"","ast-main-header-display":"","ast-hfb-above-header-display":"","ast-hfb-below-header-display":"","ast-hfb-mobile-header-display":"","site-post-title":"disabled","ast-breadcrumbs-content":"","ast-featured-img":"disabled","footer-sml-layout":"","ast-disable-related-posts":"","theme-transparent-header-meta":"default","adv-header-id-meta":"","stick-header-meta":"default","header-above-stick-meta":"","header-main-stick-meta":"","header-below-stick-meta":"","astra-migrate-meta-layouts":"set","ast-page-background-enabled":"default","ast-page-background-meta":{"desktop":{"background-color":"var(--ast-global-color-4)","background-image":"","background-repeat":"repeat","background-position":"center center","background-size":"auto","background-attachment":"scroll","background-type":"","background-media":"","overlay-type":"","overlay-color":"","overlay-opacity":"","overlay-gradient":""},"tablet":{"background-color":"","background-image":"","background-repeat":"repeat","background-position":"center center","background-size":"auto","background-attachment":"scroll","background-type":"","background-media":"","overlay-type":"","overlay-color":"","overlay-opacity":"","overlay-gradient":""},"mobile":{"background-color":"","background-image":"","background-repeat":"repeat","background-position":"center center","background-size":"auto","background-attachment":"scroll","background-type":"","background-media":"","overlay-type":"","overlay-color":"","overlay-opacity":"","overlay-gradient":""}},"ast-content-background-meta":{"desktop":{"background-color":"var(--ast-global-color-5)","background-image":"","background-repeat":"repeat","background-position":"center center","background-size":"auto","background-attachment":"scroll","background-type":"","background-media":"","overlay-type":"","overlay-color":"","overlay-opacity":"","overlay-gradient":""},"tablet":{"background-color":"var(--ast-global-color-5)","background-image":"","background-repeat":"repeat","background-position":"center center","background-size":"auto","background-attachment":"scroll","background-type":"","background-media":"","overlay-type":"","overlay-color":"","overlay-opacity":"","overlay-gradient":""},"mobile":{"background-color":"var(--ast-global-color-5)","background-image":"","background-repeat":"repeat","background-position":"center center","background-size":"auto","background-attachment":"scroll","background-type":"","background-media":"","overlay-type":"","overlay-color":"","overlay-opacity":"","overlay-gradient":""}},"footnotes":""},"class_list":["post-18126","page","type-page","status-publish","hentry"],"_links":{"self":[{"href":"https:\/\/cuevadenerja.es\/fr\/wp-json\/wp\/v2\/pages\/18126","targetHints":{"allow":["GET"]}}],"collection":[{"href":"https:\/\/cuevadenerja.es\/fr\/wp-json\/wp\/v2\/pages"}],"about":[{"href":"https:\/\/cuevadenerja.es\/fr\/wp-json\/wp\/v2\/types\/page"}],"author":[{"embeddable":true,"href":"https:\/\/cuevadenerja.es\/fr\/wp-json\/wp\/v2\/users\/1"}],"replies":[{"embeddable":true,"href":"https:\/\/cuevadenerja.es\/fr\/wp-json\/wp\/v2\/comments?post=18126"}],"version-history":[{"count":0,"href":"https:\/\/cuevadenerja.es\/fr\/wp-json\/wp\/v2\/pages\/18126\/revisions"}],"up":[{"embeddable":true,"href":"https:\/\/cuevadenerja.es\/fr\/wp-json\/wp\/v2\/pages\/18010"}],"wp:attachment":[{"href":"https:\/\/cuevadenerja.es\/fr\/wp-json\/wp\/v2\/media?parent=18126"}],"curies":[{"name":"wp","href":"https:\/\/api.w.org\/{rel}","templated":true}]}}