{"id":18056,"date":"2023-10-23T13:30:43","date_gmt":"2023-10-23T11:30:43","guid":{"rendered":"https:\/\/cuevadenerja.es\/?page_id=18056"},"modified":"2024-03-02T19:55:02","modified_gmt":"2024-03-02T18:55:02","slug":"richesse-naturelle","status":"publish","type":"page","link":"https:\/\/cuevadenerja.es\/fr\/grotte\/richesse-naturelle\/","title":{"rendered":"Richesse naturelle"},"content":{"rendered":"\t\t<div data-elementor-type=\"wp-page\" data-elementor-id=\"18056\" class=\"elementor elementor-18056 elementor-12456\" data-elementor-post-type=\"page\">\n\t\t\t\t<div class=\"elementor-element elementor-element-527835b e-flex e-con-boxed e-con e-parent\" data-id=\"527835b\" data-element_type=\"container\" data-e-type=\"container\" data-settings=\"{&quot;background_background&quot;:&quot;classic&quot;}\">\n\t\t\t\t\t<div class=\"e-con-inner\">\n\t\t\t\t<div class=\"elementor-element elementor-element-769a85a elementor-widget elementor-widget-text-editor\" data-id=\"769a85a\" data-element_type=\"widget\" data-e-type=\"widget\" data-widget_type=\"text-editor.default\">\n\t\t\t\t<div class=\"elementor-widget-container\">\n\t\t\t\t\t\t\t\t\t<p>Votre <strong>entr\u00e9e en ligne<\/strong> au meilleur prix et \u00e9vitez les files d&rsquo;attente<\/p>\t\t\t\t\t\t\t\t<\/div>\n\t\t\t\t<\/div>\n\t\t\t\t<div class=\"elementor-element elementor-element-81e90d4 elementor-widget elementor-widget-button\" data-id=\"81e90d4\" data-element_type=\"widget\" data-e-type=\"widget\" data-widget_type=\"button.default\">\n\t\t\t\t<div class=\"elementor-widget-container\">\n\t\t\t\t\t\t\t\t\t<div class=\"elementor-button-wrapper\">\n\t\t\t\t\t<a class=\"elementor-button elementor-button-link elementor-size-sm\" href=\"https:\/\/entradas.cuevadenerja.es\/\" target=\"_blank\">\n\t\t\t\t\t\t<span class=\"elementor-button-content-wrapper\">\n\t\t\t\t\t\t<span class=\"elementor-button-icon\">\n\t\t\t\t<svg aria-hidden=\"true\" class=\"e-font-icon-svg e-fas-ticket-alt\" viewBox=\"0 0 576 512\" xmlns=\"http:\/\/www.w3.org\/2000\/svg\"><path d=\"M128 160h320v192H128V160zm400 96c0 26.51 21.49 48 48 48v96c0 26.51-21.49 48-48 48H48c-26.51 0-48-21.49-48-48v-96c26.51 0 48-21.49 48-48s-21.49-48-48-48v-96c0-26.51 21.49-48 48-48h480c26.51 0 48 21.49 48 48v96c-26.51 0-48 21.49-48 48zm-48-104c0-13.255-10.745-24-24-24H120c-13.255 0-24 10.745-24 24v208c0 13.255 10.745 24 24 24h336c13.255 0 24-10.745 24-24V152z\"><\/path><\/svg>\t\t\t<\/span>\n\t\t\t\t\t\t\t\t\t<span class=\"elementor-button-text\">Acheter des billets<\/span>\n\t\t\t\t\t<\/span>\n\t\t\t\t\t<\/a>\n\t\t\t\t<\/div>\n\t\t\t\t\t\t\t\t<\/div>\n\t\t\t\t<\/div>\n\t\t\t\t\t<\/div>\n\t\t\t\t<\/div>\n\t\t<div data-dce-background-overlay-image-url=\"https:\/\/cuevadenerja.es\/wp-content\/uploads\/2023\/06\/Conservar-la-cueva.jpg\" class=\"elementor-element elementor-element-8d590a1 e-flex e-con-boxed e-con e-parent\" data-id=\"8d590a1\" data-element_type=\"container\" data-e-type=\"container\" data-settings=\"{&quot;background_background&quot;:&quot;classic&quot;}\">\n\t\t\t\t\t<div class=\"e-con-inner\">\n\t\t<div class=\"elementor-element elementor-element-42649b5 e-con-full e-flex e-con e-child\" data-id=\"42649b5\" data-element_type=\"container\" data-e-type=\"container\">\n\t\t\t\t<div class=\"elementor-element elementor-element-ba734ce elementor-widget elementor-widget-text-editor\" data-id=\"ba734ce\" data-element_type=\"widget\" data-e-type=\"widget\" data-widget_type=\"text-editor.default\">\n\t\t\t\t<div class=\"elementor-widget-container\">\n\t\t\t\t\t\t\t\t\t<p>Grotte de Nerja<\/p>\t\t\t\t\t\t\t\t<\/div>\n\t\t\t\t<\/div>\n\t\t\t\t<div class=\"elementor-element elementor-element-3a05498 elementor-widget elementor-widget-heading\" data-id=\"3a05498\" data-element_type=\"widget\" data-e-type=\"widget\" data-widget_type=\"heading.default\">\n\t\t\t\t<div class=\"elementor-widget-container\">\n\t\t\t\t\t<h1 class=\"elementor-heading-title elementor-size-default\">Richesse naturelle de la Grotte de Nerja\n\n<\/h1>\t\t\t\t<\/div>\n\t\t\t\t<\/div>\n\t\t\t\t<div class=\"elementor-element elementor-element-cac1629 elementor-widget elementor-widget-text-editor\" data-id=\"cac1629\" data-element_type=\"widget\" data-e-type=\"widget\" data-widget_type=\"text-editor.default\">\n\t\t\t\t<div class=\"elementor-widget-container\">\n\t\t\t\t\t\t\t\t\t<p>La richesse naturelle de la Grotte de Nerja se trouve tant \u00e0 l&rsquo;int\u00e9rieur qu&rsquo;\u00e0 l&rsquo;ext\u00e9rieur, dans l&rsquo;environnement qui l&rsquo;entoure.<\/p><p>Ainsi, c&rsquo;est un lieu g\u00e9ologique d&rsquo;une importance particuli\u00e8re et, pour cette raison, elle est inventori\u00e9e comme Site d&rsquo;Int\u00e9r\u00eat G\u00e9ologique d&rsquo;Importance Internationale. De plus, c&rsquo;est l&rsquo;une des plus grandes cavit\u00e9s d&rsquo;Andalousie et elle est situ\u00e9e dans un environnement naturel privil\u00e9gi\u00e9, entre la mer et la montagne.<\/p>\t\t\t\t\t\t\t\t<\/div>\n\t\t\t\t<\/div>\n\t\t\t\t<\/div>\n\t\t\t\t\t<\/div>\n\t\t\t\t<\/div>\n\t\t<div class=\"elementor-element elementor-element-7489ae2 e-con-full e-flex e-con e-parent\" data-id=\"7489ae2\" data-element_type=\"container\" data-e-type=\"container\" data-settings=\"{&quot;background_background&quot;:&quot;classic&quot;}\">\n\t\t<div class=\"elementor-element elementor-element-688abf6 e-con-full e-flex e-con e-child\" data-id=\"688abf6\" data-element_type=\"container\" data-e-type=\"container\" data-settings=\"{&quot;background_background&quot;:&quot;classic&quot;}\">\n\t\t\t\t<div class=\"elementor-element elementor-element-d0a01d9 elementor-widget elementor-widget-heading\" data-id=\"d0a01d9\" data-element_type=\"widget\" data-e-type=\"widget\" data-widget_type=\"heading.default\">\n\t\t\t\t<div class=\"elementor-widget-container\">\n\t\t\t\t\t<h2 class=\"elementor-heading-title elementor-size-default\">Richesse naturelle de la Grotte de Nerja Richesse naturelle de la Grotte de Nerja Richesse naturelle de la Grotte de Nerja Richesse naturelle de la Grotte de Nerja Richesse naturelle de la Grotte de Nerja Richesse naturelle de la Grotte de Nerja Richesse naturelle de la Grotte de Nerja Richesse naturelle de la Grotte de Nerja Richesse naturelle de la Grotte de Nerja Richesse naturelle de la Grotte de Nerja Richesse naturelle de la Grotte de Nerja Richesse naturelle de la Grotte de Nerja Richesse naturelle de la Grotte de Nerja Richesse naturelle de la Grotte de Nerja Richesse naturelle de la Grotte de Nerja Richesse naturelle de la Grotte de Nerja Richesse naturelle de la Grotte de Nerja Richesse naturelle de la Grotte de Nerja Richesse naturelle de la Grotte de Nerja Richesse naturelle de la Grotte de Nerja Richesse naturelle de la Grotte de Nerja Richesse naturelle de la Grotte de Nerja Richesse naturelle de la Grotte de Nerja Richesse naturelle de la Grotte de Nerja Richesse naturelle de la Grotte de Nerja Richesse naturelle de la Grotte de Nerja Richesse naturelle de la Grotte de Nerja Richesse naturelle de la Grotte de Nerja Richesse naturelle de la Grotte de Nerja Richesse naturelle de la Grotte de Nerja Richesse naturelle de la Grotte de Nerja Richesse naturelle de la Grotte de Nerja Richesse naturelle de la Grotte de Nerja Richesse naturelle de la Grotte de Nerja Richesse naturelle de la Grotte de Nerja Richesse naturelle de la Grotte de Nerja Richesse naturelle de la Grotte de Nerja Richesse naturelle de la Grotte de Nerja Richesse naturelle de la Grotte de Nerja Richesse naturelle de la Grotte de Nerja Richesse naturelle de la Grotte de Nerja Richesse naturelle de la Grotte de Nerja Richesse naturelle de la Grotte de Nerja Richesse naturelle de la Grotte de Nerja Richesse naturelle de la Grotte de Nerja Richesse naturelle de la Grotte de Nerja Richesse naturelle de la Grotte de Nerja Richesse naturelle de la Grotte de Nerja <\/h2>\t\t\t\t<\/div>\n\t\t\t\t<\/div>\n\t\t\t\t<\/div>\n\t\t\t\t<\/div>\n\t\t<div class=\"elementor-element elementor-element-da5c1d6 e-flex e-con-boxed e-con e-parent\" data-id=\"da5c1d6\" data-element_type=\"container\" data-e-type=\"container\" data-settings=\"{&quot;background_background&quot;:&quot;classic&quot;}\">\n\t\t\t\t\t<div class=\"e-con-inner\">\n\t\t<div class=\"elementor-element elementor-element-7a71e63 e-con-full e-flex e-con e-child\" data-id=\"7a71e63\" data-element_type=\"container\" data-e-type=\"container\">\n\t\t\t\t<div class=\"elementor-element elementor-element-b14bfe2 elementor-widget elementor-widget-text-editor\" data-id=\"b14bfe2\" data-element_type=\"widget\" data-e-type=\"widget\" data-widget_type=\"text-editor.default\">\n\t\t\t\t<div class=\"elementor-widget-container\">\n\t\t\t\t\t\t\t\t\t<h3><span style=\"color: #b7916c;\"><strong>Richesse naturelle \u00e0 l&rsquo;int\u00e9rieur de la Grotte de Nerja<\/strong><\/span><\/h3>\nLa grotte, de d\u00e9veloppement horizontal, a une longueur d&rsquo;environ 750 m\u00e8tres, mesur\u00e9e le long de son axe principal et un d\u00e9nivel\u00e9 d&rsquo;environ 68 m\u00e8tres, 37 m\u00e8tres au-dessus du niveau de r\u00e9f\u00e9rence, situ\u00e9 au sol de l&rsquo;entr\u00e9e, et 31 m\u00e8tres en dessous de celui-ci.\nAvec 4.823 m\u00e8tres, c&rsquo;est l&rsquo;une des grottes au d\u00e9veloppement topographique le plus important d&rsquo;Andalousie. Ses salles et galeries, de grandes dimensions, occupent un volume d&rsquo;environ 300.000 m^3 et une surface de 35.000 m^2.\n\nDans la cavit\u00e9, on distingue deux secteurs :\n\n<ul>\n \t<li>Secteur am\u00e9nag\u00e9 pour le tourisme ou Galeries Touristiques (106.285 m^3 de volume et 9.371 m^2 de surface).<\/li>\n \t<li>Secteur non am\u00e9nag\u00e9 et non visitable, qui comprend les dites Galeries Hautes et Galeries Nouvelles.<\/li>\n<\/ul>\nLes Galeries Touristiques comprennent les salles visitables de Vestibule, Bel\u00e9n, Cascade ou Ballet, Fant\u00f4mes et Cataclysme, ainsi que d&rsquo;autres espaces non ouverts au public, tels que les salles de l&rsquo;Office ou de l&rsquo;Ours, Mine et Torca.\nLe parcours touristique a une longueur totale de 546 m\u00e8tres. De plus, le visiteur, en parcourant ce trajet complet, passe par 458 escaliers, 159 en mont\u00e9e et les 299 restants en descente.\n\nLes salles des Colonnes d&rsquo;Hercule et Immensit\u00e9 forment les Galeries Hautes. Les Galeries Nouvelles comprennent la Salle de la Lance, la spectaculaire Galerie des Niveaux et la Salle de la Montagne. Cette derni\u00e8re se connecte \u00e0 une petite cavit\u00e9 proche, connue sous le nom de Grotte Peinte.\n\nLa connexion Grotte Peinte-Montagne a \u00e9t\u00e9 d\u00e9montr\u00e9e par des \u00e9tudes de ventilation, bien qu&rsquo;aucune connexion praticable pour les personnes n&rsquo;ait \u00e9t\u00e9 trouv\u00e9e. Les zones non touristiques sont ferm\u00e9es au public pour des raisons de conservation.\n\n<h3><span style=\"color: #b7916c;\"><strong>La formation g\u00e9ologique de la Grotte de Nerja<\/strong><\/span><\/h3>\nLa formation de la Grotte de Nerja est due \u00e0 un processus g\u00e9ologique appel\u00e9 karstification : l&rsquo;eau de pluie dissout le dioxyde de carbone (CO2) du sol et de l&rsquo;atmosph\u00e8re et devient ainsi une eau \u201cacide, agressive\u201d, qui dissout les roches au fur et \u00e0 mesure qu&rsquo;elle s&rsquo;infiltre par leurs fissures et fractures.\nOn estime que l&rsquo;infiltration et la circulation de l&rsquo;eau de pluie \u00e0 travers les fissures et fractures des marbres de la Sierra Almijara ont commenc\u00e9 il y a plus de cinq millions d&rsquo;ann\u00e9es.\n\nAu fur et \u00e0 mesure que les processus de dissolution progressent, une grande cavit\u00e9 se forme dans laquelle diff\u00e9rentes formations g\u00e9ologiques, appel\u00e9es sp\u00e9l\u00e9oth\u00e8mes, se cr\u00e9ent.\n\n<h3><span style=\"color: #b7916c;\"><strong>Les sp\u00e9l\u00e9oth\u00e8mes de la Grotte de Nerja<\/strong><\/span><\/h3>\nApr\u00e8s son parcours \u00e0 l&rsquo;int\u00e9rieur du massif rocheux, l&rsquo;eau arrive dans la cavit\u00e9. C&rsquo;est alors qu&rsquo;elle se d\u00e9gaze &#8211; perd son contenu en dioxyde de carbone &#8211; et\/ou s&rsquo;\u00e9vapore, provoquant la pr\u00e9cipitation des min\u00e9raux qu&rsquo;elle a dissous, donnant naissance aux sp\u00e9l\u00e9oth\u00e8mes, comme les stalactites ou stalagmites.\nEn plus de celles-ci, nous pouvons trouver de nombreux types et sous-types diff\u00e9rents, en fonction de leur apparence et de leur origine. Ainsi, nous pouvons voir dans la grotte : stalactites, stalagmites, antistalagmites, folia, tours de corail, colonnes, gours, macaronis, pommes de pin, ongles, choux-fleurs, drapeaux, nuages\u2026\n\nLa Grotte de Nerja peut \u00eatre consid\u00e9r\u00e9e comme un v\u00e9ritable mus\u00e9e de sp\u00e9l\u00e9oth\u00e8mes et, de fait, l&rsquo;abondance, la vari\u00e9t\u00e9, la spectaculaire beaut\u00e9 et l&rsquo;int\u00e9r\u00eat scientifique de ceux qu&rsquo;elle abrite \u00e0 l&rsquo;int\u00e9rieur sont l&rsquo;un de ses traits g\u00e9ologiques les plus significatifs et constituent une grande richesse naturelle.\n\nEn plus d'\u00a0\u00bborner\u00a0\u00bb les grottes, ces formations enregistrent des informations tr\u00e8s diverses, qui permettent, par exemple, de reconstruire le climat d&rsquo;\u00e9poques pass\u00e9es ou de conna\u00eetre les tremblements de terre qui se sont produits il y a des centaines ou des milliers d&rsquo;ann\u00e9es.\t\t\t\t\t\t\t\t<\/div>\n\t\t\t\t<\/div>\n\t\t<div class=\"elementor-element elementor-element-1ea12ba e-grid e-con-boxed e-con e-child\" data-id=\"1ea12ba\" data-element_type=\"container\" data-e-type=\"container\">\n\t\t\t\t\t<div class=\"e-con-inner\">\n\t\t\t\t<div class=\"elementor-element elementor-element-f75c7ab elementor-widget elementor-widget-image\" data-id=\"f75c7ab\" data-element_type=\"widget\" data-e-type=\"widget\" data-widget_type=\"image.default\">\n\t\t\t\t<div class=\"elementor-widget-container\">\n\t\t\t\t\t\t\t\t\t\t\t\t\t\t\t<img fetchpriority=\"high\" decoding=\"async\" width=\"1024\" height=\"683\" src=\"https:\/\/cuevadenerja.es\/wp-content\/uploads\/2023\/10\/G3-1024x683.jpg\" class=\"attachment-large size-large wp-image-18101\" alt=\"\" srcset=\"https:\/\/cuevadenerja.es\/wp-content\/uploads\/2023\/10\/G3-1024x683.jpg 1024w, https:\/\/cuevadenerja.es\/wp-content\/uploads\/2023\/10\/G3-300x200.jpg 300w, https:\/\/cuevadenerja.es\/wp-content\/uploads\/2023\/10\/G3-768x512.jpg 768w, https:\/\/cuevadenerja.es\/wp-content\/uploads\/2023\/10\/G3-1536x1024.jpg 1536w, https:\/\/cuevadenerja.es\/wp-content\/uploads\/2023\/10\/G3.jpg 1800w\" sizes=\"(max-width: 1024px) 100vw, 1024px\" \/>\t\t\t\t\t\t\t\t\t\t\t\t\t\t\t<\/div>\n\t\t\t\t<\/div>\n\t\t\t\t<div class=\"elementor-element elementor-element-eaff720 elementor-widget elementor-widget-image\" data-id=\"eaff720\" data-element_type=\"widget\" data-e-type=\"widget\" data-widget_type=\"image.default\">\n\t\t\t\t<div class=\"elementor-widget-container\">\n\t\t\t\t\t\t\t\t\t\t\t\t\t\t\t<img decoding=\"async\" width=\"1024\" height=\"683\" src=\"https:\/\/cuevadenerja.es\/wp-content\/uploads\/2023\/10\/G4-1024x683.jpg\" class=\"attachment-large size-large wp-image-18102\" alt=\"\" srcset=\"https:\/\/cuevadenerja.es\/wp-content\/uploads\/2023\/10\/G4-1024x683.jpg 1024w, https:\/\/cuevadenerja.es\/wp-content\/uploads\/2023\/10\/G4-300x200.jpg 300w, https:\/\/cuevadenerja.es\/wp-content\/uploads\/2023\/10\/G4-768x512.jpg 768w, https:\/\/cuevadenerja.es\/wp-content\/uploads\/2023\/10\/G4-1536x1024.jpg 1536w, https:\/\/cuevadenerja.es\/wp-content\/uploads\/2023\/10\/G4.jpg 1800w\" sizes=\"(max-width: 1024px) 100vw, 1024px\" \/>\t\t\t\t\t\t\t\t\t\t\t\t\t\t\t<\/div>\n\t\t\t\t<\/div>\n\t\t\t\t\t<\/div>\n\t\t\t\t<\/div>\n\t\t\t\t<\/div>\n\t\t\t\t\t<\/div>\n\t\t\t\t<\/div>\n\t\t\t\t<\/div>\n\t\t","protected":false},"excerpt":{"rendered":"<p>Votre entr\u00e9e en ligne au meilleur prix et \u00e9vitez les files d&rsquo;attente Acheter des billets Grotte de Nerja Richesse naturelle de la Grotte de Nerja La richesse naturelle de la Grotte de Nerja se trouve tant \u00e0 l&rsquo;int\u00e9rieur qu&rsquo;\u00e0 l&rsquo;ext\u00e9rieur, dans l&rsquo;environnement qui l&rsquo;entoure. Ainsi, c&rsquo;est un lieu g\u00e9ologique d&rsquo;une importance particuli\u00e8re et, pour cette [&hellip;]<\/p>\n","protected":false},"author":1,"featured_media":0,"parent":18010,"menu_order":2,"comment_status":"closed","ping_status":"closed","template":"","meta":{"inline_featured_image":false,"site-sidebar-layout":"no-sidebar","site-content-layout":"page-builder","ast-site-content-layout":"full-width-container","site-content-style":"default","site-sidebar-style":"default","ast-global-header-display":"","ast-banner-title-visibility":"","ast-main-header-display":"","ast-hfb-above-header-display":"","ast-hfb-below-header-display":"","ast-hfb-mobile-header-display":"","site-post-title":"disabled","ast-breadcrumbs-content":"","ast-featured-img":"disabled","footer-sml-layout":"","ast-disable-related-posts":"","theme-transparent-header-meta":"default","adv-header-id-meta":"","stick-header-meta":"default","header-above-stick-meta":"","header-main-stick-meta":"","header-below-stick-meta":"","astra-migrate-meta-layouts":"set","ast-page-background-enabled":"default","ast-page-background-meta":{"desktop":{"background-color":"var(--ast-global-color-4)","background-image":"","background-repeat":"repeat","background-position":"center center","background-size":"auto","background-attachment":"scroll","background-type":"","background-media":"","overlay-type":"","overlay-color":"","overlay-opacity":"","overlay-gradient":""},"tablet":{"background-color":"","background-image":"","background-repeat":"repeat","background-position":"center center","background-size":"auto","background-attachment":"scroll","background-type":"","background-media":"","overlay-type":"","overlay-color":"","overlay-opacity":"","overlay-gradient":""},"mobile":{"background-color":"","background-image":"","background-repeat":"repeat","background-position":"center center","background-size":"auto","background-attachment":"scroll","background-type":"","background-media":"","overlay-type":"","overlay-color":"","overlay-opacity":"","overlay-gradient":""}},"ast-content-background-meta":{"desktop":{"background-color":"var(--ast-global-color-5)","background-image":"","background-repeat":"repeat","background-position":"center center","background-size":"auto","background-attachment":"scroll","background-type":"","background-media":"","overlay-type":"","overlay-color":"","overlay-opacity":"","overlay-gradient":""},"tablet":{"background-color":"var(--ast-global-color-5)","background-image":"","background-repeat":"repeat","background-position":"center center","background-size":"auto","background-attachment":"scroll","background-type":"","background-media":"","overlay-type":"","overlay-color":"","overlay-opacity":"","overlay-gradient":""},"mobile":{"background-color":"var(--ast-global-color-5)","background-image":"","background-repeat":"repeat","background-position":"center center","background-size":"auto","background-attachment":"scroll","background-type":"","background-media":"","overlay-type":"","overlay-color":"","overlay-opacity":"","overlay-gradient":""}},"footnotes":""},"class_list":["post-18056","page","type-page","status-publish","hentry"],"_links":{"self":[{"href":"https:\/\/cuevadenerja.es\/fr\/wp-json\/wp\/v2\/pages\/18056","targetHints":{"allow":["GET"]}}],"collection":[{"href":"https:\/\/cuevadenerja.es\/fr\/wp-json\/wp\/v2\/pages"}],"about":[{"href":"https:\/\/cuevadenerja.es\/fr\/wp-json\/wp\/v2\/types\/page"}],"author":[{"embeddable":true,"href":"https:\/\/cuevadenerja.es\/fr\/wp-json\/wp\/v2\/users\/1"}],"replies":[{"embeddable":true,"href":"https:\/\/cuevadenerja.es\/fr\/wp-json\/wp\/v2\/comments?post=18056"}],"version-history":[{"count":0,"href":"https:\/\/cuevadenerja.es\/fr\/wp-json\/wp\/v2\/pages\/18056\/revisions"}],"up":[{"embeddable":true,"href":"https:\/\/cuevadenerja.es\/fr\/wp-json\/wp\/v2\/pages\/18010"}],"wp:attachment":[{"href":"https:\/\/cuevadenerja.es\/fr\/wp-json\/wp\/v2\/media?parent=18056"}],"curies":[{"name":"wp","href":"https:\/\/api.w.org\/{rel}","templated":true}]}}