{"id":18047,"date":"2023-10-23T13:29:03","date_gmt":"2023-10-23T11:29:03","guid":{"rendered":"https:\/\/cuevadenerja.es\/?page_id=18047"},"modified":"2024-03-02T19:49:06","modified_gmt":"2024-03-02T18:49:06","slug":"decouverte","status":"publish","type":"page","link":"https:\/\/cuevadenerja.es\/fr\/grotte\/decouverte\/","title":{"rendered":"D\u00e9couverte"},"content":{"rendered":"\t\t<div data-elementor-type=\"wp-page\" data-elementor-id=\"18047\" class=\"elementor elementor-18047 elementor-12453\" data-elementor-post-type=\"page\">\n\t\t\t\t<div class=\"elementor-element elementor-element-9dee57f e-flex e-con-boxed e-con e-parent\" data-id=\"9dee57f\" data-element_type=\"container\" data-e-type=\"container\" data-settings=\"{&quot;background_background&quot;:&quot;classic&quot;}\">\n\t\t\t\t\t<div class=\"e-con-inner\">\n\t\t\t\t<div class=\"elementor-element elementor-element-7f96e19 elementor-widget elementor-widget-text-editor\" data-id=\"7f96e19\" data-element_type=\"widget\" data-e-type=\"widget\" data-widget_type=\"text-editor.default\">\n\t\t\t\t<div class=\"elementor-widget-container\">\n\t\t\t\t\t\t\t\t\t<p>Votre <strong>entr\u00e9e en ligne<\/strong> au meilleur prix et \u00e9vitez les files d&rsquo;attente<\/p>\t\t\t\t\t\t\t\t<\/div>\n\t\t\t\t<\/div>\n\t\t\t\t<div class=\"elementor-element elementor-element-51bbcf6 elementor-widget elementor-widget-button\" data-id=\"51bbcf6\" data-element_type=\"widget\" data-e-type=\"widget\" data-widget_type=\"button.default\">\n\t\t\t\t<div class=\"elementor-widget-container\">\n\t\t\t\t\t\t\t\t\t<div class=\"elementor-button-wrapper\">\n\t\t\t\t\t<a class=\"elementor-button elementor-button-link elementor-size-sm\" href=\"https:\/\/entradas.cuevadenerja.es\/\" target=\"_blank\">\n\t\t\t\t\t\t<span class=\"elementor-button-content-wrapper\">\n\t\t\t\t\t\t<span class=\"elementor-button-icon\">\n\t\t\t\t<svg aria-hidden=\"true\" class=\"e-font-icon-svg e-fas-ticket-alt\" viewBox=\"0 0 576 512\" xmlns=\"http:\/\/www.w3.org\/2000\/svg\"><path d=\"M128 160h320v192H128V160zm400 96c0 26.51 21.49 48 48 48v96c0 26.51-21.49 48-48 48H48c-26.51 0-48-21.49-48-48v-96c26.51 0 48-21.49 48-48s-21.49-48-48-48v-96c0-26.51 21.49-48 48-48h480c26.51 0 48 21.49 48 48v96c-26.51 0-48 21.49-48 48zm-48-104c0-13.255-10.745-24-24-24H120c-13.255 0-24 10.745-24 24v208c0 13.255 10.745 24 24 24h336c13.255 0 24-10.745 24-24V152z\"><\/path><\/svg>\t\t\t<\/span>\n\t\t\t\t\t\t\t\t\t<span class=\"elementor-button-text\">Acheter des billets<\/span>\n\t\t\t\t\t<\/span>\n\t\t\t\t\t<\/a>\n\t\t\t\t<\/div>\n\t\t\t\t\t\t\t\t<\/div>\n\t\t\t\t<\/div>\n\t\t\t\t\t<\/div>\n\t\t\t\t<\/div>\n\t\t<div data-dce-background-overlay-image-url=\"https:\/\/cuevadenerja.es\/wp-content\/uploads\/2024\/01\/Descubridores1959.jpg\" class=\"elementor-element elementor-element-e3ae1ff e-flex e-con-boxed e-con e-parent\" data-id=\"e3ae1ff\" data-element_type=\"container\" data-e-type=\"container\" data-settings=\"{&quot;background_background&quot;:&quot;classic&quot;}\">\n\t\t\t\t\t<div class=\"e-con-inner\">\n\t\t<div class=\"elementor-element elementor-element-6308ddb e-con-full e-flex e-con e-child\" data-id=\"6308ddb\" data-element_type=\"container\" data-e-type=\"container\">\n\t\t\t\t<div class=\"elementor-element elementor-element-a7503c4 elementor-widget elementor-widget-text-editor\" data-id=\"a7503c4\" data-element_type=\"widget\" data-e-type=\"widget\" data-widget_type=\"text-editor.default\">\n\t\t\t\t<div class=\"elementor-widget-container\">\n\t\t\t\t\t\t\t\t\t<p>Grotte de Nerja<\/p>\t\t\t\t\t\t\t\t<\/div>\n\t\t\t\t<\/div>\n\t\t\t\t<div class=\"elementor-element elementor-element-26c271c elementor-widget elementor-widget-heading\" data-id=\"26c271c\" data-element_type=\"widget\" data-e-type=\"widget\" data-widget_type=\"heading.default\">\n\t\t\t\t<div class=\"elementor-widget-container\">\n\t\t\t\t\t<h1 class=\"elementor-heading-title elementor-size-default\">D\u00e9couverte de la Grotte de Nerja<\/h1>\t\t\t\t<\/div>\n\t\t\t\t<\/div>\n\t\t\t\t<div class=\"elementor-element elementor-element-483f1d9 elementor-widget elementor-widget-text-editor\" data-id=\"483f1d9\" data-element_type=\"widget\" data-e-type=\"widget\" data-widget_type=\"text-editor.default\">\n\t\t\t\t<div class=\"elementor-widget-container\">\n\t\t\t\t\t\t\t\t\t<p><strong>La d\u00e9couverte de la Grotte de Nerja<\/strong> a chang\u00e9 l&rsquo;histoire du tourisme en Espagne et a constitu\u00e9 un attrait suppl\u00e9mentaire pour une Costa del Sol qui, d\u00e9j\u00e0 dans les ann\u00e9es 60, commen\u00e7ait \u00e0 s&rsquo;\u00e9tablir comme l&rsquo;un des lieux de vacances pr\u00e9f\u00e9r\u00e9s tant pour le public national qu&rsquo;international.<\/p>\t\t\t\t\t\t\t\t<\/div>\n\t\t\t\t<\/div>\n\t\t\t\t<\/div>\n\t\t\t\t\t<\/div>\n\t\t\t\t<\/div>\n\t\t<div class=\"elementor-element elementor-element-39b0335 e-con-full e-flex e-con e-parent\" data-id=\"39b0335\" data-element_type=\"container\" data-e-type=\"container\" data-settings=\"{&quot;background_background&quot;:&quot;classic&quot;}\">\n\t\t<div class=\"elementor-element elementor-element-cacc481 e-con-full e-flex e-con e-child\" data-id=\"cacc481\" data-element_type=\"container\" data-e-type=\"container\" data-settings=\"{&quot;background_background&quot;:&quot;classic&quot;}\">\n\t\t\t\t<div class=\"elementor-element elementor-element-ac7122b elementor-widget elementor-widget-heading\" data-id=\"ac7122b\" data-element_type=\"widget\" data-e-type=\"widget\" data-widget_type=\"heading.default\">\n\t\t\t\t<div class=\"elementor-widget-container\">\n\t\t\t\t\t<h2 class=\"elementor-heading-title elementor-size-default\">Grotte de Nerja Grotte de Nerja Grotte de Nerja Grotte de Nerja Grotte de Nerja Grotte de Nerja Grotte de Nerja Grotte de Nerja Grotte de Nerja Grotte de Nerja Grotte de Nerja Grotte de Nerja Grotte de Nerja Grotte de Nerja Grotte de Nerja Grotte de Nerja Grotte de Nerja Grotte de Nerja Grotte de Nerja Grotte de Nerja Grotte de Nerja Grotte de Nerja Grotte de Nerja Grotte de Nerja Grotte de Nerja Grotte de Nerja Grotte de Nerja Grotte de Nerja Grotte de Nerja Grotte de Nerja Grotte de Nerja Grotte de Nerja Grotte de Nerja Grotte de Nerja Grotte de Nerja Grotte de Nerja Grotte de Nerja Grotte de Nerja Grotte de Nerja Grotte de Nerja Grotte de Nerja Grotte de Nerja Grotte de Nerja Grotte de Nerja Grotte de Nerja Grotte de Nerja Grotte de Nerja <\/h2>\t\t\t\t<\/div>\n\t\t\t\t<\/div>\n\t\t\t\t<\/div>\n\t\t\t\t<\/div>\n\t\t<div class=\"elementor-element elementor-element-4208341 e-flex e-con-boxed e-con e-parent\" data-id=\"4208341\" data-element_type=\"container\" data-e-type=\"container\" data-settings=\"{&quot;background_background&quot;:&quot;classic&quot;}\">\n\t\t\t\t\t<div class=\"e-con-inner\">\n\t\t<div class=\"elementor-element elementor-element-5e2ff63 e-con-full e-flex e-con e-child\" data-id=\"5e2ff63\" data-element_type=\"container\" data-e-type=\"container\">\n\t\t\t\t<div class=\"elementor-element elementor-element-71369e3 elementor-widget elementor-widget-text-editor\" data-id=\"71369e3\" data-element_type=\"widget\" data-e-type=\"widget\" data-widget_type=\"text-editor.default\">\n\t\t\t\t<div class=\"elementor-widget-container\">\n\t\t\t\t\t\t\t\t\t<h3><span style=\"color: #b7916c;\"><strong>La Grotte de Nerja est d\u00e9couverte en 1959<\/strong><\/span><\/h3>\nLa Grotte de Nerja a \u00e9t\u00e9 d\u00e9couverte le 12 janvier 1959 par 5 gar\u00e7ons : Jos\u00e9 Luis Barbero, les fr\u00e8res Manuel et Miguel Mu\u00f1oz, Francisco Navas et Jos\u00e9 Torres.\nIls fr\u00e9quentaient souvent une petite cavit\u00e9 connue sous le nom de \u00ab\u00a0Las Minas del Cementerio\u00a0\u00bb mais ce jour-l\u00e0, ils d\u00e9cid\u00e8rent d&rsquo;entrer par une \u00e9troite ouverture par laquelle les chauves-souris acc\u00e9daient, atteignant un grand espace &#8211; aujourd&rsquo;hui appel\u00e9 Salle de la Cascade ou du Ballet &#8211; et continu\u00e8rent \u00e0 avancer jusqu&rsquo;\u00e0 la maintenant connue comme la Salle des Fant\u00f4mes.\n\nDans cette derni\u00e8re zone, ils trouv\u00e8rent 2 squelettes au sol, ce qui les amena \u00e0 penser qu&rsquo;ils appartenaient \u00e0 d&rsquo;autres explorateurs qui, comme eux, \u00e9taient entr\u00e9s et n&rsquo;avaient pas r\u00e9ussi \u00e0 sortir. Par cons\u00e9quent, ils d\u00e9cid\u00e8rent de revenir sur leurs pas et de sortir \u00e0 la surface.\n\nIls communiqu\u00e8rent leur d\u00e9couverte \u00e0 2 de leurs professeurs : Carlos Saura et Manoli Mora, qui les accompagn\u00e8rent \u00e0 la grotte quelques jours plus tard et v\u00e9rifi\u00e8rent la d\u00e9couverte.\n\nL&rsquo;aventure de la Grotte de Nerja \u00e0 l&rsquo;\u00e9poque actuelle commen\u00e7ait&#8230;\n\nTrois mois apr\u00e8s sa d\u00e9couverte, le 19 avril, le photographe de Nerja, Jos\u00e9 Padial, immortalisait la cavit\u00e9, des images qui furent publi\u00e9es le m\u00eame mois dans le Diario Sur de M\u00e1laga, r\u00e9v\u00e9lant au monde la Grotte de Nerja.\n\nLe 17 novembre de cette m\u00eame ann\u00e9e 1959, Francisco Navas d\u00e9couvre les Galeries Hautes de la Grotte de Nerja et, 10 ans plus tard, les Galeries Nouvelles sont trouv\u00e9es, gr\u00e2ce aux explorations sp\u00e9l\u00e9ologiques syst\u00e9matiques dans la cavit\u00e9, men\u00e9es par la Section de Sp\u00e9l\u00e9ologie du Mus\u00e9e Arch\u00e9ologique provincial de M\u00e1laga. Ces deux zones ne peuvent pas \u00eatre visit\u00e9es pour des raisons de conservation et d&rsquo;accessibilit\u00e9.\n\n<h3><span style=\"color: #b7916c;\"><strong>L&rsquo;am\u00e9nagement touristique apr\u00e8s la d\u00e9couverte de la Grotte de Nerja<\/strong><\/span><\/h3>\nLes travaux d&rsquo;am\u00e9nagement touristique de la Grotte de Nerja ont commenc\u00e9 en septembre 1959, huit mois apr\u00e8s sa d\u00e9couverte. L&rsquo;objectif \u00e9tait de cr\u00e9er un acc\u00e8s plus viable que le petit gouffre utilis\u00e9 par les d\u00e9couvreurs. Cr\u00e9ant ainsi l&rsquo;entr\u00e9e actuelle de la cavit\u00e9.\nDe plus, les diff\u00e9rents d\u00e9nivel\u00e9s existant \u00e0 l&rsquo;int\u00e9rieur de la grotte ont \u00e9t\u00e9 r\u00e9solus par la construction de divers escaliers.\n\n<h3><span style=\"color: #b7916c;\"><strong>Inauguration de la Grotte de Nerja<\/strong><\/span><\/h3>\nLe 12 juin 1960, la Grotte de Nerja est officiellement inaugur\u00e9e. Une fois les travaux d&rsquo;am\u00e9nagement pour son utilisation touristique termin\u00e9s, 1 an et 5 mois apr\u00e8s sa d\u00e9couverte.\nLors de cette c\u00e9r\u00e9monie d&rsquo;inauguration, le Ballet Le Tour de Paris s&rsquo;est produit dans la Salle de la Cascade. Cette performance donnerait lieu, par la suite, au Festival de Musique Grotte de Nerja qui perdure jusqu&rsquo;\u00e0 nos jours.\n\nLa d\u00e9couverte de la Grotte de Nerja a chang\u00e9 \u00e0 jamais la vie dans la localit\u00e9. Nerja cesse d&rsquo;\u00eatre un village d\u00e9di\u00e9 \u00e0 l&rsquo;agriculture et \u00e0 la p\u00eache pour devenir progressivement une zone tr\u00e8s appr\u00e9ci\u00e9e sur le plan touristique.\t\t\t\t\t\t\t\t<\/div>\n\t\t\t\t<\/div>\n\t\t<div class=\"elementor-element elementor-element-10ff2a5 e-grid e-con-boxed e-con e-child\" data-id=\"10ff2a5\" data-element_type=\"container\" data-e-type=\"container\">\n\t\t\t\t\t<div class=\"e-con-inner\">\n\t\t\t\t<div class=\"elementor-element elementor-element-6200871 elementor-widget elementor-widget-image\" data-id=\"6200871\" data-element_type=\"widget\" data-e-type=\"widget\" data-widget_type=\"image.default\">\n\t\t\t\t<div class=\"elementor-widget-container\">\n\t\t\t\t\t\t\t\t\t\t\t\t\t\t\t<img fetchpriority=\"high\" decoding=\"async\" width=\"770\" height=\"480\" src=\"https:\/\/cuevadenerja.es\/wp-content\/uploads\/2024\/01\/Descubridores1959.jpg\" class=\"attachment-large size-large wp-image-18050\" alt=\"\" srcset=\"https:\/\/cuevadenerja.es\/wp-content\/uploads\/2024\/01\/Descubridores1959.jpg 770w, https:\/\/cuevadenerja.es\/wp-content\/uploads\/2024\/01\/Descubridores1959-300x187.jpg 300w, https:\/\/cuevadenerja.es\/wp-content\/uploads\/2024\/01\/Descubridores1959-768x479.jpg 768w\" sizes=\"(max-width: 770px) 100vw, 770px\" \/>\t\t\t\t\t\t\t\t\t\t\t\t\t\t\t<\/div>\n\t\t\t\t<\/div>\n\t\t\t\t<div class=\"elementor-element elementor-element-31ab340 elementor-widget elementor-widget-image\" data-id=\"31ab340\" data-element_type=\"widget\" data-e-type=\"widget\" data-widget_type=\"image.default\">\n\t\t\t\t<div class=\"elementor-widget-container\">\n\t\t\t\t\t\t\t\t\t\t\t\t\t\t\t<img decoding=\"async\" width=\"770\" height=\"480\" src=\"https:\/\/cuevadenerja.es\/wp-content\/uploads\/2023\/11\/entrada-cueva-antigua.jpg\" class=\"attachment-large size-large wp-image-18048\" alt=\"\" srcset=\"https:\/\/cuevadenerja.es\/wp-content\/uploads\/2023\/11\/entrada-cueva-antigua.jpg 770w, https:\/\/cuevadenerja.es\/wp-content\/uploads\/2023\/11\/entrada-cueva-antigua-300x187.jpg 300w, https:\/\/cuevadenerja.es\/wp-content\/uploads\/2023\/11\/entrada-cueva-antigua-768x479.jpg 768w\" sizes=\"(max-width: 770px) 100vw, 770px\" \/>\t\t\t\t\t\t\t\t\t\t\t\t\t\t\t<\/div>\n\t\t\t\t<\/div>\n\t\t\t\t\t<\/div>\n\t\t\t\t<\/div>\n\t\t\t\t<\/div>\n\t\t\t\t\t<\/div>\n\t\t\t\t<\/div>\n\t\t\t\t<\/div>\n\t\t","protected":false},"excerpt":{"rendered":"<p>Votre entr\u00e9e en ligne au meilleur prix et \u00e9vitez les files d&rsquo;attente Acheter des billets Grotte de Nerja D\u00e9couverte de la Grotte de Nerja La d\u00e9couverte de la Grotte de Nerja a chang\u00e9 l&rsquo;histoire du tourisme en Espagne et a constitu\u00e9 un attrait suppl\u00e9mentaire pour une Costa del Sol qui, d\u00e9j\u00e0 dans les ann\u00e9es 60, [&hellip;]<\/p>\n","protected":false},"author":1,"featured_media":0,"parent":18010,"menu_order":1,"comment_status":"closed","ping_status":"closed","template":"","meta":{"inline_featured_image":false,"site-sidebar-layout":"no-sidebar","site-content-layout":"page-builder","ast-site-content-layout":"full-width-container","site-content-style":"default","site-sidebar-style":"default","ast-global-header-display":"","ast-banner-title-visibility":"","ast-main-header-display":"","ast-hfb-above-header-display":"","ast-hfb-below-header-display":"","ast-hfb-mobile-header-display":"","site-post-title":"disabled","ast-breadcrumbs-content":"","ast-featured-img":"disabled","footer-sml-layout":"","ast-disable-related-posts":"","theme-transparent-header-meta":"default","adv-header-id-meta":"","stick-header-meta":"default","header-above-stick-meta":"","header-main-stick-meta":"","header-below-stick-meta":"","astra-migrate-meta-layouts":"set","ast-page-background-enabled":"default","ast-page-background-meta":{"desktop":{"background-color":"var(--ast-global-color-4)","background-image":"","background-repeat":"repeat","background-position":"center center","background-size":"auto","background-attachment":"scroll","background-type":"","background-media":"","overlay-type":"","overlay-color":"","overlay-opacity":"","overlay-gradient":""},"tablet":{"background-color":"","background-image":"","background-repeat":"repeat","background-position":"center center","background-size":"auto","background-attachment":"scroll","background-type":"","background-media":"","overlay-type":"","overlay-color":"","overlay-opacity":"","overlay-gradient":""},"mobile":{"background-color":"","background-image":"","background-repeat":"repeat","background-position":"center center","background-size":"auto","background-attachment":"scroll","background-type":"","background-media":"","overlay-type":"","overlay-color":"","overlay-opacity":"","overlay-gradient":""}},"ast-content-background-meta":{"desktop":{"background-color":"var(--ast-global-color-5)","background-image":"","background-repeat":"repeat","background-position":"center center","background-size":"auto","background-attachment":"scroll","background-type":"","background-media":"","overlay-type":"","overlay-color":"","overlay-opacity":"","overlay-gradient":""},"tablet":{"background-color":"var(--ast-global-color-5)","background-image":"","background-repeat":"repeat","background-position":"center center","background-size":"auto","background-attachment":"scroll","background-type":"","background-media":"","overlay-type":"","overlay-color":"","overlay-opacity":"","overlay-gradient":""},"mobile":{"background-color":"var(--ast-global-color-5)","background-image":"","background-repeat":"repeat","background-position":"center center","background-size":"auto","background-attachment":"scroll","background-type":"","background-media":"","overlay-type":"","overlay-color":"","overlay-opacity":"","overlay-gradient":""}},"footnotes":""},"class_list":["post-18047","page","type-page","status-publish","hentry"],"_links":{"self":[{"href":"https:\/\/cuevadenerja.es\/fr\/wp-json\/wp\/v2\/pages\/18047","targetHints":{"allow":["GET"]}}],"collection":[{"href":"https:\/\/cuevadenerja.es\/fr\/wp-json\/wp\/v2\/pages"}],"about":[{"href":"https:\/\/cuevadenerja.es\/fr\/wp-json\/wp\/v2\/types\/page"}],"author":[{"embeddable":true,"href":"https:\/\/cuevadenerja.es\/fr\/wp-json\/wp\/v2\/users\/1"}],"replies":[{"embeddable":true,"href":"https:\/\/cuevadenerja.es\/fr\/wp-json\/wp\/v2\/comments?post=18047"}],"version-history":[{"count":0,"href":"https:\/\/cuevadenerja.es\/fr\/wp-json\/wp\/v2\/pages\/18047\/revisions"}],"up":[{"embeddable":true,"href":"https:\/\/cuevadenerja.es\/fr\/wp-json\/wp\/v2\/pages\/18010"}],"wp:attachment":[{"href":"https:\/\/cuevadenerja.es\/fr\/wp-json\/wp\/v2\/media?parent=18047"}],"curies":[{"name":"wp","href":"https:\/\/api.w.org\/{rel}","templated":true}]}}