{"id":18676,"date":"2023-06-26T12:28:00","date_gmt":"2023-06-26T10:28:00","guid":{"rendered":"https:\/\/cuevadenerja.es\/?page_id=18676"},"modified":"2024-03-08T12:22:00","modified_gmt":"2024-03-08T11:22:00","slug":"datenschutzrichtlinie","status":"publish","type":"page","link":"https:\/\/cuevadenerja.es\/de\/datenschutzrichtlinie\/","title":{"rendered":"Datenschutzrichtlinie"},"content":{"rendered":"\t\t<div data-elementor-type=\"wp-page\" data-elementor-id=\"18676\" class=\"elementor elementor-18676 elementor-94\" data-elementor-post-type=\"page\">\n\t\t\t\t<div class=\"elementor-element elementor-element-03c418a e-flex e-con-boxed e-con e-parent\" data-id=\"03c418a\" data-element_type=\"container\" data-e-type=\"container\" data-settings=\"{&quot;background_background&quot;:&quot;classic&quot;}\">\n\t\t\t\t\t<div class=\"e-con-inner\">\n\t\t\t\t<div class=\"elementor-element elementor-element-481d337 elementor-widget elementor-widget-text-editor\" data-id=\"481d337\" data-element_type=\"widget\" data-e-type=\"widget\" data-widget_type=\"text-editor.default\">\n\t\t\t\t<div class=\"elementor-widget-container\">\n\t\t\t\t\t\t\t\t\t<p>Dein <strong>Online-Ticket<\/strong> zum besten Preis und vermeide Warteschlangen<\/p>\t\t\t\t\t\t\t\t<\/div>\n\t\t\t\t<\/div>\n\t\t\t\t<div class=\"elementor-element elementor-element-16f766b elementor-widget elementor-widget-button\" data-id=\"16f766b\" data-element_type=\"widget\" data-e-type=\"widget\" data-widget_type=\"button.default\">\n\t\t\t\t<div class=\"elementor-widget-container\">\n\t\t\t\t\t\t\t\t\t<div class=\"elementor-button-wrapper\">\n\t\t\t\t\t<a class=\"elementor-button elementor-button-link elementor-size-sm\" href=\"https:\/\/entradas.cuevadenerja.es\/\" target=\"_blank\">\n\t\t\t\t\t\t<span class=\"elementor-button-content-wrapper\">\n\t\t\t\t\t\t<span class=\"elementor-button-icon\">\n\t\t\t\t<svg aria-hidden=\"true\" class=\"e-font-icon-svg e-fas-ticket-alt\" viewBox=\"0 0 576 512\" xmlns=\"http:\/\/www.w3.org\/2000\/svg\"><path d=\"M128 160h320v192H128V160zm400 96c0 26.51 21.49 48 48 48v96c0 26.51-21.49 48-48 48H48c-26.51 0-48-21.49-48-48v-96c26.51 0 48-21.49 48-48s-21.49-48-48-48v-96c0-26.51 21.49-48 48-48h480c26.51 0 48 21.49 48 48v96c-26.51 0-48 21.49-48 48zm-48-104c0-13.255-10.745-24-24-24H120c-13.255 0-24 10.745-24 24v208c0 13.255 10.745 24 24 24h336c13.255 0 24-10.745 24-24V152z\"><\/path><\/svg>\t\t\t<\/span>\n\t\t\t\t\t\t\t\t\t<span class=\"elementor-button-text\">Eintrittskarten kaufen<\/span>\n\t\t\t\t\t<\/span>\n\t\t\t\t\t<\/a>\n\t\t\t\t<\/div>\n\t\t\t\t\t\t\t\t<\/div>\n\t\t\t\t<\/div>\n\t\t\t\t\t<\/div>\n\t\t\t\t<\/div>\n\t\t<div data-dce-background-overlay-image-url=\"https:\/\/cuevadenerja.es\/wp-content\/uploads\/2023\/07\/politica-de-privacidad.jpg\" class=\"elementor-element elementor-element-e528692 e-flex e-con-boxed e-con e-parent\" data-id=\"e528692\" data-element_type=\"container\" data-e-type=\"container\" data-settings=\"{&quot;background_background&quot;:&quot;classic&quot;}\">\n\t\t\t\t\t<div class=\"e-con-inner\">\n\t\t<div class=\"elementor-element elementor-element-aad2f54 e-con-full e-flex e-con e-child\" data-id=\"aad2f54\" data-element_type=\"container\" data-e-type=\"container\">\n\t\t\t\t<div class=\"elementor-element elementor-element-a6f667d elementor-widget elementor-widget-text-editor\" data-id=\"a6f667d\" data-element_type=\"widget\" data-e-type=\"widget\" data-widget_type=\"text-editor.default\">\n\t\t\t\t<div class=\"elementor-widget-container\">\n\t\t\t\t\t\t\t\t\t<p>Datenschutz<\/p>\t\t\t\t\t\t\t\t<\/div>\n\t\t\t\t<\/div>\n\t\t\t\t<div class=\"elementor-element elementor-element-d4fb3fb elementor-widget elementor-widget-heading\" data-id=\"d4fb3fb\" data-element_type=\"widget\" data-e-type=\"widget\" data-widget_type=\"heading.default\">\n\t\t\t\t<div class=\"elementor-widget-container\">\n\t\t\t\t\t<h1 class=\"elementor-heading-title elementor-size-default\">Datenschutzrichtlinie<\/h1>\t\t\t\t<\/div>\n\t\t\t\t<\/div>\n\t\t\t\t<div class=\"elementor-element elementor-element-9f2a25d elementor-widget elementor-widget-text-editor\" data-id=\"9f2a25d\" data-element_type=\"widget\" data-e-type=\"widget\" data-widget_type=\"text-editor.default\">\n\t\t\t\t<div class=\"elementor-widget-container\">\n\t\t\t\t\t\t\t\t\t<p>Deine Privatsph\u00e4re ist unsere Priorit\u00e4t! In der H\u00f6hle von Nerja k\u00fcmmern wir uns um den Schutz deiner pers\u00f6nlichen Daten. Unsere Datenschutzrichtlinie garantiert die Vertraulichkeit und den verantwortungsbewussten Umgang mit den Informationen, die du uns zur Verf\u00fcgung stellst. Wir sind hier, um alle Fragen zu beantworten, die du diesbez\u00fcglich haben k\u00f6nntest. Dein Vertrauen ist uns wichtig.<\/p>\t\t\t\t\t\t\t\t<\/div>\n\t\t\t\t<\/div>\n\t\t\t\t<\/div>\n\t\t\t\t\t<\/div>\n\t\t\t\t<\/div>\n\t\t<div class=\"elementor-element elementor-element-7ae6f6f e-flex e-con-boxed e-con e-parent\" data-id=\"7ae6f6f\" data-element_type=\"container\" data-e-type=\"container\" data-settings=\"{&quot;background_background&quot;:&quot;classic&quot;}\">\n\t\t\t\t\t<div class=\"e-con-inner\">\n\t\t<div class=\"elementor-element elementor-element-e16d300 e-con-full e-flex e-con e-child\" data-id=\"e16d300\" data-element_type=\"container\" data-e-type=\"container\">\n\t\t\t\t<div class=\"elementor-element elementor-element-b9178a4 elementor-widget elementor-widget-text-editor\" data-id=\"b9178a4\" data-element_type=\"widget\" data-e-type=\"widget\" data-widget_type=\"text-editor.default\">\n\t\t\t\t<div class=\"elementor-widget-container\">\n\t\t\t\t\t\t\t\t\t<strong>1. Verantwortlicher f\u00fcr die Datenverarbeitung:<\/strong>\n\nDie \u00f6ffentliche Dienstleistungsstiftung der H\u00f6hle von Nerja, mit der Steuernummer CIF G29162278 und Sitz in Paseo de Sancha, 64, 29017 M\u00e1laga, ist verantwortlich f\u00fcr die Verarbeitung der bereitgestellten Daten. Wir informieren Sie, dass diese Daten gem\u00e4\u00df der Verordnung (EU) 2016\/679 des Europ\u00e4ischen Parlaments und des Rates vom 27. April 2016 zum Schutz nat\u00fcrlicher Personen bei der Verarbeitung personenbezogener Daten und zum freien Datenverkehr sowie gem\u00e4\u00df dem Organischen Gesetz 3\/2018 vom 5. Dezember zum Schutz personenbezogener Daten und zur Gew\u00e4hrleistung digitaler Rechte behandelt werden.\n\n<strong>2. Rechtsgrundlage f\u00fcr die Datenverarbeitung:<\/strong>\n\nDie Rechtsgrundlage f\u00fcr die Verarbeitung Ihrer Daten ist die <strong>Einwilligung des Nutzers<\/strong>. Die Nutzer geben durch Ankreuzen des entsprechenden K\u00e4stchens ausdr\u00fccklich, frei und unmissverst\u00e4ndlich ihre Zustimmung, dass ihre Daten notwendig sind, um ihre Anfrage durch den Anbieter bearbeiten zu lassen. Der Nutzer garantiert, dass die zur Verf\u00fcgung gestellten pers\u00f6nlichen Daten wahrheitsgem\u00e4\u00df sind und ist verantwortlich f\u00fcr die Mitteilung jeglicher \u00c4nderungen derselben.\n\nAlle durch den Webdienst angeforderten Daten sind obligatorisch, da sie f\u00fcr die Bereitstellung des Dienstes notwendig sind. Falls nicht alle Daten bereitgestellt werden, kann nicht garantiert werden, dass die Informationen und der vom Anbieter bereitgestellte Dienst vollst\u00e4ndig auf Ihre Bed\u00fcrfnisse abgestimmt sind.\n\nDie Rechtsgrundlage f\u00fcr die Datenverarbeitung gem\u00e4\u00df der Europ\u00e4ischen Verordnung 2016\/679 des Europ\u00e4ischen Parlaments und des Rates ist wie folgt:\n<ol>\n    <li>Art. 6.1 a) die betroffene Person hat ihre Einwilligung zu der Verarbeitung der sie betreffenden personenbezogenen Daten f\u00fcr einen oder mehrere bestimmte Zwecke gegeben;<\/li>\n    <li>Art. 6.1 b) die Verarbeitung ist f\u00fcr die Erf\u00fcllung eines Vertrags, dessen Vertragspartei die betroffene Person ist, oder zur Durchf\u00fchrung vorvertraglicher Ma\u00dfnahmen erforderlich, die auf Anfrage der betroffenen Person erfolgen;<\/li>\n    <li>Art. 6.1 c) die Verarbeitung ist zur Erf\u00fcllung einer rechtlichen Verpflichtung erforderlich, der der Verantwortliche unterliegt.<\/li>\n<\/ol>\n<strong>3. Zweck der Datenverarbeitung:<\/strong>\n\nDer Zweck besteht darin, eine Gesch\u00e4ftsbeziehung zum Nutzer der Webseiten, Apps und jeglicher anderer elektronischer Medien oder digitalen Plattformen des Unternehmens zu unterhalten. Um die Verarbeitung durchzuf\u00fchren, sind folgende Operationen vorgesehen:\n<ol>\n    <li>Bearbeitung von Bestellungen, Anfragen oder jeglicher Art von Anfragen, die vom Nutzer \u00fcber die ihm zur Verf\u00fcgung stehenden Kontaktwege gestellt werden.<\/li>\n    <li>Versand von Werbekommunikation \u00fcber unsere Produkte und Dienstleistungen durch jedes elektronische oder physische Mittel, gegenw\u00e4rtig oder in der Zukunft, das es erm\u00f6glicht, Handelskommunikationen durchzuf\u00fchren, solange der Nutzer seine Zustimmung erteilt hat.<\/li>\n    <li>Falls Sie uns Ihre Lebenslaufdaten zur Verf\u00fcgung stellen oder uns Ihren Lebenslauf senden, verwenden wir Ihre Daten, um den Kontakt und die Auswahlverfahren, die wir durchf\u00fchren, zu verwalten.<\/li>\n<\/ol>\n<strong>4. Aufbewahrung der Daten:<\/strong>\n\nDie Daten werden so lange aufbewahrt, wie es ein gegenseitiges Interesse an der Aufrechterhaltung des Verarbeitungszwecks gibt. Wenn sie f\u00fcr diesen Zweck nicht mehr ben\u00f6tigt werden, werden sie mit angemessenen Sicherheitsma\u00dfnahmen gel\u00f6scht, um die vollst\u00e4ndige Zerst\u00f6rung der Daten zu gew\u00e4hrleisten. Die von der betroffenen Person bereitgestellten pers\u00f6nlichen Daten werden sogar bei einer L\u00f6schungsanfrage der betroffenen Person beibehalten, beschr\u00e4nkt auf die Verarbeitung ausschlie\u00dflich zur Erf\u00fcllung rechtlicher Verpflichtungen und\/oder zur Aus\u00fcbung oder Verteidigung von Anspr\u00fcchen.\n\n<strong>5. Ihre Rechte, wenn Sie uns Ihre Daten zur Verf\u00fcgung stellen:<\/strong>\n\nDem Nutzer stehen folgende Rechte zur Verf\u00fcgung:\n<ol>\n    <li><strong>Zugangsrecht<\/strong>, gem\u00e4\u00df Artikel 15 der DSGVO.<\/li>\n    <li><strong>Recht auf Berichtigung<\/strong>, gem\u00e4\u00df Artikel 16 der DSGVO.<\/li>\n    <li><strong>Recht auf L\u00f6schung (\u201eRecht auf Vergessenwerden\u201c)<\/strong>, gem\u00e4\u00df Artikel 17 der DSGVO.<\/li>\n    <li><strong>Recht auf Einschr\u00e4nkung der Verarbeitung<\/strong>, gem\u00e4\u00df Artikel 18 der DSGVO.<\/li>\n    <li><strong>Recht auf Daten\u00fcbertragbarkeit<\/strong>, gem\u00e4\u00df Artikel 20 der DSGVO.<\/li>\n    <li><strong>Widerspruchsrecht<\/strong>, gem\u00e4\u00df Artikel 21 der DSGVO.<\/li>\n<\/ol>\nDiese Rechte erm\u00f6glichen es Ihnen:\n<ul>\n    <li>Zu erfahren, ob wir Ihre Daten verarbeiten oder nicht.<\/li>\n    <li>Auf Ihre bei uns vorhandenen pers\u00f6nlichen Daten zuzugreifen.<\/li>\n    <li>Ihre Daten zu berichtigen, falls sie ungenau sind.<\/li>\n    <li>Zu verlangen, dass Ihre Daten gel\u00f6scht werden oder die erteilte Einwilligung zur\u00fcckzuziehen.<\/li>\n    <li>Die Verarbeitung Ihrer Daten einzuschr\u00e4nken, in diesem Fall werden sie nur gem\u00e4\u00df der geltenden Vorschriften aufbewahrt.<\/li>\n    <li>Ihre Daten in einem strukturierten, g\u00e4ngigen und maschinenlesbaren Format zu erhalten. Wir k\u00f6nnen sie auch an den neuen Verantwortlichen, den Sie uns angeben, senden. Dieses Recht gilt nur in bestimmten F\u00e4llen.<\/li>\n<\/ul>\nAu\u00dferdem haben Sie das Recht, eine Beschwerde bei der Kontrollbeh\u00f6rde (<a href=\"http:\/\/www.aepd.es\/\" target=\"_new\" rel=\"noopener\">www.aepd.es<\/a>) einzureichen, wenn Sie der Meinung sind, dass die Verarbeitung nicht den geltenden Vorschriften entspricht.\n\nUm Ihre Rechte auszu\u00fcben, m\u00fcssen Sie einen Ausweis oder Pass in Kopie an folgende Adresse senden:\n\n\u00d6ffentliche Dienstleistungsstiftung der H\u00f6hle von Nerja CIF G29162278 Paseo de Sancha, 64 29017 M\u00e1laga E-Mail: <a href=\"mailto:admon@cuevadenerja.es\" target=\"_new\">admon@cuevadenerja.es<\/a>\n\n<strong>6. An welche Empf\u00e4nger werden Ihre Daten \u00fcbermittelt:<\/strong>\n\nDas Unternehmen informiert und garantiert ausdr\u00fccklich den Nutzern, dass ihre pers\u00f6nlichen Daten in keinem Fall an Dritte weitergegeben werden, au\u00dfer in den F\u00e4llen, in denen eine gesetzliche Verpflichtung besteht oder es f\u00fcr die Entwicklung und Durchf\u00fchrung der Verarbeitungszwecke notwendig ist.\n\nDie Daten, die unseren Dienstleistern zur Verf\u00fcgung gestellt werden (z.B. Buchhaltungsdienste usw.), erfolgen unterzeichnung eines Vertrags zur Auftragsverarbeitung, der von der aktuellen Datenschutzgesetzgebung gefordert wird. Sollte eine Weitergabe personenbezogener Daten erforderlich sein, wird zuvor die ausdr\u00fcckliche, informierte und eindeutige Zustimmung der Nutzer eingeholt.\n\n<strong>7. Minderj\u00e4hrige:<\/strong>\n\nWenn Sie minderj\u00e4hrig sind, ben\u00f6tigen Sie die vorherige Zustimmung Ihrer Eltern oder Erziehungsberechtigten, bevor Sie Ihre pers\u00f6nlichen Daten auf unserer Website eingeben. Das Unternehmen \u00fcbernimmt keine Verantwortung f\u00fcr die Nichteinhaltung dieser Voraussetzung.\n\n<strong>8. Sicherheitsma\u00dfnahmen:<\/strong>\n\nEntsprechend den aktuellen Vorschriften zum Schutz personenbezogener Daten h\u00e4lt der Anbieter alle Bestimmungen und Grunds\u00e4tze des Artikels 5 der DSGVO ein. Es wird garantiert, dass geeignete technische und organisatorische Politiken umgesetzt wurden, um die in der DSGVO und der LOPDGDD festgelegten Sicherheitsma\u00dfnahmen anzuwenden, um die Rechte und Freiheiten der Nutzer zu sch\u00fctzen. Zudem wurden den Nutzern die notwendigen Informationen bereitgestellt, damit sie ihre Rechte aus\u00fcben k\u00f6nnen.\n\n<strong>9. Internationale Daten\u00fcbermittlungen:<\/strong>\n\nDie von uns gesammelten Daten werden innerhalb des Europ\u00e4ischen Wirtschaftsraums gespeichert. Sollten Daten in ein Land au\u00dferhalb des Europ\u00e4ischen Wirtschaftsraums \u00fcbertragen und verarbeitet werden, garantieren wir ein angemessenes Schutzniveau der personenbezogenen Daten.\n\nZusammenfassend verpflichtet sich die \u00f6ffentliche Dienstleistungsstiftung der H\u00f6hle von Nerja, Ihre Privatsph\u00e4re und den Schutz Ihrer pers\u00f6nlichen Daten gem\u00e4\u00df den geltenden Gesetzen zu gew\u00e4hrleisten. Wenn Sie Fragen oder Bedenken bez\u00fcglich unserer Datenschutzrichtlinie haben, z\u00f6gern Sie nicht, uns \u00fcber die angegebenen Kontaktdaten zu kontaktieren.\n\nVielen Dank f\u00fcr Ihr Vertrauen in uns!\n\t\t\t\t\t\t\t\t<\/div>\n\t\t\t\t<\/div>\n\t\t\t\t<\/div>\n\t\t\t\t\t<\/div>\n\t\t\t\t<\/div>\n\t\t\t\t<\/div>\n\t\t","protected":false},"excerpt":{"rendered":"<p>Dein Online-Ticket zum besten Preis und vermeide Warteschlangen Eintrittskarten kaufen Datenschutz Datenschutzrichtlinie Deine Privatsph\u00e4re ist unsere Priorit\u00e4t! In der H\u00f6hle von Nerja k\u00fcmmern wir uns um den Schutz deiner pers\u00f6nlichen Daten. Unsere Datenschutzrichtlinie garantiert die Vertraulichkeit und den verantwortungsbewussten Umgang mit den Informationen, die du uns zur Verf\u00fcgung stellst. Wir sind hier, um alle Fragen [&hellip;]<\/p>\n","protected":false},"author":1,"featured_media":0,"parent":0,"menu_order":0,"comment_status":"closed","ping_status":"closed","template":"","meta":{"inline_featured_image":false,"site-sidebar-layout":"no-sidebar","site-content-layout":"page-builder","ast-site-content-layout":"full-width-container","site-content-style":"unboxed","site-sidebar-style":"unboxed","ast-global-header-display":"","ast-banner-title-visibility":"","ast-main-header-display":"","ast-hfb-above-header-display":"","ast-hfb-below-header-display":"","ast-hfb-mobile-header-display":"","site-post-title":"disabled","ast-breadcrumbs-content":"","ast-featured-img":"disabled","footer-sml-layout":"","ast-disable-related-posts":"","theme-transparent-header-meta":"default","adv-header-id-meta":"","stick-header-meta":"default","header-above-stick-meta":"","header-main-stick-meta":"","header-below-stick-meta":"","astra-migrate-meta-layouts":"set","ast-page-background-enabled":"default","ast-page-background-meta":{"desktop":{"background-color":"var(--ast-global-color-4)","background-image":"","background-repeat":"repeat","background-position":"center center","background-size":"auto","background-attachment":"scroll","background-type":"","background-media":"","overlay-type":"","overlay-color":"","overlay-opacity":"","overlay-gradient":""},"tablet":{"background-color":"","background-image":"","background-repeat":"repeat","background-position":"center center","background-size":"auto","background-attachment":"scroll","background-type":"","background-media":"","overlay-type":"","overlay-color":"","overlay-opacity":"","overlay-gradient":""},"mobile":{"background-color":"","background-image":"","background-repeat":"repeat","background-position":"center center","background-size":"auto","background-attachment":"scroll","background-type":"","background-media":"","overlay-type":"","overlay-color":"","overlay-opacity":"","overlay-gradient":""}},"ast-content-background-meta":{"desktop":{"background-color":"var(--ast-global-color-5)","background-image":"","background-repeat":"repeat","background-position":"center center","background-size":"auto","background-attachment":"scroll","background-type":"","background-media":"","overlay-type":"","overlay-color":"","overlay-opacity":"","overlay-gradient":""},"tablet":{"background-color":"var(--ast-global-color-5)","background-image":"","background-repeat":"repeat","background-position":"center center","background-size":"auto","background-attachment":"scroll","background-type":"","background-media":"","overlay-type":"","overlay-color":"","overlay-opacity":"","overlay-gradient":""},"mobile":{"background-color":"var(--ast-global-color-5)","background-image":"","background-repeat":"repeat","background-position":"center center","background-size":"auto","background-attachment":"scroll","background-type":"","background-media":"","overlay-type":"","overlay-color":"","overlay-opacity":"","overlay-gradient":""}},"footnotes":""},"class_list":["post-18676","page","type-page","status-publish","hentry"],"_links":{"self":[{"href":"https:\/\/cuevadenerja.es\/de\/wp-json\/wp\/v2\/pages\/18676","targetHints":{"allow":["GET"]}}],"collection":[{"href":"https:\/\/cuevadenerja.es\/de\/wp-json\/wp\/v2\/pages"}],"about":[{"href":"https:\/\/cuevadenerja.es\/de\/wp-json\/wp\/v2\/types\/page"}],"author":[{"embeddable":true,"href":"https:\/\/cuevadenerja.es\/de\/wp-json\/wp\/v2\/users\/1"}],"replies":[{"embeddable":true,"href":"https:\/\/cuevadenerja.es\/de\/wp-json\/wp\/v2\/comments?post=18676"}],"version-history":[{"count":0,"href":"https:\/\/cuevadenerja.es\/de\/wp-json\/wp\/v2\/pages\/18676\/revisions"}],"wp:attachment":[{"href":"https:\/\/cuevadenerja.es\/de\/wp-json\/wp\/v2\/media?parent=18676"}],"curies":[{"name":"wp","href":"https:\/\/api.w.org\/{rel}","templated":true}]}}