{"id":18668,"date":"2023-06-26T12:28:33","date_gmt":"2023-06-26T10:28:33","guid":{"rendered":"https:\/\/cuevadenerja.es\/?page_id=18668"},"modified":"2024-03-08T12:04:37","modified_gmt":"2024-03-08T11:04:37","slug":"cookie-richtlinie","status":"publish","type":"page","link":"https:\/\/cuevadenerja.es\/de\/cookie-richtlinie\/","title":{"rendered":"Cookie-Richtlinie"},"content":{"rendered":"\t\t<div data-elementor-type=\"wp-page\" data-elementor-id=\"18668\" class=\"elementor elementor-18668 elementor-96\" data-elementor-post-type=\"page\">\n\t\t\t\t<div class=\"elementor-element elementor-element-e2c08b4 e-flex e-con-boxed e-con e-parent\" data-id=\"e2c08b4\" data-element_type=\"container\" data-e-type=\"container\" data-settings=\"{&quot;background_background&quot;:&quot;classic&quot;}\">\n\t\t\t\t\t<div class=\"e-con-inner\">\n\t\t\t\t<div class=\"elementor-element elementor-element-d4e1c7f elementor-widget elementor-widget-text-editor\" data-id=\"d4e1c7f\" data-element_type=\"widget\" data-e-type=\"widget\" data-widget_type=\"text-editor.default\">\n\t\t\t\t<div class=\"elementor-widget-container\">\n\t\t\t\t\t\t\t\t\t<p>Dein <strong>Online-Ticket<\/strong> zum besten Preis und vermeide Warteschlangen<\/p>\t\t\t\t\t\t\t\t<\/div>\n\t\t\t\t<\/div>\n\t\t\t\t<div class=\"elementor-element elementor-element-860d8d6 elementor-widget elementor-widget-button\" data-id=\"860d8d6\" data-element_type=\"widget\" data-e-type=\"widget\" data-widget_type=\"button.default\">\n\t\t\t\t<div class=\"elementor-widget-container\">\n\t\t\t\t\t\t\t\t\t<div class=\"elementor-button-wrapper\">\n\t\t\t\t\t<a class=\"elementor-button elementor-button-link elementor-size-sm\" href=\"https:\/\/entradas.cuevadenerja.es\/\" target=\"_blank\">\n\t\t\t\t\t\t<span class=\"elementor-button-content-wrapper\">\n\t\t\t\t\t\t<span class=\"elementor-button-icon\">\n\t\t\t\t<svg aria-hidden=\"true\" class=\"e-font-icon-svg e-fas-ticket-alt\" viewBox=\"0 0 576 512\" xmlns=\"http:\/\/www.w3.org\/2000\/svg\"><path d=\"M128 160h320v192H128V160zm400 96c0 26.51 21.49 48 48 48v96c0 26.51-21.49 48-48 48H48c-26.51 0-48-21.49-48-48v-96c26.51 0 48-21.49 48-48s-21.49-48-48-48v-96c0-26.51 21.49-48 48-48h480c26.51 0 48 21.49 48 48v96c-26.51 0-48 21.49-48 48zm-48-104c0-13.255-10.745-24-24-24H120c-13.255 0-24 10.745-24 24v208c0 13.255 10.745 24 24 24h336c13.255 0 24-10.745 24-24V152z\"><\/path><\/svg>\t\t\t<\/span>\n\t\t\t\t\t\t\t\t\t<span class=\"elementor-button-text\">Eintrittskarten kaufen<\/span>\n\t\t\t\t\t<\/span>\n\t\t\t\t\t<\/a>\n\t\t\t\t<\/div>\n\t\t\t\t\t\t\t\t<\/div>\n\t\t\t\t<\/div>\n\t\t\t\t\t<\/div>\n\t\t\t\t<\/div>\n\t\t<div data-dce-background-overlay-image-url=\"https:\/\/cuevadenerja.es\/wp-content\/uploads\/2023\/07\/Aviso-legal.jpg\" class=\"elementor-element elementor-element-f3083b7 e-flex e-con-boxed e-con e-parent\" data-id=\"f3083b7\" data-element_type=\"container\" data-e-type=\"container\" data-settings=\"{&quot;background_background&quot;:&quot;classic&quot;}\">\n\t\t\t\t\t<div class=\"e-con-inner\">\n\t\t<div class=\"elementor-element elementor-element-ae44317 e-con-full e-flex e-con e-child\" data-id=\"ae44317\" data-element_type=\"container\" data-e-type=\"container\">\n\t\t\t\t<div class=\"elementor-element elementor-element-a86d07e elementor-widget elementor-widget-text-editor\" data-id=\"a86d07e\" data-element_type=\"widget\" data-e-type=\"widget\" data-widget_type=\"text-editor.default\">\n\t\t\t\t<div class=\"elementor-widget-container\">\n\t\t\t\t\t\t\t\t\t<p>Datenschutz<\/p>\t\t\t\t\t\t\t\t<\/div>\n\t\t\t\t<\/div>\n\t\t\t\t<div class=\"elementor-element elementor-element-c1645f8 elementor-widget elementor-widget-heading\" data-id=\"c1645f8\" data-element_type=\"widget\" data-e-type=\"widget\" data-widget_type=\"heading.default\">\n\t\t\t\t<div class=\"elementor-widget-container\">\n\t\t\t\t\t<h1 class=\"elementor-heading-title elementor-size-default\">Cookie-Richtlinie\n\n\n\n\n\n<\/h1>\t\t\t\t<\/div>\n\t\t\t\t<\/div>\n\t\t\t\t<div class=\"elementor-element elementor-element-5a5b1a6 elementor-widget elementor-widget-text-editor\" data-id=\"5a5b1a6\" data-element_type=\"widget\" data-e-type=\"widget\" data-widget_type=\"text-editor.default\">\n\t\t\t\t<div class=\"elementor-widget-container\">\n\t\t\t\t\t\t\t\t\t<p>In der H\u00f6hle von Nerja sind deine Privatsph\u00e4re und dein Vertrauen von grundlegender Bedeutung. Unser rechtlicher Hinweis gew\u00e4hrleistet den Schutz deiner pers\u00f6nlichen Daten und den verantwortungsvollen Umgang mit den Informationen, die du uns zur Verf\u00fcgung stellst. Wir sind transparent in Bezug auf rechtliche Aspekte und stehen dir zur Verf\u00fcgung, um alle Fragen zu beantworten, die du haben k\u00f6nntest.<\/p>\t\t\t\t\t\t\t\t<\/div>\n\t\t\t\t<\/div>\n\t\t\t\t<\/div>\n\t\t\t\t\t<\/div>\n\t\t\t\t<\/div>\n\t\t<div class=\"elementor-element elementor-element-d7eeafd e-flex e-con-boxed e-con e-parent\" data-id=\"d7eeafd\" data-element_type=\"container\" data-e-type=\"container\" data-settings=\"{&quot;background_background&quot;:&quot;classic&quot;}\">\n\t\t\t\t\t<div class=\"e-con-inner\">\n\t\t<div class=\"elementor-element elementor-element-797faf9 e-con-full e-flex e-con e-child\" data-id=\"797faf9\" data-element_type=\"container\" data-e-type=\"container\">\n\t\t\t\t<div class=\"elementor-element elementor-element-493b15c elementor-widget elementor-widget-text-editor\" data-id=\"493b15c\" data-element_type=\"widget\" data-e-type=\"widget\" data-widget_type=\"text-editor.default\">\n\t\t\t\t<div class=\"elementor-widget-container\">\n\t\t\t\t\t\t\t\t\tDiese Website, Eigentum der <strong>\u00d6FFENTLICHEN STIFTUNG F\u00dcR DIENSTLEISTUNGEN DER H\u00d6HLE VON NERJA<\/strong>, sammelt oder \u00fcbermittelt keine Daten ihrer Nutzer an Dritte ohne deren vorherige Zustimmung. Die verwendeten Cookies erm\u00f6glichen dem Nutzer das Surfen auf der Website und die Nutzung der dort angebotenen Dienste.\n\nDie Website kann Links zu anderen Websites enthalten, die nicht zu unserem Unternehmen geh\u00f6ren. Auf diesen k\u00f6nnen Sie frei entscheiden, ob Sie die Datenschutz- und Cookie-Richtlinien dieser Websites akzeptieren oder nicht. Normalerweise k\u00f6nnen Sie, wenn Sie im Internet surfen, Cookies von Dritten in Ihrem Browser akzeptieren oder ablehnen. Das Unternehmen \u00fcbernimmt keine Verantwortung f\u00fcr den Inhalt oder die Wahrhaftigkeit der Datenschutzrichtlinien, die von den in dieser Cookie-Richtlinie erw\u00e4hnten Dritten gehalten werden.\n\nNachfolgend finden Sie detaillierte Informationen dar\u00fcber, was Cookies sind, welche Art von Cookies diese Website verwendet, wie Sie Cookies in Ihrem Browser deaktivieren oder speziell die Installation von Cookies von Dritten deaktivieren k\u00f6nnen und was passiert, wenn Sie sie deaktivieren.\n\n<strong>1. Was sind Cookies?<\/strong>\n\nCookies sind kleine Dateien, die von Plattformen wie Websites auf Ihrem Computer, Smartphone, Tablet oder verbundenem Fernseher installiert werden k\u00f6nnen, wenn Sie darauf zugreifen.\n\nIhre Funktionen k\u00f6nnen sehr vielf\u00e4ltig sein: Sie speichern Ihre Navigationspr\u00e4ferenzen, sammeln statistische Informationen, erm\u00f6glichen bestimmte technische Funktionen, speichern und rufen Informationen \u00fcber die Navigationsgewohnheiten oder Vorlieben eines Benutzers oder seines Teams ab, bis zu dem Punkt, dass sie ihn je nach den enthaltenen Informationen und der Art und Weise, wie Sie Ihr Ger\u00e4t verwenden, erkennen k\u00f6nnen. Ein Cookie wird auf einem Computer gespeichert, um die Navigation des Benutzers so einfach wie m\u00f6glich zu personalisieren. Cookies werden nur mit einem Benutzer und seinem Computer verkn\u00fcpft und liefern keine Hinweise, die personenbezogene Daten des Benutzers ableiten k\u00f6nnen. Der Benutzer kann seinen Browser so konfigurieren, dass er \u00fcber die Installation von Cookies informiert wird oder diese ablehnt.\n\n<strong>2. Warum sind sie wichtig?<\/strong>\n\nCookies sind aus mehreren Gr\u00fcnden n\u00fctzlich. Aus technischer Sicht erm\u00f6glichen sie, dass Webseiten agiler funktionieren und auf die Pr\u00e4ferenzen des Benutzers zugeschnitten sind, wie beispielsweise die Speicherung seiner Sprache oder die W\u00e4hrung seines Landes. Dar\u00fcber hinaus helfen sie den Verantwortlichen der Webseiten, die angebotenen Dienste zu verbessern, dank der statistischen Informationen, die durch sie gesammelt werden. Schlie\u00dflich machen sie die Werbung, die wir Ihnen zeigen, effizienter.\n\n<strong>3. Welche Arten von Cookies gibt es?<\/strong>\n\nJe nachdem, wie lange Cookies aktiv bleiben, k\u00f6nnen sie sein:\n\n<strong>&#8211; Sitzungscookies<\/strong>: Sie sind darauf ausgelegt, Daten zu sammeln und zu speichern, w\u00e4hrend der Benutzer auf eine Webseite zugreift. Sie werden verwendet, um Informationen zu speichern, die nur f\u00fcr die Erbringung des vom Benutzer bei einem einzigen Anlass angeforderten Dienstes von Interesse sind (z.B. eine Liste erworbener Produkte).\n\n<strong>&#8211; Persistente Cookies<\/strong>: Es handelt sich um einen Typ von Cookies, bei denen die Daten weiterhin im Terminal gespeichert sind und auf die zugegriffen und die \u00fcber einen definierten Zeitraum hinweg behandelt werden k\u00f6nnen. Sie haben ein L\u00f6schdatum. Sie werden beispielsweise im Kauf- oder Registrierungsprozess verwendet, um unsere Daten nicht st\u00e4ndig eingeben zu m\u00fcssen.\n\nJe nachdem, wer die Einrichtung verwaltet oder das Domain von wo aus die Cookies gesendet werden und die Daten verarbeitet werden, k\u00f6nnen wir unterscheiden:\n\n<strong>&#8211; Eigene Cookies:<\/strong> Dies sind Cookies, die an das Ger\u00e4t des Benutzers gesendet werden und ausschlie\u00dflich von uns f\u00fcr ein besseres Funktionieren der Website verwaltet werden. Es sind Cookies, die von der Website generiert werden, die Sie besuchen.\n\n<strong>&#8211; Cookies von Dritten:<\/strong> Dies sind Cookies, die an das Ger\u00e4t des Benutzers von einem Ger\u00e4t oder Domain, das nicht von uns, sondern von einer anderen Einheit verwaltet wird, gesendet werden, die die erhaltenen Daten verarbeitet. Sie werden von externen Diensten oder Anbietern wie Facebook, Google usw. generiert.\n\nJe nach Zweck k\u00f6nnen sie sein:\n\n<strong>Technische Cookies<\/strong>: Dies sind Cookies, die es dem Benutzer erm\u00f6glichen, durch eine Webseite, Plattform oder Anwendung zu navigieren und die verschiedenen Optionen oder Dienste zu nutzen, die dort existieren, einschlie\u00dflich derjenigen, die der Herausgeber verwendet, um die Verwaltung und den Betrieb der Webseite zu erm\u00f6glichen und ihre Funktionen und Dienste zu aktivieren. Zu dieser Kategorie geh\u00f6ren auch, aufgrund ihrer technischen Natur, Cookies, die die effizienteste Verwaltung der Werbefl\u00e4chen erm\u00f6glichen, die der Herausgeber als weiteres Element des Designs oder der &#8222;Layout&#8220; des angebotenen Dienstes an den Benutzer in einer Webseite, Anwendung oder Plattform auf der Grundlage von Kriterien wie bearbeitetem Inhalt integriert hat, ohne Informationen von Benutzern f\u00fcr andere Zwecke zu sammeln, wie zum Beispiel das Personalisieren dieses Werbeinhalts oder anderer Inhalte.\n\n<strong>Pr\u00e4ferenz- oder Personalisierungs-Cookies<\/strong>: Dies sind Cookies, die es erm\u00f6glichen, Informationen zu speichern, damit der Benutzer auf den Dienst mit bestimmten Merkmalen zugreifen kann, die seine Erfahrung von der anderer Benutzer unterscheiden k\u00f6nnen, wie z.B. Sprache, die Anzahl der Ergebnisse, die angezeigt werden, wenn der Benutzer eine Suche durchf\u00fchrt, das Erscheinungsbild oder der Inhalt des Dienstes, abh\u00e4ngig vom Typ des Browsers, durch den der Benutzer auf den Dienst zugreift, oder von der Region, von der aus er auf den Dienst zugreift usw.\n\n<strong>Analyse- oder Mess-Cookies<\/strong>: Dies sind Cookies, die es dem Verantwortlichen erm\u00f6glichen, das Verhalten der Benutzer der Webseiten, mit denen sie verkn\u00fcpft sind, zu verfolgen und zu analysieren, einschlie\u00dflich der Quantifizierung der Auswirkungen von Anzeigen. Die durch diese Art von Cookies gesammelten Informationen werden verwendet, um die Aktivit\u00e4t der Webseiten, Anwendung oder Plattform zu messen, um Verbesserungen basierend auf der Analyse der Nutzungsdaten der Benutzer des Dienstes einzuf\u00fchren.\n\n<strong>Verhaltensbezogene Werbe-Cookies<\/strong>: Dies sind Cookies, die Informationen \u00fcber das Verhalten von Benutzern speichern, die durch die kontinuierliche Beobachtung ihrer Surf-Gewohnheiten erhalten werden, was die Entwicklung eines spezifischen Profils erm\u00f6glicht, um Werbung basierend darauf anzuzeigen.\n\n<strong>4. Welche Art von Cookies verwenden wir?<\/strong>\n\nWir informieren Sie \u00fcber die Cookies, die auf dieser Webseite verwendet werden:\n\n<table>\n<tbody>\n<tr>\n<td width=\"121\"><strong>Name<\/strong><\/td>\n<td width=\"85\"><strong>Typ<\/strong><\/td>\n<td width=\"76\"><strong>Eigentum<\/strong><\/td>\n<td width=\"76\"><strong>Dauer<\/strong><\/td>\n<td width=\"198\"><strong>Zweck<\/strong><\/td>\n<td width=\"170\"><strong>Weitere Informationen<\/strong><\/td>\n<\/tr>\n<tr>\n<td width=\"121\"><strong>_ga<\/strong><\/td>\n<td width=\"85\">Analytisch<\/td>\n<td width=\"76\">Google Analytics<\/td>\n<td width=\"76\">2 Jahre<\/td>\n<td width=\"198\">Erm\u00f6glicht die Verfolgung von einzigartigen Besuchen. Das erste Mal, wenn ein Benutzer \u00fcber einen Browser auf die Website zugreift, wird dieses Cookie installiert. Wenn dieser Benutzer mit demselben Browser wieder auf die Website zugreift, wird das Cookie annehmen, dass es derselbe Benutzer ist. Nur wenn der Benutzer den Browser wechselt, wird er als anderer Benutzer betrachtet<\/td>\n<td width=\"170\"><a href=\"https:\/\/support.google.com\/analytics\/answer\/181881?hl=de\" target=\"_blank\" rel=\"noopener\">https:\/\/support.google.com\/analytics\/answer\/181881?hl=de<\/a><\/td>\n<\/tr>\n<tr>\n<td width=\"121\"><strong>_gat_gtag_UA_135747112_1<\/strong><\/td>\n<td width=\"85\">Analytisch<\/td>\n<td width=\"76\">Google Analytics<\/td>\n<td width=\"76\">10 Minuten<\/td>\n<td width=\"198\">Wird verwendet, um die Anforderungsrate zu drosseln &#8211; begrenzt die Datenerfassung auf hochfrequentierten Seiten<\/td>\n<td width=\"170\"><a href=\"https:\/\/support.google.com\/analytics\/answer\/181881?hl=de\" target=\"_blank\" rel=\"noopener\">https:\/\/support.google.com\/analytics\/answer\/181881?hl=de<\/a><\/td>\n<\/tr>\n<tr>\n<td width=\"121\"><strong>_gd1603703140584<\/strong><\/td>\n<td width=\"85\">Analytisch<\/td>\n<td width=\"76\">Google Analytics<\/td>\n<td width=\"76\">1 Tag<\/td>\n<td width=\"198\">Analytische Cookies<\/td>\n<td width=\"170\"><a href=\"https:\/\/support.google.com\/analytics\/answer\/181881?hl=de\" target=\"_blank\" rel=\"noopener\">https:\/\/support.google.com\/analytics\/answer\/181881?hl=de<\/a><\/td>\n<\/tr>\n<tr>\n<td width=\"121\"><strong>_gd1603703140586<\/strong><\/td>\n<td width=\"85\">Analytisch<\/td>\n<td width=\"76\">Google Analytics<\/td>\n<td width=\"76\">1 Tag<\/td>\n<td width=\"198\">Analytische Cookies<\/td>\n<td width=\"170\"><a href=\"https:\/\/support.google.com\/analytics\/answer\/181881?hl=de\" target=\"_blank\" rel=\"noopener\">https:\/\/support.google.com\/analytics\/answer\/181881?hl=de<\/a><\/td>\n<\/tr>\n<tr>\n<td width=\"121\"><strong>_gat<\/strong><\/td>\n<td width=\"85\">Analytisch<\/td>\n<td width=\"76\">Google Analytics<\/td>\n<td width=\"76\">10 Minuten<\/td>\n<td width=\"198\">Wird verwendet, um die Anforderungsrate zu drosseln &#8211; begrenzt die Datenerfassung auf hochfrequentierten Seiten<\/td>\n<td width=\"170\"><a href=\"https:\/\/support.google.com\/analytics\/answer\/181881?hl=de\" target=\"_blank\" rel=\"noopener\">https:\/\/support.google.com\/analytics\/answer\/181881?hl=de<\/a><\/td>\n<\/tr>\n<tr>\n<td width=\"121\"><strong>_gid<\/strong><\/td>\n<td width=\"85\">Analytisch<\/td>\n<td width=\"76\">Google Analytics<\/td>\n<td width=\"76\">24 Stunden<\/td>\n<td width=\"198\">Wird verwendet, um Benutzer zu unterscheiden<\/td>\n<td width=\"170\"><a href=\"https:\/\/support.google.com\/analytics\/answer\/181881?hl=de\" target=\"_blank\" rel=\"noopener\">https:\/\/support.google.com\/analytics\/answer\/181881?hl=de<\/a><\/td>\n<\/tr>\n<tr>\n<td width=\"121\"><strong>_gcl_au<\/strong><\/td>\n<td width=\"85\">Analytisch<\/td>\n<td width=\"76\">Google Analytics<\/td>\n<td width=\"76\">3 Monate<\/td>\n<td width=\"198\">Google Analytics konfiguriert dieses Cookie, um Informationen von Anzeigenklicks zu sammeln und sie in einem Ursprungscookie zu speichern, damit Konversionen au\u00dferhalb der Zielseite zugeordnet werden k\u00f6nnen<\/td>\n<td width=\"170\"><u> <\/u>\n<a href=\"https:\/\/support.google.com\/analytics\/answer\/181881?hl=de\" target=\"_blank\" rel=\"noopener\">https:\/\/support.google.com\/analytics\/answer\/181881?hl=de<\/a><\/td>\n\n<\/tr>\n<tr>\n<td width=\"121\"><strong>_gali<\/strong><\/td>\n<td width=\"85\">Analytisch<\/td>\n<td width=\"76\">Google Analytics<\/td>\n<td width=\"76\">1 Tag<\/td>\n<td width=\"198\">Von Google Analytics verwendet, um die Elemente der vorherigen Seite zu registrieren, mit denen der Benutzer interagiert hat, um auf die aktuelle Seite zu gelangen<\/td>\n<td width=\"170\"><a href=\"https:\/\/support.google.com\/analytics\/answer\/181881?hl=de\" target=\"_blank\" rel=\"noopener\">https:\/\/support.google.com\/analytics\/answer\/181881?hl=de<\/a><\/td>\n<\/tr>\n<\/tbody>\n<\/table>\n<table style=\"height: 339px;\" width=\"1177\">\n<tbody>\n<tr>\n<td width=\"121\"><strong>cookie_notice_accepted<\/strong><\/td>\n<td width=\"85\">Technisch<\/td>\n<td width=\"76\">Eigene<\/td>\n<td width=\"76\">1 Monat<\/td>\n<td width=\"198\">Konfiguration der Cookies<\/td>\n<td width=\"170\">Cookie-Richtlinie<\/td>\n<\/tr>\n<tr>\n<td width=\"121\"><strong>_fbp<\/strong><\/td>\n<td width=\"85\">Werbung<\/td>\n<td width=\"76\">Facebook<\/td>\n<td width=\"76\">3 Monate<\/td>\n<td width=\"198\">Dieses Cookie hilft dabei, unsere Werbung an Personen zu liefern, die unsere Website bereits besucht haben, wenn sie sich auf Facebook befinden oder eine von Facebook Advertising betriebene digitale Plattform besuchen.<\/td>\n<td width=\"170\">https:\/\/www.facebook.com\/policies\/cookies\/<\/td>\n<\/tr>\n<\/tbody>\n<\/table>\n<strong> <\/strong>\n<strong>5. Datentransfers in Drittl\u00e4nder.<\/strong>\n\nSie k\u00f6nnen sich \u00fcber die Transfers in Drittl\u00e4nder informieren, die gegebenenfalls von den in dieser Cookie-Richtlinie genannten Dritten durchgef\u00fchrt werden, in deren entsprechenden Richtlinien. Siehe die Links, die im Abschnitt &#8222;Weitere Informationen&#8220; in der obigen Tabelle bereitgestellt werden.\n\n<strong>6. Wie kann ich meine Pr\u00e4ferenzen einstellen?<\/strong>\n\nSie k\u00f6nnen die auf Ihrem Ger\u00e4t installierten Cookies \u00fcber die Einstellungen Ihres Internetbrowsers zulassen, blockieren oder l\u00f6schen.\n\nNachfolgend bieten wir Links an, in denen Sie Informationen dar\u00fcber finden, wie Sie Ihre Pr\u00e4ferenzen in den wichtigsten Browsern aktivieren k\u00f6nnen:\n\n<strong>Explorer,<\/strong> <a href=\"https:\/\/support.microsoft.com\/de-de\/help\/17442\/windows-internet-explorer-delete-manage-cookies\" target=\"_blank\" rel=\"noopener\">https:\/\/support.microsoft.com\/de-de\/help\/17442\/windows-internet-explorer-delete-manage-cookies<\/a>\n\n<strong>Chrome,<\/strong> <a href=\"https:\/\/support.google.com\/chrome\/answer\/95647?hl=de\" target=\"_blank\" rel=\"noopener\">https:\/\/support.google.com\/chrome\/answer\/95647?hl=de<\/a>\n\n<strong>&#8211; Safari,<\/strong> <a href=\"https:\/\/support.apple.com\/de-de\/guide\/safari\/sfri11471\/mac\" target=\"_blank\" rel=\"noopener\">https:\/\/support.apple.com\/de-de\/guide\/safari\/sfri11471\/mac<\/a>\n\n<strong>&#8211; Firefox,<\/strong> <a href=\"https:\/\/support.mozilla.org\/de\/kb\/cookies-erlauben-und-ablehnen\" target=\"_blank\" rel=\"noopener\">https:\/\/support.mozilla.org\/de\/kb\/cookies-erlauben-und-ablehnen<\/a>\n\n<strong>&#8211; Opera,<\/strong> <a href=\"https:\/\/help.opera.com\/en\/latest\/web-preferences\/#cookies\" target=\"_blank\" rel=\"noopener\">https:\/\/help.opera.com\/en\/latest\/web-preferences\/#cookies<\/a>\n\n<strong>7. Aus\u00fcbung Ihrer Rechte.<\/strong>\n\nSie k\u00f6nnen in der auf dieser Website vorhandenen Datenschutzrichtlinie die Ihnen zustehenden Rechte und wie Sie diese aus\u00fcben k\u00f6nnen, nachlesen.\t\t\t\t\t\t\t\t<\/div>\n\t\t\t\t<\/div>\n\t\t\t\t<\/div>\n\t\t\t\t\t<\/div>\n\t\t\t\t<\/div>\n\t\t\t\t<\/div>\n\t\t","protected":false},"excerpt":{"rendered":"<p>Dein Online-Ticket zum besten Preis und vermeide Warteschlangen Eintrittskarten kaufen Datenschutz Cookie-Richtlinie In der H\u00f6hle von Nerja sind deine Privatsph\u00e4re und dein Vertrauen von grundlegender Bedeutung. Unser rechtlicher Hinweis gew\u00e4hrleistet den Schutz deiner pers\u00f6nlichen Daten und den verantwortungsvollen Umgang mit den Informationen, die du uns zur Verf\u00fcgung stellst. Wir sind transparent in Bezug auf rechtliche [&hellip;]<\/p>\n","protected":false},"author":1,"featured_media":0,"parent":0,"menu_order":0,"comment_status":"closed","ping_status":"closed","template":"","meta":{"inline_featured_image":false,"site-sidebar-layout":"no-sidebar","site-content-layout":"page-builder","ast-site-content-layout":"full-width-container","site-content-style":"unboxed","site-sidebar-style":"unboxed","ast-global-header-display":"","ast-banner-title-visibility":"","ast-main-header-display":"","ast-hfb-above-header-display":"","ast-hfb-below-header-display":"","ast-hfb-mobile-header-display":"","site-post-title":"disabled","ast-breadcrumbs-content":"","ast-featured-img":"disabled","footer-sml-layout":"","ast-disable-related-posts":"","theme-transparent-header-meta":"default","adv-header-id-meta":"","stick-header-meta":"default","header-above-stick-meta":"","header-main-stick-meta":"","header-below-stick-meta":"","astra-migrate-meta-layouts":"set","ast-page-background-enabled":"default","ast-page-background-meta":{"desktop":{"background-color":"var(--ast-global-color-4)","background-image":"","background-repeat":"repeat","background-position":"center center","background-size":"auto","background-attachment":"scroll","background-type":"","background-media":"","overlay-type":"","overlay-color":"","overlay-opacity":"","overlay-gradient":""},"tablet":{"background-color":"","background-image":"","background-repeat":"repeat","background-position":"center center","background-size":"auto","background-attachment":"scroll","background-type":"","background-media":"","overlay-type":"","overlay-color":"","overlay-opacity":"","overlay-gradient":""},"mobile":{"background-color":"","background-image":"","background-repeat":"repeat","background-position":"center center","background-size":"auto","background-attachment":"scroll","background-type":"","background-media":"","overlay-type":"","overlay-color":"","overlay-opacity":"","overlay-gradient":""}},"ast-content-background-meta":{"desktop":{"background-color":"var(--ast-global-color-5)","background-image":"","background-repeat":"repeat","background-position":"center center","background-size":"auto","background-attachment":"scroll","background-type":"","background-media":"","overlay-type":"","overlay-color":"","overlay-opacity":"","overlay-gradient":""},"tablet":{"background-color":"var(--ast-global-color-5)","background-image":"","background-repeat":"repeat","background-position":"center center","background-size":"auto","background-attachment":"scroll","background-type":"","background-media":"","overlay-type":"","overlay-color":"","overlay-opacity":"","overlay-gradient":""},"mobile":{"background-color":"var(--ast-global-color-5)","background-image":"","background-repeat":"repeat","background-position":"center center","background-size":"auto","background-attachment":"scroll","background-type":"","background-media":"","overlay-type":"","overlay-color":"","overlay-opacity":"","overlay-gradient":""}},"footnotes":""},"class_list":["post-18668","page","type-page","status-publish","hentry"],"_links":{"self":[{"href":"https:\/\/cuevadenerja.es\/de\/wp-json\/wp\/v2\/pages\/18668","targetHints":{"allow":["GET"]}}],"collection":[{"href":"https:\/\/cuevadenerja.es\/de\/wp-json\/wp\/v2\/pages"}],"about":[{"href":"https:\/\/cuevadenerja.es\/de\/wp-json\/wp\/v2\/types\/page"}],"author":[{"embeddable":true,"href":"https:\/\/cuevadenerja.es\/de\/wp-json\/wp\/v2\/users\/1"}],"replies":[{"embeddable":true,"href":"https:\/\/cuevadenerja.es\/de\/wp-json\/wp\/v2\/comments?post=18668"}],"version-history":[{"count":0,"href":"https:\/\/cuevadenerja.es\/de\/wp-json\/wp\/v2\/pages\/18668\/revisions"}],"wp:attachment":[{"href":"https:\/\/cuevadenerja.es\/de\/wp-json\/wp\/v2\/media?parent=18668"}],"curies":[{"name":"wp","href":"https:\/\/api.w.org\/{rel}","templated":true}]}}