{"id":18658,"date":"2023-06-26T12:27:41","date_gmt":"2023-06-26T10:27:41","guid":{"rendered":"https:\/\/cuevadenerja.es\/?page_id=18658"},"modified":"2024-03-08T11:42:21","modified_gmt":"2024-03-08T10:42:21","slug":"rechtlicher-hinweis","status":"publish","type":"page","link":"https:\/\/cuevadenerja.es\/de\/rechtlicher-hinweis\/","title":{"rendered":"Rechtlicher Hinweis"},"content":{"rendered":"\t\t<div data-elementor-type=\"wp-page\" data-elementor-id=\"18658\" class=\"elementor elementor-18658 elementor-92\" data-elementor-post-type=\"page\">\n\t\t\t\t<div class=\"elementor-element elementor-element-85d7455 e-flex e-con-boxed e-con e-parent\" data-id=\"85d7455\" data-element_type=\"container\" data-e-type=\"container\" data-settings=\"{&quot;background_background&quot;:&quot;classic&quot;}\">\n\t\t\t\t\t<div class=\"e-con-inner\">\n\t\t\t\t<div class=\"elementor-element elementor-element-ff97192 elementor-widget elementor-widget-text-editor\" data-id=\"ff97192\" data-element_type=\"widget\" data-e-type=\"widget\" data-widget_type=\"text-editor.default\">\n\t\t\t\t<div class=\"elementor-widget-container\">\n\t\t\t\t\t\t\t\t\t<p>Dein <strong>Online-Ticket<\/strong> zum besten Preis und vermeide Warteschlangen<\/p>\t\t\t\t\t\t\t\t<\/div>\n\t\t\t\t<\/div>\n\t\t\t\t<div class=\"elementor-element elementor-element-b07de79 elementor-widget elementor-widget-button\" data-id=\"b07de79\" data-element_type=\"widget\" data-e-type=\"widget\" data-widget_type=\"button.default\">\n\t\t\t\t<div class=\"elementor-widget-container\">\n\t\t\t\t\t\t\t\t\t<div class=\"elementor-button-wrapper\">\n\t\t\t\t\t<a class=\"elementor-button elementor-button-link elementor-size-sm\" href=\"https:\/\/entradas.cuevadenerja.es\/\" target=\"_blank\">\n\t\t\t\t\t\t<span class=\"elementor-button-content-wrapper\">\n\t\t\t\t\t\t<span class=\"elementor-button-icon\">\n\t\t\t\t<svg aria-hidden=\"true\" class=\"e-font-icon-svg e-fas-ticket-alt\" viewBox=\"0 0 576 512\" xmlns=\"http:\/\/www.w3.org\/2000\/svg\"><path d=\"M128 160h320v192H128V160zm400 96c0 26.51 21.49 48 48 48v96c0 26.51-21.49 48-48 48H48c-26.51 0-48-21.49-48-48v-96c26.51 0 48-21.49 48-48s-21.49-48-48-48v-96c0-26.51 21.49-48 48-48h480c26.51 0 48 21.49 48 48v96c-26.51 0-48 21.49-48 48zm-48-104c0-13.255-10.745-24-24-24H120c-13.255 0-24 10.745-24 24v208c0 13.255 10.745 24 24 24h336c13.255 0 24-10.745 24-24V152z\"><\/path><\/svg>\t\t\t<\/span>\n\t\t\t\t\t\t\t\t\t<span class=\"elementor-button-text\">Eintrittskarten kaufen<\/span>\n\t\t\t\t\t<\/span>\n\t\t\t\t\t<\/a>\n\t\t\t\t<\/div>\n\t\t\t\t\t\t\t\t<\/div>\n\t\t\t\t<\/div>\n\t\t\t\t\t<\/div>\n\t\t\t\t<\/div>\n\t\t<div data-dce-background-overlay-image-url=\"https:\/\/cuevadenerja.es\/wp-content\/uploads\/2023\/07\/Aviso-legal.jpg\" class=\"elementor-element elementor-element-6f30cdf e-flex e-con-boxed e-con e-parent\" data-id=\"6f30cdf\" data-element_type=\"container\" data-e-type=\"container\" data-settings=\"{&quot;background_background&quot;:&quot;classic&quot;}\">\n\t\t\t\t\t<div class=\"e-con-inner\">\n\t\t<div class=\"elementor-element elementor-element-fb71d80 e-con-full e-flex e-con e-child\" data-id=\"fb71d80\" data-element_type=\"container\" data-e-type=\"container\">\n\t\t\t\t<div class=\"elementor-element elementor-element-6aecc1f elementor-widget elementor-widget-text-editor\" data-id=\"6aecc1f\" data-element_type=\"widget\" data-e-type=\"widget\" data-widget_type=\"text-editor.default\">\n\t\t\t\t<div class=\"elementor-widget-container\">\n\t\t\t\t\t\t\t\t\t<p>Datenschutz<\/p>\t\t\t\t\t\t\t\t<\/div>\n\t\t\t\t<\/div>\n\t\t\t\t<div class=\"elementor-element elementor-element-333c314 elementor-widget elementor-widget-heading\" data-id=\"333c314\" data-element_type=\"widget\" data-e-type=\"widget\" data-widget_type=\"heading.default\">\n\t\t\t\t<div class=\"elementor-widget-container\">\n\t\t\t\t\t<h1 class=\"elementor-heading-title elementor-size-default\">Rechtlicher Hinweis\n\n<\/h1>\t\t\t\t<\/div>\n\t\t\t\t<\/div>\n\t\t\t\t<div class=\"elementor-element elementor-element-c88cb32 elementor-widget elementor-widget-text-editor\" data-id=\"c88cb32\" data-element_type=\"widget\" data-e-type=\"widget\" data-widget_type=\"text-editor.default\">\n\t\t\t\t<div class=\"elementor-widget-container\">\n\t\t\t\t\t\t\t\t\t<p>In der H\u00f6hle von Nerja sind deine Privatsph\u00e4re und dein Vertrauen von grundlegender Bedeutung. Unser rechtlicher Hinweis gew\u00e4hrleistet den Schutz deiner pers\u00f6nlichen Daten und den verantwortungsvollen Umgang mit den Informationen, die du uns zur Verf\u00fcgung stellst. Wir sind transparent in Bezug auf rechtliche Aspekte und stehen dir zur Verf\u00fcgung, um alle Fragen zu beantworten, die du haben k\u00f6nntest.<\/p>\t\t\t\t\t\t\t\t<\/div>\n\t\t\t\t<\/div>\n\t\t\t\t<\/div>\n\t\t\t\t\t<\/div>\n\t\t\t\t<\/div>\n\t\t<div class=\"elementor-element elementor-element-df06904 e-flex e-con-boxed e-con e-parent\" data-id=\"df06904\" data-element_type=\"container\" data-e-type=\"container\" data-settings=\"{&quot;background_background&quot;:&quot;classic&quot;}\">\n\t\t\t\t\t<div class=\"e-con-inner\">\n\t\t<div class=\"elementor-element elementor-element-642e131 e-con-full e-flex e-con e-child\" data-id=\"642e131\" data-element_type=\"container\" data-e-type=\"container\">\n\t\t\t\t<div class=\"elementor-element elementor-element-87b3027 elementor-widget elementor-widget-text-editor\" data-id=\"87b3027\" data-element_type=\"widget\" data-e-type=\"widget\" data-widget_type=\"text-editor.default\">\n\t\t\t\t<div class=\"elementor-widget-container\">\n\t\t\t\t\t\t\t\t\tIm Einklang mit dem Gesetz 34\/2002 vom 11. Juli \u00fcber Dienste der Informationsgesellschaft und des elektronischen Gesch\u00e4ftsverkehrs (LSSI) informieren wir Sie, dass diese Webseite unter der Adresse <strong>www.cuevadenerja.es<\/strong> im Eigentum der Firma <strong>Fundacion Publica de Servicios Cueva de Nerja mit CIF G29162278, ans\u00e4ssig in Paseo de Sancha, 64. 29017 Malaga und E-Mail-Adresse admon@cuevadenerja.es<\/strong> steht, im Folgenden &#8222;das Unternehmen&#8220; genannt.\n\n<strong>Allgemeine Nutzungsbedingungen:<\/strong> Diese allgemeinen Nutzungsbedingungen regeln die Bedingungen f\u00fcr den Zugang und die Nutzung dieser Webseite, die im Eigentum des Unternehmens steht, und die der Portalnutzer lesen und akzeptieren muss, um alle Dienstleistungen und Informationen nutzen zu k\u00f6nnen, die vom Portal bereitgestellt werden. Der blo\u00dfe Zugang und\/oder die Nutzung des Portals, aller oder einiger seiner Inhalte und\/oder Dienstleistungen bedeutet die vollst\u00e4ndige Annahme dieser allgemeinen Nutzungsbedingungen. Sie regeln auch den Zugang und die Nutzung des Portals, einschlie\u00dflich der Inhalte und Dienstleistungen, die den Nutzern auf und\/oder durch das Portal, sei es durch das Portal selbst, seine Nutzer oder durch Dritte zur Verf\u00fcgung gestellt werden. Der Zugang und die Nutzung bestimmter Inhalte und\/oder Dienstleistungen k\u00f6nnen jedoch bestimmten spezifischen Bedingungen unterliegen.\n\n<strong>\u00c4nderungen:<\/strong> Das Unternehmen beh\u00e4lt sich das Recht vor, jederzeit die allgemeinen Nutzungsbedingungen des Portals zu \u00e4ndern. In jedem Fall wird empfohlen, regelm\u00e4\u00dfig die aktuellen Nutzungsbedingungen des Portals zu \u00fcberpr\u00fcfen, da sie ge\u00e4ndert werden k\u00f6nnen.\n\n<strong>Nutzerpflichten:<\/strong> Der Nutzer muss jederzeit die in diesen allgemeinen Nutzungsbedingungen des Portals festgelegten Bedingungen respektieren. Ausdr\u00fccklich erkl\u00e4rt der Nutzer, dass er das Portal sorgf\u00e4ltig nutzen wird und jede Verantwortung \u00fcbernimmt, die sich aus der Nichteinhaltung der Regeln ergeben kann. Dar\u00fcber hinaus darf der Nutzer das Portal nicht nutzen, um zu \u00fcbertragen, zu speichern, zu verbreiten, zu f\u00f6rdern oder Daten oder Inhalte zu verteilen, die Viren oder jeden anderen Computervirus, Dateien oder Programme enthalten, die entworfen sind, um die Funktion von Computerprogrammen oder Telekommunikationsausr\u00fcstungen zu unterbrechen, zu zerst\u00f6ren oder zu beeintr\u00e4chtigen.\n\n<strong>Industrielle und geistige Eigentumsrechte:<\/strong> Die Inhalte der Webseite des Unternehmens sind Eigentum des Unternehmens. Hiermit werden alle Rechte vorbehalten, die nicht ausdr\u00fccklich gew\u00e4hrt wurden. Die Reproduktion, \u00dcbertragung, Verteilung oder Speicherung der Inhalte, ganz oder teilweise, mit jedem Mittel, ohne die vorherige schriftliche Genehmigung des Unternehmens, ist verboten, mit Ausnahme der in den folgenden Bedingungen festgelegten. Das Unternehmen erlaubt Ihnen, mit Ihrem Computer durch seine Webseite zu navigieren und Kopien von Ausz\u00fcgen dieser Seiten ausschlie\u00dflich f\u00fcr Ihren pers\u00f6nlichen Gebrauch zu drucken, jedoch nicht zur Verteilung, es sei denn, das Unternehmen hat dies schriftlich genehmigt.\n\nAlle Dokumente auf unserer Webseite k\u00f6nnen anderen Bedingungen unterliegen, die darin angegeben sind. Die Inhalte der Webseite des Unternehmens werden so wie sie sind und je nach Verf\u00fcgbarkeit angeboten. Das Unternehmen garantiert nicht das Fehlen von Unterbrechungen oder Fehlern auf seiner Webseite.\n\nDas Unternehmen beh\u00e4lt sich das Recht vor, die Seite zu \u00fcberpr\u00fcfen oder den Zugang zu dieser Seite jederzeit zu verhindern. Das Unternehmen und seine Symbole sind eingetragene Marken. Andere auf dieser Seite erw\u00e4hnte Produkte oder Firmennamen sind oder k\u00f6nnen eingetragene Marken ihrer jeweiligen Eigent\u00fcmer sein.\n\n<strong>Haftung:<\/strong> Der Nutzer ist allein verantwortlich f\u00fcr Verst\u00f6\u00dfe, die er begehen k\u00f6nnte, oder f\u00fcr Sch\u00e4den, die er durch die Nutzung der Webseite verursachen k\u00f6nnte, wobei das Unternehmen von jeglicher Verantwortung freigestellt ist, die aus der Nutzung des Dienstes durch den Nutzer entstehen k\u00f6nnte. Der Nutzer \u00fcbernimmt alle Kosten, Geb\u00fchren und Entsch\u00e4digungen, die dem Unternehmen aufgrund von Anspr\u00fcchen oder rechtlichen Handlungen angefordert werden k\u00f6nnten. Das Unternehmen lehnt jede Verantwortung f\u00fcr Informationen ab, die sich au\u00dferhalb dieser Webseite befinden und nicht direkt von seinem Webseitenmanager verwaltet werden.\n\nFalls das Unternehmen davon in Kenntnis gesetzt wird, dass der Nutzer \u00fcber die vom Unternehmen bereitgestellten Dienste m\u00f6glicherweise illegale Aktivit\u00e4ten gegen die Rechte Dritter oder strafbare Handlungen durchf\u00fchrt, kann das Unternehmen sofort seine Beziehung zum Nutzer beenden und alle notwendigen Ma\u00dfnahmen ergreifen, um die Fortsetzung solcher Aktivit\u00e4ten zu verhindern.\n\nDas Unternehmen haftet nicht f\u00fcr m\u00f6gliche Sch\u00e4den oder Verluste, die sich aus St\u00f6rungen, Auslassungen, Unterbrechungen, Telefonfehlern, Computerviren oder Disconnections im operativen Betrieb dieses elektronischen Systems ergeben k\u00f6nnten, die durch Ursachen au\u00dferhalb des Unternehmens verursacht wurden, von Verz\u00f6gerungen oder Blockaden in der Nutzung dieses elektronischen Systems, die durch Telefonleitungsdefekte oder \u00dcberlastungen im Internet-System oder in anderen elektronischen Systemen verursacht wurden, sowie von Sch\u00e4den, die durch Dritte durch illegale Eingriffe au\u00dferhalb der Kontrolle des Unternehmens verursacht werden k\u00f6nnten.\n\n<strong>Links, Banner:<\/strong> Falls die Webseite Links oder Verbindungen zu anderen Portalen enth\u00e4lt, dienen diese ausschlie\u00dflich zu Informationszwecken und implizieren nicht, dass das Unternehmen diese Portale empfiehlt und\/oder garantiert, \u00fcber die es keine Kontrolle hat und f\u00fcr die es nicht verantwortlich ist.\n\nDas Unternehmen garantiert in keiner Weise die Bedingungen und die korrekte Erbringung der Produkte oder Dienstleistungen, die den Nutzern von Dritten angeboten werden, zu denen \u00fcber Links auf der Webseite des Unternehmens zugegriffen werden kann. Das Unternehmen ist nicht verantwortlich f\u00fcr die Einhaltung der geltenden Gesetzgebung durch diese Dritten, insbesondere im Hinblick auf den Schutz personenbezogener Daten und den elektronischen Gesch\u00e4ftsverkehr.\n\n<strong>Schutz Minderj\u00e4hriger:<\/strong> Um die Dienste der Webseite nutzen zu k\u00f6nnen, m\u00fcssen Minderj\u00e4hrige zuvor die Erlaubnis ihrer Eltern, Vorm\u00fcnder oder gesetzlichen Vertreter einholen, die als verantwortlich f\u00fcr alle Handlungen der Minderj\u00e4hrigen, die unter ihrer Aufsicht stehen, angesehen werden.\n\n<strong>Blog:<\/strong> Falls die Webseite einen Blog-Bereich hat, dient dieser der Verbreitung der verschiedenen vom Unternehmen angebotenen Dienstleistungen. Der Inhaber der Webseite ist nicht verantwortlich f\u00fcr die Meinungen der Nutzer und beh\u00e4lt sich das Recht vor, Kommentare zu l\u00f6schen, die beleidigend oder herabw\u00fcrdigend sein k\u00f6nnten, und zu blockieren und zuk\u00fcnftige Kommentare von den Autoren solcher Kommentare zu verhindern.\n\n<strong>Gerichtsbarkeit:<\/strong> F\u00fcr alle Fragen, die bez\u00fcglich der Interpretation, Anwendung und Einhaltung dieser Bedingungen sowie der Anspr\u00fcche, die sich aus ihrer Nutzung ergeben k\u00f6nnten, entstehen, wird das geltende Gesetz \u00fcber die anwendbare Gesetzgebung und die zust\u00e4ndige Gerichtsbarkeit angewendet. In F\u00e4llen, in denen die Gesetzgebung den Parteien die M\u00f6glichkeit gibt, sich einem Gerichtsstand zu unterwerfen, unterwerfen sich das Unternehmen und der Nutzer, mit ausdr\u00fccklichem Verzicht auf jeden anderen Gerichtsstand, der ihnen zustehen k\u00f6nnte, den Gerichten und Tribunalen von Malaga (Spanien).\n\nUngeachtet des Vorstehenden k\u00f6nnen die Streitigkeiten, die sich aus den Handelsbeziehungen ergeben, die zwischen den Parteien entstehen, gem\u00e4\u00df der Verordnung EU 524\/2013, die die au\u00dfergerichtliche Beilegung von Streitigkeiten regelt, gem\u00e4\u00df ihrem Inhalt beigelegt werden. Die Europ\u00e4ische Kommission stellt eine Plattform zur Online-Streitbeilegung bereit, die unter folgendem Link verf\u00fcgbar ist: <a href=\"https:\/\/ec.europa.eu\/consumers\/odr\/main\/index.cfm?event=main.home2.show&amp;Ing=ES\" target=\"_blank\" rel=\"noopener\">https:\/\/ec.europa.eu\/consumers\/odr\/main\/index.cfm?event=main.home2.show&amp;Ing=ES<\/a>\t\t\t\t\t\t\t\t<\/div>\n\t\t\t\t<\/div>\n\t\t\t\t<\/div>\n\t\t\t\t\t<\/div>\n\t\t\t\t<\/div>\n\t\t\t\t<\/div>\n\t\t","protected":false},"excerpt":{"rendered":"<p>Dein Online-Ticket zum besten Preis und vermeide Warteschlangen Eintrittskarten kaufen Datenschutz Rechtlicher Hinweis In der H\u00f6hle von Nerja sind deine Privatsph\u00e4re und dein Vertrauen von grundlegender Bedeutung. Unser rechtlicher Hinweis gew\u00e4hrleistet den Schutz deiner pers\u00f6nlichen Daten und den verantwortungsvollen Umgang mit den Informationen, die du uns zur Verf\u00fcgung stellst. Wir sind transparent in Bezug auf [&hellip;]<\/p>\n","protected":false},"author":1,"featured_media":0,"parent":0,"menu_order":0,"comment_status":"closed","ping_status":"closed","template":"","meta":{"inline_featured_image":false,"site-sidebar-layout":"no-sidebar","site-content-layout":"page-builder","ast-site-content-layout":"full-width-container","site-content-style":"unboxed","site-sidebar-style":"unboxed","ast-global-header-display":"","ast-banner-title-visibility":"","ast-main-header-display":"","ast-hfb-above-header-display":"","ast-hfb-below-header-display":"","ast-hfb-mobile-header-display":"","site-post-title":"disabled","ast-breadcrumbs-content":"","ast-featured-img":"disabled","footer-sml-layout":"","ast-disable-related-posts":"","theme-transparent-header-meta":"default","adv-header-id-meta":"","stick-header-meta":"default","header-above-stick-meta":"","header-main-stick-meta":"","header-below-stick-meta":"","astra-migrate-meta-layouts":"set","ast-page-background-enabled":"default","ast-page-background-meta":{"desktop":{"background-color":"var(--ast-global-color-4)","background-image":"","background-repeat":"repeat","background-position":"center center","background-size":"auto","background-attachment":"scroll","background-type":"","background-media":"","overlay-type":"","overlay-color":"","overlay-opacity":"","overlay-gradient":""},"tablet":{"background-color":"","background-image":"","background-repeat":"repeat","background-position":"center center","background-size":"auto","background-attachment":"scroll","background-type":"","background-media":"","overlay-type":"","overlay-color":"","overlay-opacity":"","overlay-gradient":""},"mobile":{"background-color":"","background-image":"","background-repeat":"repeat","background-position":"center center","background-size":"auto","background-attachment":"scroll","background-type":"","background-media":"","overlay-type":"","overlay-color":"","overlay-opacity":"","overlay-gradient":""}},"ast-content-background-meta":{"desktop":{"background-color":"var(--ast-global-color-5)","background-image":"","background-repeat":"repeat","background-position":"center center","background-size":"auto","background-attachment":"scroll","background-type":"","background-media":"","overlay-type":"","overlay-color":"","overlay-opacity":"","overlay-gradient":""},"tablet":{"background-color":"var(--ast-global-color-5)","background-image":"","background-repeat":"repeat","background-position":"center center","background-size":"auto","background-attachment":"scroll","background-type":"","background-media":"","overlay-type":"","overlay-color":"","overlay-opacity":"","overlay-gradient":""},"mobile":{"background-color":"var(--ast-global-color-5)","background-image":"","background-repeat":"repeat","background-position":"center center","background-size":"auto","background-attachment":"scroll","background-type":"","background-media":"","overlay-type":"","overlay-color":"","overlay-opacity":"","overlay-gradient":""}},"footnotes":""},"class_list":["post-18658","page","type-page","status-publish","hentry"],"_links":{"self":[{"href":"https:\/\/cuevadenerja.es\/de\/wp-json\/wp\/v2\/pages\/18658","targetHints":{"allow":["GET"]}}],"collection":[{"href":"https:\/\/cuevadenerja.es\/de\/wp-json\/wp\/v2\/pages"}],"about":[{"href":"https:\/\/cuevadenerja.es\/de\/wp-json\/wp\/v2\/types\/page"}],"author":[{"embeddable":true,"href":"https:\/\/cuevadenerja.es\/de\/wp-json\/wp\/v2\/users\/1"}],"replies":[{"embeddable":true,"href":"https:\/\/cuevadenerja.es\/de\/wp-json\/wp\/v2\/comments?post=18658"}],"version-history":[{"count":0,"href":"https:\/\/cuevadenerja.es\/de\/wp-json\/wp\/v2\/pages\/18658\/revisions"}],"wp:attachment":[{"href":"https:\/\/cuevadenerja.es\/de\/wp-json\/wp\/v2\/media?parent=18658"}],"curies":[{"name":"wp","href":"https:\/\/api.w.org\/{rel}","templated":true}]}}