{"id":17772,"date":"2023-07-03T13:22:58","date_gmt":"2023-07-03T11:22:58","guid":{"rendered":"https:\/\/cuevadenerja.es\/?page_id=17772"},"modified":"2024-02-29T14:12:03","modified_gmt":"2024-02-29T13:12:03","slug":"parkplaetze-und-busse-festival","status":"publish","type":"page","link":"https:\/\/cuevadenerja.es\/de\/parkplaetze-und-busse-festival\/","title":{"rendered":"Parkpl\u00e4tze und Busse Festival"},"content":{"rendered":"\t\t<div data-elementor-type=\"wp-page\" data-elementor-id=\"17772\" class=\"elementor elementor-17772\" data-elementor-post-type=\"page\">\n\t\t\t\t<div class=\"elementor-element elementor-element-a6d8094 e-flex e-con-boxed e-con e-parent\" data-id=\"a6d8094\" data-element_type=\"container\" data-e-type=\"container\" data-settings=\"{&quot;background_background&quot;:&quot;classic&quot;}\">\n\t\t\t\t\t<div class=\"e-con-inner\">\n\t\t\t\t<div class=\"elementor-element elementor-element-848d8fe elementor-widget elementor-widget-text-editor\" data-id=\"848d8fe\" data-element_type=\"widget\" data-e-type=\"widget\" data-widget_type=\"text-editor.default\">\n\t\t\t\t<div class=\"elementor-widget-container\">\n\t\t\t\t\t\t\t\t\t<div class=\"w-full text-token-text-primary\" data-testid=\"conversation-turn-5\"><div class=\"px-4 py-2 justify-center text-base md:gap-6 m-auto\"><div class=\"flex flex-1 text-base mx-auto gap-3 md:px-5 lg:px-1 xl:px-5 md:max-w-3xl lg:max-w-[40rem] xl:max-w-[48rem] group\"><div class=\"relative flex w-full flex-col agent-turn\"><div class=\"flex-col gap-1 md:gap-3\"><div class=\"flex flex-grow flex-col max-w-full\"><div class=\"min-h-[20px] text-message flex flex-col items-start gap-3 whitespace-pre-wrap break-words [.text-message+&amp;]:mt-5 overflow-x-auto\" data-message-author-role=\"assistant\" data-message-id=\"d0a69827-4e15-4a4a-aed0-3801a297ab99\"><div class=\"markdown prose w-full break-words dark:prose-invert light\"><p>Dein <strong>Online-Ticket<\/strong> zum besten Preis und vermeide Warteschlangen<\/p><\/div><\/div><\/div><\/div><\/div><\/div><\/div><\/div>\t\t\t\t\t\t\t\t<\/div>\n\t\t\t\t<\/div>\n\t\t\t\t<div class=\"elementor-element elementor-element-5ce8eaf elementor-widget elementor-widget-button\" data-id=\"5ce8eaf\" data-element_type=\"widget\" data-e-type=\"widget\" data-widget_type=\"button.default\">\n\t\t\t\t<div class=\"elementor-widget-container\">\n\t\t\t\t\t\t\t\t\t<div class=\"elementor-button-wrapper\">\n\t\t\t\t\t<a class=\"elementor-button elementor-button-link elementor-size-sm\" href=\"https:\/\/entradas.cuevadenerja.es\/\" target=\"_blank\">\n\t\t\t\t\t\t<span class=\"elementor-button-content-wrapper\">\n\t\t\t\t\t\t<span class=\"elementor-button-icon\">\n\t\t\t\t<svg aria-hidden=\"true\" class=\"e-font-icon-svg e-fas-ticket-alt\" viewBox=\"0 0 576 512\" xmlns=\"http:\/\/www.w3.org\/2000\/svg\"><path d=\"M128 160h320v192H128V160zm400 96c0 26.51 21.49 48 48 48v96c0 26.51-21.49 48-48 48H48c-26.51 0-48-21.49-48-48v-96c26.51 0 48-21.49 48-48s-21.49-48-48-48v-96c0-26.51 21.49-48 48-48h480c26.51 0 48 21.49 48 48v96c-26.51 0-48 21.49-48 48zm-48-104c0-13.255-10.745-24-24-24H120c-13.255 0-24 10.745-24 24v208c0 13.255 10.745 24 24 24h336c13.255 0 24-10.745 24-24V152z\"><\/path><\/svg>\t\t\t<\/span>\n\t\t\t\t\t\t\t\t\t<span class=\"elementor-button-text\">Eintrittskarten kaufen<\/span>\n\t\t\t\t\t<\/span>\n\t\t\t\t\t<\/a>\n\t\t\t\t<\/div>\n\t\t\t\t\t\t\t\t<\/div>\n\t\t\t\t<\/div>\n\t\t\t\t\t<\/div>\n\t\t\t\t<\/div>\n\t\t<div data-dce-background-color=\"#313130\" data-dce-background-overlay-image-url=\"https:\/\/cuevadenerja.es\/wp-content\/uploads\/2023\/07\/Mapa-Festival-Cueva-de-Nerja-2023.jpg\" class=\"elementor-element elementor-element-e5feb2a e-flex e-con-boxed e-con e-parent\" data-id=\"e5feb2a\" data-element_type=\"container\" data-e-type=\"container\" data-settings=\"{&quot;background_background&quot;:&quot;classic&quot;}\">\n\t\t\t\t\t<div class=\"e-con-inner\">\n\t\t<div class=\"elementor-element elementor-element-5a1ef96 e-con-full e-flex e-con e-child\" data-id=\"5a1ef96\" data-element_type=\"container\" data-e-type=\"container\">\n\t\t\t\t<div class=\"elementor-element elementor-element-ddf584c elementor-widget elementor-widget-text-editor\" data-id=\"ddf584c\" data-element_type=\"widget\" data-e-type=\"widget\" data-widget_type=\"text-editor.default\">\n\t\t\t\t<div class=\"elementor-widget-container\">\n\t\t\t\t\t\t\t\t\t<div class=\"flex-1 overflow-hidden\"><div class=\"react-scroll-to-bottom--css-radis-79elbk h-full\"><div class=\"react-scroll-to-bottom--css-radis-1n7m0yu\"><div class=\"flex flex-col text-sm pb-9\"><div class=\"w-full text-token-text-primary\" data-testid=\"conversation-turn-462\"><div class=\"px-4 py-2 justify-center text-base md:gap-6 m-auto\"><div class=\"flex flex-1 text-base mx-auto gap-3 md:px-5 lg:px-1 xl:px-5 md:max-w-3xl lg:max-w-[40rem] xl:max-w-[48rem] group final-completion\"><div class=\"relative flex w-full flex-col agent-turn\"><div class=\"flex-col gap-1 md:gap-3\"><div class=\"flex flex-grow flex-col max-w-full\"><div class=\"min-h-[20px] text-message flex flex-col items-start gap-3 whitespace-pre-wrap break-words [.text-message+&amp;]:mt-5 overflow-x-auto\" data-message-author-role=\"assistant\" data-message-id=\"f1c2712e-012d-4cee-a944-d6023828194b\"><div class=\"markdown prose w-full break-words dark:prose-invert light\"><p>Musikfestival<\/p><\/div><\/div><\/div><\/div><\/div><\/div><\/div><\/div><\/div><\/div><\/div><\/div>\t\t\t\t\t\t\t\t<\/div>\n\t\t\t\t<\/div>\n\t\t\t\t<div class=\"elementor-element elementor-element-c18e088 elementor-widget elementor-widget-heading\" data-id=\"c18e088\" data-element_type=\"widget\" data-e-type=\"widget\" data-widget_type=\"heading.default\">\n\t\t\t\t<div class=\"elementor-widget-container\">\n\t\t\t\t\t<h1 class=\"elementor-heading-title elementor-size-default\">Parkpl\u00e4tze und Transportmittel\n\n\n\n\n<\/h1>\t\t\t\t<\/div>\n\t\t\t\t<\/div>\n\t\t\t\t<div class=\"elementor-element elementor-element-18dc340 elementor-widget elementor-widget-text-editor\" data-id=\"18dc340\" data-element_type=\"widget\" data-e-type=\"widget\" data-widget_type=\"text-editor.default\">\n\t\t\t\t<div class=\"elementor-widget-container\">\n\t\t\t\t\t\t\t\t\t<p>Um Ihren Zugang zum Festival Cueva de Nerja 2023 zu erleichtern, haben wir Transportoptionen wie Parkpl\u00e4tze, Busse und Touristenz\u00fcge organisiert. Zus\u00e4tzlich erwarten Sie verschiedene Neuheiten an den Konzertnachmittagen und -abenden auf dem Gel\u00e4nde. Genie\u00dfen Sie die Musik bequem und einfach!<\/p>\t\t\t\t\t\t\t\t<\/div>\n\t\t\t\t<\/div>\n\t\t\t\t<\/div>\n\t\t\t\t\t<\/div>\n\t\t\t\t<\/div>\n\t\t<div class=\"elementor-element elementor-element-ad41e07 e-flex e-con-boxed e-con e-parent\" data-id=\"ad41e07\" data-element_type=\"container\" data-e-type=\"container\" data-settings=\"{&quot;background_background&quot;:&quot;classic&quot;}\">\n\t\t\t\t\t<div class=\"e-con-inner\">\n\t\t<div class=\"elementor-element elementor-element-76b0aaa e-con-full e-flex e-con e-child\" data-id=\"76b0aaa\" data-element_type=\"container\" data-e-type=\"container\">\n\t\t\t\t<div class=\"elementor-element elementor-element-da498f3 elementor-widget elementor-widget-text-editor\" data-id=\"da498f3\" data-element_type=\"widget\" data-e-type=\"widget\" data-widget_type=\"text-editor.default\">\n\t\t\t\t<div class=\"elementor-widget-container\">\n\t\t\t\t\t\t\t\t\tParkpl\u00e4tze, Busse und Stra\u00dfenz\u00fcge f\u00fcr Touristen, um zum Festival Cueva de Nerja 2023 zu gelangen: Wir erkl\u00e4ren Ihnen, wie Sie zum Festival Cueva de Nerja 2023 kommen. Wir haben Dienste eingerichtet, um einen bequemen und einfachen Zugang f\u00fcr alle zu erm\u00f6glichen. Dar\u00fcber hinaus gibt es viele Neuigkeiten auf dem Gel\u00e4nde der H\u00f6hle w\u00e4hrend der Abende und N\u00e4chte der Konzerte.\n<strong>Das <a href=\"https:\/\/cuevadenerja.es\/festival-de-musica\/\" target=\"_blank\" rel=\"noopener\">62. Musikfestival Cueva de Nerja<\/a> beginnt am Freitag, den 30. Juni und erstreckt sich \u00fcber den ganzen Sommer.<\/strong> Mit diesen Parkpl\u00e4tzen und Bussen ist ein einfacher und unkomplizierter Zugang zu den Konzerten dieses musikalischen Treffens m\u00f6glich.\n<h3><span style=\"color: #bc1f14;\">Woher kommen Sie zum Festival Cueva de Nerja 2023?<\/span><\/h3>\n<h4><span style=\"color: #bc1f14;\">Wenn Sie aus Nerja kommen. Busse und Stra\u00dfenz\u00fcge f\u00fcr Touristen zu den Konzerten des Festival Cueva de Nerja<\/span><\/h4>\nAUS NERJA. Wenn Sie in Nerja untergebracht sind oder dort wohnen, bitten wir Sie, Ihr privates Fahrzeug nicht zu benutzen. Sie k\u00f6nnen kostenlos die Busse und Stra\u00dfenz\u00fcge f\u00fcr Touristen nutzen, die von diesen 3 Haltestellen abfahren: dem Busbahnhof von Nerja, gegen\u00fcber der Lokalpolizeistation von Nerja und gegen\u00fcber dem Gesundheitszentrum von Nerja und fahren bis zur Cueva de Nerja.\n\n<strong>Von 19:30 Uhr bis 22:30 Uhr, etwa alle 30 Minuten.<\/strong> Die R\u00fcckfahrt von der Cueva de Nerja zum Busbahnhof, mit den beiden auf der Hinfahrt genannten Haltestellen, findet von 00:00 Uhr bis 3:00 Uhr, ebenfalls etwa alle 30 Minuten, statt.\n<h4><span style=\"color: #bc1f14;\">Wenn Sie von au\u00dferhalb von Nerja mit einem privaten Fahrzeug kommen. Parkzonen f\u00fcr Konzerte des Festival Cueva de Nerja und Shuttles bis zur H\u00f6hle<\/span><\/h4>\n<strong>An diesen Punkten gibt es Shuttles, die Sie zum Gel\u00e4nde bringen.<\/strong> <strong>Die Shuttles fahren von 19:30 Uhr bis 22:30 Uhr, etwa alle 30 Minuten.<\/strong> Die R\u00fcckfahrt von der Cueva de Nerja zur Busstation, mit Haltestellen an allen eingerichteten Parkzonen, erfolgt von 00:00 Uhr bis 3:00 Uhr, ebenfalls etwa alle 30 Minuten.\n\nKlicken Sie hier, um den <a href=\"https:\/\/www.google.com\/maps\/d\/u\/0\/viewer?mid=1AwHx7Es9q7nPA_Kf6nYfr3J-Uy_d8_0&amp;ll=36.750963821621646%2C-3.849229077449865&amp;z=15\" target=\"_blank\" rel=\"noopener\">Plan aller Parkpl\u00e4tze<\/a> zu sehen.\n\nA continuaci\u00f3n puedes ver la\u00a0<strong>direcci\u00f3n de cada uno de los aparcamientos, para llegar con Google Maps, en los m\u00e1s lejanos hay lanzaderas para llevarte al recinto del Festival Cueva de Nerja:\u00a0<\/strong>\n<ol>\n \t<li style=\"list-style-type: none;\">\n<ol>\n \t<li style=\"list-style-type: none;\">\n<ol>\n \t<li>Parkplatz 1 <a href=\"https:\/\/www.google.com\/maps\/dir\/36.7617025,-3.8462788\/@36.7616008,-3.9160394,12z\" target=\"_blank\" rel=\"noopener\">Gel\u00e4nde Cueva<\/a> (300 Stellpl\u00e4tze)<\/li>\n \t<li>Parkplatz 2 <a href=\"https:\/\/www.google.com\/maps\/dir\/36.7620456,-3.8473718\/@36.7620971,-3.9175387,12z\" target=\"_blank\" rel=\"noopener\">Neben der Cueva de Nerja<\/a> (160 Stellpl\u00e4tze)<\/li>\n \t<li>Parkplatz 3 <a href=\"https:\/\/www.google.com\/maps\/dir\/36.7606832,-3.8482184\/@36.76064,-3.8505187,17z\" target=\"_blank\" rel=\"noopener\">Siedlung<\/a> (80 Stellpl\u00e4tze)<\/li>\n \t<li>Parkplatz 4 <a href=\"https:\/\/www.google.com\/maps\/dir\/36.7595271,-3.8461638\/@36.7594102,-3.91611,12z\" target=\"_blank\" rel=\"noopener\">Alte Landstra\u00dfe N340<\/a> (180 Stellpl\u00e4tze)<\/li>\n \t<li>Parkplatz 5 <a href=\"https:\/\/www.google.com\/maps\/dir\/36.7576661,-3.8608122\/@36.7574958,-3.9306335,12z\" target=\"_blank\" rel=\"noopener\">Neben der Kl\u00e4ranlage von Nerja<\/a> (200 Stellpl\u00e4tze)<\/li>\n \t<li>Parkplatz 6 <a href=\"https:\/\/www.google.com\/maps\/dir\/36.758701,-3.8709035\/@36.7587506,-3.8728836,17z\" target=\"_blank\" rel=\"noopener\">Neben dem Sportzentrum<\/a> (250 Stellpl\u00e4tze)<\/li>\n<\/ol>\n<\/li>\n<\/ol>\n<\/li>\n<\/ol>\n<div>\n<h4><span style=\"color: #bc1f14;\">Besuchen Sie die H\u00f6hle und ihren Virtuellen Realit\u00e4tssaal in der Nacht, bevor das Musikfestival Cueva de Nerja 2023 beginnt<\/span><\/h4>\n<\/div>\n\nAu\u00dferdem bieten wir dieses Jahr w\u00e4hrend des Musikfestivals Cueva de Nerja 2023 verschiedene Dienstleistungen im Bereich der H\u00f6hle an, darunter die M\u00f6glichkeit, die H\u00f6hle auf einzigartige Weise zu besuchen und auch den neuen Virtuellen Realit\u00e4tssaal zu erleben.\n\n<span style=\"text-decoration: underline;\">Zu den Dienstleistungen, die an den Festivaltagen verf\u00fcgbar sein werden, geh\u00f6ren:<\/span>\n\n<ul>\n \t<li><strong>Exklusive Besichtigung der Cueva de Nerja mit Miguel Joven, \u201eTito\u201c aus Verano Azul.<\/strong> Tickets sind am Eingang erh\u00e4ltlich. Mit zwei w\u00e4hlbaren Zeiten: 20:15 und 20:30, dauert die Tour etwa eine Stunde.<\/li>\n<\/ul>\n<ul>\n \t<li><strong>360-Erlebnis im Virtuellen Realit\u00e4tssaal der Cueva de Nerja.<\/strong> Tickets sind am Eingang erh\u00e4ltlich. Das gesamte Erlebnis dauert etwa 20 Minuten und ist verf\u00fcgbar zwischen 20:30 und 22:00 Uhr.<\/li>\n<\/ul>\n<h4><span style=\"color: #bc1f14;\"><strong>Weitere Dienstleistungen w\u00e4hrend des Musikfestivals Cueva de Nerja 2023<\/strong><\/span><\/h4>\nNeben den genannten Besuchen gibt es w\u00e4hrend der Nachmittage und Abende der Veranstaltungen im Bereich der Cueva de Nerja folgende Dienstleistungen:\n\n<ul>\n \t<li>Abendessen im Restaurant mit Vorreservierung unter: 952 52 96 00.<\/li>\n \t<li>Getr\u00e4nke an Bars und durch Kellner.<\/li>\n \t<li>Parktaschen und Transfer zum Gel\u00e4nde der Cueva de Nerja.<\/li>\n \t<li>Erinnerungsfotografie.<\/li>\n \t<li>Mitbringselladen.<\/li>\n \t<li>Photocall.<\/li>\n \t<li>Chillout-Bereich.<\/li>\n \t<li>Auditorium.<\/li>\n \t<li>Ticketverkauf.<\/li>\n<\/ul>\n<h4><span style=\"color: #bc1f14;\">Die Terrasse, ein Chillout-Bereich, um vor und nach den Konzerten des Musikfestivals Cueva de Nerja 2023 zu genie\u00dfen<\/span><\/h4>\nWir empfehlen Ihnen au\u00dferdem, fr\u00fchzeitig zu kommen, um die Terrasse der Cueva zu genie\u00dfen, einen Raum zum Entspannen vor und nach den Konzerten, wo Sie etwas trinken und entspannen k\u00f6nnen.\n\n<strong>An diesem Ort gibt es eine Getr\u00e4nke- und Speisekarte.<\/strong> Er befindet sich in der N\u00e4he des Trib\u00fcnenbereichs des Festivals, und unser Organisationspersonal wird Ihnen den Zugang erkl\u00e4ren.\t\t\t\t\t\t\t\t<\/div>\n\t\t\t\t<\/div>\n\t\t\t\t<\/div>\n\t\t\t\t\t<\/div>\n\t\t\t\t<\/div>\n\t\t\t\t<\/div>\n\t\t","protected":false},"excerpt":{"rendered":"<p>Dein Online-Ticket zum besten Preis und vermeide Warteschlangen Eintrittskarten kaufen Musikfestival Parkpl\u00e4tze und Transportmittel Um Ihren Zugang zum Festival Cueva de Nerja 2023 zu erleichtern, haben wir Transportoptionen wie Parkpl\u00e4tze, Busse und Touristenz\u00fcge organisiert. Zus\u00e4tzlich erwarten Sie verschiedene Neuheiten an den Konzertnachmittagen und -abenden auf dem Gel\u00e4nde. Genie\u00dfen Sie die Musik bequem und einfach! Parkpl\u00e4tze, [&hellip;]<\/p>\n","protected":false},"author":1,"featured_media":0,"parent":0,"menu_order":0,"comment_status":"closed","ping_status":"closed","template":"","meta":{"inline_featured_image":false,"site-sidebar-layout":"no-sidebar","site-content-layout":"page-builder","ast-site-content-layout":"full-width-container","site-content-style":"unboxed","site-sidebar-style":"unboxed","ast-global-header-display":"","ast-banner-title-visibility":"","ast-main-header-display":"","ast-hfb-above-header-display":"","ast-hfb-below-header-display":"","ast-hfb-mobile-header-display":"","site-post-title":"disabled","ast-breadcrumbs-content":"","ast-featured-img":"disabled","footer-sml-layout":"","ast-disable-related-posts":"","theme-transparent-header-meta":"default","adv-header-id-meta":"","stick-header-meta":"default","header-above-stick-meta":"","header-main-stick-meta":"","header-below-stick-meta":"","astra-migrate-meta-layouts":"set","ast-page-background-enabled":"default","ast-page-background-meta":{"desktop":{"background-color":"var(--ast-global-color-4)","background-image":"","background-repeat":"repeat","background-position":"center center","background-size":"auto","background-attachment":"scroll","background-type":"","background-media":"","overlay-type":"","overlay-color":"","overlay-opacity":"","overlay-gradient":""},"tablet":{"background-color":"","background-image":"","background-repeat":"repeat","background-position":"center center","background-size":"auto","background-attachment":"scroll","background-type":"","background-media":"","overlay-type":"","overlay-color":"","overlay-opacity":"","overlay-gradient":""},"mobile":{"background-color":"","background-image":"","background-repeat":"repeat","background-position":"center center","background-size":"auto","background-attachment":"scroll","background-type":"","background-media":"","overlay-type":"","overlay-color":"","overlay-opacity":"","overlay-gradient":""}},"ast-content-background-meta":{"desktop":{"background-color":"var(--ast-global-color-5)","background-image":"","background-repeat":"repeat","background-position":"center center","background-size":"auto","background-attachment":"scroll","background-type":"","background-media":"","overlay-type":"","overlay-color":"","overlay-opacity":"","overlay-gradient":""},"tablet":{"background-color":"var(--ast-global-color-5)","background-image":"","background-repeat":"repeat","background-position":"center center","background-size":"auto","background-attachment":"scroll","background-type":"","background-media":"","overlay-type":"","overlay-color":"","overlay-opacity":"","overlay-gradient":""},"mobile":{"background-color":"var(--ast-global-color-5)","background-image":"","background-repeat":"repeat","background-position":"center center","background-size":"auto","background-attachment":"scroll","background-type":"","background-media":"","overlay-type":"","overlay-color":"","overlay-opacity":"","overlay-gradient":""}},"footnotes":""},"class_list":["post-17772","page","type-page","status-publish","hentry"],"_links":{"self":[{"href":"https:\/\/cuevadenerja.es\/de\/wp-json\/wp\/v2\/pages\/17772","targetHints":{"allow":["GET"]}}],"collection":[{"href":"https:\/\/cuevadenerja.es\/de\/wp-json\/wp\/v2\/pages"}],"about":[{"href":"https:\/\/cuevadenerja.es\/de\/wp-json\/wp\/v2\/types\/page"}],"author":[{"embeddable":true,"href":"https:\/\/cuevadenerja.es\/de\/wp-json\/wp\/v2\/users\/1"}],"replies":[{"embeddable":true,"href":"https:\/\/cuevadenerja.es\/de\/wp-json\/wp\/v2\/comments?post=17772"}],"version-history":[{"count":0,"href":"https:\/\/cuevadenerja.es\/de\/wp-json\/wp\/v2\/pages\/17772\/revisions"}],"wp:attachment":[{"href":"https:\/\/cuevadenerja.es\/de\/wp-json\/wp\/v2\/media?parent=17772"}],"curies":[{"name":"wp","href":"https:\/\/api.w.org\/{rel}","templated":true}]}}