{"id":17599,"date":"2023-10-26T11:14:09","date_gmt":"2023-10-26T09:14:09","guid":{"rendered":"https:\/\/cuevadenerja.es\/?page_id=17599"},"modified":"2024-02-29T12:32:55","modified_gmt":"2024-02-29T11:32:55","slug":"archaologie","status":"publish","type":"page","link":"https:\/\/cuevadenerja.es\/de\/hohle\/werte-der-hohle\/archaologie\/","title":{"rendered":"Arch\u00e4ologie"},"content":{"rendered":"\t\t<div data-elementor-type=\"wp-page\" data-elementor-id=\"17599\" class=\"elementor elementor-17599 elementor-12631\" data-elementor-post-type=\"page\">\n\t\t\t\t<div class=\"elementor-element elementor-element-e66d1d0 e-flex e-con-boxed e-con e-parent\" data-id=\"e66d1d0\" data-element_type=\"container\" data-e-type=\"container\" data-settings=\"{&quot;background_background&quot;:&quot;classic&quot;}\">\n\t\t\t\t\t<div class=\"e-con-inner\">\n\t\t\t\t<div class=\"elementor-element elementor-element-efaa6a7 elementor-widget elementor-widget-text-editor\" data-id=\"efaa6a7\" data-element_type=\"widget\" data-e-type=\"widget\" data-widget_type=\"text-editor.default\">\n\t\t\t\t<div class=\"elementor-widget-container\">\n\t\t\t\t\t\t\t\t\t<div class=\"w-full text-token-text-primary\" data-testid=\"conversation-turn-5\"><div class=\"px-4 py-2 justify-center text-base md:gap-6 m-auto\"><div class=\"flex flex-1 text-base mx-auto gap-3 md:px-5 lg:px-1 xl:px-5 md:max-w-3xl lg:max-w-[40rem] xl:max-w-[48rem] group\"><div class=\"relative flex w-full flex-col agent-turn\"><div class=\"flex-col gap-1 md:gap-3\"><div class=\"flex flex-grow flex-col max-w-full\"><div class=\"min-h-[20px] text-message flex flex-col items-start gap-3 whitespace-pre-wrap break-words [.text-message+&amp;]:mt-5 overflow-x-auto\" data-message-author-role=\"assistant\" data-message-id=\"d0a69827-4e15-4a4a-aed0-3801a297ab99\"><div class=\"markdown prose w-full break-words dark:prose-invert light\"><p>Dein <strong>Online-Ticket<\/strong> zum besten Preis und vermeide Warteschlangen<\/p><\/div><\/div><\/div><\/div><\/div><\/div><\/div><\/div>\t\t\t\t\t\t\t\t<\/div>\n\t\t\t\t<\/div>\n\t\t\t\t<div class=\"elementor-element elementor-element-da8db5a elementor-widget elementor-widget-button\" data-id=\"da8db5a\" data-element_type=\"widget\" data-e-type=\"widget\" data-widget_type=\"button.default\">\n\t\t\t\t<div class=\"elementor-widget-container\">\n\t\t\t\t\t\t\t\t\t<div class=\"elementor-button-wrapper\">\n\t\t\t\t\t<a class=\"elementor-button elementor-button-link elementor-size-sm\" href=\"https:\/\/entradas.cuevadenerja.es\/\" target=\"_blank\">\n\t\t\t\t\t\t<span class=\"elementor-button-content-wrapper\">\n\t\t\t\t\t\t<span class=\"elementor-button-icon\">\n\t\t\t\t<svg aria-hidden=\"true\" class=\"e-font-icon-svg e-fas-ticket-alt\" viewBox=\"0 0 576 512\" xmlns=\"http:\/\/www.w3.org\/2000\/svg\"><path d=\"M128 160h320v192H128V160zm400 96c0 26.51 21.49 48 48 48v96c0 26.51-21.49 48-48 48H48c-26.51 0-48-21.49-48-48v-96c26.51 0 48-21.49 48-48s-21.49-48-48-48v-96c0-26.51 21.49-48 48-48h480c26.51 0 48 21.49 48 48v96c-26.51 0-48 21.49-48 48zm-48-104c0-13.255-10.745-24-24-24H120c-13.255 0-24 10.745-24 24v208c0 13.255 10.745 24 24 24h336c13.255 0 24-10.745 24-24V152z\"><\/path><\/svg>\t\t\t<\/span>\n\t\t\t\t\t\t\t\t\t<span class=\"elementor-button-text\">Eintrittskarten kaufen<\/span>\n\t\t\t\t\t<\/span>\n\t\t\t\t\t<\/a>\n\t\t\t\t<\/div>\n\t\t\t\t\t\t\t\t<\/div>\n\t\t\t\t<\/div>\n\t\t\t\t\t<\/div>\n\t\t\t\t<\/div>\n\t\t<div data-dce-background-overlay-image-url=\"https:\/\/cuevadenerja.es\/wp-content\/uploads\/2023\/10\/Punta-Gravetiense.jpg\" class=\"elementor-element elementor-element-f78587f e-flex e-con-boxed e-con e-parent\" data-id=\"f78587f\" data-element_type=\"container\" data-e-type=\"container\" data-settings=\"{&quot;background_background&quot;:&quot;classic&quot;}\">\n\t\t\t\t\t<div class=\"e-con-inner\">\n\t\t<div class=\"elementor-element elementor-element-f657e2a e-con-full e-flex e-con e-child\" data-id=\"f657e2a\" data-element_type=\"container\" data-e-type=\"container\">\n\t\t\t\t<div class=\"elementor-element elementor-element-279a524 elementor-widget elementor-widget-text-editor\" data-id=\"279a524\" data-element_type=\"widget\" data-e-type=\"widget\" data-widget_type=\"text-editor.default\">\n\t\t\t\t<div class=\"elementor-widget-container\">\n\t\t\t\t\t\t\t\t\t<div class=\"flex-1 overflow-hidden\"><div class=\"react-scroll-to-bottom--css-zzbxp-79elbk h-full\"><div class=\"react-scroll-to-bottom--css-zzbxp-1n7m0yu\"><div class=\"flex flex-col text-sm pb-9\"><div class=\"w-full text-token-text-primary\" data-testid=\"conversation-turn-382\"><div class=\"px-4 py-2 justify-center text-base md:gap-6 m-auto\"><div class=\"flex flex-1 text-base mx-auto gap-3 md:px-5 lg:px-1 xl:px-5 md:max-w-3xl lg:max-w-[40rem] xl:max-w-[48rem] group final-completion\"><div class=\"relative flex w-full flex-col agent-turn\"><div class=\"flex-col gap-1 md:gap-3\"><div class=\"flex flex-grow flex-col max-w-full\"><div class=\"min-h-[20px] text-message flex flex-col items-start gap-3 whitespace-pre-wrap break-words [.text-message+&amp;]:mt-5 overflow-x-auto\" data-message-author-role=\"assistant\" data-message-id=\"c88c8664-9b05-4f4b-ac67-d55425dbf462\"><div class=\"markdown prose w-full break-words dark:prose-invert light\"><p>Werte der H\u00f6hle<\/p><\/div><\/div><\/div><\/div><\/div><\/div><\/div><\/div><\/div><\/div><\/div><\/div>\t\t\t\t\t\t\t\t<\/div>\n\t\t\t\t<\/div>\n\t\t\t\t<div class=\"elementor-element elementor-element-972d4a8 elementor-widget elementor-widget-heading\" data-id=\"972d4a8\" data-element_type=\"widget\" data-e-type=\"widget\" data-widget_type=\"heading.default\">\n\t\t\t\t<div class=\"elementor-widget-container\">\n\t\t\t\t\t<h1 class=\"elementor-heading-title elementor-size-default\">Arch\u00e4ologie<\/h1>\t\t\t\t<\/div>\n\t\t\t\t<\/div>\n\t\t\t\t<div class=\"elementor-element elementor-element-00f7e36 elementor-widget elementor-widget-text-editor\" data-id=\"00f7e36\" data-element_type=\"widget\" data-e-type=\"widget\" data-widget_type=\"text-editor.default\">\n\t\t\t\t<div class=\"elementor-widget-container\">\n\t\t\t\t\t\t\t\t\t<p>Mit mehr als 40.000 Jahren Geschichte ist die <strong>H\u00f6hle von Nerja<\/strong> eine entscheidende arch\u00e4ologische St\u00e4tte in Europa, die eine vielf\u00e4ltige und kontinuierliche menschliche Nutzung aufzeigt.<\/p><p>Vom <strong>Zufluchtsort<\/strong> in der <strong>oberen Altsteinzeit<\/strong> bis hin zum Zentrum f\u00fcr <strong>Bestattungs- und landwirtschaftliche Praktiken<\/strong> in der <strong>Kupferzeit<\/strong>, hebt sie die Evolution der menschlichen Aktivit\u00e4t an diesem faszinierenden Ort hervor.<\/p>\t\t\t\t\t\t\t\t<\/div>\n\t\t\t\t<\/div>\n\t\t\t\t<\/div>\n\t\t\t\t\t<\/div>\n\t\t\t\t<\/div>\n\t\t<div class=\"elementor-element elementor-element-c458df9 e-con-full e-flex e-con e-parent\" data-id=\"c458df9\" data-element_type=\"container\" data-e-type=\"container\" data-settings=\"{&quot;background_background&quot;:&quot;classic&quot;}\">\n\t\t<div class=\"elementor-element elementor-element-d2dd543 e-con-full e-flex e-con e-child\" data-id=\"d2dd543\" data-element_type=\"container\" data-e-type=\"container\" data-settings=\"{&quot;background_background&quot;:&quot;classic&quot;}\">\n\t\t\t\t<div class=\"elementor-element elementor-element-e5e78be elementor-widget elementor-widget-heading\" data-id=\"e5e78be\" data-element_type=\"widget\" data-e-type=\"widget\" data-widget_type=\"heading.default\">\n\t\t\t\t<div class=\"elementor-widget-container\">\n\t\t\t\t\t<h2 class=\"elementor-heading-title elementor-size-default\">Arch\u00e4ologie Arch\u00e4ologie Arch\u00e4ologie Arch\u00e4ologie Arch\u00e4ologie Arch\u00e4ologie Arch\u00e4ologie Arch\u00e4ologie Arch\u00e4ologie Arch\u00e4ologie Arch\u00e4ologie Arch\u00e4ologie Arch\u00e4ologie Arch\u00e4ologie Arch\u00e4ologie Arch\u00e4ologie Arch\u00e4ologie Arch\u00e4ologie Arch\u00e4ologie Arch\u00e4ologie Arch\u00e4ologie Arch\u00e4ologie Arch\u00e4ologie Arch\u00e4ologie Arch\u00e4ologie Arch\u00e4ologie Arch\u00e4ologie Arch\u00e4ologie Arch\u00e4ologie Arch\u00e4ologie Arch\u00e4ologie Arch\u00e4ologie Arch\u00e4ologie <\/h2>\t\t\t\t<\/div>\n\t\t\t\t<\/div>\n\t\t\t\t<\/div>\n\t\t\t\t<\/div>\n\t\t<div class=\"elementor-element elementor-element-379e568 e-flex e-con-boxed e-con e-parent\" data-id=\"379e568\" data-element_type=\"container\" data-e-type=\"container\" data-settings=\"{&quot;background_background&quot;:&quot;classic&quot;}\">\n\t\t\t\t\t<div class=\"e-con-inner\">\n\t\t<div class=\"elementor-element elementor-element-a9e76e1 e-con-full e-flex e-con e-child\" data-id=\"a9e76e1\" data-element_type=\"container\" data-e-type=\"container\">\n\t\t\t\t<div class=\"elementor-element elementor-element-122a751 elementor-widget elementor-widget-text-editor\" data-id=\"122a751\" data-element_type=\"widget\" data-e-type=\"widget\" data-widget_type=\"text-editor.default\">\n\t\t\t\t<div class=\"elementor-widget-container\">\n\t\t\t\t\t\t\t\t\t<h3><span style=\"color: #b7916c;\"><strong>Die arch\u00e4ologische Abfolge der H\u00f6hle von Nerja<\/strong><\/span><\/h3>\nDie menschliche Pr\u00e4senz in der H\u00f6hle von Nerja ist seit etwas mehr als 41.000 Jahren belegt. Das macht sie zu einer der europ\u00e4ischen H\u00f6hlen mit den l\u00e4ngsten Nutzungs- und Besuchszeiten.\n\nEbenso, da pr\u00e4historische menschliche Aktivit\u00e4t sowohl in den f\u00fcr den Tourismus ge\u00f6ffneten Galerien als auch in den Hohen Galerien nachgewiesen wurde, ist sie auch eine der H\u00f6hlen, in denen Menschen sich am weitesten vom Eingang entfernten und Wege von intensiver physischer Komplexit\u00e4t folgten.\n\nTrotz \u00e4lterer Daten, die auf eine fr\u00fchere Besiedlung der H\u00f6hle hinweisen, die in die Aurignacien-Periode, 35.000 Jahre vor unserer Zeit, datiert werden, haben wir nur stratigraphische Gewissheit \u00fcber eine menschliche Niederlassung, die in die obere Altsteinzeit und das Gravettien beginnt, diese menschlichen Gruppen besetzten einen ehemaligen Unterschlupf von H\u00f6hlenhy\u00e4nen.\n\nEinige Daten, die in den Hohen Galerien erhalten wurden, k\u00f6nnten auf eine Besuchsfrequenz der H\u00f6hle hinweisen, die vor der Ankunft des modernen Menschen auf der Halbinsel liegt, obwohl die bisher erhaltenen Datierungen nicht schl\u00fcssig sind.\n\nMit absoluter Sicherheit wird die H\u00f6hle seit dem Aurignacien, der ersten Periode der oberen Altsteinzeit, besucht und bewohnt oder frequentiert w\u00e4hrend des Gravettien, Solutr\u00e9en und oberen Magdal\u00e9nien des Mittelmeerraums. Die Anfangsphasen des Magdal\u00e9nien wurden nur in den direkten Datierungen, die in der Felskunst der Hohen Galerien erhalten wurden, nachgewiesen. Die Besiedlung des Epipal\u00e4olithikums und Mesolithikums, von gro\u00dfer Bedeutung, ist gut dokumentiert in den \u00e4u\u00dferen Hallen.\n\nDas Ende der Phasen, die das Epipal\u00e4olithikum bilden, f\u00fchrt zum Eintreffen der produzierenden Gesellschaften, Neolithikum und Kupferzeit. Zusammen mit der Annahme eines sesshaften Lebensstils, der in den K\u00fcstenregionen von M\u00e1laga in den letzten Phasen dieser Periode real ist, wird die Entwicklung der landwirtschaftlichen und tierischen Wirtschaft das Zeitalter am besten definieren.\n\nDie allt\u00e4glichen und produktiven Werkzeuge dieser Gesellschaften, deren Wirtschaft sich nicht ausschlie\u00dflich auf die Ausbeutung der Umwelt st\u00fctzt, zeigen auch signifikante Ver\u00e4nderungen und Fortschritte. Die Verwendung von Keramikbeh\u00e4ltern und -objekten wird \u00fcblich, zusammen mit der Entwicklung einer lithischen Industrie auf polierten Hartgesteinen, die ziemlich an Bedeutung gewinnt. Das Werkzeug aus Feuerstein erf\u00e4hrt Funktions\u00e4nderungen aufgrund der neuen produktiven Bed\u00fcrfnisse (Elemente, die f\u00fcr die Sicheln notwendig sind, um Getreide zu m\u00e4hen), obwohl sie \u00e4ltere technologische Traditionen in der Herstellung des Werkzeugs fortsetzen. Im Fall der H\u00f6hle von Nerja wird eine intensive landwirtschaftliche und tierische Aktivit\u00e4t dokumentiert, die ziemlich fr\u00fch beginnt, haupts\u00e4chlich auf den Anbau von Getreide und die Zucht von Schafen und Ziegen ausgerichtet ist, wie es auch im Kupferzeitalter der Fall sein wird, wenn die bevorzugte Nutzung der H\u00f6hle die Bestattung sein wird.\n\t\t\t\t\t\t\t\t<\/div>\n\t\t\t\t<\/div>\n\t\t<div class=\"elementor-element elementor-element-17a4fb5 e-grid e-con-boxed e-con e-child\" data-id=\"17a4fb5\" data-element_type=\"container\" data-e-type=\"container\">\n\t\t\t\t\t<div class=\"e-con-inner\">\n\t\t\t\t<div class=\"elementor-element elementor-element-3b538c7 elementor-widget elementor-widget-image\" data-id=\"3b538c7\" data-element_type=\"widget\" data-e-type=\"widget\" data-widget_type=\"image.default\">\n\t\t\t\t<div class=\"elementor-widget-container\">\n\t\t\t\t\t\t\t\t\t\t\t\t<figure class=\"wp-caption\">\n\t\t\t\t\t\t\t\t\t\t<img fetchpriority=\"high\" decoding=\"async\" width=\"1800\" height=\"1200\" src=\"https:\/\/cuevadenerja.es\/wp-content\/uploads\/2023\/10\/Punta-de-flecha.jpg\" class=\"attachment-full size-full wp-image-17601\" alt=\"\" srcset=\"https:\/\/cuevadenerja.es\/wp-content\/uploads\/2023\/10\/Punta-de-flecha.jpg 1800w, https:\/\/cuevadenerja.es\/wp-content\/uploads\/2023\/10\/Punta-de-flecha-300x200.jpg 300w, https:\/\/cuevadenerja.es\/wp-content\/uploads\/2023\/10\/Punta-de-flecha-1024x683.jpg 1024w, https:\/\/cuevadenerja.es\/wp-content\/uploads\/2023\/10\/Punta-de-flecha-768x512.jpg 768w, https:\/\/cuevadenerja.es\/wp-content\/uploads\/2023\/10\/Punta-de-flecha-1536x1024.jpg 1536w\" sizes=\"(max-width: 1800px) 100vw, 1800px\" \/>\t\t\t\t\t\t\t\t\t\t\t<figcaption class=\"widget-image-caption wp-caption-text\">Pfeilspitze<\/figcaption>\n\t\t\t\t\t\t\t\t\t\t<\/figure>\n\t\t\t\t\t\t\t\t\t<\/div>\n\t\t\t\t<\/div>\n\t\t\t\t<div class=\"elementor-element elementor-element-e773f99 elementor-widget elementor-widget-image\" data-id=\"e773f99\" data-element_type=\"widget\" data-e-type=\"widget\" data-widget_type=\"image.default\">\n\t\t\t\t<div class=\"elementor-widget-container\">\n\t\t\t\t\t\t\t\t\t\t\t\t<figure class=\"wp-caption\">\n\t\t\t\t\t\t\t\t\t\t<img decoding=\"async\" width=\"1800\" height=\"1200\" src=\"https:\/\/cuevadenerja.es\/wp-content\/uploads\/2023\/11\/Lampara-sobre-concha.jpg\" class=\"attachment-full size-full wp-image-17606\" alt=\"\" srcset=\"https:\/\/cuevadenerja.es\/wp-content\/uploads\/2023\/11\/Lampara-sobre-concha.jpg 1800w, https:\/\/cuevadenerja.es\/wp-content\/uploads\/2023\/11\/Lampara-sobre-concha-300x200.jpg 300w, https:\/\/cuevadenerja.es\/wp-content\/uploads\/2023\/11\/Lampara-sobre-concha-1024x683.jpg 1024w, https:\/\/cuevadenerja.es\/wp-content\/uploads\/2023\/11\/Lampara-sobre-concha-768x512.jpg 768w, https:\/\/cuevadenerja.es\/wp-content\/uploads\/2023\/11\/Lampara-sobre-concha-1536x1024.jpg 1536w\" sizes=\"(max-width: 1800px) 100vw, 1800px\" \/>\t\t\t\t\t\t\t\t\t\t\t<figcaption class=\"widget-image-caption wp-caption-text\">Lampe auf Muschel<\/figcaption>\n\t\t\t\t\t\t\t\t\t\t<\/figure>\n\t\t\t\t\t\t\t\t\t<\/div>\n\t\t\t\t<\/div>\n\t\t\t\t<div class=\"elementor-element elementor-element-ea11cae elementor-widget elementor-widget-image\" data-id=\"ea11cae\" data-element_type=\"widget\" data-e-type=\"widget\" data-widget_type=\"image.default\">\n\t\t\t\t<div class=\"elementor-widget-container\">\n\t\t\t\t\t\t\t\t\t\t\t\t<figure class=\"wp-caption\">\n\t\t\t\t\t\t\t\t\t\t<img decoding=\"async\" width=\"1800\" height=\"1200\" src=\"https:\/\/cuevadenerja.es\/wp-content\/uploads\/2023\/11\/Femur-humano.jpg\" class=\"attachment-full size-full wp-image-17605\" alt=\"\" srcset=\"https:\/\/cuevadenerja.es\/wp-content\/uploads\/2023\/11\/Femur-humano.jpg 1800w, https:\/\/cuevadenerja.es\/wp-content\/uploads\/2023\/11\/Femur-humano-300x200.jpg 300w, https:\/\/cuevadenerja.es\/wp-content\/uploads\/2023\/11\/Femur-humano-1024x683.jpg 1024w, https:\/\/cuevadenerja.es\/wp-content\/uploads\/2023\/11\/Femur-humano-768x512.jpg 768w, https:\/\/cuevadenerja.es\/wp-content\/uploads\/2023\/11\/Femur-humano-1536x1024.jpg 1536w\" sizes=\"(max-width: 1800px) 100vw, 1800px\" \/>\t\t\t\t\t\t\t\t\t\t\t<figcaption class=\"widget-image-caption wp-caption-text\">Menschliches Femur<\/figcaption>\n\t\t\t\t\t\t\t\t\t\t<\/figure>\n\t\t\t\t\t\t\t\t\t<\/div>\n\t\t\t\t<\/div>\n\t\t\t\t<div class=\"elementor-element elementor-element-40a6c43 elementor-widget elementor-widget-image\" data-id=\"40a6c43\" data-element_type=\"widget\" data-e-type=\"widget\" data-widget_type=\"image.default\">\n\t\t\t\t<div class=\"elementor-widget-container\">\n\t\t\t\t\t\t\t\t\t\t\t\t<figure class=\"wp-caption\">\n\t\t\t\t\t\t\t\t\t\t<img loading=\"lazy\" decoding=\"async\" width=\"800\" height=\"533\" src=\"https:\/\/cuevadenerja.es\/wp-content\/uploads\/2023\/11\/Estratos-bioclasicos.jpg\" class=\"attachment-full size-full wp-image-17609\" alt=\"\" srcset=\"https:\/\/cuevadenerja.es\/wp-content\/uploads\/2023\/11\/Estratos-bioclasicos.jpg 800w, https:\/\/cuevadenerja.es\/wp-content\/uploads\/2023\/11\/Estratos-bioclasicos-300x200.jpg 300w, https:\/\/cuevadenerja.es\/wp-content\/uploads\/2023\/11\/Estratos-bioclasicos-768x512.jpg 768w\" sizes=\"(max-width: 800px) 100vw, 800px\" \/>\t\t\t\t\t\t\t\t\t\t\t<figcaption class=\"widget-image-caption wp-caption-text\">Bioklastische Schichten<\/figcaption>\n\t\t\t\t\t\t\t\t\t\t<\/figure>\n\t\t\t\t\t\t\t\t\t<\/div>\n\t\t\t\t<\/div>\n\t\t\t\t<div class=\"elementor-element elementor-element-d5e36e7 elementor-widget elementor-widget-image\" data-id=\"d5e36e7\" data-element_type=\"widget\" data-e-type=\"widget\" data-widget_type=\"image.default\">\n\t\t\t\t<div class=\"elementor-widget-container\">\n\t\t\t\t\t\t\t\t\t\t\t\t<figure class=\"wp-caption\">\n\t\t\t\t\t\t\t\t\t\t<img loading=\"lazy\" decoding=\"async\" width=\"1800\" height=\"1200\" src=\"https:\/\/cuevadenerja.es\/wp-content\/uploads\/2023\/11\/Enterramiento-epipaleolitico.jpg\" class=\"attachment-full size-full wp-image-17607\" alt=\"\" srcset=\"https:\/\/cuevadenerja.es\/wp-content\/uploads\/2023\/11\/Enterramiento-epipaleolitico.jpg 1800w, https:\/\/cuevadenerja.es\/wp-content\/uploads\/2023\/11\/Enterramiento-epipaleolitico-300x200.jpg 300w, https:\/\/cuevadenerja.es\/wp-content\/uploads\/2023\/11\/Enterramiento-epipaleolitico-1024x683.jpg 1024w, https:\/\/cuevadenerja.es\/wp-content\/uploads\/2023\/11\/Enterramiento-epipaleolitico-768x512.jpg 768w, https:\/\/cuevadenerja.es\/wp-content\/uploads\/2023\/11\/Enterramiento-epipaleolitico-1536x1024.jpg 1536w\" sizes=\"(max-width: 1800px) 100vw, 1800px\" \/>\t\t\t\t\t\t\t\t\t\t\t<figcaption class=\"widget-image-caption wp-caption-text\">Epipal\u00e4olithisches Begr\u00e4bnis<\/figcaption>\n\t\t\t\t\t\t\t\t\t\t<\/figure>\n\t\t\t\t\t\t\t\t\t<\/div>\n\t\t\t\t<\/div>\n\t\t\t\t<div class=\"elementor-element elementor-element-ca8b41e elementor-widget elementor-widget-image\" data-id=\"ca8b41e\" data-element_type=\"widget\" data-e-type=\"widget\" data-widget_type=\"image.default\">\n\t\t\t\t<div class=\"elementor-widget-container\">\n\t\t\t\t\t\t\t\t\t\t\t\t<figure class=\"wp-caption\">\n\t\t\t\t\t\t\t\t\t\t<img loading=\"lazy\" decoding=\"async\" width=\"800\" height=\"533\" src=\"https:\/\/cuevadenerja.es\/wp-content\/uploads\/2023\/11\/Corte-arqueologico.jpg\" class=\"attachment-full size-full wp-image-17608\" alt=\"\" srcset=\"https:\/\/cuevadenerja.es\/wp-content\/uploads\/2023\/11\/Corte-arqueologico.jpg 800w, https:\/\/cuevadenerja.es\/wp-content\/uploads\/2023\/11\/Corte-arqueologico-300x200.jpg 300w, https:\/\/cuevadenerja.es\/wp-content\/uploads\/2023\/11\/Corte-arqueologico-768x512.jpg 768w\" sizes=\"(max-width: 800px) 100vw, 800px\" \/>\t\t\t\t\t\t\t\t\t\t\t<figcaption class=\"widget-image-caption wp-caption-text\">Arch\u00e4ologischer Schnitt<\/figcaption>\n\t\t\t\t\t\t\t\t\t\t<\/figure>\n\t\t\t\t\t\t\t\t\t<\/div>\n\t\t\t\t<\/div>\n\t\t\t\t<div class=\"elementor-element elementor-element-5d9c0a0 elementor-widget elementor-widget-image\" data-id=\"5d9c0a0\" data-element_type=\"widget\" data-e-type=\"widget\" data-widget_type=\"image.default\">\n\t\t\t\t<div class=\"elementor-widget-container\">\n\t\t\t\t\t\t\t\t\t\t\t\t<figure class=\"wp-caption\">\n\t\t\t\t\t\t\t\t\t\t<img loading=\"lazy\" decoding=\"async\" width=\"1800\" height=\"1200\" src=\"https:\/\/cuevadenerja.es\/wp-content\/uploads\/2023\/10\/Cazoletas-labradas.jpg\" class=\"attachment-full size-full wp-image-17602\" alt=\"\" srcset=\"https:\/\/cuevadenerja.es\/wp-content\/uploads\/2023\/10\/Cazoletas-labradas.jpg 1800w, https:\/\/cuevadenerja.es\/wp-content\/uploads\/2023\/10\/Cazoletas-labradas-300x200.jpg 300w, https:\/\/cuevadenerja.es\/wp-content\/uploads\/2023\/10\/Cazoletas-labradas-1024x683.jpg 1024w, https:\/\/cuevadenerja.es\/wp-content\/uploads\/2023\/10\/Cazoletas-labradas-768x512.jpg 768w, https:\/\/cuevadenerja.es\/wp-content\/uploads\/2023\/10\/Cazoletas-labradas-1536x1024.jpg 1536w\" sizes=\"(max-width: 1800px) 100vw, 1800px\" \/>\t\t\t\t\t\t\t\t\t\t\t<figcaption class=\"widget-image-caption wp-caption-text\">Eingearbeitete Sch\u00e4lchen<\/figcaption>\n\t\t\t\t\t\t\t\t\t\t<\/figure>\n\t\t\t\t\t\t\t\t\t<\/div>\n\t\t\t\t<\/div>\n\t\t\t\t<div class=\"elementor-element elementor-element-f5dc2aa elementor-widget elementor-widget-image\" data-id=\"f5dc2aa\" data-element_type=\"widget\" data-e-type=\"widget\" data-widget_type=\"image.default\">\n\t\t\t\t<div class=\"elementor-widget-container\">\n\t\t\t\t\t\t\t\t\t\t\t\t<figure class=\"wp-caption\">\n\t\t\t\t\t\t\t\t\t\t<img loading=\"lazy\" decoding=\"async\" width=\"1800\" height=\"1200\" src=\"https:\/\/cuevadenerja.es\/wp-content\/uploads\/2023\/10\/Punta-Gravetiense.jpg\" class=\"attachment-full size-full wp-image-17600\" alt=\"\" srcset=\"https:\/\/cuevadenerja.es\/wp-content\/uploads\/2023\/10\/Punta-Gravetiense.jpg 1800w, https:\/\/cuevadenerja.es\/wp-content\/uploads\/2023\/10\/Punta-Gravetiense-300x200.jpg 300w, https:\/\/cuevadenerja.es\/wp-content\/uploads\/2023\/10\/Punta-Gravetiense-1024x683.jpg 1024w, https:\/\/cuevadenerja.es\/wp-content\/uploads\/2023\/10\/Punta-Gravetiense-768x512.jpg 768w, https:\/\/cuevadenerja.es\/wp-content\/uploads\/2023\/10\/Punta-Gravetiense-1536x1024.jpg 1536w\" sizes=\"(max-width: 1800px) 100vw, 1800px\" \/>\t\t\t\t\t\t\t\t\t\t\t<figcaption class=\"widget-image-caption wp-caption-text\">Gravettien-Spitze<\/figcaption>\n\t\t\t\t\t\t\t\t\t\t<\/figure>\n\t\t\t\t\t\t\t\t\t<\/div>\n\t\t\t\t<\/div>\n\t\t\t\t\t<\/div>\n\t\t\t\t<\/div>\n\t\t\t\t<\/div>\n\t\t\t\t\t<\/div>\n\t\t\t\t<\/div>\n\t\t\t\t<\/div>\n\t\t","protected":false},"excerpt":{"rendered":"<p>Dein Online-Ticket zum besten Preis und vermeide Warteschlangen Eintrittskarten kaufen Werte der H\u00f6hle Arch\u00e4ologie Mit mehr als 40.000 Jahren Geschichte ist die H\u00f6hle von Nerja eine entscheidende arch\u00e4ologische St\u00e4tte in Europa, die eine vielf\u00e4ltige und kontinuierliche menschliche Nutzung aufzeigt. Vom Zufluchtsort in der oberen Altsteinzeit bis hin zum Zentrum f\u00fcr Bestattungs- und landwirtschaftliche Praktiken in [&hellip;]<\/p>\n","protected":false},"author":1,"featured_media":0,"parent":17138,"menu_order":0,"comment_status":"closed","ping_status":"closed","template":"","meta":{"inline_featured_image":false,"site-sidebar-layout":"no-sidebar","site-content-layout":"page-builder","ast-site-content-layout":"full-width-container","site-content-style":"default","site-sidebar-style":"default","ast-global-header-display":"","ast-banner-title-visibility":"","ast-main-header-display":"","ast-hfb-above-header-display":"","ast-hfb-below-header-display":"","ast-hfb-mobile-header-display":"","site-post-title":"disabled","ast-breadcrumbs-content":"","ast-featured-img":"disabled","footer-sml-layout":"","ast-disable-related-posts":"","theme-transparent-header-meta":"default","adv-header-id-meta":"","stick-header-meta":"default","header-above-stick-meta":"","header-main-stick-meta":"","header-below-stick-meta":"","astra-migrate-meta-layouts":"set","ast-page-background-enabled":"default","ast-page-background-meta":{"desktop":{"background-color":"var(--ast-global-color-4)","background-image":"","background-repeat":"repeat","background-position":"center center","background-size":"auto","background-attachment":"scroll","background-type":"","background-media":"","overlay-type":"","overlay-color":"","overlay-opacity":"","overlay-gradient":""},"tablet":{"background-color":"","background-image":"","background-repeat":"repeat","background-position":"center center","background-size":"auto","background-attachment":"scroll","background-type":"","background-media":"","overlay-type":"","overlay-color":"","overlay-opacity":"","overlay-gradient":""},"mobile":{"background-color":"","background-image":"","background-repeat":"repeat","background-position":"center center","background-size":"auto","background-attachment":"scroll","background-type":"","background-media":"","overlay-type":"","overlay-color":"","overlay-opacity":"","overlay-gradient":""}},"ast-content-background-meta":{"desktop":{"background-color":"var(--ast-global-color-5)","background-image":"","background-repeat":"repeat","background-position":"center center","background-size":"auto","background-attachment":"scroll","background-type":"","background-media":"","overlay-type":"","overlay-color":"","overlay-opacity":"","overlay-gradient":""},"tablet":{"background-color":"var(--ast-global-color-5)","background-image":"","background-repeat":"repeat","background-position":"center center","background-size":"auto","background-attachment":"scroll","background-type":"","background-media":"","overlay-type":"","overlay-color":"","overlay-opacity":"","overlay-gradient":""},"mobile":{"background-color":"var(--ast-global-color-5)","background-image":"","background-repeat":"repeat","background-position":"center center","background-size":"auto","background-attachment":"scroll","background-type":"","background-media":"","overlay-type":"","overlay-color":"","overlay-opacity":"","overlay-gradient":""}},"footnotes":""},"class_list":["post-17599","page","type-page","status-publish","hentry"],"_links":{"self":[{"href":"https:\/\/cuevadenerja.es\/de\/wp-json\/wp\/v2\/pages\/17599","targetHints":{"allow":["GET"]}}],"collection":[{"href":"https:\/\/cuevadenerja.es\/de\/wp-json\/wp\/v2\/pages"}],"about":[{"href":"https:\/\/cuevadenerja.es\/de\/wp-json\/wp\/v2\/types\/page"}],"author":[{"embeddable":true,"href":"https:\/\/cuevadenerja.es\/de\/wp-json\/wp\/v2\/users\/1"}],"replies":[{"embeddable":true,"href":"https:\/\/cuevadenerja.es\/de\/wp-json\/wp\/v2\/comments?post=17599"}],"version-history":[{"count":0,"href":"https:\/\/cuevadenerja.es\/de\/wp-json\/wp\/v2\/pages\/17599\/revisions"}],"up":[{"embeddable":true,"href":"https:\/\/cuevadenerja.es\/de\/wp-json\/wp\/v2\/pages\/17138"}],"wp:attachment":[{"href":"https:\/\/cuevadenerja.es\/de\/wp-json\/wp\/v2\/media?parent=17599"}],"curies":[{"name":"wp","href":"https:\/\/api.w.org\/{rel}","templated":true}]}}