{"id":17485,"date":"2023-10-23T14:31:09","date_gmt":"2023-10-23T12:31:09","guid":{"rendered":"https:\/\/cuevadenerja.es\/?page_id=17485"},"modified":"2024-02-23T09:03:43","modified_gmt":"2024-02-23T08:03:43","slug":"was-ist-das","status":"publish","type":"page","link":"https:\/\/cuevadenerja.es\/de\/was-ist-das\/","title":{"rendered":"Was ist das"},"content":{"rendered":"\t\t<div data-elementor-type=\"wp-page\" data-elementor-id=\"17485\" class=\"elementor elementor-17485 elementor-12488\" data-elementor-post-type=\"page\">\n\t\t\t\t<div class=\"elementor-element elementor-element-34c0db4 e-flex e-con-boxed e-con e-parent\" data-id=\"34c0db4\" data-element_type=\"container\" data-e-type=\"container\" data-settings=\"{&quot;background_background&quot;:&quot;classic&quot;}\">\n\t\t\t\t\t<div class=\"e-con-inner\">\n\t\t\t\t<div class=\"elementor-element elementor-element-6ed3e26 elementor-widget elementor-widget-text-editor\" data-id=\"6ed3e26\" data-element_type=\"widget\" data-e-type=\"widget\" data-widget_type=\"text-editor.default\">\n\t\t\t\t<div class=\"elementor-widget-container\">\n\t\t\t\t\t\t\t\t\t<div class=\"w-full text-token-text-primary\" data-testid=\"conversation-turn-5\"><div class=\"px-4 py-2 justify-center text-base md:gap-6 m-auto\"><div class=\"flex flex-1 text-base mx-auto gap-3 md:px-5 lg:px-1 xl:px-5 md:max-w-3xl lg:max-w-[40rem] xl:max-w-[48rem] group\"><div class=\"relative flex w-full flex-col agent-turn\"><div class=\"flex-col gap-1 md:gap-3\"><div class=\"flex flex-grow flex-col max-w-full\"><div class=\"min-h-[20px] text-message flex flex-col items-start gap-3 whitespace-pre-wrap break-words [.text-message+&amp;]:mt-5 overflow-x-auto\" data-message-author-role=\"assistant\" data-message-id=\"d0a69827-4e15-4a4a-aed0-3801a297ab99\"><div class=\"markdown prose w-full break-words dark:prose-invert light\"><p>Dein <strong>Online-Ticket<\/strong> zum besten Preis und vermeide Warteschlangen<\/p><\/div><\/div><\/div><\/div><\/div><\/div><\/div><\/div>\t\t\t\t\t\t\t\t<\/div>\n\t\t\t\t<\/div>\n\t\t\t\t<div class=\"elementor-element elementor-element-a832e7e elementor-widget elementor-widget-button\" data-id=\"a832e7e\" data-element_type=\"widget\" data-e-type=\"widget\" data-widget_type=\"button.default\">\n\t\t\t\t<div class=\"elementor-widget-container\">\n\t\t\t\t\t\t\t\t\t<div class=\"elementor-button-wrapper\">\n\t\t\t\t\t<a class=\"elementor-button elementor-button-link elementor-size-sm\" href=\"https:\/\/entradas.cuevadenerja.es\/\" target=\"_blank\">\n\t\t\t\t\t\t<span class=\"elementor-button-content-wrapper\">\n\t\t\t\t\t\t<span class=\"elementor-button-icon\">\n\t\t\t\t<svg aria-hidden=\"true\" class=\"e-font-icon-svg e-fas-ticket-alt\" viewBox=\"0 0 576 512\" xmlns=\"http:\/\/www.w3.org\/2000\/svg\"><path d=\"M128 160h320v192H128V160zm400 96c0 26.51 21.49 48 48 48v96c0 26.51-21.49 48-48 48H48c-26.51 0-48-21.49-48-48v-96c26.51 0 48-21.49 48-48s-21.49-48-48-48v-96c0-26.51 21.49-48 48-48h480c26.51 0 48 21.49 48 48v96c-26.51 0-48 21.49-48 48zm-48-104c0-13.255-10.745-24-24-24H120c-13.255 0-24 10.745-24 24v208c0 13.255 10.745 24 24 24h336c13.255 0 24-10.745 24-24V152z\"><\/path><\/svg>\t\t\t<\/span>\n\t\t\t\t\t\t\t\t\t<span class=\"elementor-button-text\">Eintrittskarten kaufen<\/span>\n\t\t\t\t\t<\/span>\n\t\t\t\t\t<\/a>\n\t\t\t\t<\/div>\n\t\t\t\t\t\t\t\t<\/div>\n\t\t\t\t<\/div>\n\t\t\t\t\t<\/div>\n\t\t\t\t<\/div>\n\t\t<div data-dce-background-overlay-image-url=\"https:\/\/cuevadenerja.es\/wp-content\/uploads\/2023\/06\/Conservar-la-cueva.jpg\" class=\"elementor-element elementor-element-14189fc e-flex e-con-boxed e-con e-parent\" data-id=\"14189fc\" data-element_type=\"container\" data-e-type=\"container\" data-settings=\"{&quot;background_background&quot;:&quot;classic&quot;}\">\n\t\t\t\t\t<div class=\"e-con-inner\">\n\t\t<div class=\"elementor-element elementor-element-e008c73 e-con-full e-flex e-con e-child\" data-id=\"e008c73\" data-element_type=\"container\" data-e-type=\"container\">\n\t\t\t\t<div class=\"elementor-element elementor-element-f295300 elementor-widget elementor-widget-text-editor\" data-id=\"f295300\" data-element_type=\"widget\" data-e-type=\"widget\" data-widget_type=\"text-editor.default\">\n\t\t\t\t<div class=\"elementor-widget-container\">\n\t\t\t\t\t\t\t\t\t<p>STIFTUNG<\/p>\t\t\t\t\t\t\t\t<\/div>\n\t\t\t\t<\/div>\n\t\t\t\t<div class=\"elementor-element elementor-element-3e8d005 elementor-widget elementor-widget-heading\" data-id=\"3e8d005\" data-element_type=\"widget\" data-e-type=\"widget\" data-widget_type=\"heading.default\">\n\t\t\t\t<div class=\"elementor-widget-container\">\n\t\t\t\t\t<h1 class=\"elementor-heading-title elementor-size-default\">\u00d6FFENTLICHE STIFTUNG F\u00dcR DIENSTLEISTUNGEN H\u00d6HLE VON NERJA\n\n<\/h1>\t\t\t\t<\/div>\n\t\t\t\t<\/div>\n\t\t\t\t<div class=\"elementor-element elementor-element-5a244f2 elementor-widget elementor-widget-text-editor\" data-id=\"5a244f2\" data-element_type=\"widget\" data-e-type=\"widget\" data-widget_type=\"text-editor.default\">\n\t\t\t\t<div class=\"elementor-widget-container\">\n\t\t\t\t\t\t\t\t\t<p>Unter der Bezeichnung &#8222;\u00d6ffentliche Stiftung f\u00fcr Dienstleistungen H\u00f6hle von Nerja&#8220; wurde eine Organisation mit Stiftungscharakter und gemeinn\u00fctzigem Zweck gegr\u00fcndet, deren Verm\u00f6gen dauerhaft f\u00fcr die Verwirklichung der institutionseigenen allgemeinen Interessen bestimmt ist.<\/p>\t\t\t\t\t\t\t\t<\/div>\n\t\t\t\t<\/div>\n\t\t\t\t<\/div>\n\t\t\t\t\t<\/div>\n\t\t\t\t<\/div>\n\t\t<div class=\"elementor-element elementor-element-f82c668 e-con-full e-flex e-con e-parent\" data-id=\"f82c668\" data-element_type=\"container\" data-e-type=\"container\" data-settings=\"{&quot;background_background&quot;:&quot;classic&quot;}\">\n\t\t<div class=\"elementor-element elementor-element-f4e038a e-con-full e-flex e-con e-child\" data-id=\"f4e038a\" data-element_type=\"container\" data-e-type=\"container\" data-settings=\"{&quot;background_background&quot;:&quot;classic&quot;}\">\n\t\t\t\t<div class=\"elementor-element elementor-element-d72eddb elementor-widget elementor-widget-heading\" data-id=\"d72eddb\" data-element_type=\"widget\" data-e-type=\"widget\" data-widget_type=\"heading.default\">\n\t\t\t\t<div class=\"elementor-widget-container\">\n\t\t\t\t\t<h2 class=\"elementor-heading-title elementor-size-default\">Stiftung H\u00f6hle von Nerja \nStiftung H\u00f6hle von Nerja Stiftung H\u00f6hle von Nerja Stiftung H\u00f6hle von Nerja Stiftung H\u00f6hle von Nerja Stiftung H\u00f6hle von Nerja Stiftung H\u00f6hle von Nerja Stiftung H\u00f6hle von Nerja Stiftung H\u00f6hle von Nerja Stiftung H\u00f6hle von Nerja Stiftung H\u00f6hle von Nerja Stiftung H\u00f6hle von Nerja Stiftung H\u00f6hle von Nerja Stiftung H\u00f6hle von Nerja Stiftung H\u00f6hle von Nerja Stiftung H\u00f6hle von Nerja Stiftung H\u00f6hle von Nerja Stiftung H\u00f6hle von Nerja Stiftung H\u00f6hle von Nerja Stiftung H\u00f6hle von Nerja Stiftung H\u00f6hle von Nerja Stiftung H\u00f6hle von Nerja Stiftung H\u00f6hle von Nerja Stiftung H\u00f6hle von Nerja Stiftung H\u00f6hle von Nerja Stiftung H\u00f6hle von Nerja Stiftung H\u00f6hle von Nerja Stiftung H\u00f6hle von Nerja Stiftung H\u00f6hle von Nerja Stiftung H\u00f6hle von Nerja Stiftung H\u00f6hle von Nerja Stiftung H\u00f6hle von Nerja Stiftung H\u00f6hle von Nerja Stiftung H\u00f6hle von Nerja Stiftung H\u00f6hle von Nerja Stiftung H\u00f6hle von Nerja <\/h2>\t\t\t\t<\/div>\n\t\t\t\t<\/div>\n\t\t\t\t<\/div>\n\t\t\t\t<\/div>\n\t\t<div class=\"elementor-element elementor-element-d67151a e-flex e-con-boxed e-con e-parent\" data-id=\"d67151a\" data-element_type=\"container\" data-e-type=\"container\" data-settings=\"{&quot;background_background&quot;:&quot;classic&quot;}\">\n\t\t\t\t\t<div class=\"e-con-inner\">\n\t\t<div class=\"elementor-element elementor-element-a4561b4 e-con-full e-flex e-con e-child\" data-id=\"a4561b4\" data-element_type=\"container\" data-e-type=\"container\">\n\t\t\t\t<div class=\"elementor-element elementor-element-8d0301f elementor-widget elementor-widget-text-editor\" data-id=\"8d0301f\" data-element_type=\"widget\" data-e-type=\"widget\" data-widget_type=\"text-editor.default\">\n\t\t\t\t<div class=\"elementor-widget-container\">\n\t\t\t\t\t\t\t\t\t<h3><span style=\"color: #b7916c;\"><strong>Ziele der Stiftung H\u00f6hle von Nerja<\/strong><\/span><\/h3>\nDas Ziel der Stiftung ist die ganzheitliche Verwaltung, Erhaltung und rationale Nutzung der H\u00f6hle von Nerja und der zugeh\u00f6rigen Grundst\u00fccke, haupts\u00e4chlich zu touristischen Zwecken, ihre geologische und arch\u00e4ologische Erforschung, sowie die kulturelle und soziale F\u00f6rderung, insbesondere in der Gemeinde Nerja. Zus\u00e4tzlich umfasst es die ganzheitliche Verwaltung, Erhaltung und Nutzung des Museums von Nerja, das Eigentum dieser Einrichtung ist.\n<h3><span style=\"color: #b7916c;\"><strong>Verwaltung der Stiftung H\u00f6hle von Nerja<\/strong><\/span><\/h3>\nDie Gr\u00fcndungsinstitutionen der \u00d6ffentlichen Stiftung f\u00fcr Dienstleistungen H\u00f6hle von Nerja sind: die Unterpr\u00e4fektur der Regierung in M\u00e1laga, die Stadtverwaltung von Nerja und die Provinzialverwaltung von M\u00e1laga.\nDer Vorstand ist das Leitungs-, Vertretungs- und Verwaltungsorgan der \u00d6ffentlichen Stiftung f\u00fcr Dienstleistungen H\u00f6hle von Nerja.\n\nDieser Vorstand setzt sich aus 21 Mitgliedern zusammen, zuz\u00fcglich eines Sekret\u00e4rs, der kein Vorstandsmitglied ist und als Staatsanwalt durch eine Kooperationsvereinbarung mit der Einrichtung fungiert.\n\nDie 21 Mitglieder sind:\n\n<ul>\n \t<li>Unterpr\u00e4fekt der Regierung in M\u00e1laga, der den Vorsitz f\u00fchrt.<\/li>\n \t<li>B\u00fcrgermeister-Pr\u00e4sident der Stadtverwaltung von Nerja, der die erste Vizepr\u00e4sidentschaft innehat.<\/li>\n \t<li>Pr\u00e4sident der Provinzialverwaltung von M\u00e1laga, dem die zweite Vizepr\u00e4sidentschaft zukommt.<\/li>\n \t<li>Regierungsdelegierter der Junta de Andaluc\u00eda in M\u00e1laga.<\/li>\n \t<li>Ein Vertreter der Kulturdelegation in M\u00e1laga der Junta de Andaluc\u00eda.<\/li>\n \t<li>Ein Vertreter der Tourismusdelegation in M\u00e1laga der Junta de Andaluc\u00eda.<\/li>\n \t<li>Der Stadtrat f\u00fcr Tourismus der Stadtverwaltung von Nerja.<\/li>\n \t<li>Der B\u00fcrgermeister von Maro.<\/li>\n \t<li>Ein Vertreter der Akademie der Sch\u00f6nen K\u00fcnste von San Telmo.<\/li>\n \t<li>Ein Vertreter der Universit\u00e4t von M\u00e1laga.<\/li>\n \t<li>Der Gesch\u00e4ftsf\u00fchrer der H\u00f6hle von Nerja.<\/li>\n \t<li>Der Konservator der H\u00f6hle von Nerja.<\/li>\n \t<li>Der Rechnungspr\u00fcfer.<\/li>\n \t<li>Au\u00dferdem obliegt es dem Leiter jeder der Gr\u00fcndungsinstitutionen &#8211; d.h. dem Unterpr\u00e4fekten der Regierung in M\u00e1laga, dem B\u00fcrgermeister-Pr\u00e4sidenten der Stadtverwaltung von Nerja und dem Pr\u00e4sidenten der Provinzialverwaltung von M\u00e1laga &#8211; zwei Vorstandsmitglieder zu ernennen, die die Eigenschaft als gew\u00e4hlte Mitglieder haben.<\/li>\n<\/ul>\t\t\t\t\t\t\t\t<\/div>\n\t\t\t\t<\/div>\n\t\t<div class=\"elementor-element elementor-element-404290d e-grid e-con-boxed e-con e-child\" data-id=\"404290d\" data-element_type=\"container\" data-e-type=\"container\">\n\t\t\t\t\t<div class=\"e-con-inner\">\n\t\t\t\t<div class=\"elementor-element elementor-element-467a2da elementor-widget elementor-widget-image\" data-id=\"467a2da\" data-element_type=\"widget\" data-e-type=\"widget\" data-widget_type=\"image.default\">\n\t\t\t\t<div class=\"elementor-widget-container\">\n\t\t\t\t\t\t\t\t\t\t\t\t\t\t\t<img fetchpriority=\"high\" decoding=\"async\" width=\"1024\" height=\"678\" src=\"https:\/\/cuevadenerja.es\/wp-content\/uploads\/2023\/11\/Entrada-actual-cueva-1-1024x678.jpg\" class=\"attachment-large size-large wp-image-17486\" alt=\"\" srcset=\"https:\/\/cuevadenerja.es\/wp-content\/uploads\/2023\/11\/Entrada-actual-cueva-1-1024x678.jpg 1024w, https:\/\/cuevadenerja.es\/wp-content\/uploads\/2023\/11\/Entrada-actual-cueva-1-300x199.jpg 300w, https:\/\/cuevadenerja.es\/wp-content\/uploads\/2023\/11\/Entrada-actual-cueva-1-768x509.jpg 768w, https:\/\/cuevadenerja.es\/wp-content\/uploads\/2023\/11\/Entrada-actual-cueva-1-1536x1018.jpg 1536w, https:\/\/cuevadenerja.es\/wp-content\/uploads\/2023\/11\/Entrada-actual-cueva-1.jpg 1600w\" sizes=\"(max-width: 1024px) 100vw, 1024px\" \/>\t\t\t\t\t\t\t\t\t\t\t\t\t\t\t<\/div>\n\t\t\t\t<\/div>\n\t\t\t\t<div class=\"elementor-element elementor-element-eddfa2e elementor-widget elementor-widget-image\" data-id=\"eddfa2e\" data-element_type=\"widget\" data-e-type=\"widget\" data-widget_type=\"image.default\">\n\t\t\t\t<div class=\"elementor-widget-container\">\n\t\t\t\t\t\t\t\t\t\t\t\t\t\t\t<img decoding=\"async\" width=\"1024\" height=\"678\" src=\"https:\/\/cuevadenerja.es\/wp-content\/uploads\/2023\/11\/Cueva-Nerja-1024x678.jpg\" class=\"attachment-large size-large wp-image-17487\" alt=\"\" srcset=\"https:\/\/cuevadenerja.es\/wp-content\/uploads\/2023\/11\/Cueva-Nerja-1024x678.jpg 1024w, https:\/\/cuevadenerja.es\/wp-content\/uploads\/2023\/11\/Cueva-Nerja-300x199.jpg 300w, https:\/\/cuevadenerja.es\/wp-content\/uploads\/2023\/11\/Cueva-Nerja-768x509.jpg 768w, https:\/\/cuevadenerja.es\/wp-content\/uploads\/2023\/11\/Cueva-Nerja-1536x1018.jpg 1536w, https:\/\/cuevadenerja.es\/wp-content\/uploads\/2023\/11\/Cueva-Nerja.jpg 1600w\" sizes=\"(max-width: 1024px) 100vw, 1024px\" \/>\t\t\t\t\t\t\t\t\t\t\t\t\t\t\t<\/div>\n\t\t\t\t<\/div>\n\t\t\t\t\t<\/div>\n\t\t\t\t<\/div>\n\t\t\t\t<\/div>\n\t\t\t\t\t<\/div>\n\t\t\t\t<\/div>\n\t\t\t\t<\/div>\n\t\t","protected":false},"excerpt":{"rendered":"<p>Dein Online-Ticket zum besten Preis und vermeide Warteschlangen Eintrittskarten kaufen STIFTUNG \u00d6FFENTLICHE STIFTUNG F\u00dcR DIENSTLEISTUNGEN H\u00d6HLE VON NERJA Unter der Bezeichnung &#8222;\u00d6ffentliche Stiftung f\u00fcr Dienstleistungen H\u00f6hle von Nerja&#8220; wurde eine Organisation mit Stiftungscharakter und gemeinn\u00fctzigem Zweck gegr\u00fcndet, deren Verm\u00f6gen dauerhaft f\u00fcr die Verwirklichung der institutionseigenen allgemeinen Interessen bestimmt ist. Stiftung H\u00f6hle von Nerja Stiftung H\u00f6hle [&hellip;]<\/p>\n","protected":false},"author":1,"featured_media":0,"parent":0,"menu_order":0,"comment_status":"closed","ping_status":"closed","template":"","meta":{"inline_featured_image":false,"site-sidebar-layout":"no-sidebar","site-content-layout":"page-builder","ast-site-content-layout":"full-width-container","site-content-style":"default","site-sidebar-style":"default","ast-global-header-display":"","ast-banner-title-visibility":"","ast-main-header-display":"","ast-hfb-above-header-display":"","ast-hfb-below-header-display":"","ast-hfb-mobile-header-display":"","site-post-title":"disabled","ast-breadcrumbs-content":"","ast-featured-img":"disabled","footer-sml-layout":"","ast-disable-related-posts":"","theme-transparent-header-meta":"default","adv-header-id-meta":"","stick-header-meta":"default","header-above-stick-meta":"","header-main-stick-meta":"","header-below-stick-meta":"","astra-migrate-meta-layouts":"set","ast-page-background-enabled":"default","ast-page-background-meta":{"desktop":{"background-color":"var(--ast-global-color-4)","background-image":"","background-repeat":"repeat","background-position":"center center","background-size":"auto","background-attachment":"scroll","background-type":"","background-media":"","overlay-type":"","overlay-color":"","overlay-opacity":"","overlay-gradient":""},"tablet":{"background-color":"","background-image":"","background-repeat":"repeat","background-position":"center center","background-size":"auto","background-attachment":"scroll","background-type":"","background-media":"","overlay-type":"","overlay-color":"","overlay-opacity":"","overlay-gradient":""},"mobile":{"background-color":"","background-image":"","background-repeat":"repeat","background-position":"center center","background-size":"auto","background-attachment":"scroll","background-type":"","background-media":"","overlay-type":"","overlay-color":"","overlay-opacity":"","overlay-gradient":""}},"ast-content-background-meta":{"desktop":{"background-color":"var(--ast-global-color-5)","background-image":"","background-repeat":"repeat","background-position":"center center","background-size":"auto","background-attachment":"scroll","background-type":"","background-media":"","overlay-type":"","overlay-color":"","overlay-opacity":"","overlay-gradient":""},"tablet":{"background-color":"var(--ast-global-color-5)","background-image":"","background-repeat":"repeat","background-position":"center center","background-size":"auto","background-attachment":"scroll","background-type":"","background-media":"","overlay-type":"","overlay-color":"","overlay-opacity":"","overlay-gradient":""},"mobile":{"background-color":"var(--ast-global-color-5)","background-image":"","background-repeat":"repeat","background-position":"center center","background-size":"auto","background-attachment":"scroll","background-type":"","background-media":"","overlay-type":"","overlay-color":"","overlay-opacity":"","overlay-gradient":""}},"footnotes":""},"class_list":["post-17485","page","type-page","status-publish","hentry"],"_links":{"self":[{"href":"https:\/\/cuevadenerja.es\/de\/wp-json\/wp\/v2\/pages\/17485","targetHints":{"allow":["GET"]}}],"collection":[{"href":"https:\/\/cuevadenerja.es\/de\/wp-json\/wp\/v2\/pages"}],"about":[{"href":"https:\/\/cuevadenerja.es\/de\/wp-json\/wp\/v2\/types\/page"}],"author":[{"embeddable":true,"href":"https:\/\/cuevadenerja.es\/de\/wp-json\/wp\/v2\/users\/1"}],"replies":[{"embeddable":true,"href":"https:\/\/cuevadenerja.es\/de\/wp-json\/wp\/v2\/comments?post=17485"}],"version-history":[{"count":0,"href":"https:\/\/cuevadenerja.es\/de\/wp-json\/wp\/v2\/pages\/17485\/revisions"}],"wp:attachment":[{"href":"https:\/\/cuevadenerja.es\/de\/wp-json\/wp\/v2\/media?parent=17485"}],"curies":[{"name":"wp","href":"https:\/\/api.w.org\/{rel}","templated":true}]}}