{"id":17418,"date":"2023-06-26T10:51:53","date_gmt":"2023-06-26T08:51:53","guid":{"rendered":"https:\/\/cuevadenerja.es\/?page_id=17418"},"modified":"2024-02-22T14:16:47","modified_gmt":"2024-02-22T13:16:47","slug":"erhaltung","status":"publish","type":"page","link":"https:\/\/cuevadenerja.es\/de\/institut\/erhaltung\/","title":{"rendered":"Erhaltung"},"content":{"rendered":"\t\t<div data-elementor-type=\"wp-page\" data-elementor-id=\"17418\" class=\"elementor elementor-17418 elementor-61\" data-elementor-post-type=\"page\">\n\t\t\t\t<div class=\"elementor-element elementor-element-de3935b e-flex e-con-boxed e-con e-parent\" data-id=\"de3935b\" data-element_type=\"container\" data-e-type=\"container\" data-settings=\"{&quot;background_background&quot;:&quot;classic&quot;}\">\n\t\t\t\t\t<div class=\"e-con-inner\">\n\t\t\t\t<div class=\"elementor-element elementor-element-c243c59 elementor-widget elementor-widget-text-editor\" data-id=\"c243c59\" data-element_type=\"widget\" data-e-type=\"widget\" data-widget_type=\"text-editor.default\">\n\t\t\t\t<div class=\"elementor-widget-container\">\n\t\t\t\t\t\t\t\t\t<div class=\"w-full text-token-text-primary\" data-testid=\"conversation-turn-5\"><div class=\"px-4 py-2 justify-center text-base md:gap-6 m-auto\"><div class=\"flex flex-1 text-base mx-auto gap-3 md:px-5 lg:px-1 xl:px-5 md:max-w-3xl lg:max-w-[40rem] xl:max-w-[48rem] group\"><div class=\"relative flex w-full flex-col agent-turn\"><div class=\"flex-col gap-1 md:gap-3\"><div class=\"flex flex-grow flex-col max-w-full\"><div class=\"min-h-[20px] text-message flex flex-col items-start gap-3 whitespace-pre-wrap break-words [.text-message+&amp;]:mt-5 overflow-x-auto\" data-message-author-role=\"assistant\" data-message-id=\"d0a69827-4e15-4a4a-aed0-3801a297ab99\"><div class=\"markdown prose w-full break-words dark:prose-invert light\"><p>Dein <strong>Online-Ticket<\/strong> zum besten Preis und vermeide Warteschlangen<\/p><\/div><\/div><\/div><\/div><\/div><\/div><\/div><\/div>\t\t\t\t\t\t\t\t<\/div>\n\t\t\t\t<\/div>\n\t\t\t\t<div class=\"elementor-element elementor-element-2621547 elementor-widget elementor-widget-button\" data-id=\"2621547\" data-element_type=\"widget\" data-e-type=\"widget\" data-widget_type=\"button.default\">\n\t\t\t\t<div class=\"elementor-widget-container\">\n\t\t\t\t\t\t\t\t\t<div class=\"elementor-button-wrapper\">\n\t\t\t\t\t<a class=\"elementor-button elementor-button-link elementor-size-sm\" href=\"https:\/\/entradas.cuevadenerja.es\/\" target=\"_blank\">\n\t\t\t\t\t\t<span class=\"elementor-button-content-wrapper\">\n\t\t\t\t\t\t<span class=\"elementor-button-icon\">\n\t\t\t\t<svg aria-hidden=\"true\" class=\"e-font-icon-svg e-fas-ticket-alt\" viewBox=\"0 0 576 512\" xmlns=\"http:\/\/www.w3.org\/2000\/svg\"><path d=\"M128 160h320v192H128V160zm400 96c0 26.51 21.49 48 48 48v96c0 26.51-21.49 48-48 48H48c-26.51 0-48-21.49-48-48v-96c26.51 0 48-21.49 48-48s-21.49-48-48-48v-96c0-26.51 21.49-48 48-48h480c26.51 0 48 21.49 48 48v96c-26.51 0-48 21.49-48 48zm-48-104c0-13.255-10.745-24-24-24H120c-13.255 0-24 10.745-24 24v208c0 13.255 10.745 24 24 24h336c13.255 0 24-10.745 24-24V152z\"><\/path><\/svg>\t\t\t<\/span>\n\t\t\t\t\t\t\t\t\t<span class=\"elementor-button-text\">Eintrittskarten kaufen<\/span>\n\t\t\t\t\t<\/span>\n\t\t\t\t\t<\/a>\n\t\t\t\t<\/div>\n\t\t\t\t\t\t\t\t<\/div>\n\t\t\t\t<\/div>\n\t\t\t\t\t<\/div>\n\t\t\t\t<\/div>\n\t\t<div data-dce-background-overlay-image-url=\"https:\/\/cuevadenerja.es\/wp-content\/uploads\/2023\/06\/Conservar-la-cueva.jpg\" class=\"elementor-element elementor-element-24b64f2 e-flex e-con-boxed e-con e-parent\" data-id=\"24b64f2\" data-element_type=\"container\" data-e-type=\"container\" data-settings=\"{&quot;background_background&quot;:&quot;classic&quot;}\">\n\t\t\t\t\t<div class=\"e-con-inner\">\n\t\t<div class=\"elementor-element elementor-element-c15b90d e-con-full e-flex e-con e-child\" data-id=\"c15b90d\" data-element_type=\"container\" data-e-type=\"container\">\n\t\t\t\t<div class=\"elementor-element elementor-element-7afc0d3 elementor-widget elementor-widget-text-editor\" data-id=\"7afc0d3\" data-element_type=\"widget\" data-e-type=\"widget\" data-widget_type=\"text-editor.default\">\n\t\t\t\t<div class=\"elementor-widget-container\">\n\t\t\t\t\t\t\t\t\t<p>Forschungsinstitut<\/p>\t\t\t\t\t\t\t\t<\/div>\n\t\t\t\t<\/div>\n\t\t\t\t<div class=\"elementor-element elementor-element-2835c12 elementor-widget elementor-widget-heading\" data-id=\"2835c12\" data-element_type=\"widget\" data-e-type=\"widget\" data-widget_type=\"heading.default\">\n\t\t\t\t<div class=\"elementor-widget-container\">\n\t\t\t\t\t<h1 class=\"elementor-heading-title elementor-size-default\">Erhaltung<\/h1>\t\t\t\t<\/div>\n\t\t\t\t<\/div>\n\t\t\t\t<div class=\"elementor-element elementor-element-82e0a1a elementor-widget elementor-widget-text-editor\" data-id=\"82e0a1a\" data-element_type=\"widget\" data-e-type=\"widget\" data-widget_type=\"text-editor.default\">\n\t\t\t\t<div class=\"elementor-widget-container\">\n\t\t\t\t\t\t\t\t\t<p>Das <strong>Forschungsinstitut<\/strong> hat als vorrangiges Ziel, die touristische Aktivit\u00e4t der H\u00f6hle mit ihrer angemessenen Erhaltung zu vereinbaren, wobei Forschung und Verbreitung als Werkzeuge genutzt werden.<\/p>\t\t\t\t\t\t\t\t<\/div>\n\t\t\t\t<\/div>\n\t\t\t\t<\/div>\n\t\t\t\t\t<\/div>\n\t\t\t\t<\/div>\n\t\t<div class=\"elementor-element elementor-element-08bb1d3 e-flex e-con-boxed e-con e-parent\" data-id=\"08bb1d3\" data-element_type=\"container\" data-e-type=\"container\" data-settings=\"{&quot;background_background&quot;:&quot;classic&quot;}\">\n\t\t\t\t\t<div class=\"e-con-inner\">\n\t\t<div class=\"elementor-element elementor-element-007f443 e-con-full e-flex e-con e-child\" data-id=\"007f443\" data-element_type=\"container\" data-e-type=\"container\">\n\t\t\t\t<div class=\"elementor-element elementor-element-43abcc9 elementor-widget elementor-widget-heading\" data-id=\"43abcc9\" data-element_type=\"widget\" data-e-type=\"widget\" data-widget_type=\"heading.default\">\n\t\t\t\t<div class=\"elementor-widget-container\">\n\t\t\t\t\t<h2 class=\"elementor-heading-title elementor-size-default\">Eine H\u00f6hle erhalten?\n\n\n<\/h2>\t\t\t\t<\/div>\n\t\t\t\t<\/div>\n\t\t\t\t<div class=\"elementor-element elementor-element-7606d46 elementor-widget elementor-widget-text-editor\" data-id=\"7606d46\" data-element_type=\"widget\" data-e-type=\"widget\" data-widget_type=\"text-editor.default\">\n\t\t\t\t<div class=\"elementor-widget-container\">\n\t\t\t\t\t\t\t\t\t<p>Eine H\u00f6hle mit einem immensen kulturellen und nat\u00fcrlichen Erbe, die im Laufe eines Jahres von mehr als 400.000 Personen besucht wird, zu erhalten, ist keine leichte Aufgabe und erfordert erheblichen materiellen und menschlichen Aufwand. Die Stiftung Cueva de Nerja hat sich f\u00fcr ein Management entschieden, das auf wissenschaftlicher Forschung und der Verbreitung ihrer Ergebnisse basiert, mit dem Ziel, den touristischen Besuch und die korrekte Erhaltung ihres au\u00dfergew\u00f6hnlichen Kulturschatzes zu vereinbaren, der die Geschichte der Erde und unserer Vorfahren birgt. So ist der Genuss der Cueva de Nerja durch unsere Gesellschaft ein Privileg, und sie f\u00fcr zuk\u00fcnftige Generationen zu erhalten, eine verpflichtende Aufgabe, die wir alle gemeinsam entwickeln m\u00fcssen.<\/p><p><strong>Was wird getan, um die Cueva de Nerja zu erhalten?<\/strong> Das ist die Frage, die oft von Personen gestellt wird, die an den Arbeiten des Forschungsinstituts Cueva de Nerja interessiert sind. Wir betrachten dies nicht als eine belanglose Frage und sind uns bewusst, dass ihre Antwort, gef\u00fcllt mit Biofilmen, Umweltparametern oder stratigraphischen Niveaus, erm\u00fcdend und sogar unverst\u00e4ndlich f\u00fcr Personen sein kann, die nicht mit der Welt der wissenschaftlichen Forschung verbunden sind. Um diese Situation zu vermeiden und eine angemessene Erkl\u00e4rung zu bieten, ziehen wir den Vergleich zwischen der Nutzung der Cueva de Nerja als touristische Ressource und einer allt\u00e4glichen Aktivit\u00e4t vieler Menschen, dem Sport. Der K\u00f6rper eines Spitzensportlers wird bei jedem Wettbewerb, an dem er teilnimmt, \u00fcberbeansprucht. Ohne Kontrolle \u00fcber diesen erhaltenen Schaden w\u00fcrde sein K\u00f6rper wahrscheinlich irreversibel nachgeben. Daher ist es logisch, dass sowohl die Anstrengung als auch die anschlie\u00dfende Erholung ein medizinisches Team erfordern, das die Gesundheit des Sportlers gew\u00e4hrleistet und ihn auf zuk\u00fcnftige Ereignisse vorbereitet. So ist unser Spitzensportler die Cueva de Nerja, ein \u201elebendiges\u201c Wesen, kein inertes Objekt, das t\u00e4glich einer menschlichen Auswirkung ausgesetzt ist, die vom Forschungsinstitut kontrolliert werden muss, um seine Erholung und somit seine angemessene Erhaltung zu gew\u00e4hrleisten.<\/p>\t\t\t\t\t\t\t\t<\/div>\n\t\t\t\t<\/div>\n\t\t\t\t<\/div>\n\t\t\t\t\t<\/div>\n\t\t\t\t<\/div>\n\t\t\t\t<\/div>\n\t\t","protected":false},"excerpt":{"rendered":"<p>Dein Online-Ticket zum besten Preis und vermeide Warteschlangen Eintrittskarten kaufen Forschungsinstitut Erhaltung Das Forschungsinstitut hat als vorrangiges Ziel, die touristische Aktivit\u00e4t der H\u00f6hle mit ihrer angemessenen Erhaltung zu vereinbaren, wobei Forschung und Verbreitung als Werkzeuge genutzt werden. Eine H\u00f6hle erhalten? Eine H\u00f6hle mit einem immensen kulturellen und nat\u00fcrlichen Erbe, die im Laufe eines Jahres von [&hellip;]<\/p>\n","protected":false},"author":1,"featured_media":0,"parent":17397,"menu_order":0,"comment_status":"closed","ping_status":"closed","template":"","meta":{"inline_featured_image":false,"site-sidebar-layout":"no-sidebar","site-content-layout":"page-builder","ast-site-content-layout":"full-width-container","site-content-style":"unboxed","site-sidebar-style":"unboxed","ast-global-header-display":"","ast-banner-title-visibility":"","ast-main-header-display":"","ast-hfb-above-header-display":"","ast-hfb-below-header-display":"","ast-hfb-mobile-header-display":"","site-post-title":"disabled","ast-breadcrumbs-content":"","ast-featured-img":"disabled","footer-sml-layout":"","ast-disable-related-posts":"","theme-transparent-header-meta":"default","adv-header-id-meta":"","stick-header-meta":"default","header-above-stick-meta":"","header-main-stick-meta":"","header-below-stick-meta":"","astra-migrate-meta-layouts":"set","ast-page-background-enabled":"default","ast-page-background-meta":{"desktop":{"background-color":"var(--ast-global-color-4)","background-image":"","background-repeat":"repeat","background-position":"center center","background-size":"auto","background-attachment":"scroll","background-type":"","background-media":"","overlay-type":"","overlay-color":"","overlay-opacity":"","overlay-gradient":""},"tablet":{"background-color":"","background-image":"","background-repeat":"repeat","background-position":"center center","background-size":"auto","background-attachment":"scroll","background-type":"","background-media":"","overlay-type":"","overlay-color":"","overlay-opacity":"","overlay-gradient":""},"mobile":{"background-color":"","background-image":"","background-repeat":"repeat","background-position":"center center","background-size":"auto","background-attachment":"scroll","background-type":"","background-media":"","overlay-type":"","overlay-color":"","overlay-opacity":"","overlay-gradient":""}},"ast-content-background-meta":{"desktop":{"background-color":"var(--ast-global-color-5)","background-image":"","background-repeat":"repeat","background-position":"center center","background-size":"auto","background-attachment":"scroll","background-type":"","background-media":"","overlay-type":"","overlay-color":"","overlay-opacity":"","overlay-gradient":""},"tablet":{"background-color":"var(--ast-global-color-5)","background-image":"","background-repeat":"repeat","background-position":"center center","background-size":"auto","background-attachment":"scroll","background-type":"","background-media":"","overlay-type":"","overlay-color":"","overlay-opacity":"","overlay-gradient":""},"mobile":{"background-color":"var(--ast-global-color-5)","background-image":"","background-repeat":"repeat","background-position":"center center","background-size":"auto","background-attachment":"scroll","background-type":"","background-media":"","overlay-type":"","overlay-color":"","overlay-opacity":"","overlay-gradient":""}},"footnotes":""},"class_list":["post-17418","page","type-page","status-publish","hentry"],"_links":{"self":[{"href":"https:\/\/cuevadenerja.es\/de\/wp-json\/wp\/v2\/pages\/17418","targetHints":{"allow":["GET"]}}],"collection":[{"href":"https:\/\/cuevadenerja.es\/de\/wp-json\/wp\/v2\/pages"}],"about":[{"href":"https:\/\/cuevadenerja.es\/de\/wp-json\/wp\/v2\/types\/page"}],"author":[{"embeddable":true,"href":"https:\/\/cuevadenerja.es\/de\/wp-json\/wp\/v2\/users\/1"}],"replies":[{"embeddable":true,"href":"https:\/\/cuevadenerja.es\/de\/wp-json\/wp\/v2\/comments?post=17418"}],"version-history":[{"count":0,"href":"https:\/\/cuevadenerja.es\/de\/wp-json\/wp\/v2\/pages\/17418\/revisions"}],"up":[{"embeddable":true,"href":"https:\/\/cuevadenerja.es\/de\/wp-json\/wp\/v2\/pages\/17397"}],"wp:attachment":[{"href":"https:\/\/cuevadenerja.es\/de\/wp-json\/wp\/v2\/media?parent=17418"}],"curies":[{"name":"wp","href":"https:\/\/api.w.org\/{rel}","templated":true}]}}