{"id":17413,"date":"2023-06-26T10:51:36","date_gmt":"2023-06-26T08:51:36","guid":{"rendered":"https:\/\/cuevadenerja.es\/?page_id=17413"},"modified":"2024-02-22T14:09:28","modified_gmt":"2024-02-22T13:09:28","slug":"institution","status":"publish","type":"page","link":"https:\/\/cuevadenerja.es\/de\/institut\/institution\/","title":{"rendered":"Institution"},"content":{"rendered":"\t\t<div data-elementor-type=\"wp-page\" data-elementor-id=\"17413\" class=\"elementor elementor-17413 elementor-59\" data-elementor-post-type=\"page\">\n\t\t\t\t<div class=\"elementor-element elementor-element-82e9197 e-flex e-con-boxed e-con e-parent\" data-id=\"82e9197\" data-element_type=\"container\" data-e-type=\"container\" data-settings=\"{&quot;background_background&quot;:&quot;classic&quot;}\">\n\t\t\t\t\t<div class=\"e-con-inner\">\n\t\t\t\t<div class=\"elementor-element elementor-element-a8d902a elementor-widget elementor-widget-text-editor\" data-id=\"a8d902a\" data-element_type=\"widget\" data-e-type=\"widget\" data-widget_type=\"text-editor.default\">\n\t\t\t\t<div class=\"elementor-widget-container\">\n\t\t\t\t\t\t\t\t\t<p>Dein <strong>Online-Ticket<\/strong> zum besten Preis und vermeide Warteschlangen<\/p>\t\t\t\t\t\t\t\t<\/div>\n\t\t\t\t<\/div>\n\t\t\t\t<div class=\"elementor-element elementor-element-e44e139 elementor-widget elementor-widget-button\" data-id=\"e44e139\" data-element_type=\"widget\" data-e-type=\"widget\" data-widget_type=\"button.default\">\n\t\t\t\t<div class=\"elementor-widget-container\">\n\t\t\t\t\t\t\t\t\t<div class=\"elementor-button-wrapper\">\n\t\t\t\t\t<a class=\"elementor-button elementor-button-link elementor-size-sm\" href=\"https:\/\/entradas.cuevadenerja.es\/\" target=\"_blank\">\n\t\t\t\t\t\t<span class=\"elementor-button-content-wrapper\">\n\t\t\t\t\t\t<span class=\"elementor-button-icon\">\n\t\t\t\t<svg aria-hidden=\"true\" class=\"e-font-icon-svg e-fas-ticket-alt\" viewBox=\"0 0 576 512\" xmlns=\"http:\/\/www.w3.org\/2000\/svg\"><path d=\"M128 160h320v192H128V160zm400 96c0 26.51 21.49 48 48 48v96c0 26.51-21.49 48-48 48H48c-26.51 0-48-21.49-48-48v-96c26.51 0 48-21.49 48-48s-21.49-48-48-48v-96c0-26.51 21.49-48 48-48h480c26.51 0 48 21.49 48 48v96c-26.51 0-48 21.49-48 48zm-48-104c0-13.255-10.745-24-24-24H120c-13.255 0-24 10.745-24 24v208c0 13.255 10.745 24 24 24h336c13.255 0 24-10.745 24-24V152z\"><\/path><\/svg>\t\t\t<\/span>\n\t\t\t\t\t\t\t\t\t<span class=\"elementor-button-text\">Eintrittskarten kaufen<\/span>\n\t\t\t\t\t<\/span>\n\t\t\t\t\t<\/a>\n\t\t\t\t<\/div>\n\t\t\t\t\t\t\t\t<\/div>\n\t\t\t\t<\/div>\n\t\t\t\t\t<\/div>\n\t\t\t\t<\/div>\n\t\t<div data-dce-background-overlay-image-url=\"https:\/\/cuevadenerja.es\/wp-content\/uploads\/2023\/06\/Laboratorio-1.jpg\" class=\"elementor-element elementor-element-6df4620 e-flex e-con-boxed e-con e-parent\" data-id=\"6df4620\" data-element_type=\"container\" data-e-type=\"container\" data-settings=\"{&quot;background_background&quot;:&quot;classic&quot;}\">\n\t\t\t\t\t<div class=\"e-con-inner\">\n\t\t<div class=\"elementor-element elementor-element-3616cf0 e-con-full e-flex e-con e-child\" data-id=\"3616cf0\" data-element_type=\"container\" data-e-type=\"container\">\n\t\t\t\t<div class=\"elementor-element elementor-element-785ad64 elementor-widget elementor-widget-text-editor\" data-id=\"785ad64\" data-element_type=\"widget\" data-e-type=\"widget\" data-widget_type=\"text-editor.default\">\n\t\t\t\t<div class=\"elementor-widget-container\">\n\t\t\t\t\t\t\t\t\t<p>Forschungsinstitut<\/p>\t\t\t\t\t\t\t\t<\/div>\n\t\t\t\t<\/div>\n\t\t\t\t<div class=\"elementor-element elementor-element-f0748b7 elementor-widget elementor-widget-heading\" data-id=\"f0748b7\" data-element_type=\"widget\" data-e-type=\"widget\" data-widget_type=\"heading.default\">\n\t\t\t\t<div class=\"elementor-widget-container\">\n\t\t\t\t\t<h1 class=\"elementor-heading-title elementor-size-default\">DIE INSTITUTION\n\n<\/h1>\t\t\t\t<\/div>\n\t\t\t\t<\/div>\n\t\t\t\t<div class=\"elementor-element elementor-element-6bf6afc elementor-widget elementor-widget-text-editor\" data-id=\"6bf6afc\" data-element_type=\"widget\" data-e-type=\"widget\" data-widget_type=\"text-editor.default\">\n\t\t\t\t<div class=\"elementor-widget-container\">\n\t\t\t\t\t\t\t\t\t<p>Gegr\u00fcndet im Jahr 1999, widmet sich das Forschungsinstitut Cueva de Nerja der Forschung, Erhaltung und Verbreitung des Erbes der H\u00f6hle von Nerja.<\/p>\t\t\t\t\t\t\t\t<\/div>\n\t\t\t\t<\/div>\n\t\t\t\t<\/div>\n\t\t\t\t\t<\/div>\n\t\t\t\t<\/div>\n\t\t<div class=\"elementor-element elementor-element-57e8b37 e-flex e-con-boxed e-con e-parent\" data-id=\"57e8b37\" data-element_type=\"container\" data-e-type=\"container\" data-settings=\"{&quot;background_background&quot;:&quot;classic&quot;}\">\n\t\t\t\t\t<div class=\"e-con-inner\">\n\t\t<div class=\"elementor-element elementor-element-5fb248e e-con-full e-flex e-con e-child\" data-id=\"5fb248e\" data-element_type=\"container\" data-e-type=\"container\">\n\t\t\t\t<div class=\"elementor-element elementor-element-ac5dcfe elementor-widget elementor-widget-heading\" data-id=\"ac5dcfe\" data-element_type=\"widget\" data-e-type=\"widget\" data-widget_type=\"heading.default\">\n\t\t\t\t<div class=\"elementor-widget-container\">\n\t\t\t\t\t<h2 class=\"elementor-heading-title elementor-size-default\">DIE INSTITUTION\n\n<\/h2>\t\t\t\t<\/div>\n\t\t\t\t<\/div>\n\t\t\t\t<div class=\"elementor-element elementor-element-0c3d15b elementor-widget elementor-widget-text-editor\" data-id=\"0c3d15b\" data-element_type=\"widget\" data-e-type=\"widget\" data-widget_type=\"text-editor.default\">\n\t\t\t\t<div class=\"elementor-widget-container\">\n\t\t\t\t\t\t\t\t\t<p>Das Forschungsinstitut Cueva de Nerja (IICN) wurde 1999 mit dem Ziel ins Leben gerufen, die in den Statuten der \u00f6ffentlichen Dienstleistungsstiftung Cueva de Nerja festgelegten Aufgaben im Bereich Forschung, Erhaltung und Verbreitung des Natur- und Kulturerbes der H\u00f6hle von Nerja und ihrer Umgebung zu erf\u00fcllen. Es handelt sich um ein gemeinn\u00fctziges Forschungsinstitut, das vom wissenschaftlichen Personal der FPS Cueva de Nerja gebildet wird und vollst\u00e4ndig von dieser Einrichtung finanziert wird.<\/p><p>Das Forschungsinstitut verf\u00fcgt als Leitungsorgan \u00fcber einen Wissenschaftlichen Beirat, der sich unter anderem mit der Ausarbeitung der Forschungsrichtungen und -projekte befasst, die von der Stiftung durchgef\u00fchrt werden sollen, sowie mit der Vorschlagung der Organisation von Symposien, Kongressen, Tagungen, Publikationspl\u00e4nen oder jeglicher anderer Aktivit\u00e4t, die auf die Verbreitung und wissenschaftliche Kenntnis der H\u00f6hle von Nerja und ihrer Umgebung abzielt. Der Wissenschaftliche Beirat schl\u00e4gt auch Ma\u00dfnahmen f\u00fcr die korrekte Erhaltung der H\u00f6hle vor, unter Ber\u00fccksichtigung der sozialen und wirtschaftlichen Funktion, die sich aus deren rationaler und nachhaltiger Nutzung ergibt.<\/p>\t\t\t\t\t\t\t\t<\/div>\n\t\t\t\t<\/div>\n\t\t\t\t<\/div>\n\t\t<div class=\"elementor-element elementor-element-6938ca0 e-con-full e-flex e-con e-child\" data-id=\"6938ca0\" data-element_type=\"container\" data-e-type=\"container\">\n\t\t\t\t<div class=\"elementor-element elementor-element-35e3427 elementor-widget elementor-widget-heading\" data-id=\"35e3427\" data-element_type=\"widget\" data-e-type=\"widget\" data-widget_type=\"heading.default\">\n\t\t\t\t<div class=\"elementor-widget-container\">\n\t\t\t\t\t<h2 class=\"elementor-heading-title elementor-size-default\">EINRICHTUNGEN\n\n<\/h2>\t\t\t\t<\/div>\n\t\t\t\t<\/div>\n\t\t\t\t<div class=\"elementor-element elementor-element-b7b12fd elementor-widget elementor-widget-text-editor\" data-id=\"b7b12fd\" data-element_type=\"widget\" data-e-type=\"widget\" data-widget_type=\"text-editor.default\">\n\t\t\t\t<div class=\"elementor-widget-container\">\n\t\t\t\t\t\t\t\t\t<p>Der Sitz des IICN, gelegen innerhalb des H\u00f6hlengel\u00e4ndes im Geb\u00e4ude der technischen Dienste, verf\u00fcgt \u00fcber verschiedene Einrichtungen: Forschungsbibliothek, Labor, Mikroskopiebereich, technisches Lager, Kabinett f\u00fcr den Speleoclub Cueva de Nerja und den Rettungsdienst, B\u00fcros und Unterkunft f\u00fcr tempor\u00e4re Forscher.<\/p><p>Die Bibliothek des Forschungsinstituts wurde 1995 mit dem Ziel gegr\u00fcndet, Forschern, Studenten und interessierten Fachleuten bibliografische und dokumentarische Ressourcen der Stiftung Cueva de Nerja zur Verf\u00fcgung zu stellen. Sie enth\u00e4lt etwa 2500 B\u00e4nde, organisiert in folgenden Sektionen: Pr\u00e4historie, Geologie, Mikrobiologie, Zoologie, Botanik, Protohistorie, Geschichte, H\u00f6hlen der Welt, geologische Karten, Doktorarbeiten, audiovisuelle Dokumente und spezifische Ver\u00f6ffentlichungen \u00fcber die H\u00f6hle von Nerja.<\/p><p>Eine weitere wissenschaftliche Einrichtung ist die Wetterstation der H\u00f6hle von Nerja, ausgestattet mit Instrumenten der Umwelt- und Wasseragentur Andalusiens und der Spanischen Meteorologischen Agentur.<\/p>\t\t\t\t\t\t\t\t<\/div>\n\t\t\t\t<\/div>\n\t\t\t\t<\/div>\n\t\t\t\t\t<\/div>\n\t\t\t\t<\/div>\n\t\t<div class=\"elementor-element elementor-element-db6d18c e-flex e-con-boxed e-con e-parent\" data-id=\"db6d18c\" data-element_type=\"container\" data-e-type=\"container\" data-settings=\"{&quot;background_background&quot;:&quot;classic&quot;}\">\n\t\t\t\t\t<div class=\"e-con-inner\">\n\t\t\t\t<div class=\"elementor-element elementor-element-aa47946 elementor-widget elementor-widget-gallery\" data-id=\"aa47946\" data-element_type=\"widget\" data-e-type=\"widget\" data-settings=\"{&quot;columns&quot;:3,&quot;lazyload&quot;:&quot;yes&quot;,&quot;gallery_layout&quot;:&quot;grid&quot;,&quot;columns_tablet&quot;:2,&quot;columns_mobile&quot;:1,&quot;gap&quot;:{&quot;unit&quot;:&quot;px&quot;,&quot;size&quot;:10,&quot;sizes&quot;:[]},&quot;gap_tablet_extra&quot;:{&quot;unit&quot;:&quot;px&quot;,&quot;size&quot;:10,&quot;sizes&quot;:[]},&quot;gap_tablet&quot;:{&quot;unit&quot;:&quot;px&quot;,&quot;size&quot;:10,&quot;sizes&quot;:[]},&quot;gap_mobile&quot;:{&quot;unit&quot;:&quot;px&quot;,&quot;size&quot;:10,&quot;sizes&quot;:[]},&quot;link_to&quot;:&quot;file&quot;,&quot;aspect_ratio&quot;:&quot;3:2&quot;,&quot;overlay_background&quot;:&quot;yes&quot;,&quot;content_hover_animation&quot;:&quot;fade-in&quot;}\" data-widget_type=\"gallery.default\">\n\t\t\t\t<div class=\"elementor-widget-container\">\n\t\t\t\t\t\t\t<div class=\"elementor-gallery__container\">\n\t\t\t\t\t\t\t<a class=\"e-gallery-item elementor-gallery-item elementor-animated-content\" href=\"https:\/\/cuevadenerja.es\/wp-content\/uploads\/2023\/09\/Instalaciones1.jpg\" data-elementor-open-lightbox=\"yes\" data-elementor-lightbox-slideshow=\"aa47946\" data-elementor-lightbox-title=\"Biblioteca\" data-e-action-hash=\"#elementor-action%3Aaction%3Dlightbox%26settings%3DeyJpZCI6MTIyNTMsInVybCI6Imh0dHBzOlwvXC9jdWV2YWRlbmVyamEuZXNcL3dwLWNvbnRlbnRcL3VwbG9hZHNcLzIwMjNcLzA5XC9JbnN0YWxhY2lvbmVzMS5qcGciLCJzbGlkZXNob3ciOiJhYTQ3OTQ2In0%3D\">\n\t\t\t\t\t<div class=\"e-gallery-image elementor-gallery-item__image\" data-thumbnail=\"https:\/\/cuevadenerja.es\/wp-content\/uploads\/2023\/09\/Instalaciones1.jpg\" data-width=\"1600\" data-height=\"1060\" aria-label=\"\" role=\"img\" ><\/div>\n\t\t\t\t\t\t\t\t\t\t\t<div class=\"elementor-gallery-item__overlay\"><\/div>\n\t\t\t\t\t\t\t\t\t\t\t\t\t\t<\/a>\n\t\t\t\t\t\t\t<a class=\"e-gallery-item elementor-gallery-item elementor-animated-content\" href=\"https:\/\/cuevadenerja.es\/wp-content\/uploads\/2023\/06\/Laboratorio-1.jpg\" data-elementor-open-lightbox=\"yes\" data-elementor-lightbox-slideshow=\"aa47946\" data-elementor-lightbox-title=\"Laboratorio-1\" data-elementor-lightbox-description=\"Microdocumental. Peque\u00f1a y Exclusiva. La Fauna Cavern\u00edcola\" data-e-action-hash=\"#elementor-action%3Aaction%3Dlightbox%26settings%3DeyJpZCI6MTczOTgsInVybCI6Imh0dHBzOlwvXC9jdWV2YWRlbmVyamEuZXNcL3dwLWNvbnRlbnRcL3VwbG9hZHNcLzIwMjNcLzA2XC9MYWJvcmF0b3Jpby0xLmpwZyIsInNsaWRlc2hvdyI6ImFhNDc5NDYifQ%3D%3D\">\n\t\t\t\t\t<div class=\"e-gallery-image elementor-gallery-item__image\" data-thumbnail=\"https:\/\/cuevadenerja.es\/wp-content\/uploads\/2023\/06\/Laboratorio-1.jpg\" data-width=\"1800\" data-height=\"1200\" aria-label=\"\" role=\"img\" ><\/div>\n\t\t\t\t\t\t\t\t\t\t\t<div class=\"elementor-gallery-item__overlay\"><\/div>\n\t\t\t\t\t\t\t\t\t\t\t\t\t\t<\/a>\n\t\t\t\t\t\t\t<a class=\"e-gallery-item elementor-gallery-item elementor-animated-content\" href=\"https:\/\/cuevadenerja.es\/wp-content\/uploads\/2023\/09\/Laboratorio-2.jpg\" data-elementor-open-lightbox=\"yes\" data-elementor-lightbox-slideshow=\"aa47946\" data-elementor-lightbox-title=\"Laboratorio-2\" data-e-action-hash=\"#elementor-action%3Aaction%3Dlightbox%26settings%3DeyJpZCI6MTczOTksInVybCI6Imh0dHBzOlwvXC9jdWV2YWRlbmVyamEuZXNcL3dwLWNvbnRlbnRcL3VwbG9hZHNcLzIwMjNcLzA5XC9MYWJvcmF0b3Jpby0yLmpwZyIsInNsaWRlc2hvdyI6ImFhNDc5NDYifQ%3D%3D\">\n\t\t\t\t\t<div class=\"e-gallery-image elementor-gallery-item__image\" data-thumbnail=\"https:\/\/cuevadenerja.es\/wp-content\/uploads\/2023\/09\/Laboratorio-2.jpg\" data-width=\"1800\" data-height=\"1200\" aria-label=\"\" role=\"img\" ><\/div>\n\t\t\t\t\t\t\t\t\t\t\t<div class=\"elementor-gallery-item__overlay\"><\/div>\n\t\t\t\t\t\t\t\t\t\t\t\t\t\t<\/a>\n\t\t\t\t\t<\/div>\n\t\t\t\t\t<\/div>\n\t\t\t\t<\/div>\n\t\t\t\t\t<\/div>\n\t\t\t\t<\/div>\n\t\t\t\t<\/div>\n\t\t","protected":false},"excerpt":{"rendered":"<p>Dein Online-Ticket zum besten Preis und vermeide Warteschlangen Eintrittskarten kaufen Forschungsinstitut DIE INSTITUTION Gegr\u00fcndet im Jahr 1999, widmet sich das Forschungsinstitut Cueva de Nerja der Forschung, Erhaltung und Verbreitung des Erbes der H\u00f6hle von Nerja. DIE INSTITUTION Das Forschungsinstitut Cueva de Nerja (IICN) wurde 1999 mit dem Ziel ins Leben gerufen, die in den Statuten [&hellip;]<\/p>\n","protected":false},"author":1,"featured_media":0,"parent":17397,"menu_order":0,"comment_status":"closed","ping_status":"closed","template":"","meta":{"inline_featured_image":false,"site-sidebar-layout":"no-sidebar","site-content-layout":"page-builder","ast-site-content-layout":"full-width-container","site-content-style":"unboxed","site-sidebar-style":"unboxed","ast-global-header-display":"","ast-banner-title-visibility":"","ast-main-header-display":"","ast-hfb-above-header-display":"","ast-hfb-below-header-display":"","ast-hfb-mobile-header-display":"","site-post-title":"disabled","ast-breadcrumbs-content":"","ast-featured-img":"disabled","footer-sml-layout":"","ast-disable-related-posts":"","theme-transparent-header-meta":"default","adv-header-id-meta":"","stick-header-meta":"default","header-above-stick-meta":"","header-main-stick-meta":"","header-below-stick-meta":"","astra-migrate-meta-layouts":"set","ast-page-background-enabled":"default","ast-page-background-meta":{"desktop":{"background-color":"var(--ast-global-color-4)","background-image":"","background-repeat":"repeat","background-position":"center center","background-size":"auto","background-attachment":"scroll","background-type":"","background-media":"","overlay-type":"","overlay-color":"","overlay-opacity":"","overlay-gradient":""},"tablet":{"background-color":"","background-image":"","background-repeat":"repeat","background-position":"center center","background-size":"auto","background-attachment":"scroll","background-type":"","background-media":"","overlay-type":"","overlay-color":"","overlay-opacity":"","overlay-gradient":""},"mobile":{"background-color":"","background-image":"","background-repeat":"repeat","background-position":"center center","background-size":"auto","background-attachment":"scroll","background-type":"","background-media":"","overlay-type":"","overlay-color":"","overlay-opacity":"","overlay-gradient":""}},"ast-content-background-meta":{"desktop":{"background-color":"var(--ast-global-color-5)","background-image":"","background-repeat":"repeat","background-position":"center center","background-size":"auto","background-attachment":"scroll","background-type":"","background-media":"","overlay-type":"","overlay-color":"","overlay-opacity":"","overlay-gradient":""},"tablet":{"background-color":"var(--ast-global-color-5)","background-image":"","background-repeat":"repeat","background-position":"center center","background-size":"auto","background-attachment":"scroll","background-type":"","background-media":"","overlay-type":"","overlay-color":"","overlay-opacity":"","overlay-gradient":""},"mobile":{"background-color":"var(--ast-global-color-5)","background-image":"","background-repeat":"repeat","background-position":"center center","background-size":"auto","background-attachment":"scroll","background-type":"","background-media":"","overlay-type":"","overlay-color":"","overlay-opacity":"","overlay-gradient":""}},"footnotes":""},"class_list":["post-17413","page","type-page","status-publish","hentry"],"_links":{"self":[{"href":"https:\/\/cuevadenerja.es\/de\/wp-json\/wp\/v2\/pages\/17413","targetHints":{"allow":["GET"]}}],"collection":[{"href":"https:\/\/cuevadenerja.es\/de\/wp-json\/wp\/v2\/pages"}],"about":[{"href":"https:\/\/cuevadenerja.es\/de\/wp-json\/wp\/v2\/types\/page"}],"author":[{"embeddable":true,"href":"https:\/\/cuevadenerja.es\/de\/wp-json\/wp\/v2\/users\/1"}],"replies":[{"embeddable":true,"href":"https:\/\/cuevadenerja.es\/de\/wp-json\/wp\/v2\/comments?post=17413"}],"version-history":[{"count":0,"href":"https:\/\/cuevadenerja.es\/de\/wp-json\/wp\/v2\/pages\/17413\/revisions"}],"up":[{"embeddable":true,"href":"https:\/\/cuevadenerja.es\/de\/wp-json\/wp\/v2\/pages\/17397"}],"wp:attachment":[{"href":"https:\/\/cuevadenerja.es\/de\/wp-json\/wp\/v2\/media?parent=17413"}],"curies":[{"name":"wp","href":"https:\/\/api.w.org\/{rel}","templated":true}]}}