{"id":17186,"date":"2023-10-23T13:41:02","date_gmt":"2023-10-23T11:41:02","guid":{"rendered":"https:\/\/cuevadenerja.es\/?page_id=17186"},"modified":"2024-03-25T11:45:08","modified_gmt":"2024-03-25T10:45:08","slug":"dienstleistungen","status":"publish","type":"page","link":"https:\/\/cuevadenerja.es\/de\/hohle\/dienstleistungen\/","title":{"rendered":"Dienstleistungen"},"content":{"rendered":"\t\t<div data-elementor-type=\"wp-page\" data-elementor-id=\"17186\" class=\"elementor elementor-17186 elementor-12464\" data-elementor-post-type=\"page\">\n\t\t\t\t<div class=\"elementor-element elementor-element-3047827 e-flex e-con-boxed e-con e-parent\" data-id=\"3047827\" data-element_type=\"container\" data-e-type=\"container\" data-settings=\"{&quot;background_background&quot;:&quot;classic&quot;}\">\n\t\t\t\t\t<div class=\"e-con-inner\">\n\t\t\t\t<div class=\"elementor-element elementor-element-cb02bb8 elementor-widget elementor-widget-text-editor\" data-id=\"cb02bb8\" data-element_type=\"widget\" data-e-type=\"widget\" data-widget_type=\"text-editor.default\">\n\t\t\t\t<div class=\"elementor-widget-container\">\n\t\t\t\t\t\t\t\t\t<p>Dein <strong>Online-Ticket<\/strong> zum besten Preis und vermeide Warteschlangen<\/p>\t\t\t\t\t\t\t\t<\/div>\n\t\t\t\t<\/div>\n\t\t\t\t<div class=\"elementor-element elementor-element-3fe1618 elementor-widget elementor-widget-button\" data-id=\"3fe1618\" data-element_type=\"widget\" data-e-type=\"widget\" data-widget_type=\"button.default\">\n\t\t\t\t<div class=\"elementor-widget-container\">\n\t\t\t\t\t\t\t\t\t<div class=\"elementor-button-wrapper\">\n\t\t\t\t\t<a class=\"elementor-button elementor-button-link elementor-size-sm\" href=\"https:\/\/entradas.cuevadenerja.es\/\" target=\"_blank\">\n\t\t\t\t\t\t<span class=\"elementor-button-content-wrapper\">\n\t\t\t\t\t\t<span class=\"elementor-button-icon\">\n\t\t\t\t<svg aria-hidden=\"true\" class=\"e-font-icon-svg e-fas-ticket-alt\" viewBox=\"0 0 576 512\" xmlns=\"http:\/\/www.w3.org\/2000\/svg\"><path d=\"M128 160h320v192H128V160zm400 96c0 26.51 21.49 48 48 48v96c0 26.51-21.49 48-48 48H48c-26.51 0-48-21.49-48-48v-96c26.51 0 48-21.49 48-48s-21.49-48-48-48v-96c0-26.51 21.49-48 48-48h480c26.51 0 48 21.49 48 48v96c-26.51 0-48 21.49-48 48zm-48-104c0-13.255-10.745-24-24-24H120c-13.255 0-24 10.745-24 24v208c0 13.255 10.745 24 24 24h336c13.255 0 24-10.745 24-24V152z\"><\/path><\/svg>\t\t\t<\/span>\n\t\t\t\t\t\t\t\t\t<span class=\"elementor-button-text\">Eintrittskarten kaufen<\/span>\n\t\t\t\t\t<\/span>\n\t\t\t\t\t<\/a>\n\t\t\t\t<\/div>\n\t\t\t\t\t\t\t\t<\/div>\n\t\t\t\t<\/div>\n\t\t\t\t\t<\/div>\n\t\t\t\t<\/div>\n\t\t<div data-dce-background-overlay-image-url=\"https:\/\/cuevadenerja.es\/wp-content\/uploads\/2023\/11\/Sala-VR.jpg\" class=\"elementor-element elementor-element-8393891 e-flex e-con-boxed e-con e-parent\" data-id=\"8393891\" data-element_type=\"container\" data-e-type=\"container\" data-settings=\"{&quot;background_background&quot;:&quot;classic&quot;}\">\n\t\t\t\t\t<div class=\"e-con-inner\">\n\t\t<div class=\"elementor-element elementor-element-7e2ba76 e-con-full e-flex e-con e-child\" data-id=\"7e2ba76\" data-element_type=\"container\" data-e-type=\"container\">\n\t\t\t\t<div class=\"elementor-element elementor-element-d13fee5 elementor-widget elementor-widget-text-editor\" data-id=\"d13fee5\" data-element_type=\"widget\" data-e-type=\"widget\" data-widget_type=\"text-editor.default\">\n\t\t\t\t<div class=\"elementor-widget-container\">\n\t\t\t\t\t\t\t\t\t<p>H\u00d6HLE VON NERJA<\/p>\t\t\t\t\t\t\t\t<\/div>\n\t\t\t\t<\/div>\n\t\t\t\t<div class=\"elementor-element elementor-element-02638f5 elementor-widget elementor-widget-heading\" data-id=\"02638f5\" data-element_type=\"widget\" data-e-type=\"widget\" data-widget_type=\"heading.default\">\n\t\t\t\t<div class=\"elementor-widget-container\">\n\t\t\t\t\t<h1 class=\"elementor-heading-title elementor-size-default\">Besuche und Dienstleistungen der H\u00f6hle von Nerja<\/h1>\t\t\t\t<\/div>\n\t\t\t\t<\/div>\n\t\t\t\t<div class=\"elementor-element elementor-element-4756fd2 elementor-widget elementor-widget-text-editor\" data-id=\"4756fd2\" data-element_type=\"widget\" data-e-type=\"widget\" data-widget_type=\"text-editor.default\">\n\t\t\t\t<div class=\"elementor-widget-container\">\n\t\t\t\t\t\t\t\t\t<p>Die <strong>Dienstleistungen<\/strong> der <strong>H\u00f6hle von Nerja<\/strong> umfassen weit mehr als nur den <strong>Besuch<\/strong> der <strong>H\u00f6hle<\/strong>, um die gr\u00f6\u00dftm\u00f6gliche <strong>Vielfalt an Optionen<\/strong> und den h\u00f6chsten <strong>Komfort<\/strong> f\u00fcr alle <strong>Besucher<\/strong> zu bieten.<\/p>\t\t\t\t\t\t\t\t<\/div>\n\t\t\t\t<\/div>\n\t\t\t\t<\/div>\n\t\t\t\t\t<\/div>\n\t\t\t\t<\/div>\n\t\t<div class=\"elementor-element elementor-element-ca8902f e-con-full e-flex e-con e-parent\" data-id=\"ca8902f\" data-element_type=\"container\" data-e-type=\"container\" data-settings=\"{&quot;background_background&quot;:&quot;classic&quot;}\">\n\t\t<div class=\"elementor-element elementor-element-8205d97 e-con-full e-flex e-con e-child\" data-id=\"8205d97\" data-element_type=\"container\" data-e-type=\"container\" data-settings=\"{&quot;background_background&quot;:&quot;classic&quot;}\">\n\t\t\t\t<div class=\"elementor-element elementor-element-fb74dd6 elementor-widget elementor-widget-heading\" data-id=\"fb74dd6\" data-element_type=\"widget\" data-e-type=\"widget\" data-widget_type=\"heading.default\">\n\t\t\t\t<div class=\"elementor-widget-container\">\n\t\t\t\t\t<h2 class=\"elementor-heading-title elementor-size-default\">Besuche und Dienstleistungen der H\u00f6hle von Nerja  Besuche und Dienstleistungen der H\u00f6hle von Nerja  Besuche und Dienstleistungen der H\u00f6hle von Nerja  Besuche und Dienstleistungen der H\u00f6hle von Nerja  Besuche und Dienstleistungen der H\u00f6hle von Nerja  Besuche und Dienstleistungen der H\u00f6hle von Nerja  Besuche und Dienstleistungen der H\u00f6hle von Nerja  Besuche und Dienstleistungen der H\u00f6hle von Nerja  Besuche und Dienstleistungen der H\u00f6hle von Nerja  Besuche und Dienstleistungen der H\u00f6hle von Nerja  Besuche und Dienstleistungen der H\u00f6hle von Nerja  Besuche und Dienstleistungen der H\u00f6hle von Nerja  Besuche und Dienstleistungen der H\u00f6hle von Nerja  Besuche und Dienstleistungen der H\u00f6hle von Nerja  Besuche und Dienstleistungen der H\u00f6hle von Nerja  Besuche und Dienstleistungen der H\u00f6hle von Nerja  Besuche und Dienstleistungen der H\u00f6hle von Nerja  <\/h2>\t\t\t\t<\/div>\n\t\t\t\t<\/div>\n\t\t\t\t<\/div>\n\t\t\t\t<\/div>\n\t\t<div class=\"elementor-element elementor-element-0d93351 e-flex e-con-boxed e-con e-parent\" data-id=\"0d93351\" data-element_type=\"container\" data-e-type=\"container\" data-settings=\"{&quot;background_background&quot;:&quot;classic&quot;}\">\n\t\t\t\t\t<div class=\"e-con-inner\">\n\t\t<div class=\"elementor-element elementor-element-5ab7265 e-con-full e-flex e-con e-child\" data-id=\"5ab7265\" data-element_type=\"container\" data-e-type=\"container\">\n\t\t\t\t<div class=\"elementor-element elementor-element-98eced9 elementor-widget elementor-widget-text-editor\" data-id=\"98eced9\" data-element_type=\"widget\" data-e-type=\"widget\" data-widget_type=\"text-editor.default\">\n\t\t\t\t<div class=\"elementor-widget-container\">\n\t\t\t\t\t\t\t\t\t<h3><span style=\"color: #b7916c;\"><strong>Besuche der H\u00f6hle von Nerja<\/strong><\/span><\/h3>\n<strong>Arten von Einzelbesuchen in der H\u00f6hle von Nerja<\/strong>\nUm die verschiedenen Arten von Besuchen und Informationen \u00fcber jede von ihnen zu sehen, k\u00f6nnen Sie auf diesen Link klicken: <a href=\"https:\/\/entradas.cuevadenerja.es\/\">https:\/\/entradas.cuevadenerja.es\/<\/a>\n\n<strong>Arten von Schul- und Gruppenbesuchen in der H\u00f6hle von Nerja<\/strong>\n\n<p>Neben individuellen Besuchen, die von jedem erworben werden k\u00f6nnen, der die H\u00f6hle von Nerja besuchen m\u00f6chte, bieten wir auch spezielle Besuche f\u00fcr Schulklassen und gr\u00f6\u00dfere Gruppen an. Um Informationen dar\u00fcber zu sehen, k\u00f6nnen Sie <a href=\"https:\/\/cuevadenerja.es\/de\/schulklassen-und-gruppen\/\">diesen Link besuchen<\/a>.<\/p>\n\n<h3><span style=\"color: #b7916c;\"><strong>Weitere Dienstleistungen der H\u00f6hle von Nerja<\/strong><\/span><\/h3>\nDies sind die Dienstleistungen, die in der H\u00f6hle von Nerja angeboten werden:\n<strong>Technologischer Service zur Erg\u00e4nzung des Besuchs:<\/strong>\n<ol>\n \t<li>Virtuelle Realit\u00e4tsraum. Ein Raum f\u00fcr eine 360\u00ba-Simulation, die ein immersives Erlebnis erm\u00f6glicht und Elemente der H\u00f6hle von Nerja zeigt, die aus Konservierungsgr\u00fcnden nicht w\u00e4hrend des Besuchs gezeigt werden k\u00f6nnen, wie die H\u00f6hlenmalereien. Es ist auch eine perfekte Art des Besuchs f\u00fcr jene Besucher, die aus gesundheitlichen Gr\u00fcnden nicht in die H\u00f6hle gelangen k\u00f6nnen.<\/li>\n<\/ol>\n<strong>Spezielle Dienstleistungen f\u00fcr Familien und Kinder:<\/strong>\n<ol>\n \t<li>Spielplatz. Ein Bereich, in dem die Kleinsten Spa\u00df haben k\u00f6nnen, mit Multi-Spiel-Strukturen, Kletterger\u00fcsten, Schaukeln, Rutschen&#8230;<\/li>\n \t<li>Stillraum. Ein komfortabler und privater Ort f\u00fcr Familien mit Babys und Kleinkindern.<\/li>\n<\/ol>\n<strong>Naturrouten, wie bereits beschrieben:<\/strong>\n<ol>\n \t<li>Botanischer Garten Detunda-H\u00f6hle von Nerja.<\/li>\n \t<li>Wanderweg \u00abH\u00f6hle von Nerja-Almijara\u00bb.<\/li>\n \t<li>Inneng\u00e4rten des Gel\u00e4ndes der H\u00f6hle von Nerja.<\/li>\n \t<li>Fu\u00dfweg zum Dorf Maro.<\/li>\n<\/ol>\n<strong>Ruhebereiche:<\/strong>\n<ol>\n \t<li>B\u00e4nke in den G\u00e4rten des Gel\u00e4ndes. Im gesamten Gel\u00e4nde gibt es verschiedene Bereiche zum Ausruhen, wo man sich entspannen und die nat\u00fcrliche Sch\u00f6nheit dieser Umgebung betrachten kann.<\/li>\n \t<li>B\u00e4nke im Inneren der H\u00f6hle. Ebenso gibt es w\u00e4hrend des Besuchs der H\u00f6hle 2 Ruhezonen mit B\u00e4nken, um sich auszuruhen und die Wunder der H\u00f6hle von Nerja in Ruhe zu betrachten.<\/li>\n<\/ol>\n<strong>Bereiche zum Essen und Kr\u00e4fte sammeln:<\/strong>\n<ol>\n \t<li>Restaurant-Cafeteria. Ein Raum, um zu fr\u00fchst\u00fccken, zu essen, zu snacken&#8230; mit Blick auf das Meer, den Botanischen Garten und das wei\u00dfe Dorf Maro, da es eine herrliche Aussicht und ein breites gastronomisches Angebot bietet.<\/li>\n \t<li>Picknickbereich. Dar\u00fcber hinaus gibt es neben dem Spielplatz einen Bereich mit Holztischen und -b\u00e4nken, um im Schatten der Pinien zu ruhen.<\/li>\n<\/ol>\n<strong>Bereich zur Aufbewahrung von Gegenst\u00e4nden:<\/strong>\n<ol>\n \t<li>Schlie\u00dffachraum. Es werden verschiedene nummerierte F\u00e4cher angeboten, in denen Gegenst\u00e4nde, die w\u00e4hrend der Tour nicht ben\u00f6tigt werden, aufbewahrt werden k\u00f6nnen. F\u00fcr die Nutzung wird 1 Euro ben\u00f6tigt, der nach Gebrauch erstattet wird. Kinderwagen, die nicht in die H\u00f6hle mitgenommen werden k\u00f6nnen, k\u00f6nnen dort abgelegt werden.<\/li>\n<\/ol>\n<strong>Dienstleistungen in der H\u00f6hle von Nerja f\u00fcr Fotografien, Geschenke und Informationen:<\/strong>\n<ol>\n \t<li>Informationsb\u00fcro. Ein Raum, in dem das Personal der Stiftung H\u00f6hle von Nerja auf jede Frage antwortet.<\/li>\n \t<li>Geschenk- und Souvenirshop. Hier k\u00f6nnen verschiedene Objekte und <em>Merchandising<\/em> der H\u00f6hle von Nerja gefunden werden: Armb\u00e4nder, Steine, B\u00fccher, T-Shirts&#8230;<\/li>\n \t<li>Fotodienst. Beim Betreten der H\u00f6hle von Nerja, falls der Besucher es w\u00fcnscht, wird ein Foto vor einem gr\u00fcnen Chromakey gemacht, das am Ausgang des Besuchs in einen Hintergrund der H\u00f6hle umgewandelt wird. Dieses Bild kann freiwillig erworben werden.<\/li>\n<\/ol>\n<strong>Bereiche f\u00fcr die pers\u00f6nliche Pflege:<\/strong>\n<ol>\n \t<li>Zug\u00e4ngliche Toiletten. Ein renovierter und leicht nutzbarer Raum.<\/li>\n \t<li>Stillraum. Ein Ort, der Komfort f\u00fcr Besucher mit Babys und Kleinkindern bietet.<\/li>\n<\/ol>\n<strong>R\u00e4ume f\u00fcr Fahrzeuge und Transportmittel, um zur H\u00f6hle zu gelangen:<\/strong>\n<ol>\n \t<li>Parkpl\u00e4tze. Wir bieten einen gro\u00dfen Parkplatz, auf dem man f\u00fcr den Preis von 2 Euro einen Parkplatz f\u00fcr die gesamte \u00d6ffnungszeit der H\u00f6hle von Nerja zur Verf\u00fcgung hat.<\/li>\n \t<li>Fahrradparkplatz. Es gibt auch einen Parkbereich f\u00fcr Fahrr\u00e4der.<\/li>\n \t<li>Busstation. Man kann mit dem Bus zur H\u00f6hle von Nerja kommen; das Gel\u00e4nde verf\u00fcgt \u00fcber einen Wartebereich, der mit Toiletten ausgestattet ist.<\/li>\n \t<li>Touristenzug auf der Stra\u00dfe. Vom Ort Nerja aus kann man mit einem lustigen Touristenzug, der auf der Stra\u00dfe in beide Richtungen f\u00e4hrt, zur H\u00f6hle gelangen.<\/li>\n<\/ol>\n<strong>Im Zentrum von Nerja:<\/strong>\nMuseum von Nerja. Im Preis f\u00fcr den Besuch der H\u00f6hle enthalten ist dieser Raum, in dem man die Geschichte des Ortes Nerja kennenlernen und viel mehr Informationen \u00fcber die H\u00f6hle von Nerja erhalten kann, zus\u00e4tzlich werden Funde aus der H\u00f6hle und Repliken ihrer H\u00f6hlenmalereien dank neuer Technologien gezeigt.\t\t\t\t\t\t\t\t<\/div>\n\t\t\t\t<\/div>\n\t\t\t\t<div class=\"elementor-element elementor-element-16242a8 elementor-widget elementor-widget-gallery\" data-id=\"16242a8\" data-element_type=\"widget\" data-e-type=\"widget\" data-settings=\"{&quot;columns_tablet&quot;:3,&quot;columns&quot;:5,&quot;lazyload&quot;:&quot;yes&quot;,&quot;gallery_layout&quot;:&quot;grid&quot;,&quot;columns_mobile&quot;:1,&quot;gap&quot;:{&quot;unit&quot;:&quot;px&quot;,&quot;size&quot;:10,&quot;sizes&quot;:[]},&quot;gap_tablet_extra&quot;:{&quot;unit&quot;:&quot;px&quot;,&quot;size&quot;:10,&quot;sizes&quot;:[]},&quot;gap_tablet&quot;:{&quot;unit&quot;:&quot;px&quot;,&quot;size&quot;:10,&quot;sizes&quot;:[]},&quot;gap_mobile&quot;:{&quot;unit&quot;:&quot;px&quot;,&quot;size&quot;:10,&quot;sizes&quot;:[]},&quot;link_to&quot;:&quot;file&quot;,&quot;aspect_ratio&quot;:&quot;3:2&quot;,&quot;overlay_background&quot;:&quot;yes&quot;,&quot;content_hover_animation&quot;:&quot;fade-in&quot;}\" data-widget_type=\"gallery.default\">\n\t\t\t\t<div class=\"elementor-widget-container\">\n\t\t\t\t\t\t\t<div class=\"elementor-gallery__container\">\n\t\t\t\t\t\t\t<a class=\"e-gallery-item elementor-gallery-item elementor-animated-content\" href=\"https:\/\/cuevadenerja.es\/wp-content\/uploads\/2023\/11\/Fotografia.jpg\" data-elementor-open-lightbox=\"yes\" data-elementor-lightbox-slideshow=\"16242a8\" data-elementor-lightbox-title=\"Fotografia\" data-e-action-hash=\"#elementor-action%3Aaction%3Dlightbox%26settings%3DeyJpZCI6MTcyMTMsInVybCI6Imh0dHBzOlwvXC9jdWV2YWRlbmVyamEuZXNcL3dwLWNvbnRlbnRcL3VwbG9hZHNcLzIwMjNcLzExXC9Gb3RvZ3JhZmlhLmpwZyIsInNsaWRlc2hvdyI6IjE2MjQyYTgifQ%3D%3D\">\n\t\t\t\t\t<div class=\"e-gallery-image elementor-gallery-item__image\" data-thumbnail=\"https:\/\/cuevadenerja.es\/wp-content\/uploads\/2023\/11\/Fotografia.jpg\" data-width=\"500\" data-height=\"374\" aria-label=\"\" role=\"img\" ><\/div>\n\t\t\t\t\t\t\t\t\t\t\t<div class=\"elementor-gallery-item__overlay\"><\/div>\n\t\t\t\t\t\t\t\t\t\t\t\t\t\t<\/a>\n\t\t\t\t\t\t\t<a class=\"e-gallery-item elementor-gallery-item elementor-animated-content\" href=\"https:\/\/cuevadenerja.es\/wp-content\/uploads\/2023\/11\/Aseos.jpg\" data-elementor-open-lightbox=\"yes\" data-elementor-lightbox-slideshow=\"16242a8\" data-elementor-lightbox-title=\"Aseos\" data-e-action-hash=\"#elementor-action%3Aaction%3Dlightbox%26settings%3DeyJpZCI6MTcyMTQsInVybCI6Imh0dHBzOlwvXC9jdWV2YWRlbmVyamEuZXNcL3dwLWNvbnRlbnRcL3VwbG9hZHNcLzIwMjNcLzExXC9Bc2Vvcy5qcGciLCJzbGlkZXNob3ciOiIxNjI0MmE4In0%3D\">\n\t\t\t\t\t<div class=\"e-gallery-image elementor-gallery-item__image\" data-thumbnail=\"https:\/\/cuevadenerja.es\/wp-content\/uploads\/2023\/11\/Aseos.jpg\" data-width=\"500\" data-height=\"377\" aria-label=\"\" role=\"img\" ><\/div>\n\t\t\t\t\t\t\t\t\t\t\t<div class=\"elementor-gallery-item__overlay\"><\/div>\n\t\t\t\t\t\t\t\t\t\t\t\t\t\t<\/a>\n\t\t\t\t\t\t\t<a class=\"e-gallery-item elementor-gallery-item elementor-animated-content\" href=\"https:\/\/cuevadenerja.es\/wp-content\/uploads\/2023\/11\/Plaza-de-los-descubridores.jpg\" data-elementor-open-lightbox=\"yes\" data-elementor-lightbox-slideshow=\"16242a8\" data-elementor-lightbox-title=\"Plaza-de-los-descubridores\" data-e-action-hash=\"#elementor-action%3Aaction%3Dlightbox%26settings%3DeyJpZCI6MTcyMTEsInVybCI6Imh0dHBzOlwvXC9jdWV2YWRlbmVyamEuZXNcL3dwLWNvbnRlbnRcL3VwbG9hZHNcLzIwMjNcLzExXC9QbGF6YS1kZS1sb3MtZGVzY3Vicmlkb3Jlcy5qcGciLCJzbGlkZXNob3ciOiIxNjI0MmE4In0%3D\">\n\t\t\t\t\t<div class=\"e-gallery-image elementor-gallery-item__image\" data-thumbnail=\"https:\/\/cuevadenerja.es\/wp-content\/uploads\/2023\/11\/Plaza-de-los-descubridores.jpg\" data-width=\"500\" data-height=\"398\" aria-label=\"\" role=\"img\" ><\/div>\n\t\t\t\t\t\t\t\t\t\t\t<div class=\"elementor-gallery-item__overlay\"><\/div>\n\t\t\t\t\t\t\t\t\t\t\t\t\t\t<\/a>\n\t\t\t\t\t\t\t<a class=\"e-gallery-item elementor-gallery-item elementor-animated-content\" href=\"https:\/\/cuevadenerja.es\/wp-content\/uploads\/2023\/11\/Souvenirs.jpg\" data-elementor-open-lightbox=\"yes\" data-elementor-lightbox-slideshow=\"16242a8\" data-elementor-lightbox-title=\"Souvenirs\" data-e-action-hash=\"#elementor-action%3Aaction%3Dlightbox%26settings%3DeyJpZCI6MTcyMTAsInVybCI6Imh0dHBzOlwvXC9jdWV2YWRlbmVyamEuZXNcL3dwLWNvbnRlbnRcL3VwbG9hZHNcLzIwMjNcLzExXC9Tb3V2ZW5pcnMuanBnIiwic2xpZGVzaG93IjoiMTYyNDJhOCJ9\">\n\t\t\t\t\t<div class=\"e-gallery-image elementor-gallery-item__image\" data-thumbnail=\"https:\/\/cuevadenerja.es\/wp-content\/uploads\/2023\/11\/Souvenirs.jpg\" data-width=\"500\" data-height=\"375\" aria-label=\"\" role=\"img\" ><\/div>\n\t\t\t\t\t\t\t\t\t\t\t<div class=\"elementor-gallery-item__overlay\"><\/div>\n\t\t\t\t\t\t\t\t\t\t\t\t\t\t<\/a>\n\t\t\t\t\t\t\t<a class=\"e-gallery-item elementor-gallery-item elementor-animated-content\" href=\"https:\/\/cuevadenerja.es\/wp-content\/uploads\/2023\/11\/Sendero.jpg\" data-elementor-open-lightbox=\"yes\" data-elementor-lightbox-slideshow=\"16242a8\" data-elementor-lightbox-title=\"Sendero\" data-e-action-hash=\"#elementor-action%3Aaction%3Dlightbox%26settings%3DeyJpZCI6MTcyMDksInVybCI6Imh0dHBzOlwvXC9jdWV2YWRlbmVyamEuZXNcL3dwLWNvbnRlbnRcL3VwbG9hZHNcLzIwMjNcLzExXC9TZW5kZXJvLmpwZyIsInNsaWRlc2hvdyI6IjE2MjQyYTgifQ%3D%3D\">\n\t\t\t\t\t<div class=\"e-gallery-image elementor-gallery-item__image\" data-thumbnail=\"https:\/\/cuevadenerja.es\/wp-content\/uploads\/2023\/11\/Sendero.jpg\" data-width=\"700\" data-height=\"468\" aria-label=\"\" role=\"img\" ><\/div>\n\t\t\t\t\t\t\t\t\t\t\t<div class=\"elementor-gallery-item__overlay\"><\/div>\n\t\t\t\t\t\t\t\t\t\t\t\t\t\t<\/a>\n\t\t\t\t\t\t\t<a class=\"e-gallery-item elementor-gallery-item elementor-animated-content\" href=\"https:\/\/cuevadenerja.es\/wp-content\/uploads\/2023\/11\/Zona-talleres.jpg\" data-elementor-open-lightbox=\"yes\" data-elementor-lightbox-slideshow=\"16242a8\" data-elementor-lightbox-title=\"Zona-talleres\" data-e-action-hash=\"#elementor-action%3Aaction%3Dlightbox%26settings%3DeyJpZCI6MTcyMTIsInVybCI6Imh0dHBzOlwvXC9jdWV2YWRlbmVyamEuZXNcL3dwLWNvbnRlbnRcL3VwbG9hZHNcLzIwMjNcLzExXC9ab25hLXRhbGxlcmVzLmpwZyIsInNsaWRlc2hvdyI6IjE2MjQyYTgifQ%3D%3D\">\n\t\t\t\t\t<div class=\"e-gallery-image elementor-gallery-item__image\" data-thumbnail=\"https:\/\/cuevadenerja.es\/wp-content\/uploads\/2023\/11\/Zona-talleres.jpg\" data-width=\"500\" data-height=\"376\" aria-label=\"\" role=\"img\" ><\/div>\n\t\t\t\t\t\t\t\t\t\t\t<div class=\"elementor-gallery-item__overlay\"><\/div>\n\t\t\t\t\t\t\t\t\t\t\t\t\t\t<\/a>\n\t\t\t\t\t\t\t<a class=\"e-gallery-item elementor-gallery-item elementor-animated-content\" href=\"https:\/\/cuevadenerja.es\/wp-content\/uploads\/2023\/11\/Entrada-actual-cueva.jpg\" data-elementor-open-lightbox=\"yes\" data-elementor-lightbox-slideshow=\"16242a8\" data-elementor-lightbox-title=\"Entrada-actual-cueva\" data-e-action-hash=\"#elementor-action%3Aaction%3Dlightbox%26settings%3DeyJpZCI6MTQwNjgsInVybCI6Imh0dHBzOlwvXC9jdWV2YWRlbmVyamEuZXNcL3dwLWNvbnRlbnRcL3VwbG9hZHNcLzIwMjNcLzExXC9FbnRyYWRhLWFjdHVhbC1jdWV2YS5qcGciLCJzbGlkZXNob3ciOiIxNjI0MmE4In0%3D\">\n\t\t\t\t\t<div class=\"e-gallery-image elementor-gallery-item__image\" data-thumbnail=\"https:\/\/cuevadenerja.es\/wp-content\/uploads\/2023\/11\/Entrada-actual-cueva.jpg\" data-width=\"500\" data-height=\"375\" aria-label=\"\" role=\"img\" ><\/div>\n\t\t\t\t\t\t\t\t\t\t\t<div class=\"elementor-gallery-item__overlay\"><\/div>\n\t\t\t\t\t\t\t\t\t\t\t\t\t\t<\/a>\n\t\t\t\t\t\t\t<a class=\"e-gallery-item elementor-gallery-item elementor-animated-content\" href=\"https:\/\/cuevadenerja.es\/wp-content\/uploads\/2023\/11\/Parque-infantil.jpg\" data-elementor-open-lightbox=\"yes\" data-elementor-lightbox-slideshow=\"16242a8\" data-elementor-lightbox-title=\"Parque-infantil\" data-e-action-hash=\"#elementor-action%3Aaction%3Dlightbox%26settings%3DeyJpZCI6MTQwNjksInVybCI6Imh0dHBzOlwvXC9jdWV2YWRlbmVyamEuZXNcL3dwLWNvbnRlbnRcL3VwbG9hZHNcLzIwMjNcLzExXC9QYXJxdWUtaW5mYW50aWwuanBnIiwic2xpZGVzaG93IjoiMTYyNDJhOCJ9\">\n\t\t\t\t\t<div class=\"e-gallery-image elementor-gallery-item__image\" data-thumbnail=\"https:\/\/cuevadenerja.es\/wp-content\/uploads\/2023\/11\/Parque-infantil.jpg\" data-width=\"500\" data-height=\"375\" aria-label=\"\" role=\"img\" ><\/div>\n\t\t\t\t\t\t\t\t\t\t\t<div class=\"elementor-gallery-item__overlay\"><\/div>\n\t\t\t\t\t\t\t\t\t\t\t\t\t\t<\/a>\n\t\t\t\t\t\t\t<a class=\"e-gallery-item elementor-gallery-item elementor-animated-content\" href=\"https:\/\/cuevadenerja.es\/wp-content\/uploads\/2023\/11\/Picnic.jpg\" data-elementor-open-lightbox=\"yes\" data-elementor-lightbox-slideshow=\"16242a8\" data-elementor-lightbox-title=\"Picnic\" data-e-action-hash=\"#elementor-action%3Aaction%3Dlightbox%26settings%3DeyJpZCI6MTQwNzAsInVybCI6Imh0dHBzOlwvXC9jdWV2YWRlbmVyamEuZXNcL3dwLWNvbnRlbnRcL3VwbG9hZHNcLzIwMjNcLzExXC9QaWNuaWMuanBnIiwic2xpZGVzaG93IjoiMTYyNDJhOCJ9\">\n\t\t\t\t\t<div class=\"e-gallery-image elementor-gallery-item__image\" data-thumbnail=\"https:\/\/cuevadenerja.es\/wp-content\/uploads\/2023\/11\/Picnic.jpg\" data-width=\"500\" data-height=\"375\" aria-label=\"\" role=\"img\" ><\/div>\n\t\t\t\t\t\t\t\t\t\t\t<div class=\"elementor-gallery-item__overlay\"><\/div>\n\t\t\t\t\t\t\t\t\t\t\t\t\t\t<\/a>\n\t\t\t\t\t\t\t<a class=\"e-gallery-item elementor-gallery-item elementor-animated-content\" href=\"https:\/\/cuevadenerja.es\/wp-content\/uploads\/2023\/11\/Restaurante.jpg\" data-elementor-open-lightbox=\"yes\" data-elementor-lightbox-slideshow=\"16242a8\" data-elementor-lightbox-title=\"Restaurante\" data-e-action-hash=\"#elementor-action%3Aaction%3Dlightbox%26settings%3DeyJpZCI6MTQwNzEsInVybCI6Imh0dHBzOlwvXC9jdWV2YWRlbmVyamEuZXNcL3dwLWNvbnRlbnRcL3VwbG9hZHNcLzIwMjNcLzExXC9SZXN0YXVyYW50ZS5qcGciLCJzbGlkZXNob3ciOiIxNjI0MmE4In0%3D\">\n\t\t\t\t\t<div class=\"e-gallery-image elementor-gallery-item__image\" data-thumbnail=\"https:\/\/cuevadenerja.es\/wp-content\/uploads\/2023\/11\/Restaurante.jpg\" data-width=\"500\" data-height=\"375\" aria-label=\"\" role=\"img\" ><\/div>\n\t\t\t\t\t\t\t\t\t\t\t<div class=\"elementor-gallery-item__overlay\"><\/div>\n\t\t\t\t\t\t\t\t\t\t\t\t\t\t<\/a>\n\t\t\t\t\t<\/div>\n\t\t\t\t\t<\/div>\n\t\t\t\t<\/div>\n\t\t\t\t<\/div>\n\t\t\t\t\t<\/div>\n\t\t\t\t<\/div>\n\t\t\t\t<\/div>\n\t\t","protected":false},"excerpt":{"rendered":"<p>Dein Online-Ticket zum besten Preis und vermeide Warteschlangen Eintrittskarten kaufen H\u00d6HLE VON NERJA Besuche und Dienstleistungen der H\u00f6hle von Nerja Die Dienstleistungen der H\u00f6hle von Nerja umfassen weit mehr als nur den Besuch der H\u00f6hle, um die gr\u00f6\u00dftm\u00f6gliche Vielfalt an Optionen und den h\u00f6chsten Komfort f\u00fcr alle Besucher zu bieten. Besuche und Dienstleistungen der H\u00f6hle [&hellip;]<\/p>\n","protected":false},"author":1,"featured_media":0,"parent":17061,"menu_order":6,"comment_status":"closed","ping_status":"closed","template":"","meta":{"inline_featured_image":false,"site-sidebar-layout":"no-sidebar","site-content-layout":"page-builder","ast-site-content-layout":"full-width-container","site-content-style":"default","site-sidebar-style":"default","ast-global-header-display":"","ast-banner-title-visibility":"","ast-main-header-display":"","ast-hfb-above-header-display":"","ast-hfb-below-header-display":"","ast-hfb-mobile-header-display":"","site-post-title":"disabled","ast-breadcrumbs-content":"","ast-featured-img":"disabled","footer-sml-layout":"","ast-disable-related-posts":"","theme-transparent-header-meta":"default","adv-header-id-meta":"","stick-header-meta":"default","header-above-stick-meta":"","header-main-stick-meta":"","header-below-stick-meta":"","astra-migrate-meta-layouts":"set","ast-page-background-enabled":"default","ast-page-background-meta":{"desktop":{"background-color":"var(--ast-global-color-4)","background-image":"","background-repeat":"repeat","background-position":"center center","background-size":"auto","background-attachment":"scroll","background-type":"","background-media":"","overlay-type":"","overlay-color":"","overlay-opacity":"","overlay-gradient":""},"tablet":{"background-color":"","background-image":"","background-repeat":"repeat","background-position":"center center","background-size":"auto","background-attachment":"scroll","background-type":"","background-media":"","overlay-type":"","overlay-color":"","overlay-opacity":"","overlay-gradient":""},"mobile":{"background-color":"","background-image":"","background-repeat":"repeat","background-position":"center center","background-size":"auto","background-attachment":"scroll","background-type":"","background-media":"","overlay-type":"","overlay-color":"","overlay-opacity":"","overlay-gradient":""}},"ast-content-background-meta":{"desktop":{"background-color":"var(--ast-global-color-5)","background-image":"","background-repeat":"repeat","background-position":"center center","background-size":"auto","background-attachment":"scroll","background-type":"","background-media":"","overlay-type":"","overlay-color":"","overlay-opacity":"","overlay-gradient":""},"tablet":{"background-color":"var(--ast-global-color-5)","background-image":"","background-repeat":"repeat","background-position":"center center","background-size":"auto","background-attachment":"scroll","background-type":"","background-media":"","overlay-type":"","overlay-color":"","overlay-opacity":"","overlay-gradient":""},"mobile":{"background-color":"var(--ast-global-color-5)","background-image":"","background-repeat":"repeat","background-position":"center center","background-size":"auto","background-attachment":"scroll","background-type":"","background-media":"","overlay-type":"","overlay-color":"","overlay-opacity":"","overlay-gradient":""}},"footnotes":""},"class_list":["post-17186","page","type-page","status-publish","hentry"],"_links":{"self":[{"href":"https:\/\/cuevadenerja.es\/de\/wp-json\/wp\/v2\/pages\/17186","targetHints":{"allow":["GET"]}}],"collection":[{"href":"https:\/\/cuevadenerja.es\/de\/wp-json\/wp\/v2\/pages"}],"about":[{"href":"https:\/\/cuevadenerja.es\/de\/wp-json\/wp\/v2\/types\/page"}],"author":[{"embeddable":true,"href":"https:\/\/cuevadenerja.es\/de\/wp-json\/wp\/v2\/users\/1"}],"replies":[{"embeddable":true,"href":"https:\/\/cuevadenerja.es\/de\/wp-json\/wp\/v2\/comments?post=17186"}],"version-history":[{"count":0,"href":"https:\/\/cuevadenerja.es\/de\/wp-json\/wp\/v2\/pages\/17186\/revisions"}],"up":[{"embeddable":true,"href":"https:\/\/cuevadenerja.es\/de\/wp-json\/wp\/v2\/pages\/17061"}],"wp:attachment":[{"href":"https:\/\/cuevadenerja.es\/de\/wp-json\/wp\/v2\/media?parent=17186"}],"curies":[{"name":"wp","href":"https:\/\/api.w.org\/{rel}","templated":true}]}}