{"id":17180,"date":"2023-10-23T13:40:41","date_gmt":"2023-10-23T11:40:41","guid":{"rendered":"https:\/\/cuevadenerja.es\/?page_id=17180"},"modified":"2024-02-21T09:47:44","modified_gmt":"2024-02-21T08:47:44","slug":"natur","status":"publish","type":"page","link":"https:\/\/cuevadenerja.es\/de\/hohle\/natur\/","title":{"rendered":"Natur"},"content":{"rendered":"\t\t<div data-elementor-type=\"wp-page\" data-elementor-id=\"17180\" class=\"elementor elementor-17180 elementor-12462\" data-elementor-post-type=\"page\">\n\t\t\t\t<div class=\"elementor-element elementor-element-022a994 e-flex e-con-boxed e-con e-parent\" data-id=\"022a994\" data-element_type=\"container\" data-e-type=\"container\" data-settings=\"{&quot;background_background&quot;:&quot;classic&quot;}\">\n\t\t\t\t\t<div class=\"e-con-inner\">\n\t\t\t\t<div class=\"elementor-element elementor-element-d9478ee elementor-widget elementor-widget-text-editor\" data-id=\"d9478ee\" data-element_type=\"widget\" data-e-type=\"widget\" data-widget_type=\"text-editor.default\">\n\t\t\t\t<div class=\"elementor-widget-container\">\n\t\t\t\t\t\t\t\t\t<p>Dein <strong>Online-Ticket<\/strong> zum besten Preis und vermeide Warteschlangen<\/p>\t\t\t\t\t\t\t\t<\/div>\n\t\t\t\t<\/div>\n\t\t\t\t<div class=\"elementor-element elementor-element-5b29e30 elementor-widget elementor-widget-button\" data-id=\"5b29e30\" data-element_type=\"widget\" data-e-type=\"widget\" data-widget_type=\"button.default\">\n\t\t\t\t<div class=\"elementor-widget-container\">\n\t\t\t\t\t\t\t\t\t<div class=\"elementor-button-wrapper\">\n\t\t\t\t\t<a class=\"elementor-button elementor-button-link elementor-size-sm\" href=\"https:\/\/entradas.cuevadenerja.es\/\" target=\"_blank\">\n\t\t\t\t\t\t<span class=\"elementor-button-content-wrapper\">\n\t\t\t\t\t\t<span class=\"elementor-button-icon\">\n\t\t\t\t<svg aria-hidden=\"true\" class=\"e-font-icon-svg e-fas-ticket-alt\" viewBox=\"0 0 576 512\" xmlns=\"http:\/\/www.w3.org\/2000\/svg\"><path d=\"M128 160h320v192H128V160zm400 96c0 26.51 21.49 48 48 48v96c0 26.51-21.49 48-48 48H48c-26.51 0-48-21.49-48-48v-96c26.51 0 48-21.49 48-48s-21.49-48-48-48v-96c0-26.51 21.49-48 48-48h480c26.51 0 48 21.49 48 48v96c-26.51 0-48 21.49-48 48zm-48-104c0-13.255-10.745-24-24-24H120c-13.255 0-24 10.745-24 24v208c0 13.255 10.745 24 24 24h336c13.255 0 24-10.745 24-24V152z\"><\/path><\/svg>\t\t\t<\/span>\n\t\t\t\t\t\t\t\t\t<span class=\"elementor-button-text\">Eintrittskarten kaufen<\/span>\n\t\t\t\t\t<\/span>\n\t\t\t\t\t<\/a>\n\t\t\t\t<\/div>\n\t\t\t\t\t\t\t\t<\/div>\n\t\t\t\t<\/div>\n\t\t\t\t\t<\/div>\n\t\t\t\t<\/div>\n\t\t<div data-dce-background-overlay-image-url=\"https:\/\/cuevadenerja.es\/wp-content\/uploads\/2023\/11\/Jardin-botanico-cueva.jpg\" class=\"elementor-element elementor-element-d861893 e-flex e-con-boxed e-con e-parent\" data-id=\"d861893\" data-element_type=\"container\" data-e-type=\"container\" data-settings=\"{&quot;background_background&quot;:&quot;classic&quot;}\">\n\t\t\t\t\t<div class=\"e-con-inner\">\n\t\t<div class=\"elementor-element elementor-element-ab32d23 e-con-full e-flex e-con e-child\" data-id=\"ab32d23\" data-element_type=\"container\" data-e-type=\"container\">\n\t\t\t\t<div class=\"elementor-element elementor-element-0a01eef elementor-widget elementor-widget-text-editor\" data-id=\"0a01eef\" data-element_type=\"widget\" data-e-type=\"widget\" data-widget_type=\"text-editor.default\">\n\t\t\t\t<div class=\"elementor-widget-container\">\n\t\t\t\t\t\t\t\t\t<p>H\u00f6hle von Nerja<\/p>\t\t\t\t\t\t\t\t<\/div>\n\t\t\t\t<\/div>\n\t\t\t\t<div class=\"elementor-element elementor-element-2444550 elementor-widget elementor-widget-heading\" data-id=\"2444550\" data-element_type=\"widget\" data-e-type=\"widget\" data-widget_type=\"heading.default\">\n\t\t\t\t<div class=\"elementor-widget-container\">\n\t\t\t\t\t<h1 class=\"elementor-heading-title elementor-size-default\">Natur in der H\u00f6hle von Nerja<\/h1>\t\t\t\t<\/div>\n\t\t\t\t<\/div>\n\t\t\t\t<div class=\"elementor-element elementor-element-f0a2e7b elementor-widget elementor-widget-text-editor\" data-id=\"f0a2e7b\" data-element_type=\"widget\" data-e-type=\"widget\" data-widget_type=\"text-editor.default\">\n\t\t\t\t<div class=\"elementor-widget-container\">\n\t\t\t\t\t\t\t\t\t<div class=\"flex-1 overflow-hidden\"><div class=\"react-scroll-to-bottom--css-rulwo-79elbk h-full\"><div class=\"react-scroll-to-bottom--css-rulwo-1n7m0yu\"><div class=\"flex flex-col pb-9 text-sm\"><div class=\"w-full text-token-text-primary\" data-testid=\"conversation-turn-201\"><div class=\"px-4 py-2 justify-center text-base md:gap-6 m-auto\"><div class=\"flex flex-1 text-base mx-auto gap-3 md:px-5 lg:px-1 xl:px-5 md:max-w-3xl lg:max-w-[40rem] xl:max-w-[48rem] group final-completion\"><div class=\"relative flex w-full flex-col agent-turn\"><div class=\"flex-col gap-1 md:gap-3\"><div class=\"flex flex-grow flex-col max-w-full\"><div class=\"min-h-[20px] text-message flex flex-col items-start gap-3 whitespace-pre-wrap break-words [.text-message+&amp;]:mt-5 overflow-x-auto\" data-message-author-role=\"assistant\" data-message-id=\"a7cfcfd2-b225-4279-a986-ef5a59217db4\"><div class=\"markdown prose w-full break-words dark:prose-invert light\"><p>Die <strong>Natur<\/strong> in der <strong>H\u00f6hle von Nerja<\/strong> ist ein Privileg, das sich rund um die gesamte Anlage erstreckt. So bieten ihre <strong>G\u00e4rten<\/strong> verschiedene Bereiche zum Spazierengehen, und im <strong>Botanischen Garten Detunda-H\u00f6hle von Nerja<\/strong> kann man <strong>endemische Arten<\/strong> sowie exotischere <strong>Spezies<\/strong> bewundern.<\/p><p>Das Gel\u00e4nde der H\u00f6hle verf\u00fcgt \u00fcber angelegte <strong>Gartenbereiche<\/strong> und eine privilegierte <strong>nat\u00fcrliche Umgebung<\/strong> zwischen den <strong>Klippen von Maro und Cerro Gordo<\/strong> sowie dem <strong>Naturpark<\/strong>, der von den Gebirgsketten <strong>Tejeda, Almijara und Alhama<\/strong> gebildet wird.<\/p><\/div><\/div><\/div><\/div><\/div><\/div><\/div><\/div><\/div><\/div><\/div><\/div>\t\t\t\t\t\t\t\t<\/div>\n\t\t\t\t<\/div>\n\t\t\t\t<\/div>\n\t\t\t\t\t<\/div>\n\t\t\t\t<\/div>\n\t\t<div class=\"elementor-element elementor-element-db9e65d e-con-full e-flex e-con e-parent\" data-id=\"db9e65d\" data-element_type=\"container\" data-e-type=\"container\" data-settings=\"{&quot;background_background&quot;:&quot;classic&quot;}\">\n\t\t<div class=\"elementor-element elementor-element-20ca3a7 e-con-full e-flex e-con e-child\" data-id=\"20ca3a7\" data-element_type=\"container\" data-e-type=\"container\" data-settings=\"{&quot;background_background&quot;:&quot;classic&quot;}\">\n\t\t\t\t<div class=\"elementor-element elementor-element-2c4c6da elementor-widget elementor-widget-heading\" data-id=\"2c4c6da\" data-element_type=\"widget\" data-e-type=\"widget\" data-widget_type=\"heading.default\">\n\t\t\t\t<div class=\"elementor-widget-container\">\n\t\t\t\t\t<h2 class=\"elementor-heading-title elementor-size-default\">Natur Natur Natur Natur Natur Natur Natur Natur Natur Natur Natur Natur Natur Natur Natur Natur Natur Natur Natur Natur Natur Natur Natur Natur Natur Natur Natur Natur Natur Natur Natur Natur Natur Natur Natur Natur Natur Natur Natur Natur Natur Natur Natur Natur Natur Natur Natur Natur Natur Natur Natur Natur Natur Natur Natur Natur Natur Natur Natur Natur Natur Natur Natur Natur Natur Natur Natur Natur Natur Natur Natur Natur Natur Natur Natur Natur Natur <\/h2>\t\t\t\t<\/div>\n\t\t\t\t<\/div>\n\t\t\t\t<\/div>\n\t\t\t\t<\/div>\n\t\t<div class=\"elementor-element elementor-element-2ea83bc e-flex e-con-boxed e-con e-parent\" data-id=\"2ea83bc\" data-element_type=\"container\" data-e-type=\"container\" data-settings=\"{&quot;background_background&quot;:&quot;classic&quot;}\">\n\t\t\t\t\t<div class=\"e-con-inner\">\n\t\t<div class=\"elementor-element elementor-element-b1b98ef e-con-full e-flex e-con e-child\" data-id=\"b1b98ef\" data-element_type=\"container\" data-e-type=\"container\">\n\t\t\t\t<div class=\"elementor-element elementor-element-dcd40e8 elementor-widget elementor-widget-text-editor\" data-id=\"dcd40e8\" data-element_type=\"widget\" data-e-type=\"widget\" data-widget_type=\"text-editor.default\">\n\t\t\t\t<div class=\"elementor-widget-container\">\n\t\t\t\t\t\t\t\t\t<h3><span style=\"color: #b7916c;\"><strong>Der Botanische Garten Detunda-H\u00f6hle von Nerja<\/strong><\/span><\/h3><p>Aufgrund seiner Lage beherbergt der <strong>Botanische Garten Detunda-H\u00f6hle von Nerja<\/strong> Arten aus dem s\u00fcdwestlichen Bereich von Granada und dem \u00f6stlichen Bereich von M\u00e1laga. Dieser Gartenbereich befindet sich daher in einer <strong>vielf\u00e4ltigen Geographie<\/strong> und bietet eine <strong>Vielzahl von Arten<\/strong>, einschlie\u00dflich <strong>endemischer Arten der Region<\/strong>.<br \/>Beim Spaziergang durch den Botanischen Garten, zu dem man vom Gel\u00e4nde der <strong>H\u00f6hle von Nerja<\/strong> aus Zugang hat, sieht man eine gro\u00dfe Auswahl an typisch mediterraner Flora, die an lange <strong>Trockenperioden im Sommer<\/strong> angepasst ist.<\/p><p>Dar\u00fcber hinaus werden auf diesem Naturgel\u00e4nde auch Beispiele f\u00fcr verschiedene <strong>traditionelle Anbauweisen<\/strong> dieser geografischen Gebiete pr\u00e4sentiert. Es beherbergt ebenfalls eine <strong>Sammlung von Orchideen<\/strong> und <strong>seltenen Arten<\/strong>.<\/p><p>Der <strong>Botanische Garten Detunda-H\u00f6hle von Nerja<\/strong> geh\u00f6rt der <strong>Junta de Andaluc\u00eda<\/strong> und ist vom H\u00f6hlengel\u00e4nde aus zug\u00e4nglich, sein Eingang befindet sich hinter dem Ticketbereich. <a href=\"https:\/\/www.juntadeandalucia.es\/medioambiente\/portal\/landing-page-%C3%ADndice\/-\/asset_publisher\/zX2ouZa4r1Rf\/content\/jard-c3-adn-bot-c3-a1nico-detunda-cueva-de-nerja\/20151\" target=\"_blank\" rel=\"noopener\">Weitere Informationen finden Sie unter diesem Link<\/a>.<br \/><a href=\"https:\/\/www.juntadeandalucia.es\/medioambiente\/portal\/web\/ventanadelvisitante\/detalle-buscador-mapa\/-\/asset_publisher\/Jlbxh2qB3NwR\/content\/detunda-cueva-de-nerja\/255035\" target=\"_blank\" rel=\"noopener\">Seine \u00d6ffnungszeiten<\/a> sind wie folgt.<\/p><h3><span style=\"color: #b7916c;\"><strong>Naturpfad in der H\u00f6hle von Nerja<\/strong><\/span><\/h3><p>Der <strong>Pfad H\u00f6hle von Nerja-Almijara<\/strong> bietet Zugang zum Gebirge, mit einer l\u00e4ngeren zirkul\u00e4ren Route und Alternativen f\u00fcr eine einfachere Route.<br \/>Vom <strong>Plaza de los Descubridores<\/strong>, im Herzen des H\u00f6hlengel\u00e4ndes, beginnt der <strong>Pfad H\u00f6hle von Nerja-Almijara<\/strong> rechts neben dem Denkmal, das ihnen gewidmet ist, und f\u00fchrt nach links direkt in das Gebirge.<\/p><p>Es ist ein einfacher Weg, 1.750 Meter lang, der auf einer gesch\u00e4tzten Rundroute von etwa 2 Stunden durchgef\u00fchrt wird.<\/p><p>Eine andere Option ist es, diesen Weg nur bis zu einem Teil zu gehen, so kann man zum Aussichtspunkt gelangen, wo eine Holzbank einen <strong>unglaublichen Blick auf Nerja<\/strong> und Maro mit seinem Meer im Hintergrund bietet. Diese Route ist etwa 800 Meter lang, so dass sie weniger als 1 Stunde dauert. Bei dieser Alternative ist die Route linear und sowohl der Hin- als auch der R\u00fcckweg erfolgen \u00fcber denselben Abschnitt.<\/p><h3><span style=\"color: #b7916c;\"><strong>G\u00e4rten und Natur im Gel\u00e4nde der H\u00f6hle von Nerja<\/strong><\/span><\/h3><p>Die <strong>H\u00f6hle von Nerja<\/strong> ist in einem gro\u00dfen Gel\u00e4nde eingebettet, einem einzigartigen Raum zwischen riesigen Pinien, mit Spazierwegen und B\u00e4nken zum Ausruhen, wo zahlreiche <strong>Pflanzenarten<\/strong> betrachtet werden k\u00f6nnen und auch verschiedene <strong>Tierarten<\/strong> wie Eichh\u00f6rnchen, Libellen oder Schmetterlinge beobachtet werden k\u00f6nnen.<br \/>Entlang des Spaziergangs durch die inneren G\u00e4rten des H\u00f6hlengel\u00e4ndes gibt es B\u00e4nke, die installiert wurden, damit der Besucher sich ausruhen kann. Au\u00dferdem gibt es hinter dem Eingang zur H\u00f6hle einen Kinderspielplatz und einen Picknickbereich mit Holztischen und -b\u00e4nken, um eine Mahlzeit oder ein Picknick mit der Familie oder Freunden zu teilen.<\/p><p>Wenn man durch unser Gel\u00e4nde spaziert, kann man &#8211; vom Eingang aus links &#8211; die <strong>Ermita de San Isidro<\/strong> aus dem 19. Jahrhundert sehen, die auf den Mauern des alten Friedhofs von Maro erbaut wurde. An ihren W\u00e4nden finden sich interessante Gravuren aus dieser Zeit, die den Hirten der Gegend zugeschrieben werden.<\/p><p>Zudem befindet sich neben dem <strong>Botanischen Garten<\/strong> ein weiterer Eingang, der zu einem Fu\u00dfweg zum Dorf Maro f\u00fchrt, in dem sich die H\u00f6hle befindet. Es handelt sich um eine Route, die \u00fcber den Garten und eine moderne Fu\u00dfg\u00e4ngerbr\u00fccke \u00fcber die Stra\u00dfe verl\u00e4uft, die mit diesem Ort verbunden ist.<\/p>\t\t\t\t\t\t\t\t<\/div>\n\t\t\t\t<\/div>\n\t\t<div class=\"elementor-element elementor-element-2338c29 e-grid e-con-boxed e-con e-child\" data-id=\"2338c29\" data-element_type=\"container\" data-e-type=\"container\">\n\t\t\t\t\t<div class=\"e-con-inner\">\n\t\t\t\t<div class=\"elementor-element elementor-element-a86512a elementor-widget elementor-widget-image\" data-id=\"a86512a\" data-element_type=\"widget\" data-e-type=\"widget\" data-widget_type=\"image.default\">\n\t\t\t\t<div class=\"elementor-widget-container\">\n\t\t\t\t\t\t\t\t\t\t\t\t\t\t\t<img fetchpriority=\"high\" decoding=\"async\" width=\"700\" height=\"525\" src=\"https:\/\/cuevadenerja.es\/wp-content\/uploads\/2023\/11\/Jardin-botanico-cueva.jpg\" class=\"attachment-large size-large wp-image-13124\" alt=\"\" srcset=\"https:\/\/cuevadenerja.es\/wp-content\/uploads\/2023\/11\/Jardin-botanico-cueva.jpg 700w, https:\/\/cuevadenerja.es\/wp-content\/uploads\/2023\/11\/Jardin-botanico-cueva-300x225.jpg 300w\" sizes=\"(max-width: 700px) 100vw, 700px\" \/>\t\t\t\t\t\t\t\t\t\t\t\t\t\t\t<\/div>\n\t\t\t\t<\/div>\n\t\t\t\t<div class=\"elementor-element elementor-element-04344f1 elementor-widget elementor-widget-image\" data-id=\"04344f1\" data-element_type=\"widget\" data-e-type=\"widget\" data-widget_type=\"image.default\">\n\t\t\t\t<div class=\"elementor-widget-container\">\n\t\t\t\t\t\t\t\t\t\t\t\t\t\t\t<img decoding=\"async\" width=\"700\" height=\"525\" src=\"https:\/\/cuevadenerja.es\/wp-content\/uploads\/2023\/11\/Jardin-botanico-1.jpg\" class=\"attachment-large size-large wp-image-13126\" alt=\"\" srcset=\"https:\/\/cuevadenerja.es\/wp-content\/uploads\/2023\/11\/Jardin-botanico-1.jpg 700w, https:\/\/cuevadenerja.es\/wp-content\/uploads\/2023\/11\/Jardin-botanico-1-300x225.jpg 300w\" sizes=\"(max-width: 700px) 100vw, 700px\" \/>\t\t\t\t\t\t\t\t\t\t\t\t\t\t\t<\/div>\n\t\t\t\t<\/div>\n\t\t\t\t\t<\/div>\n\t\t\t\t<\/div>\n\t\t\t\t<\/div>\n\t\t\t\t\t<\/div>\n\t\t\t\t<\/div>\n\t\t\t\t<\/div>\n\t\t","protected":false},"excerpt":{"rendered":"<p>Dein Online-Ticket zum besten Preis und vermeide Warteschlangen Eintrittskarten kaufen H\u00f6hle von Nerja Natur in der H\u00f6hle von Nerja Die Natur in der H\u00f6hle von Nerja ist ein Privileg, das sich rund um die gesamte Anlage erstreckt. So bieten ihre G\u00e4rten verschiedene Bereiche zum Spazierengehen, und im Botanischen Garten Detunda-H\u00f6hle von Nerja kann man endemische [&hellip;]<\/p>\n","protected":false},"author":1,"featured_media":0,"parent":17061,"menu_order":5,"comment_status":"closed","ping_status":"closed","template":"","meta":{"inline_featured_image":false,"site-sidebar-layout":"no-sidebar","site-content-layout":"page-builder","ast-site-content-layout":"full-width-container","site-content-style":"default","site-sidebar-style":"default","ast-global-header-display":"","ast-banner-title-visibility":"","ast-main-header-display":"","ast-hfb-above-header-display":"","ast-hfb-below-header-display":"","ast-hfb-mobile-header-display":"","site-post-title":"disabled","ast-breadcrumbs-content":"","ast-featured-img":"disabled","footer-sml-layout":"","ast-disable-related-posts":"","theme-transparent-header-meta":"default","adv-header-id-meta":"","stick-header-meta":"default","header-above-stick-meta":"","header-main-stick-meta":"","header-below-stick-meta":"","astra-migrate-meta-layouts":"set","ast-page-background-enabled":"default","ast-page-background-meta":{"desktop":{"background-color":"var(--ast-global-color-4)","background-image":"","background-repeat":"repeat","background-position":"center center","background-size":"auto","background-attachment":"scroll","background-type":"","background-media":"","overlay-type":"","overlay-color":"","overlay-opacity":"","overlay-gradient":""},"tablet":{"background-color":"","background-image":"","background-repeat":"repeat","background-position":"center center","background-size":"auto","background-attachment":"scroll","background-type":"","background-media":"","overlay-type":"","overlay-color":"","overlay-opacity":"","overlay-gradient":""},"mobile":{"background-color":"","background-image":"","background-repeat":"repeat","background-position":"center center","background-size":"auto","background-attachment":"scroll","background-type":"","background-media":"","overlay-type":"","overlay-color":"","overlay-opacity":"","overlay-gradient":""}},"ast-content-background-meta":{"desktop":{"background-color":"var(--ast-global-color-5)","background-image":"","background-repeat":"repeat","background-position":"center center","background-size":"auto","background-attachment":"scroll","background-type":"","background-media":"","overlay-type":"","overlay-color":"","overlay-opacity":"","overlay-gradient":""},"tablet":{"background-color":"var(--ast-global-color-5)","background-image":"","background-repeat":"repeat","background-position":"center center","background-size":"auto","background-attachment":"scroll","background-type":"","background-media":"","overlay-type":"","overlay-color":"","overlay-opacity":"","overlay-gradient":""},"mobile":{"background-color":"var(--ast-global-color-5)","background-image":"","background-repeat":"repeat","background-position":"center center","background-size":"auto","background-attachment":"scroll","background-type":"","background-media":"","overlay-type":"","overlay-color":"","overlay-opacity":"","overlay-gradient":""}},"footnotes":""},"class_list":["post-17180","page","type-page","status-publish","hentry"],"_links":{"self":[{"href":"https:\/\/cuevadenerja.es\/de\/wp-json\/wp\/v2\/pages\/17180","targetHints":{"allow":["GET"]}}],"collection":[{"href":"https:\/\/cuevadenerja.es\/de\/wp-json\/wp\/v2\/pages"}],"about":[{"href":"https:\/\/cuevadenerja.es\/de\/wp-json\/wp\/v2\/types\/page"}],"author":[{"embeddable":true,"href":"https:\/\/cuevadenerja.es\/de\/wp-json\/wp\/v2\/users\/1"}],"replies":[{"embeddable":true,"href":"https:\/\/cuevadenerja.es\/de\/wp-json\/wp\/v2\/comments?post=17180"}],"version-history":[{"count":0,"href":"https:\/\/cuevadenerja.es\/de\/wp-json\/wp\/v2\/pages\/17180\/revisions"}],"up":[{"embeddable":true,"href":"https:\/\/cuevadenerja.es\/de\/wp-json\/wp\/v2\/pages\/17061"}],"wp:attachment":[{"href":"https:\/\/cuevadenerja.es\/de\/wp-json\/wp\/v2\/media?parent=17180"}],"curies":[{"name":"wp","href":"https:\/\/api.w.org\/{rel}","templated":true}]}}