{"id":17157,"date":"2023-10-23T13:31:21","date_gmt":"2023-10-23T11:31:21","guid":{"rendered":"https:\/\/cuevadenerja.es\/?page_id=17157"},"modified":"2024-02-20T19:50:00","modified_gmt":"2024-02-20T18:50:00","slug":"geschichte","status":"publish","type":"page","link":"https:\/\/cuevadenerja.es\/de\/hohle\/geschichte\/","title":{"rendered":"Geschichte"},"content":{"rendered":"\t\t<div data-elementor-type=\"wp-page\" data-elementor-id=\"17157\" class=\"elementor elementor-17157 elementor-12460\" data-elementor-post-type=\"page\">\n\t\t\t\t<div class=\"elementor-element elementor-element-6eb6d51 e-flex e-con-boxed e-con e-parent\" data-id=\"6eb6d51\" data-element_type=\"container\" data-e-type=\"container\" data-settings=\"{&quot;background_background&quot;:&quot;classic&quot;}\">\n\t\t\t\t\t<div class=\"e-con-inner\">\n\t\t\t\t<div class=\"elementor-element elementor-element-052c55c elementor-widget elementor-widget-text-editor\" data-id=\"052c55c\" data-element_type=\"widget\" data-e-type=\"widget\" data-widget_type=\"text-editor.default\">\n\t\t\t\t<div class=\"elementor-widget-container\">\n\t\t\t\t\t\t\t\t\t<p>Dein Online-Ticket zum <strong>besten Preis<\/strong> und vermeide <strong>Warteschlangen<\/strong><\/p>\t\t\t\t\t\t\t\t<\/div>\n\t\t\t\t<\/div>\n\t\t\t\t<div class=\"elementor-element elementor-element-6d447a0 elementor-widget elementor-widget-button\" data-id=\"6d447a0\" data-element_type=\"widget\" data-e-type=\"widget\" data-widget_type=\"button.default\">\n\t\t\t\t<div class=\"elementor-widget-container\">\n\t\t\t\t\t\t\t\t\t<div class=\"elementor-button-wrapper\">\n\t\t\t\t\t<a class=\"elementor-button elementor-button-link elementor-size-sm\" href=\"https:\/\/entradas.cuevadenerja.es\/\" target=\"_blank\">\n\t\t\t\t\t\t<span class=\"elementor-button-content-wrapper\">\n\t\t\t\t\t\t<span class=\"elementor-button-icon\">\n\t\t\t\t<svg aria-hidden=\"true\" class=\"e-font-icon-svg e-fas-ticket-alt\" viewBox=\"0 0 576 512\" xmlns=\"http:\/\/www.w3.org\/2000\/svg\"><path d=\"M128 160h320v192H128V160zm400 96c0 26.51 21.49 48 48 48v96c0 26.51-21.49 48-48 48H48c-26.51 0-48-21.49-48-48v-96c26.51 0 48-21.49 48-48s-21.49-48-48-48v-96c0-26.51 21.49-48 48-48h480c26.51 0 48 21.49 48 48v96c-26.51 0-48 21.49-48 48zm-48-104c0-13.255-10.745-24-24-24H120c-13.255 0-24 10.745-24 24v208c0 13.255 10.745 24 24 24h336c13.255 0 24-10.745 24-24V152z\"><\/path><\/svg>\t\t\t<\/span>\n\t\t\t\t\t\t\t\t\t<span class=\"elementor-button-text\">Eintrittskarten kaufen<\/span>\n\t\t\t\t\t<\/span>\n\t\t\t\t\t<\/a>\n\t\t\t\t<\/div>\n\t\t\t\t\t\t\t\t<\/div>\n\t\t\t\t<\/div>\n\t\t\t\t\t<\/div>\n\t\t\t\t<\/div>\n\t\t<div data-dce-background-overlay-image-url=\"https:\/\/cuevadenerja.es\/wp-content\/uploads\/2023\/10\/Punta-Gravetiense.jpg\" class=\"elementor-element elementor-element-443ed2c e-flex e-con-boxed e-con e-parent\" data-id=\"443ed2c\" data-element_type=\"container\" data-e-type=\"container\" data-settings=\"{&quot;background_background&quot;:&quot;classic&quot;}\">\n\t\t\t\t\t<div class=\"e-con-inner\">\n\t\t<div class=\"elementor-element elementor-element-baecf3d e-con-full e-flex e-con e-child\" data-id=\"baecf3d\" data-element_type=\"container\" data-e-type=\"container\">\n\t\t\t\t<div class=\"elementor-element elementor-element-13ed81d elementor-widget elementor-widget-text-editor\" data-id=\"13ed81d\" data-element_type=\"widget\" data-e-type=\"widget\" data-widget_type=\"text-editor.default\">\n\t\t\t\t<div class=\"elementor-widget-container\">\n\t\t\t\t\t\t\t\t\t<p>H\u00f6hle von Nerja<\/p>\t\t\t\t\t\t\t\t<\/div>\n\t\t\t\t<\/div>\n\t\t\t\t<div class=\"elementor-element elementor-element-82488c5 elementor-widget elementor-widget-heading\" data-id=\"82488c5\" data-element_type=\"widget\" data-e-type=\"widget\" data-widget_type=\"heading.default\">\n\t\t\t\t<div class=\"elementor-widget-container\">\n\t\t\t\t\t<h1 class=\"elementor-heading-title elementor-size-default\">Geschichte der H\u00f6hle von Nerja<\/h1>\t\t\t\t<\/div>\n\t\t\t\t<\/div>\n\t\t\t\t<div class=\"elementor-element elementor-element-989fbe1 elementor-widget elementor-widget-text-editor\" data-id=\"989fbe1\" data-element_type=\"widget\" data-e-type=\"widget\" data-widget_type=\"text-editor.default\">\n\t\t\t\t<div class=\"elementor-widget-container\">\n\t\t\t\t\t\t\t\t\t<p>Die Geschichte der <strong>H\u00f6hle von Nerja<\/strong> begann vor Millionen von Jahren. Tats\u00e4chlich kannten sie bereits unsere Vorfahren: Sie bewohnten sie, schm\u00fcckten sie und nutzten sie als heiligen Ort f\u00fcr Bestattungen. Von all dem sind bis heute <strong>Spuren<\/strong> erhalten geblieben, was diese <strong>H\u00f6hle<\/strong> zu einem Schl\u00fcssel f\u00fcr die Erforschung unserer Vorfahren und ihrer Lebensweisen macht.<\/p>\t\t\t\t\t\t\t\t<\/div>\n\t\t\t\t<\/div>\n\t\t\t\t<\/div>\n\t\t\t\t\t<\/div>\n\t\t\t\t<\/div>\n\t\t<div class=\"elementor-element elementor-element-9454190 e-con-full e-flex e-con e-parent\" data-id=\"9454190\" data-element_type=\"container\" data-e-type=\"container\" data-settings=\"{&quot;background_background&quot;:&quot;classic&quot;}\">\n\t\t<div class=\"elementor-element elementor-element-a3b6217 e-con-full e-flex e-con e-child\" data-id=\"a3b6217\" data-element_type=\"container\" data-e-type=\"container\" data-settings=\"{&quot;background_background&quot;:&quot;classic&quot;}\">\n\t\t\t\t<div class=\"elementor-element elementor-element-8628156 elementor-widget elementor-widget-heading\" data-id=\"8628156\" data-element_type=\"widget\" data-e-type=\"widget\" data-widget_type=\"heading.default\">\n\t\t\t\t<div class=\"elementor-widget-container\">\n\t\t\t\t\t<h2 class=\"elementor-heading-title elementor-size-default\">Geschichte der H\u00f6hle von Nerja Geschichte der H\u00f6hle von Nerja Geschichte der H\u00f6hle von Nerja Geschichte der H\u00f6hle von Nerja Geschichte der H\u00f6hle von Nerja Geschichte der H\u00f6hle von Nerja Geschichte der H\u00f6hle von Nerja Geschichte der H\u00f6hle von Nerja Geschichte der H\u00f6hle von Nerja Geschichte der H\u00f6hle von Nerja Geschichte der H\u00f6hle von Nerja Geschichte der H\u00f6hle von Nerja Geschichte der H\u00f6hle von Nerja Geschichte der H\u00f6hle von Nerja Geschichte der H\u00f6hle von Nerja Geschichte der H\u00f6hle von Nerja Geschichte der H\u00f6hle von Nerja Geschichte der H\u00f6hle von Nerja Geschichte der H\u00f6hle von Nerja Geschichte der H\u00f6hle von Nerja Geschichte der H\u00f6hle von Nerja Geschichte der H\u00f6hle von Nerja Geschichte der H\u00f6hle von Nerja Geschichte der H\u00f6hle von Nerja Geschichte der H\u00f6hle von Nerja Geschichte der H\u00f6hle von Nerja Geschichte der H\u00f6hle von Nerja <\/h2>\t\t\t\t<\/div>\n\t\t\t\t<\/div>\n\t\t\t\t<\/div>\n\t\t\t\t<\/div>\n\t\t<div class=\"elementor-element elementor-element-5290f89 e-flex e-con-boxed e-con e-parent\" data-id=\"5290f89\" data-element_type=\"container\" data-e-type=\"container\" data-settings=\"{&quot;background_background&quot;:&quot;classic&quot;}\">\n\t\t\t\t\t<div class=\"e-con-inner\">\n\t\t<div class=\"elementor-element elementor-element-d233da3 e-con-full e-flex e-con e-child\" data-id=\"d233da3\" data-element_type=\"container\" data-e-type=\"container\">\n\t\t\t\t<div class=\"elementor-element elementor-element-79f3cff elementor-widget elementor-widget-text-editor\" data-id=\"79f3cff\" data-element_type=\"widget\" data-e-type=\"widget\" data-widget_type=\"text-editor.default\">\n\t\t\t\t<div class=\"elementor-widget-container\">\n\t\t\t\t\t\t\t\t\t<h3><span style=\"color: #b7916c;\"><strong>Geschichte der H\u00f6hle von Nerja<\/strong><\/span><\/h3><p>Die <strong>H\u00f6hle von Nerja<\/strong> wurde von pr\u00e4historischen Gruppen seit etwa <strong>35.000 Jahren<\/strong> bis etwa <strong>3.600 Jahre vor der Gegenwart<\/strong> genutzt und frequentiert, wie die bisherigen <strong>arch\u00e4ologischen Ausgrabungen<\/strong> zeigen, die die Geschichte der H\u00f6hle von Nerja dokumentieren.<\/p><p>Sie verwendeten die H\u00f6hle als <strong>Unterschlupf<\/strong> und <strong>Wohnort<\/strong>, um sich auszuruhen und ihre <strong>Alltagsaktivit\u00e4ten<\/strong> durchzuf\u00fchren. Die tieferen Bereiche wurden genutzt, um <strong>H\u00f6hlenmalereien und Gravuren<\/strong> anzulegen. Sie wurde auch als <strong>Grabst\u00e4tte<\/strong> genutzt.<\/p><p>Die \u00e4ltesten auf der Oberfl\u00e4che datierten Anzeichen reichen bis in das <strong>Aurignacien<\/strong> vor etwa <strong>35.000 Jahren<\/strong> zur\u00fcck, eine Zeit mit eisigen Bedingungen und klimatischer Instabilit\u00e4t, in der sie <strong>laminierte Industrien<\/strong> betrieben, um Werkzeuge wie Schaber oder Stichel herzustellen, sowie <strong>Knochenindustrien<\/strong>, um Elemente wie die Griffe dieser Werkzeuge zu formen.<\/p><p>Die dokumentierte menschliche Besiedlungszeit in den Wohnbereichen der H\u00f6hle erstreckt sich vom <strong>Gravettien (29.940 bis 28.580 v. Chr.)<\/strong> bis zur <strong>Kupfersteinzeit (4.830-3.600 v. Chr.)<\/strong>.<\/p><h3><span style=\"color: #b7916c;\"><strong>Funde, die die Geschichte der H\u00f6hle von Nerja zeigen<\/strong><\/span><\/h3><p>Die <strong>arch\u00e4ologischen Ausgrabungen<\/strong> in der H\u00f6hle von Nerja begannen fast sofort nach ihrer Entdeckung und bieten viele Informationen \u00fcber ihre Geschichte und ihre Bewohner.<\/p><p>Als Wohnort f\u00fchrten sie ihre <strong>Alltagsaktivit\u00e4ten<\/strong> wie die Herstellung von <strong>Stein- oder Knochenwerkzeugen<\/strong>, die Herstellung von <strong>K\u00f6rperschmuck<\/strong>, die <strong>t\u00e4gliche Ern\u00e4hrung<\/strong>, die Verarbeitung von Lebensmitteln zur <strong>Konservierung<\/strong> usw. aus. Spuren davon wurden gefunden.<\/p><p>Sie f\u00fchrten auch verschiedene <strong>H\u00f6hlenmalereien und Gravuren<\/strong> durch, die an zahlreichen Stellen der H\u00f6hle betrachtet werden k\u00f6nnen. Neben den k\u00fcnstlerischen Manifestationen selbst wurden <strong>arch\u00e4ologische \u00dcberreste<\/strong> der von ihnen verwendeten Beleuchtungsmethoden gefunden, wie <strong>T\u00f6pfe<\/strong>, in die sie harzhaltige H\u00f6lzer legten, um Feuer zu machen, das ihnen erlaubte, den Raum zu beleuchten, den sie schm\u00fcckten.<\/p><p>Unsere Vorfahren betrachteten die H\u00f6hle auch als einen <strong>heiligen Ort<\/strong>, an dem sie ihre Toten bestatteten, daher wurden mehrere <strong>Skelettreste und Werkzeuge<\/strong> gefunden, die f\u00fcr Bestattungsbeigaben verwendet wurden. Haupts\u00e4chlich im <strong>Neolithikum, Kupfersteinzeit<\/strong> und m\u00f6glicherweise zu Beginn der <strong>Bronzezeit<\/strong>.<\/p><p>Alle genannten Aktionen haben ihre <strong>Spuren in der H\u00f6hle hinterlassen<\/strong> und dank <strong>arch\u00e4ologischer Ausgrabungen<\/strong> sind sie heute sichtbar. Viele von ihnen k\u00f6nnen im <strong>Museum von Nerja<\/strong> betrachtet werden, das mit dem Besuch der H\u00f6hle verbunden ist, um das Wissen zu <strong>erg\u00e4nzen<\/strong>.<\/p>\t\t\t\t\t\t\t\t<\/div>\n\t\t\t\t<\/div>\n\t\t<div class=\"elementor-element elementor-element-25759f1 e-grid e-con-boxed e-con e-child\" data-id=\"25759f1\" data-element_type=\"container\" data-e-type=\"container\">\n\t\t\t\t\t<div class=\"e-con-inner\">\n\t\t\t\t<div class=\"elementor-element elementor-element-46a3563 elementor-widget elementor-widget-image\" data-id=\"46a3563\" data-element_type=\"widget\" data-e-type=\"widget\" data-widget_type=\"image.default\">\n\t\t\t\t<div class=\"elementor-widget-container\">\n\t\t\t\t\t\t\t\t\t\t\t\t\t\t\t<img fetchpriority=\"high\" decoding=\"async\" width=\"1024\" height=\"683\" src=\"https:\/\/cuevadenerja.es\/wp-content\/uploads\/2023\/10\/Cazoletas-labradas-1024x683.jpg\" class=\"attachment-large size-large wp-image-17602\" alt=\"\" srcset=\"https:\/\/cuevadenerja.es\/wp-content\/uploads\/2023\/10\/Cazoletas-labradas-1024x683.jpg 1024w, https:\/\/cuevadenerja.es\/wp-content\/uploads\/2023\/10\/Cazoletas-labradas-300x200.jpg 300w, https:\/\/cuevadenerja.es\/wp-content\/uploads\/2023\/10\/Cazoletas-labradas-768x512.jpg 768w, https:\/\/cuevadenerja.es\/wp-content\/uploads\/2023\/10\/Cazoletas-labradas-1536x1024.jpg 1536w, https:\/\/cuevadenerja.es\/wp-content\/uploads\/2023\/10\/Cazoletas-labradas.jpg 1800w\" sizes=\"(max-width: 1024px) 100vw, 1024px\" \/>\t\t\t\t\t\t\t\t\t\t\t\t\t\t\t<\/div>\n\t\t\t\t<\/div>\n\t\t\t\t<div class=\"elementor-element elementor-element-ccdbd15 elementor-widget elementor-widget-image\" data-id=\"ccdbd15\" data-element_type=\"widget\" data-e-type=\"widget\" data-widget_type=\"image.default\">\n\t\t\t\t<div class=\"elementor-widget-container\">\n\t\t\t\t\t\t\t\t\t\t\t\t\t\t\t<img decoding=\"async\" width=\"1024\" height=\"683\" src=\"https:\/\/cuevadenerja.es\/wp-content\/uploads\/2023\/10\/Punta-de-flecha-1024x683.jpg\" class=\"attachment-large size-large wp-image-17601\" alt=\"\" srcset=\"https:\/\/cuevadenerja.es\/wp-content\/uploads\/2023\/10\/Punta-de-flecha-1024x683.jpg 1024w, https:\/\/cuevadenerja.es\/wp-content\/uploads\/2023\/10\/Punta-de-flecha-300x200.jpg 300w, https:\/\/cuevadenerja.es\/wp-content\/uploads\/2023\/10\/Punta-de-flecha-768x512.jpg 768w, https:\/\/cuevadenerja.es\/wp-content\/uploads\/2023\/10\/Punta-de-flecha-1536x1024.jpg 1536w, https:\/\/cuevadenerja.es\/wp-content\/uploads\/2023\/10\/Punta-de-flecha.jpg 1800w\" sizes=\"(max-width: 1024px) 100vw, 1024px\" \/>\t\t\t\t\t\t\t\t\t\t\t\t\t\t\t<\/div>\n\t\t\t\t<\/div>\n\t\t\t\t\t<\/div>\n\t\t\t\t<\/div>\n\t\t\t\t<\/div>\n\t\t\t\t\t<\/div>\n\t\t\t\t<\/div>\n\t\t\t\t<\/div>\n\t\t","protected":false},"excerpt":{"rendered":"<p>Dein Online-Ticket zum besten Preis und vermeide Warteschlangen Eintrittskarten kaufen H\u00f6hle von Nerja Geschichte der H\u00f6hle von Nerja Die Geschichte der H\u00f6hle von Nerja begann vor Millionen von Jahren. Tats\u00e4chlich kannten sie bereits unsere Vorfahren: Sie bewohnten sie, schm\u00fcckten sie und nutzten sie als heiligen Ort f\u00fcr Bestattungen. Von all dem sind bis heute Spuren [&hellip;]<\/p>\n","protected":false},"author":1,"featured_media":0,"parent":17061,"menu_order":3,"comment_status":"closed","ping_status":"closed","template":"","meta":{"inline_featured_image":false,"site-sidebar-layout":"no-sidebar","site-content-layout":"page-builder","ast-site-content-layout":"full-width-container","site-content-style":"default","site-sidebar-style":"default","ast-global-header-display":"","ast-banner-title-visibility":"","ast-main-header-display":"","ast-hfb-above-header-display":"","ast-hfb-below-header-display":"","ast-hfb-mobile-header-display":"","site-post-title":"disabled","ast-breadcrumbs-content":"","ast-featured-img":"disabled","footer-sml-layout":"","ast-disable-related-posts":"","theme-transparent-header-meta":"default","adv-header-id-meta":"","stick-header-meta":"default","header-above-stick-meta":"","header-main-stick-meta":"","header-below-stick-meta":"","astra-migrate-meta-layouts":"set","ast-page-background-enabled":"default","ast-page-background-meta":{"desktop":{"background-color":"var(--ast-global-color-4)","background-image":"","background-repeat":"repeat","background-position":"center center","background-size":"auto","background-attachment":"scroll","background-type":"","background-media":"","overlay-type":"","overlay-color":"","overlay-opacity":"","overlay-gradient":""},"tablet":{"background-color":"","background-image":"","background-repeat":"repeat","background-position":"center center","background-size":"auto","background-attachment":"scroll","background-type":"","background-media":"","overlay-type":"","overlay-color":"","overlay-opacity":"","overlay-gradient":""},"mobile":{"background-color":"","background-image":"","background-repeat":"repeat","background-position":"center center","background-size":"auto","background-attachment":"scroll","background-type":"","background-media":"","overlay-type":"","overlay-color":"","overlay-opacity":"","overlay-gradient":""}},"ast-content-background-meta":{"desktop":{"background-color":"var(--ast-global-color-5)","background-image":"","background-repeat":"repeat","background-position":"center center","background-size":"auto","background-attachment":"scroll","background-type":"","background-media":"","overlay-type":"","overlay-color":"","overlay-opacity":"","overlay-gradient":""},"tablet":{"background-color":"var(--ast-global-color-5)","background-image":"","background-repeat":"repeat","background-position":"center center","background-size":"auto","background-attachment":"scroll","background-type":"","background-media":"","overlay-type":"","overlay-color":"","overlay-opacity":"","overlay-gradient":""},"mobile":{"background-color":"var(--ast-global-color-5)","background-image":"","background-repeat":"repeat","background-position":"center center","background-size":"auto","background-attachment":"scroll","background-type":"","background-media":"","overlay-type":"","overlay-color":"","overlay-opacity":"","overlay-gradient":""}},"footnotes":""},"class_list":["post-17157","page","type-page","status-publish","hentry"],"_links":{"self":[{"href":"https:\/\/cuevadenerja.es\/de\/wp-json\/wp\/v2\/pages\/17157","targetHints":{"allow":["GET"]}}],"collection":[{"href":"https:\/\/cuevadenerja.es\/de\/wp-json\/wp\/v2\/pages"}],"about":[{"href":"https:\/\/cuevadenerja.es\/de\/wp-json\/wp\/v2\/types\/page"}],"author":[{"embeddable":true,"href":"https:\/\/cuevadenerja.es\/de\/wp-json\/wp\/v2\/users\/1"}],"replies":[{"embeddable":true,"href":"https:\/\/cuevadenerja.es\/de\/wp-json\/wp\/v2\/comments?post=17157"}],"version-history":[{"count":0,"href":"https:\/\/cuevadenerja.es\/de\/wp-json\/wp\/v2\/pages\/17157\/revisions"}],"up":[{"embeddable":true,"href":"https:\/\/cuevadenerja.es\/de\/wp-json\/wp\/v2\/pages\/17061"}],"wp:attachment":[{"href":"https:\/\/cuevadenerja.es\/de\/wp-json\/wp\/v2\/media?parent=17157"}],"curies":[{"name":"wp","href":"https:\/\/api.w.org\/{rel}","templated":true}]}}