{"id":17151,"date":"2023-10-23T13:31:05","date_gmt":"2023-10-23T11:31:05","guid":{"rendered":"https:\/\/cuevadenerja.es\/?page_id=17151"},"modified":"2024-02-20T19:41:52","modified_gmt":"2024-02-20T18:41:52","slug":"hoehlenmalereien","status":"publish","type":"page","link":"https:\/\/cuevadenerja.es\/de\/hohle\/hoehlenmalereien\/","title":{"rendered":"H\u00f6hlenmalereien"},"content":{"rendered":"\t\t<div data-elementor-type=\"wp-page\" data-elementor-id=\"17151\" class=\"elementor elementor-17151 elementor-12458\" data-elementor-post-type=\"page\">\n\t\t\t\t<div class=\"elementor-element elementor-element-0cf8cee e-flex e-con-boxed e-con e-parent\" data-id=\"0cf8cee\" data-element_type=\"container\" data-e-type=\"container\" data-settings=\"{&quot;background_background&quot;:&quot;classic&quot;}\">\n\t\t\t\t\t<div class=\"e-con-inner\">\n\t\t\t\t<div class=\"elementor-element elementor-element-0cfb412 elementor-widget elementor-widget-text-editor\" data-id=\"0cfb412\" data-element_type=\"widget\" data-e-type=\"widget\" data-widget_type=\"text-editor.default\">\n\t\t\t\t<div class=\"elementor-widget-container\">\n\t\t\t\t\t\t\t\t\t<p>Dein Online-Ticket zum <strong>besten Preis<\/strong> und vermeide <strong>Warteschlangen<\/strong><\/p>\t\t\t\t\t\t\t\t<\/div>\n\t\t\t\t<\/div>\n\t\t\t\t<div class=\"elementor-element elementor-element-55e5e4a elementor-widget elementor-widget-button\" data-id=\"55e5e4a\" data-element_type=\"widget\" data-e-type=\"widget\" data-widget_type=\"button.default\">\n\t\t\t\t<div class=\"elementor-widget-container\">\n\t\t\t\t\t\t\t\t\t<div class=\"elementor-button-wrapper\">\n\t\t\t\t\t<a class=\"elementor-button elementor-button-link elementor-size-sm\" href=\"https:\/\/entradas.cuevadenerja.es\/\" target=\"_blank\">\n\t\t\t\t\t\t<span class=\"elementor-button-content-wrapper\">\n\t\t\t\t\t\t<span class=\"elementor-button-icon\">\n\t\t\t\t<svg aria-hidden=\"true\" class=\"e-font-icon-svg e-fas-ticket-alt\" viewBox=\"0 0 576 512\" xmlns=\"http:\/\/www.w3.org\/2000\/svg\"><path d=\"M128 160h320v192H128V160zm400 96c0 26.51 21.49 48 48 48v96c0 26.51-21.49 48-48 48H48c-26.51 0-48-21.49-48-48v-96c26.51 0 48-21.49 48-48s-21.49-48-48-48v-96c0-26.51 21.49-48 48-48h480c26.51 0 48 21.49 48 48v96c-26.51 0-48 21.49-48 48zm-48-104c0-13.255-10.745-24-24-24H120c-13.255 0-24 10.745-24 24v208c0 13.255 10.745 24 24 24h336c13.255 0 24-10.745 24-24V152z\"><\/path><\/svg>\t\t\t<\/span>\n\t\t\t\t\t\t\t\t\t<span class=\"elementor-button-text\">Eintrittskarten kaufen<\/span>\n\t\t\t\t\t<\/span>\n\t\t\t\t\t<\/a>\n\t\t\t\t<\/div>\n\t\t\t\t\t\t\t\t<\/div>\n\t\t\t\t<\/div>\n\t\t\t\t\t<\/div>\n\t\t\t\t<\/div>\n\t\t<div data-dce-background-overlay-image-url=\"https:\/\/cuevadenerja.es\/wp-content\/uploads\/2023\/09\/Cueva-Nerja-7.jpg\" class=\"elementor-element elementor-element-d76513c e-flex e-con-boxed e-con e-parent\" data-id=\"d76513c\" data-element_type=\"container\" data-e-type=\"container\" data-settings=\"{&quot;background_background&quot;:&quot;classic&quot;}\">\n\t\t\t\t\t<div class=\"e-con-inner\">\n\t\t<div class=\"elementor-element elementor-element-7ce21fe e-con-full e-flex e-con e-child\" data-id=\"7ce21fe\" data-element_type=\"container\" data-e-type=\"container\">\n\t\t\t\t<div class=\"elementor-element elementor-element-08a6e94 elementor-widget elementor-widget-text-editor\" data-id=\"08a6e94\" data-element_type=\"widget\" data-e-type=\"widget\" data-widget_type=\"text-editor.default\">\n\t\t\t\t<div class=\"elementor-widget-container\">\n\t\t\t\t\t\t\t\t\t<p>H\u00f6hle von Nerja<\/p>\t\t\t\t\t\t\t\t<\/div>\n\t\t\t\t<\/div>\n\t\t\t\t<div class=\"elementor-element elementor-element-6a1c0a3 elementor-widget elementor-widget-heading\" data-id=\"6a1c0a3\" data-element_type=\"widget\" data-e-type=\"widget\" data-widget_type=\"heading.default\">\n\t\t\t\t<div class=\"elementor-widget-container\">\n\t\t\t\t\t<h1 class=\"elementor-heading-title elementor-size-default\">H\u00f6hlenmalerei der H\u00f6hle von Nerja<\/h1>\t\t\t\t<\/div>\n\t\t\t\t<\/div>\n\t\t\t\t<div class=\"elementor-element elementor-element-7d3a2a3 elementor-widget elementor-widget-text-editor\" data-id=\"7d3a2a3\" data-element_type=\"widget\" data-e-type=\"widget\" data-widget_type=\"text-editor.default\">\n\t\t\t\t<div class=\"elementor-widget-container\">\n\t\t\t\t\t\t\t\t\t<p>Die H\u00f6hlenmalerei der H\u00f6hle von Nerja kann aus konservatorischen Gr\u00fcnden w\u00e4hrend des Besuchs nicht betrachtet werden. Derzeit werden in der Virtual-Reality-Halle des Gel\u00e4ndes Nachbildungen dieser Kunst gezeigt, die im Eintritt zur H\u00f6hle enthalten sind.<\/p>\t\t\t\t\t\t\t\t<\/div>\n\t\t\t\t<\/div>\n\t\t\t\t<\/div>\n\t\t\t\t\t<\/div>\n\t\t\t\t<\/div>\n\t\t<div class=\"elementor-element elementor-element-018e255 e-con-full e-flex e-con e-parent\" data-id=\"018e255\" data-element_type=\"container\" data-e-type=\"container\" data-settings=\"{&quot;background_background&quot;:&quot;classic&quot;}\">\n\t\t<div class=\"elementor-element elementor-element-8348c6a e-con-full e-flex e-con e-child\" data-id=\"8348c6a\" data-element_type=\"container\" data-e-type=\"container\" data-settings=\"{&quot;background_background&quot;:&quot;classic&quot;}\">\n\t\t\t\t<div class=\"elementor-element elementor-element-27dd874 elementor-widget elementor-widget-heading\" data-id=\"27dd874\" data-element_type=\"widget\" data-e-type=\"widget\" data-widget_type=\"heading.default\">\n\t\t\t\t<div class=\"elementor-widget-container\">\n\t\t\t\t\t<h2 class=\"elementor-heading-title elementor-size-default\">H\u00f6hlenmalerei in der H\u00f6hle von Nerja H\u00f6hlenmalerei in der H\u00f6hle von Nerja H\u00f6hlenmalerei in der H\u00f6hle von Nerja H\u00f6hlenmalerei in der H\u00f6hle von Nerja H\u00f6hlenmalerei in der H\u00f6hle von Nerja H\u00f6hlenmalerei in der H\u00f6hle von Nerja H\u00f6hlenmalerei in der H\u00f6hle von Nerja H\u00f6hlenmalerei in der H\u00f6hle von Nerja H\u00f6hlenmalerei in der H\u00f6hle von Nerja H\u00f6hlenmalerei in der H\u00f6hle von Nerja H\u00f6hlenmalerei in der H\u00f6hle von Nerja H\u00f6hlenmalerei in der H\u00f6hle von Nerja H\u00f6hlenmalerei in der H\u00f6hle von Nerja H\u00f6hlenmalerei in der H\u00f6hle von Nerja H\u00f6hlenmalerei in der H\u00f6hle von Nerja H\u00f6hlenmalerei in der H\u00f6hle von Nerja H\u00f6hlenmalerei in der H\u00f6hle von Nerja H\u00f6hlenmalerei in der H\u00f6hle von Nerja H\u00f6hlenmalerei in der H\u00f6hle von Nerja H\u00f6hlenmalerei in der H\u00f6hle von Nerja H\u00f6hlenmalerei in der H\u00f6hle von Nerja H\u00f6hlenmalerei in der H\u00f6hle von Nerja H\u00f6hlenmalerei in der H\u00f6hle von Nerja H\u00f6hlenmalerei in der H\u00f6hle von Nerja H\u00f6hlenmalerei in der H\u00f6hle von Nerja H\u00f6hlenmalerei in der H\u00f6hle von Nerja H\u00f6hlenmalerei in der H\u00f6hle von Nerja H\u00f6hlenmalerei in der H\u00f6hle von Nerja H\u00f6hlenmalerei in der H\u00f6hle von Nerja H\u00f6hlenmalerei in der H\u00f6hle von Nerja H\u00f6hlenmalerei in der H\u00f6hle von Nerja <\/h2>\t\t\t\t<\/div>\n\t\t\t\t<\/div>\n\t\t\t\t<\/div>\n\t\t\t\t<\/div>\n\t\t<div class=\"elementor-element elementor-element-0ac02e2 e-flex e-con-boxed e-con e-parent\" data-id=\"0ac02e2\" data-element_type=\"container\" data-e-type=\"container\" data-settings=\"{&quot;background_background&quot;:&quot;classic&quot;}\">\n\t\t\t\t\t<div class=\"e-con-inner\">\n\t\t<div class=\"elementor-element elementor-element-3ed4d81 e-con-full e-flex e-con e-child\" data-id=\"3ed4d81\" data-element_type=\"container\" data-e-type=\"container\">\n\t\t\t\t<div class=\"elementor-element elementor-element-bac6731 elementor-widget elementor-widget-text-editor\" data-id=\"bac6731\" data-element_type=\"widget\" data-e-type=\"widget\" data-widget_type=\"text-editor.default\">\n\t\t\t\t<div class=\"elementor-widget-container\">\n\t\t\t\t\t\t\t\t\t<h3><span style=\"color: #b7916c;\"><strong>H\u00f6hlenmalerei in der H\u00f6hle von Nerja: Malerei, Gravuren und M\u00f6bel<\/strong><\/span><\/h3>\n<p>Die H\u00f6hle von Nerja ist einer der gr\u00f6\u00dften arch\u00e4ologischen Fundorte des Mittelmeerraums. Ihre R\u00e4ume wurden vor \u00fcber 41.000 Jahren von pr\u00e4historischen Gruppen besucht, obwohl arch\u00e4ologische Ausgrabungen bisher nur eine Besiedlung seit dem Gravettien dokumentieren, die sich in allen Phasen des Solutr\u00e9ens fortsetzt und mit Pr\u00e4senz des mediterranen oberen Magdal\u00e9nien, alle w\u00e4hrend des oberen Pal\u00e4olithikums, bekannt ist. Diesen pleistoz\u00e4nen Kulturen folgen epipal\u00e4olithische Besiedlungen und eine intensive Nutzung, insbesondere in Bezug auf Bestattungen, w\u00e4hrend des Neolithikums und der Kupfersteinzeit im Holoz\u00e4n.<\/p>\n<p>Die H\u00f6hle zeichnet sich jedoch arch\u00e4ologisch dadurch aus, dass sie eine der gr\u00f6\u00dften Ansammlungen von H\u00f6hlenmalerei der Welt beherbergt. Die \u00e4ltesten Darstellungen scheinen auf etwa 35.000 vor unserer Zeit zur\u00fcckzugehen, wobei die gr\u00f6\u00dfte Anzahl von Darstellungen dem Solutr\u00e9-Sanktuarium zuzuordnen ist, das etwa 20.000 Jahre vor der Gegenwart datiert.<\/p>\n<p>Die pr\u00e4historischen k\u00fcnstlerischen Darstellungen wurden haupts\u00e4chlich mit rotem Pigment ausgef\u00fchrt, obwohl auch schwarze zu finden sind. Sie sind haupts\u00e4chlich in den Touristengalerien verteilt, obwohl die Solutr\u00e9-K\u00fcnstler auch ihre Spuren in den oberen Galerien hinterlassen haben.<\/p>\n<p>Es wurden \u00fcber 50 figurative Darstellungen identifiziert, die auf eine sehr begrenzte Gruppe von Tieren reduziert sind: Hirsche und Hirschkuh, Pferde, Ziegen, Robben, Fische und eine m\u00f6gliche schematische Darstellung der weiblichen Figur in Rot.<\/p>\n<p>Die zahlreichsten \u00dcberreste sind Hinweise auf eine grafische Kodierung, die in der Formation bekannt als das Organ deutlich sichtbar ist. Zeichen, die in Serien von Punkten und Strichen angeordnet sind und die m\u00f6glicherweise die erste Form grafischer Kommunikation der Menschheit darstellen.<\/p>\n<p>Die Magdal\u00e9nien-Gruppen, die f\u00fcr so bedeutende Werke wie Altamira verantwortlich sind, haben in Nerja nur Serien von Strichen und Zeichen in schwarzer Farbe hinterlassen. Sie befinden sich an sehr zur\u00fcckgezogenen Stellen in den oberen Galerien, die schwer zug\u00e4nglich sind. Eine Information von gewisser Relevanz ist die Datierung dieser mit Kohlen gezeichneten Grapheme, sie stammen aus den fr\u00fchen Magdal\u00e9nien-Phasen, wobei die Abwesenheit von stratifizierten Magdal\u00e9nien unteren und vollen in der ausgegrabenen Abfolge paradox ist.<\/p>\n<p>Einige erstaunliche Funde, wie die roten Robben im Camar\u00edn de los Pisciformes im K\u00fcchensaal, haben noch keine klare Datierung und k\u00f6nnten die \u00e4ltesten Kunstwerke Europas sein. Bei den Ausgrabungen wurden geringf\u00fcgige Gegenst\u00e4nde aus Stein und Knochen gefunden, mobile Kunst, die Zeichen darstellt, eine Ente in einem Fall, die im Museum von Nerja betrachtet werden kann.<\/p>\n<p>Aber auch die Gesellschaften des Neolithikums und der Kupferzeit haben ihre k\u00fcnstlerischen Manifestationen in der H\u00f6hle hinterlassen. Es sind schematische Darstellungen der menschlichen Figur in Rot, wie die bekannten &#8222;T\u00e4nzerinnen&#8220; im Saal der Torca, h\u00f6chstwahrscheinlich Bogensch\u00fctzen. Es wurden jedoch auch Gravuren identifiziert, wie diejenigen, die in den Gew\u00f6lben des Sims der Roten Kinder im Saal des Katastrophes oder in verschiedenen Fahnen des K\u00fcchensaals erscheinen. Sie sind als Bizeugiges bekannt und erinnern an menschliche Figuren mit oder ohne sexuelle Attribute. Sie werden mit Begr\u00e4bniskulten in Verbindung gebracht. Sie werden dem Besucher nicht gezeigt, da sie sehr zerbrechlich sind und die Sektoren der H\u00f6hle, die von pr\u00e4historischen K\u00fcnstlern genutzt wurden, unzug\u00e4nglich sind.<\/p>\n\t\t\t\t\t\t\t\t<\/div>\n\t\t\t\t<\/div>\n\t\t<div class=\"elementor-element elementor-element-cc22ca9 e-grid e-con-boxed e-con e-child\" data-id=\"cc22ca9\" data-element_type=\"container\" data-e-type=\"container\">\n\t\t\t\t\t<div class=\"e-con-inner\">\n\t\t\t\t<div class=\"elementor-element elementor-element-62a8d42 elementor-widget elementor-widget-image\" data-id=\"62a8d42\" data-element_type=\"widget\" data-e-type=\"widget\" data-widget_type=\"image.default\">\n\t\t\t\t<div class=\"elementor-widget-container\">\n\t\t\t\t\t\t\t\t\t\t\t\t\t\t\t<img fetchpriority=\"high\" decoding=\"async\" width=\"800\" height=\"533\" src=\"https:\/\/cuevadenerja.es\/wp-content\/uploads\/2023\/09\/Cueva-Nerja-7.jpg\" class=\"attachment-large size-large wp-image-17080\" alt=\"\" srcset=\"https:\/\/cuevadenerja.es\/wp-content\/uploads\/2023\/09\/Cueva-Nerja-7.jpg 800w, https:\/\/cuevadenerja.es\/wp-content\/uploads\/2023\/09\/Cueva-Nerja-7-300x200.jpg 300w, https:\/\/cuevadenerja.es\/wp-content\/uploads\/2023\/09\/Cueva-Nerja-7-768x512.jpg 768w\" sizes=\"(max-width: 800px) 100vw, 800px\" \/>\t\t\t\t\t\t\t\t\t\t\t\t\t\t\t<\/div>\n\t\t\t\t<\/div>\n\t\t\t\t<div class=\"elementor-element elementor-element-1dd49f6 elementor-widget elementor-widget-image\" data-id=\"1dd49f6\" data-element_type=\"widget\" data-e-type=\"widget\" data-widget_type=\"image.default\">\n\t\t\t\t<div class=\"elementor-widget-container\">\n\t\t\t\t\t\t\t\t\t\t\t\t\t\t\t<img decoding=\"async\" width=\"800\" height=\"533\" src=\"https:\/\/cuevadenerja.es\/wp-content\/uploads\/2023\/11\/pinturas-cueva-de-nerja-1.jpg\" class=\"attachment-large size-large wp-image-17152\" alt=\"\" srcset=\"https:\/\/cuevadenerja.es\/wp-content\/uploads\/2023\/11\/pinturas-cueva-de-nerja-1.jpg 800w, https:\/\/cuevadenerja.es\/wp-content\/uploads\/2023\/11\/pinturas-cueva-de-nerja-1-300x200.jpg 300w, https:\/\/cuevadenerja.es\/wp-content\/uploads\/2023\/11\/pinturas-cueva-de-nerja-1-768x512.jpg 768w\" sizes=\"(max-width: 800px) 100vw, 800px\" \/>\t\t\t\t\t\t\t\t\t\t\t\t\t\t\t<\/div>\n\t\t\t\t<\/div>\n\t\t\t\t<div class=\"elementor-element elementor-element-dbfe8a5 elementor-widget elementor-widget-image\" data-id=\"dbfe8a5\" data-element_type=\"widget\" data-e-type=\"widget\" data-widget_type=\"image.default\">\n\t\t\t\t<div class=\"elementor-widget-container\">\n\t\t\t\t\t\t\t\t\t\t\t\t\t\t\t<img decoding=\"async\" width=\"1024\" height=\"683\" src=\"https:\/\/cuevadenerja.es\/wp-content\/uploads\/2023\/11\/Antropomorfos-en-pigmento-rojo-1024x683.jpg\" class=\"attachment-large size-large wp-image-17604\" alt=\"\" srcset=\"https:\/\/cuevadenerja.es\/wp-content\/uploads\/2023\/11\/Antropomorfos-en-pigmento-rojo-1024x683.jpg 1024w, https:\/\/cuevadenerja.es\/wp-content\/uploads\/2023\/11\/Antropomorfos-en-pigmento-rojo-300x200.jpg 300w, https:\/\/cuevadenerja.es\/wp-content\/uploads\/2023\/11\/Antropomorfos-en-pigmento-rojo-768x512.jpg 768w, https:\/\/cuevadenerja.es\/wp-content\/uploads\/2023\/11\/Antropomorfos-en-pigmento-rojo-1536x1024.jpg 1536w, https:\/\/cuevadenerja.es\/wp-content\/uploads\/2023\/11\/Antropomorfos-en-pigmento-rojo.jpg 1800w\" sizes=\"(max-width: 1024px) 100vw, 1024px\" \/>\t\t\t\t\t\t\t\t\t\t\t\t\t\t\t<\/div>\n\t\t\t\t<\/div>\n\t\t\t\t<div class=\"elementor-element elementor-element-150782f elementor-widget elementor-widget-image\" data-id=\"150782f\" data-element_type=\"widget\" data-e-type=\"widget\" data-widget_type=\"image.default\">\n\t\t\t\t<div class=\"elementor-widget-container\">\n\t\t\t\t\t\t\t\t\t\t\t\t\t\t\t<img loading=\"lazy\" decoding=\"async\" width=\"1024\" height=\"683\" src=\"https:\/\/cuevadenerja.es\/wp-content\/uploads\/2023\/11\/Cierva-y-signos-solutrenses-1024x683.jpg\" class=\"attachment-large size-large wp-image-17603\" alt=\"\" srcset=\"https:\/\/cuevadenerja.es\/wp-content\/uploads\/2023\/11\/Cierva-y-signos-solutrenses-1024x683.jpg 1024w, https:\/\/cuevadenerja.es\/wp-content\/uploads\/2023\/11\/Cierva-y-signos-solutrenses-300x200.jpg 300w, https:\/\/cuevadenerja.es\/wp-content\/uploads\/2023\/11\/Cierva-y-signos-solutrenses-768x512.jpg 768w, https:\/\/cuevadenerja.es\/wp-content\/uploads\/2023\/11\/Cierva-y-signos-solutrenses-1536x1024.jpg 1536w, https:\/\/cuevadenerja.es\/wp-content\/uploads\/2023\/11\/Cierva-y-signos-solutrenses.jpg 1800w\" sizes=\"(max-width: 1024px) 100vw, 1024px\" \/>\t\t\t\t\t\t\t\t\t\t\t\t\t\t\t<\/div>\n\t\t\t\t<\/div>\n\t\t\t\t\t<\/div>\n\t\t\t\t<\/div>\n\t\t\t\t<\/div>\n\t\t\t\t\t<\/div>\n\t\t\t\t<\/div>\n\t\t\t\t<\/div>\n\t\t","protected":false},"excerpt":{"rendered":"<p>Dein Online-Ticket zum besten Preis und vermeide Warteschlangen Eintrittskarten kaufen H\u00f6hle von Nerja H\u00f6hlenmalerei der H\u00f6hle von Nerja Die H\u00f6hlenmalerei der H\u00f6hle von Nerja kann aus konservatorischen Gr\u00fcnden w\u00e4hrend des Besuchs nicht betrachtet werden. Derzeit werden in der Virtual-Reality-Halle des Gel\u00e4ndes Nachbildungen dieser Kunst gezeigt, die im Eintritt zur H\u00f6hle enthalten sind. H\u00f6hlenmalerei in der [&hellip;]<\/p>\n","protected":false},"author":1,"featured_media":0,"parent":17061,"menu_order":4,"comment_status":"closed","ping_status":"closed","template":"","meta":{"inline_featured_image":false,"site-sidebar-layout":"no-sidebar","site-content-layout":"page-builder","ast-site-content-layout":"full-width-container","site-content-style":"default","site-sidebar-style":"default","ast-global-header-display":"","ast-banner-title-visibility":"","ast-main-header-display":"","ast-hfb-above-header-display":"","ast-hfb-below-header-display":"","ast-hfb-mobile-header-display":"","site-post-title":"disabled","ast-breadcrumbs-content":"","ast-featured-img":"disabled","footer-sml-layout":"","ast-disable-related-posts":"","theme-transparent-header-meta":"default","adv-header-id-meta":"","stick-header-meta":"default","header-above-stick-meta":"","header-main-stick-meta":"","header-below-stick-meta":"","astra-migrate-meta-layouts":"set","ast-page-background-enabled":"default","ast-page-background-meta":{"desktop":{"background-color":"var(--ast-global-color-4)","background-image":"","background-repeat":"repeat","background-position":"center center","background-size":"auto","background-attachment":"scroll","background-type":"","background-media":"","overlay-type":"","overlay-color":"","overlay-opacity":"","overlay-gradient":""},"tablet":{"background-color":"","background-image":"","background-repeat":"repeat","background-position":"center center","background-size":"auto","background-attachment":"scroll","background-type":"","background-media":"","overlay-type":"","overlay-color":"","overlay-opacity":"","overlay-gradient":""},"mobile":{"background-color":"","background-image":"","background-repeat":"repeat","background-position":"center center","background-size":"auto","background-attachment":"scroll","background-type":"","background-media":"","overlay-type":"","overlay-color":"","overlay-opacity":"","overlay-gradient":""}},"ast-content-background-meta":{"desktop":{"background-color":"var(--ast-global-color-5)","background-image":"","background-repeat":"repeat","background-position":"center center","background-size":"auto","background-attachment":"scroll","background-type":"","background-media":"","overlay-type":"","overlay-color":"","overlay-opacity":"","overlay-gradient":""},"tablet":{"background-color":"var(--ast-global-color-5)","background-image":"","background-repeat":"repeat","background-position":"center center","background-size":"auto","background-attachment":"scroll","background-type":"","background-media":"","overlay-type":"","overlay-color":"","overlay-opacity":"","overlay-gradient":""},"mobile":{"background-color":"var(--ast-global-color-5)","background-image":"","background-repeat":"repeat","background-position":"center center","background-size":"auto","background-attachment":"scroll","background-type":"","background-media":"","overlay-type":"","overlay-color":"","overlay-opacity":"","overlay-gradient":""}},"footnotes":""},"class_list":["post-17151","page","type-page","status-publish","hentry"],"_links":{"self":[{"href":"https:\/\/cuevadenerja.es\/de\/wp-json\/wp\/v2\/pages\/17151","targetHints":{"allow":["GET"]}}],"collection":[{"href":"https:\/\/cuevadenerja.es\/de\/wp-json\/wp\/v2\/pages"}],"about":[{"href":"https:\/\/cuevadenerja.es\/de\/wp-json\/wp\/v2\/types\/page"}],"author":[{"embeddable":true,"href":"https:\/\/cuevadenerja.es\/de\/wp-json\/wp\/v2\/users\/1"}],"replies":[{"embeddable":true,"href":"https:\/\/cuevadenerja.es\/de\/wp-json\/wp\/v2\/comments?post=17151"}],"version-history":[{"count":0,"href":"https:\/\/cuevadenerja.es\/de\/wp-json\/wp\/v2\/pages\/17151\/revisions"}],"up":[{"embeddable":true,"href":"https:\/\/cuevadenerja.es\/de\/wp-json\/wp\/v2\/pages\/17061"}],"wp:attachment":[{"href":"https:\/\/cuevadenerja.es\/de\/wp-json\/wp\/v2\/media?parent=17151"}],"curies":[{"name":"wp","href":"https:\/\/api.w.org\/{rel}","templated":true}]}}