{"id":17133,"date":"2023-10-23T13:30:43","date_gmt":"2023-10-23T11:30:43","guid":{"rendered":"https:\/\/cuevadenerja.es\/?page_id=17133"},"modified":"2024-02-20T19:16:47","modified_gmt":"2024-02-20T18:16:47","slug":"naturreichtum","status":"publish","type":"page","link":"https:\/\/cuevadenerja.es\/de\/hohle\/naturreichtum\/","title":{"rendered":"Naturreichtum"},"content":{"rendered":"\t\t<div data-elementor-type=\"wp-page\" data-elementor-id=\"17133\" class=\"elementor elementor-17133 elementor-12456\" data-elementor-post-type=\"page\">\n\t\t\t\t<div class=\"elementor-element elementor-element-527835b e-flex e-con-boxed e-con e-parent\" data-id=\"527835b\" data-element_type=\"container\" data-e-type=\"container\" data-settings=\"{&quot;background_background&quot;:&quot;classic&quot;}\">\n\t\t\t\t\t<div class=\"e-con-inner\">\n\t\t\t\t<div class=\"elementor-element elementor-element-769a85a elementor-widget elementor-widget-text-editor\" data-id=\"769a85a\" data-element_type=\"widget\" data-e-type=\"widget\" data-widget_type=\"text-editor.default\">\n\t\t\t\t<div class=\"elementor-widget-container\">\n\t\t\t\t\t\t\t\t\t<p>Dein Online-Ticket zum <strong>besten Preis<\/strong> und vermeide <strong>Warteschlangen<\/strong><\/p>\t\t\t\t\t\t\t\t<\/div>\n\t\t\t\t<\/div>\n\t\t\t\t<div class=\"elementor-element elementor-element-81e90d4 elementor-widget elementor-widget-button\" data-id=\"81e90d4\" data-element_type=\"widget\" data-e-type=\"widget\" data-widget_type=\"button.default\">\n\t\t\t\t<div class=\"elementor-widget-container\">\n\t\t\t\t\t\t\t\t\t<div class=\"elementor-button-wrapper\">\n\t\t\t\t\t<a class=\"elementor-button elementor-button-link elementor-size-sm\" href=\"https:\/\/entradas.cuevadenerja.es\/\" target=\"_blank\">\n\t\t\t\t\t\t<span class=\"elementor-button-content-wrapper\">\n\t\t\t\t\t\t<span class=\"elementor-button-icon\">\n\t\t\t\t<svg aria-hidden=\"true\" class=\"e-font-icon-svg e-fas-ticket-alt\" viewBox=\"0 0 576 512\" xmlns=\"http:\/\/www.w3.org\/2000\/svg\"><path d=\"M128 160h320v192H128V160zm400 96c0 26.51 21.49 48 48 48v96c0 26.51-21.49 48-48 48H48c-26.51 0-48-21.49-48-48v-96c26.51 0 48-21.49 48-48s-21.49-48-48-48v-96c0-26.51 21.49-48 48-48h480c26.51 0 48 21.49 48 48v96c-26.51 0-48 21.49-48 48zm-48-104c0-13.255-10.745-24-24-24H120c-13.255 0-24 10.745-24 24v208c0 13.255 10.745 24 24 24h336c13.255 0 24-10.745 24-24V152z\"><\/path><\/svg>\t\t\t<\/span>\n\t\t\t\t\t\t\t\t\t<span class=\"elementor-button-text\">Eintrittskarten kaufen<\/span>\n\t\t\t\t\t<\/span>\n\t\t\t\t\t<\/a>\n\t\t\t\t<\/div>\n\t\t\t\t\t\t\t\t<\/div>\n\t\t\t\t<\/div>\n\t\t\t\t\t<\/div>\n\t\t\t\t<\/div>\n\t\t<div data-dce-background-overlay-image-url=\"https:\/\/cuevadenerja.es\/wp-content\/uploads\/2023\/06\/Conservar-la-cueva.jpg\" class=\"elementor-element elementor-element-8d590a1 e-flex e-con-boxed e-con e-parent\" data-id=\"8d590a1\" data-element_type=\"container\" data-e-type=\"container\" data-settings=\"{&quot;background_background&quot;:&quot;classic&quot;}\">\n\t\t\t\t\t<div class=\"e-con-inner\">\n\t\t<div class=\"elementor-element elementor-element-42649b5 e-con-full e-flex e-con e-child\" data-id=\"42649b5\" data-element_type=\"container\" data-e-type=\"container\">\n\t\t\t\t<div class=\"elementor-element elementor-element-ba734ce elementor-widget elementor-widget-text-editor\" data-id=\"ba734ce\" data-element_type=\"widget\" data-e-type=\"widget\" data-widget_type=\"text-editor.default\">\n\t\t\t\t<div class=\"elementor-widget-container\">\n\t\t\t\t\t\t\t\t\t<p>H\u00f6hle von Nerja<\/p>\t\t\t\t\t\t\t\t<\/div>\n\t\t\t\t<\/div>\n\t\t\t\t<div class=\"elementor-element elementor-element-3a05498 elementor-widget elementor-widget-heading\" data-id=\"3a05498\" data-element_type=\"widget\" data-e-type=\"widget\" data-widget_type=\"heading.default\">\n\t\t\t\t<div class=\"elementor-widget-container\">\n\t\t\t\t\t<h1 class=\"elementor-heading-title elementor-size-default\">Naturreichtum der H\u00f6hle von Nerja<\/h1>\t\t\t\t<\/div>\n\t\t\t\t<\/div>\n\t\t\t\t<div class=\"elementor-element elementor-element-cac1629 elementor-widget elementor-widget-text-editor\" data-id=\"cac1629\" data-element_type=\"widget\" data-e-type=\"widget\" data-widget_type=\"text-editor.default\">\n\t\t\t\t<div class=\"elementor-widget-container\">\n\t\t\t\t\t\t\t\t\t<p>Die nat\u00fcrlichen Reicht\u00fcmer der H\u00f6hle von Nerja finden sich sowohl im Inneren als auch im \u00c4u\u00dferen, in der umgebenden Umgebung.<\/p><p>Es ist ein geologisch bedeutender Ort und daher als St\u00e4tte von internationalem geologischen Interesse inventarisiert. Au\u00dferdem ist sie eine der gr\u00f6\u00dften H\u00f6hlen in Andalusien und liegt in einer privilegierten nat\u00fcrlichen Umgebung zwischen Meer und Gebirge.<\/p>\t\t\t\t\t\t\t\t<\/div>\n\t\t\t\t<\/div>\n\t\t\t\t<\/div>\n\t\t\t\t\t<\/div>\n\t\t\t\t<\/div>\n\t\t<div class=\"elementor-element elementor-element-7489ae2 e-con-full e-flex e-con e-parent\" data-id=\"7489ae2\" data-element_type=\"container\" data-e-type=\"container\" data-settings=\"{&quot;background_background&quot;:&quot;classic&quot;}\">\n\t\t<div class=\"elementor-element elementor-element-688abf6 e-con-full e-flex e-con e-child\" data-id=\"688abf6\" data-element_type=\"container\" data-e-type=\"container\" data-settings=\"{&quot;background_background&quot;:&quot;classic&quot;}\">\n\t\t\t\t<div class=\"elementor-element elementor-element-d0a01d9 elementor-widget elementor-widget-heading\" data-id=\"d0a01d9\" data-element_type=\"widget\" data-e-type=\"widget\" data-widget_type=\"heading.default\">\n\t\t\t\t<div class=\"elementor-widget-container\">\n\t\t\t\t\t<h2 class=\"elementor-heading-title elementor-size-default\">Nat\u00fcrliche Sch\u00f6nheit der H\u00f6hle von Nerja Nat\u00fcrliche Sch\u00f6nheit der H\u00f6hle von Nerja Nat\u00fcrliche Sch\u00f6nheit der H\u00f6hle von Nerja Nat\u00fcrliche Sch\u00f6nheit der H\u00f6hle von Nerja Nat\u00fcrliche Sch\u00f6nheit der H\u00f6hle von Nerja Nat\u00fcrliche Sch\u00f6nheit der H\u00f6hle von Nerja Nat\u00fcrliche Sch\u00f6nheit der H\u00f6hle von Nerja Nat\u00fcrliche Sch\u00f6nheit der H\u00f6hle von Nerja Nat\u00fcrliche Sch\u00f6nheit der H\u00f6hle von Nerja Nat\u00fcrliche Sch\u00f6nheit der H\u00f6hle von Nerja Nat\u00fcrliche Sch\u00f6nheit der H\u00f6hle von Nerja Nat\u00fcrliche Sch\u00f6nheit der H\u00f6hle von Nerja Nat\u00fcrliche Sch\u00f6nheit der H\u00f6hle von Nerja Nat\u00fcrliche Sch\u00f6nheit der H\u00f6hle von Nerja Nat\u00fcrliche Sch\u00f6nheit der H\u00f6hle von Nerja Nat\u00fcrliche Sch\u00f6nheit der H\u00f6hle von Nerja Nat\u00fcrliche Sch\u00f6nheit der H\u00f6hle von Nerja Nat\u00fcrliche Sch\u00f6nheit der H\u00f6hle von Nerja Nat\u00fcrliche Sch\u00f6nheit der H\u00f6hle von Nerja Nat\u00fcrliche Sch\u00f6nheit der H\u00f6hle von Nerja Nat\u00fcrliche Sch\u00f6nheit der H\u00f6hle von Nerja Nat\u00fcrliche Sch\u00f6nheit der H\u00f6hle von Nerja <\/h2>\t\t\t\t<\/div>\n\t\t\t\t<\/div>\n\t\t\t\t<\/div>\n\t\t\t\t<\/div>\n\t\t<div class=\"elementor-element elementor-element-da5c1d6 e-flex e-con-boxed e-con e-parent\" data-id=\"da5c1d6\" data-element_type=\"container\" data-e-type=\"container\" data-settings=\"{&quot;background_background&quot;:&quot;classic&quot;}\">\n\t\t\t\t\t<div class=\"e-con-inner\">\n\t\t<div class=\"elementor-element elementor-element-7a71e63 e-con-full e-flex e-con e-child\" data-id=\"7a71e63\" data-element_type=\"container\" data-e-type=\"container\">\n\t\t\t\t<div class=\"elementor-element elementor-element-b14bfe2 elementor-widget elementor-widget-text-editor\" data-id=\"b14bfe2\" data-element_type=\"widget\" data-e-type=\"widget\" data-widget_type=\"text-editor.default\">\n\t\t\t\t<div class=\"elementor-widget-container\">\n\t\t\t\t\t\t\t\t\t<h3><span style=\"color: #b7916c;\"><strong>Naturreichtum im Inneren der H\u00f6hle von Nerja<\/strong><\/span><\/h3><p>Die H\u00f6hle, die sich horizontal erstreckt, ist etwa 750 Meter lang, gemessen entlang ihrer l\u00e4ngsten Achse, und weist einen H\u00f6henunterschied von etwa 68 Metern auf, 37 Meter \u00fcber dem Bezugsniveau, das sich auf dem Boden des Eingangs befindet, und 31 Meter darunter.<\/p><p>Mit 4.823 Metern ist sie eine der H\u00f6hlen mit der gr\u00f6\u00dften topografischen Entwicklung in Andalusien. Ihre gro\u00dfen S\u00e4le und Galerien nehmen ein Volumen von etwa 300.000 m3 und eine Fl\u00e4che von 35.000 m2 ein.<\/p><p>In der H\u00f6hle unterscheidet man zwei Bereiche:<\/p><ul><li>Bereich f\u00fcr den Tourismus oder Touristengalerien (106.285 m3 Volumen und 9.371 m2 Fl\u00e4che).<\/li><li>Nicht zug\u00e4nglicher und nicht besuchbarer Bereich, der die sogenannten Hochgalerien und Neuen Galerien umfasst.<\/li><\/ul><p>Die Touristengalerien umfassen die besuchbaren S\u00e4le Vest\u00edbulo, Bel\u00e9n, Cascada o Ballet, Fantasmas und Cataclismo sowie andere f\u00fcr die \u00d6ffentlichkeit nicht zug\u00e4ngliche R\u00e4ume wie die S\u00e4le Oficina oder del Oso, Mina und Torca.<\/p><p>Die touristische Route hat eine Gesamtl\u00e4nge von 546 Metern. Dar\u00fcber hinaus passiert der Besucher auf dieser Strecke insgesamt 458 Treppenstufen, wobei 159 Stufen nach oben und die restlichen 299 Stufen nach unten f\u00fchren.<\/p><p>Die S\u00e4le Columnas de H\u00e9rcules und Inmensidad bilden die Hochgalerien. Die Neuen Galerien umfassen die Sala de la Lanza, die spektakul\u00e4re Galer\u00eda de los Niveles und die Sala de la Monta\u00f1a. Letztere verbindet sich mit einer nahegelegenen kleinen H\u00f6hle namens Cueva Pintada.<\/p><p>Die Verbindung Cueva Pintada-Monta\u00f1a wurde durch Ventilationsstudien nachgewiesen, jedoch wurde keine begehbare Verbindung f\u00fcr Personen gefunden. Die nicht touristischen Bereiche sind aus konservatorischen Gr\u00fcnden f\u00fcr die \u00d6ffentlichkeit gesperrt.<\/p><h3><span style=\"color: #b7916c;\"><strong>Die geologische Formation der H\u00f6hle von Nerja<\/strong><\/span><\/h3><p>Die Entstehung der H\u00f6hle von Nerja ist auf einen geologischen Prozess namens Karstifizierung zur\u00fcckzuf\u00fchren: Regenwasser l\u00f6st Kohlendioxid (CO2) aus dem Boden und der Atmosph\u00e4re und wird so zu einem &#8222;sauerstoffreichen, aggressiven&#8220; Wasser, das Gesteine aufl\u00f6st, w\u00e4hrend es durch ihre Risse und Br\u00fcche eindringt.<\/p><p>Es wird gesch\u00e4tzt, dass die Infiltration und Zirkulation des Regenwassers durch die Risse und Br\u00fcche der Marmore der Sierra Almijara vor mehr als f\u00fcnf Millionen Jahren begann.<\/p><p>Mit fortschreitender Aufl\u00f6sung entsteht eine gro\u00dfe H\u00f6hle, in der verschiedene geologische Formationen entstehen, die sogenannten Spel\u00e4otheme.<\/p><h3><span style=\"color: #b7916c;\"><strong>Die Spel\u00e4otheme der H\u00f6hle von Nerja<\/strong><\/span><\/h3><p>Nachdem es den Weg durch das Gesteinsmassiv zur\u00fcckgelegt hat, gelangt das Wasser in die H\u00f6hle. Dann erfolgt die Entgasung &#8211; es verliert seinen Kohlendioxidgehalt &#8211; und\/oder verdunstet, wodurch die Mineralien, die es gel\u00f6st mit sich f\u00fchrt, ausfallen und Spel\u00e4otheme wie Stalaktiten oder Stalagmiten entstehen.<\/p><p>Neben diesen gibt es viele verschiedene Arten und Untertypen, je nach Erscheinungsbild und Herkunft. So finden sich in der H\u00f6hle: Stalaktiten, Stalagmiten, Anti-Stalagmiten, Folia, Korallent\u00fcrme, S\u00e4ulen, Gours, Macarrones, Pinienzapfen, N\u00e4gel, Blumenkohlen, Flaggen, Wolken&#8230;<\/p><p>Die H\u00f6hle von Nerja kann als echtes Spel\u00e4othem-Museum betrachtet werden, und tats\u00e4chlich ist die F\u00fclle, Vielfalt, spektakul\u00e4re Sch\u00f6nheit und wissenschaftliche Bedeutung der darin enthaltenen Formationen eines ihrer geologischen Merkmale und stellt einen gro\u00dfen nat\u00fcrlichen Reichtum dar.<\/p><p>Neben der &#8222;Verzierung&#8220; der H\u00f6hlen enthalten diese Formationen eine Vielzahl von Informationen, die es zum Beispiel erm\u00f6glichen, das Klima vergangener Zeiten zu rekonstruieren oder die Erdbeben zu kennen, die vor Hunderten oder Tausenden von Jahren stattgefunden haben.<\/p>\t\t\t\t\t\t\t\t<\/div>\n\t\t\t\t<\/div>\n\t\t<div class=\"elementor-element elementor-element-1ea12ba e-grid e-con-boxed e-con e-child\" data-id=\"1ea12ba\" data-element_type=\"container\" data-e-type=\"container\">\n\t\t\t\t\t<div class=\"e-con-inner\">\n\t\t\t\t<div class=\"elementor-element elementor-element-f75c7ab elementor-widget elementor-widget-image\" data-id=\"f75c7ab\" data-element_type=\"widget\" data-e-type=\"widget\" data-widget_type=\"image.default\">\n\t\t\t\t<div class=\"elementor-widget-container\">\n\t\t\t\t\t\t\t\t\t\t\t\t\t\t\t<img fetchpriority=\"high\" decoding=\"async\" width=\"1024\" height=\"683\" src=\"https:\/\/cuevadenerja.es\/wp-content\/uploads\/2023\/10\/G3-1024x683.jpg\" class=\"attachment-large size-large wp-image-17628\" alt=\"\" srcset=\"https:\/\/cuevadenerja.es\/wp-content\/uploads\/2023\/10\/G3-1024x683.jpg 1024w, https:\/\/cuevadenerja.es\/wp-content\/uploads\/2023\/10\/G3-300x200.jpg 300w, https:\/\/cuevadenerja.es\/wp-content\/uploads\/2023\/10\/G3-768x512.jpg 768w, https:\/\/cuevadenerja.es\/wp-content\/uploads\/2023\/10\/G3-1536x1024.jpg 1536w, https:\/\/cuevadenerja.es\/wp-content\/uploads\/2023\/10\/G3.jpg 1800w\" sizes=\"(max-width: 1024px) 100vw, 1024px\" \/>\t\t\t\t\t\t\t\t\t\t\t\t\t\t\t<\/div>\n\t\t\t\t<\/div>\n\t\t\t\t<div class=\"elementor-element elementor-element-eaff720 elementor-widget elementor-widget-image\" data-id=\"eaff720\" data-element_type=\"widget\" data-e-type=\"widget\" data-widget_type=\"image.default\">\n\t\t\t\t<div class=\"elementor-widget-container\">\n\t\t\t\t\t\t\t\t\t\t\t\t\t\t\t<img decoding=\"async\" width=\"1024\" height=\"683\" src=\"https:\/\/cuevadenerja.es\/wp-content\/uploads\/2023\/10\/G4-1024x683.jpg\" class=\"attachment-large size-large wp-image-17629\" alt=\"\" srcset=\"https:\/\/cuevadenerja.es\/wp-content\/uploads\/2023\/10\/G4-1024x683.jpg 1024w, https:\/\/cuevadenerja.es\/wp-content\/uploads\/2023\/10\/G4-300x200.jpg 300w, https:\/\/cuevadenerja.es\/wp-content\/uploads\/2023\/10\/G4-768x512.jpg 768w, https:\/\/cuevadenerja.es\/wp-content\/uploads\/2023\/10\/G4-1536x1024.jpg 1536w, https:\/\/cuevadenerja.es\/wp-content\/uploads\/2023\/10\/G4.jpg 1800w\" sizes=\"(max-width: 1024px) 100vw, 1024px\" \/>\t\t\t\t\t\t\t\t\t\t\t\t\t\t\t<\/div>\n\t\t\t\t<\/div>\n\t\t\t\t\t<\/div>\n\t\t\t\t<\/div>\n\t\t\t\t<\/div>\n\t\t\t\t\t<\/div>\n\t\t\t\t<\/div>\n\t\t\t\t<\/div>\n\t\t","protected":false},"excerpt":{"rendered":"<p>Dein Online-Ticket zum besten Preis und vermeide Warteschlangen Eintrittskarten kaufen H\u00f6hle von Nerja Naturreichtum der H\u00f6hle von Nerja Die nat\u00fcrlichen Reicht\u00fcmer der H\u00f6hle von Nerja finden sich sowohl im Inneren als auch im \u00c4u\u00dferen, in der umgebenden Umgebung. Es ist ein geologisch bedeutender Ort und daher als St\u00e4tte von internationalem geologischen Interesse inventarisiert. Au\u00dferdem ist [&hellip;]<\/p>\n","protected":false},"author":1,"featured_media":0,"parent":17061,"menu_order":2,"comment_status":"closed","ping_status":"closed","template":"","meta":{"inline_featured_image":false,"site-sidebar-layout":"no-sidebar","site-content-layout":"page-builder","ast-site-content-layout":"full-width-container","site-content-style":"default","site-sidebar-style":"default","ast-global-header-display":"","ast-banner-title-visibility":"","ast-main-header-display":"","ast-hfb-above-header-display":"","ast-hfb-below-header-display":"","ast-hfb-mobile-header-display":"","site-post-title":"disabled","ast-breadcrumbs-content":"","ast-featured-img":"disabled","footer-sml-layout":"","ast-disable-related-posts":"","theme-transparent-header-meta":"default","adv-header-id-meta":"","stick-header-meta":"default","header-above-stick-meta":"","header-main-stick-meta":"","header-below-stick-meta":"","astra-migrate-meta-layouts":"set","ast-page-background-enabled":"default","ast-page-background-meta":{"desktop":{"background-color":"var(--ast-global-color-4)","background-image":"","background-repeat":"repeat","background-position":"center center","background-size":"auto","background-attachment":"scroll","background-type":"","background-media":"","overlay-type":"","overlay-color":"","overlay-opacity":"","overlay-gradient":""},"tablet":{"background-color":"","background-image":"","background-repeat":"repeat","background-position":"center center","background-size":"auto","background-attachment":"scroll","background-type":"","background-media":"","overlay-type":"","overlay-color":"","overlay-opacity":"","overlay-gradient":""},"mobile":{"background-color":"","background-image":"","background-repeat":"repeat","background-position":"center center","background-size":"auto","background-attachment":"scroll","background-type":"","background-media":"","overlay-type":"","overlay-color":"","overlay-opacity":"","overlay-gradient":""}},"ast-content-background-meta":{"desktop":{"background-color":"var(--ast-global-color-5)","background-image":"","background-repeat":"repeat","background-position":"center center","background-size":"auto","background-attachment":"scroll","background-type":"","background-media":"","overlay-type":"","overlay-color":"","overlay-opacity":"","overlay-gradient":""},"tablet":{"background-color":"var(--ast-global-color-5)","background-image":"","background-repeat":"repeat","background-position":"center center","background-size":"auto","background-attachment":"scroll","background-type":"","background-media":"","overlay-type":"","overlay-color":"","overlay-opacity":"","overlay-gradient":""},"mobile":{"background-color":"var(--ast-global-color-5)","background-image":"","background-repeat":"repeat","background-position":"center center","background-size":"auto","background-attachment":"scroll","background-type":"","background-media":"","overlay-type":"","overlay-color":"","overlay-opacity":"","overlay-gradient":""}},"footnotes":""},"class_list":["post-17133","page","type-page","status-publish","hentry"],"_links":{"self":[{"href":"https:\/\/cuevadenerja.es\/de\/wp-json\/wp\/v2\/pages\/17133","targetHints":{"allow":["GET"]}}],"collection":[{"href":"https:\/\/cuevadenerja.es\/de\/wp-json\/wp\/v2\/pages"}],"about":[{"href":"https:\/\/cuevadenerja.es\/de\/wp-json\/wp\/v2\/types\/page"}],"author":[{"embeddable":true,"href":"https:\/\/cuevadenerja.es\/de\/wp-json\/wp\/v2\/users\/1"}],"replies":[{"embeddable":true,"href":"https:\/\/cuevadenerja.es\/de\/wp-json\/wp\/v2\/comments?post=17133"}],"version-history":[{"count":0,"href":"https:\/\/cuevadenerja.es\/de\/wp-json\/wp\/v2\/pages\/17133\/revisions"}],"up":[{"embeddable":true,"href":"https:\/\/cuevadenerja.es\/de\/wp-json\/wp\/v2\/pages\/17061"}],"wp:attachment":[{"href":"https:\/\/cuevadenerja.es\/de\/wp-json\/wp\/v2\/media?parent=17133"}],"curies":[{"name":"wp","href":"https:\/\/api.w.org\/{rel}","templated":true}]}}