{"id":17122,"date":"2023-10-23T13:29:03","date_gmt":"2023-10-23T11:29:03","guid":{"rendered":"https:\/\/cuevadenerja.es\/?page_id=17122"},"modified":"2024-02-20T19:08:19","modified_gmt":"2024-02-20T18:08:19","slug":"entdeckung","status":"publish","type":"page","link":"https:\/\/cuevadenerja.es\/de\/hohle\/entdeckung\/","title":{"rendered":"Entdeckung"},"content":{"rendered":"\t\t<div data-elementor-type=\"wp-page\" data-elementor-id=\"17122\" class=\"elementor elementor-17122 elementor-12453\" data-elementor-post-type=\"page\">\n\t\t\t\t<div class=\"elementor-element elementor-element-9dee57f e-flex e-con-boxed e-con e-parent\" data-id=\"9dee57f\" data-element_type=\"container\" data-e-type=\"container\" data-settings=\"{&quot;background_background&quot;:&quot;classic&quot;}\">\n\t\t\t\t\t<div class=\"e-con-inner\">\n\t\t\t\t<div class=\"elementor-element elementor-element-7f96e19 elementor-widget elementor-widget-text-editor\" data-id=\"7f96e19\" data-element_type=\"widget\" data-e-type=\"widget\" data-widget_type=\"text-editor.default\">\n\t\t\t\t<div class=\"elementor-widget-container\">\n\t\t\t\t\t\t\t\t\t<p>Dein Online-Ticket zum <strong>besten Preis<\/strong> und vermeide <strong>Warteschlangen<\/strong><\/p>\t\t\t\t\t\t\t\t<\/div>\n\t\t\t\t<\/div>\n\t\t\t\t<div class=\"elementor-element elementor-element-51bbcf6 elementor-widget elementor-widget-button\" data-id=\"51bbcf6\" data-element_type=\"widget\" data-e-type=\"widget\" data-widget_type=\"button.default\">\n\t\t\t\t<div class=\"elementor-widget-container\">\n\t\t\t\t\t\t\t\t\t<div class=\"elementor-button-wrapper\">\n\t\t\t\t\t<a class=\"elementor-button elementor-button-link elementor-size-sm\" href=\"https:\/\/entradas.cuevadenerja.es\/\" target=\"_blank\">\n\t\t\t\t\t\t<span class=\"elementor-button-content-wrapper\">\n\t\t\t\t\t\t<span class=\"elementor-button-icon\">\n\t\t\t\t<svg aria-hidden=\"true\" class=\"e-font-icon-svg e-fas-ticket-alt\" viewBox=\"0 0 576 512\" xmlns=\"http:\/\/www.w3.org\/2000\/svg\"><path d=\"M128 160h320v192H128V160zm400 96c0 26.51 21.49 48 48 48v96c0 26.51-21.49 48-48 48H48c-26.51 0-48-21.49-48-48v-96c26.51 0 48-21.49 48-48s-21.49-48-48-48v-96c0-26.51 21.49-48 48-48h480c26.51 0 48 21.49 48 48v96c-26.51 0-48 21.49-48 48zm-48-104c0-13.255-10.745-24-24-24H120c-13.255 0-24 10.745-24 24v208c0 13.255 10.745 24 24 24h336c13.255 0 24-10.745 24-24V152z\"><\/path><\/svg>\t\t\t<\/span>\n\t\t\t\t\t\t\t\t\t<span class=\"elementor-button-text\">Eintrittskarten kaufen<\/span>\n\t\t\t\t\t<\/span>\n\t\t\t\t\t<\/a>\n\t\t\t\t<\/div>\n\t\t\t\t\t\t\t\t<\/div>\n\t\t\t\t<\/div>\n\t\t\t\t\t<\/div>\n\t\t\t\t<\/div>\n\t\t<div data-dce-background-overlay-image-url=\"https:\/\/cuevadenerja.es\/wp-content\/uploads\/2024\/01\/Descubridores1959.jpg\" class=\"elementor-element elementor-element-e3ae1ff e-flex e-con-boxed e-con e-parent\" data-id=\"e3ae1ff\" data-element_type=\"container\" data-e-type=\"container\" data-settings=\"{&quot;background_background&quot;:&quot;classic&quot;}\">\n\t\t\t\t\t<div class=\"e-con-inner\">\n\t\t<div class=\"elementor-element elementor-element-6308ddb e-con-full e-flex e-con e-child\" data-id=\"6308ddb\" data-element_type=\"container\" data-e-type=\"container\">\n\t\t\t\t<div class=\"elementor-element elementor-element-a7503c4 elementor-widget elementor-widget-text-editor\" data-id=\"a7503c4\" data-element_type=\"widget\" data-e-type=\"widget\" data-widget_type=\"text-editor.default\">\n\t\t\t\t<div class=\"elementor-widget-container\">\n\t\t\t\t\t\t\t\t\t<p>H\u00f6hle von Nerja<\/p>\t\t\t\t\t\t\t\t<\/div>\n\t\t\t\t<\/div>\n\t\t\t\t<div class=\"elementor-element elementor-element-26c271c elementor-widget elementor-widget-heading\" data-id=\"26c271c\" data-element_type=\"widget\" data-e-type=\"widget\" data-widget_type=\"heading.default\">\n\t\t\t\t<div class=\"elementor-widget-container\">\n\t\t\t\t\t<h1 class=\"elementor-heading-title elementor-size-default\">Entdeckung der H\u00f6hle von Nerja<\/h1>\t\t\t\t<\/div>\n\t\t\t\t<\/div>\n\t\t\t\t<div class=\"elementor-element elementor-element-483f1d9 elementor-widget elementor-widget-text-editor\" data-id=\"483f1d9\" data-element_type=\"widget\" data-e-type=\"widget\" data-widget_type=\"text-editor.default\">\n\t\t\t\t<div class=\"elementor-widget-container\">\n\t\t\t\t\t\t\t\t\t<p>Die Entdeckung der <strong>H\u00f6hle von Nerja<\/strong> ver\u00e4nderte die Geschichte des Tourismus in Spanien und war ein weiterer Anreiz f\u00fcr die <strong>Costa del Sol<\/strong>, die bereits in den <strong>1960er Jahren<\/strong> zu einem der bevorzugten <strong>Urlaubsorte<\/strong> sowohl f\u00fcr das nationale als auch f\u00fcr das internationale Publikum wurde.<\/p>\t\t\t\t\t\t\t\t<\/div>\n\t\t\t\t<\/div>\n\t\t\t\t<\/div>\n\t\t\t\t\t<\/div>\n\t\t\t\t<\/div>\n\t\t<div class=\"elementor-element elementor-element-39b0335 e-con-full e-flex e-con e-parent\" data-id=\"39b0335\" data-element_type=\"container\" data-e-type=\"container\" data-settings=\"{&quot;background_background&quot;:&quot;classic&quot;}\">\n\t\t<div class=\"elementor-element elementor-element-cacc481 e-con-full e-flex e-con e-child\" data-id=\"cacc481\" data-element_type=\"container\" data-e-type=\"container\" data-settings=\"{&quot;background_background&quot;:&quot;classic&quot;}\">\n\t\t\t\t<div class=\"elementor-element elementor-element-ac7122b elementor-widget elementor-widget-heading\" data-id=\"ac7122b\" data-element_type=\"widget\" data-e-type=\"widget\" data-widget_type=\"heading.default\">\n\t\t\t\t<div class=\"elementor-widget-container\">\n\t\t\t\t\t<h2 class=\"elementor-heading-title elementor-size-default\">Entdeckung der H\u00f6hle von Nerja Entdeckung der H\u00f6hle von Nerja Entdeckung der H\u00f6hle von Nerja Entdeckung der H\u00f6hle von Nerja Entdeckung der H\u00f6hle von Nerja Entdeckung der H\u00f6hle von Nerja Entdeckung der H\u00f6hle von Nerja Entdeckung der H\u00f6hle von Nerja Entdeckung der H\u00f6hle von Nerja Entdeckung der H\u00f6hle von Nerja Entdeckung der H\u00f6hle von Nerja Entdeckung der H\u00f6hle von Nerja Entdeckung der H\u00f6hle von Nerja Entdeckung der H\u00f6hle von Nerja Entdeckung der H\u00f6hle von Nerja Entdeckung der H\u00f6hle von Nerja Entdeckung der H\u00f6hle von Nerja Entdeckung der H\u00f6hle von Nerja Entdeckung der H\u00f6hle von Nerja Entdeckung der H\u00f6hle von Nerja Entdeckung der H\u00f6hle von Nerja Entdeckung der H\u00f6hle von Nerja Entdeckung der H\u00f6hle von Nerja Entdeckung der H\u00f6hle von Nerja Entdeckung der H\u00f6hle von Nerja Entdeckung der H\u00f6hle von Nerja Entdeckung der H\u00f6hle von Nerja Entdeckung der H\u00f6hle von Nerja <\/h2>\t\t\t\t<\/div>\n\t\t\t\t<\/div>\n\t\t\t\t<\/div>\n\t\t\t\t<\/div>\n\t\t<div class=\"elementor-element elementor-element-4208341 e-flex e-con-boxed e-con e-parent\" data-id=\"4208341\" data-element_type=\"container\" data-e-type=\"container\" data-settings=\"{&quot;background_background&quot;:&quot;classic&quot;}\">\n\t\t\t\t\t<div class=\"e-con-inner\">\n\t\t<div class=\"elementor-element elementor-element-5e2ff63 e-con-full e-flex e-con e-child\" data-id=\"5e2ff63\" data-element_type=\"container\" data-e-type=\"container\">\n\t\t\t\t<div class=\"elementor-element elementor-element-71369e3 elementor-widget elementor-widget-text-editor\" data-id=\"71369e3\" data-element_type=\"widget\" data-e-type=\"widget\" data-widget_type=\"text-editor.default\">\n\t\t\t\t<div class=\"elementor-widget-container\">\n\t\t\t\t\t\t\t\t\t<h3><span style=\"color: #b7916c;\"><strong>Entdeckung der H\u00f6hle von Nerja im Jahr 1959<\/strong><\/span><\/h3><p>Die H\u00f6hle von Nerja wurde am 12. Januar 1959 von 5 Jungen entdeckt: Jos\u00e9 Luis Barbero, den Br\u00fcdern Manuel und Miguel Mu\u00f1oz, Francisco Navas und Jos\u00e9 Torres.<\/p><p>Sie besuchten regelm\u00e4\u00dfig eine kleine H\u00f6hle, die als &#8222;Las Minas del Cementerio&#8220; bekannt war, aber an diesem Tag beschlossen sie, durch eine enge \u00d6ffnung zu gehen, durch die die Flederm\u00e4use hineinflogen. Von dort aus gelangten sie in einen gro\u00dfen Raum &#8211; heute bekannt als Saal des Wasserfalls oder des Balletts &#8211; und setzten ihren Weg fort bis zum heute als Saal der Gespenster bekannten Bereich.<\/p><p>In diesem letzten Bereich fanden sie 2 Skelette auf dem Boden, was sie glauben lie\u00df, dass es sich um andere Entdecker handelte, die wie sie hineingegangen waren und es nicht geschafft hatten, herauszukommen. Deshalb beschlossen sie, den zur\u00fcckgelegten Weg r\u00fcckg\u00e4ngig zu machen und an die Oberfl\u00e4che zu gelangen.<\/p><p>Sie teilten ihre Entdeckung zwei ihrer Lehrer mit: Carlos Saura und Manoli Mora, die sie einige Tage sp\u00e4ter zur H\u00f6hle begleiteten und die Entdeckung best\u00e4tigten.<\/p><p>Das Abenteuer der H\u00f6hle von Nerja begann in der modernen Zeit&#8230;<\/p><p>Drei Monate nach ihrer Entdeckung, am 19. April, fotografierte der Fotograf aus Nerja, Jos\u00e9 Padial, die H\u00f6hle, und diese Bilder wurden noch im selben Monat in der Zeitung Diario Sur de M\u00e1laga ver\u00f6ffentlicht und machten die H\u00f6hle von Nerja der Welt bekannt.<\/p><p>Am 17. November desselben Jahres entdeckte Francisco Navas die oberen Galerien der H\u00f6hle von Nerja, und 10 Jahre sp\u00e4ter wurden die neuen Galerien gefunden, dank der systematischen Spel\u00e4ologieerkundungen in der H\u00f6hle, die von der H\u00f6hlenabteilung des Arch\u00e4ologischen Provinzmuseums von M\u00e1laga durchgef\u00fchrt wurden. Beide Bereiche k\u00f6nnen aus konservatorischen und zug\u00e4nglichen Gr\u00fcnden nicht besichtigt werden.<\/p><h3><span style=\"color: #b7916c;\"><strong>Touristische Erschlie\u00dfung nach der Entdeckung der H\u00f6hle von Nerja<\/strong><\/span><\/h3><p>Die touristische Erschlie\u00dfung der H\u00f6hle von Nerja begann im September 1959, acht Monate nach ihrer Entdeckung. Ziel war es, einen Zugang zu schaffen, der besser zug\u00e4nglich war als die kleine \u00d6ffnung, die von den Entdeckern genutzt wurde. Die heutige H\u00f6hlen\u00f6ffnung wurde geschaffen.<\/p><p>Dar\u00fcber hinaus wurden die verschiedenen H\u00f6henunterschiede innerhalb der H\u00f6hle durch den Bau verschiedener Treppen \u00fcberwunden.<\/p><h3><span style=\"color: #b7916c;\"><strong>Er\u00f6ffnung der H\u00f6hle von Nerja<\/strong><\/span><\/h3><p>Am 12. Juni 1960 wurde die H\u00f6hle von Nerja offiziell er\u00f6ffnet. Nach Abschluss der Arbeiten zur touristischen Nutzung, 1 Jahr und 5 Monate nach ihrer Entdeckung.<\/p><p>Bei dieser Er\u00f6ffnungszeremonie trat das Ballett Le Tour de Paris im Saal des Wasserfalls auf. Dieser Auftritt f\u00fchrte sp\u00e4ter zur Gr\u00fcndung des Musikfestivals H\u00f6hle von Nerja, das bis heute besteht.<\/p><p>Die Entdeckung der H\u00f6hle von Nerja ver\u00e4nderte das Leben in der Stadt f\u00fcr immer. Nerja h\u00f6rte auf, ein Dorf zu sein, das sich der Landwirtschaft und Fischerei widmete, und entwickelte sich allm\u00e4hlich zu einer touristisch sehr gesch\u00e4tzten Gegend.<\/p>\t\t\t\t\t\t\t\t<\/div>\n\t\t\t\t<\/div>\n\t\t<div class=\"elementor-element elementor-element-10ff2a5 e-grid e-con-boxed e-con e-child\" data-id=\"10ff2a5\" data-element_type=\"container\" data-e-type=\"container\">\n\t\t\t\t\t<div class=\"e-con-inner\">\n\t\t\t\t<div class=\"elementor-element elementor-element-6200871 elementor-widget elementor-widget-image\" data-id=\"6200871\" data-element_type=\"widget\" data-e-type=\"widget\" data-widget_type=\"image.default\">\n\t\t\t\t<div class=\"elementor-widget-container\">\n\t\t\t\t\t\t\t\t\t\t\t\t\t\t\t<img fetchpriority=\"high\" decoding=\"async\" width=\"770\" height=\"480\" src=\"https:\/\/cuevadenerja.es\/wp-content\/uploads\/2024\/01\/Descubridores1959.jpg\" class=\"attachment-large size-large wp-image-17125\" alt=\"\" srcset=\"https:\/\/cuevadenerja.es\/wp-content\/uploads\/2024\/01\/Descubridores1959.jpg 770w, https:\/\/cuevadenerja.es\/wp-content\/uploads\/2024\/01\/Descubridores1959-300x187.jpg 300w, https:\/\/cuevadenerja.es\/wp-content\/uploads\/2024\/01\/Descubridores1959-768x479.jpg 768w\" sizes=\"(max-width: 770px) 100vw, 770px\" \/>\t\t\t\t\t\t\t\t\t\t\t\t\t\t\t<\/div>\n\t\t\t\t<\/div>\n\t\t\t\t<div class=\"elementor-element elementor-element-31ab340 elementor-widget elementor-widget-image\" data-id=\"31ab340\" data-element_type=\"widget\" data-e-type=\"widget\" data-widget_type=\"image.default\">\n\t\t\t\t<div class=\"elementor-widget-container\">\n\t\t\t\t\t\t\t\t\t\t\t\t\t\t\t<img decoding=\"async\" width=\"770\" height=\"480\" src=\"https:\/\/cuevadenerja.es\/wp-content\/uploads\/2023\/11\/entrada-cueva-antigua.jpg\" class=\"attachment-large size-large wp-image-17123\" alt=\"\" srcset=\"https:\/\/cuevadenerja.es\/wp-content\/uploads\/2023\/11\/entrada-cueva-antigua.jpg 770w, https:\/\/cuevadenerja.es\/wp-content\/uploads\/2023\/11\/entrada-cueva-antigua-300x187.jpg 300w, https:\/\/cuevadenerja.es\/wp-content\/uploads\/2023\/11\/entrada-cueva-antigua-768x479.jpg 768w\" sizes=\"(max-width: 770px) 100vw, 770px\" \/>\t\t\t\t\t\t\t\t\t\t\t\t\t\t\t<\/div>\n\t\t\t\t<\/div>\n\t\t\t\t\t<\/div>\n\t\t\t\t<\/div>\n\t\t\t\t<\/div>\n\t\t\t\t\t<\/div>\n\t\t\t\t<\/div>\n\t\t\t\t<\/div>\n\t\t","protected":false},"excerpt":{"rendered":"<p>Dein Online-Ticket zum besten Preis und vermeide Warteschlangen Eintrittskarten kaufen H\u00f6hle von Nerja Entdeckung der H\u00f6hle von Nerja Die Entdeckung der H\u00f6hle von Nerja ver\u00e4nderte die Geschichte des Tourismus in Spanien und war ein weiterer Anreiz f\u00fcr die Costa del Sol, die bereits in den 1960er Jahren zu einem der bevorzugten Urlaubsorte sowohl f\u00fcr das [&hellip;]<\/p>\n","protected":false},"author":1,"featured_media":0,"parent":17061,"menu_order":1,"comment_status":"closed","ping_status":"closed","template":"","meta":{"inline_featured_image":false,"site-sidebar-layout":"no-sidebar","site-content-layout":"page-builder","ast-site-content-layout":"full-width-container","site-content-style":"default","site-sidebar-style":"default","ast-global-header-display":"","ast-banner-title-visibility":"","ast-main-header-display":"","ast-hfb-above-header-display":"","ast-hfb-below-header-display":"","ast-hfb-mobile-header-display":"","site-post-title":"disabled","ast-breadcrumbs-content":"","ast-featured-img":"disabled","footer-sml-layout":"","ast-disable-related-posts":"","theme-transparent-header-meta":"default","adv-header-id-meta":"","stick-header-meta":"default","header-above-stick-meta":"","header-main-stick-meta":"","header-below-stick-meta":"","astra-migrate-meta-layouts":"set","ast-page-background-enabled":"default","ast-page-background-meta":{"desktop":{"background-color":"var(--ast-global-color-4)","background-image":"","background-repeat":"repeat","background-position":"center center","background-size":"auto","background-attachment":"scroll","background-type":"","background-media":"","overlay-type":"","overlay-color":"","overlay-opacity":"","overlay-gradient":""},"tablet":{"background-color":"","background-image":"","background-repeat":"repeat","background-position":"center center","background-size":"auto","background-attachment":"scroll","background-type":"","background-media":"","overlay-type":"","overlay-color":"","overlay-opacity":"","overlay-gradient":""},"mobile":{"background-color":"","background-image":"","background-repeat":"repeat","background-position":"center center","background-size":"auto","background-attachment":"scroll","background-type":"","background-media":"","overlay-type":"","overlay-color":"","overlay-opacity":"","overlay-gradient":""}},"ast-content-background-meta":{"desktop":{"background-color":"var(--ast-global-color-5)","background-image":"","background-repeat":"repeat","background-position":"center center","background-size":"auto","background-attachment":"scroll","background-type":"","background-media":"","overlay-type":"","overlay-color":"","overlay-opacity":"","overlay-gradient":""},"tablet":{"background-color":"var(--ast-global-color-5)","background-image":"","background-repeat":"repeat","background-position":"center center","background-size":"auto","background-attachment":"scroll","background-type":"","background-media":"","overlay-type":"","overlay-color":"","overlay-opacity":"","overlay-gradient":""},"mobile":{"background-color":"var(--ast-global-color-5)","background-image":"","background-repeat":"repeat","background-position":"center center","background-size":"auto","background-attachment":"scroll","background-type":"","background-media":"","overlay-type":"","overlay-color":"","overlay-opacity":"","overlay-gradient":""}},"footnotes":""},"class_list":["post-17122","page","type-page","status-publish","hentry"],"_links":{"self":[{"href":"https:\/\/cuevadenerja.es\/de\/wp-json\/wp\/v2\/pages\/17122","targetHints":{"allow":["GET"]}}],"collection":[{"href":"https:\/\/cuevadenerja.es\/de\/wp-json\/wp\/v2\/pages"}],"about":[{"href":"https:\/\/cuevadenerja.es\/de\/wp-json\/wp\/v2\/types\/page"}],"author":[{"embeddable":true,"href":"https:\/\/cuevadenerja.es\/de\/wp-json\/wp\/v2\/users\/1"}],"replies":[{"embeddable":true,"href":"https:\/\/cuevadenerja.es\/de\/wp-json\/wp\/v2\/comments?post=17122"}],"version-history":[{"count":0,"href":"https:\/\/cuevadenerja.es\/de\/wp-json\/wp\/v2\/pages\/17122\/revisions"}],"up":[{"embeddable":true,"href":"https:\/\/cuevadenerja.es\/de\/wp-json\/wp\/v2\/pages\/17061"}],"wp:attachment":[{"href":"https:\/\/cuevadenerja.es\/de\/wp-json\/wp\/v2\/media?parent=17122"}],"curies":[{"name":"wp","href":"https:\/\/api.w.org\/{rel}","templated":true}]}}